{"id":7010,"date":"2025-04-15T09:51:41","date_gmt":"2025-04-15T09:51:41","guid":{"rendered":"https:\/\/xenonkungen.com\/product\/skyltbelysning-med-kabel\/"},"modified":"2026-03-04T16:54:36","modified_gmt":"2026-03-04T15:54:36","slug":"skiltbelysning-med-kabel","status":"publish","type":"product","link":"https:\/\/xenonkungen.com\/dk\/vare\/skiltbelysning-med-kabel\/","title":{"rendered":"Skiltebelysning med kabel"},"content":{"rendered":"<h1>Effektiv LED-belysning til nummerplade med integreret kabel<\/h1>\n<p>Denne LED-nummerpladelygte er designet til nem og direkte str\u00f8mtilslutning med en robust og l\u00e6kagesikker konstruktion, der sikrer langvarig brug.<\/p>\n<h2>Specifikationer:<\/h2>\n<ul>\n<li><span class=\"highlight\">J\u00e6vnstr\u00f8msforbindelse:<\/span> 1 meter kabel og stik til tilslutning af kombinationslamper i serie 100 og 150.<\/li>\n<li><span class=\"highlight\">Materiale:<\/span> Sort ABS-ramme for h\u00f8j holdbarhed.<\/li>\n<li><span class=\"highlight\">L\u00e6kageforseglet elektronik:<\/span> Beskyttelse mod vand og st\u00f8v.<\/li>\n<li><span class=\"highlight\">LED-teknologi:<\/span> Kraftig og energieffektiv belysning.<\/li>\n<\/ul>\n<h2>Funktioner:<\/h2>\n<ul>\n<li>Nem installation med direkte tilslutning til eksisterende kombinationslamper.<\/li>\n<li>Holdbart og langtidsholdbart design med beskyttelse mod vind og vejr.<\/li>\n<li>Forbedrer synligheden og sikkerheden af din nummerplade.<\/li>\n<li>Ideel til bilejere, der s\u00e6tter pris p\u00e5 kvalitet og enkelhed.<\/li>\n<\/ul>","protected":false},"excerpt":{"rendered":"<p>Effektiv LED Belysning f\u00f6r Registreringsskylt med Integrerad Kabel Denna LED belysning f\u00f6r registreringsskyltar \u00e4r designad f\u00f6r enkel och direkt str\u00f6manslutning, med en robust och l\u00e4ckagef\u00f6rseglad konstruktion som garanterar l\u00e5ngvarig anv\u00e4ndning. Specifikationer: Direkt Str\u00f6manslutning: 1 meter kabel och kontakt f\u00f6r anslutning till serie 100 och 150 kombinationslampor. Material: Svart ABS-sarg f\u00f6r h\u00f6g h\u00e5llbarhet. L\u00e4ckagef\u00f6rseglad Elektronik: Skydd [&hellip;]<\/p>","protected":false},"featured_media":7011,"comment_status":"closed","ping_status":"open","template":"","meta":{"_acf_changed":false,"_smort_price_nok":"299","_smort_price_dkk":"190","_smort_price_eur":"25.45","_smort_sale_price_nok":"","_smort_sale_price_dkk":"","_smort_sale_price_eur":"","smort_restorder":"","shipmondo_restorder":"","_kad_blocks_custom_css":"","_kad_blocks_head_custom_js":"","_kad_blocks_body_custom_js":"","_kad_blocks_footer_custom_js":"","smort_custom_pricelist_1":"156.8","smort_custom_pricelist_2":"156.8","smort_custom_pricelist_3":"148.96","smort_custom_pricelist_4":"224","smort_custom_pricelist_5":"156.8"},"anvandningsomrade":[166,238,2816],"bilmarken":[],"product_brand":[117],"product_cat":[2591],"product_tag":[],"class_list":{"0":"post-7010","1":"product","2":"type-product","3":"status-publish","4":"has-post-thumbnail","6":"anvandningsomrade-lastbil","7":"anvandningsomrade-slap","8":"anvandningsomrade-trailer","9":"product_brand-xenonkungen","10":"product_cat-skyltbelysning-slap","11":"pa_fuktskydd-varde-ipxx-ip67","12":"pa_godkannande-ece-r10-r4","13":"pa_storlek-mm-76x41x30","14":"pa_stromforbrukning-004a-138v","15":"pa_stromforbrukning-004a-28v","16":"pa_volt-v-12-24","18":"first","19":"instock","20":"taxable","21":"shipping-taxable","22":"purchasable","23":"product-type-simple"},"bundled_by":[],"bundle_stock_status":"instock","bundle_stock_quantity":7,"bundle_virtual":false,"bundle_layout":"","bundle_add_to_cart_form_location":"","bundle_editable_in_cart":false,"bundle_sold_individually_context":"","bundle_item_grouping":"","bundle_min_size":"","bundle_max_size":"","bundle_price":[],"bundled_items":[],"bundle_sell_ids":[],"acf":[],"yoast_head":"<!-- This site is optimized with the Yoast SEO plugin v27.0 - https:\/\/yoast.com\/product\/yoast-seo-wordpress\/ -->\n<title>Skyltbelysning med Kabel - Xenonkungen<\/title>\n<meta name=\"robots\" content=\"index, follow, max-snippet:-1, max-image-preview:large, max-video-preview:-1\" \/>\n<link rel=\"canonical\" href=\"https:\/\/xenonkungen.com\/dk\/vare\/skiltbelysning-med-kabel\/\" \/>\n<meta property=\"og:locale\" content=\"da_DK\" \/>\n<meta property=\"og:type\" content=\"article\" \/>\n<meta property=\"og:title\" content=\"Skyltbelysning med Kabel - Xenonkungen\" \/>\n<meta property=\"og:description\" content=\"Effektiv LED Belysning f\u00f6r Registreringsskylt med Integrerad Kabel Denna LED belysning f\u00f6r registreringsskyltar \u00e4r designad f\u00f6r enkel och direkt str\u00f6manslutning, med en robust och l\u00e4ckagef\u00f6rseglad konstruktion som garanterar l\u00e5ngvarig anv\u00e4ndning. Specifikationer: Direkt Str\u00f6manslutning: 1 meter kabel och kontakt f\u00f6r anslutning till serie 100 och 150 kombinationslampor. Material: Svart ABS-sarg f\u00f6r h\u00f6g h\u00e5llbarhet. L\u00e4ckagef\u00f6rseglad Elektronik: Skydd [&hellip;]\" \/>\n<meta property=\"og:url\" content=\"https:\/\/xenonkungen.com\/dk\/vare\/skiltbelysning-med-kabel\/\" \/>\n<meta property=\"og:site_name\" content=\"Xenonkungen\" \/>\n<meta property=\"article:modified_time\" content=\"2026-03-04T15:54:36+00:00\" \/>\n<meta property=\"og:image\" content=\"https:\/\/xenonkungen.com\/wp-content\/uploads\/2025\/04\/7324813-origpic-20601b.jpg\" \/>\n\t<meta property=\"og:image:width\" content=\"600\" \/>\n\t<meta property=\"og:image:height\" content=\"600\" \/>\n\t<meta property=\"og:image:type\" content=\"image\/jpeg\" \/>\n<meta name=\"twitter:card\" content=\"summary_large_image\" \/>\n<meta name=\"twitter:label1\" content=\"Estimeret l\u00e6setid\" \/>\n\t<meta name=\"twitter:data1\" content=\"1 minut\" \/>\n<script type=\"application\/ld+json\" class=\"yoast-schema-graph\">{\"@context\":\"https:\/\/schema.org\",\"@graph\":[{\"@type\":\"WebPage\",\"@id\":\"https:\/\/xenonkungen.com\/dk\/vare\/skiltbelysning-med-kabel\/\",\"url\":\"https:\/\/xenonkungen.com\/dk\/vare\/skiltbelysning-med-kabel\/\",\"name\":\"Skyltbelysning med Kabel - Xenonkungen\",\"isPartOf\":{\"@id\":\"https:\/\/xenonkungen.com\/#website\"},\"primaryImageOfPage\":{\"@id\":\"https:\/\/xenonkungen.com\/dk\/vare\/skiltbelysning-med-kabel\/#primaryimage\"},\"image\":{\"@id\":\"https:\/\/xenonkungen.com\/dk\/vare\/skiltbelysning-med-kabel\/#primaryimage\"},\"thumbnailUrl\":\"https:\/\/xenonkungen.com\/wp-content\/uploads\/2025\/04\/7324813-origpic-20601b.jpg\",\"datePublished\":\"2025-04-15T09:51:41+00:00\",\"dateModified\":\"2026-03-04T15:54:36+00:00\",\"breadcrumb\":{\"@id\":\"https:\/\/xenonkungen.com\/dk\/vare\/skiltbelysning-med-kabel\/#breadcrumb\"},\"inLanguage\":\"da-DK\",\"potentialAction\":[{\"@type\":\"ReadAction\",\"target\":[\"https:\/\/xenonkungen.com\/dk\/vare\/skiltbelysning-med-kabel\/\"]}]},{\"@type\":\"ImageObject\",\"inLanguage\":\"da-DK\",\"@id\":\"https:\/\/xenonkungen.com\/dk\/vare\/skiltbelysning-med-kabel\/#primaryimage\",\"url\":\"https:\/\/xenonkungen.com\/wp-content\/uploads\/2025\/04\/7324813-origpic-20601b.jpg\",\"contentUrl\":\"https:\/\/xenonkungen.com\/wp-content\/uploads\/2025\/04\/7324813-origpic-20601b.jpg\",\"width\":600,\"height\":600},{\"@type\":\"BreadcrumbList\",\"@id\":\"https:\/\/xenonkungen.com\/dk\/vare\/skiltbelysning-med-kabel\/#breadcrumb\",\"itemListElement\":[{\"@type\":\"ListItem\",\"position\":1,\"name\":\"Hem\",\"item\":\"https:\/\/xenonkungen.com\/\"},{\"@type\":\"ListItem\",\"position\":2,\"name\":\"Shop\",\"item\":\"https:\/\/xenonkungen.com\/shop\/\"},{\"@type\":\"ListItem\",\"position\":3,\"name\":\"Skyltbelysning med Kabel\"}]},{\"@type\":\"WebSite\",\"@id\":\"https:\/\/xenonkungen.com\/#website\",\"url\":\"https:\/\/xenonkungen.com\/\",\"name\":\"Xenonkungen\",\"description\":\"\",\"potentialAction\":[{\"@type\":\"SearchAction\",\"target\":{\"@type\":\"EntryPoint\",\"urlTemplate\":\"https:\/\/xenonkungen.com\/?s={search_term_string}\"},\"query-input\":{\"@type\":\"PropertyValueSpecification\",\"valueRequired\":true,\"valueName\":\"search_term_string\"}}],\"inLanguage\":\"da-DK\"}]}<\/script>\n<!-- \/ Yoast SEO plugin. -->","yoast_head_json":{"title":"Skiltebelysning med kabel - Xenon-kongen","robots":{"index":"index","follow":"follow","max-snippet":"max-snippet:-1","max-image-preview":"max-image-preview:large","max-video-preview":"max-video-preview:-1"},"canonical":"https:\/\/xenonkungen.com\/dk\/vare\/skiltbelysning-med-kabel\/","og_locale":"da_DK","og_type":"article","og_title":"Skyltbelysning med Kabel - Xenonkungen","og_description":"Effektiv LED Belysning f\u00f6r Registreringsskylt med Integrerad Kabel Denna LED belysning f\u00f6r registreringsskyltar \u00e4r designad f\u00f6r enkel och direkt str\u00f6manslutning, med en robust och l\u00e4ckagef\u00f6rseglad konstruktion som garanterar l\u00e5ngvarig anv\u00e4ndning. Specifikationer: Direkt Str\u00f6manslutning: 1 meter kabel och kontakt f\u00f6r anslutning till serie 100 och 150 kombinationslampor. Material: Svart ABS-sarg f\u00f6r h\u00f6g h\u00e5llbarhet. L\u00e4ckagef\u00f6rseglad Elektronik: Skydd [&hellip;]","og_url":"https:\/\/xenonkungen.com\/dk\/vare\/skiltbelysning-med-kabel\/","og_site_name":"Xenonkungen","article_modified_time":"2026-03-04T15:54:36+00:00","og_image":[{"width":600,"height":600,"url":"https:\/\/xenonkungen.com\/wp-content\/uploads\/2025\/04\/7324813-origpic-20601b.jpg","type":"image\/jpeg"}],"twitter_card":"summary_large_image","twitter_misc":{"Estimeret l\u00e6setid":"1 minut"},"schema":{"@context":"https:\/\/schema.org","@graph":[{"@type":"WebPage","@id":"https:\/\/xenonkungen.com\/dk\/vare\/skiltbelysning-med-kabel\/","url":"https:\/\/xenonkungen.com\/dk\/vare\/skiltbelysning-med-kabel\/","name":"Skiltebelysning med kabel - Xenon-kongen","isPartOf":{"@id":"https:\/\/xenonkungen.com\/#website"},"primaryImageOfPage":{"@id":"https:\/\/xenonkungen.com\/dk\/vare\/skiltbelysning-med-kabel\/#primaryimage"},"image":{"@id":"https:\/\/xenonkungen.com\/dk\/vare\/skiltbelysning-med-kabel\/#primaryimage"},"thumbnailUrl":"https:\/\/xenonkungen.com\/wp-content\/uploads\/2025\/04\/7324813-origpic-20601b.jpg","datePublished":"2025-04-15T09:51:41+00:00","dateModified":"2026-03-04T15:54:36+00:00","breadcrumb":{"@id":"https:\/\/xenonkungen.com\/dk\/vare\/skiltbelysning-med-kabel\/#breadcrumb"},"inLanguage":"da-DK","potentialAction":[{"@type":"ReadAction","target":["https:\/\/xenonkungen.com\/dk\/vare\/skiltbelysning-med-kabel\/"]}]},{"@type":"ImageObject","inLanguage":"da-DK","@id":"https:\/\/xenonkungen.com\/dk\/vare\/skiltbelysning-med-kabel\/#primaryimage","url":"https:\/\/xenonkungen.com\/wp-content\/uploads\/2025\/04\/7324813-origpic-20601b.jpg","contentUrl":"https:\/\/xenonkungen.com\/wp-content\/uploads\/2025\/04\/7324813-origpic-20601b.jpg","width":600,"height":600},{"@type":"BreadcrumbList","@id":"https:\/\/xenonkungen.com\/dk\/vare\/skiltbelysning-med-kabel\/#breadcrumb","itemListElement":[{"@type":"ListItem","position":1,"name":"Hem","item":"https:\/\/xenonkungen.com\/"},{"@type":"ListItem","position":2,"name":"Shop","item":"https:\/\/xenonkungen.com\/shop\/"},{"@type":"ListItem","position":3,"name":"Skyltbelysning med Kabel"}]},{"@type":"WebSite","@id":"https:\/\/xenonkungen.com\/#website","url":"https:\/\/xenonkungen.com\/","name":"Xenonkungen","description":"","potentialAction":[{"@type":"SearchAction","target":{"@type":"EntryPoint","urlTemplate":"https:\/\/xenonkungen.com\/?s={search_term_string}"},"query-input":{"@type":"PropertyValueSpecification","valueRequired":true,"valueName":"search_term_string"}}],"inLanguage":"da-DK"}]}},"taxonomy_info":{"anvandningsomrade":[{"value":166,"label":"Lastbil"},{"value":238,"label":"SL\u00c4P"},{"value":2816,"label":"TRAILER"}],"product_brand":[{"value":117,"label":"Xenonkungen"}],"product_cat":[{"value":2591,"label":"Skyltbelysning"}],"pa_fuktskydd-varde-ipxx":[{"value":333,"label":"IP67"}],"pa_godkannande":[{"value":1873,"label":"ECE, R10, R4"}],"pa_storlek-mm":[{"value":1870,"label":"76x41x30"}],"pa_stromforbrukning":[{"value":1871,"label":"0,04A @13,8V"},{"value":1872,"label":"0,04A @28V"}],"pa_volt-v":[{"value":348,"label":"12, 24"}]},"featured_image_src_large":["https:\/\/xenonkungen.com\/wp-content\/uploads\/2025\/04\/7324813-origpic-20601b.jpg",600,600,false],"author_info":[],"comment_info":0,"_links":{"self":[{"href":"https:\/\/xenonkungen.com\/dk\/wp-json\/wp\/v2\/product\/7010","targetHints":{"allow":["GET"]}}],"collection":[{"href":"https:\/\/xenonkungen.com\/dk\/wp-json\/wp\/v2\/product"}],"about":[{"href":"https:\/\/xenonkungen.com\/dk\/wp-json\/wp\/v2\/types\/product"}],"replies":[{"embeddable":true,"href":"https:\/\/xenonkungen.com\/dk\/wp-json\/wp\/v2\/comments?post=7010"}],"wp:featuredmedia":[{"embeddable":true,"href":"https:\/\/xenonkungen.com\/dk\/wp-json\/wp\/v2\/media\/7011"}],"wp:attachment":[{"href":"https:\/\/xenonkungen.com\/dk\/wp-json\/wp\/v2\/media?parent=7010"}],"wp:term":[{"taxonomy":"anvandningsomrade","embeddable":true,"href":"https:\/\/xenonkungen.com\/dk\/wp-json\/wp\/v2\/anvandningsomrade?post=7010"},{"taxonomy":"bilmarken","embeddable":true,"href":"https:\/\/xenonkungen.com\/dk\/wp-json\/wp\/v2\/bilmarken?post=7010"},{"taxonomy":"product_brand","embeddable":true,"href":"https:\/\/xenonkungen.com\/dk\/wp-json\/wp\/v2\/product_brand?post=7010"},{"taxonomy":"product_cat","embeddable":true,"href":"https:\/\/xenonkungen.com\/dk\/wp-json\/wp\/v2\/product_cat?post=7010"},{"taxonomy":"product_tag","embeddable":true,"href":"https:\/\/xenonkungen.com\/dk\/wp-json\/wp\/v2\/product_tag?post=7010"}],"curies":[{"name":"wp","href":"https:\/\/api.w.org\/{rel}","templated":true}]}}