{"id":7022,"date":"2025-04-15T09:51:47","date_gmt":"2025-04-15T09:51:47","guid":{"rendered":"https:\/\/xenonkungen.com\/product\/frontmarkering-4led-vit-chrome\/"},"modified":"2026-04-11T00:45:58","modified_gmt":"2026-04-10T23:45:58","slug":"frontmarkering-4-led-hvid-krom","status":"publish","type":"product","link":"https:\/\/xenonkungen.com\/dk\/vare\/frontmarkering-4-led-hvid-krom\/","title":{"rendered":"Frontmarkering 4LED hvid krom"},"content":{"rendered":"<h1>Moderne forkromet LED-frontmarkeringslys med 4 LED'er<\/h1>\n<p>Denne LED-frontmarkeringslygte af h\u00f8j kvalitet, fremh\u00e6vet med en stilfuld kromramme, er skr\u00e6ddersyet til at give et klart og tydeligt lys fra fire LED'er. Lygten er ideel til montering b\u00e5de indvendigt og udvendigt p\u00e5 alle typer k\u00f8ret\u00f8jer og er designet til at oplyse vejen forude med et karakteristisk og attraktivt hvidt lys. Med sin l\u00e6kageforseglede elektronik giver den en p\u00e5lidelig og holdbar belysningsl\u00f8sning under alle forhold.<\/p>\n<h2>Specifikationer<\/h2>\n<ul>\n<li>Lyskilde: 4 h\u00f8jtydende LED'er<\/li>\n<li>Materiale: Forkromet ramme, l\u00e6kageforseglet elektronik<\/li>\n<li>Farve: Hvid<\/li>\n<li>Lysspredning: Optimeret til maksimal synlighed<\/li>\n<li>IP67-klassificering: H\u00f8j modstandsdygtighed over for st\u00f8d og vibrationer og helt vandt\u00e6t<\/li>\n<li>Sikkerhedsfunktioner: Kortslutningsbeskyttelse<\/li>\n<\/ul>\n<h2>Funktioner og fordele<\/h2>\n<p>Denne moderne LED-frontmarkeringslygte i krom kombinerer avancerede lysegenskaber med et slankt design, der ikke kun forbedrer synligheden, men ogs\u00e5 k\u00f8ret\u00f8jets overordnede udseende. Den er ideel til mange forskellige k\u00f8ret\u00f8jer, fra personbiler og erhvervsk\u00f8ret\u00f8jer til fritidsk\u00f8ret\u00f8jer, takket v\u00e6re dens fleksible monteringsmuligheder og holdbare konstruktion.<\/p>\n<ul>\n<li>Fire kraftige LED'er giver enest\u00e5ende lysstyrke og effektivitet<\/li>\n<li>Stilfulde kromlister giver et luksuri\u00f8st pr\u00e6g p\u00e5 bilens \u00e6stetik<\/li>\n<li>L\u00e6kageforseglet elektronik sikrer langvarig ydeevne under barske forhold<\/li>\n<li>Nem installation takket v\u00e6re det robuste og fleksible design<\/li>\n<li>Ideel til forbedret sikkerhed og synlighed p\u00e5 vejen<\/li>\n<\/ul>","protected":false},"excerpt":{"rendered":"<p>Modernt Kromad LED Frontmarkeringslampa med 4 LED Denna h\u00f6gkvalitativa LED frontmarkeringslampa, framh\u00e4vd med en elegant kromsarg, \u00e4r skr\u00e4ddarsydd f\u00f6r att ge ett starkt och klart ljus fr\u00e5n fyra LED-lampor. Perfekt f\u00f6r montage b\u00e5de p\u00e5 interi\u00f6r och exteri\u00f6r del av alla typer av fordon, denna lampa \u00e4r utformad f\u00f6r att belysa v\u00e4gen framf\u00f6r med ett distinkt [&hellip;]<\/p>","protected":false},"featured_media":7023,"comment_status":"closed","ping_status":"open","template":"","meta":{"_acf_changed":false,"_smort_price_nok":"320","_smort_price_dkk":"204","_smort_price_eur":"27.27","_smort_sale_price_nok":"","_smort_sale_price_dkk":"","_smort_sale_price_eur":"","smort_restorder":"","shipmondo_restorder":"","_kad_blocks_custom_css":"","_kad_blocks_head_custom_js":"","_kad_blocks_body_custom_js":"","_kad_blocks_footer_custom_js":"","smort_custom_pricelist_1":"168","smort_custom_pricelist_2":"168","smort_custom_pricelist_3":"159.6","smort_custom_pricelist_4":"240","smort_custom_pricelist_5":"168"},"anvandningsomrade":[166,238,2816],"bilmarken":[],"product_brand":[1252],"product_cat":[2810,2478],"product_tag":[],"class_list":{"0":"post-7022","1":"product","2":"type-product","3":"status-publish","4":"has-post-thumbnail","6":"anvandningsomrade-lastbil","7":"anvandningsomrade-slap","8":"anvandningsomrade-trailer","9":"product_brand-lea","10":"product_cat-front","11":"product_cat-positionsljus-slap","12":"pa_fuktskydd-varde-ipxx-ip67","13":"pa_godkannande-ece-r10","14":"pa_storlek-mm-58x35x19","15":"pa_stromforbrukning-004a-28v","16":"pa_stromforbrukning-005a-138v","17":"pa_volt-v-12-24","19":"first","20":"onbackorder","21":"taxable","22":"shipping-taxable","23":"purchasable","24":"product-type-simple"},"bundled_by":[],"bundle_stock_status":"onbackorder","bundle_stock_quantity":0,"bundle_virtual":false,"bundle_layout":"","bundle_add_to_cart_form_location":"","bundle_editable_in_cart":false,"bundle_sold_individually_context":"","bundle_item_grouping":"","bundle_min_size":"","bundle_max_size":"","bundle_price":[],"bundled_items":[],"bundle_sell_ids":[],"acf":[],"yoast_head":"<!-- This site is optimized with the Yoast SEO plugin v27.0 - https:\/\/yoast.com\/product\/yoast-seo-wordpress\/ -->\n<title>Frontmarkering 4LED Vit Chrome - Xenonkungen<\/title>\n<meta name=\"robots\" content=\"index, follow, max-snippet:-1, max-image-preview:large, max-video-preview:-1\" \/>\n<link rel=\"canonical\" href=\"https:\/\/xenonkungen.com\/dk\/vare\/frontmarkering-4-led-hvid-krom\/\" \/>\n<meta property=\"og:locale\" content=\"da_DK\" \/>\n<meta property=\"og:type\" content=\"article\" \/>\n<meta property=\"og:title\" content=\"Frontmarkering 4LED Vit Chrome - Xenonkungen\" \/>\n<meta property=\"og:description\" content=\"Modernt Kromad LED Frontmarkeringslampa med 4 LED Denna h\u00f6gkvalitativa LED frontmarkeringslampa, framh\u00e4vd med en elegant kromsarg, \u00e4r skr\u00e4ddarsydd f\u00f6r att ge ett starkt och klart ljus fr\u00e5n fyra LED-lampor. Perfekt f\u00f6r montage b\u00e5de p\u00e5 interi\u00f6r och exteri\u00f6r del av alla typer av fordon, denna lampa \u00e4r utformad f\u00f6r att belysa v\u00e4gen framf\u00f6r med ett distinkt [&hellip;]\" \/>\n<meta property=\"og:url\" content=\"https:\/\/xenonkungen.com\/dk\/vare\/frontmarkering-4-led-hvid-krom\/\" \/>\n<meta property=\"og:site_name\" content=\"Xenonkungen\" \/>\n<meta property=\"article:modified_time\" content=\"2026-04-10T23:45:58+00:00\" \/>\n<meta property=\"og:image\" content=\"https:\/\/xenonkungen.com\/wp-content\/uploads\/2025\/04\/7324310-origpic-8693fd.jpg\" \/>\n\t<meta property=\"og:image:width\" content=\"600\" \/>\n\t<meta property=\"og:image:height\" content=\"600\" \/>\n\t<meta property=\"og:image:type\" content=\"image\/jpeg\" \/>\n<meta name=\"twitter:card\" content=\"summary_large_image\" \/>\n<meta name=\"twitter:label1\" content=\"Estimeret l\u00e6setid\" \/>\n\t<meta name=\"twitter:data1\" content=\"1 minut\" \/>\n<script type=\"application\/ld+json\" class=\"yoast-schema-graph\">{\"@context\":\"https:\/\/schema.org\",\"@graph\":[{\"@type\":\"WebPage\",\"@id\":\"https:\/\/xenonkungen.com\/fi\/tuote\/etumerkinta-4-ledia-valkoinen-kromi\/\",\"url\":\"https:\/\/xenonkungen.com\/fi\/tuote\/etumerkinta-4-ledia-valkoinen-kromi\/\",\"name\":\"Frontmarkering 4LED Vit Chrome - Xenonkungen\",\"isPartOf\":{\"@id\":\"https:\/\/xenonkungen.com\/#website\"},\"primaryImageOfPage\":{\"@id\":\"https:\/\/xenonkungen.com\/fi\/tuote\/etumerkinta-4-ledia-valkoinen-kromi\/#primaryimage\"},\"image\":{\"@id\":\"https:\/\/xenonkungen.com\/fi\/tuote\/etumerkinta-4-ledia-valkoinen-kromi\/#primaryimage\"},\"thumbnailUrl\":\"https:\/\/xenonkungen.com\/wp-content\/uploads\/2025\/04\/7324310-origpic-8693fd.jpg\",\"datePublished\":\"2025-04-15T09:51:47+00:00\",\"dateModified\":\"2026-04-10T23:45:58+00:00\",\"breadcrumb\":{\"@id\":\"https:\/\/xenonkungen.com\/fi\/tuote\/etumerkinta-4-ledia-valkoinen-kromi\/#breadcrumb\"},\"inLanguage\":\"da-DK\",\"potentialAction\":[{\"@type\":\"ReadAction\",\"target\":[\"https:\/\/xenonkungen.com\/fi\/tuote\/etumerkinta-4-ledia-valkoinen-kromi\/\"]}]},{\"@type\":\"ImageObject\",\"inLanguage\":\"da-DK\",\"@id\":\"https:\/\/xenonkungen.com\/fi\/tuote\/etumerkinta-4-ledia-valkoinen-kromi\/#primaryimage\",\"url\":\"https:\/\/xenonkungen.com\/wp-content\/uploads\/2025\/04\/7324310-origpic-8693fd.jpg\",\"contentUrl\":\"https:\/\/xenonkungen.com\/wp-content\/uploads\/2025\/04\/7324310-origpic-8693fd.jpg\",\"width\":600,\"height\":600},{\"@type\":\"BreadcrumbList\",\"@id\":\"https:\/\/xenonkungen.com\/fi\/tuote\/etumerkinta-4-ledia-valkoinen-kromi\/#breadcrumb\",\"itemListElement\":[{\"@type\":\"ListItem\",\"position\":1,\"name\":\"Hem\",\"item\":\"https:\/\/xenonkungen.com\/\"},{\"@type\":\"ListItem\",\"position\":2,\"name\":\"Shop\",\"item\":\"https:\/\/xenonkungen.com\/shop\/\"},{\"@type\":\"ListItem\",\"position\":3,\"name\":\"Frontmarkering 4LED Vit Chrome\"}]},{\"@type\":\"WebSite\",\"@id\":\"https:\/\/xenonkungen.com\/#website\",\"url\":\"https:\/\/xenonkungen.com\/\",\"name\":\"Xenonkungen\",\"description\":\"\",\"potentialAction\":[{\"@type\":\"SearchAction\",\"target\":{\"@type\":\"EntryPoint\",\"urlTemplate\":\"https:\/\/xenonkungen.com\/?s={search_term_string}\"},\"query-input\":{\"@type\":\"PropertyValueSpecification\",\"valueRequired\":true,\"valueName\":\"search_term_string\"}}],\"inLanguage\":\"da-DK\"}]}<\/script>\n<!-- \/ Yoast SEO plugin. -->","yoast_head_json":{"title":"Frontmarkering 4LED Hvid Krom - Xenon-kongen","robots":{"index":"index","follow":"follow","max-snippet":"max-snippet:-1","max-image-preview":"max-image-preview:large","max-video-preview":"max-video-preview:-1"},"canonical":"https:\/\/xenonkungen.com\/dk\/vare\/frontmarkering-4-led-hvid-krom\/","og_locale":"da_DK","og_type":"article","og_title":"Frontmarkering 4LED Vit Chrome - Xenonkungen","og_description":"Modernt Kromad LED Frontmarkeringslampa med 4 LED Denna h\u00f6gkvalitativa LED frontmarkeringslampa, framh\u00e4vd med en elegant kromsarg, \u00e4r skr\u00e4ddarsydd f\u00f6r att ge ett starkt och klart ljus fr\u00e5n fyra LED-lampor. Perfekt f\u00f6r montage b\u00e5de p\u00e5 interi\u00f6r och exteri\u00f6r del av alla typer av fordon, denna lampa \u00e4r utformad f\u00f6r att belysa v\u00e4gen framf\u00f6r med ett distinkt [&hellip;]","og_url":"https:\/\/xenonkungen.com\/dk\/vare\/frontmarkering-4-led-hvid-krom\/","og_site_name":"Xenonkungen","article_modified_time":"2026-04-10T23:45:58+00:00","og_image":[{"width":600,"height":600,"url":"https:\/\/xenonkungen.com\/wp-content\/uploads\/2025\/04\/7324310-origpic-8693fd.jpg","type":"image\/jpeg"}],"twitter_card":"summary_large_image","twitter_misc":{"Estimeret l\u00e6setid":"1 minut"},"schema":{"@context":"https:\/\/schema.org","@graph":[{"@type":"WebPage","@id":"https:\/\/xenonkungen.com\/fi\/tuote\/etumerkinta-4-ledia-valkoinen-kromi\/","url":"https:\/\/xenonkungen.com\/fi\/tuote\/etumerkinta-4-ledia-valkoinen-kromi\/","name":"Frontmarkering 4LED Hvid Krom - Xenon-kongen","isPartOf":{"@id":"https:\/\/xenonkungen.com\/#website"},"primaryImageOfPage":{"@id":"https:\/\/xenonkungen.com\/fi\/tuote\/etumerkinta-4-ledia-valkoinen-kromi\/#primaryimage"},"image":{"@id":"https:\/\/xenonkungen.com\/fi\/tuote\/etumerkinta-4-ledia-valkoinen-kromi\/#primaryimage"},"thumbnailUrl":"https:\/\/xenonkungen.com\/wp-content\/uploads\/2025\/04\/7324310-origpic-8693fd.jpg","datePublished":"2025-04-15T09:51:47+00:00","dateModified":"2026-04-10T23:45:58+00:00","breadcrumb":{"@id":"https:\/\/xenonkungen.com\/fi\/tuote\/etumerkinta-4-ledia-valkoinen-kromi\/#breadcrumb"},"inLanguage":"da-DK","potentialAction":[{"@type":"ReadAction","target":["https:\/\/xenonkungen.com\/fi\/tuote\/etumerkinta-4-ledia-valkoinen-kromi\/"]}]},{"@type":"ImageObject","inLanguage":"da-DK","@id":"https:\/\/xenonkungen.com\/fi\/tuote\/etumerkinta-4-ledia-valkoinen-kromi\/#primaryimage","url":"https:\/\/xenonkungen.com\/wp-content\/uploads\/2025\/04\/7324310-origpic-8693fd.jpg","contentUrl":"https:\/\/xenonkungen.com\/wp-content\/uploads\/2025\/04\/7324310-origpic-8693fd.jpg","width":600,"height":600},{"@type":"BreadcrumbList","@id":"https:\/\/xenonkungen.com\/fi\/tuote\/etumerkinta-4-ledia-valkoinen-kromi\/#breadcrumb","itemListElement":[{"@type":"ListItem","position":1,"name":"Hem","item":"https:\/\/xenonkungen.com\/"},{"@type":"ListItem","position":2,"name":"Shop","item":"https:\/\/xenonkungen.com\/shop\/"},{"@type":"ListItem","position":3,"name":"Frontmarkering 4LED Vit Chrome"}]},{"@type":"WebSite","@id":"https:\/\/xenonkungen.com\/#website","url":"https:\/\/xenonkungen.com\/","name":"Xenonkungen","description":"","potentialAction":[{"@type":"SearchAction","target":{"@type":"EntryPoint","urlTemplate":"https:\/\/xenonkungen.com\/?s={search_term_string}"},"query-input":{"@type":"PropertyValueSpecification","valueRequired":true,"valueName":"search_term_string"}}],"inLanguage":"da-DK"}]}},"taxonomy_info":{"anvandningsomrade":[{"value":166,"label":"Lastbil"},{"value":238,"label":"SL\u00c4P"},{"value":2816,"label":"TRAILER"}],"product_brand":[{"value":1252,"label":"LEA"}],"product_cat":[{"value":2810,"label":"Front"},{"value":2478,"label":"Positionsljus"}],"pa_fuktskydd-varde-ipxx":[{"value":333,"label":"IP67"}],"pa_godkannande":[{"value":966,"label":"ECE, R10"}],"pa_storlek-mm":[{"value":1868,"label":"58x35x19"}],"pa_stromforbrukning":[{"value":1872,"label":"0,04A @28V"},{"value":1877,"label":"0,05A @13,8V"}],"pa_volt-v":[{"value":348,"label":"12, 24"}]},"featured_image_src_large":["https:\/\/xenonkungen.com\/wp-content\/uploads\/2025\/04\/7324310-origpic-8693fd.jpg",600,600,false],"author_info":[],"comment_info":0,"_links":{"self":[{"href":"https:\/\/xenonkungen.com\/dk\/wp-json\/wp\/v2\/product\/7022","targetHints":{"allow":["GET"]}}],"collection":[{"href":"https:\/\/xenonkungen.com\/dk\/wp-json\/wp\/v2\/product"}],"about":[{"href":"https:\/\/xenonkungen.com\/dk\/wp-json\/wp\/v2\/types\/product"}],"replies":[{"embeddable":true,"href":"https:\/\/xenonkungen.com\/dk\/wp-json\/wp\/v2\/comments?post=7022"}],"wp:featuredmedia":[{"embeddable":true,"href":"https:\/\/xenonkungen.com\/dk\/wp-json\/wp\/v2\/media\/7023"}],"wp:attachment":[{"href":"https:\/\/xenonkungen.com\/dk\/wp-json\/wp\/v2\/media?parent=7022"}],"wp:term":[{"taxonomy":"anvandningsomrade","embeddable":true,"href":"https:\/\/xenonkungen.com\/dk\/wp-json\/wp\/v2\/anvandningsomrade?post=7022"},{"taxonomy":"bilmarken","embeddable":true,"href":"https:\/\/xenonkungen.com\/dk\/wp-json\/wp\/v2\/bilmarken?post=7022"},{"taxonomy":"product_brand","embeddable":true,"href":"https:\/\/xenonkungen.com\/dk\/wp-json\/wp\/v2\/product_brand?post=7022"},{"taxonomy":"product_cat","embeddable":true,"href":"https:\/\/xenonkungen.com\/dk\/wp-json\/wp\/v2\/product_cat?post=7022"},{"taxonomy":"product_tag","embeddable":true,"href":"https:\/\/xenonkungen.com\/dk\/wp-json\/wp\/v2\/product_tag?post=7022"}],"curies":[{"name":"wp","href":"https:\/\/api.w.org\/{rel}","templated":true}]}}