{"id":7104,"date":"2025-04-15T09:52:22","date_gmt":"2025-04-15T09:52:22","guid":{"rendered":"https:\/\/xenonkungen.com\/product\/sidomarkering-3led-2pin\/"},"modified":"2026-04-11T00:48:24","modified_gmt":"2026-04-10T23:48:24","slug":"sidemarkeringslys-3-led-2-benet","status":"publish","type":"product","link":"https:\/\/xenonkungen.com\/dk\/vare\/sidemarkeringslys-3-led-2-benet\/","title":{"rendered":"Sidemarkering 3LED 2PIN"},"content":{"rendered":"<h1>LED-sidemarkeringslygte med reflekterende plade: Optimal synlighed og stil<\/h1>\n<p>En avanceret belysningsl\u00f8sning, der forbedrer b\u00e5de sikkerheden og udseendet af dit k\u00f8ret\u00f8j med moderne LED-teknologi og elegant design.<\/p>\n<h2>Specifikationer:<\/h2>\n<ul>\n<li><span class=\"highlight\">Reflekterende plade:<\/span> Forbedrer synligheden, selv n\u00e5r den er slukket.<\/li>\n<li><span class=\"highlight\">SMD LED:<\/span> Tre klare dioder for effektiv sidebelysning.<\/li>\n<li><span class=\"highlight\">Kiste:<\/span> Moderne sort design, der komplementerer alle k\u00f8ret\u00f8jstyper.<\/li>\n<li><span class=\"highlight\">Elektronik:<\/span> L\u00e6kagesikker for p\u00e5lidelig brug under alle vejrforhold.<\/li>\n<\/ul>\n<h2>Funktioner:<\/h2>\n<ul>\n<li>Giver et klart og kraftigt lys for \u00f8get sikkerhed.<\/li>\n<li>Robust og holdbar, perfekt til alle typer k\u00f8ret\u00f8jer.<\/li>\n<li>Nem installation for hurtig og effektiv opgradering af k\u00f8ret\u00f8jsbelysning.<\/li>\n<li>\u00c6stetisk tiltalende design, der forbedrer k\u00f8ret\u00f8jets udseende.<\/li>\n<\/ul>","protected":false},"excerpt":{"rendered":"<p>LED Sidomarkeringslampa med Reflexplatta: Optimal Synlighet och Stil En avancerad belysningsl\u00f6sning som f\u00f6rb\u00e4ttrar b\u00e5de s\u00e4kerheten och utseendet p\u00e5 ditt fordon med modern LED-teknik och elegant design. Specifikationer: Reflexplatta: F\u00f6rb\u00e4ttrar synligheten \u00e4ven i avst\u00e4ngt tillst\u00e5nd. SMD LED: Tre ljusstarka dioder f\u00f6r effektiv sidobelysning. Sarg: Modern svart design som kompletterar alla fordonstyper. Elektronik: L\u00e4ckagef\u00f6rseglad f\u00f6r tillf\u00f6rlitlig anv\u00e4ndning [&hellip;]<\/p>","protected":false},"featured_media":7105,"comment_status":"closed","ping_status":"open","template":"","meta":{"_acf_changed":false,"_smort_price_nok":"191","_smort_price_dkk":"121","_smort_price_eur":"16.27","_smort_sale_price_nok":"","_smort_sale_price_dkk":"","_smort_sale_price_eur":"","smort_restorder":"","shipmondo_restorder":"","_kad_blocks_custom_css":"","_kad_blocks_head_custom_js":"","_kad_blocks_body_custom_js":"","_kad_blocks_footer_custom_js":"","smort_custom_pricelist_1":"114.56","smort_custom_pricelist_2":"100.24","smort_custom_pricelist_3":"93.08","smort_custom_pricelist_4":"143.2","smort_custom_pricelist_5":"100.24"},"anvandningsomrade":[166,238,2816],"bilmarken":[],"product_brand":[1252],"product_cat":[2478,2813],"product_tag":[],"class_list":{"0":"post-7104","1":"product","2":"type-product","3":"status-publish","4":"has-post-thumbnail","6":"anvandningsomrade-lastbil","7":"anvandningsomrade-slap","8":"anvandningsomrade-trailer","9":"product_brand-lea","10":"product_cat-positionsljus-slap","11":"product_cat-sido","12":"pa_fuktskydd-varde-ipxx-ip67","13":"pa_godkannande-ece-r91","14":"pa_storlek-mm-100x44x12","15":"pa_stromforbrukning-002a-138v","16":"pa_stromforbrukning-03a-28v","17":"pa_volt-v-12-24","19":"first","20":"onbackorder","21":"taxable","22":"shipping-taxable","23":"purchasable","24":"product-type-simple"},"bundled_by":[],"bundle_stock_status":"onbackorder","bundle_stock_quantity":0,"bundle_virtual":false,"bundle_layout":"","bundle_add_to_cart_form_location":"","bundle_editable_in_cart":false,"bundle_sold_individually_context":"","bundle_item_grouping":"","bundle_min_size":"","bundle_max_size":"","bundle_price":[],"bundled_items":[],"bundle_sell_ids":[],"acf":[],"yoast_head":"<!-- This site is optimized with the Yoast SEO plugin v27.0 - https:\/\/yoast.com\/product\/yoast-seo-wordpress\/ -->\n<title>Sidomarkering 3LED 2PIN - Xenonkungen<\/title>\n<meta name=\"robots\" content=\"index, follow, max-snippet:-1, max-image-preview:large, max-video-preview:-1\" \/>\n<link rel=\"canonical\" href=\"https:\/\/xenonkungen.com\/dk\/vare\/sidemarkeringslys-3-led-2-benet\/\" \/>\n<meta property=\"og:locale\" content=\"da_DK\" \/>\n<meta property=\"og:type\" content=\"article\" \/>\n<meta property=\"og:title\" content=\"Sidomarkering 3LED 2PIN - Xenonkungen\" \/>\n<meta property=\"og:description\" content=\"LED Sidomarkeringslampa med Reflexplatta: Optimal Synlighet och Stil En avancerad belysningsl\u00f6sning som f\u00f6rb\u00e4ttrar b\u00e5de s\u00e4kerheten och utseendet p\u00e5 ditt fordon med modern LED-teknik och elegant design. Specifikationer: Reflexplatta: F\u00f6rb\u00e4ttrar synligheten \u00e4ven i avst\u00e4ngt tillst\u00e5nd. SMD LED: Tre ljusstarka dioder f\u00f6r effektiv sidobelysning. Sarg: Modern svart design som kompletterar alla fordonstyper. Elektronik: L\u00e4ckagef\u00f6rseglad f\u00f6r tillf\u00f6rlitlig anv\u00e4ndning [&hellip;]\" \/>\n<meta property=\"og:url\" content=\"https:\/\/xenonkungen.com\/dk\/vare\/sidemarkeringslys-3-led-2-benet\/\" \/>\n<meta property=\"og:site_name\" content=\"Xenonkungen\" \/>\n<meta property=\"article:modified_time\" content=\"2026-04-10T23:48:24+00:00\" \/>\n<meta property=\"og:image\" content=\"https:\/\/xenonkungen.com\/wp-content\/uploads\/2025\/04\/11528964-origpic-10218e.jpg\" \/>\n\t<meta property=\"og:image:width\" content=\"600\" \/>\n\t<meta property=\"og:image:height\" content=\"600\" \/>\n\t<meta property=\"og:image:type\" content=\"image\/jpeg\" \/>\n<meta name=\"twitter:card\" content=\"summary_large_image\" \/>\n<meta name=\"twitter:label1\" content=\"Estimeret l\u00e6setid\" \/>\n\t<meta name=\"twitter:data1\" content=\"1 minut\" \/>\n<script type=\"application\/ld+json\" class=\"yoast-schema-graph\">{\"@context\":\"https:\/\/schema.org\",\"@graph\":[{\"@type\":\"WebPage\",\"@id\":\"https:\/\/xenonkungen.com\/produkt\/sidomarkering-3led-2pin\/\",\"url\":\"https:\/\/xenonkungen.com\/produkt\/sidomarkering-3led-2pin\/\",\"name\":\"Sidomarkering 3LED 2PIN - Xenonkungen\",\"isPartOf\":{\"@id\":\"https:\/\/xenonkungen.com\/#website\"},\"primaryImageOfPage\":{\"@id\":\"https:\/\/xenonkungen.com\/produkt\/sidomarkering-3led-2pin\/#primaryimage\"},\"image\":{\"@id\":\"https:\/\/xenonkungen.com\/produkt\/sidomarkering-3led-2pin\/#primaryimage\"},\"thumbnailUrl\":\"https:\/\/xenonkungen.com\/wp-content\/uploads\/2025\/04\/11528964-origpic-10218e.jpg\",\"datePublished\":\"2025-04-15T09:52:22+00:00\",\"dateModified\":\"2026-04-10T23:48:24+00:00\",\"breadcrumb\":{\"@id\":\"https:\/\/xenonkungen.com\/produkt\/sidomarkering-3led-2pin\/#breadcrumb\"},\"inLanguage\":\"da-DK\",\"potentialAction\":[{\"@type\":\"ReadAction\",\"target\":[\"https:\/\/xenonkungen.com\/produkt\/sidomarkering-3led-2pin\/\"]}]},{\"@type\":\"ImageObject\",\"inLanguage\":\"da-DK\",\"@id\":\"https:\/\/xenonkungen.com\/produkt\/sidomarkering-3led-2pin\/#primaryimage\",\"url\":\"https:\/\/xenonkungen.com\/wp-content\/uploads\/2025\/04\/11528964-origpic-10218e.jpg\",\"contentUrl\":\"https:\/\/xenonkungen.com\/wp-content\/uploads\/2025\/04\/11528964-origpic-10218e.jpg\",\"width\":600,\"height\":600},{\"@type\":\"BreadcrumbList\",\"@id\":\"https:\/\/xenonkungen.com\/produkt\/sidomarkering-3led-2pin\/#breadcrumb\",\"itemListElement\":[{\"@type\":\"ListItem\",\"position\":1,\"name\":\"Hem\",\"item\":\"https:\/\/xenonkungen.com\/\"},{\"@type\":\"ListItem\",\"position\":2,\"name\":\"Shop\",\"item\":\"https:\/\/xenonkungen.com\/shop\/\"},{\"@type\":\"ListItem\",\"position\":3,\"name\":\"Sidomarkering 3LED 2PIN\"}]},{\"@type\":\"WebSite\",\"@id\":\"https:\/\/xenonkungen.com\/#website\",\"url\":\"https:\/\/xenonkungen.com\/\",\"name\":\"Xenonkungen\",\"description\":\"\",\"potentialAction\":[{\"@type\":\"SearchAction\",\"target\":{\"@type\":\"EntryPoint\",\"urlTemplate\":\"https:\/\/xenonkungen.com\/?s={search_term_string}\"},\"query-input\":{\"@type\":\"PropertyValueSpecification\",\"valueRequired\":true,\"valueName\":\"search_term_string\"}}],\"inLanguage\":\"da-DK\"}]}<\/script>\n<!-- \/ Yoast SEO plugin. -->","yoast_head_json":{"title":"Sidemarkeringslygte 3LED 2PIN - Xenon-kongen","robots":{"index":"index","follow":"follow","max-snippet":"max-snippet:-1","max-image-preview":"max-image-preview:large","max-video-preview":"max-video-preview:-1"},"canonical":"https:\/\/xenonkungen.com\/dk\/vare\/sidemarkeringslys-3-led-2-benet\/","og_locale":"da_DK","og_type":"article","og_title":"Sidomarkering 3LED 2PIN - Xenonkungen","og_description":"LED Sidomarkeringslampa med Reflexplatta: Optimal Synlighet och Stil En avancerad belysningsl\u00f6sning som f\u00f6rb\u00e4ttrar b\u00e5de s\u00e4kerheten och utseendet p\u00e5 ditt fordon med modern LED-teknik och elegant design. Specifikationer: Reflexplatta: F\u00f6rb\u00e4ttrar synligheten \u00e4ven i avst\u00e4ngt tillst\u00e5nd. SMD LED: Tre ljusstarka dioder f\u00f6r effektiv sidobelysning. Sarg: Modern svart design som kompletterar alla fordonstyper. Elektronik: L\u00e4ckagef\u00f6rseglad f\u00f6r tillf\u00f6rlitlig anv\u00e4ndning [&hellip;]","og_url":"https:\/\/xenonkungen.com\/dk\/vare\/sidemarkeringslys-3-led-2-benet\/","og_site_name":"Xenonkungen","article_modified_time":"2026-04-10T23:48:24+00:00","og_image":[{"width":600,"height":600,"url":"https:\/\/xenonkungen.com\/wp-content\/uploads\/2025\/04\/11528964-origpic-10218e.jpg","type":"image\/jpeg"}],"twitter_card":"summary_large_image","twitter_misc":{"Estimeret l\u00e6setid":"1 minut"},"schema":{"@context":"https:\/\/schema.org","@graph":[{"@type":"WebPage","@id":"https:\/\/xenonkungen.com\/produkt\/sidomarkering-3led-2pin\/","url":"https:\/\/xenonkungen.com\/produkt\/sidomarkering-3led-2pin\/","name":"Sidemarkeringslygte 3LED 2PIN - Xenon-kongen","isPartOf":{"@id":"https:\/\/xenonkungen.com\/#website"},"primaryImageOfPage":{"@id":"https:\/\/xenonkungen.com\/produkt\/sidomarkering-3led-2pin\/#primaryimage"},"image":{"@id":"https:\/\/xenonkungen.com\/produkt\/sidomarkering-3led-2pin\/#primaryimage"},"thumbnailUrl":"https:\/\/xenonkungen.com\/wp-content\/uploads\/2025\/04\/11528964-origpic-10218e.jpg","datePublished":"2025-04-15T09:52:22+00:00","dateModified":"2026-04-10T23:48:24+00:00","breadcrumb":{"@id":"https:\/\/xenonkungen.com\/produkt\/sidomarkering-3led-2pin\/#breadcrumb"},"inLanguage":"da-DK","potentialAction":[{"@type":"ReadAction","target":["https:\/\/xenonkungen.com\/produkt\/sidomarkering-3led-2pin\/"]}]},{"@type":"ImageObject","inLanguage":"da-DK","@id":"https:\/\/xenonkungen.com\/produkt\/sidomarkering-3led-2pin\/#primaryimage","url":"https:\/\/xenonkungen.com\/wp-content\/uploads\/2025\/04\/11528964-origpic-10218e.jpg","contentUrl":"https:\/\/xenonkungen.com\/wp-content\/uploads\/2025\/04\/11528964-origpic-10218e.jpg","width":600,"height":600},{"@type":"BreadcrumbList","@id":"https:\/\/xenonkungen.com\/produkt\/sidomarkering-3led-2pin\/#breadcrumb","itemListElement":[{"@type":"ListItem","position":1,"name":"Hem","item":"https:\/\/xenonkungen.com\/"},{"@type":"ListItem","position":2,"name":"Shop","item":"https:\/\/xenonkungen.com\/shop\/"},{"@type":"ListItem","position":3,"name":"Sidomarkering 3LED 2PIN"}]},{"@type":"WebSite","@id":"https:\/\/xenonkungen.com\/#website","url":"https:\/\/xenonkungen.com\/","name":"Xenonkungen","description":"","potentialAction":[{"@type":"SearchAction","target":{"@type":"EntryPoint","urlTemplate":"https:\/\/xenonkungen.com\/?s={search_term_string}"},"query-input":{"@type":"PropertyValueSpecification","valueRequired":true,"valueName":"search_term_string"}}],"inLanguage":"da-DK"}]}},"taxonomy_info":{"anvandningsomrade":[{"value":166,"label":"Lastbil"},{"value":238,"label":"SL\u00c4P"},{"value":2816,"label":"TRAILER"}],"product_brand":[{"value":1252,"label":"LEA"}],"product_cat":[{"value":2478,"label":"Positionsljus"},{"value":2813,"label":"Sido"}],"pa_fuktskydd-varde-ipxx":[{"value":333,"label":"IP67"}],"pa_godkannande":[{"value":1884,"label":"ECE, R91"}],"pa_storlek-mm":[{"value":1823,"label":"100x44x12"}],"pa_stromforbrukning":[{"value":1832,"label":"0,02A @13,8V"},{"value":1883,"label":"0,3A @28V"}],"pa_volt-v":[{"value":348,"label":"12, 24"}]},"featured_image_src_large":["https:\/\/xenonkungen.com\/wp-content\/uploads\/2025\/04\/11528964-origpic-10218e.jpg",600,600,false],"author_info":[],"comment_info":0,"_links":{"self":[{"href":"https:\/\/xenonkungen.com\/dk\/wp-json\/wp\/v2\/product\/7104","targetHints":{"allow":["GET"]}}],"collection":[{"href":"https:\/\/xenonkungen.com\/dk\/wp-json\/wp\/v2\/product"}],"about":[{"href":"https:\/\/xenonkungen.com\/dk\/wp-json\/wp\/v2\/types\/product"}],"replies":[{"embeddable":true,"href":"https:\/\/xenonkungen.com\/dk\/wp-json\/wp\/v2\/comments?post=7104"}],"wp:featuredmedia":[{"embeddable":true,"href":"https:\/\/xenonkungen.com\/dk\/wp-json\/wp\/v2\/media\/7105"}],"wp:attachment":[{"href":"https:\/\/xenonkungen.com\/dk\/wp-json\/wp\/v2\/media?parent=7104"}],"wp:term":[{"taxonomy":"anvandningsomrade","embeddable":true,"href":"https:\/\/xenonkungen.com\/dk\/wp-json\/wp\/v2\/anvandningsomrade?post=7104"},{"taxonomy":"bilmarken","embeddable":true,"href":"https:\/\/xenonkungen.com\/dk\/wp-json\/wp\/v2\/bilmarken?post=7104"},{"taxonomy":"product_brand","embeddable":true,"href":"https:\/\/xenonkungen.com\/dk\/wp-json\/wp\/v2\/product_brand?post=7104"},{"taxonomy":"product_cat","embeddable":true,"href":"https:\/\/xenonkungen.com\/dk\/wp-json\/wp\/v2\/product_cat?post=7104"},{"taxonomy":"product_tag","embeddable":true,"href":"https:\/\/xenonkungen.com\/dk\/wp-json\/wp\/v2\/product_tag?post=7104"}],"curies":[{"name":"wp","href":"https:\/\/api.w.org\/{rel}","templated":true}]}}