{"id":7195,"date":"2025-04-15T09:53:03","date_gmt":"2025-04-15T09:53:03","guid":{"rendered":"https:\/\/xenonkungen.com\/product\/osram-xenarc-night-breaker-220-d1s\/"},"modified":"2026-04-24T17:38:25","modified_gmt":"2026-04-24T16:38:25","slug":"osram-xenarc-night-breaker-220-d1s","status":"publish","type":"product","link":"https:\/\/xenonkungen.com\/dk\/vare\/osram-xenarc-night-breaker-220-d1s\/","title":{"rendered":"Osram Xenarc Night Breaker 220 D1S"},"content":{"rendered":"<h1 class=\"font-headline-text-bold orange\">OSRAMs kraftigste D1S xenonlampe<\/h1>\n<p><span>XENARC NIGHT BREAKER 220 er OSRAMs mest kraftfulde xenonlampe. Denne kraftige lampe med effektiv xenon-teknologi giver bedre synlighed p\u00e5 vejen: op til 220 % mere lys i forhold til den lovpligtige minimumsstandard. <\/span><\/p>\n<p><span>Mere lys betyder, at du ser l\u00e6ngere og derfor kan reagere hurtigere. Derudover er synligheden op til 250 meter l\u00e6ngere og op til 20 % hvidere for et mere moderne udseende (sammenlignet med den lovpligtige minimumsstandard). <\/span><\/p>\n<p><span>Oplev den fantastiske ydeevne i XENARC NIGHT BREAKER 220 - OSRAMs mest kraftfulde xenonlampe.\u00a0<\/span><\/p>\n<p><span><strong>OBS!<\/strong> Udskiftning af XENARC-lamper skal ske parvis og af en fagmand.<\/span><\/p>\n<p><span><strong>Elektriske data:<\/strong><br \/>- Maksimal effekt: 35W<br \/>- Nominel m\u00e6rkesp\u00e6nding: 85,0 V<br \/>- Nominel effekt: 35W<br \/>- Testsp\u00e6nding i volt: 13,5 V<br \/>- Tolerance for str\u00f8mforbrug: \u00b13<\/span><\/p>\n<p><span><strong>Fotometriske data:<\/strong><br \/>- Lysstr\u00f8m: 3200 lm<br \/>- Lysstr\u00f8m, tolerance: \u00b115 %<br \/><\/span><\/p>\n<p><span><strong>Dimensioner:<\/strong><br \/>- Diameter: 9,0 mm<br \/>- L\u00e6ngde: 77,3 mm<br \/>\u2013 Produktv\u00e6gt: 60,70 g<br \/><\/span><\/p>\n<p><span><strong>Forventet levealder:<\/strong><br \/>- Levetid B3: 1500 timer<br \/>- Levetid Tc i timer: 3000 h<\/span><\/p>\n<p><span><strong>Garanti:<\/strong><br \/>- 3 \u00e5r<\/span><\/p>","protected":false},"excerpt":{"rendered":"<p>OSRAM:s kraftfullaste D1S xenonlampa XENARC NIGHT BREAKER 220 \u00e4r OSRAMs mest kraftfulla xenonlampa. Denna kraftfulla lampa med effektiv xenonteknik ger b\u00e4ttre sikt p\u00e5 v\u00e4gen: upp till 220 % mer ljus j\u00e4mf\u00f6rt med minsta lagstadgad standard. Mer ljus g\u00f6r att du ser l\u00e4ngre och d\u00e4rf\u00f6r reagerar tidigare. Dessutom \u00e4r siktstr\u00e4ckan upp till 250 meter l\u00e5ng och [&hellip;]<\/p>","protected":false},"featured_media":7196,"comment_status":"closed","ping_status":"open","template":"","meta":{"_acf_changed":false,"_smort_price_nok":"1383","_smort_price_dkk":"879","_smort_price_eur":"117.72","_smort_sale_price_nok":"","_smort_sale_price_dkk":"","_smort_sale_price_eur":"","smort_restorder":"","shipmondo_restorder":"","_kad_blocks_custom_css":"","_kad_blocks_head_custom_js":"","_kad_blocks_body_custom_js":"","_kad_blocks_footer_custom_js":"","smort_custom_pricelist_1":"828.8","smort_custom_pricelist_2":"725.2","smort_custom_pricelist_3":"673.4","smort_custom_pricelist_4":"1036","smort_custom_pricelist_5":"725.2"},"anvandningsomrade":[],"bilmarken":[],"product_brand":[108],"product_cat":[2483,733],"product_tag":[],"class_list":{"0":"post-7195","1":"product","2":"type-product","3":"status-publish","4":"has-post-thumbnail","6":"product_brand-osram","7":"product_cat-xenon","8":"product_cat-halvljus-helljus","9":"pa_faktisk-effekts-forbrukning-847","10":"pa_lampsockel-kontakt-d1s","11":"pa_volt-v-12-24","13":"first","14":"instock","15":"taxable","16":"shipping-taxable","17":"purchasable","18":"product-type-simple"},"bundled_by":[],"bundle_stock_status":"instock","bundle_stock_quantity":2,"bundle_virtual":false,"bundle_layout":"","bundle_add_to_cart_form_location":"","bundle_editable_in_cart":false,"bundle_sold_individually_context":"","bundle_item_grouping":"","bundle_min_size":"","bundle_max_size":"","bundle_price":[],"bundled_items":[],"bundle_sell_ids":[],"acf":[],"yoast_head":"<!-- This site is optimized with the Yoast SEO plugin v27.0 - https:\/\/yoast.com\/product\/yoast-seo-wordpress\/ -->\n<title>Osram Xenarc Night Breaker 220 D1S - Xenonkungen<\/title>\n<meta name=\"robots\" content=\"index, follow, max-snippet:-1, max-image-preview:large, max-video-preview:-1\" \/>\n<link rel=\"canonical\" href=\"https:\/\/xenonkungen.com\/dk\/vare\/osram-xenarc-night-breaker-220-d1s\/\" \/>\n<meta property=\"og:locale\" content=\"da_DK\" \/>\n<meta property=\"og:type\" content=\"article\" \/>\n<meta property=\"og:title\" content=\"Osram Xenarc Night Breaker 220 D1S - Xenonkungen\" \/>\n<meta property=\"og:description\" content=\"OSRAM:s kraftfullaste D1S xenonlampa XENARC NIGHT BREAKER 220 \u00e4r OSRAMs mest kraftfulla xenonlampa. Denna kraftfulla lampa med effektiv xenonteknik ger b\u00e4ttre sikt p\u00e5 v\u00e4gen: upp till 220 % mer ljus j\u00e4mf\u00f6rt med minsta lagstadgad standard. Mer ljus g\u00f6r att du ser l\u00e4ngre och d\u00e4rf\u00f6r reagerar tidigare. Dessutom \u00e4r siktstr\u00e4ckan upp till 250 meter l\u00e5ng och [&hellip;]\" \/>\n<meta property=\"og:url\" content=\"https:\/\/xenonkungen.com\/dk\/vare\/osram-xenarc-night-breaker-220-d1s\/\" \/>\n<meta property=\"og:site_name\" content=\"Xenonkungen\" \/>\n<meta property=\"article:modified_time\" content=\"2026-04-24T16:38:25+00:00\" \/>\n<meta property=\"og:image\" content=\"https:\/\/xenonkungen.com\/wp-content\/uploads\/2025\/04\/215461639-origpic-d67c67.jpg\" \/>\n\t<meta property=\"og:image:width\" content=\"877\" \/>\n\t<meta property=\"og:image:height\" content=\"794\" \/>\n\t<meta property=\"og:image:type\" content=\"image\/jpeg\" \/>\n<meta name=\"twitter:card\" content=\"summary_large_image\" \/>\n<meta name=\"twitter:label1\" content=\"Estimeret l\u00e6setid\" \/>\n\t<meta name=\"twitter:data1\" content=\"1 minut\" \/>\n<script type=\"application\/ld+json\" class=\"yoast-schema-graph\">{\"@context\":\"https:\/\/schema.org\",\"@graph\":[{\"@type\":\"WebPage\",\"@id\":\"https:\/\/xenonkungen.com\/produkt\/osram-xenarc-night-breaker-220-d1s\/\",\"url\":\"https:\/\/xenonkungen.com\/produkt\/osram-xenarc-night-breaker-220-d1s\/\",\"name\":\"Osram Xenarc Night Breaker 220 D1S - Xenonkungen\",\"isPartOf\":{\"@id\":\"https:\/\/xenonkungen.com\/#website\"},\"primaryImageOfPage\":{\"@id\":\"https:\/\/xenonkungen.com\/produkt\/osram-xenarc-night-breaker-220-d1s\/#primaryimage\"},\"image\":{\"@id\":\"https:\/\/xenonkungen.com\/produkt\/osram-xenarc-night-breaker-220-d1s\/#primaryimage\"},\"thumbnailUrl\":\"https:\/\/xenonkungen.com\/wp-content\/uploads\/2025\/04\/215461639-origpic-d67c67.jpg\",\"datePublished\":\"2025-04-15T09:53:03+00:00\",\"dateModified\":\"2026-04-24T16:38:25+00:00\",\"breadcrumb\":{\"@id\":\"https:\/\/xenonkungen.com\/produkt\/osram-xenarc-night-breaker-220-d1s\/#breadcrumb\"},\"inLanguage\":\"da-DK\",\"potentialAction\":[{\"@type\":\"ReadAction\",\"target\":[\"https:\/\/xenonkungen.com\/produkt\/osram-xenarc-night-breaker-220-d1s\/\"]}]},{\"@type\":\"ImageObject\",\"inLanguage\":\"da-DK\",\"@id\":\"https:\/\/xenonkungen.com\/produkt\/osram-xenarc-night-breaker-220-d1s\/#primaryimage\",\"url\":\"https:\/\/xenonkungen.com\/wp-content\/uploads\/2025\/04\/215461639-origpic-d67c67.jpg\",\"contentUrl\":\"https:\/\/xenonkungen.com\/wp-content\/uploads\/2025\/04\/215461639-origpic-d67c67.jpg\",\"width\":877,\"height\":794},{\"@type\":\"BreadcrumbList\",\"@id\":\"https:\/\/xenonkungen.com\/produkt\/osram-xenarc-night-breaker-220-d1s\/#breadcrumb\",\"itemListElement\":[{\"@type\":\"ListItem\",\"position\":1,\"name\":\"Hem\",\"item\":\"https:\/\/xenonkungen.com\/\"},{\"@type\":\"ListItem\",\"position\":2,\"name\":\"Shop\",\"item\":\"https:\/\/xenonkungen.com\/shop\/\"},{\"@type\":\"ListItem\",\"position\":3,\"name\":\"Osram Xenarc Night Breaker 220 D1S\"}]},{\"@type\":\"WebSite\",\"@id\":\"https:\/\/xenonkungen.com\/#website\",\"url\":\"https:\/\/xenonkungen.com\/\",\"name\":\"Xenonkungen\",\"description\":\"\",\"potentialAction\":[{\"@type\":\"SearchAction\",\"target\":{\"@type\":\"EntryPoint\",\"urlTemplate\":\"https:\/\/xenonkungen.com\/?s={search_term_string}\"},\"query-input\":{\"@type\":\"PropertyValueSpecification\",\"valueRequired\":true,\"valueName\":\"search_term_string\"}}],\"inLanguage\":\"da-DK\"}]}<\/script>\n<!-- \/ Yoast SEO plugin. -->","yoast_head_json":{"title":"Osram Xenarc Night Breaker 220 D1S - Xenon-kongen","robots":{"index":"index","follow":"follow","max-snippet":"max-snippet:-1","max-image-preview":"max-image-preview:large","max-video-preview":"max-video-preview:-1"},"canonical":"https:\/\/xenonkungen.com\/dk\/vare\/osram-xenarc-night-breaker-220-d1s\/","og_locale":"da_DK","og_type":"article","og_title":"Osram Xenarc Night Breaker 220 D1S - Xenonkungen","og_description":"OSRAM:s kraftfullaste D1S xenonlampa XENARC NIGHT BREAKER 220 \u00e4r OSRAMs mest kraftfulla xenonlampa. Denna kraftfulla lampa med effektiv xenonteknik ger b\u00e4ttre sikt p\u00e5 v\u00e4gen: upp till 220 % mer ljus j\u00e4mf\u00f6rt med minsta lagstadgad standard. Mer ljus g\u00f6r att du ser l\u00e4ngre och d\u00e4rf\u00f6r reagerar tidigare. Dessutom \u00e4r siktstr\u00e4ckan upp till 250 meter l\u00e5ng och [&hellip;]","og_url":"https:\/\/xenonkungen.com\/dk\/vare\/osram-xenarc-night-breaker-220-d1s\/","og_site_name":"Xenonkungen","article_modified_time":"2026-04-24T16:38:25+00:00","og_image":[{"width":877,"height":794,"url":"https:\/\/xenonkungen.com\/wp-content\/uploads\/2025\/04\/215461639-origpic-d67c67.jpg","type":"image\/jpeg"}],"twitter_card":"summary_large_image","twitter_misc":{"Estimeret l\u00e6setid":"1 minut"},"schema":{"@context":"https:\/\/schema.org","@graph":[{"@type":"WebPage","@id":"https:\/\/xenonkungen.com\/produkt\/osram-xenarc-night-breaker-220-d1s\/","url":"https:\/\/xenonkungen.com\/produkt\/osram-xenarc-night-breaker-220-d1s\/","name":"Osram Xenarc Night Breaker 220 D1S - Xenon-kongen","isPartOf":{"@id":"https:\/\/xenonkungen.com\/#website"},"primaryImageOfPage":{"@id":"https:\/\/xenonkungen.com\/produkt\/osram-xenarc-night-breaker-220-d1s\/#primaryimage"},"image":{"@id":"https:\/\/xenonkungen.com\/produkt\/osram-xenarc-night-breaker-220-d1s\/#primaryimage"},"thumbnailUrl":"https:\/\/xenonkungen.com\/wp-content\/uploads\/2025\/04\/215461639-origpic-d67c67.jpg","datePublished":"2025-04-15T09:53:03+00:00","dateModified":"2026-04-24T16:38:25+00:00","breadcrumb":{"@id":"https:\/\/xenonkungen.com\/produkt\/osram-xenarc-night-breaker-220-d1s\/#breadcrumb"},"inLanguage":"da-DK","potentialAction":[{"@type":"ReadAction","target":["https:\/\/xenonkungen.com\/produkt\/osram-xenarc-night-breaker-220-d1s\/"]}]},{"@type":"ImageObject","inLanguage":"da-DK","@id":"https:\/\/xenonkungen.com\/produkt\/osram-xenarc-night-breaker-220-d1s\/#primaryimage","url":"https:\/\/xenonkungen.com\/wp-content\/uploads\/2025\/04\/215461639-origpic-d67c67.jpg","contentUrl":"https:\/\/xenonkungen.com\/wp-content\/uploads\/2025\/04\/215461639-origpic-d67c67.jpg","width":877,"height":794},{"@type":"BreadcrumbList","@id":"https:\/\/xenonkungen.com\/produkt\/osram-xenarc-night-breaker-220-d1s\/#breadcrumb","itemListElement":[{"@type":"ListItem","position":1,"name":"Hem","item":"https:\/\/xenonkungen.com\/"},{"@type":"ListItem","position":2,"name":"Shop","item":"https:\/\/xenonkungen.com\/shop\/"},{"@type":"ListItem","position":3,"name":"Osram Xenarc Night Breaker 220 D1S"}]},{"@type":"WebSite","@id":"https:\/\/xenonkungen.com\/#website","url":"https:\/\/xenonkungen.com\/","name":"Xenonkungen","description":"","potentialAction":[{"@type":"SearchAction","target":{"@type":"EntryPoint","urlTemplate":"https:\/\/xenonkungen.com\/?s={search_term_string}"},"query-input":{"@type":"PropertyValueSpecification","valueRequired":true,"valueName":"search_term_string"}}],"inLanguage":"da-DK"}]}},"taxonomy_info":{"product_brand":[{"value":108,"label":"OSRAM"}],"product_cat":[{"value":2483,"label":"Xenon"},{"value":733,"label":"Halvljus \/ Helljus"}],"pa_faktisk-effekts-forbrukning":[{"value":847,"label":"35"}],"pa_lampsockel-kontakt":[{"value":756,"label":"D1S"}],"pa_volt-v":[{"value":348,"label":"12, 24"}]},"featured_image_src_large":["https:\/\/xenonkungen.com\/wp-content\/uploads\/2025\/04\/215461639-origpic-d67c67.jpg",877,794,false],"author_info":[],"comment_info":1,"_links":{"self":[{"href":"https:\/\/xenonkungen.com\/dk\/wp-json\/wp\/v2\/product\/7195","targetHints":{"allow":["GET"]}}],"collection":[{"href":"https:\/\/xenonkungen.com\/dk\/wp-json\/wp\/v2\/product"}],"about":[{"href":"https:\/\/xenonkungen.com\/dk\/wp-json\/wp\/v2\/types\/product"}],"replies":[{"embeddable":true,"href":"https:\/\/xenonkungen.com\/dk\/wp-json\/wp\/v2\/comments?post=7195"}],"wp:featuredmedia":[{"embeddable":true,"href":"https:\/\/xenonkungen.com\/dk\/wp-json\/wp\/v2\/media\/7196"}],"wp:attachment":[{"href":"https:\/\/xenonkungen.com\/dk\/wp-json\/wp\/v2\/media?parent=7195"}],"wp:term":[{"taxonomy":"anvandningsomrade","embeddable":true,"href":"https:\/\/xenonkungen.com\/dk\/wp-json\/wp\/v2\/anvandningsomrade?post=7195"},{"taxonomy":"bilmarken","embeddable":true,"href":"https:\/\/xenonkungen.com\/dk\/wp-json\/wp\/v2\/bilmarken?post=7195"},{"taxonomy":"product_brand","embeddable":true,"href":"https:\/\/xenonkungen.com\/dk\/wp-json\/wp\/v2\/product_brand?post=7195"},{"taxonomy":"product_cat","embeddable":true,"href":"https:\/\/xenonkungen.com\/dk\/wp-json\/wp\/v2\/product_cat?post=7195"},{"taxonomy":"product_tag","embeddable":true,"href":"https:\/\/xenonkungen.com\/dk\/wp-json\/wp\/v2\/product_tag?post=7195"}],"curies":[{"name":"wp","href":"https:\/\/api.w.org\/{rel}","templated":true}]}}