{"id":7247,"date":"2025-04-15T09:53:28","date_gmt":"2025-04-15T09:53:28","guid":{"rendered":"https:\/\/xenonkungen.com\/product\/d3s-osram-xenarc-cool-blue-boost\/"},"modified":"2026-04-24T17:38:45","modified_gmt":"2026-04-24T16:38:45","slug":"d3s-osram-xenarc-cool-blue-boost","status":"publish","type":"product","link":"https:\/\/xenonkungen.com\/dk\/vare\/d3s-osram-xenarc-cool-blue-boost\/","title":{"rendered":"D3S Osram Xenarc\u00ae Cool blue boost"},"content":{"rendered":"<h1>XENARC COOL BLUE BOOST \u2013 Ekstremt hvidt xenonlys til terr\u00e6ng\u00e5ende brug<\/h1>\n<p>Opgrader din belysning med <strong>XENARC COOL BLUE BOOST<\/strong>, en lampe, der leverer et imponerende hvidt xenonlys med en farvetemperatur p\u00e5 op til 7.000 K. Oplev en LED-lignende lysfornemmelse og forbedret lysstyrke, der giver dit k\u00f8ret\u00f8j et moderne og kraftfuldt udseende \u2013 perfekt til terr\u00e6nk\u00f8rsel og specielle anvendelser.<\/p>\n<ul>\n<li><strong>Enest\u00e5ende hvidt lys:<\/strong> Skab en LED-lignende f\u00f8lelse med xenon-lygter, der virkelig skiller sig ud.<\/li>\n<li><strong>H\u00f8j farvetemperatur:<\/strong> Op til 7.000 K for et unikt og eksklusivt lysbillede.<\/li>\n<li><strong>Avanceret teknologi:<\/strong> Innovativ fyldning i stedet for traditionelt belagt glas giver h\u00f8jere ydeevne.<\/li>\n<li><strong>\u00d8get lysstyrke:<\/strong> G\u00f8r terr\u00e6ng\u00e5ende og specialbrug b\u00e5de mere stilfuld og mere funktionel.<\/li>\n<\/ul>\n<p><strong>Det er vigtigt:<\/strong> Disse produkter er ikke ECE-godkendte og er kun beregnet til terr\u00e6nk\u00f8rsel og andre terr\u00e6nk\u00f8rselsapplikationer. Brug p\u00e5 offentlige veje kan medf\u00f8re k\u00f8rselsforbud og kan p\u00e5virke din forsikring. Nogle lande har ogs\u00e5 restriktioner for salg og brug af dette produkt.<\/p>\n<p><strong>Teknisk specifikation<\/strong><\/p>\n<p><strong>Elektriske data<br \/><\/strong>\u2013 Testsp\u00e6nding: 13,5 V<br \/>\u2013 Maks. effekt: 35 W<br \/>\u2013 Nominel effekt: 35 W<br \/>- Nominel m\u00e6rkesp\u00e6nding: 42,0 V<br \/>\u2013 Tolerance over str\u00f8mforbrug: <span>\u00b13<\/span><\/p>\n<p><strong>Fotometriske data<\/strong><br \/>- Lysstr\u00f8m: 3200 lm<br \/>- Lysstr\u00f8m, tolerance: \u00b115 %<br \/>\u2013 Farvetemperatur: Op til 7000K<\/p>\n<p><strong>Fysiske egenskaber og dimensioner<br \/><\/strong>\u2013 Stikkontakt: PX32d-5<br \/>- L\u00e6ngde: 83,2 mm<br \/>- Diameter: 9 mm<br \/>- Produktets v\u00e6gt: 60,20 g<\/p>\n<p><strong>Livstidsdata<\/strong><br \/>\u2013 Levetid Tc: 1500 timer<br \/>\u2013 Levetid B3: 1000 timer<\/p>","protected":false},"excerpt":{"rendered":"<p>Ekstremt hvidt xenonlys, der skaber en LED-fornemmelse<\/p>","protected":false},"featured_media":7248,"comment_status":"closed","ping_status":"open","template":"","meta":{"_acf_changed":false,"_smort_price_nok":"1885","_smort_price_dkk":"1198","_smort_price_eur":"160.45","_smort_sale_price_nok":"","_smort_sale_price_dkk":"","_smort_sale_price_eur":"120.34","smort_restorder":"","shipmondo_restorder":"","_kad_blocks_custom_css":"","_kad_blocks_head_custom_js":"","_kad_blocks_body_custom_js":"","_kad_blocks_footer_custom_js":"","smort_custom_pricelist_1":"1292.8","smort_custom_pricelist_2":"1292.8","smort_custom_pricelist_3":"1228.16","smort_custom_pricelist_4":"1616","smort_custom_pricelist_5":"1292.8"},"anvandningsomrade":[],"bilmarken":[],"product_brand":[108],"product_cat":[2483,733],"product_tag":[],"class_list":{"0":"post-7247","1":"product","2":"type-product","3":"status-publish","4":"has-post-thumbnail","6":"product_brand-osram","7":"product_cat-xenon","8":"product_cat-halvljus-helljus","9":"pa_faktisk-effekts-forbrukning-847","10":"pa_fargtemperatur-7000k","11":"pa_lampsockel-kontakt-d3s","13":"first","14":"instock","15":"taxable","16":"shipping-taxable","17":"purchasable","18":"product-type-simple"},"bundled_by":[],"bundle_stock_status":"instock","bundle_stock_quantity":11,"bundle_virtual":false,"bundle_layout":"","bundle_add_to_cart_form_location":"","bundle_editable_in_cart":false,"bundle_sold_individually_context":"","bundle_item_grouping":"","bundle_min_size":"","bundle_max_size":"","bundle_price":[],"bundled_items":[],"bundle_sell_ids":[],"acf":[],"yoast_head":"<!-- This site is optimized with the Yoast SEO plugin v27.0 - https:\/\/yoast.com\/product\/yoast-seo-wordpress\/ -->\n<title>D3S Osram Xenarc\u00ae Cool blue boost - Xenonkungen<\/title>\n<meta name=\"robots\" content=\"index, follow, max-snippet:-1, max-image-preview:large, max-video-preview:-1\" \/>\n<link rel=\"canonical\" href=\"https:\/\/xenonkungen.com\/dk\/vare\/d3s-osram-xenarc-cool-blue-boost\/\" \/>\n<meta property=\"og:locale\" content=\"da_DK\" \/>\n<meta property=\"og:type\" content=\"article\" \/>\n<meta property=\"og:title\" content=\"D3S Osram Xenarc\u00ae Cool blue boost - Xenonkungen\" \/>\n<meta property=\"og:description\" content=\"Extremt vitt xenonljus som skapar LED-k\u00e4nsla\" \/>\n<meta property=\"og:url\" content=\"https:\/\/xenonkungen.com\/dk\/vare\/d3s-osram-xenarc-cool-blue-boost\/\" \/>\n<meta property=\"og:site_name\" content=\"Xenonkungen\" \/>\n<meta property=\"article:modified_time\" content=\"2026-04-24T16:38:45+00:00\" \/>\n<meta property=\"og:image\" content=\"https:\/\/xenonkungen.com\/wp-content\/uploads\/2025\/04\/182469879-origpic-5ecaca.jpg\" \/>\n\t<meta property=\"og:image:width\" content=\"900\" \/>\n\t<meta property=\"og:image:height\" content=\"900\" \/>\n\t<meta property=\"og:image:type\" content=\"image\/jpeg\" \/>\n<meta name=\"twitter:card\" content=\"summary_large_image\" \/>\n<meta name=\"twitter:label1\" content=\"Estimeret l\u00e6setid\" \/>\n\t<meta name=\"twitter:data1\" content=\"1 minut\" \/>\n<script type=\"application\/ld+json\" class=\"yoast-schema-graph\">{\"@context\":\"https:\/\/schema.org\",\"@graph\":[{\"@type\":\"WebPage\",\"@id\":\"https:\/\/xenonkungen.com\/produkt\/d3s-osram-xenarc-cool-blue-boost\/\",\"url\":\"https:\/\/xenonkungen.com\/produkt\/d3s-osram-xenarc-cool-blue-boost\/\",\"name\":\"D3S Osram Xenarc\u00ae Cool blue boost - Xenonkungen\",\"isPartOf\":{\"@id\":\"https:\/\/xenonkungen.com\/#website\"},\"primaryImageOfPage\":{\"@id\":\"https:\/\/xenonkungen.com\/produkt\/d3s-osram-xenarc-cool-blue-boost\/#primaryimage\"},\"image\":{\"@id\":\"https:\/\/xenonkungen.com\/produkt\/d3s-osram-xenarc-cool-blue-boost\/#primaryimage\"},\"thumbnailUrl\":\"https:\/\/xenonkungen.com\/wp-content\/uploads\/2025\/04\/182469879-origpic-5ecaca.jpg\",\"datePublished\":\"2025-04-15T09:53:28+00:00\",\"dateModified\":\"2026-04-24T16:38:45+00:00\",\"breadcrumb\":{\"@id\":\"https:\/\/xenonkungen.com\/produkt\/d3s-osram-xenarc-cool-blue-boost\/#breadcrumb\"},\"inLanguage\":\"da-DK\",\"potentialAction\":[{\"@type\":\"ReadAction\",\"target\":[\"https:\/\/xenonkungen.com\/produkt\/d3s-osram-xenarc-cool-blue-boost\/\"]}]},{\"@type\":\"ImageObject\",\"inLanguage\":\"da-DK\",\"@id\":\"https:\/\/xenonkungen.com\/produkt\/d3s-osram-xenarc-cool-blue-boost\/#primaryimage\",\"url\":\"https:\/\/xenonkungen.com\/wp-content\/uploads\/2025\/04\/182469879-origpic-5ecaca.jpg\",\"contentUrl\":\"https:\/\/xenonkungen.com\/wp-content\/uploads\/2025\/04\/182469879-origpic-5ecaca.jpg\",\"width\":900,\"height\":900},{\"@type\":\"BreadcrumbList\",\"@id\":\"https:\/\/xenonkungen.com\/produkt\/d3s-osram-xenarc-cool-blue-boost\/#breadcrumb\",\"itemListElement\":[{\"@type\":\"ListItem\",\"position\":1,\"name\":\"Hem\",\"item\":\"https:\/\/xenonkungen.com\/\"},{\"@type\":\"ListItem\",\"position\":2,\"name\":\"Shop\",\"item\":\"https:\/\/xenonkungen.com\/shop\/\"},{\"@type\":\"ListItem\",\"position\":3,\"name\":\"D3S Osram Xenarc\u00ae Cool blue boost\"}]},{\"@type\":\"WebSite\",\"@id\":\"https:\/\/xenonkungen.com\/#website\",\"url\":\"https:\/\/xenonkungen.com\/\",\"name\":\"Xenonkungen\",\"description\":\"\",\"potentialAction\":[{\"@type\":\"SearchAction\",\"target\":{\"@type\":\"EntryPoint\",\"urlTemplate\":\"https:\/\/xenonkungen.com\/?s={search_term_string}\"},\"query-input\":{\"@type\":\"PropertyValueSpecification\",\"valueRequired\":true,\"valueName\":\"search_term_string\"}}],\"inLanguage\":\"da-DK\"}]}<\/script>\n<!-- \/ Yoast SEO plugin. -->","yoast_head_json":{"title":"D3S Osram Xenarc\u00ae Cool blue boost - Xenon-kongen","robots":{"index":"index","follow":"follow","max-snippet":"max-snippet:-1","max-image-preview":"max-image-preview:large","max-video-preview":"max-video-preview:-1"},"canonical":"https:\/\/xenonkungen.com\/dk\/vare\/d3s-osram-xenarc-cool-blue-boost\/","og_locale":"da_DK","og_type":"article","og_title":"D3S Osram Xenarc\u00ae Cool blue boost - Xenonkungen","og_description":"Extremt vitt xenonljus som skapar LED-k\u00e4nsla","og_url":"https:\/\/xenonkungen.com\/dk\/vare\/d3s-osram-xenarc-cool-blue-boost\/","og_site_name":"Xenonkungen","article_modified_time":"2026-04-24T16:38:45+00:00","og_image":[{"width":900,"height":900,"url":"https:\/\/xenonkungen.com\/wp-content\/uploads\/2025\/04\/182469879-origpic-5ecaca.jpg","type":"image\/jpeg"}],"twitter_card":"summary_large_image","twitter_misc":{"Estimeret l\u00e6setid":"1 minut"},"schema":{"@context":"https:\/\/schema.org","@graph":[{"@type":"WebPage","@id":"https:\/\/xenonkungen.com\/produkt\/d3s-osram-xenarc-cool-blue-boost\/","url":"https:\/\/xenonkungen.com\/produkt\/d3s-osram-xenarc-cool-blue-boost\/","name":"D3S Osram Xenarc\u00ae Cool blue boost - Xenon-kongen","isPartOf":{"@id":"https:\/\/xenonkungen.com\/#website"},"primaryImageOfPage":{"@id":"https:\/\/xenonkungen.com\/produkt\/d3s-osram-xenarc-cool-blue-boost\/#primaryimage"},"image":{"@id":"https:\/\/xenonkungen.com\/produkt\/d3s-osram-xenarc-cool-blue-boost\/#primaryimage"},"thumbnailUrl":"https:\/\/xenonkungen.com\/wp-content\/uploads\/2025\/04\/182469879-origpic-5ecaca.jpg","datePublished":"2025-04-15T09:53:28+00:00","dateModified":"2026-04-24T16:38:45+00:00","breadcrumb":{"@id":"https:\/\/xenonkungen.com\/produkt\/d3s-osram-xenarc-cool-blue-boost\/#breadcrumb"},"inLanguage":"da-DK","potentialAction":[{"@type":"ReadAction","target":["https:\/\/xenonkungen.com\/produkt\/d3s-osram-xenarc-cool-blue-boost\/"]}]},{"@type":"ImageObject","inLanguage":"da-DK","@id":"https:\/\/xenonkungen.com\/produkt\/d3s-osram-xenarc-cool-blue-boost\/#primaryimage","url":"https:\/\/xenonkungen.com\/wp-content\/uploads\/2025\/04\/182469879-origpic-5ecaca.jpg","contentUrl":"https:\/\/xenonkungen.com\/wp-content\/uploads\/2025\/04\/182469879-origpic-5ecaca.jpg","width":900,"height":900},{"@type":"BreadcrumbList","@id":"https:\/\/xenonkungen.com\/produkt\/d3s-osram-xenarc-cool-blue-boost\/#breadcrumb","itemListElement":[{"@type":"ListItem","position":1,"name":"Hem","item":"https:\/\/xenonkungen.com\/"},{"@type":"ListItem","position":2,"name":"Shop","item":"https:\/\/xenonkungen.com\/shop\/"},{"@type":"ListItem","position":3,"name":"D3S Osram Xenarc\u00ae Cool blue boost"}]},{"@type":"WebSite","@id":"https:\/\/xenonkungen.com\/#website","url":"https:\/\/xenonkungen.com\/","name":"Xenonkungen","description":"","potentialAction":[{"@type":"SearchAction","target":{"@type":"EntryPoint","urlTemplate":"https:\/\/xenonkungen.com\/?s={search_term_string}"},"query-input":{"@type":"PropertyValueSpecification","valueRequired":true,"valueName":"search_term_string"}}],"inLanguage":"da-DK"}]}},"taxonomy_info":{"product_brand":[{"value":108,"label":"OSRAM"}],"product_cat":[{"value":2483,"label":"Xenon"},{"value":733,"label":"Halvljus \/ Helljus"}],"pa_faktisk-effekts-forbrukning":[{"value":847,"label":"35"}],"pa_fargtemperatur":[{"value":1888,"label":"7000K"}],"pa_lampsockel-kontakt":[{"value":759,"label":"D3S"}]},"featured_image_src_large":["https:\/\/xenonkungen.com\/wp-content\/uploads\/2025\/04\/182469879-origpic-5ecaca.jpg",900,900,false],"author_info":[],"comment_info":0,"_links":{"self":[{"href":"https:\/\/xenonkungen.com\/dk\/wp-json\/wp\/v2\/product\/7247","targetHints":{"allow":["GET"]}}],"collection":[{"href":"https:\/\/xenonkungen.com\/dk\/wp-json\/wp\/v2\/product"}],"about":[{"href":"https:\/\/xenonkungen.com\/dk\/wp-json\/wp\/v2\/types\/product"}],"replies":[{"embeddable":true,"href":"https:\/\/xenonkungen.com\/dk\/wp-json\/wp\/v2\/comments?post=7247"}],"wp:featuredmedia":[{"embeddable":true,"href":"https:\/\/xenonkungen.com\/dk\/wp-json\/wp\/v2\/media\/7248"}],"wp:attachment":[{"href":"https:\/\/xenonkungen.com\/dk\/wp-json\/wp\/v2\/media?parent=7247"}],"wp:term":[{"taxonomy":"anvandningsomrade","embeddable":true,"href":"https:\/\/xenonkungen.com\/dk\/wp-json\/wp\/v2\/anvandningsomrade?post=7247"},{"taxonomy":"bilmarken","embeddable":true,"href":"https:\/\/xenonkungen.com\/dk\/wp-json\/wp\/v2\/bilmarken?post=7247"},{"taxonomy":"product_brand","embeddable":true,"href":"https:\/\/xenonkungen.com\/dk\/wp-json\/wp\/v2\/product_brand?post=7247"},{"taxonomy":"product_cat","embeddable":true,"href":"https:\/\/xenonkungen.com\/dk\/wp-json\/wp\/v2\/product_cat?post=7247"},{"taxonomy":"product_tag","embeddable":true,"href":"https:\/\/xenonkungen.com\/dk\/wp-json\/wp\/v2\/product_tag?post=7247"}],"curies":[{"name":"wp","href":"https:\/\/api.w.org\/{rel}","templated":true}]}}