{"id":7295,"date":"2025-04-15T09:53:57","date_gmt":"2025-04-15T09:53:57","guid":{"rendered":"https:\/\/xenonkungen.com\/product\/d8s-xenarc-cool-blue-intense-ng-styck\/"},"modified":"2026-05-11T10:36:41","modified_gmt":"2026-05-11T09:36:41","slug":"d8s-xenarc-kolig-bla-intens-ng-hver","status":"publish","type":"product","link":"https:\/\/xenonkungen.com\/dk\/vare\/d8s-xenarc-kolig-bla-intens-ng-hver\/","title":{"rendered":"D8S XENARC\u00ae Cool Blue Intense (NG) | stykke"},"content":{"rendered":"<p>Ekstra hvidt lys med op til 6 200 K<\/p>\n<p>XENARC COOL BLUE INTENSE giver et moderne look med h\u00f8j lysstyrke! Med sit xenonlys med h\u00f8j kontrast, hvis ekstra hvide lys minder om LED-belysning, er denne billygte perfekt til bilister, der kan lide kombinationen af stilfuldt og personligt design og enest\u00e5ende belysning af vejen. <\/p>\n<p>Den h\u00f8jteknologiske xenonlampe med farvetemperaturer p\u00e5 op til 6.200 Kelvin byder p\u00e5 h\u00f8jeffektiv teknologi, kraftigt lysudbytte og kompromisl\u00f8st design. Takket v\u00e6re en s\u00e6rlig fyldning, der bruges i stedet for almindeligt belagt glas, kan lampen udsende et ekstra hvidt lys. Det elegante lys skaber en uundg\u00e5elig effekt, som f\u00e5r andre bilister til at se dig bedre. <\/p>\n<p>Oplev det us\u00e6dvanligt klare, kontrastrige og meget hvide lys med en farvetemperatur p\u00e5 op til 6.200 Kelvin og 150 % h\u00f8jere lysudbytte! Med XENARC COOL BLUE INTENSE bliver nat til dag. <\/p>\n<p>Lampen er ikke kompatibel med andre xenonlyssystemer (D1S, D3S).<\/p>\n<p>Xenon-lys D8S f\u00e5s blandt andet i f\u00f8lgende biler:<br \/>Audi A1 Sportback<br \/>Audi A1<br \/>Tesla<br \/>VW Caddy 2017<\/p>\n<p>Osram-garanti 1 \u00e5r.<\/p>\n<p>Bem\u00e6rk, at denne lampe s\u00e6lges enkeltvis.<\/p>","protected":false},"excerpt":{"rendered":"<p>XENARC COOL BLUE INTENSE D8S Xenon-lampe fra Osram, passer til Tesla, VW Amarok osv. <\/p>\n<p>Ekstra hvidt lys med op til 6 200 K<\/p>","protected":false},"featured_media":7296,"comment_status":"closed","ping_status":"open","template":"","meta":{"_acf_changed":false,"_smort_price_nok":"1175","_smort_price_dkk":"746","_smort_price_eur":"100","_smort_sale_price_nok":"","_smort_sale_price_dkk":"","_smort_sale_price_eur":"75","smort_restorder":"","shipmondo_restorder":"","_kad_blocks_custom_css":"","_kad_blocks_head_custom_js":"","_kad_blocks_body_custom_js":"","_kad_blocks_footer_custom_js":"","smort_custom_pricelist_1":"704","smort_custom_pricelist_2":"704","smort_custom_pricelist_3":"668.8","smort_custom_pricelist_4":"880","smort_custom_pricelist_5":"704"},"anvandningsomrade":[],"bilmarken":[],"product_brand":[108],"product_cat":[2483,733],"product_tag":[],"class_list":{"0":"post-7295","1":"product","2":"type-product","3":"status-publish","4":"has-post-thumbnail","6":"product_brand-osram","7":"product_cat-xenon","8":"product_cat-halvljus-helljus","9":"pa_faktisk-effekts-forbrukning-847","10":"pa_fargtemperatur-6200k","11":"pa_lampsockel-kontakt-d8s","13":"first","14":"instock","15":"taxable","16":"shipping-taxable","17":"purchasable","18":"product-type-simple"},"bundled_by":[],"bundle_stock_status":"instock","bundle_stock_quantity":5,"bundle_virtual":false,"bundle_layout":"","bundle_add_to_cart_form_location":"","bundle_editable_in_cart":false,"bundle_sold_individually_context":"","bundle_item_grouping":"","bundle_min_size":"","bundle_max_size":"","bundle_price":[],"bundled_items":[],"bundle_sell_ids":[],"acf":[],"yoast_head":"<!-- This site is optimized with the Yoast SEO plugin v27.0 - https:\/\/yoast.com\/product\/yoast-seo-wordpress\/ -->\n<title>D8S XENARC\u00ae Cool Blue Intense (NG) | Styck - Xenonkungen<\/title>\n<meta name=\"robots\" content=\"index, follow, max-snippet:-1, max-image-preview:large, max-video-preview:-1\" \/>\n<link rel=\"canonical\" href=\"https:\/\/xenonkungen.com\/dk\/vare\/d8s-xenarc-kolig-bla-intens-ng-hver\/\" \/>\n<meta property=\"og:locale\" content=\"da_DK\" \/>\n<meta property=\"og:type\" content=\"article\" \/>\n<meta property=\"og:title\" content=\"D8S XENARC\u00ae Cool Blue Intense (NG) | Styck - Xenonkungen\" \/>\n<meta property=\"og:description\" content=\"XENARC COOL BLUE INTENSE D8S Xenonlampa fr\u00e5n Osram. Passar tex Tesla, VW Amarok mfl.  Extra vitt ljus med upp till 6 200 K\" \/>\n<meta property=\"og:url\" content=\"https:\/\/xenonkungen.com\/dk\/vare\/d8s-xenarc-kolig-bla-intens-ng-hver\/\" \/>\n<meta property=\"og:site_name\" content=\"Xenonkungen\" \/>\n<meta property=\"article:modified_time\" content=\"2026-05-11T09:36:41+00:00\" \/>\n<meta property=\"og:image\" content=\"https:\/\/xenonkungen.com\/wp-content\/uploads\/2025\/04\/185559251-origpic-5ebf01.jpg\" \/>\n\t<meta property=\"og:image:width\" content=\"900\" \/>\n\t<meta property=\"og:image:height\" content=\"1174\" \/>\n\t<meta property=\"og:image:type\" content=\"image\/jpeg\" \/>\n<meta name=\"twitter:card\" content=\"summary_large_image\" \/>\n<meta name=\"twitter:label1\" content=\"Estimeret l\u00e6setid\" \/>\n\t<meta name=\"twitter:data1\" content=\"1 minut\" \/>\n<script type=\"application\/ld+json\" class=\"yoast-schema-graph\">{\"@context\":\"https:\/\/schema.org\",\"@graph\":[{\"@type\":\"WebPage\",\"@id\":\"https:\/\/xenonkungen.com\/produkt\/d8s-xenarc-cool-blue-intense-ng-styck\/\",\"url\":\"https:\/\/xenonkungen.com\/produkt\/d8s-xenarc-cool-blue-intense-ng-styck\/\",\"name\":\"D8S XENARC\u00ae Cool Blue Intense (NG) | Styck - Xenonkungen\",\"isPartOf\":{\"@id\":\"https:\/\/xenonkungen.com\/#website\"},\"primaryImageOfPage\":{\"@id\":\"https:\/\/xenonkungen.com\/produkt\/d8s-xenarc-cool-blue-intense-ng-styck\/#primaryimage\"},\"image\":{\"@id\":\"https:\/\/xenonkungen.com\/produkt\/d8s-xenarc-cool-blue-intense-ng-styck\/#primaryimage\"},\"thumbnailUrl\":\"https:\/\/xenonkungen.com\/wp-content\/uploads\/2025\/04\/185559251-origpic-5ebf01.jpg\",\"datePublished\":\"2025-04-15T09:53:57+00:00\",\"dateModified\":\"2026-05-11T09:36:41+00:00\",\"breadcrumb\":{\"@id\":\"https:\/\/xenonkungen.com\/produkt\/d8s-xenarc-cool-blue-intense-ng-styck\/#breadcrumb\"},\"inLanguage\":\"da-DK\",\"potentialAction\":[{\"@type\":\"ReadAction\",\"target\":[\"https:\/\/xenonkungen.com\/produkt\/d8s-xenarc-cool-blue-intense-ng-styck\/\"]}]},{\"@type\":\"ImageObject\",\"inLanguage\":\"da-DK\",\"@id\":\"https:\/\/xenonkungen.com\/produkt\/d8s-xenarc-cool-blue-intense-ng-styck\/#primaryimage\",\"url\":\"https:\/\/xenonkungen.com\/wp-content\/uploads\/2025\/04\/185559251-origpic-5ebf01.jpg\",\"contentUrl\":\"https:\/\/xenonkungen.com\/wp-content\/uploads\/2025\/04\/185559251-origpic-5ebf01.jpg\",\"width\":900,\"height\":1174},{\"@type\":\"BreadcrumbList\",\"@id\":\"https:\/\/xenonkungen.com\/produkt\/d8s-xenarc-cool-blue-intense-ng-styck\/#breadcrumb\",\"itemListElement\":[{\"@type\":\"ListItem\",\"position\":1,\"name\":\"Hem\",\"item\":\"https:\/\/xenonkungen.com\/\"},{\"@type\":\"ListItem\",\"position\":2,\"name\":\"Shop\",\"item\":\"https:\/\/xenonkungen.com\/shop\/\"},{\"@type\":\"ListItem\",\"position\":3,\"name\":\"D8S XENARC\u00ae Cool Blue Intense (NG) | Styck\"}]},{\"@type\":\"WebSite\",\"@id\":\"https:\/\/xenonkungen.com\/#website\",\"url\":\"https:\/\/xenonkungen.com\/\",\"name\":\"Xenonkungen\",\"description\":\"\",\"potentialAction\":[{\"@type\":\"SearchAction\",\"target\":{\"@type\":\"EntryPoint\",\"urlTemplate\":\"https:\/\/xenonkungen.com\/?s={search_term_string}\"},\"query-input\":{\"@type\":\"PropertyValueSpecification\",\"valueRequired\":true,\"valueName\":\"search_term_string\"}}],\"inLanguage\":\"da-DK\"}]}<\/script>\n<!-- \/ Yoast SEO plugin. -->","yoast_head_json":{"title":"D8S XENARC\u00ae Cool Blue Intense (NG) | Stykke - Xenon-kongen","robots":{"index":"index","follow":"follow","max-snippet":"max-snippet:-1","max-image-preview":"max-image-preview:large","max-video-preview":"max-video-preview:-1"},"canonical":"https:\/\/xenonkungen.com\/dk\/vare\/d8s-xenarc-kolig-bla-intens-ng-hver\/","og_locale":"da_DK","og_type":"article","og_title":"D8S XENARC\u00ae Cool Blue Intense (NG) | Styck - Xenonkungen","og_description":"XENARC COOL BLUE INTENSE D8S Xenonlampa fr\u00e5n Osram. Passar tex Tesla, VW Amarok mfl.  Extra vitt ljus med upp till 6 200 K","og_url":"https:\/\/xenonkungen.com\/dk\/vare\/d8s-xenarc-kolig-bla-intens-ng-hver\/","og_site_name":"Xenonkungen","article_modified_time":"2026-05-11T09:36:41+00:00","og_image":[{"width":900,"height":1174,"url":"https:\/\/xenonkungen.com\/wp-content\/uploads\/2025\/04\/185559251-origpic-5ebf01.jpg","type":"image\/jpeg"}],"twitter_card":"summary_large_image","twitter_misc":{"Estimeret l\u00e6setid":"1 minut"},"schema":{"@context":"https:\/\/schema.org","@graph":[{"@type":"WebPage","@id":"https:\/\/xenonkungen.com\/produkt\/d8s-xenarc-cool-blue-intense-ng-styck\/","url":"https:\/\/xenonkungen.com\/produkt\/d8s-xenarc-cool-blue-intense-ng-styck\/","name":"D8S XENARC\u00ae Cool Blue Intense (NG) | Stykke - Xenon-kongen","isPartOf":{"@id":"https:\/\/xenonkungen.com\/#website"},"primaryImageOfPage":{"@id":"https:\/\/xenonkungen.com\/produkt\/d8s-xenarc-cool-blue-intense-ng-styck\/#primaryimage"},"image":{"@id":"https:\/\/xenonkungen.com\/produkt\/d8s-xenarc-cool-blue-intense-ng-styck\/#primaryimage"},"thumbnailUrl":"https:\/\/xenonkungen.com\/wp-content\/uploads\/2025\/04\/185559251-origpic-5ebf01.jpg","datePublished":"2025-04-15T09:53:57+00:00","dateModified":"2026-05-11T09:36:41+00:00","breadcrumb":{"@id":"https:\/\/xenonkungen.com\/produkt\/d8s-xenarc-cool-blue-intense-ng-styck\/#breadcrumb"},"inLanguage":"da-DK","potentialAction":[{"@type":"ReadAction","target":["https:\/\/xenonkungen.com\/produkt\/d8s-xenarc-cool-blue-intense-ng-styck\/"]}]},{"@type":"ImageObject","inLanguage":"da-DK","@id":"https:\/\/xenonkungen.com\/produkt\/d8s-xenarc-cool-blue-intense-ng-styck\/#primaryimage","url":"https:\/\/xenonkungen.com\/wp-content\/uploads\/2025\/04\/185559251-origpic-5ebf01.jpg","contentUrl":"https:\/\/xenonkungen.com\/wp-content\/uploads\/2025\/04\/185559251-origpic-5ebf01.jpg","width":900,"height":1174},{"@type":"BreadcrumbList","@id":"https:\/\/xenonkungen.com\/produkt\/d8s-xenarc-cool-blue-intense-ng-styck\/#breadcrumb","itemListElement":[{"@type":"ListItem","position":1,"name":"Hem","item":"https:\/\/xenonkungen.com\/"},{"@type":"ListItem","position":2,"name":"Shop","item":"https:\/\/xenonkungen.com\/shop\/"},{"@type":"ListItem","position":3,"name":"D8S XENARC\u00ae Cool Blue Intense (NG) | Styck"}]},{"@type":"WebSite","@id":"https:\/\/xenonkungen.com\/#website","url":"https:\/\/xenonkungen.com\/","name":"Xenonkungen","description":"","potentialAction":[{"@type":"SearchAction","target":{"@type":"EntryPoint","urlTemplate":"https:\/\/xenonkungen.com\/?s={search_term_string}"},"query-input":{"@type":"PropertyValueSpecification","valueRequired":true,"valueName":"search_term_string"}}],"inLanguage":"da-DK"}]}},"taxonomy_info":{"product_brand":[{"value":108,"label":"OSRAM"}],"product_cat":[{"value":2483,"label":"Xenon"},{"value":733,"label":"Halvljus \/ Helljus"}],"pa_faktisk-effekts-forbrukning":[{"value":847,"label":"35"}],"pa_fargtemperatur":[{"value":1889,"label":"6200K"}],"pa_lampsockel-kontakt":[{"value":764,"label":"D8S"}]},"featured_image_src_large":["https:\/\/xenonkungen.com\/wp-content\/uploads\/2025\/04\/185559251-origpic-5ebf01-785x1024.jpg",785,1024,true],"author_info":[],"comment_info":0,"_links":{"self":[{"href":"https:\/\/xenonkungen.com\/dk\/wp-json\/wp\/v2\/product\/7295","targetHints":{"allow":["GET"]}}],"collection":[{"href":"https:\/\/xenonkungen.com\/dk\/wp-json\/wp\/v2\/product"}],"about":[{"href":"https:\/\/xenonkungen.com\/dk\/wp-json\/wp\/v2\/types\/product"}],"replies":[{"embeddable":true,"href":"https:\/\/xenonkungen.com\/dk\/wp-json\/wp\/v2\/comments?post=7295"}],"wp:featuredmedia":[{"embeddable":true,"href":"https:\/\/xenonkungen.com\/dk\/wp-json\/wp\/v2\/media\/7296"}],"wp:attachment":[{"href":"https:\/\/xenonkungen.com\/dk\/wp-json\/wp\/v2\/media?parent=7295"}],"wp:term":[{"taxonomy":"anvandningsomrade","embeddable":true,"href":"https:\/\/xenonkungen.com\/dk\/wp-json\/wp\/v2\/anvandningsomrade?post=7295"},{"taxonomy":"bilmarken","embeddable":true,"href":"https:\/\/xenonkungen.com\/dk\/wp-json\/wp\/v2\/bilmarken?post=7295"},{"taxonomy":"product_brand","embeddable":true,"href":"https:\/\/xenonkungen.com\/dk\/wp-json\/wp\/v2\/product_brand?post=7295"},{"taxonomy":"product_cat","embeddable":true,"href":"https:\/\/xenonkungen.com\/dk\/wp-json\/wp\/v2\/product_cat?post=7295"},{"taxonomy":"product_tag","embeddable":true,"href":"https:\/\/xenonkungen.com\/dk\/wp-json\/wp\/v2\/product_tag?post=7295"}],"curies":[{"name":"wp","href":"https:\/\/api.w.org\/{rel}","templated":true}]}}