{"id":7367,"date":"2025-04-15T09:54:51","date_gmt":"2025-04-15T09:54:51","guid":{"rendered":"https:\/\/xenonkungen.com\/product\/osram-ledriving-hl-intense-nxt-h7-canbus\/"},"modified":"2026-04-24T17:37:05","modified_gmt":"2026-04-24T16:37:05","slug":"osram-ledriving-hl-intense-nxt-h7-canbus","status":"publish","type":"product","link":"https:\/\/xenonkungen.com\/dk\/vare\/osram-ledriving-hl-intense-nxt-h7-canbus\/","title":{"rendered":"OSRAM LEDriving HL INTENSE NXT H7 | Canbus"},"content":{"rendered":"<h1>OSRAM LEDriving\u00ae H7 HL INTENSE NXT<\/h1>\n<h3>Oplev det n\u00e6ste niveau inden for bilbelysning!<\/h3>\n<p>Giv din bil en f\u00f8rsteklasses opgradering med den mest avancerede LED-erstatning til H7- og H4-p\u00e6rer.<br \/>Med banebrydende OSRAM-teknologi f\u00e5r du enest\u00e5ende lysstyrke, perfekt lysudbytte og en k\u00f8lig hvid farvetemperatur p\u00e5 6000 K, der giver et moderne og stilfuldt look.<\/p>\n<h3>Hvorfor v\u00e6lge OSRAM LEDriving H7 HL INTENSE NXT?<\/h3>\n<ul>\n<li>\u2714 <strong>Ekstremt kraftigt lys<\/strong> \u2013 Op til <strong>+400% h\u00f8jere lysstyrke<\/strong><\/li>\n<li>\u2714 <strong>Bedre sikkerhed<\/strong> \u2013 Registrer forhindringer, vejskilte og farer hurtigere<\/li>\n<li>\u2714 <strong>Avanceret optik<\/strong> \u2013 Optimeret lysfordeling, der minimerer bl\u00e6nding<\/li>\n<li>\u2714 <strong>Nem installation<\/strong> \u2013 Bredt udvalg af OSRAM monteringstilbeh\u00f8r<\/li>\n<li>\u2714 <strong>H\u00f8j ydeevne og lang levetid<\/strong> \u2013 Aktiv k\u00f8ling med h\u00f8jhastighedsventilator<\/li>\n<li>\u2714 <strong>Topkvalitet fra OSRAM<\/strong> \u2013 Fremstillet p\u00e5 et certificeret produktionsanl\u00e6g<\/li>\n<li>\u2714 <strong>5 \u00e5rs garanti<\/strong><\/li>\n<\/ul>\n<p>Perfekt til dem, der \u00f8nsker den bedst mulige belysning til deres bil! Oplev sikrere, skarpere og mere stilfuld k\u00f8rsel \u2013 b\u00e5de dag og nat.<\/p>\n<p><strong>Teknisk specifikation<\/strong><\/p>\n<p>Teknologi: LED<\/p>\n<p>Sp\u00e6nding: 12V<\/p>\n<p>Effekt: 42,00 W<\/p>\n<p>P\u00e6remodel: H7<\/p>\n<p>Stikkontakttype: PX26D<\/p>\n<p>Lysfarve: 6000 K<\/p>\n<p>Lysstr\u00f8m: 4000 lm<\/p>\n<p>Levetid: 5000 timer<\/p>\n<p>Med ventilator<\/p>\n<p>Garanti: 60 m\u00e5neder<\/p>\n<p>Ingen CANBUS-styring n\u00f8dvendig<\/p>","protected":false},"excerpt":{"rendered":"<p>Canbus | 42W | 6000K<\/p>","protected":false},"featured_media":7368,"comment_status":"closed","ping_status":"closed","template":"","meta":{"_acf_changed":false,"_smort_price_nok":"2345","_smort_price_dkk":"1489","_smort_price_eur":"199.54","_smort_sale_price_nok":"","_smort_sale_price_dkk":"","_smort_sale_price_eur":"","smort_restorder":"","shipmondo_restorder":"","_kad_blocks_custom_css":"","_kad_blocks_head_custom_js":"","_kad_blocks_body_custom_js":"","_kad_blocks_footer_custom_js":"","smort_custom_pricelist_1":"1404.8","smort_custom_pricelist_2":"1229.2","smort_custom_pricelist_3":"1141.4","smort_custom_pricelist_4":"1756","smort_custom_pricelist_5":"1229.2"},"anvandningsomrade":[],"bilmarken":[],"product_brand":[108],"product_cat":[2633,733],"product_tag":[],"class_list":{"0":"post-7367","1":"product","2":"type-product","3":"status-publish","4":"has-post-thumbnail","6":"product_brand-osram","7":"product_cat-osram-ledriving-halvljus-helljus","8":"product_cat-halvljus-helljus","9":"pa_faktisk-effekts-forbrukning-1097","10":"pa_fargtemperatur-6000k","11":"pa_lampsockel-kontakt-h7","12":"pa_volt-v-159","14":"first","15":"instock","16":"taxable","17":"shipping-taxable","18":"purchasable","19":"product-type-simple"},"bundled_by":[],"bundle_stock_status":"instock","bundle_stock_quantity":15,"bundle_virtual":false,"bundle_layout":"","bundle_add_to_cart_form_location":"","bundle_editable_in_cart":false,"bundle_sold_individually_context":"","bundle_item_grouping":"","bundle_min_size":"","bundle_max_size":"","bundle_price":[],"bundled_items":[],"bundle_sell_ids":[],"acf":[],"yoast_head":"<!-- This site is optimized with the Yoast SEO plugin v27.0 - https:\/\/yoast.com\/product\/yoast-seo-wordpress\/ -->\n<title>OSRAM LEDriving HL INTENSE NXT H7 | Canbus - Xenonkungen<\/title>\n<meta name=\"robots\" content=\"index, follow, max-snippet:-1, max-image-preview:large, max-video-preview:-1\" \/>\n<link rel=\"canonical\" href=\"https:\/\/xenonkungen.com\/dk\/vare\/osram-ledriving-hl-intense-nxt-h7-canbus\/\" \/>\n<meta property=\"og:locale\" content=\"da_DK\" \/>\n<meta property=\"og:type\" content=\"article\" \/>\n<meta property=\"og:title\" content=\"OSRAM LEDriving HL INTENSE NXT H7 | Canbus - Xenonkungen\" \/>\n<meta property=\"og:description\" content=\"Canbus | 42W | 6000K\" \/>\n<meta property=\"og:url\" content=\"https:\/\/xenonkungen.com\/dk\/vare\/osram-ledriving-hl-intense-nxt-h7-canbus\/\" \/>\n<meta property=\"og:site_name\" content=\"Xenonkungen\" \/>\n<meta property=\"article:modified_time\" content=\"2026-04-24T16:37:05+00:00\" \/>\n<meta property=\"og:image\" content=\"https:\/\/xenonkungen.com\/wp-content\/uploads\/2025\/04\/218607769-origpic-39963c.png\" \/>\n\t<meta property=\"og:image:width\" content=\"600\" \/>\n\t<meta property=\"og:image:height\" content=\"600\" \/>\n\t<meta property=\"og:image:type\" content=\"image\/png\" \/>\n<meta name=\"twitter:card\" content=\"summary_large_image\" \/>\n<meta name=\"twitter:label1\" content=\"Estimeret l\u00e6setid\" \/>\n\t<meta name=\"twitter:data1\" content=\"1 minut\" \/>\n<script type=\"application\/ld+json\" class=\"yoast-schema-graph\">{\"@context\":\"https:\/\/schema.org\",\"@graph\":[{\"@type\":\"WebPage\",\"@id\":\"https:\/\/xenonkungen.com\/produkt\/osram-ledriving-hl-intense-nxt-h7-canbus\/\",\"url\":\"https:\/\/xenonkungen.com\/produkt\/osram-ledriving-hl-intense-nxt-h7-canbus\/\",\"name\":\"OSRAM LEDriving HL INTENSE NXT H7 | Canbus - Xenonkungen\",\"isPartOf\":{\"@id\":\"https:\/\/xenonkungen.com\/#website\"},\"primaryImageOfPage\":{\"@id\":\"https:\/\/xenonkungen.com\/produkt\/osram-ledriving-hl-intense-nxt-h7-canbus\/#primaryimage\"},\"image\":{\"@id\":\"https:\/\/xenonkungen.com\/produkt\/osram-ledriving-hl-intense-nxt-h7-canbus\/#primaryimage\"},\"thumbnailUrl\":\"https:\/\/xenonkungen.com\/wp-content\/uploads\/2025\/04\/218607769-origpic-39963c.png\",\"datePublished\":\"2025-04-15T09:54:51+00:00\",\"dateModified\":\"2026-04-24T16:37:05+00:00\",\"breadcrumb\":{\"@id\":\"https:\/\/xenonkungen.com\/produkt\/osram-ledriving-hl-intense-nxt-h7-canbus\/#breadcrumb\"},\"inLanguage\":\"da-DK\",\"potentialAction\":[{\"@type\":\"ReadAction\",\"target\":[\"https:\/\/xenonkungen.com\/produkt\/osram-ledriving-hl-intense-nxt-h7-canbus\/\"]}]},{\"@type\":\"ImageObject\",\"inLanguage\":\"da-DK\",\"@id\":\"https:\/\/xenonkungen.com\/produkt\/osram-ledriving-hl-intense-nxt-h7-canbus\/#primaryimage\",\"url\":\"https:\/\/xenonkungen.com\/wp-content\/uploads\/2025\/04\/218607769-origpic-39963c.png\",\"contentUrl\":\"https:\/\/xenonkungen.com\/wp-content\/uploads\/2025\/04\/218607769-origpic-39963c.png\",\"width\":600,\"height\":600},{\"@type\":\"BreadcrumbList\",\"@id\":\"https:\/\/xenonkungen.com\/produkt\/osram-ledriving-hl-intense-nxt-h7-canbus\/#breadcrumb\",\"itemListElement\":[{\"@type\":\"ListItem\",\"position\":1,\"name\":\"Hem\",\"item\":\"https:\/\/xenonkungen.com\/\"},{\"@type\":\"ListItem\",\"position\":2,\"name\":\"Shop\",\"item\":\"https:\/\/xenonkungen.com\/shop\/\"},{\"@type\":\"ListItem\",\"position\":3,\"name\":\"OSRAM LEDriving HL INTENSE NXT H7 | Canbus\"}]},{\"@type\":\"WebSite\",\"@id\":\"https:\/\/xenonkungen.com\/#website\",\"url\":\"https:\/\/xenonkungen.com\/\",\"name\":\"Xenonkungen\",\"description\":\"\",\"potentialAction\":[{\"@type\":\"SearchAction\",\"target\":{\"@type\":\"EntryPoint\",\"urlTemplate\":\"https:\/\/xenonkungen.com\/?s={search_term_string}\"},\"query-input\":{\"@type\":\"PropertyValueSpecification\",\"valueRequired\":true,\"valueName\":\"search_term_string\"}}],\"inLanguage\":\"da-DK\"}]}<\/script>\n<!-- \/ Yoast SEO plugin. -->","yoast_head_json":{"title":"OSRAM LEDriving HL INTENSE NXT H7 | Canbus - Xenon-kongen","robots":{"index":"index","follow":"follow","max-snippet":"max-snippet:-1","max-image-preview":"max-image-preview:large","max-video-preview":"max-video-preview:-1"},"canonical":"https:\/\/xenonkungen.com\/dk\/vare\/osram-ledriving-hl-intense-nxt-h7-canbus\/","og_locale":"da_DK","og_type":"article","og_title":"OSRAM LEDriving HL INTENSE NXT H7 | Canbus - Xenonkungen","og_description":"Canbus | 42W | 6000K","og_url":"https:\/\/xenonkungen.com\/dk\/vare\/osram-ledriving-hl-intense-nxt-h7-canbus\/","og_site_name":"Xenonkungen","article_modified_time":"2026-04-24T16:37:05+00:00","og_image":[{"width":600,"height":600,"url":"https:\/\/xenonkungen.com\/wp-content\/uploads\/2025\/04\/218607769-origpic-39963c.png","type":"image\/png"}],"twitter_card":"summary_large_image","twitter_misc":{"Estimeret l\u00e6setid":"1 minut"},"schema":{"@context":"https:\/\/schema.org","@graph":[{"@type":"WebPage","@id":"https:\/\/xenonkungen.com\/produkt\/osram-ledriving-hl-intense-nxt-h7-canbus\/","url":"https:\/\/xenonkungen.com\/produkt\/osram-ledriving-hl-intense-nxt-h7-canbus\/","name":"OSRAM LEDriving HL INTENSE NXT H7 | Canbus - Xenon-kongen","isPartOf":{"@id":"https:\/\/xenonkungen.com\/#website"},"primaryImageOfPage":{"@id":"https:\/\/xenonkungen.com\/produkt\/osram-ledriving-hl-intense-nxt-h7-canbus\/#primaryimage"},"image":{"@id":"https:\/\/xenonkungen.com\/produkt\/osram-ledriving-hl-intense-nxt-h7-canbus\/#primaryimage"},"thumbnailUrl":"https:\/\/xenonkungen.com\/wp-content\/uploads\/2025\/04\/218607769-origpic-39963c.png","datePublished":"2025-04-15T09:54:51+00:00","dateModified":"2026-04-24T16:37:05+00:00","breadcrumb":{"@id":"https:\/\/xenonkungen.com\/produkt\/osram-ledriving-hl-intense-nxt-h7-canbus\/#breadcrumb"},"inLanguage":"da-DK","potentialAction":[{"@type":"ReadAction","target":["https:\/\/xenonkungen.com\/produkt\/osram-ledriving-hl-intense-nxt-h7-canbus\/"]}]},{"@type":"ImageObject","inLanguage":"da-DK","@id":"https:\/\/xenonkungen.com\/produkt\/osram-ledriving-hl-intense-nxt-h7-canbus\/#primaryimage","url":"https:\/\/xenonkungen.com\/wp-content\/uploads\/2025\/04\/218607769-origpic-39963c.png","contentUrl":"https:\/\/xenonkungen.com\/wp-content\/uploads\/2025\/04\/218607769-origpic-39963c.png","width":600,"height":600},{"@type":"BreadcrumbList","@id":"https:\/\/xenonkungen.com\/produkt\/osram-ledriving-hl-intense-nxt-h7-canbus\/#breadcrumb","itemListElement":[{"@type":"ListItem","position":1,"name":"Hem","item":"https:\/\/xenonkungen.com\/"},{"@type":"ListItem","position":2,"name":"Shop","item":"https:\/\/xenonkungen.com\/shop\/"},{"@type":"ListItem","position":3,"name":"OSRAM LEDriving HL INTENSE NXT H7 | Canbus"}]},{"@type":"WebSite","@id":"https:\/\/xenonkungen.com\/#website","url":"https:\/\/xenonkungen.com\/","name":"Xenonkungen","description":"","potentialAction":[{"@type":"SearchAction","target":{"@type":"EntryPoint","urlTemplate":"https:\/\/xenonkungen.com\/?s={search_term_string}"},"query-input":{"@type":"PropertyValueSpecification","valueRequired":true,"valueName":"search_term_string"}}],"inLanguage":"da-DK"}]}},"taxonomy_info":{"product_brand":[{"value":108,"label":"OSRAM"}],"product_cat":[{"value":2633,"label":"OSRAM Ledriving"},{"value":733,"label":"Halvljus \/ Helljus"}],"pa_faktisk-effekts-forbrukning":[{"value":1097,"label":"42"}],"pa_fargtemperatur":[{"value":188,"label":"6000K"}],"pa_lampsockel-kontakt":[{"value":206,"label":"H7"}],"pa_volt-v":[{"value":159,"label":"12"}]},"featured_image_src_large":["https:\/\/xenonkungen.com\/wp-content\/uploads\/2025\/04\/218607769-origpic-39963c.png",600,600,false],"author_info":[],"comment_info":0,"_links":{"self":[{"href":"https:\/\/xenonkungen.com\/dk\/wp-json\/wp\/v2\/product\/7367","targetHints":{"allow":["GET"]}}],"collection":[{"href":"https:\/\/xenonkungen.com\/dk\/wp-json\/wp\/v2\/product"}],"about":[{"href":"https:\/\/xenonkungen.com\/dk\/wp-json\/wp\/v2\/types\/product"}],"replies":[{"embeddable":true,"href":"https:\/\/xenonkungen.com\/dk\/wp-json\/wp\/v2\/comments?post=7367"}],"wp:featuredmedia":[{"embeddable":true,"href":"https:\/\/xenonkungen.com\/dk\/wp-json\/wp\/v2\/media\/7368"}],"wp:attachment":[{"href":"https:\/\/xenonkungen.com\/dk\/wp-json\/wp\/v2\/media?parent=7367"}],"wp:term":[{"taxonomy":"anvandningsomrade","embeddable":true,"href":"https:\/\/xenonkungen.com\/dk\/wp-json\/wp\/v2\/anvandningsomrade?post=7367"},{"taxonomy":"bilmarken","embeddable":true,"href":"https:\/\/xenonkungen.com\/dk\/wp-json\/wp\/v2\/bilmarken?post=7367"},{"taxonomy":"product_brand","embeddable":true,"href":"https:\/\/xenonkungen.com\/dk\/wp-json\/wp\/v2\/product_brand?post=7367"},{"taxonomy":"product_cat","embeddable":true,"href":"https:\/\/xenonkungen.com\/dk\/wp-json\/wp\/v2\/product_cat?post=7367"},{"taxonomy":"product_tag","embeddable":true,"href":"https:\/\/xenonkungen.com\/dk\/wp-json\/wp\/v2\/product_tag?post=7367"}],"curies":[{"name":"wp","href":"https:\/\/api.w.org\/{rel}","templated":true}]}}