{"id":7382,"date":"2025-04-15T09:54:51","date_gmt":"2025-04-15T09:54:51","guid":{"rendered":"https:\/\/xenonkungen.com\/product\/h7-night-breaker-laser\/"},"modified":"2026-03-04T17:03:14","modified_gmt":"2026-03-04T16:03:14","slug":"h7-natbryderlaser","status":"publish","type":"product","link":"https:\/\/xenonkungen.com\/dk\/vare\/h7-natbryderlaser\/","title":{"rendered":"H7 Night Breaker\u00ae Laser"},"content":{"rendered":"<p>NYHED september 2018! <br \/>Takket v\u00e6re en innovativ laserteknologi lyser disse lamper op til 150% mere end almindelige halogenlamper*.<\/p>\n<p>Kombinationen af nyudviklet gl\u00f8detr\u00e5d fyldt med ren xenongas giver lampen ekstra lysudbytte. Det giver en r\u00e6kkevidde p\u00e5 op til 150 meter og op til 20% hvidere lys sammenlignet med standardlamper.<\/p>\n<p>Mere lys og dermed bedre synlighed betyder hurtigere opdagelse og reaktion p\u00e5 trafikale h\u00e6ndelser.<\/p>\n<p>Lampeh\u00e6tter: <strong>H7<\/strong>, PX26D<br \/>Nominel effekt: 55W<\/p>\n<p>*) Sammenlignet med minimumskravene i ECE R112\/R37.<\/p>\n<p>Osram-artikel: 64210NL-HCB<br \/>Produktkode: 4052899991774<br \/>S\u00e6lges parvis i h\u00e5rd plastemballage.<\/p>","protected":false},"excerpt":{"rendered":"<p>NIGHT BREAKER LASER - Generation 2 - Den mest lysst\u00e6rke halogenlampe til biler fra Osram.<\/p>","protected":false},"featured_media":7383,"comment_status":"closed","ping_status":"open","template":"","meta":{"_acf_changed":false,"_smort_price_nok":"449","_smort_price_dkk":"285","_smort_price_eur":"38.18","_smort_sale_price_nok":"","_smort_sale_price_dkk":"","_smort_sale_price_eur":"","smort_restorder":"","shipmondo_restorder":"","_kad_blocks_custom_css":"","_kad_blocks_head_custom_js":"","_kad_blocks_body_custom_js":"","_kad_blocks_footer_custom_js":"","smort_custom_pricelist_1":"268.8","smort_custom_pricelist_2":"268.8","smort_custom_pricelist_3":"255.36","smort_custom_pricelist_4":"336","smort_custom_pricelist_5":"268.8"},"anvandningsomrade":[],"bilmarken":[],"product_brand":[108],"product_cat":[2543,733],"product_tag":[],"class_list":{"0":"post-7382","1":"product","2":"type-product","3":"status-publish","4":"has-post-thumbnail","6":"product_brand-osram","7":"product_cat-halogen-halvljus-helljus","8":"product_cat-halvljus-helljus","9":"pa_faktisk-effekts-forbrukning-841","10":"pa_lampsockel-kontakt-h7","11":"pa_volt-v-159","13":"first","14":"onbackorder","15":"taxable","16":"shipping-taxable","17":"purchasable","18":"product-type-simple"},"bundled_by":[],"bundle_stock_status":"onbackorder","bundle_stock_quantity":0,"bundle_virtual":false,"bundle_layout":"","bundle_add_to_cart_form_location":"","bundle_editable_in_cart":false,"bundle_sold_individually_context":"","bundle_item_grouping":"","bundle_min_size":"","bundle_max_size":"","bundle_price":[],"bundled_items":[],"bundle_sell_ids":[],"acf":[],"yoast_head":"<!-- This site is optimized with the Yoast SEO plugin v27.0 - https:\/\/yoast.com\/product\/yoast-seo-wordpress\/ -->\n<title>H7 Night Breaker\u00ae Laser - Xenonkungen<\/title>\n<meta name=\"robots\" content=\"index, follow, max-snippet:-1, max-image-preview:large, max-video-preview:-1\" \/>\n<link rel=\"canonical\" href=\"https:\/\/xenonkungen.com\/dk\/vare\/h7-natbryderlaser\/\" \/>\n<meta property=\"og:locale\" content=\"da_DK\" \/>\n<meta property=\"og:type\" content=\"article\" \/>\n<meta property=\"og:title\" content=\"H7 Night Breaker\u00ae Laser - Xenonkungen\" \/>\n<meta property=\"og:description\" content=\"NIGHT BREAKER LASER - Generation 2 - Den mest ljusstarka halogenlampan f\u00f6r bilar fr\u00e5n Osram.\" \/>\n<meta property=\"og:url\" content=\"https:\/\/xenonkungen.com\/dk\/vare\/h7-natbryderlaser\/\" \/>\n<meta property=\"og:site_name\" content=\"Xenonkungen\" \/>\n<meta property=\"article:modified_time\" content=\"2026-03-04T16:03:14+00:00\" \/>\n<meta property=\"og:image\" content=\"https:\/\/xenonkungen.com\/wp-content\/uploads\/2025\/04\/160729969-origpic-e57a6f.jpg\" \/>\n\t<meta property=\"og:image:width\" content=\"600\" \/>\n\t<meta property=\"og:image:height\" content=\"600\" \/>\n\t<meta property=\"og:image:type\" content=\"image\/jpeg\" \/>\n<meta name=\"twitter:card\" content=\"summary_large_image\" \/>\n<script type=\"application\/ld+json\" class=\"yoast-schema-graph\">{\"@context\":\"https:\/\/schema.org\",\"@graph\":[{\"@type\":\"WebPage\",\"@id\":\"https:\/\/xenonkungen.com\/produkt\/h7-night-breaker-laser\/\",\"url\":\"https:\/\/xenonkungen.com\/produkt\/h7-night-breaker-laser\/\",\"name\":\"H7 Night Breaker\u00ae Laser - Xenonkungen\",\"isPartOf\":{\"@id\":\"https:\/\/xenonkungen.com\/#website\"},\"primaryImageOfPage\":{\"@id\":\"https:\/\/xenonkungen.com\/produkt\/h7-night-breaker-laser\/#primaryimage\"},\"image\":{\"@id\":\"https:\/\/xenonkungen.com\/produkt\/h7-night-breaker-laser\/#primaryimage\"},\"thumbnailUrl\":\"https:\/\/xenonkungen.com\/wp-content\/uploads\/2025\/04\/160729969-origpic-e57a6f.jpg\",\"datePublished\":\"2025-04-15T09:54:51+00:00\",\"dateModified\":\"2026-03-04T16:03:14+00:00\",\"breadcrumb\":{\"@id\":\"https:\/\/xenonkungen.com\/produkt\/h7-night-breaker-laser\/#breadcrumb\"},\"inLanguage\":\"da-DK\",\"potentialAction\":[{\"@type\":\"ReadAction\",\"target\":[\"https:\/\/xenonkungen.com\/produkt\/h7-night-breaker-laser\/\"]}]},{\"@type\":\"ImageObject\",\"inLanguage\":\"da-DK\",\"@id\":\"https:\/\/xenonkungen.com\/produkt\/h7-night-breaker-laser\/#primaryimage\",\"url\":\"https:\/\/xenonkungen.com\/wp-content\/uploads\/2025\/04\/160729969-origpic-e57a6f.jpg\",\"contentUrl\":\"https:\/\/xenonkungen.com\/wp-content\/uploads\/2025\/04\/160729969-origpic-e57a6f.jpg\",\"width\":600,\"height\":600},{\"@type\":\"BreadcrumbList\",\"@id\":\"https:\/\/xenonkungen.com\/produkt\/h7-night-breaker-laser\/#breadcrumb\",\"itemListElement\":[{\"@type\":\"ListItem\",\"position\":1,\"name\":\"Hem\",\"item\":\"https:\/\/xenonkungen.com\/\"},{\"@type\":\"ListItem\",\"position\":2,\"name\":\"Shop\",\"item\":\"https:\/\/xenonkungen.com\/shop\/\"},{\"@type\":\"ListItem\",\"position\":3,\"name\":\"H7 Night Breaker\u00ae Laser\"}]},{\"@type\":\"WebSite\",\"@id\":\"https:\/\/xenonkungen.com\/#website\",\"url\":\"https:\/\/xenonkungen.com\/\",\"name\":\"Xenonkungen\",\"description\":\"\",\"potentialAction\":[{\"@type\":\"SearchAction\",\"target\":{\"@type\":\"EntryPoint\",\"urlTemplate\":\"https:\/\/xenonkungen.com\/?s={search_term_string}\"},\"query-input\":{\"@type\":\"PropertyValueSpecification\",\"valueRequired\":true,\"valueName\":\"search_term_string\"}}],\"inLanguage\":\"da-DK\"}]}<\/script>\n<!-- \/ Yoast SEO plugin. -->","yoast_head_json":{"title":"H7 Night Breaker\u00ae Laser - Xenon-kongen","robots":{"index":"index","follow":"follow","max-snippet":"max-snippet:-1","max-image-preview":"max-image-preview:large","max-video-preview":"max-video-preview:-1"},"canonical":"https:\/\/xenonkungen.com\/dk\/vare\/h7-natbryderlaser\/","og_locale":"da_DK","og_type":"article","og_title":"H7 Night Breaker\u00ae Laser - Xenonkungen","og_description":"NIGHT BREAKER LASER - Generation 2 - Den mest ljusstarka halogenlampan f\u00f6r bilar fr\u00e5n Osram.","og_url":"https:\/\/xenonkungen.com\/dk\/vare\/h7-natbryderlaser\/","og_site_name":"Xenonkungen","article_modified_time":"2026-03-04T16:03:14+00:00","og_image":[{"width":600,"height":600,"url":"https:\/\/xenonkungen.com\/wp-content\/uploads\/2025\/04\/160729969-origpic-e57a6f.jpg","type":"image\/jpeg"}],"twitter_card":"summary_large_image","schema":{"@context":"https:\/\/schema.org","@graph":[{"@type":"WebPage","@id":"https:\/\/xenonkungen.com\/produkt\/h7-night-breaker-laser\/","url":"https:\/\/xenonkungen.com\/produkt\/h7-night-breaker-laser\/","name":"H7 Night Breaker\u00ae Laser - Xenon-kongen","isPartOf":{"@id":"https:\/\/xenonkungen.com\/#website"},"primaryImageOfPage":{"@id":"https:\/\/xenonkungen.com\/produkt\/h7-night-breaker-laser\/#primaryimage"},"image":{"@id":"https:\/\/xenonkungen.com\/produkt\/h7-night-breaker-laser\/#primaryimage"},"thumbnailUrl":"https:\/\/xenonkungen.com\/wp-content\/uploads\/2025\/04\/160729969-origpic-e57a6f.jpg","datePublished":"2025-04-15T09:54:51+00:00","dateModified":"2026-03-04T16:03:14+00:00","breadcrumb":{"@id":"https:\/\/xenonkungen.com\/produkt\/h7-night-breaker-laser\/#breadcrumb"},"inLanguage":"da-DK","potentialAction":[{"@type":"ReadAction","target":["https:\/\/xenonkungen.com\/produkt\/h7-night-breaker-laser\/"]}]},{"@type":"ImageObject","inLanguage":"da-DK","@id":"https:\/\/xenonkungen.com\/produkt\/h7-night-breaker-laser\/#primaryimage","url":"https:\/\/xenonkungen.com\/wp-content\/uploads\/2025\/04\/160729969-origpic-e57a6f.jpg","contentUrl":"https:\/\/xenonkungen.com\/wp-content\/uploads\/2025\/04\/160729969-origpic-e57a6f.jpg","width":600,"height":600},{"@type":"BreadcrumbList","@id":"https:\/\/xenonkungen.com\/produkt\/h7-night-breaker-laser\/#breadcrumb","itemListElement":[{"@type":"ListItem","position":1,"name":"Hem","item":"https:\/\/xenonkungen.com\/"},{"@type":"ListItem","position":2,"name":"Shop","item":"https:\/\/xenonkungen.com\/shop\/"},{"@type":"ListItem","position":3,"name":"H7 Night Breaker\u00ae Laser"}]},{"@type":"WebSite","@id":"https:\/\/xenonkungen.com\/#website","url":"https:\/\/xenonkungen.com\/","name":"Xenonkungen","description":"","potentialAction":[{"@type":"SearchAction","target":{"@type":"EntryPoint","urlTemplate":"https:\/\/xenonkungen.com\/?s={search_term_string}"},"query-input":{"@type":"PropertyValueSpecification","valueRequired":true,"valueName":"search_term_string"}}],"inLanguage":"da-DK"}]}},"taxonomy_info":{"product_brand":[{"value":108,"label":"OSRAM"}],"product_cat":[{"value":2543,"label":"Halogen"},{"value":733,"label":"Halvljus \/ Helljus"}],"pa_faktisk-effekts-forbrukning":[{"value":841,"label":"55"}],"pa_lampsockel-kontakt":[{"value":206,"label":"H7"}],"pa_volt-v":[{"value":159,"label":"12"}]},"featured_image_src_large":["https:\/\/xenonkungen.com\/wp-content\/uploads\/2025\/04\/160729969-origpic-e57a6f.jpg",600,600,false],"author_info":[],"comment_info":2,"_links":{"self":[{"href":"https:\/\/xenonkungen.com\/dk\/wp-json\/wp\/v2\/product\/7382","targetHints":{"allow":["GET"]}}],"collection":[{"href":"https:\/\/xenonkungen.com\/dk\/wp-json\/wp\/v2\/product"}],"about":[{"href":"https:\/\/xenonkungen.com\/dk\/wp-json\/wp\/v2\/types\/product"}],"replies":[{"embeddable":true,"href":"https:\/\/xenonkungen.com\/dk\/wp-json\/wp\/v2\/comments?post=7382"}],"wp:featuredmedia":[{"embeddable":true,"href":"https:\/\/xenonkungen.com\/dk\/wp-json\/wp\/v2\/media\/7383"}],"wp:attachment":[{"href":"https:\/\/xenonkungen.com\/dk\/wp-json\/wp\/v2\/media?parent=7382"}],"wp:term":[{"taxonomy":"anvandningsomrade","embeddable":true,"href":"https:\/\/xenonkungen.com\/dk\/wp-json\/wp\/v2\/anvandningsomrade?post=7382"},{"taxonomy":"bilmarken","embeddable":true,"href":"https:\/\/xenonkungen.com\/dk\/wp-json\/wp\/v2\/bilmarken?post=7382"},{"taxonomy":"product_brand","embeddable":true,"href":"https:\/\/xenonkungen.com\/dk\/wp-json\/wp\/v2\/product_brand?post=7382"},{"taxonomy":"product_cat","embeddable":true,"href":"https:\/\/xenonkungen.com\/dk\/wp-json\/wp\/v2\/product_cat?post=7382"},{"taxonomy":"product_tag","embeddable":true,"href":"https:\/\/xenonkungen.com\/dk\/wp-json\/wp\/v2\/product_tag?post=7382"}],"curies":[{"name":"wp","href":"https:\/\/api.w.org\/{rel}","templated":true}]}}