{"id":7387,"date":"2025-04-15T09:54:51","date_gmt":"2025-04-15T09:54:51","guid":{"rendered":"https:\/\/xenonkungen.com\/product\/ledriving-hl-bright-h8-h11-h16-h9\/"},"modified":"2026-04-24T17:37:44","modified_gmt":"2026-04-24T16:37:44","slug":"ledriving-hl-lys-h8-h11-h16-h9","status":"publish","type":"product","link":"https:\/\/xenonkungen.com\/dk\/vare\/ledriving-hl-lys-h8-h11-h16-h9\/","title":{"rendered":"LEDriving\u00ae HL BRIGHT H8\/H11\/H16\/H9"},"content":{"rendered":"<div class=\"product-description\">\n<h1>Opdag OSRAM LEDriving HL BRIGHT<\/h1>\n<p>Den perfekte LED retro-lampe til overlegen ydeevne og stil. Med <strong>op til +300 % mere lysstyrke<\/strong> Sammenlignet med standard halogenlamper (i henhold til ECE R112) giver denne lampe ikke kun bedre synlighed, men ogs\u00e5 et stilfuldt og moderne udseende med <strong>Koldt hvidt lys ved 6000K<\/strong>K\u00f8r mere sikkert med forbedret udsyn og opdag forhindringer, skilte og farer tidligere, mens den optimerede lysfordeling reducerer bl\u00e6nding.<\/p>\n<p>OSRAM LEDriving HL BRIGHT tilbyder ogs\u00e5 op til <strong>5 gange l\u00e6ngere levetid<\/strong> takket v\u00e6re avanceret LED-teknologi og OSRAMs f\u00f8rsteklasses kvalitet. Lamperne leveres parvis og har en gener\u00f8s <strong>4 \u00e5rs garanti<\/strong>, hvilket giver dig b\u00e5de stil og sikkerhed med lang holdbarhed.<\/p>\n<h2>Nem installation og h\u00f8j kompatibilitet<\/h2>\n<p>Takket v\u00e6re det kompakte design er installationen nem, og lygterne er kompatible med 12V-systemer, hvilket g\u00f8r dem til det perfekte valg til biler, der bruger halogenlygter. Bem\u00e6rk venligst, at disse lygter ikke er ECE-godkendte og er beregnet til terr\u00e6ng\u00e5ende brug.<\/p>\n<p>Opgrader din bil i dag og kombiner <strong>moderne design og \u00f8get sikkerhed<\/strong> med OSRAM LEDriving HL BRIGHT \u2013 for en lampe, du kan stole p\u00e5!<\/p>\n<h3><strong>Tekniske specifikationer<\/strong><\/h3>\n<p><strong>Elektriske data<\/strong><\/p>\n<p>\u2013 Str\u00f8mforbrug: 19 W<br \/>- Nominel sp\u00e6nding: 12,0 V<br \/>\u2013 Nominel effekt: 19 W<\/p>\n<p><strong>Fotometriske data<\/strong><\/p>\n<p>\u2013 Nominel lysstr\u00f8m: 1900 lm<br \/>- Lysstr\u00f8mstolerance: \u00b120 %<br \/>- Farve p\u00e5 LED-lys: K\u00f8lig hvid<br \/>- Farvetemperatur: 6000 K<\/p>\n<p><strong>Fysiske egenskaber og dimensioner<\/strong><\/p>\n<p>\u2013 L\u00e6ngde: 76,2 mm<br \/>- Diameter: 14,0 mm<br \/>\u2013 Produktv\u00e6gt: 70,00 g<br \/>\u2013 Lampeholder: <span>PGJ19-X<\/span><\/p>\n<p><strong>Livstidsdata<\/strong><\/p>\n<p>- Levetid Tc: 5000 timer<\/p>\n<p><strong>Garanti:<\/strong><\/p>\n<p>- 4 \u00e5r<\/p>\n<\/div>","protected":false},"excerpt":{"rendered":"<p>LEDriving\u00ae HL BRIGHT H8\/H11\/H16\/H9 tilbyder kraftig LED-belysning med 1900 lumen og en k\u00f8lig hvid farvetemperatur p\u00e5 6000K. Denne 12V-p\u00e6re kombinerer h\u00f8j ydeevne med moderne stil, hvilket giver forbedret udsyn og et stilfuldt look til dit k\u00f8ret\u00f8j.<\/p>","protected":false},"featured_media":7388,"comment_status":"closed","ping_status":"open","template":"","meta":{"_acf_changed":false,"_smort_price_nok":"1383","_smort_price_dkk":"879","_smort_price_eur":"117.72","_smort_sale_price_nok":"","_smort_sale_price_dkk":"","_smort_sale_price_eur":"","smort_restorder":"","shipmondo_restorder":"","_kad_blocks_custom_css":"","_kad_blocks_head_custom_js":"","_kad_blocks_body_custom_js":"","_kad_blocks_footer_custom_js":"","smort_custom_pricelist_1":"828.8","smort_custom_pricelist_2":"725.2","smort_custom_pricelist_3":"673.4","smort_custom_pricelist_4":"1036","smort_custom_pricelist_5":"725.2"},"anvandningsomrade":[],"bilmarken":[],"product_brand":[108],"product_cat":[2633,733],"product_tag":[],"class_list":{"0":"post-7387","1":"product","2":"type-product","3":"status-publish","4":"has-post-thumbnail","6":"product_brand-osram","7":"product_cat-osram-ledriving-halvljus-helljus","8":"product_cat-halvljus-helljus","9":"pa_faktisk-effekts-forbrukning-1904","10":"pa_fargtemperatur-6000k","11":"pa_lampsockel-kontakt-h8-h11-h16-h9","12":"pa_volt-v-159","14":"first","15":"instock","16":"taxable","17":"shipping-taxable","18":"purchasable","19":"product-type-simple"},"bundled_by":[],"bundle_stock_status":"instock","bundle_stock_quantity":3,"bundle_virtual":false,"bundle_layout":"","bundle_add_to_cart_form_location":"","bundle_editable_in_cart":false,"bundle_sold_individually_context":"","bundle_item_grouping":"","bundle_min_size":"","bundle_max_size":"","bundle_price":[],"bundled_items":[],"bundle_sell_ids":[],"acf":[],"yoast_head":"<!-- This site is optimized with the Yoast SEO plugin v27.0 - https:\/\/yoast.com\/product\/yoast-seo-wordpress\/ -->\n<title>LEDriving\u00ae HL BRIGHT H8\/H11\/H16\/H9 - Xenonkungen<\/title>\n<meta name=\"robots\" content=\"index, follow, max-snippet:-1, max-image-preview:large, max-video-preview:-1\" \/>\n<link rel=\"canonical\" href=\"https:\/\/xenonkungen.com\/dk\/vare\/ledriving-hl-lys-h8-h11-h16-h9\/\" \/>\n<meta property=\"og:locale\" content=\"da_DK\" \/>\n<meta property=\"og:type\" content=\"article\" \/>\n<meta property=\"og:title\" content=\"LEDriving\u00ae HL BRIGHT H8\/H11\/H16\/H9 - Xenonkungen\" \/>\n<meta property=\"og:description\" content=\"LEDriving\u00ae HL BRIGHT H8\/H11\/H16\/H9 erbjuder kraftfull LED-belysning med 1900 lumen och en kallvit f\u00e4rgtemperatur p\u00e5 6000K. Denna 12V-lampa kombinerar h\u00f6g prestanda med modern stil, vilket ger f\u00f6rb\u00e4ttrad sikt och ett elegant utseende till ditt fordon.\" \/>\n<meta property=\"og:url\" content=\"https:\/\/xenonkungen.com\/dk\/vare\/ledriving-hl-lys-h8-h11-h16-h9\/\" \/>\n<meta property=\"og:site_name\" content=\"Xenonkungen\" \/>\n<meta property=\"article:modified_time\" content=\"2026-04-24T16:37:44+00:00\" \/>\n<meta property=\"og:image\" content=\"https:\/\/xenonkungen.com\/wp-content\/uploads\/2025\/04\/215797789-origpic-bd3e8f.jpg\" \/>\n\t<meta property=\"og:image:width\" content=\"1024\" \/>\n\t<meta property=\"og:image:height\" content=\"674\" \/>\n\t<meta property=\"og:image:type\" content=\"image\/jpeg\" \/>\n<meta name=\"twitter:card\" content=\"summary_large_image\" \/>\n<meta name=\"twitter:label1\" content=\"Estimeret l\u00e6setid\" \/>\n\t<meta name=\"twitter:data1\" content=\"1 minut\" \/>\n<script type=\"application\/ld+json\" class=\"yoast-schema-graph\">{\"@context\":\"https:\/\/schema.org\",\"@graph\":[{\"@type\":\"WebPage\",\"@id\":\"https:\/\/xenonkungen.com\/produkt\/ledriving-hl-bright-h8-h11-h16-h9\/\",\"url\":\"https:\/\/xenonkungen.com\/produkt\/ledriving-hl-bright-h8-h11-h16-h9\/\",\"name\":\"LEDriving\u00ae HL BRIGHT H8\/H11\/H16\/H9 - Xenonkungen\",\"isPartOf\":{\"@id\":\"https:\/\/xenonkungen.com\/#website\"},\"primaryImageOfPage\":{\"@id\":\"https:\/\/xenonkungen.com\/produkt\/ledriving-hl-bright-h8-h11-h16-h9\/#primaryimage\"},\"image\":{\"@id\":\"https:\/\/xenonkungen.com\/produkt\/ledriving-hl-bright-h8-h11-h16-h9\/#primaryimage\"},\"thumbnailUrl\":\"https:\/\/xenonkungen.com\/wp-content\/uploads\/2025\/04\/215797789-origpic-bd3e8f.jpg\",\"datePublished\":\"2025-04-15T09:54:51+00:00\",\"dateModified\":\"2026-04-24T16:37:44+00:00\",\"breadcrumb\":{\"@id\":\"https:\/\/xenonkungen.com\/produkt\/ledriving-hl-bright-h8-h11-h16-h9\/#breadcrumb\"},\"inLanguage\":\"da-DK\",\"potentialAction\":[{\"@type\":\"ReadAction\",\"target\":[\"https:\/\/xenonkungen.com\/produkt\/ledriving-hl-bright-h8-h11-h16-h9\/\"]}]},{\"@type\":\"ImageObject\",\"inLanguage\":\"da-DK\",\"@id\":\"https:\/\/xenonkungen.com\/produkt\/ledriving-hl-bright-h8-h11-h16-h9\/#primaryimage\",\"url\":\"https:\/\/xenonkungen.com\/wp-content\/uploads\/2025\/04\/215797789-origpic-bd3e8f.jpg\",\"contentUrl\":\"https:\/\/xenonkungen.com\/wp-content\/uploads\/2025\/04\/215797789-origpic-bd3e8f.jpg\",\"width\":1024,\"height\":674},{\"@type\":\"BreadcrumbList\",\"@id\":\"https:\/\/xenonkungen.com\/produkt\/ledriving-hl-bright-h8-h11-h16-h9\/#breadcrumb\",\"itemListElement\":[{\"@type\":\"ListItem\",\"position\":1,\"name\":\"Hem\",\"item\":\"https:\/\/xenonkungen.com\/\"},{\"@type\":\"ListItem\",\"position\":2,\"name\":\"Shop\",\"item\":\"https:\/\/xenonkungen.com\/shop\/\"},{\"@type\":\"ListItem\",\"position\":3,\"name\":\"LEDriving\u00ae HL BRIGHT H8\/H11\/H16\/H9\"}]},{\"@type\":\"WebSite\",\"@id\":\"https:\/\/xenonkungen.com\/#website\",\"url\":\"https:\/\/xenonkungen.com\/\",\"name\":\"Xenonkungen\",\"description\":\"\",\"potentialAction\":[{\"@type\":\"SearchAction\",\"target\":{\"@type\":\"EntryPoint\",\"urlTemplate\":\"https:\/\/xenonkungen.com\/?s={search_term_string}\"},\"query-input\":{\"@type\":\"PropertyValueSpecification\",\"valueRequired\":true,\"valueName\":\"search_term_string\"}}],\"inLanguage\":\"da-DK\"}]}<\/script>\n<!-- \/ Yoast SEO plugin. -->","yoast_head_json":{"title":"LEDriving\u00ae HL BRIGHT H8\/H11\/H16\/H9 - Xenon-kongen","robots":{"index":"index","follow":"follow","max-snippet":"max-snippet:-1","max-image-preview":"max-image-preview:large","max-video-preview":"max-video-preview:-1"},"canonical":"https:\/\/xenonkungen.com\/dk\/vare\/ledriving-hl-lys-h8-h11-h16-h9\/","og_locale":"da_DK","og_type":"article","og_title":"LEDriving\u00ae HL BRIGHT H8\/H11\/H16\/H9 - Xenonkungen","og_description":"LEDriving\u00ae HL BRIGHT H8\/H11\/H16\/H9 erbjuder kraftfull LED-belysning med 1900 lumen och en kallvit f\u00e4rgtemperatur p\u00e5 6000K. Denna 12V-lampa kombinerar h\u00f6g prestanda med modern stil, vilket ger f\u00f6rb\u00e4ttrad sikt och ett elegant utseende till ditt fordon.","og_url":"https:\/\/xenonkungen.com\/dk\/vare\/ledriving-hl-lys-h8-h11-h16-h9\/","og_site_name":"Xenonkungen","article_modified_time":"2026-04-24T16:37:44+00:00","og_image":[{"width":1024,"height":674,"url":"https:\/\/xenonkungen.com\/wp-content\/uploads\/2025\/04\/215797789-origpic-bd3e8f.jpg","type":"image\/jpeg"}],"twitter_card":"summary_large_image","twitter_misc":{"Estimeret l\u00e6setid":"1 minut"},"schema":{"@context":"https:\/\/schema.org","@graph":[{"@type":"WebPage","@id":"https:\/\/xenonkungen.com\/produkt\/ledriving-hl-bright-h8-h11-h16-h9\/","url":"https:\/\/xenonkungen.com\/produkt\/ledriving-hl-bright-h8-h11-h16-h9\/","name":"LEDriving\u00ae HL BRIGHT H8\/H11\/H16\/H9 - Xenon-kongen","isPartOf":{"@id":"https:\/\/xenonkungen.com\/#website"},"primaryImageOfPage":{"@id":"https:\/\/xenonkungen.com\/produkt\/ledriving-hl-bright-h8-h11-h16-h9\/#primaryimage"},"image":{"@id":"https:\/\/xenonkungen.com\/produkt\/ledriving-hl-bright-h8-h11-h16-h9\/#primaryimage"},"thumbnailUrl":"https:\/\/xenonkungen.com\/wp-content\/uploads\/2025\/04\/215797789-origpic-bd3e8f.jpg","datePublished":"2025-04-15T09:54:51+00:00","dateModified":"2026-04-24T16:37:44+00:00","breadcrumb":{"@id":"https:\/\/xenonkungen.com\/produkt\/ledriving-hl-bright-h8-h11-h16-h9\/#breadcrumb"},"inLanguage":"da-DK","potentialAction":[{"@type":"ReadAction","target":["https:\/\/xenonkungen.com\/produkt\/ledriving-hl-bright-h8-h11-h16-h9\/"]}]},{"@type":"ImageObject","inLanguage":"da-DK","@id":"https:\/\/xenonkungen.com\/produkt\/ledriving-hl-bright-h8-h11-h16-h9\/#primaryimage","url":"https:\/\/xenonkungen.com\/wp-content\/uploads\/2025\/04\/215797789-origpic-bd3e8f.jpg","contentUrl":"https:\/\/xenonkungen.com\/wp-content\/uploads\/2025\/04\/215797789-origpic-bd3e8f.jpg","width":1024,"height":674},{"@type":"BreadcrumbList","@id":"https:\/\/xenonkungen.com\/produkt\/ledriving-hl-bright-h8-h11-h16-h9\/#breadcrumb","itemListElement":[{"@type":"ListItem","position":1,"name":"Hem","item":"https:\/\/xenonkungen.com\/"},{"@type":"ListItem","position":2,"name":"Shop","item":"https:\/\/xenonkungen.com\/shop\/"},{"@type":"ListItem","position":3,"name":"LEDriving\u00ae HL BRIGHT H8\/H11\/H16\/H9"}]},{"@type":"WebSite","@id":"https:\/\/xenonkungen.com\/#website","url":"https:\/\/xenonkungen.com\/","name":"Xenonkungen","description":"","potentialAction":[{"@type":"SearchAction","target":{"@type":"EntryPoint","urlTemplate":"https:\/\/xenonkungen.com\/?s={search_term_string}"},"query-input":{"@type":"PropertyValueSpecification","valueRequired":true,"valueName":"search_term_string"}}],"inLanguage":"da-DK"}]}},"taxonomy_info":{"product_brand":[{"value":108,"label":"OSRAM"}],"product_cat":[{"value":2633,"label":"OSRAM Ledriving"},{"value":733,"label":"Halvljus \/ Helljus"}],"pa_faktisk-effekts-forbrukning":[{"value":1904,"label":"19"}],"pa_fargtemperatur":[{"value":188,"label":"6000K"}],"pa_lampsockel-kontakt":[{"value":1909,"label":"H8\/H11\/H16\/H9"}],"pa_volt-v":[{"value":159,"label":"12"}]},"featured_image_src_large":["https:\/\/xenonkungen.com\/wp-content\/uploads\/2025\/04\/215797789-origpic-bd3e8f.jpg",1024,674,false],"author_info":[],"comment_info":1,"_links":{"self":[{"href":"https:\/\/xenonkungen.com\/dk\/wp-json\/wp\/v2\/product\/7387","targetHints":{"allow":["GET"]}}],"collection":[{"href":"https:\/\/xenonkungen.com\/dk\/wp-json\/wp\/v2\/product"}],"about":[{"href":"https:\/\/xenonkungen.com\/dk\/wp-json\/wp\/v2\/types\/product"}],"replies":[{"embeddable":true,"href":"https:\/\/xenonkungen.com\/dk\/wp-json\/wp\/v2\/comments?post=7387"}],"wp:featuredmedia":[{"embeddable":true,"href":"https:\/\/xenonkungen.com\/dk\/wp-json\/wp\/v2\/media\/7388"}],"wp:attachment":[{"href":"https:\/\/xenonkungen.com\/dk\/wp-json\/wp\/v2\/media?parent=7387"}],"wp:term":[{"taxonomy":"anvandningsomrade","embeddable":true,"href":"https:\/\/xenonkungen.com\/dk\/wp-json\/wp\/v2\/anvandningsomrade?post=7387"},{"taxonomy":"bilmarken","embeddable":true,"href":"https:\/\/xenonkungen.com\/dk\/wp-json\/wp\/v2\/bilmarken?post=7387"},{"taxonomy":"product_brand","embeddable":true,"href":"https:\/\/xenonkungen.com\/dk\/wp-json\/wp\/v2\/product_brand?post=7387"},{"taxonomy":"product_cat","embeddable":true,"href":"https:\/\/xenonkungen.com\/dk\/wp-json\/wp\/v2\/product_cat?post=7387"},{"taxonomy":"product_tag","embeddable":true,"href":"https:\/\/xenonkungen.com\/dk\/wp-json\/wp\/v2\/product_tag?post=7387"}],"curies":[{"name":"wp","href":"https:\/\/api.w.org\/{rel}","templated":true}]}}