{"id":7405,"date":"2025-04-15T09:55:06","date_gmt":"2025-04-15T09:55:06","guid":{"rendered":"https:\/\/xenonkungen.com\/product\/ledramp-paket-luxtar-x10-duo-200w\/"},"modified":"2026-04-24T17:59:34","modified_gmt":"2026-04-24T16:59:34","slug":"led-lyspakke-luxtar-x10-duo-200w","status":"publish","type":"product","link":"https:\/\/xenonkungen.com\/dk\/vare\/led-lyspakke-luxtar-x10-duo-200w\/","title":{"rendered":"Ledrampepakke LUXTAR\u00ae X10 Duo | 200W"},"content":{"rendered":"<h1>Komplet f\u00e6rdig pakke med h\u00e5ndliste, beslag og kabler<\/h1>\n<p>Model X10 Duo er <strong>E-autoriseret<\/strong> og st\u00f8rrelsen g\u00f8r, at den passer til alle standard nummerpladeholdere og styrtb\u00f8jler.<\/p>\n<p>Denne model er specielt designet til det norske marked, hvor ekstra lygter skal monteres parvis, men \u00e5h, hvor ser den flot ud, is\u00e6r med den sorte bue.<\/p>\n<p><strong>200W | 20 000 lumen<\/strong> er de teoretiske v\u00e6rdier af <strong>Luxtar X10 Duo<\/strong> og som du kan tage i betragtning, n\u00e5r du sammenligner med andre muligheder p\u00e5 markedet (som l\u00e6gger v\u00e6gt p\u00e5 teoretiske data).<\/p>\n<p>Luxtar-lysbj\u00e6lker har et unikt design og er udstyret med reflektorer med sidemonterede diodelamper, som forbedrer ydeevnen betydeligt.<\/p>\n<p>Luxtar X-Series er velegnet til dem, der prioriterer lysets r\u00e6kkevidde eller ved h\u00f8jere hastigheder, hvor fokus naturligvis er p\u00e5 l\u00e6ngere afstande.<\/p>\n<p><strong>Pakken indeholder<\/strong><br \/>\n2 stk. <a href=\"https:\/\/www.xenonkungen.com\/se\/produkter\/ledramper\/luxtar-ledramp-x10-sb-e-godkand.html\" target=\"_blank\" rel=\"noopener\">LUXTAR Lightning X10 BB E-Mark<\/a><br \/>\n1. <a href=\"https:\/\/www.xenonkungen.com\/se\/produkter\/installationsmaterial\/fasten-ovrigt\/x10-center-bracket.html\" target=\"_blank\" rel=\"noopener\">X10 centerbeslag<\/a><br \/>\n1. <a href=\"https:\/\/www.xenonkungen.com\/se\/produkter\/installationsmaterial\/kablar-kontakter\/relakabel-dt-kontakter-extraljus.html\" target=\"_blank\" rel=\"noopener\">Rel\u00e6kabel 2xDT 2M 12V<\/a><br \/>\n1. <a href=\"https:\/\/www.xenonkungen.com\/se\/produkter\/installationsmaterial\/fasten-universal\/extraljusfaste-svart-3-225mm.html\" target=\"_blank\" rel=\"noopener\">Ekstra lysbeslag Sort 3<\/a><\/p>","protected":false},"excerpt":{"rendered":"<p>Komplett f\u00e4rdigt paket med ledramp, f\u00e4ste och kablage Modell X10 Duo \u00e4r E-godk\u00e4nd och storleken g\u00f6r den l\u00e4mplig f\u00f6r alla vanliga nummerskylth\u00e5llare och frontb\u00e5gar. Denna modell \u00e4r s\u00e4rskilt framtagen f\u00f6r den norska marknaden d\u00e4r extraljus m\u00e5ste monteras parvis, men oj vad snyggt det blir s\u00e4rskilt med den svarta ljusb\u00e5gen. 200W | 20 000 Lumen \u00e4r [&hellip;]<\/p>","protected":false},"featured_media":7406,"comment_status":"closed","ping_status":"closed","template":"","meta":{"_acf_changed":false,"_smort_price_nok":"3413","_smort_price_dkk":"2168","_smort_price_eur":"290.44","_smort_sale_price_nok":"","_smort_sale_price_dkk":"","_smort_sale_price_eur":"","smort_restorder":"","shipmondo_restorder":"","_kad_blocks_custom_css":"","_kad_blocks_head_custom_js":"","_kad_blocks_body_custom_js":"","_kad_blocks_footer_custom_js":"","smort_custom_pricelist_1":"2044.8","smort_custom_pricelist_2":"1789.2","smort_custom_pricelist_3":"1699.74","smort_custom_pricelist_4":"2556","smort_custom_pricelist_5":"1789.2"},"anvandningsomrade":[],"bilmarken":[],"product_brand":[103],"product_cat":[2539,2826,2596,1916],"product_tag":[],"class_list":{"0":"post-7405","1":"product","2":"type-product","3":"status-publish","4":"has-post-thumbnail","6":"product_brand-luxtar","7":"product_cat-ledramper","8":"product_cat-luxtar","9":"product_cat-paket","10":"product_cat-ledrampspaket","11":"pa_faktisk-effekts-forbrukning-1912","12":"pa_fuktskydd-varde-ipxx-ip68","13":"pa_godkannande-e-markt","14":"pa_ljusbild-spot","15":"pa_storlek-mm-601x63x85","16":"pa_stromforbrukning-124a-12v","17":"pa_stromforbrukning-64a-24v","18":"pa_volt-v-multivolt-9-12-16-18-24-28-30-32","20":"first","21":"onbackorder","22":"taxable","23":"shipping-taxable","24":"purchasable","25":"product-type-simple"},"bundled_by":[],"bundle_stock_status":"onbackorder","bundle_stock_quantity":-493,"bundle_virtual":false,"bundle_layout":"","bundle_add_to_cart_form_location":"","bundle_editable_in_cart":false,"bundle_sold_individually_context":"","bundle_item_grouping":"","bundle_min_size":"","bundle_max_size":"","bundle_price":[],"bundled_items":[],"bundle_sell_ids":[],"acf":[],"yoast_head":"<!-- This site is optimized with the Yoast SEO plugin v27.0 - https:\/\/yoast.com\/product\/yoast-seo-wordpress\/ -->\n<title>Ledramp Paket LUXTAR\u00ae X10 Duo | 200W - Xenonkungen<\/title>\n<meta name=\"robots\" content=\"index, follow, max-snippet:-1, max-image-preview:large, max-video-preview:-1\" \/>\n<link rel=\"canonical\" href=\"https:\/\/xenonkungen.com\/dk\/vare\/led-lyspakke-luxtar-x10-duo-200w\/\" \/>\n<meta property=\"og:locale\" content=\"da_DK\" \/>\n<meta property=\"og:type\" content=\"article\" \/>\n<meta property=\"og:title\" content=\"Ledramp Paket LUXTAR\u00ae X10 Duo | 200W - Xenonkungen\" \/>\n<meta property=\"og:description\" content=\"Komplett f\u00e4rdigt paket med ledramp, f\u00e4ste och kablage Modell X10 Duo \u00e4r E-godk\u00e4nd och storleken g\u00f6r den l\u00e4mplig f\u00f6r alla vanliga nummerskylth\u00e5llare och frontb\u00e5gar. Denna modell \u00e4r s\u00e4rskilt framtagen f\u00f6r den norska marknaden d\u00e4r extraljus m\u00e5ste monteras parvis, men oj vad snyggt det blir s\u00e4rskilt med den svarta ljusb\u00e5gen. 200W | 20 000 Lumen \u00e4r [&hellip;]\" \/>\n<meta property=\"og:url\" content=\"https:\/\/xenonkungen.com\/dk\/vare\/led-lyspakke-luxtar-x10-duo-200w\/\" \/>\n<meta property=\"og:site_name\" content=\"Xenonkungen\" \/>\n<meta property=\"article:modified_time\" content=\"2026-04-24T16:59:34+00:00\" \/>\n<meta property=\"og:image\" content=\"https:\/\/xenonkungen.com\/wp-content\/uploads\/2025\/04\/78932203-origpic-dbc1b2.png\" \/>\n\t<meta property=\"og:image:width\" content=\"700\" \/>\n\t<meta property=\"og:image:height\" content=\"700\" \/>\n\t<meta property=\"og:image:type\" content=\"image\/png\" \/>\n<meta name=\"twitter:card\" content=\"summary_large_image\" \/>\n<meta name=\"twitter:label1\" content=\"Estimeret l\u00e6setid\" \/>\n\t<meta name=\"twitter:data1\" content=\"1 minut\" \/>\n<script type=\"application\/ld+json\" class=\"yoast-schema-graph\">{\"@context\":\"https:\/\/schema.org\",\"@graph\":[{\"@type\":\"WebPage\",\"@id\":\"https:\/\/xenonkungen.com\/produkt\/ledramp-paket-luxtar-x10-duo-200w\/\",\"url\":\"https:\/\/xenonkungen.com\/produkt\/ledramp-paket-luxtar-x10-duo-200w\/\",\"name\":\"Ledramp Paket LUXTAR\u00ae X10 Duo | 200W - Xenonkungen\",\"isPartOf\":{\"@id\":\"https:\/\/xenonkungen.com\/#website\"},\"primaryImageOfPage\":{\"@id\":\"https:\/\/xenonkungen.com\/produkt\/ledramp-paket-luxtar-x10-duo-200w\/#primaryimage\"},\"image\":{\"@id\":\"https:\/\/xenonkungen.com\/produkt\/ledramp-paket-luxtar-x10-duo-200w\/#primaryimage\"},\"thumbnailUrl\":\"https:\/\/xenonkungen.com\/wp-content\/uploads\/2025\/04\/78932203-origpic-dbc1b2.png\",\"datePublished\":\"2025-04-15T09:55:06+00:00\",\"dateModified\":\"2026-04-24T16:59:34+00:00\",\"breadcrumb\":{\"@id\":\"https:\/\/xenonkungen.com\/produkt\/ledramp-paket-luxtar-x10-duo-200w\/#breadcrumb\"},\"inLanguage\":\"da-DK\",\"potentialAction\":[{\"@type\":\"ReadAction\",\"target\":[\"https:\/\/xenonkungen.com\/produkt\/ledramp-paket-luxtar-x10-duo-200w\/\"]}]},{\"@type\":\"ImageObject\",\"inLanguage\":\"da-DK\",\"@id\":\"https:\/\/xenonkungen.com\/produkt\/ledramp-paket-luxtar-x10-duo-200w\/#primaryimage\",\"url\":\"https:\/\/xenonkungen.com\/wp-content\/uploads\/2025\/04\/78932203-origpic-dbc1b2.png\",\"contentUrl\":\"https:\/\/xenonkungen.com\/wp-content\/uploads\/2025\/04\/78932203-origpic-dbc1b2.png\",\"width\":700,\"height\":700},{\"@type\":\"BreadcrumbList\",\"@id\":\"https:\/\/xenonkungen.com\/produkt\/ledramp-paket-luxtar-x10-duo-200w\/#breadcrumb\",\"itemListElement\":[{\"@type\":\"ListItem\",\"position\":1,\"name\":\"Hem\",\"item\":\"https:\/\/xenonkungen.com\/\"},{\"@type\":\"ListItem\",\"position\":2,\"name\":\"Shop\",\"item\":\"https:\/\/xenonkungen.com\/shop\/\"},{\"@type\":\"ListItem\",\"position\":3,\"name\":\"Ledramp Paket LUXTAR\u00ae X10 Duo | 200W\"}]},{\"@type\":\"WebSite\",\"@id\":\"https:\/\/xenonkungen.com\/#website\",\"url\":\"https:\/\/xenonkungen.com\/\",\"name\":\"Xenonkungen\",\"description\":\"\",\"potentialAction\":[{\"@type\":\"SearchAction\",\"target\":{\"@type\":\"EntryPoint\",\"urlTemplate\":\"https:\/\/xenonkungen.com\/?s={search_term_string}\"},\"query-input\":{\"@type\":\"PropertyValueSpecification\",\"valueRequired\":true,\"valueName\":\"search_term_string\"}}],\"inLanguage\":\"da-DK\"}]}<\/script>\n<!-- \/ Yoast SEO plugin. -->","yoast_head_json":{"title":"LED-projekt\u00f8rpakke LUXTAR\u00ae X10 Duo | 200W - Xenonkungen","robots":{"index":"index","follow":"follow","max-snippet":"max-snippet:-1","max-image-preview":"max-image-preview:large","max-video-preview":"max-video-preview:-1"},"canonical":"https:\/\/xenonkungen.com\/dk\/vare\/led-lyspakke-luxtar-x10-duo-200w\/","og_locale":"da_DK","og_type":"article","og_title":"Ledramp Paket LUXTAR\u00ae X10 Duo | 200W - Xenonkungen","og_description":"Komplett f\u00e4rdigt paket med ledramp, f\u00e4ste och kablage Modell X10 Duo \u00e4r E-godk\u00e4nd och storleken g\u00f6r den l\u00e4mplig f\u00f6r alla vanliga nummerskylth\u00e5llare och frontb\u00e5gar. Denna modell \u00e4r s\u00e4rskilt framtagen f\u00f6r den norska marknaden d\u00e4r extraljus m\u00e5ste monteras parvis, men oj vad snyggt det blir s\u00e4rskilt med den svarta ljusb\u00e5gen. 200W | 20 000 Lumen \u00e4r [&hellip;]","og_url":"https:\/\/xenonkungen.com\/dk\/vare\/led-lyspakke-luxtar-x10-duo-200w\/","og_site_name":"Xenonkungen","article_modified_time":"2026-04-24T16:59:34+00:00","og_image":[{"width":700,"height":700,"url":"https:\/\/xenonkungen.com\/wp-content\/uploads\/2025\/04\/78932203-origpic-dbc1b2.png","type":"image\/png"}],"twitter_card":"summary_large_image","twitter_misc":{"Estimeret l\u00e6setid":"1 minut"},"schema":{"@context":"https:\/\/schema.org","@graph":[{"@type":"WebPage","@id":"https:\/\/xenonkungen.com\/produkt\/ledramp-paket-luxtar-x10-duo-200w\/","url":"https:\/\/xenonkungen.com\/produkt\/ledramp-paket-luxtar-x10-duo-200w\/","name":"LED-projekt\u00f8rpakke LUXTAR\u00ae X10 Duo | 200W - Xenonkungen","isPartOf":{"@id":"https:\/\/xenonkungen.com\/#website"},"primaryImageOfPage":{"@id":"https:\/\/xenonkungen.com\/produkt\/ledramp-paket-luxtar-x10-duo-200w\/#primaryimage"},"image":{"@id":"https:\/\/xenonkungen.com\/produkt\/ledramp-paket-luxtar-x10-duo-200w\/#primaryimage"},"thumbnailUrl":"https:\/\/xenonkungen.com\/wp-content\/uploads\/2025\/04\/78932203-origpic-dbc1b2.png","datePublished":"2025-04-15T09:55:06+00:00","dateModified":"2026-04-24T16:59:34+00:00","breadcrumb":{"@id":"https:\/\/xenonkungen.com\/produkt\/ledramp-paket-luxtar-x10-duo-200w\/#breadcrumb"},"inLanguage":"da-DK","potentialAction":[{"@type":"ReadAction","target":["https:\/\/xenonkungen.com\/produkt\/ledramp-paket-luxtar-x10-duo-200w\/"]}]},{"@type":"ImageObject","inLanguage":"da-DK","@id":"https:\/\/xenonkungen.com\/produkt\/ledramp-paket-luxtar-x10-duo-200w\/#primaryimage","url":"https:\/\/xenonkungen.com\/wp-content\/uploads\/2025\/04\/78932203-origpic-dbc1b2.png","contentUrl":"https:\/\/xenonkungen.com\/wp-content\/uploads\/2025\/04\/78932203-origpic-dbc1b2.png","width":700,"height":700},{"@type":"BreadcrumbList","@id":"https:\/\/xenonkungen.com\/produkt\/ledramp-paket-luxtar-x10-duo-200w\/#breadcrumb","itemListElement":[{"@type":"ListItem","position":1,"name":"Hem","item":"https:\/\/xenonkungen.com\/"},{"@type":"ListItem","position":2,"name":"Shop","item":"https:\/\/xenonkungen.com\/shop\/"},{"@type":"ListItem","position":3,"name":"Ledramp Paket LUXTAR\u00ae X10 Duo | 200W"}]},{"@type":"WebSite","@id":"https:\/\/xenonkungen.com\/#website","url":"https:\/\/xenonkungen.com\/","name":"Xenonkungen","description":"","potentialAction":[{"@type":"SearchAction","target":{"@type":"EntryPoint","urlTemplate":"https:\/\/xenonkungen.com\/?s={search_term_string}"},"query-input":{"@type":"PropertyValueSpecification","valueRequired":true,"valueName":"search_term_string"}}],"inLanguage":"da-DK"}]}},"taxonomy_info":{"product_brand":[{"value":103,"label":"LUXTAR"}],"product_cat":[{"value":2539,"label":"LEDRAMPER"},{"value":2826,"label":"LUXTAR"},{"value":2596,"label":"Paket"},{"value":1916,"label":"Ledrampspaket"}],"pa_faktisk-effekts-forbrukning":[{"value":1912,"label":"148,8"}],"pa_fuktskydd-varde-ipxx":[{"value":177,"label":"IP68"}],"pa_godkannande":[{"value":191,"label":"E-m\u00e4rkt"}],"pa_ljusbild":[{"value":1177,"label":"Spot"}],"pa_storlek-mm":[{"value":1911,"label":"601x63x85"}],"pa_stromforbrukning":[{"value":1913,"label":"12,4A @12V"},{"value":1914,"label":"6,4A @24V"}],"pa_volt-v":[{"value":521,"label":"Multivolt, 9, 12, 16, 18, 24, 28, 30, 32"}]},"featured_image_src_large":["https:\/\/xenonkungen.com\/wp-content\/uploads\/2025\/04\/78932203-origpic-dbc1b2.png",700,700,false],"author_info":[],"comment_info":0,"_links":{"self":[{"href":"https:\/\/xenonkungen.com\/dk\/wp-json\/wp\/v2\/product\/7405","targetHints":{"allow":["GET"]}}],"collection":[{"href":"https:\/\/xenonkungen.com\/dk\/wp-json\/wp\/v2\/product"}],"about":[{"href":"https:\/\/xenonkungen.com\/dk\/wp-json\/wp\/v2\/types\/product"}],"replies":[{"embeddable":true,"href":"https:\/\/xenonkungen.com\/dk\/wp-json\/wp\/v2\/comments?post=7405"}],"wp:featuredmedia":[{"embeddable":true,"href":"https:\/\/xenonkungen.com\/dk\/wp-json\/wp\/v2\/media\/7406"}],"wp:attachment":[{"href":"https:\/\/xenonkungen.com\/dk\/wp-json\/wp\/v2\/media?parent=7405"}],"wp:term":[{"taxonomy":"anvandningsomrade","embeddable":true,"href":"https:\/\/xenonkungen.com\/dk\/wp-json\/wp\/v2\/anvandningsomrade?post=7405"},{"taxonomy":"bilmarken","embeddable":true,"href":"https:\/\/xenonkungen.com\/dk\/wp-json\/wp\/v2\/bilmarken?post=7405"},{"taxonomy":"product_brand","embeddable":true,"href":"https:\/\/xenonkungen.com\/dk\/wp-json\/wp\/v2\/product_brand?post=7405"},{"taxonomy":"product_cat","embeddable":true,"href":"https:\/\/xenonkungen.com\/dk\/wp-json\/wp\/v2\/product_cat?post=7405"},{"taxonomy":"product_tag","embeddable":true,"href":"https:\/\/xenonkungen.com\/dk\/wp-json\/wp\/v2\/product_tag?post=7405"}],"curies":[{"name":"wp","href":"https:\/\/api.w.org\/{rel}","templated":true}]}}