{"id":7471,"date":"2025-04-15T09:56:07","date_gmt":"2025-04-15T09:56:07","guid":{"rendered":"https:\/\/xenonkungen.com\/product\/osram-ledriving-ledramp-fx250-spot\/"},"modified":"2026-04-11T01:30:29","modified_gmt":"2026-04-11T00:30:29","slug":"osram-led-lampe-med-led-ramp-fx250-spot","status":"publish","type":"product","link":"https:\/\/xenonkungen.com\/dk\/vare\/osram-led-lampe-med-led-ramp-fx250-spot\/","title":{"rendered":"OSRAM LEDriving\u00ae LEDramp FX250 Spotlight <31cm>"},"content":{"rendered":"<h2 class=\"font-headline-text-bold orange\">H\u00f8jtydende LED-ekstralygter er godkendt til brug p\u00e5 offentlige veje og forbedrer sigtbarheden<\/h2>\n<div class=\"product-text\">\n<div class=\"space-paragraph\" data-attr-id=\"ZPIM1TE00821\">Et p\u00e5lideligt og klart lys forbedrer ikke kun udsynet for f\u00f8rere, men \u00f8ger frem for alt sikkerheden p\u00e5 vejen. LEDriving Lightbar FX250-SP ekstralyset giver f\u00f8reren et kraftigt ekstra fjernlys, der er godkendt til brug p\u00e5 offentlige veje.<br \/>Selv under vanskelige sigtforhold giver LED-ekstralyset bedre udsyn til modk\u00f8rende trafik takket v\u00e6re ti h\u00f8jtydende LED&#039;er og 2.700 lumen. Udover at forbedre din egen sikkerhed forbedrer det ogs\u00e5 trafiksikkerheden generelt.<br \/>Det smarte design af LED-fjernlysreflektorerne sikrer meget h\u00f8j effektivitet og ensartet lysfordeling. Det st\u00e6rkt koncentrerede lys forbedrer belysningen over lange afstande. LED-spotlightets lysstr\u00e5le n\u00e5r op til 360 meter.<\/p>\n<p><strong>B\u00e6redygtighed og en bred vifte af anvendelser<\/strong><br \/>Daglig brug belaster et k\u00f8ret\u00f8j meget. Belastningerne p\u00e5virker ogs\u00e5 LED-ekstralygten. Derfor er den udstyret med en ekstremt holdbar polycarbonatlinse, der kan modst\u00e5 barske forhold i lange perioder.<br \/>Men det er ikke kun materialer af h\u00f8j kvalitet, der bidrager til holdbarheden: Den integrerede drivenhed og varmestyringssystemet spiller ogs\u00e5 en vigtig rolle i LED-fjernlysets lange levetid.<br \/>Over- og undersp\u00e6ndingsbeskyttelse afbryder automatisk kredsl\u00f8bet, n\u00e5r den forudbestemte str\u00f8m overskrides i en bestemt periode. Dette forhindrer midlertidig overophedning og forl\u00e6nger LED-hj\u00e6lpelysets levetid.<br \/>Mere lys er vigtigt \u2013 ikke kun p\u00e5 vejen: Kraftig belysning er vigtig i terr\u00e6net, p\u00e5 ubelyste grus- og skovveje og i landbruget.<br \/>Derfor kan LEDriving Lightbar FX250-SP LED-hj\u00e6lpelygten nemt monteres p\u00e5 4\u00d74 og erhvervsk\u00f8ret\u00f8jer samt p\u00e5 industri- og entrepren\u00f8rk\u00f8ret\u00f8jer.<\/div>\n<\/div>\n<p><strong>Spotlight<\/strong> har et retningsbestemt lys, som g\u00f8r, at lyset kan n\u00e5 s\u00e5 langt som muligt.<\/p>","protected":false},"excerpt":{"rendered":"<p>H\u00f6gpresterande LED-extraljus \u00e4r godk\u00e4nda f\u00f6r anv\u00e4ndning p\u00e5 allm\u00e4n v\u00e4g och f\u00f6rb\u00e4ttrar sikten Ett p\u00e5litligt och starkt ljus f\u00f6rb\u00e4ttrar inte bara sikten f\u00f6r f\u00f6rare, framf\u00f6r allt \u00f6kar det s\u00e4kerheten p\u00e5 v\u00e4gen. Extraljuset LEDriving Lightbar FX250-SP ger f\u00f6raren ett kraftfullt extra helljus som \u00e4r godk\u00e4nt f\u00f6r anv\u00e4ndning p\u00e5 allm\u00e4n v\u00e4g.\u00c4ven under sv\u00e5ra siktf\u00f6rh\u00e5llanden ger LED-extraljuset b\u00e4ttre uppfattning [&hellip;]<\/p>","protected":false},"featured_media":7472,"comment_status":"closed","ping_status":"open","template":"","meta":{"_acf_changed":false,"_smort_price_nok":"2403","_smort_price_dkk":"1527","_smort_price_eur":"204.54","_smort_sale_price_nok":"","_smort_sale_price_dkk":"","_smort_sale_price_eur":"","smort_restorder":"","shipmondo_restorder":"","_kad_blocks_custom_css":"","_kad_blocks_head_custom_js":"","_kad_blocks_body_custom_js":"","_kad_blocks_footer_custom_js":"","smort_custom_pricelist_1":"1440","smort_custom_pricelist_2":"1440","smort_custom_pricelist_3":"1368","smort_custom_pricelist_4":"1800","smort_custom_pricelist_5":"1440"},"anvandningsomrade":[],"bilmarken":[],"product_brand":[108],"product_cat":[2966,2539,2640,2183],"product_tag":[],"class_list":{"0":"post-7471","1":"product","2":"type-product","3":"status-publish","4":"has-post-thumbnail","6":"product_brand-osram","7":"product_cat-ledramp-rak","8":"product_cat-ledramper","9":"product_cat-osram-ledriving-ledramper","10":"product_cat-osram-ledriving","11":"pa_faktisk-effekts-forbrukning-533","12":"pa_fargtemperatur-1428","13":"pa_fuktskydd-varde-ipxx-ip67","14":"pa_godkannande-e4-ece-r10-r112","15":"pa_lampsockel-kontakt-dt","16":"pa_ljusbild-spot","17":"pa_storlek-mm-94x77x400","18":"pa_volt-v-12-24","20":"first","21":"onbackorder","22":"taxable","23":"shipping-taxable","24":"purchasable","25":"product-type-simple"},"bundled_by":[],"bundle_stock_status":"onbackorder","bundle_stock_quantity":0,"bundle_virtual":false,"bundle_layout":"","bundle_add_to_cart_form_location":"","bundle_editable_in_cart":false,"bundle_sold_individually_context":"","bundle_item_grouping":"","bundle_min_size":"","bundle_max_size":"","bundle_price":[],"bundled_items":[],"bundle_sell_ids":[],"acf":[],"yoast_head":"<!-- This site is optimized with the Yoast SEO plugin v27.0 - https:\/\/yoast.com\/product\/yoast-seo-wordpress\/ -->\n<title>OSRAM LEDriving\u00ae LEDramp FX250 Spot  - Xenonkungen<\/title>\n<meta name=\"robots\" content=\"index, follow, max-snippet:-1, max-image-preview:large, max-video-preview:-1\" \/>\n<link rel=\"canonical\" href=\"https:\/\/xenonkungen.com\/dk\/vare\/osram-led-lampe-med-led-ramp-fx250-spot\/\" \/>\n<meta property=\"og:locale\" content=\"da_DK\" \/>\n<meta property=\"og:type\" content=\"article\" \/>\n<meta property=\"og:title\" content=\"OSRAM LEDriving\u00ae LEDramp FX250 Spot  - Xenonkungen\" \/>\n<meta property=\"og:description\" content=\"H\u00f6gpresterande LED-extraljus \u00e4r godk\u00e4nda f\u00f6r anv\u00e4ndning p\u00e5 allm\u00e4n v\u00e4g och f\u00f6rb\u00e4ttrar sikten Ett p\u00e5litligt och starkt ljus f\u00f6rb\u00e4ttrar inte bara sikten f\u00f6r f\u00f6rare, framf\u00f6r allt \u00f6kar det s\u00e4kerheten p\u00e5 v\u00e4gen. Extraljuset LEDriving Lightbar FX250-SP ger f\u00f6raren ett kraftfullt extra helljus som \u00e4r godk\u00e4nt f\u00f6r anv\u00e4ndning p\u00e5 allm\u00e4n v\u00e4g.\u00c4ven under sv\u00e5ra siktf\u00f6rh\u00e5llanden ger LED-extraljuset b\u00e4ttre uppfattning [&hellip;]\" \/>\n<meta property=\"og:url\" content=\"https:\/\/xenonkungen.com\/dk\/vare\/osram-led-lampe-med-led-ramp-fx250-spot\/\" \/>\n<meta property=\"og:site_name\" content=\"Xenonkungen\" \/>\n<meta property=\"article:modified_time\" content=\"2026-04-11T00:30:29+00:00\" \/>\n<meta property=\"og:image\" content=\"https:\/\/xenonkungen.com\/wp-content\/uploads\/2025\/04\/163017833-origpic-a74786.png\" \/>\n\t<meta property=\"og:image:width\" content=\"1000\" \/>\n\t<meta property=\"og:image:height\" content=\"728\" \/>\n\t<meta property=\"og:image:type\" content=\"image\/png\" \/>\n<meta name=\"twitter:card\" content=\"summary_large_image\" \/>\n<meta name=\"twitter:label1\" content=\"Estimeret l\u00e6setid\" \/>\n\t<meta name=\"twitter:data1\" content=\"2 minutter\" \/>\n<script type=\"application\/ld+json\" class=\"yoast-schema-graph\">{\"@context\":\"https:\/\/schema.org\",\"@graph\":[{\"@type\":\"WebPage\",\"@id\":\"https:\/\/xenonkungen.com\/produkt\/osram-ledriving-ledramp-fx250-spot\/\",\"url\":\"https:\/\/xenonkungen.com\/produkt\/osram-ledriving-ledramp-fx250-spot\/\",\"name\":\"OSRAM LEDriving\u00ae LEDramp FX250 Spot - Xenonkungen\",\"isPartOf\":{\"@id\":\"https:\/\/xenonkungen.com\/#website\"},\"primaryImageOfPage\":{\"@id\":\"https:\/\/xenonkungen.com\/produkt\/osram-ledriving-ledramp-fx250-spot\/#primaryimage\"},\"image\":{\"@id\":\"https:\/\/xenonkungen.com\/produkt\/osram-ledriving-ledramp-fx250-spot\/#primaryimage\"},\"thumbnailUrl\":\"https:\/\/xenonkungen.com\/wp-content\/uploads\/2025\/04\/163017833-origpic-a74786.png\",\"datePublished\":\"2025-04-15T09:56:07+00:00\",\"dateModified\":\"2026-04-11T00:30:29+00:00\",\"breadcrumb\":{\"@id\":\"https:\/\/xenonkungen.com\/produkt\/osram-ledriving-ledramp-fx250-spot\/#breadcrumb\"},\"inLanguage\":\"da-DK\",\"potentialAction\":[{\"@type\":\"ReadAction\",\"target\":[\"https:\/\/xenonkungen.com\/produkt\/osram-ledriving-ledramp-fx250-spot\/\"]}]},{\"@type\":\"ImageObject\",\"inLanguage\":\"da-DK\",\"@id\":\"https:\/\/xenonkungen.com\/produkt\/osram-ledriving-ledramp-fx250-spot\/#primaryimage\",\"url\":\"https:\/\/xenonkungen.com\/wp-content\/uploads\/2025\/04\/163017833-origpic-a74786.png\",\"contentUrl\":\"https:\/\/xenonkungen.com\/wp-content\/uploads\/2025\/04\/163017833-origpic-a74786.png\",\"width\":1000,\"height\":728},{\"@type\":\"BreadcrumbList\",\"@id\":\"https:\/\/xenonkungen.com\/produkt\/osram-ledriving-ledramp-fx250-spot\/#breadcrumb\",\"itemListElement\":[{\"@type\":\"ListItem\",\"position\":1,\"name\":\"Hem\",\"item\":\"https:\/\/xenonkungen.com\/\"},{\"@type\":\"ListItem\",\"position\":2,\"name\":\"Shop\",\"item\":\"https:\/\/xenonkungen.com\/shop\/\"},{\"@type\":\"ListItem\",\"position\":3,\"name\":\"OSRAM LEDriving\u00ae LEDramp FX250 Spot\"}]},{\"@type\":\"WebSite\",\"@id\":\"https:\/\/xenonkungen.com\/#website\",\"url\":\"https:\/\/xenonkungen.com\/\",\"name\":\"Xenonkungen\",\"description\":\"\",\"potentialAction\":[{\"@type\":\"SearchAction\",\"target\":{\"@type\":\"EntryPoint\",\"urlTemplate\":\"https:\/\/xenonkungen.com\/?s={search_term_string}\"},\"query-input\":{\"@type\":\"PropertyValueSpecification\",\"valueRequired\":true,\"valueName\":\"search_term_string\"}}],\"inLanguage\":\"da-DK\"}]}<\/script>\n<!-- \/ Yoast SEO plugin. -->","yoast_head_json":{"title":"OSRAM LEDriving\u00ae LEDramp FX250 Spotlight - Xenon-kongen","robots":{"index":"index","follow":"follow","max-snippet":"max-snippet:-1","max-image-preview":"max-image-preview:large","max-video-preview":"max-video-preview:-1"},"canonical":"https:\/\/xenonkungen.com\/dk\/vare\/osram-led-lampe-med-led-ramp-fx250-spot\/","og_locale":"da_DK","og_type":"article","og_title":"OSRAM LEDriving\u00ae LEDramp FX250 Spot  - Xenonkungen","og_description":"H\u00f6gpresterande LED-extraljus \u00e4r godk\u00e4nda f\u00f6r anv\u00e4ndning p\u00e5 allm\u00e4n v\u00e4g och f\u00f6rb\u00e4ttrar sikten Ett p\u00e5litligt och starkt ljus f\u00f6rb\u00e4ttrar inte bara sikten f\u00f6r f\u00f6rare, framf\u00f6r allt \u00f6kar det s\u00e4kerheten p\u00e5 v\u00e4gen. Extraljuset LEDriving Lightbar FX250-SP ger f\u00f6raren ett kraftfullt extra helljus som \u00e4r godk\u00e4nt f\u00f6r anv\u00e4ndning p\u00e5 allm\u00e4n v\u00e4g.\u00c4ven under sv\u00e5ra siktf\u00f6rh\u00e5llanden ger LED-extraljuset b\u00e4ttre uppfattning [&hellip;]","og_url":"https:\/\/xenonkungen.com\/dk\/vare\/osram-led-lampe-med-led-ramp-fx250-spot\/","og_site_name":"Xenonkungen","article_modified_time":"2026-04-11T00:30:29+00:00","og_image":[{"width":1000,"height":728,"url":"https:\/\/xenonkungen.com\/wp-content\/uploads\/2025\/04\/163017833-origpic-a74786.png","type":"image\/png"}],"twitter_card":"summary_large_image","twitter_misc":{"Estimeret l\u00e6setid":"2 minutter"},"schema":{"@context":"https:\/\/schema.org","@graph":[{"@type":"WebPage","@id":"https:\/\/xenonkungen.com\/produkt\/osram-ledriving-ledramp-fx250-spot\/","url":"https:\/\/xenonkungen.com\/produkt\/osram-ledriving-ledramp-fx250-spot\/","name":"OSRAM LEDriving\u00ae LEDramp FX250 Spotlight - Xenon-kongen","isPartOf":{"@id":"https:\/\/xenonkungen.com\/#website"},"primaryImageOfPage":{"@id":"https:\/\/xenonkungen.com\/produkt\/osram-ledriving-ledramp-fx250-spot\/#primaryimage"},"image":{"@id":"https:\/\/xenonkungen.com\/produkt\/osram-ledriving-ledramp-fx250-spot\/#primaryimage"},"thumbnailUrl":"https:\/\/xenonkungen.com\/wp-content\/uploads\/2025\/04\/163017833-origpic-a74786.png","datePublished":"2025-04-15T09:56:07+00:00","dateModified":"2026-04-11T00:30:29+00:00","breadcrumb":{"@id":"https:\/\/xenonkungen.com\/produkt\/osram-ledriving-ledramp-fx250-spot\/#breadcrumb"},"inLanguage":"da-DK","potentialAction":[{"@type":"ReadAction","target":["https:\/\/xenonkungen.com\/produkt\/osram-ledriving-ledramp-fx250-spot\/"]}]},{"@type":"ImageObject","inLanguage":"da-DK","@id":"https:\/\/xenonkungen.com\/produkt\/osram-ledriving-ledramp-fx250-spot\/#primaryimage","url":"https:\/\/xenonkungen.com\/wp-content\/uploads\/2025\/04\/163017833-origpic-a74786.png","contentUrl":"https:\/\/xenonkungen.com\/wp-content\/uploads\/2025\/04\/163017833-origpic-a74786.png","width":1000,"height":728},{"@type":"BreadcrumbList","@id":"https:\/\/xenonkungen.com\/produkt\/osram-ledriving-ledramp-fx250-spot\/#breadcrumb","itemListElement":[{"@type":"ListItem","position":1,"name":"Hem","item":"https:\/\/xenonkungen.com\/"},{"@type":"ListItem","position":2,"name":"Shop","item":"https:\/\/xenonkungen.com\/shop\/"},{"@type":"ListItem","position":3,"name":"OSRAM LEDriving\u00ae LEDramp FX250 Spot"}]},{"@type":"WebSite","@id":"https:\/\/xenonkungen.com\/#website","url":"https:\/\/xenonkungen.com\/","name":"Xenonkungen","description":"","potentialAction":[{"@type":"SearchAction","target":{"@type":"EntryPoint","urlTemplate":"https:\/\/xenonkungen.com\/?s={search_term_string}"},"query-input":{"@type":"PropertyValueSpecification","valueRequired":true,"valueName":"search_term_string"}}],"inLanguage":"da-DK"}]}},"taxonomy_info":{"product_brand":[{"value":108,"label":"OSRAM"}],"product_cat":[{"value":2966,"label":"Ledramp Rak"},{"value":2539,"label":"LEDRAMPER"},{"value":2640,"label":"OSRAM Ledriving"},{"value":2183,"label":"OSRAM LEDriving\u00ae"}],"pa_faktisk-effekts-forbrukning":[{"value":533,"label":"30"}],"pa_fargtemperatur":[{"value":1428,"label":"6000"}],"pa_fuktskydd-varde-ipxx":[{"value":333,"label":"IP67"}],"pa_godkannande":[{"value":1930,"label":"E4, ECE R10, R112"}],"pa_lampsockel-kontakt":[{"value":329,"label":"DT"}],"pa_ljusbild":[{"value":1177,"label":"Spot"}],"pa_storlek-mm":[{"value":1929,"label":"94x77x400"}],"pa_volt-v":[{"value":348,"label":"12, 24"}]},"featured_image_src_large":["https:\/\/xenonkungen.com\/wp-content\/uploads\/2025\/04\/163017833-origpic-a74786.png",1000,728,false],"author_info":[],"comment_info":0,"_links":{"self":[{"href":"https:\/\/xenonkungen.com\/dk\/wp-json\/wp\/v2\/product\/7471","targetHints":{"allow":["GET"]}}],"collection":[{"href":"https:\/\/xenonkungen.com\/dk\/wp-json\/wp\/v2\/product"}],"about":[{"href":"https:\/\/xenonkungen.com\/dk\/wp-json\/wp\/v2\/types\/product"}],"replies":[{"embeddable":true,"href":"https:\/\/xenonkungen.com\/dk\/wp-json\/wp\/v2\/comments?post=7471"}],"wp:featuredmedia":[{"embeddable":true,"href":"https:\/\/xenonkungen.com\/dk\/wp-json\/wp\/v2\/media\/7472"}],"wp:attachment":[{"href":"https:\/\/xenonkungen.com\/dk\/wp-json\/wp\/v2\/media?parent=7471"}],"wp:term":[{"taxonomy":"anvandningsomrade","embeddable":true,"href":"https:\/\/xenonkungen.com\/dk\/wp-json\/wp\/v2\/anvandningsomrade?post=7471"},{"taxonomy":"bilmarken","embeddable":true,"href":"https:\/\/xenonkungen.com\/dk\/wp-json\/wp\/v2\/bilmarken?post=7471"},{"taxonomy":"product_brand","embeddable":true,"href":"https:\/\/xenonkungen.com\/dk\/wp-json\/wp\/v2\/product_brand?post=7471"},{"taxonomy":"product_cat","embeddable":true,"href":"https:\/\/xenonkungen.com\/dk\/wp-json\/wp\/v2\/product_cat?post=7471"},{"taxonomy":"product_tag","embeddable":true,"href":"https:\/\/xenonkungen.com\/dk\/wp-json\/wp\/v2\/product_tag?post=7471"}],"curies":[{"name":"wp","href":"https:\/\/api.w.org\/{rel}","templated":true}]}}