{"id":7479,"date":"2025-04-15T09:56:07","date_gmt":"2025-04-15T09:56:07","guid":{"rendered":"https:\/\/xenonkungen.com\/product\/ledriving-lightbar-fx500-cb-sm\/"},"modified":"2026-03-25T14:30:20","modified_gmt":"2026-03-25T13:30:20","slug":"led-lysbjaelke-fx500-cb-sm","status":"publish","type":"product","link":"https:\/\/xenonkungen.com\/dk\/vare\/led-lysbjaelke-fx500-cb-sm\/","title":{"rendered":"LEDriving\u00ae LIGHTBAR FX500-CB SM <56cm>"},"content":{"rendered":"<p>LED-ekstralys giver \u00f8get k\u00f8regl\u00e6de<br \/>Bedre belysning over lange afstande p\u00e5 m\u00f8rke landeveje og grusveje - intet problem for LEDriving Lightbar FX500-CB. De 20 kraftige og h\u00f8jtydende LED&#039;er giver LED-fjernlyset en lysstr\u00e5le, der er op til 440 m lang og sikrer \u00f8get sikkerhed for f\u00f8rere.<\/p>\n<p>Selv i skumringen eller under d\u00e5rlige lysforhold giver LED-lysstriberne dagslyslignende forhold med en lysstyrke p\u00e5 6.000 Kelvin, og uden un\u00f8dig bl\u00e6nding af modk\u00f8rende trafik. Reflektorenes smarte design afb\u00f8jer LED-lyset, s\u00e5 modk\u00f8rende trafik kun rammes af indirekte lys. Lyset fordeles j\u00e6vnt over en vinkel p\u00e5 fem grader.<\/p>\n<p>Robust, holdbar og fleksibel<br \/>Uanset om den bruges som LED-arbejdslygte eller ekstra fjernlys p\u00e5 en personbil, g\u00f8r LEDriving Lightbar FX500-CB&#039;s kraftfulde ydeevne og lange levetid den til et overbevisende valg. Den er velegnet til en bred vifte af anvendelser, modst\u00e5r barske milj\u00f8forhold og er meget robust takket v\u00e6re materialer af h\u00f8j kvalitet og en holdbar polycarbonatlinse.<\/p>\n<p>Det integrerede driver- og temperaturstyringssystem regulerer temperaturen p\u00e5 LED-forlygten og forhindrer potentielle skader for\u00e5rsaget af overophedning. Fuld polaritetsbeskyttelse sikrer, at LED&#039;erne automatisk slukker i tilf\u00e6lde af oversp\u00e6nding.<\/p>\n<p>Lys til mange forskellige anvendelser<br \/>LEDriving Lightbar FX500-CB er en ren forn\u00f8jelse at bruge b\u00e5de p\u00e5 og uden for vejen. Det ECE-godkendte LED-ekstralys giver bedre udsyn og dermed st\u00f8rre sikkerhed p\u00e5 vejen. Det fremh\u00e6ver ogs\u00e5 k\u00f8ret\u00f8jets offroad-stil.<br \/>LED-forlygterne kan monteres p\u00e5 k\u00f8ret\u00f8jer med 12 V-systemer samt landbrugsmaskiner, erhvervsk\u00f8ret\u00f8jer, fritidsk\u00f8ret\u00f8jer, terr\u00e6ng\u00e5ende k\u00f8ret\u00f8jer og 4x4-k\u00f8ret\u00f8jer. Den intense lysstyrke p\u00e5 5.500 lumen kombineres med meget h\u00f8j optisk effektivitet, ensartet lysfordeling og reduceret bl\u00e6nding.<\/p>\n<p><\/p>","protected":false},"excerpt":{"rendered":"<p>En af Osrams st\u00f8rste LED-ramper. Med 1 Lux p\u00e5 440 meter!<\/p>","protected":false},"featured_media":7480,"comment_status":"closed","ping_status":"open","template":"","meta":{"_acf_changed":false,"_smort_price_nok":"4337","_smort_price_dkk":"2755","_smort_price_eur":"369.07","_smort_sale_price_nok":"","_smort_sale_price_dkk":"","_smort_sale_price_eur":"","smort_restorder":"","shipmondo_restorder":"","_kad_blocks_custom_css":"","_kad_blocks_head_custom_js":"","_kad_blocks_body_custom_js":"","_kad_blocks_footer_custom_js":"","smort_custom_pricelist_1":"2598.4","smort_custom_pricelist_2":"2598.4","smort_custom_pricelist_3":"2468.48","smort_custom_pricelist_4":"3248","smort_custom_pricelist_5":"2598.4"},"anvandningsomrade":[],"bilmarken":[],"product_brand":[108],"product_cat":[2966,2539,2640,2183],"product_tag":[],"class_list":{"0":"post-7479","1":"product","2":"type-product","3":"status-publish","4":"has-post-thumbnail","6":"product_brand-osram","7":"product_cat-ledramp-rak","8":"product_cat-ledramper","9":"product_cat-osram-ledriving-ledramper","10":"product_cat-osram-ledriving","11":"pa_faktisk-effekts-forbrukning-700","12":"pa_fargtemperatur-1428","13":"pa_fuktskydd-varde-ipxx-ip67","14":"pa_godkannande-r10-r112","15":"pa_ljusbild-combo","16":"pa_storlek-mm-564x935x77","17":"pa_volt-v-12-24","19":"first","20":"onbackorder","21":"taxable","22":"shipping-taxable","23":"purchasable","24":"product-type-simple"},"bundled_by":[],"bundle_stock_status":"onbackorder","bundle_stock_quantity":0,"bundle_virtual":false,"bundle_layout":"","bundle_add_to_cart_form_location":"","bundle_editable_in_cart":false,"bundle_sold_individually_context":"","bundle_item_grouping":"","bundle_min_size":"","bundle_max_size":"","bundle_price":[],"bundled_items":[],"bundle_sell_ids":[],"acf":[],"yoast_head":"<!-- This site is optimized with the Yoast SEO plugin v27.0 - https:\/\/yoast.com\/product\/yoast-seo-wordpress\/ -->\n<title>LEDriving\u00ae LIGHTBAR FX500-CB SM  - Xenonkungen<\/title>\n<meta name=\"robots\" content=\"index, follow, max-snippet:-1, max-image-preview:large, max-video-preview:-1\" \/>\n<link rel=\"canonical\" href=\"https:\/\/xenonkungen.com\/dk\/vare\/led-lysbjaelke-fx500-cb-sm\/\" \/>\n<meta property=\"og:locale\" content=\"da_DK\" \/>\n<meta property=\"og:type\" content=\"article\" \/>\n<meta property=\"og:title\" content=\"LEDriving\u00ae LIGHTBAR FX500-CB SM  - Xenonkungen\" \/>\n<meta property=\"og:description\" content=\"En av Osrams st\u00f6rsta LEDramper. Med 1 Lux vid 440 meter!\" \/>\n<meta property=\"og:url\" content=\"https:\/\/xenonkungen.com\/dk\/vare\/led-lysbjaelke-fx500-cb-sm\/\" \/>\n<meta property=\"og:site_name\" content=\"Xenonkungen\" \/>\n<meta property=\"article:modified_time\" content=\"2026-03-25T13:30:20+00:00\" \/>\n<meta property=\"og:image\" content=\"https:\/\/xenonkungen.com\/wp-content\/uploads\/2025\/04\/178261779-origpic-1d2b20.jpg\" \/>\n\t<meta property=\"og:image:width\" content=\"760\" \/>\n\t<meta property=\"og:image:height\" content=\"639\" \/>\n\t<meta property=\"og:image:type\" content=\"image\/jpeg\" \/>\n<meta name=\"twitter:card\" content=\"summary_large_image\" \/>\n<meta name=\"twitter:label1\" content=\"Estimeret l\u00e6setid\" \/>\n\t<meta name=\"twitter:data1\" content=\"2 minutter\" \/>\n<script type=\"application\/ld+json\" class=\"yoast-schema-graph\">{\"@context\":\"https:\/\/schema.org\",\"@graph\":[{\"@type\":\"WebPage\",\"@id\":\"https:\/\/xenonkungen.com\/produkt\/ledriving-lightbar-fx500-cb-sm\/\",\"url\":\"https:\/\/xenonkungen.com\/produkt\/ledriving-lightbar-fx500-cb-sm\/\",\"name\":\"LEDriving\u00ae LIGHTBAR FX500-CB SM - Xenonkungen\",\"isPartOf\":{\"@id\":\"https:\/\/xenonkungen.com\/#website\"},\"primaryImageOfPage\":{\"@id\":\"https:\/\/xenonkungen.com\/produkt\/ledriving-lightbar-fx500-cb-sm\/#primaryimage\"},\"image\":{\"@id\":\"https:\/\/xenonkungen.com\/produkt\/ledriving-lightbar-fx500-cb-sm\/#primaryimage\"},\"thumbnailUrl\":\"https:\/\/xenonkungen.com\/wp-content\/uploads\/2025\/04\/178261779-origpic-1d2b20.jpg\",\"datePublished\":\"2025-04-15T09:56:07+00:00\",\"dateModified\":\"2026-03-25T13:30:20+00:00\",\"breadcrumb\":{\"@id\":\"https:\/\/xenonkungen.com\/produkt\/ledriving-lightbar-fx500-cb-sm\/#breadcrumb\"},\"inLanguage\":\"da-DK\",\"potentialAction\":[{\"@type\":\"ReadAction\",\"target\":[\"https:\/\/xenonkungen.com\/produkt\/ledriving-lightbar-fx500-cb-sm\/\"]}]},{\"@type\":\"ImageObject\",\"inLanguage\":\"da-DK\",\"@id\":\"https:\/\/xenonkungen.com\/produkt\/ledriving-lightbar-fx500-cb-sm\/#primaryimage\",\"url\":\"https:\/\/xenonkungen.com\/wp-content\/uploads\/2025\/04\/178261779-origpic-1d2b20.jpg\",\"contentUrl\":\"https:\/\/xenonkungen.com\/wp-content\/uploads\/2025\/04\/178261779-origpic-1d2b20.jpg\",\"width\":760,\"height\":639},{\"@type\":\"BreadcrumbList\",\"@id\":\"https:\/\/xenonkungen.com\/produkt\/ledriving-lightbar-fx500-cb-sm\/#breadcrumb\",\"itemListElement\":[{\"@type\":\"ListItem\",\"position\":1,\"name\":\"Hem\",\"item\":\"https:\/\/xenonkungen.com\/\"},{\"@type\":\"ListItem\",\"position\":2,\"name\":\"Shop\",\"item\":\"https:\/\/xenonkungen.com\/shop\/\"},{\"@type\":\"ListItem\",\"position\":3,\"name\":\"LEDriving\u00ae LIGHTBAR FX500-CB SM\"}]},{\"@type\":\"WebSite\",\"@id\":\"https:\/\/xenonkungen.com\/#website\",\"url\":\"https:\/\/xenonkungen.com\/\",\"name\":\"Xenonkungen\",\"description\":\"\",\"potentialAction\":[{\"@type\":\"SearchAction\",\"target\":{\"@type\":\"EntryPoint\",\"urlTemplate\":\"https:\/\/xenonkungen.com\/?s={search_term_string}\"},\"query-input\":{\"@type\":\"PropertyValueSpecification\",\"valueRequired\":true,\"valueName\":\"search_term_string\"}}],\"inLanguage\":\"da-DK\"}]}<\/script>\n<!-- \/ Yoast SEO plugin. -->","yoast_head_json":{"title":"LEDriving\u00ae LIGHTBAR FX500-CB SM - Xenon-kongen","robots":{"index":"index","follow":"follow","max-snippet":"max-snippet:-1","max-image-preview":"max-image-preview:large","max-video-preview":"max-video-preview:-1"},"canonical":"https:\/\/xenonkungen.com\/dk\/vare\/led-lysbjaelke-fx500-cb-sm\/","og_locale":"da_DK","og_type":"article","og_title":"LEDriving\u00ae LIGHTBAR FX500-CB SM  - Xenonkungen","og_description":"En av Osrams st\u00f6rsta LEDramper. Med 1 Lux vid 440 meter!","og_url":"https:\/\/xenonkungen.com\/dk\/vare\/led-lysbjaelke-fx500-cb-sm\/","og_site_name":"Xenonkungen","article_modified_time":"2026-03-25T13:30:20+00:00","og_image":[{"width":760,"height":639,"url":"https:\/\/xenonkungen.com\/wp-content\/uploads\/2025\/04\/178261779-origpic-1d2b20.jpg","type":"image\/jpeg"}],"twitter_card":"summary_large_image","twitter_misc":{"Estimeret l\u00e6setid":"2 minutter"},"schema":{"@context":"https:\/\/schema.org","@graph":[{"@type":"WebPage","@id":"https:\/\/xenonkungen.com\/produkt\/ledriving-lightbar-fx500-cb-sm\/","url":"https:\/\/xenonkungen.com\/produkt\/ledriving-lightbar-fx500-cb-sm\/","name":"LEDriving\u00ae LIGHTBAR FX500-CB SM - Xenon-kongen","isPartOf":{"@id":"https:\/\/xenonkungen.com\/#website"},"primaryImageOfPage":{"@id":"https:\/\/xenonkungen.com\/produkt\/ledriving-lightbar-fx500-cb-sm\/#primaryimage"},"image":{"@id":"https:\/\/xenonkungen.com\/produkt\/ledriving-lightbar-fx500-cb-sm\/#primaryimage"},"thumbnailUrl":"https:\/\/xenonkungen.com\/wp-content\/uploads\/2025\/04\/178261779-origpic-1d2b20.jpg","datePublished":"2025-04-15T09:56:07+00:00","dateModified":"2026-03-25T13:30:20+00:00","breadcrumb":{"@id":"https:\/\/xenonkungen.com\/produkt\/ledriving-lightbar-fx500-cb-sm\/#breadcrumb"},"inLanguage":"da-DK","potentialAction":[{"@type":"ReadAction","target":["https:\/\/xenonkungen.com\/produkt\/ledriving-lightbar-fx500-cb-sm\/"]}]},{"@type":"ImageObject","inLanguage":"da-DK","@id":"https:\/\/xenonkungen.com\/produkt\/ledriving-lightbar-fx500-cb-sm\/#primaryimage","url":"https:\/\/xenonkungen.com\/wp-content\/uploads\/2025\/04\/178261779-origpic-1d2b20.jpg","contentUrl":"https:\/\/xenonkungen.com\/wp-content\/uploads\/2025\/04\/178261779-origpic-1d2b20.jpg","width":760,"height":639},{"@type":"BreadcrumbList","@id":"https:\/\/xenonkungen.com\/produkt\/ledriving-lightbar-fx500-cb-sm\/#breadcrumb","itemListElement":[{"@type":"ListItem","position":1,"name":"Hem","item":"https:\/\/xenonkungen.com\/"},{"@type":"ListItem","position":2,"name":"Shop","item":"https:\/\/xenonkungen.com\/shop\/"},{"@type":"ListItem","position":3,"name":"LEDriving\u00ae LIGHTBAR FX500-CB SM"}]},{"@type":"WebSite","@id":"https:\/\/xenonkungen.com\/#website","url":"https:\/\/xenonkungen.com\/","name":"Xenonkungen","description":"","potentialAction":[{"@type":"SearchAction","target":{"@type":"EntryPoint","urlTemplate":"https:\/\/xenonkungen.com\/?s={search_term_string}"},"query-input":{"@type":"PropertyValueSpecification","valueRequired":true,"valueName":"search_term_string"}}],"inLanguage":"da-DK"}]}},"taxonomy_info":{"product_brand":[{"value":108,"label":"OSRAM"}],"product_cat":[{"value":2966,"label":"Ledramp Rak"},{"value":2539,"label":"LEDRAMPER"},{"value":2640,"label":"OSRAM Ledriving"},{"value":2183,"label":"OSRAM LEDriving\u00ae"}],"pa_faktisk-effekts-forbrukning":[{"value":700,"label":"68"}],"pa_fargtemperatur":[{"value":1428,"label":"6000"}],"pa_fuktskydd-varde-ipxx":[{"value":333,"label":"IP67"}],"pa_godkannande":[{"value":1933,"label":"R10 R112"}],"pa_ljusbild":[{"value":804,"label":"Combo"}],"pa_storlek-mm":[{"value":1932,"label":"564x93,5x77"}],"pa_volt-v":[{"value":348,"label":"12, 24"}]},"featured_image_src_large":["https:\/\/xenonkungen.com\/wp-content\/uploads\/2025\/04\/178261779-origpic-1d2b20.jpg",760,639,false],"author_info":[],"comment_info":0,"_links":{"self":[{"href":"https:\/\/xenonkungen.com\/dk\/wp-json\/wp\/v2\/product\/7479","targetHints":{"allow":["GET"]}}],"collection":[{"href":"https:\/\/xenonkungen.com\/dk\/wp-json\/wp\/v2\/product"}],"about":[{"href":"https:\/\/xenonkungen.com\/dk\/wp-json\/wp\/v2\/types\/product"}],"replies":[{"embeddable":true,"href":"https:\/\/xenonkungen.com\/dk\/wp-json\/wp\/v2\/comments?post=7479"}],"wp:featuredmedia":[{"embeddable":true,"href":"https:\/\/xenonkungen.com\/dk\/wp-json\/wp\/v2\/media\/7480"}],"wp:attachment":[{"href":"https:\/\/xenonkungen.com\/dk\/wp-json\/wp\/v2\/media?parent=7479"}],"wp:term":[{"taxonomy":"anvandningsomrade","embeddable":true,"href":"https:\/\/xenonkungen.com\/dk\/wp-json\/wp\/v2\/anvandningsomrade?post=7479"},{"taxonomy":"bilmarken","embeddable":true,"href":"https:\/\/xenonkungen.com\/dk\/wp-json\/wp\/v2\/bilmarken?post=7479"},{"taxonomy":"product_brand","embeddable":true,"href":"https:\/\/xenonkungen.com\/dk\/wp-json\/wp\/v2\/product_brand?post=7479"},{"taxonomy":"product_cat","embeddable":true,"href":"https:\/\/xenonkungen.com\/dk\/wp-json\/wp\/v2\/product_cat?post=7479"},{"taxonomy":"product_tag","embeddable":true,"href":"https:\/\/xenonkungen.com\/dk\/wp-json\/wp\/v2\/product_tag?post=7479"}],"curies":[{"name":"wp","href":"https:\/\/api.w.org\/{rel}","templated":true}]}}