{"id":7481,"date":"2025-04-15T09:56:07","date_gmt":"2025-04-15T09:56:07","guid":{"rendered":"https:\/\/xenonkungen.com\/product\/osram-ledriving-ledramp-fx500-spot\/"},"modified":"2026-04-11T01:30:36","modified_gmt":"2026-04-11T00:30:36","slug":"osram-led-lampe-med-led-ramp-fx500","status":"publish","type":"product","link":"https:\/\/xenonkungen.com\/dk\/vare\/osram-led-lampe-med-led-ramp-fx500\/","title":{"rendered":"OSRAM LEDriving\u00ae LEDramp FX500 Spotlight <56cm>"},"content":{"rendered":"<p>Osrams nye serie af LED-strimler er her!<\/p>\n<p>LED-ekstralys forbedrer k\u00f8regl\u00e6den.<br \/>\nForbedret langdistancebelysning p\u00e5 m\u00f8rke landeveje og grusveje \u2013 det er intet problem for LEDriving Lightbar FX500-SP. De 20 intense, h\u00f8jtydende LED&#039;er giver LED-forlygten en r\u00e6kkevidde p\u00e5 op til 450 meter og sikrer forbedret trafiksikkerhed for bilisterne.<br \/>\nSelv i skumringen eller under d\u00e5rlige lysforhold giver LED-bilramperne dagslysforhold med en lys temperatur p\u00e5 6000 Kelvin uden un\u00f8digt at bl\u00e6nde modk\u00f8rende trafik. Det intelligente reflektordesign styrer lyset fra LED&#039;erne, s\u00e5 modk\u00f8rende trafik kun indirekte uds\u00e6ttes for lyset. Lyset fordeles j\u00e6vnt i en vinkel p\u00e5 fem grader.<\/p>\n<p>Robust, holdbar og alsidig.<br \/>\nUanset om den bruges som LED-arbejdslygte eller som ekstra fjernlys til bilen \u2013 LEDriving Lightbar FX500-SPs kraftfulde ydeevne og lange levetid g\u00f8r den til et fremragende valg. Den er udstyret til en bred vifte af anvendelser, trodser milj\u00f8faktorer og er s\u00e6rligt robust takket v\u00e6re materialernes kvalitet og holdbare polycarbonatlinser.<br \/>\nDen integrerede driver og det termiske styringssystem regulerer temperaturen p\u00e5 LED-strimlen og forhindrer skader for\u00e5rsaget af overophedning. Fuld polaritetsbeskyttelse sikrer, at LED&#039;erne automatisk slukker i tilf\u00e6lde af oversp\u00e6nding.<\/p>\n<p>Lysstyrke til mange anvendelser.<br \/>\nLEDriving Lightbar FX500-SP er ren sjov b\u00e5de p\u00e5 og uden for vejen. De ECE-kompatible LED-ekstralys giver bedre udsyn og dermed forbedret sikkerhed p\u00e5 vejen. Den tilf\u00f8jer ogs\u00e5 et smart touch, der fremh\u00e6ver k\u00f8ret\u00f8jets offroad-stil.<br \/>\nLED-forlygten kan monteres p\u00e5 mange 12 V-k\u00f8ret\u00f8jer samt landbrugsmaskiner, erhvervsk\u00f8ret\u00f8jer, fritidsk\u00f8ret\u00f8jer, terr\u00e6ng\u00e5ende k\u00f8ret\u00f8jer og 4x4-k\u00f8ret\u00f8jer. Kraftv\u00e6rket med en intens lysstyrke p\u00e5 4700 lumen med h\u00f8jeste optiske effektivitet og homogen lysfordeling med reduceret bl\u00e6nding.<\/p>\n<p><strong>Spotlight<\/strong> har et retningsbestemt lys, som g\u00f8r, at lyset kan n\u00e5 s\u00e5 langt som muligt.<\/p>","protected":false},"excerpt":{"rendered":"<p>Osrams nya serie med LED-ramper \u00e4r h\u00e4r! LED-extrabelysning f\u00f6rb\u00e4ttrar k\u00f6rgl\u00e4dje. F\u00f6rb\u00e4ttrad fj\u00e4rrbelysning p\u00e5 m\u00f6rka landsbygds- och grusv\u00e4gar &#8211; det \u00e4r inga problem f\u00f6r LEDriving Lightbar FX500-SP. De 20 intensiva, h\u00f6gpresterande lysdioderna ger LED-str\u00e5lkastaren ett ljusavst\u00e5nd upp till 450 meter och s\u00e4kerst\u00e4ller f\u00f6rb\u00e4ttrad trafiks\u00e4kerhet f\u00f6r f\u00f6rarna. Till och med i skymningen eller under komprometterade belysningsf\u00f6rh\u00e5llanden ger [&hellip;]<\/p>","protected":false},"featured_media":7482,"comment_status":"closed","ping_status":"closed","template":"","meta":{"_acf_changed":false,"_smort_price_nok":"1061","_smort_price_dkk":"2361","_smort_price_eur":"316.35","_smort_sale_price_nok":"1061","_smort_sale_price_dkk":"","_smort_sale_price_eur":"173.99","smort_restorder":"","shipmondo_restorder":"","_kad_blocks_custom_css":"","_kad_blocks_head_custom_js":"","_kad_blocks_body_custom_js":"","_kad_blocks_footer_custom_js":"","smort_custom_pricelist_1":"2227.2","smort_custom_pricelist_2":"2227.2","smort_custom_pricelist_3":"2115.84","smort_custom_pricelist_4":"2784","smort_custom_pricelist_5":"2227.2"},"anvandningsomrade":[],"bilmarken":[],"product_brand":[108],"product_cat":[2966,2539,2640,2183],"product_tag":[],"class_list":{"0":"post-7481","1":"product","2":"type-product","3":"status-publish","4":"has-post-thumbnail","6":"product_brand-osram","7":"product_cat-ledramp-rak","8":"product_cat-ledramper","9":"product_cat-osram-ledriving-ledramper","10":"product_cat-osram-ledriving","11":"pa_faktisk-effekts-forbrukning-847","12":"pa_fuktskydd-varde-ipxx-ip67","13":"pa_godkannande-r10","14":"pa_ljusbild-spot","15":"pa_storlek-mm-564x77x94","16":"pa_volt-v-9-30","18":"first","19":"instock","20":"taxable","21":"shipping-taxable","22":"purchasable","23":"product-type-simple"},"bundled_by":[],"bundle_stock_status":"instock","bundle_stock_quantity":6,"bundle_virtual":false,"bundle_layout":"","bundle_add_to_cart_form_location":"","bundle_editable_in_cart":false,"bundle_sold_individually_context":"","bundle_item_grouping":"","bundle_min_size":"","bundle_max_size":"","bundle_price":[],"bundled_items":[],"bundle_sell_ids":[],"acf":[],"yoast_head":"<!-- This site is optimized with the Yoast SEO plugin v27.0 - https:\/\/yoast.com\/product\/yoast-seo-wordpress\/ -->\n<title>OSRAM LEDriving\u00ae LEDramp FX500 Spot  - Xenonkungen<\/title>\n<meta name=\"robots\" content=\"index, follow, max-snippet:-1, max-image-preview:large, max-video-preview:-1\" \/>\n<link rel=\"canonical\" href=\"https:\/\/xenonkungen.com\/dk\/vare\/osram-led-lampe-med-led-ramp-fx500\/\" \/>\n<meta property=\"og:locale\" content=\"da_DK\" \/>\n<meta property=\"og:type\" content=\"article\" \/>\n<meta property=\"og:title\" content=\"OSRAM LEDriving\u00ae LEDramp FX500 Spot  - Xenonkungen\" \/>\n<meta property=\"og:description\" content=\"Osrams nya serie med LED-ramper \u00e4r h\u00e4r! LED-extrabelysning f\u00f6rb\u00e4ttrar k\u00f6rgl\u00e4dje. F\u00f6rb\u00e4ttrad fj\u00e4rrbelysning p\u00e5 m\u00f6rka landsbygds- och grusv\u00e4gar &#8211; det \u00e4r inga problem f\u00f6r LEDriving Lightbar FX500-SP. De 20 intensiva, h\u00f6gpresterande lysdioderna ger LED-str\u00e5lkastaren ett ljusavst\u00e5nd upp till 450 meter och s\u00e4kerst\u00e4ller f\u00f6rb\u00e4ttrad trafiks\u00e4kerhet f\u00f6r f\u00f6rarna. Till och med i skymningen eller under komprometterade belysningsf\u00f6rh\u00e5llanden ger [&hellip;]\" \/>\n<meta property=\"og:url\" content=\"https:\/\/xenonkungen.com\/dk\/vare\/osram-led-lampe-med-led-ramp-fx500\/\" \/>\n<meta property=\"og:site_name\" content=\"Xenonkungen\" \/>\n<meta property=\"article:modified_time\" content=\"2026-04-11T00:30:36+00:00\" \/>\n<meta property=\"og:image\" content=\"https:\/\/xenonkungen.com\/wp-content\/uploads\/2025\/04\/163018301-origpic-c80a7d.png\" \/>\n\t<meta property=\"og:image:width\" content=\"1000\" \/>\n\t<meta property=\"og:image:height\" content=\"725\" \/>\n\t<meta property=\"og:image:type\" content=\"image\/png\" \/>\n<meta name=\"twitter:card\" content=\"summary_large_image\" \/>\n<meta name=\"twitter:label1\" content=\"Estimeret l\u00e6setid\" \/>\n\t<meta name=\"twitter:data1\" content=\"2 minutter\" \/>\n<script type=\"application\/ld+json\" class=\"yoast-schema-graph\">{\"@context\":\"https:\/\/schema.org\",\"@graph\":[{\"@type\":\"WebPage\",\"@id\":\"https:\/\/xenonkungen.com\/produkt\/osram-ledriving-ledramp-fx500-spot\/\",\"url\":\"https:\/\/xenonkungen.com\/produkt\/osram-ledriving-ledramp-fx500-spot\/\",\"name\":\"OSRAM LEDriving\u00ae LEDramp FX500 Spot - Xenonkungen\",\"isPartOf\":{\"@id\":\"https:\/\/xenonkungen.com\/#website\"},\"primaryImageOfPage\":{\"@id\":\"https:\/\/xenonkungen.com\/produkt\/osram-ledriving-ledramp-fx500-spot\/#primaryimage\"},\"image\":{\"@id\":\"https:\/\/xenonkungen.com\/produkt\/osram-ledriving-ledramp-fx500-spot\/#primaryimage\"},\"thumbnailUrl\":\"https:\/\/xenonkungen.com\/wp-content\/uploads\/2025\/04\/163018301-origpic-c80a7d.png\",\"datePublished\":\"2025-04-15T09:56:07+00:00\",\"dateModified\":\"2026-04-11T00:30:36+00:00\",\"breadcrumb\":{\"@id\":\"https:\/\/xenonkungen.com\/produkt\/osram-ledriving-ledramp-fx500-spot\/#breadcrumb\"},\"inLanguage\":\"da-DK\",\"potentialAction\":[{\"@type\":\"ReadAction\",\"target\":[\"https:\/\/xenonkungen.com\/produkt\/osram-ledriving-ledramp-fx500-spot\/\"]}]},{\"@type\":\"ImageObject\",\"inLanguage\":\"da-DK\",\"@id\":\"https:\/\/xenonkungen.com\/produkt\/osram-ledriving-ledramp-fx500-spot\/#primaryimage\",\"url\":\"https:\/\/xenonkungen.com\/wp-content\/uploads\/2025\/04\/163018301-origpic-c80a7d.png\",\"contentUrl\":\"https:\/\/xenonkungen.com\/wp-content\/uploads\/2025\/04\/163018301-origpic-c80a7d.png\",\"width\":1000,\"height\":725},{\"@type\":\"BreadcrumbList\",\"@id\":\"https:\/\/xenonkungen.com\/produkt\/osram-ledriving-ledramp-fx500-spot\/#breadcrumb\",\"itemListElement\":[{\"@type\":\"ListItem\",\"position\":1,\"name\":\"Hem\",\"item\":\"https:\/\/xenonkungen.com\/\"},{\"@type\":\"ListItem\",\"position\":2,\"name\":\"Shop\",\"item\":\"https:\/\/xenonkungen.com\/shop\/\"},{\"@type\":\"ListItem\",\"position\":3,\"name\":\"OSRAM LEDriving\u00ae LEDramp FX500 Spot\"}]},{\"@type\":\"WebSite\",\"@id\":\"https:\/\/xenonkungen.com\/#website\",\"url\":\"https:\/\/xenonkungen.com\/\",\"name\":\"Xenonkungen\",\"description\":\"\",\"potentialAction\":[{\"@type\":\"SearchAction\",\"target\":{\"@type\":\"EntryPoint\",\"urlTemplate\":\"https:\/\/xenonkungen.com\/?s={search_term_string}\"},\"query-input\":{\"@type\":\"PropertyValueSpecification\",\"valueRequired\":true,\"valueName\":\"search_term_string\"}}],\"inLanguage\":\"da-DK\"}]}<\/script>\n<!-- \/ Yoast SEO plugin. -->","yoast_head_json":{"title":"OSRAM LEDriving\u00ae LEDramp FX500 Spot - Xenon-kongen","robots":{"index":"index","follow":"follow","max-snippet":"max-snippet:-1","max-image-preview":"max-image-preview:large","max-video-preview":"max-video-preview:-1"},"canonical":"https:\/\/xenonkungen.com\/dk\/vare\/osram-led-lampe-med-led-ramp-fx500\/","og_locale":"da_DK","og_type":"article","og_title":"OSRAM LEDriving\u00ae LEDramp FX500 Spot  - Xenonkungen","og_description":"Osrams nya serie med LED-ramper \u00e4r h\u00e4r! LED-extrabelysning f\u00f6rb\u00e4ttrar k\u00f6rgl\u00e4dje. F\u00f6rb\u00e4ttrad fj\u00e4rrbelysning p\u00e5 m\u00f6rka landsbygds- och grusv\u00e4gar &#8211; det \u00e4r inga problem f\u00f6r LEDriving Lightbar FX500-SP. De 20 intensiva, h\u00f6gpresterande lysdioderna ger LED-str\u00e5lkastaren ett ljusavst\u00e5nd upp till 450 meter och s\u00e4kerst\u00e4ller f\u00f6rb\u00e4ttrad trafiks\u00e4kerhet f\u00f6r f\u00f6rarna. Till och med i skymningen eller under komprometterade belysningsf\u00f6rh\u00e5llanden ger [&hellip;]","og_url":"https:\/\/xenonkungen.com\/dk\/vare\/osram-led-lampe-med-led-ramp-fx500\/","og_site_name":"Xenonkungen","article_modified_time":"2026-04-11T00:30:36+00:00","og_image":[{"width":1000,"height":725,"url":"https:\/\/xenonkungen.com\/wp-content\/uploads\/2025\/04\/163018301-origpic-c80a7d.png","type":"image\/png"}],"twitter_card":"summary_large_image","twitter_misc":{"Estimeret l\u00e6setid":"2 minutter"},"schema":{"@context":"https:\/\/schema.org","@graph":[{"@type":"WebPage","@id":"https:\/\/xenonkungen.com\/produkt\/osram-ledriving-ledramp-fx500-spot\/","url":"https:\/\/xenonkungen.com\/produkt\/osram-ledriving-ledramp-fx500-spot\/","name":"OSRAM LEDriving\u00ae LEDramp FX500 Spot - Xenon-kongen","isPartOf":{"@id":"https:\/\/xenonkungen.com\/#website"},"primaryImageOfPage":{"@id":"https:\/\/xenonkungen.com\/produkt\/osram-ledriving-ledramp-fx500-spot\/#primaryimage"},"image":{"@id":"https:\/\/xenonkungen.com\/produkt\/osram-ledriving-ledramp-fx500-spot\/#primaryimage"},"thumbnailUrl":"https:\/\/xenonkungen.com\/wp-content\/uploads\/2025\/04\/163018301-origpic-c80a7d.png","datePublished":"2025-04-15T09:56:07+00:00","dateModified":"2026-04-11T00:30:36+00:00","breadcrumb":{"@id":"https:\/\/xenonkungen.com\/produkt\/osram-ledriving-ledramp-fx500-spot\/#breadcrumb"},"inLanguage":"da-DK","potentialAction":[{"@type":"ReadAction","target":["https:\/\/xenonkungen.com\/produkt\/osram-ledriving-ledramp-fx500-spot\/"]}]},{"@type":"ImageObject","inLanguage":"da-DK","@id":"https:\/\/xenonkungen.com\/produkt\/osram-ledriving-ledramp-fx500-spot\/#primaryimage","url":"https:\/\/xenonkungen.com\/wp-content\/uploads\/2025\/04\/163018301-origpic-c80a7d.png","contentUrl":"https:\/\/xenonkungen.com\/wp-content\/uploads\/2025\/04\/163018301-origpic-c80a7d.png","width":1000,"height":725},{"@type":"BreadcrumbList","@id":"https:\/\/xenonkungen.com\/produkt\/osram-ledriving-ledramp-fx500-spot\/#breadcrumb","itemListElement":[{"@type":"ListItem","position":1,"name":"Hem","item":"https:\/\/xenonkungen.com\/"},{"@type":"ListItem","position":2,"name":"Shop","item":"https:\/\/xenonkungen.com\/shop\/"},{"@type":"ListItem","position":3,"name":"OSRAM LEDriving\u00ae LEDramp FX500 Spot"}]},{"@type":"WebSite","@id":"https:\/\/xenonkungen.com\/#website","url":"https:\/\/xenonkungen.com\/","name":"Xenonkungen","description":"","potentialAction":[{"@type":"SearchAction","target":{"@type":"EntryPoint","urlTemplate":"https:\/\/xenonkungen.com\/?s={search_term_string}"},"query-input":{"@type":"PropertyValueSpecification","valueRequired":true,"valueName":"search_term_string"}}],"inLanguage":"da-DK"}]}},"taxonomy_info":{"product_brand":[{"value":108,"label":"OSRAM"}],"product_cat":[{"value":2966,"label":"Ledramp Rak"},{"value":2539,"label":"LEDRAMPER"},{"value":2640,"label":"OSRAM Ledriving"},{"value":2183,"label":"OSRAM LEDriving\u00ae"}],"pa_faktisk-effekts-forbrukning":[{"value":847,"label":"35"}],"pa_fuktskydd-varde-ipxx":[{"value":333,"label":"IP67"}],"pa_godkannande":[{"value":184,"label":"R10"}],"pa_ljusbild":[{"value":1177,"label":"Spot"}],"pa_storlek-mm":[{"value":1934,"label":"564x77x94"}],"pa_volt-v":[{"value":1538,"label":"9-30"}]},"featured_image_src_large":["https:\/\/xenonkungen.com\/wp-content\/uploads\/2025\/04\/163018301-origpic-c80a7d.png",1000,725,false],"author_info":[],"comment_info":0,"_links":{"self":[{"href":"https:\/\/xenonkungen.com\/dk\/wp-json\/wp\/v2\/product\/7481","targetHints":{"allow":["GET"]}}],"collection":[{"href":"https:\/\/xenonkungen.com\/dk\/wp-json\/wp\/v2\/product"}],"about":[{"href":"https:\/\/xenonkungen.com\/dk\/wp-json\/wp\/v2\/types\/product"}],"replies":[{"embeddable":true,"href":"https:\/\/xenonkungen.com\/dk\/wp-json\/wp\/v2\/comments?post=7481"}],"wp:featuredmedia":[{"embeddable":true,"href":"https:\/\/xenonkungen.com\/dk\/wp-json\/wp\/v2\/media\/7482"}],"wp:attachment":[{"href":"https:\/\/xenonkungen.com\/dk\/wp-json\/wp\/v2\/media?parent=7481"}],"wp:term":[{"taxonomy":"anvandningsomrade","embeddable":true,"href":"https:\/\/xenonkungen.com\/dk\/wp-json\/wp\/v2\/anvandningsomrade?post=7481"},{"taxonomy":"bilmarken","embeddable":true,"href":"https:\/\/xenonkungen.com\/dk\/wp-json\/wp\/v2\/bilmarken?post=7481"},{"taxonomy":"product_brand","embeddable":true,"href":"https:\/\/xenonkungen.com\/dk\/wp-json\/wp\/v2\/product_brand?post=7481"},{"taxonomy":"product_cat","embeddable":true,"href":"https:\/\/xenonkungen.com\/dk\/wp-json\/wp\/v2\/product_cat?post=7481"},{"taxonomy":"product_tag","embeddable":true,"href":"https:\/\/xenonkungen.com\/dk\/wp-json\/wp\/v2\/product_tag?post=7481"}],"curies":[{"name":"wp","href":"https:\/\/api.w.org\/{rel}","templated":true}]}}