{"id":7495,"date":"2025-04-15T09:56:07","date_gmt":"2025-04-15T09:56:07","guid":{"rendered":"https:\/\/xenonkungen.com\/product\/ledriving-ledramp-sx300-cb\/"},"modified":"2026-04-11T01:30:42","modified_gmt":"2026-04-11T00:30:42","slug":"ledriving-led-rampe-sx300-cb","status":"publish","type":"product","link":"https:\/\/xenonkungen.com\/dk\/vare\/ledriving-led-rampe-sx300-cb\/","title":{"rendered":"LEDriving\u00ae LEDrampe SX300-CB <35cm>"},"content":{"rendered":"<p>Lys op i dit liv med OSRAM LEDriving k\u00f8re- og arbejdslys<br \/>OSRAM LEDriving Lightbar SX300-CB oplyser m\u00f8rke landeveje og skovstier. <\/p>\n<p>Med 12 kraftige og h\u00f8jtydende LED'er med lang levetid har OSRAM LEDriving Lightbar SX300-CB en r\u00e6kkevidde p\u00e5 op til 210 meter og giver bilisterne masser af advarsler b\u00e5de p\u00e5 vejen og i terr\u00e6net. Selv under d\u00e5rlige lysforhold giver OSRAM LEDriving Lightbar SX300-CB et dagslyslignende milj\u00f8 takket v\u00e6re en farvetemperatur p\u00e5 op til 6.000 Kelvin. Den intense lysstr\u00f8m p\u00e5 op til 2.600 lumen er kombineret med meget h\u00f8j optisk effektivitet og ensartet lysfordeling. Det giver dig mulighed for at se bedre, og dit k\u00f8ret\u00f8j bliver lettere opfattet af andre trafikanter, hvilket bidrager til h\u00f8jere trafiksikkerhed b\u00e5de p\u00e5 vejen og i terr\u00e6net.<\/p>\n<p>P\u00e5 vejen eller i terr\u00e6net? OSRAM LEDriving Lightbar SX300-CB imponerer med sin kraftige ydeevne og lange levetid p\u00e5 op til 5.000 timer. Den alsidige lygte kan modst\u00e5 barske milj\u00f8forhold takket v\u00e6re materialer af h\u00f8j kvalitet, s\u00e5som et aluminiumshus og en robust polykarbonatlinse, og den er b\u00e5de let og robust. OSRAM LEDriving Lightbar SX300-CB er blevet testet i vores DIN-certificerede milj\u00f8simuleringslaboratorium for ekstreme eksterne forhold som vand, st\u00f8v, st\u00f8d, h\u00f8je og lave temperaturer og permanente vibrationer og valideret med beskyttelsesklassen IP69K. En integreret drivenhed og et termisk styringssystem regulerer LED-lysbj\u00e6lkens temperatur og forhindrer skader for\u00e5rsaget af overophedning. Polaritetsbeskyttelse forhindrer forkert polaritet i str\u00f8mforsyningen og forebygger potentielle skader ved automatisk at slukke for LED'erne. <br \/>P\u00e5 vejen eller i terr\u00e6net? OSRAM LEDriving Lightbar SX300-CB er en effektiv opgradering til dit k\u00f8ret\u00f8j. De ECE-certificerede LED-k\u00f8relys kr\u00e6ver ingen omregistrering og ingen tilf\u00f8jelser til k\u00f8ret\u00f8jets dokumentation.<br \/>ECE-referencenummer: 10<\/p>\n<p>OSRAM LEDriving Lightbar SX300-CB kan monteres p\u00e5 biler, lastbiler, landbrugsmaskiner, erhvervsk\u00f8ret\u00f8jer, entrepren\u00f8rmaskiner, skovbrugsmaskiner, campingvogne, terr\u00e6ng\u00e5ende k\u00f8ret\u00f8jer og quad-cykler.<br \/>OSRAM LEDriving Lightbar SX300-CB er alsidig og fleksibel.<\/p>","protected":false},"excerpt":{"rendered":"<p>Fleksibel Ledramp fra Osram, perfekt til montering i grillen.<\/p>","protected":false},"featured_media":7496,"comment_status":"closed","ping_status":"open","template":"","meta":{"_acf_changed":false,"_smort_price_nok":"2489","_smort_price_dkk":"1581","_smort_price_eur":"211.81","_smort_sale_price_nok":"","_smort_sale_price_dkk":"","_smort_sale_price_eur":"","smort_restorder":"","shipmondo_restorder":"","_kad_blocks_custom_css":"","_kad_blocks_head_custom_js":"","_kad_blocks_body_custom_js":"","_kad_blocks_footer_custom_js":"","smort_custom_pricelist_1":"1491.2","smort_custom_pricelist_2":"1491.2","smort_custom_pricelist_3":"1416.64","smort_custom_pricelist_4":"1864","smort_custom_pricelist_5":"1491.2"},"anvandningsomrade":[],"bilmarken":[],"product_brand":[108],"product_cat":[2966,2539,2640,2183],"product_tag":[],"class_list":{"0":"post-7495","1":"product","2":"type-product","3":"status-publish","4":"has-post-thumbnail","6":"product_brand-osram","7":"product_cat-ledramp-rak","8":"product_cat-ledramper","9":"product_cat-osram-ledriving-ledramper","10":"product_cat-osram-ledriving","11":"pa_faktisk-effekts-forbrukning-1937","12":"pa_fargtemperatur-1428","13":"pa_fuktskydd-varde-ipxx-ip69k","14":"pa_godkannande-r10-r112","15":"pa_ljusbild-combo","16":"pa_storlek-mm-350x615x38","17":"pa_volt-v-12-24","19":"first","20":"instock","21":"taxable","22":"shipping-taxable","23":"purchasable","24":"product-type-simple"},"bundled_by":[],"bundle_stock_status":"instock","bundle_stock_quantity":1,"bundle_virtual":false,"bundle_layout":"","bundle_add_to_cart_form_location":"","bundle_editable_in_cart":false,"bundle_sold_individually_context":"","bundle_item_grouping":"","bundle_min_size":"","bundle_max_size":"","bundle_price":[],"bundled_items":[],"bundle_sell_ids":[],"acf":[],"yoast_head":"<!-- This site is optimized with the Yoast SEO plugin v27.0 - https:\/\/yoast.com\/product\/yoast-seo-wordpress\/ -->\n<title>LEDriving\u00ae LEDramp SX300-CB  - Xenonkungen<\/title>\n<meta name=\"robots\" content=\"index, follow, max-snippet:-1, max-image-preview:large, max-video-preview:-1\" \/>\n<link rel=\"canonical\" href=\"https:\/\/xenonkungen.com\/dk\/vare\/ledriving-led-rampe-sx300-cb\/\" \/>\n<meta property=\"og:locale\" content=\"da_DK\" \/>\n<meta property=\"og:type\" content=\"article\" \/>\n<meta property=\"og:title\" content=\"LEDriving\u00ae LEDramp SX300-CB  - Xenonkungen\" \/>\n<meta property=\"og:description\" content=\"Smidig Ledramp fr\u00e5n Osram. Passar perfekt f\u00f6r byggas in innanf\u00f6r grillen.\" \/>\n<meta property=\"og:url\" content=\"https:\/\/xenonkungen.com\/dk\/vare\/ledriving-led-rampe-sx300-cb\/\" \/>\n<meta property=\"og:site_name\" content=\"Xenonkungen\" \/>\n<meta property=\"article:modified_time\" content=\"2026-04-11T00:30:42+00:00\" \/>\n<meta property=\"og:image\" content=\"https:\/\/xenonkungen.com\/wp-content\/uploads\/2025\/04\/178262089-origpic-b00fff.jpg\" \/>\n\t<meta property=\"og:image:width\" content=\"900\" \/>\n\t<meta property=\"og:image:height\" content=\"552\" \/>\n\t<meta property=\"og:image:type\" content=\"image\/jpeg\" \/>\n<meta name=\"twitter:card\" content=\"summary_large_image\" \/>\n<meta name=\"twitter:label1\" content=\"Estimeret l\u00e6setid\" \/>\n\t<meta name=\"twitter:data1\" content=\"2 minutter\" \/>\n<script type=\"application\/ld+json\" class=\"yoast-schema-graph\">{\"@context\":\"https:\/\/schema.org\",\"@graph\":[{\"@type\":\"WebPage\",\"@id\":\"https:\/\/xenonkungen.com\/produkt\/ledriving-ledramp-sx300-cb\/\",\"url\":\"https:\/\/xenonkungen.com\/produkt\/ledriving-ledramp-sx300-cb\/\",\"name\":\"LEDriving\u00ae LEDramp SX300-CB - Xenonkungen\",\"isPartOf\":{\"@id\":\"https:\/\/xenonkungen.com\/#website\"},\"primaryImageOfPage\":{\"@id\":\"https:\/\/xenonkungen.com\/produkt\/ledriving-ledramp-sx300-cb\/#primaryimage\"},\"image\":{\"@id\":\"https:\/\/xenonkungen.com\/produkt\/ledriving-ledramp-sx300-cb\/#primaryimage\"},\"thumbnailUrl\":\"https:\/\/xenonkungen.com\/wp-content\/uploads\/2025\/04\/178262089-origpic-b00fff.jpg\",\"datePublished\":\"2025-04-15T09:56:07+00:00\",\"dateModified\":\"2026-04-11T00:30:42+00:00\",\"breadcrumb\":{\"@id\":\"https:\/\/xenonkungen.com\/produkt\/ledriving-ledramp-sx300-cb\/#breadcrumb\"},\"inLanguage\":\"da-DK\",\"potentialAction\":[{\"@type\":\"ReadAction\",\"target\":[\"https:\/\/xenonkungen.com\/produkt\/ledriving-ledramp-sx300-cb\/\"]}]},{\"@type\":\"ImageObject\",\"inLanguage\":\"da-DK\",\"@id\":\"https:\/\/xenonkungen.com\/produkt\/ledriving-ledramp-sx300-cb\/#primaryimage\",\"url\":\"https:\/\/xenonkungen.com\/wp-content\/uploads\/2025\/04\/178262089-origpic-b00fff.jpg\",\"contentUrl\":\"https:\/\/xenonkungen.com\/wp-content\/uploads\/2025\/04\/178262089-origpic-b00fff.jpg\",\"width\":900,\"height\":552},{\"@type\":\"BreadcrumbList\",\"@id\":\"https:\/\/xenonkungen.com\/produkt\/ledriving-ledramp-sx300-cb\/#breadcrumb\",\"itemListElement\":[{\"@type\":\"ListItem\",\"position\":1,\"name\":\"Hem\",\"item\":\"https:\/\/xenonkungen.com\/\"},{\"@type\":\"ListItem\",\"position\":2,\"name\":\"Shop\",\"item\":\"https:\/\/xenonkungen.com\/shop\/\"},{\"@type\":\"ListItem\",\"position\":3,\"name\":\"LEDriving\u00ae LEDramp SX300-CB\"}]},{\"@type\":\"WebSite\",\"@id\":\"https:\/\/xenonkungen.com\/#website\",\"url\":\"https:\/\/xenonkungen.com\/\",\"name\":\"Xenonkungen\",\"description\":\"\",\"potentialAction\":[{\"@type\":\"SearchAction\",\"target\":{\"@type\":\"EntryPoint\",\"urlTemplate\":\"https:\/\/xenonkungen.com\/?s={search_term_string}\"},\"query-input\":{\"@type\":\"PropertyValueSpecification\",\"valueRequired\":true,\"valueName\":\"search_term_string\"}}],\"inLanguage\":\"da-DK\"}]}<\/script>\n<!-- \/ Yoast SEO plugin. -->","yoast_head_json":{"title":"LEDriving\u00ae LEDramp SX300-CB - Xenon-kongen","robots":{"index":"index","follow":"follow","max-snippet":"max-snippet:-1","max-image-preview":"max-image-preview:large","max-video-preview":"max-video-preview:-1"},"canonical":"https:\/\/xenonkungen.com\/dk\/vare\/ledriving-led-rampe-sx300-cb\/","og_locale":"da_DK","og_type":"article","og_title":"LEDriving\u00ae LEDramp SX300-CB  - Xenonkungen","og_description":"Smidig Ledramp fr\u00e5n Osram. Passar perfekt f\u00f6r byggas in innanf\u00f6r grillen.","og_url":"https:\/\/xenonkungen.com\/dk\/vare\/ledriving-led-rampe-sx300-cb\/","og_site_name":"Xenonkungen","article_modified_time":"2026-04-11T00:30:42+00:00","og_image":[{"width":900,"height":552,"url":"https:\/\/xenonkungen.com\/wp-content\/uploads\/2025\/04\/178262089-origpic-b00fff.jpg","type":"image\/jpeg"}],"twitter_card":"summary_large_image","twitter_misc":{"Estimeret l\u00e6setid":"2 minutter"},"schema":{"@context":"https:\/\/schema.org","@graph":[{"@type":"WebPage","@id":"https:\/\/xenonkungen.com\/produkt\/ledriving-ledramp-sx300-cb\/","url":"https:\/\/xenonkungen.com\/produkt\/ledriving-ledramp-sx300-cb\/","name":"LEDriving\u00ae LEDramp SX300-CB - Xenon-kongen","isPartOf":{"@id":"https:\/\/xenonkungen.com\/#website"},"primaryImageOfPage":{"@id":"https:\/\/xenonkungen.com\/produkt\/ledriving-ledramp-sx300-cb\/#primaryimage"},"image":{"@id":"https:\/\/xenonkungen.com\/produkt\/ledriving-ledramp-sx300-cb\/#primaryimage"},"thumbnailUrl":"https:\/\/xenonkungen.com\/wp-content\/uploads\/2025\/04\/178262089-origpic-b00fff.jpg","datePublished":"2025-04-15T09:56:07+00:00","dateModified":"2026-04-11T00:30:42+00:00","breadcrumb":{"@id":"https:\/\/xenonkungen.com\/produkt\/ledriving-ledramp-sx300-cb\/#breadcrumb"},"inLanguage":"da-DK","potentialAction":[{"@type":"ReadAction","target":["https:\/\/xenonkungen.com\/produkt\/ledriving-ledramp-sx300-cb\/"]}]},{"@type":"ImageObject","inLanguage":"da-DK","@id":"https:\/\/xenonkungen.com\/produkt\/ledriving-ledramp-sx300-cb\/#primaryimage","url":"https:\/\/xenonkungen.com\/wp-content\/uploads\/2025\/04\/178262089-origpic-b00fff.jpg","contentUrl":"https:\/\/xenonkungen.com\/wp-content\/uploads\/2025\/04\/178262089-origpic-b00fff.jpg","width":900,"height":552},{"@type":"BreadcrumbList","@id":"https:\/\/xenonkungen.com\/produkt\/ledriving-ledramp-sx300-cb\/#breadcrumb","itemListElement":[{"@type":"ListItem","position":1,"name":"Hem","item":"https:\/\/xenonkungen.com\/"},{"@type":"ListItem","position":2,"name":"Shop","item":"https:\/\/xenonkungen.com\/shop\/"},{"@type":"ListItem","position":3,"name":"LEDriving\u00ae LEDramp SX300-CB"}]},{"@type":"WebSite","@id":"https:\/\/xenonkungen.com\/#website","url":"https:\/\/xenonkungen.com\/","name":"Xenonkungen","description":"","potentialAction":[{"@type":"SearchAction","target":{"@type":"EntryPoint","urlTemplate":"https:\/\/xenonkungen.com\/?s={search_term_string}"},"query-input":{"@type":"PropertyValueSpecification","valueRequired":true,"valueName":"search_term_string"}}],"inLanguage":"da-DK"}]}},"taxonomy_info":{"product_brand":[{"value":108,"label":"OSRAM"}],"product_cat":[{"value":2966,"label":"Ledramp Rak"},{"value":2539,"label":"LEDRAMPER"},{"value":2640,"label":"OSRAM Ledriving"},{"value":2183,"label":"OSRAM LEDriving\u00ae"}],"pa_faktisk-effekts-forbrukning":[{"value":1937,"label":"29"}],"pa_fargtemperatur":[{"value":1428,"label":"6000"}],"pa_fuktskydd-varde-ipxx":[{"value":155,"label":"IP69K"}],"pa_godkannande":[{"value":1933,"label":"R10 R112"}],"pa_ljusbild":[{"value":804,"label":"Combo"}],"pa_storlek-mm":[{"value":1936,"label":"350x61,5x38"}],"pa_volt-v":[{"value":348,"label":"12, 24"}]},"featured_image_src_large":["https:\/\/xenonkungen.com\/wp-content\/uploads\/2025\/04\/178262089-origpic-b00fff.jpg",900,552,false],"author_info":[],"comment_info":0,"_links":{"self":[{"href":"https:\/\/xenonkungen.com\/dk\/wp-json\/wp\/v2\/product\/7495","targetHints":{"allow":["GET"]}}],"collection":[{"href":"https:\/\/xenonkungen.com\/dk\/wp-json\/wp\/v2\/product"}],"about":[{"href":"https:\/\/xenonkungen.com\/dk\/wp-json\/wp\/v2\/types\/product"}],"replies":[{"embeddable":true,"href":"https:\/\/xenonkungen.com\/dk\/wp-json\/wp\/v2\/comments?post=7495"}],"wp:featuredmedia":[{"embeddable":true,"href":"https:\/\/xenonkungen.com\/dk\/wp-json\/wp\/v2\/media\/7496"}],"wp:attachment":[{"href":"https:\/\/xenonkungen.com\/dk\/wp-json\/wp\/v2\/media?parent=7495"}],"wp:term":[{"taxonomy":"anvandningsomrade","embeddable":true,"href":"https:\/\/xenonkungen.com\/dk\/wp-json\/wp\/v2\/anvandningsomrade?post=7495"},{"taxonomy":"bilmarken","embeddable":true,"href":"https:\/\/xenonkungen.com\/dk\/wp-json\/wp\/v2\/bilmarken?post=7495"},{"taxonomy":"product_brand","embeddable":true,"href":"https:\/\/xenonkungen.com\/dk\/wp-json\/wp\/v2\/product_brand?post=7495"},{"taxonomy":"product_cat","embeddable":true,"href":"https:\/\/xenonkungen.com\/dk\/wp-json\/wp\/v2\/product_cat?post=7495"},{"taxonomy":"product_tag","embeddable":true,"href":"https:\/\/xenonkungen.com\/dk\/wp-json\/wp\/v2\/product_tag?post=7495"}],"curies":[{"name":"wp","href":"https:\/\/api.w.org\/{rel}","templated":true}]}}