{"id":7509,"date":"2025-04-15T09:56:25","date_gmt":"2025-04-15T09:56:25","guid":{"rendered":"https:\/\/xenonkungen.com\/product\/ledriving-lightbar-sx500-sp\/"},"modified":"2026-04-11T01:30:51","modified_gmt":"2026-04-11T00:30:51","slug":"led-korelysbjaelke-sx500-sp","status":"publish","type":"product","link":"https:\/\/xenonkungen.com\/dk\/vare\/led-korelysbjaelke-sx500-sp\/","title":{"rendered":"LEDriving\u00ae LIGHTBAR SX500-SP"},"content":{"rendered":"<h1>Osram \u2013 LEDriving\u00ae LYSBAR<\/h1>\n<h2 class=\"font-headline-text-bold orange\">Holdbart LED-lys for bedre trafiksikkerhed<\/h2>\n<div class=\"product-text\">\n<div class=\"space-paragraph\" data-attr-id=\"ZPIM1TE00821\">LEDriving Lightbar SX500-SP s\u00f8gelyset kombinerer smart belysningsteknologi og en lang levetid. Det certificerede LED-hj\u00e6lpelys har en levetid p\u00e5 5.000 timer og giver st\u00f8rre trafiksikkerhed i meget lang tid.<br \/>Med en lysstyrke p\u00e5 1 lux og en str\u00e5levinkel p\u00e5 8 grader n\u00e5r LED-ekstralygtens lysstr\u00e5le op til 360 m. De 18 h\u00f8jtydende LED&#039;er giver lys, der er s\u00e6rligt fordelagtigt p\u00e5 uoplyste gader og under vanskelige sigtforhold.<br \/>Det smarte design af LED-strimlens reflektorer giver en meget h\u00f8j optisk effektivitet med ensartet lysfordeling og reduceret bl\u00e6nding for modk\u00f8rende trafik. Reduceret bl\u00e6nding er en s\u00e6rlig vigtig faktor for trafiksikkerheden.<br \/>Men LED-fjernlysets lysstr\u00f8m p\u00e5 3.900 lumen er ikke den eneste fordel: Det fremh\u00e6ver ogs\u00e5 k\u00f8ret\u00f8jets offroad-stil.<\/div>\n<\/div>\n<ul>\n<li>R\u00e6kkevidde: 1 lux @ 370 m<\/li>\n<li>Slankt design<\/li>\n<li>Spotstr\u00e5le<\/li>\n<\/ul>\n<p><strong>Holdbar LED-arbejdslampe for sikker og komfortabel k\u00f8rsel<\/strong><br \/><span>Daglig brug belaster materialet meget. LED-hj\u00e6lpelygten er derfor udstyret med en holdbar polycarbonatlinse. Projekt\u00f8ren fungerer ogs\u00e5 i ekstreme lufttemperaturer mellem -30 og +60 \u00b0C.<\/span><br \/><span>Det integrerede driver- og temperaturstyringssystem regulerer varmeudviklingen under drift og beskytter de 18 h\u00f8jtydende LED&#039;er mod potentiel overophedning.<\/span><br \/><span>Over- og undersp\u00e6ndingsbeskyttelse afbryder automatisk kredsl\u00f8bet, n\u00e5r effekten overstiger den forudbestemte str\u00f8m i en bestemt periode. Denne praktiske funktion giver yderligere beskyttelse mod driftsskader.<\/span><br \/><span>LEDriving Lightbar SX500-SP er egnet til personbiler, 4x4 og terr\u00e6ng\u00e5ende k\u00f8ret\u00f8jer samt erhvervs- og industrik\u00f8ret\u00f8jer. Takket v\u00e6re de kompakte installationsm\u00e5l kan landbrugsk\u00f8ret\u00f8jer ogs\u00e5 drage fordel af det intense lys fra LED-ekstralygterne.<\/span><\/p>\n<p>","protected":false},"excerpt":{"rendered":"<p>Spotlight fra den velkendte Osram med spotlight-billede. Giver dig 1 lux p\u00e5 370 meter!<\/p>","protected":false},"featured_media":7510,"comment_status":"closed","ping_status":"open","template":"","meta":{"_acf_changed":false,"_smort_price_nok":"2724","_smort_price_dkk":"1730","_smort_price_eur":"231.81","_smort_sale_price_nok":"","_smort_sale_price_dkk":"","_smort_sale_price_eur":"","smort_restorder":"","shipmondo_restorder":"","_kad_blocks_custom_css":"","_kad_blocks_head_custom_js":"","_kad_blocks_body_custom_js":"","_kad_blocks_footer_custom_js":"","smort_custom_pricelist_1":"1632","smort_custom_pricelist_2":"1632","smort_custom_pricelist_3":"1550.4","smort_custom_pricelist_4":"2040","smort_custom_pricelist_5":"1632"},"anvandningsomrade":[],"bilmarken":[],"product_brand":[108],"product_cat":[2966,2539,2640,2183],"product_tag":[],"class_list":{"0":"post-7509","1":"product","2":"type-product","3":"status-publish","4":"has-post-thumbnail","6":"product_brand-osram","7":"product_cat-ledramp-rak","8":"product_cat-ledramper","9":"product_cat-osram-ledriving-ledramper","10":"product_cat-osram-ledriving","11":"pa_faktisk-effekts-forbrukning-695","12":"pa_fargtemperatur-1428","13":"pa_fuktskydd-varde-ipxx-ip69k","14":"pa_godkannande-r112-r10","15":"pa_lampsockel-kontakt-dt","16":"pa_ljusbild-spot","17":"pa_storlek-mm-556x62x38","18":"pa_stromforbrukning-333a135v","19":"pa_volt-v-9-32","21":"first","22":"onbackorder","23":"taxable","24":"shipping-taxable","25":"purchasable","26":"product-type-simple"},"bundled_by":[],"bundle_stock_status":"onbackorder","bundle_stock_quantity":0,"bundle_virtual":false,"bundle_layout":"","bundle_add_to_cart_form_location":"","bundle_editable_in_cart":false,"bundle_sold_individually_context":"","bundle_item_grouping":"","bundle_min_size":"","bundle_max_size":"","bundle_price":[],"bundled_items":[],"bundle_sell_ids":[],"acf":[],"yoast_head":"<!-- This site is optimized with the Yoast SEO plugin v27.0 - https:\/\/yoast.com\/product\/yoast-seo-wordpress\/ -->\n<title>LEDriving\u00ae LIGHTBAR SX500-SP - Xenonkungen<\/title>\n<meta name=\"robots\" content=\"index, follow, max-snippet:-1, max-image-preview:large, max-video-preview:-1\" \/>\n<link rel=\"canonical\" href=\"https:\/\/xenonkungen.com\/dk\/vare\/led-korelysbjaelke-sx500-sp\/\" \/>\n<meta property=\"og:locale\" content=\"da_DK\" \/>\n<meta property=\"og:type\" content=\"article\" \/>\n<meta property=\"og:title\" content=\"LEDriving\u00ae LIGHTBAR SX500-SP - Xenonkungen\" \/>\n<meta property=\"og:description\" content=\"Spotljusramp fr\u00e5n v\u00e4lk\u00e4nda Osram med en Spotljusbild. Ger er 1 lux p\u00e5 370 meter!\" \/>\n<meta property=\"og:url\" content=\"https:\/\/xenonkungen.com\/dk\/vare\/led-korelysbjaelke-sx500-sp\/\" \/>\n<meta property=\"og:site_name\" content=\"Xenonkungen\" \/>\n<meta property=\"article:modified_time\" content=\"2026-04-11T00:30:51+00:00\" \/>\n<meta property=\"og:image\" content=\"https:\/\/xenonkungen.com\/wp-content\/uploads\/2025\/04\/209726651-origpic-933d6b.jpg\" \/>\n\t<meta property=\"og:image:width\" content=\"900\" \/>\n\t<meta property=\"og:image:height\" content=\"900\" \/>\n\t<meta property=\"og:image:type\" content=\"image\/jpeg\" \/>\n<meta name=\"twitter:card\" content=\"summary_large_image\" \/>\n<meta name=\"twitter:label1\" content=\"Estimeret l\u00e6setid\" \/>\n\t<meta name=\"twitter:data1\" content=\"1 minut\" \/>\n<script type=\"application\/ld+json\" class=\"yoast-schema-graph\">{\"@context\":\"https:\/\/schema.org\",\"@graph\":[{\"@type\":\"WebPage\",\"@id\":\"https:\/\/xenonkungen.com\/produkt\/ledriving-lightbar-sx500-sp\/\",\"url\":\"https:\/\/xenonkungen.com\/produkt\/ledriving-lightbar-sx500-sp\/\",\"name\":\"LEDriving\u00ae LIGHTBAR SX500-SP - Xenonkungen\",\"isPartOf\":{\"@id\":\"https:\/\/xenonkungen.com\/#website\"},\"primaryImageOfPage\":{\"@id\":\"https:\/\/xenonkungen.com\/produkt\/ledriving-lightbar-sx500-sp\/#primaryimage\"},\"image\":{\"@id\":\"https:\/\/xenonkungen.com\/produkt\/ledriving-lightbar-sx500-sp\/#primaryimage\"},\"thumbnailUrl\":\"https:\/\/xenonkungen.com\/wp-content\/uploads\/2025\/04\/209726651-origpic-933d6b.jpg\",\"datePublished\":\"2025-04-15T09:56:25+00:00\",\"dateModified\":\"2026-04-11T00:30:51+00:00\",\"breadcrumb\":{\"@id\":\"https:\/\/xenonkungen.com\/produkt\/ledriving-lightbar-sx500-sp\/#breadcrumb\"},\"inLanguage\":\"da-DK\",\"potentialAction\":[{\"@type\":\"ReadAction\",\"target\":[\"https:\/\/xenonkungen.com\/produkt\/ledriving-lightbar-sx500-sp\/\"]}]},{\"@type\":\"ImageObject\",\"inLanguage\":\"da-DK\",\"@id\":\"https:\/\/xenonkungen.com\/produkt\/ledriving-lightbar-sx500-sp\/#primaryimage\",\"url\":\"https:\/\/xenonkungen.com\/wp-content\/uploads\/2025\/04\/209726651-origpic-933d6b.jpg\",\"contentUrl\":\"https:\/\/xenonkungen.com\/wp-content\/uploads\/2025\/04\/209726651-origpic-933d6b.jpg\",\"width\":900,\"height\":900},{\"@type\":\"BreadcrumbList\",\"@id\":\"https:\/\/xenonkungen.com\/produkt\/ledriving-lightbar-sx500-sp\/#breadcrumb\",\"itemListElement\":[{\"@type\":\"ListItem\",\"position\":1,\"name\":\"Hem\",\"item\":\"https:\/\/xenonkungen.com\/\"},{\"@type\":\"ListItem\",\"position\":2,\"name\":\"Shop\",\"item\":\"https:\/\/xenonkungen.com\/shop\/\"},{\"@type\":\"ListItem\",\"position\":3,\"name\":\"LEDriving\u00ae LIGHTBAR SX500-SP\"}]},{\"@type\":\"WebSite\",\"@id\":\"https:\/\/xenonkungen.com\/#website\",\"url\":\"https:\/\/xenonkungen.com\/\",\"name\":\"Xenonkungen\",\"description\":\"\",\"potentialAction\":[{\"@type\":\"SearchAction\",\"target\":{\"@type\":\"EntryPoint\",\"urlTemplate\":\"https:\/\/xenonkungen.com\/?s={search_term_string}\"},\"query-input\":{\"@type\":\"PropertyValueSpecification\",\"valueRequired\":true,\"valueName\":\"search_term_string\"}}],\"inLanguage\":\"da-DK\"}]}<\/script>\n<!-- \/ Yoast SEO plugin. -->","yoast_head_json":{"title":"LEDriving\u00ae LYSBAR SX500-SP - Xenon-kongen","robots":{"index":"index","follow":"follow","max-snippet":"max-snippet:-1","max-image-preview":"max-image-preview:large","max-video-preview":"max-video-preview:-1"},"canonical":"https:\/\/xenonkungen.com\/dk\/vare\/led-korelysbjaelke-sx500-sp\/","og_locale":"da_DK","og_type":"article","og_title":"LEDriving\u00ae LIGHTBAR SX500-SP - Xenonkungen","og_description":"Spotljusramp fr\u00e5n v\u00e4lk\u00e4nda Osram med en Spotljusbild. Ger er 1 lux p\u00e5 370 meter!","og_url":"https:\/\/xenonkungen.com\/dk\/vare\/led-korelysbjaelke-sx500-sp\/","og_site_name":"Xenonkungen","article_modified_time":"2026-04-11T00:30:51+00:00","og_image":[{"width":900,"height":900,"url":"https:\/\/xenonkungen.com\/wp-content\/uploads\/2025\/04\/209726651-origpic-933d6b.jpg","type":"image\/jpeg"}],"twitter_card":"summary_large_image","twitter_misc":{"Estimeret l\u00e6setid":"1 minut"},"schema":{"@context":"https:\/\/schema.org","@graph":[{"@type":"WebPage","@id":"https:\/\/xenonkungen.com\/produkt\/ledriving-lightbar-sx500-sp\/","url":"https:\/\/xenonkungen.com\/produkt\/ledriving-lightbar-sx500-sp\/","name":"LEDriving\u00ae LYSBAR SX500-SP - Xenon-kongen","isPartOf":{"@id":"https:\/\/xenonkungen.com\/#website"},"primaryImageOfPage":{"@id":"https:\/\/xenonkungen.com\/produkt\/ledriving-lightbar-sx500-sp\/#primaryimage"},"image":{"@id":"https:\/\/xenonkungen.com\/produkt\/ledriving-lightbar-sx500-sp\/#primaryimage"},"thumbnailUrl":"https:\/\/xenonkungen.com\/wp-content\/uploads\/2025\/04\/209726651-origpic-933d6b.jpg","datePublished":"2025-04-15T09:56:25+00:00","dateModified":"2026-04-11T00:30:51+00:00","breadcrumb":{"@id":"https:\/\/xenonkungen.com\/produkt\/ledriving-lightbar-sx500-sp\/#breadcrumb"},"inLanguage":"da-DK","potentialAction":[{"@type":"ReadAction","target":["https:\/\/xenonkungen.com\/produkt\/ledriving-lightbar-sx500-sp\/"]}]},{"@type":"ImageObject","inLanguage":"da-DK","@id":"https:\/\/xenonkungen.com\/produkt\/ledriving-lightbar-sx500-sp\/#primaryimage","url":"https:\/\/xenonkungen.com\/wp-content\/uploads\/2025\/04\/209726651-origpic-933d6b.jpg","contentUrl":"https:\/\/xenonkungen.com\/wp-content\/uploads\/2025\/04\/209726651-origpic-933d6b.jpg","width":900,"height":900},{"@type":"BreadcrumbList","@id":"https:\/\/xenonkungen.com\/produkt\/ledriving-lightbar-sx500-sp\/#breadcrumb","itemListElement":[{"@type":"ListItem","position":1,"name":"Hem","item":"https:\/\/xenonkungen.com\/"},{"@type":"ListItem","position":2,"name":"Shop","item":"https:\/\/xenonkungen.com\/shop\/"},{"@type":"ListItem","position":3,"name":"LEDriving\u00ae LIGHTBAR SX500-SP"}]},{"@type":"WebSite","@id":"https:\/\/xenonkungen.com\/#website","url":"https:\/\/xenonkungen.com\/","name":"Xenonkungen","description":"","potentialAction":[{"@type":"SearchAction","target":{"@type":"EntryPoint","urlTemplate":"https:\/\/xenonkungen.com\/?s={search_term_string}"},"query-input":{"@type":"PropertyValueSpecification","valueRequired":true,"valueName":"search_term_string"}}],"inLanguage":"da-DK"}]}},"taxonomy_info":{"product_brand":[{"value":108,"label":"OSRAM"}],"product_cat":[{"value":2966,"label":"Ledramp Rak"},{"value":2539,"label":"LEDRAMPER"},{"value":2640,"label":"OSRAM Ledriving"},{"value":2183,"label":"OSRAM LEDriving\u00ae"}],"pa_faktisk-effekts-forbrukning":[{"value":695,"label":"45"}],"pa_fargtemperatur":[{"value":1428,"label":"6000"}],"pa_fuktskydd-varde-ipxx":[{"value":155,"label":"IP69K"}],"pa_godkannande":[{"value":1942,"label":"R112, R10"}],"pa_lampsockel-kontakt":[{"value":329,"label":"DT"}],"pa_ljusbild":[{"value":1177,"label":"Spot"}],"pa_storlek-mm":[{"value":1940,"label":"556x62x38"}],"pa_stromforbrukning":[{"value":1941,"label":"3,33A@13,5V"}],"pa_volt-v":[{"value":1434,"label":"9-32"}]},"featured_image_src_large":["https:\/\/xenonkungen.com\/wp-content\/uploads\/2025\/04\/209726651-origpic-933d6b.jpg",900,900,false],"author_info":[],"comment_info":0,"_links":{"self":[{"href":"https:\/\/xenonkungen.com\/dk\/wp-json\/wp\/v2\/product\/7509","targetHints":{"allow":["GET"]}}],"collection":[{"href":"https:\/\/xenonkungen.com\/dk\/wp-json\/wp\/v2\/product"}],"about":[{"href":"https:\/\/xenonkungen.com\/dk\/wp-json\/wp\/v2\/types\/product"}],"replies":[{"embeddable":true,"href":"https:\/\/xenonkungen.com\/dk\/wp-json\/wp\/v2\/comments?post=7509"}],"wp:featuredmedia":[{"embeddable":true,"href":"https:\/\/xenonkungen.com\/dk\/wp-json\/wp\/v2\/media\/7510"}],"wp:attachment":[{"href":"https:\/\/xenonkungen.com\/dk\/wp-json\/wp\/v2\/media?parent=7509"}],"wp:term":[{"taxonomy":"anvandningsomrade","embeddable":true,"href":"https:\/\/xenonkungen.com\/dk\/wp-json\/wp\/v2\/anvandningsomrade?post=7509"},{"taxonomy":"bilmarken","embeddable":true,"href":"https:\/\/xenonkungen.com\/dk\/wp-json\/wp\/v2\/bilmarken?post=7509"},{"taxonomy":"product_brand","embeddable":true,"href":"https:\/\/xenonkungen.com\/dk\/wp-json\/wp\/v2\/product_brand?post=7509"},{"taxonomy":"product_cat","embeddable":true,"href":"https:\/\/xenonkungen.com\/dk\/wp-json\/wp\/v2\/product_cat?post=7509"},{"taxonomy":"product_tag","embeddable":true,"href":"https:\/\/xenonkungen.com\/dk\/wp-json\/wp\/v2\/product_tag?post=7509"}],"curies":[{"name":"wp","href":"https:\/\/api.w.org\/{rel}","templated":true}]}}