{"id":7520,"date":"2025-04-15T09:56:25","date_gmt":"2025-04-15T09:56:25","guid":{"rendered":"https:\/\/xenonkungen.com\/product\/ledriving-arbetsljus-vx120s-wd\/"},"modified":"2026-03-04T16:56:16","modified_gmt":"2026-03-04T15:56:16","slug":"led-arbejdslygte-vx120s-wd","status":"publish","type":"product","link":"https:\/\/xenonkungen.com\/dk\/vare\/led-arbejdslygte-vx120s-wd\/","title":{"rendered":"LEDriving\u00ae arbejdslampe VX120S-WD"},"content":{"rendered":"<h1>Lys op i dit liv med OSRAM LEDriving k\u00f8re- og arbejdslys<\/h1>\n<p>OSRAM LEDriving Reversing FX120S-WD-baglygte oplyser m\u00f8rke landeveje og skovstier. <\/p>\n<p>De 13 kraftige og h\u00f8jtydende LED'er har en r\u00e6kkevidde p\u00e5 36 meter og giver f\u00f8reren masser af advarsler b\u00e5de p\u00e5 vejen og i terr\u00e6net. Selv under d\u00e5rlige lysforhold giver OSRAM LEDriving Reversing FX120S-WD et dagslyslignende milj\u00f8 takket v\u00e6re en farvetemperatur p\u00e5 op til 6000 Kelvin. Den intense lysstr\u00f8m p\u00e5 1.100 lumen er kombineret med meget h\u00f8j optisk effektivitet og ensartet lysfordeling. Det giver dig mulighed for at se bedre, og dit k\u00f8ret\u00f8j bliver lettere opfattet af andre trafikanter, hvilket bidrager til h\u00f8jere trafiksikkerhed b\u00e5de p\u00e5 vejen og i terr\u00e6net.<\/p>\n<p>P\u00e5 vejen eller i terr\u00e6net? <br \/>OSRAM LEDriving Reversing FX120S-WD-baglygten imponerer med sin st\u00e6rke ydeevne og lange levetid. Den alsidige baklygte kan modst\u00e5 barske milj\u00f8forhold takket v\u00e6re dens materialer af h\u00f8j kvalitet, s\u00e5som et termoplastisk hus og en robust polykarbonatlinse, og er b\u00e5de let og holdbar. LEDriving Reversing FX120S-WD-baglygte er blevet testet i vores DIN-certificerede milj\u00f8simuleringslaboratorium for ekstreme eksterne forhold som vand, st\u00f8v, st\u00f8d, h\u00f8je og lave temperaturer og permanente vibrationer og valideret med IP69K-beskyttelsesklasse. <\/p>\n<p>Et integreret drev- og varmestyringssystem regulerer temperaturen p\u00e5 LED-baggrundsbelysningen og forhindrer skader for\u00e5rsaget af overophedning. Polaritetsbeskyttelse forhindrer forkert polaritet i str\u00f8mforsyningen og forebygger potentielle skader ved automatisk at slukke for LED'erne. <\/p>\n<p>P\u00e5 vejen eller i terr\u00e6net?<br \/>OSRAM LEDriving Reversing FX120S-WD-baglygter er en effektiv opgradering af dit k\u00f8ret\u00f8j. De ECE-certificerede LED-baglygter kr\u00e6ver ingen omregistrering og ingen tilf\u00f8jelser til k\u00f8ret\u00f8jets dokumentation.<\/p>\n<p>LED-baglygten kan monteres p\u00e5 biler, lastbiler, landbrugsmaskiner, erhvervsk\u00f8ret\u00f8jer, entrepren\u00f8rmaskiner, skovbrugsmaskiner, campingvogne, terr\u00e6ng\u00e5ende k\u00f8ret\u00f8jer og quad-cykler.<br \/>OSRAM LEDriving Reversing FX120S-WD-baglygter er alsidige og fleksible.<\/p>","protected":false},"excerpt":{"rendered":"<p>Prisbillig arbejdslampe fra OSRAM. Perfekt egnet som baggrundsbelysning eller arbejdslys.<\/p>","protected":false},"featured_media":7521,"comment_status":"closed","ping_status":"open","template":"","meta":{"_acf_changed":false,"_smort_price_nok":"566","_smort_price_dkk":"360","_smort_price_eur":"48.18","_smort_sale_price_nok":"","_smort_sale_price_dkk":"","_smort_sale_price_eur":"","smort_restorder":"","shipmondo_restorder":"","_kad_blocks_custom_css":"","_kad_blocks_head_custom_js":"","_kad_blocks_body_custom_js":"","_kad_blocks_footer_custom_js":"","smort_custom_pricelist_1":"339.2","smort_custom_pricelist_2":"339.2","smort_custom_pricelist_3":"322.24","smort_custom_pricelist_4":"424","smort_custom_pricelist_5":"339.2"},"anvandningsomrade":[],"bilmarken":[],"product_brand":[108],"product_cat":[2639,2642,508],"product_tag":[],"class_list":{"0":"post-7520","1":"product","2":"type-product","3":"status-publish","4":"has-post-thumbnail","6":"product_brand-osram","7":"product_cat-osram-ledriving-arbetsbelysning","8":"product_cat-osram-ledriving-backljus-backljus-osram-ledriving-arbetsbelysning","9":"product_cat-arbetsbelysning","10":"pa_faktisk-effekts-forbrukning-537","11":"pa_fargtemperatur-1428","12":"pa_fuktskydd-varde-ipxx-ip69k","13":"pa_godkannande-ep-ece-r10-r23","14":"pa_lampsockel-kontakt-dt","15":"pa_storlek-mm-56x127x113","16":"pa_volt-v-12-24","18":"first","19":"instock","20":"taxable","21":"shipping-taxable","22":"purchasable","23":"product-type-simple"},"bundled_by":[],"bundle_stock_status":"instock","bundle_stock_quantity":4,"bundle_virtual":false,"bundle_layout":"","bundle_add_to_cart_form_location":"","bundle_editable_in_cart":false,"bundle_sold_individually_context":"","bundle_item_grouping":"","bundle_min_size":"","bundle_max_size":"","bundle_price":[],"bundled_items":[],"bundle_sell_ids":[],"acf":[],"yoast_head":"<!-- This site is optimized with the Yoast SEO plugin v27.0 - https:\/\/yoast.com\/product\/yoast-seo-wordpress\/ -->\n<title>LEDriving\u00ae Arbetsljus VX120S-WD - Xenonkungen<\/title>\n<meta name=\"robots\" content=\"index, follow, max-snippet:-1, max-image-preview:large, max-video-preview:-1\" \/>\n<link rel=\"canonical\" href=\"https:\/\/xenonkungen.com\/dk\/vare\/led-arbejdslygte-vx120s-wd\/\" \/>\n<meta property=\"og:locale\" content=\"da_DK\" \/>\n<meta property=\"og:type\" content=\"article\" \/>\n<meta property=\"og:title\" content=\"LEDriving\u00ae Arbetsljus VX120S-WD - Xenonkungen\" \/>\n<meta property=\"og:description\" content=\"Prisv\u00e4rt arbetsljus fr\u00e5n OSRAM. Passar perfekt som Backljus eller Arbetsljus.\" \/>\n<meta property=\"og:url\" content=\"https:\/\/xenonkungen.com\/dk\/vare\/led-arbejdslygte-vx120s-wd\/\" \/>\n<meta property=\"og:site_name\" content=\"Xenonkungen\" \/>\n<meta property=\"article:modified_time\" content=\"2026-03-04T15:56:16+00:00\" \/>\n<meta property=\"og:image\" content=\"https:\/\/xenonkungen.com\/wp-content\/uploads\/2025\/04\/178262373-origpic-d35c8e.jpg\" \/>\n\t<meta property=\"og:image:width\" content=\"760\" \/>\n\t<meta property=\"og:image:height\" content=\"760\" \/>\n\t<meta property=\"og:image:type\" content=\"image\/jpeg\" \/>\n<meta name=\"twitter:card\" content=\"summary_large_image\" \/>\n<meta name=\"twitter:label1\" content=\"Estimeret l\u00e6setid\" \/>\n\t<meta name=\"twitter:data1\" content=\"2 minutter\" \/>\n<script type=\"application\/ld+json\" class=\"yoast-schema-graph\">{\"@context\":\"https:\/\/schema.org\",\"@graph\":[{\"@type\":\"WebPage\",\"@id\":\"https:\/\/xenonkungen.com\/produkt\/ledriving-arbetsljus-vx120s-wd\/\",\"url\":\"https:\/\/xenonkungen.com\/produkt\/ledriving-arbetsljus-vx120s-wd\/\",\"name\":\"LEDriving\u00ae Arbetsljus VX120S-WD - Xenonkungen\",\"isPartOf\":{\"@id\":\"https:\/\/xenonkungen.com\/#website\"},\"primaryImageOfPage\":{\"@id\":\"https:\/\/xenonkungen.com\/produkt\/ledriving-arbetsljus-vx120s-wd\/#primaryimage\"},\"image\":{\"@id\":\"https:\/\/xenonkungen.com\/produkt\/ledriving-arbetsljus-vx120s-wd\/#primaryimage\"},\"thumbnailUrl\":\"https:\/\/xenonkungen.com\/wp-content\/uploads\/2025\/04\/178262373-origpic-d35c8e.jpg\",\"datePublished\":\"2025-04-15T09:56:25+00:00\",\"dateModified\":\"2026-03-04T15:56:16+00:00\",\"breadcrumb\":{\"@id\":\"https:\/\/xenonkungen.com\/produkt\/ledriving-arbetsljus-vx120s-wd\/#breadcrumb\"},\"inLanguage\":\"da-DK\",\"potentialAction\":[{\"@type\":\"ReadAction\",\"target\":[\"https:\/\/xenonkungen.com\/produkt\/ledriving-arbetsljus-vx120s-wd\/\"]}]},{\"@type\":\"ImageObject\",\"inLanguage\":\"da-DK\",\"@id\":\"https:\/\/xenonkungen.com\/produkt\/ledriving-arbetsljus-vx120s-wd\/#primaryimage\",\"url\":\"https:\/\/xenonkungen.com\/wp-content\/uploads\/2025\/04\/178262373-origpic-d35c8e.jpg\",\"contentUrl\":\"https:\/\/xenonkungen.com\/wp-content\/uploads\/2025\/04\/178262373-origpic-d35c8e.jpg\",\"width\":760,\"height\":760},{\"@type\":\"BreadcrumbList\",\"@id\":\"https:\/\/xenonkungen.com\/produkt\/ledriving-arbetsljus-vx120s-wd\/#breadcrumb\",\"itemListElement\":[{\"@type\":\"ListItem\",\"position\":1,\"name\":\"Hem\",\"item\":\"https:\/\/xenonkungen.com\/\"},{\"@type\":\"ListItem\",\"position\":2,\"name\":\"Shop\",\"item\":\"https:\/\/xenonkungen.com\/shop\/\"},{\"@type\":\"ListItem\",\"position\":3,\"name\":\"LEDriving\u00ae Arbetsljus VX120S-WD\"}]},{\"@type\":\"WebSite\",\"@id\":\"https:\/\/xenonkungen.com\/#website\",\"url\":\"https:\/\/xenonkungen.com\/\",\"name\":\"Xenonkungen\",\"description\":\"\",\"potentialAction\":[{\"@type\":\"SearchAction\",\"target\":{\"@type\":\"EntryPoint\",\"urlTemplate\":\"https:\/\/xenonkungen.com\/?s={search_term_string}\"},\"query-input\":{\"@type\":\"PropertyValueSpecification\",\"valueRequired\":true,\"valueName\":\"search_term_string\"}}],\"inLanguage\":\"da-DK\"}]}<\/script>\n<!-- \/ Yoast SEO plugin. -->","yoast_head_json":{"title":"LEDriving\u00ae Arbejdslygte VX120S-WD - Xenonkungen","robots":{"index":"index","follow":"follow","max-snippet":"max-snippet:-1","max-image-preview":"max-image-preview:large","max-video-preview":"max-video-preview:-1"},"canonical":"https:\/\/xenonkungen.com\/dk\/vare\/led-arbejdslygte-vx120s-wd\/","og_locale":"da_DK","og_type":"article","og_title":"LEDriving\u00ae Arbetsljus VX120S-WD - Xenonkungen","og_description":"Prisv\u00e4rt arbetsljus fr\u00e5n OSRAM. Passar perfekt som Backljus eller Arbetsljus.","og_url":"https:\/\/xenonkungen.com\/dk\/vare\/led-arbejdslygte-vx120s-wd\/","og_site_name":"Xenonkungen","article_modified_time":"2026-03-04T15:56:16+00:00","og_image":[{"width":760,"height":760,"url":"https:\/\/xenonkungen.com\/wp-content\/uploads\/2025\/04\/178262373-origpic-d35c8e.jpg","type":"image\/jpeg"}],"twitter_card":"summary_large_image","twitter_misc":{"Estimeret l\u00e6setid":"2 minutter"},"schema":{"@context":"https:\/\/schema.org","@graph":[{"@type":"WebPage","@id":"https:\/\/xenonkungen.com\/produkt\/ledriving-arbetsljus-vx120s-wd\/","url":"https:\/\/xenonkungen.com\/produkt\/ledriving-arbetsljus-vx120s-wd\/","name":"LEDriving\u00ae Arbejdslygte VX120S-WD - Xenonkungen","isPartOf":{"@id":"https:\/\/xenonkungen.com\/#website"},"primaryImageOfPage":{"@id":"https:\/\/xenonkungen.com\/produkt\/ledriving-arbetsljus-vx120s-wd\/#primaryimage"},"image":{"@id":"https:\/\/xenonkungen.com\/produkt\/ledriving-arbetsljus-vx120s-wd\/#primaryimage"},"thumbnailUrl":"https:\/\/xenonkungen.com\/wp-content\/uploads\/2025\/04\/178262373-origpic-d35c8e.jpg","datePublished":"2025-04-15T09:56:25+00:00","dateModified":"2026-03-04T15:56:16+00:00","breadcrumb":{"@id":"https:\/\/xenonkungen.com\/produkt\/ledriving-arbetsljus-vx120s-wd\/#breadcrumb"},"inLanguage":"da-DK","potentialAction":[{"@type":"ReadAction","target":["https:\/\/xenonkungen.com\/produkt\/ledriving-arbetsljus-vx120s-wd\/"]}]},{"@type":"ImageObject","inLanguage":"da-DK","@id":"https:\/\/xenonkungen.com\/produkt\/ledriving-arbetsljus-vx120s-wd\/#primaryimage","url":"https:\/\/xenonkungen.com\/wp-content\/uploads\/2025\/04\/178262373-origpic-d35c8e.jpg","contentUrl":"https:\/\/xenonkungen.com\/wp-content\/uploads\/2025\/04\/178262373-origpic-d35c8e.jpg","width":760,"height":760},{"@type":"BreadcrumbList","@id":"https:\/\/xenonkungen.com\/produkt\/ledriving-arbetsljus-vx120s-wd\/#breadcrumb","itemListElement":[{"@type":"ListItem","position":1,"name":"Hem","item":"https:\/\/xenonkungen.com\/"},{"@type":"ListItem","position":2,"name":"Shop","item":"https:\/\/xenonkungen.com\/shop\/"},{"@type":"ListItem","position":3,"name":"LEDriving\u00ae Arbetsljus VX120S-WD"}]},{"@type":"WebSite","@id":"https:\/\/xenonkungen.com\/#website","url":"https:\/\/xenonkungen.com\/","name":"Xenonkungen","description":"","potentialAction":[{"@type":"SearchAction","target":{"@type":"EntryPoint","urlTemplate":"https:\/\/xenonkungen.com\/?s={search_term_string}"},"query-input":{"@type":"PropertyValueSpecification","valueRequired":true,"valueName":"search_term_string"}}],"inLanguage":"da-DK"}]}},"taxonomy_info":{"product_brand":[{"value":108,"label":"OSRAM"}],"product_cat":[{"value":2639,"label":"OSRAM Ledriving"},{"value":2642,"label":"OSRAM Ledriving"},{"value":508,"label":"Arbetsbelysning"}],"pa_faktisk-effekts-forbrukning":[{"value":537,"label":"15"}],"pa_fargtemperatur":[{"value":1428,"label":"6000"}],"pa_fuktskydd-varde-ipxx":[{"value":155,"label":"IP69K"}],"pa_godkannande":[{"value":1946,"label":"EP , ECE R10 , R23"}],"pa_lampsockel-kontakt":[{"value":329,"label":"DT"}],"pa_storlek-mm":[{"value":1945,"label":"56x127x113"}],"pa_volt-v":[{"value":348,"label":"12, 24"}]},"featured_image_src_large":["https:\/\/xenonkungen.com\/wp-content\/uploads\/2025\/04\/178262373-origpic-d35c8e.jpg",760,760,false],"author_info":[],"comment_info":1,"_links":{"self":[{"href":"https:\/\/xenonkungen.com\/dk\/wp-json\/wp\/v2\/product\/7520","targetHints":{"allow":["GET"]}}],"collection":[{"href":"https:\/\/xenonkungen.com\/dk\/wp-json\/wp\/v2\/product"}],"about":[{"href":"https:\/\/xenonkungen.com\/dk\/wp-json\/wp\/v2\/types\/product"}],"replies":[{"embeddable":true,"href":"https:\/\/xenonkungen.com\/dk\/wp-json\/wp\/v2\/comments?post=7520"}],"wp:featuredmedia":[{"embeddable":true,"href":"https:\/\/xenonkungen.com\/dk\/wp-json\/wp\/v2\/media\/7521"}],"wp:attachment":[{"href":"https:\/\/xenonkungen.com\/dk\/wp-json\/wp\/v2\/media?parent=7520"}],"wp:term":[{"taxonomy":"anvandningsomrade","embeddable":true,"href":"https:\/\/xenonkungen.com\/dk\/wp-json\/wp\/v2\/anvandningsomrade?post=7520"},{"taxonomy":"bilmarken","embeddable":true,"href":"https:\/\/xenonkungen.com\/dk\/wp-json\/wp\/v2\/bilmarken?post=7520"},{"taxonomy":"product_brand","embeddable":true,"href":"https:\/\/xenonkungen.com\/dk\/wp-json\/wp\/v2\/product_brand?post=7520"},{"taxonomy":"product_cat","embeddable":true,"href":"https:\/\/xenonkungen.com\/dk\/wp-json\/wp\/v2\/product_cat?post=7520"},{"taxonomy":"product_tag","embeddable":true,"href":"https:\/\/xenonkungen.com\/dk\/wp-json\/wp\/v2\/product_tag?post=7520"}],"curies":[{"name":"wp","href":"https:\/\/api.w.org\/{rel}","templated":true}]}}