{"id":7541,"date":"2025-04-15T09:56:39","date_gmt":"2025-04-15T09:56:39","guid":{"rendered":"https:\/\/xenonkungen.com\/product\/ledriving-round-mx260-cb\/"},"modified":"2026-04-24T17:41:05","modified_gmt":"2026-04-24T16:41:05","slug":"ledende-rund-mx260-cb","status":"publish","type":"product","link":"https:\/\/xenonkungen.com\/dk\/vare\/ledende-rund-mx260-cb\/","title":{"rendered":"LEDriving\u00ae ROUND MX260-CB"},"content":{"rendered":"<h2>Lys op i dit liv med OSRAM LEDriving Extra Light!<\/h2>\n<p>OSRAM LEDriving Round MX260-CB oplyser m\u00f8rke landeveje og skovstier. Med 16 kraftfulde, h\u00f8jtydende LED&#039;er med lang levetid har OSRAM LEDriving Round MX260-CB en r\u00e6kkevidde p\u00e5 op til 350 meter og giver f\u00f8reren masser af advarsel b\u00e5de p\u00e5 vejen og i terr\u00e6net. Selv under d\u00e5rlige lysforhold giver OSRAM LEDriving Round MX260-CB et dagslyslignende milj\u00f8 takket v\u00e6re en farvetemperatur p\u00e5 op til 6.000 Kelvin. Den intense lysstyrke p\u00e5 op til 3.500 lumen kombineres med meget h\u00f8j optisk effektivitet og ensartet lysfordeling. Det betyder, at du kan se bedre, og at dit k\u00f8ret\u00f8j lettere opfattes af andre trafikanter, hvilket bidrager til st\u00f8rre trafiksikkerhed b\u00e5de p\u00e5 vejen og i terr\u00e6net.<\/p>\n<p>OSRAM LEDriving Round MX260-CB imponerer med sin kraftfulde ydeevne og lange levetid p\u00e5 op til 5.000 timer. Den alsidige lampe modst\u00e5r barske milj\u00f8forhold takket v\u00e6re materialer af h\u00f8j kvalitet, s\u00e5som et aluminiumshus og en robust polycarbonatlinse, og er b\u00e5de let og holdbar. OSRAM LEDriving Round MX260-CB er blevet testet i vores DIN-certificerede milj\u00f8simuleringslaboratorium mod ekstreme eksterne forhold s\u00e5som vand, st\u00f8v, st\u00f8d, h\u00f8je og lave temperaturer og permanente vibrationer og er blevet valideret med IP-beskyttelsesklasse IP69K. En integreret driver og termisk styringssystem regulerer temperaturen p\u00e5 LED-hj\u00e6lpelyset og forhindrer skader for\u00e5rsaget af overophedning. Polaritetsbeskyttelsen forhindrer forkert polaritet i str\u00f8mforsyningen og forhindrer potentielle skader ved automatisk at slukke LED-lamperne. <\/p>\n<p>P\u00e5 vejen eller i terr\u00e6net? <br \/>OSRAM LEDriving Round MX260-CB er en effektiv opgradering til dit k\u00f8ret\u00f8j. De ECE-certificerede LED-ekstralygter kr\u00e6ver ikke omregistrering og ingen tilf\u00f8jelser til k\u00f8ret\u00f8jets papirer.<br \/>ECE-referencenummer: 50<\/p>\n<p>OSRAM LEDriving Round MX260-CB kan monteres p\u00e5 biler, lastbiler, landbrugsmaskiner, erhvervsk\u00f8ret\u00f8jer, entrepren\u00f8rk\u00f8ret\u00f8jer, skovbrugsmaskiner, campingvogne, terr\u00e6ng\u00e5ende k\u00f8ret\u00f8jer og ATV&#039;er.<br \/>OSRAM LEDriving Round MX260-CB er alsidig og fleksibel.<\/p>\n<p>OSRAM LEDriving-hj\u00e6lpelygter er ECE-godkendte og m\u00e5 derfor installeres og anvendes p\u00e5 offentlige veje. BEM\u00c6RK: Der g\u00e6lder s\u00e6rlige installationsforskrifter. Ud over ECE-godkendelsen skal individuelle s\u00e6rlige krav og lovgivning i de enkelte lande overholdes.<\/p>","protected":false},"excerpt":{"rendered":"<p>Stor, kraftfuld, rund hj\u00e6lpelampe fra Osram!<\/p>","protected":false},"featured_media":7542,"comment_status":"closed","ping_status":"open","template":"","meta":{"_acf_changed":false,"_smort_price_nok":"4710","_smort_price_dkk":"2992","_smort_price_eur":"400.89","_smort_sale_price_nok":"","_smort_sale_price_dkk":"","_smort_sale_price_eur":"","smort_restorder":"","shipmondo_restorder":"","_kad_blocks_custom_css":"","_kad_blocks_head_custom_js":"","_kad_blocks_body_custom_js":"","_kad_blocks_footer_custom_js":"","smort_custom_pricelist_1":"2822.4","smort_custom_pricelist_2":"2822.4","smort_custom_pricelist_3":"2681.28","smort_custom_pricelist_4":"3528","smort_custom_pricelist_5":"2822.4"},"anvandningsomrade":[],"bilmarken":[],"product_brand":[108],"product_cat":[142],"product_tag":[],"class_list":{"0":"post-7541","1":"product","2":"type-product","3":"status-publish","4":"has-post-thumbnail","6":"product_brand-osram","7":"product_cat-extraljus","8":"pa_faktisk-effekts-forbrukning-401","9":"pa_fargtemperatur-1428","10":"pa_fuktskydd-varde-ipxx-ip69k","11":"pa_godkannande-e4-ece-r10-r112-r7","12":"pa_lampsockel-kontakt-open-wire","13":"pa_storlek-mm-261x150x229","14":"pa_volt-v-12-24","16":"first","17":"instock","18":"taxable","19":"shipping-taxable","20":"purchasable","21":"product-type-simple"},"bundled_by":[],"bundle_stock_status":"instock","bundle_stock_quantity":6,"bundle_virtual":false,"bundle_layout":"","bundle_add_to_cart_form_location":"","bundle_editable_in_cart":false,"bundle_sold_individually_context":"","bundle_item_grouping":"","bundle_min_size":"","bundle_max_size":"","bundle_price":[],"bundled_items":[],"bundle_sell_ids":[],"acf":[],"yoast_head":"<!-- This site is optimized with the Yoast SEO plugin v27.0 - https:\/\/yoast.com\/product\/yoast-seo-wordpress\/ -->\n<title>LEDriving\u00ae ROUND MX260-CB - Xenonkungen<\/title>\n<meta name=\"robots\" content=\"index, follow, max-snippet:-1, max-image-preview:large, max-video-preview:-1\" \/>\n<link rel=\"canonical\" href=\"https:\/\/xenonkungen.com\/dk\/vare\/ledende-rund-mx260-cb\/\" \/>\n<meta property=\"og:locale\" content=\"da_DK\" \/>\n<meta property=\"og:type\" content=\"article\" \/>\n<meta property=\"og:title\" content=\"LEDriving\u00ae ROUND MX260-CB - Xenonkungen\" \/>\n<meta property=\"og:description\" content=\"Stort, Kraftigt, Runt Extraljus fr\u00e5n Osram!\" \/>\n<meta property=\"og:url\" content=\"https:\/\/xenonkungen.com\/dk\/vare\/ledende-rund-mx260-cb\/\" \/>\n<meta property=\"og:site_name\" content=\"Xenonkungen\" \/>\n<meta property=\"article:modified_time\" content=\"2026-04-24T16:41:05+00:00\" \/>\n<meta property=\"og:image\" content=\"https:\/\/xenonkungen.com\/wp-content\/uploads\/2025\/04\/178264095-origpic-7f19c8.jpg\" \/>\n\t<meta property=\"og:image:width\" content=\"900\" \/>\n\t<meta property=\"og:image:height\" content=\"900\" \/>\n\t<meta property=\"og:image:type\" content=\"image\/jpeg\" \/>\n<meta name=\"twitter:card\" content=\"summary_large_image\" \/>\n<meta name=\"twitter:label1\" content=\"Estimeret l\u00e6setid\" \/>\n\t<meta name=\"twitter:data1\" content=\"2 minutter\" \/>\n<script type=\"application\/ld+json\" class=\"yoast-schema-graph\">{\"@context\":\"https:\/\/schema.org\",\"@graph\":[{\"@type\":\"WebPage\",\"@id\":\"https:\/\/xenonkungen.com\/produkt\/ledriving-round-mx260-cb\/\",\"url\":\"https:\/\/xenonkungen.com\/produkt\/ledriving-round-mx260-cb\/\",\"name\":\"LEDriving\u00ae ROUND MX260-CB - Xenonkungen\",\"isPartOf\":{\"@id\":\"https:\/\/xenonkungen.com\/#website\"},\"primaryImageOfPage\":{\"@id\":\"https:\/\/xenonkungen.com\/produkt\/ledriving-round-mx260-cb\/#primaryimage\"},\"image\":{\"@id\":\"https:\/\/xenonkungen.com\/produkt\/ledriving-round-mx260-cb\/#primaryimage\"},\"thumbnailUrl\":\"https:\/\/xenonkungen.com\/wp-content\/uploads\/2025\/04\/178264095-origpic-7f19c8.jpg\",\"datePublished\":\"2025-04-15T09:56:39+00:00\",\"dateModified\":\"2026-04-24T16:41:05+00:00\",\"breadcrumb\":{\"@id\":\"https:\/\/xenonkungen.com\/produkt\/ledriving-round-mx260-cb\/#breadcrumb\"},\"inLanguage\":\"da-DK\",\"potentialAction\":[{\"@type\":\"ReadAction\",\"target\":[\"https:\/\/xenonkungen.com\/produkt\/ledriving-round-mx260-cb\/\"]}]},{\"@type\":\"ImageObject\",\"inLanguage\":\"da-DK\",\"@id\":\"https:\/\/xenonkungen.com\/produkt\/ledriving-round-mx260-cb\/#primaryimage\",\"url\":\"https:\/\/xenonkungen.com\/wp-content\/uploads\/2025\/04\/178264095-origpic-7f19c8.jpg\",\"contentUrl\":\"https:\/\/xenonkungen.com\/wp-content\/uploads\/2025\/04\/178264095-origpic-7f19c8.jpg\",\"width\":900,\"height\":900},{\"@type\":\"BreadcrumbList\",\"@id\":\"https:\/\/xenonkungen.com\/produkt\/ledriving-round-mx260-cb\/#breadcrumb\",\"itemListElement\":[{\"@type\":\"ListItem\",\"position\":1,\"name\":\"Hem\",\"item\":\"https:\/\/xenonkungen.com\/\"},{\"@type\":\"ListItem\",\"position\":2,\"name\":\"Shop\",\"item\":\"https:\/\/xenonkungen.com\/shop\/\"},{\"@type\":\"ListItem\",\"position\":3,\"name\":\"LEDriving\u00ae ROUND MX260-CB\"}]},{\"@type\":\"WebSite\",\"@id\":\"https:\/\/xenonkungen.com\/#website\",\"url\":\"https:\/\/xenonkungen.com\/\",\"name\":\"Xenonkungen\",\"description\":\"\",\"potentialAction\":[{\"@type\":\"SearchAction\",\"target\":{\"@type\":\"EntryPoint\",\"urlTemplate\":\"https:\/\/xenonkungen.com\/?s={search_term_string}\"},\"query-input\":{\"@type\":\"PropertyValueSpecification\",\"valueRequired\":true,\"valueName\":\"search_term_string\"}}],\"inLanguage\":\"da-DK\"}]}<\/script>\n<!-- \/ Yoast SEO plugin. -->","yoast_head_json":{"title":"LEDriving\u00ae ROUND MX260-CB - Xenon-kongen","robots":{"index":"index","follow":"follow","max-snippet":"max-snippet:-1","max-image-preview":"max-image-preview:large","max-video-preview":"max-video-preview:-1"},"canonical":"https:\/\/xenonkungen.com\/dk\/vare\/ledende-rund-mx260-cb\/","og_locale":"da_DK","og_type":"article","og_title":"LEDriving\u00ae ROUND MX260-CB - Xenonkungen","og_description":"Stort, Kraftigt, Runt Extraljus fr\u00e5n Osram!","og_url":"https:\/\/xenonkungen.com\/dk\/vare\/ledende-rund-mx260-cb\/","og_site_name":"Xenonkungen","article_modified_time":"2026-04-24T16:41:05+00:00","og_image":[{"width":900,"height":900,"url":"https:\/\/xenonkungen.com\/wp-content\/uploads\/2025\/04\/178264095-origpic-7f19c8.jpg","type":"image\/jpeg"}],"twitter_card":"summary_large_image","twitter_misc":{"Estimeret l\u00e6setid":"2 minutter"},"schema":{"@context":"https:\/\/schema.org","@graph":[{"@type":"WebPage","@id":"https:\/\/xenonkungen.com\/produkt\/ledriving-round-mx260-cb\/","url":"https:\/\/xenonkungen.com\/produkt\/ledriving-round-mx260-cb\/","name":"LEDriving\u00ae ROUND MX260-CB - Xenon-kongen","isPartOf":{"@id":"https:\/\/xenonkungen.com\/#website"},"primaryImageOfPage":{"@id":"https:\/\/xenonkungen.com\/produkt\/ledriving-round-mx260-cb\/#primaryimage"},"image":{"@id":"https:\/\/xenonkungen.com\/produkt\/ledriving-round-mx260-cb\/#primaryimage"},"thumbnailUrl":"https:\/\/xenonkungen.com\/wp-content\/uploads\/2025\/04\/178264095-origpic-7f19c8.jpg","datePublished":"2025-04-15T09:56:39+00:00","dateModified":"2026-04-24T16:41:05+00:00","breadcrumb":{"@id":"https:\/\/xenonkungen.com\/produkt\/ledriving-round-mx260-cb\/#breadcrumb"},"inLanguage":"da-DK","potentialAction":[{"@type":"ReadAction","target":["https:\/\/xenonkungen.com\/produkt\/ledriving-round-mx260-cb\/"]}]},{"@type":"ImageObject","inLanguage":"da-DK","@id":"https:\/\/xenonkungen.com\/produkt\/ledriving-round-mx260-cb\/#primaryimage","url":"https:\/\/xenonkungen.com\/wp-content\/uploads\/2025\/04\/178264095-origpic-7f19c8.jpg","contentUrl":"https:\/\/xenonkungen.com\/wp-content\/uploads\/2025\/04\/178264095-origpic-7f19c8.jpg","width":900,"height":900},{"@type":"BreadcrumbList","@id":"https:\/\/xenonkungen.com\/produkt\/ledriving-round-mx260-cb\/#breadcrumb","itemListElement":[{"@type":"ListItem","position":1,"name":"Hem","item":"https:\/\/xenonkungen.com\/"},{"@type":"ListItem","position":2,"name":"Shop","item":"https:\/\/xenonkungen.com\/shop\/"},{"@type":"ListItem","position":3,"name":"LEDriving\u00ae ROUND MX260-CB"}]},{"@type":"WebSite","@id":"https:\/\/xenonkungen.com\/#website","url":"https:\/\/xenonkungen.com\/","name":"Xenonkungen","description":"","potentialAction":[{"@type":"SearchAction","target":{"@type":"EntryPoint","urlTemplate":"https:\/\/xenonkungen.com\/?s={search_term_string}"},"query-input":{"@type":"PropertyValueSpecification","valueRequired":true,"valueName":"search_term_string"}}],"inLanguage":"da-DK"}]}},"taxonomy_info":{"product_brand":[{"value":108,"label":"OSRAM"}],"product_cat":[{"value":142,"label":"Extraljus"}],"pa_faktisk-effekts-forbrukning":[{"value":401,"label":"60"}],"pa_fargtemperatur":[{"value":1428,"label":"6000"}],"pa_fuktskydd-varde-ipxx":[{"value":155,"label":"IP69K"}],"pa_godkannande":[{"value":1948,"label":"E4 , ECE R10 , R112 , R7"}],"pa_lampsockel-kontakt":[{"value":324,"label":"Open Wire"}],"pa_storlek-mm":[{"value":1950,"label":"261x150x229"}],"pa_volt-v":[{"value":348,"label":"12, 24"}]},"featured_image_src_large":["https:\/\/xenonkungen.com\/wp-content\/uploads\/2025\/04\/178264095-origpic-7f19c8.jpg",900,900,false],"author_info":[],"comment_info":0,"_links":{"self":[{"href":"https:\/\/xenonkungen.com\/dk\/wp-json\/wp\/v2\/product\/7541","targetHints":{"allow":["GET"]}}],"collection":[{"href":"https:\/\/xenonkungen.com\/dk\/wp-json\/wp\/v2\/product"}],"about":[{"href":"https:\/\/xenonkungen.com\/dk\/wp-json\/wp\/v2\/types\/product"}],"replies":[{"embeddable":true,"href":"https:\/\/xenonkungen.com\/dk\/wp-json\/wp\/v2\/comments?post=7541"}],"wp:featuredmedia":[{"embeddable":true,"href":"https:\/\/xenonkungen.com\/dk\/wp-json\/wp\/v2\/media\/7542"}],"wp:attachment":[{"href":"https:\/\/xenonkungen.com\/dk\/wp-json\/wp\/v2\/media?parent=7541"}],"wp:term":[{"taxonomy":"anvandningsomrade","embeddable":true,"href":"https:\/\/xenonkungen.com\/dk\/wp-json\/wp\/v2\/anvandningsomrade?post=7541"},{"taxonomy":"bilmarken","embeddable":true,"href":"https:\/\/xenonkungen.com\/dk\/wp-json\/wp\/v2\/bilmarken?post=7541"},{"taxonomy":"product_brand","embeddable":true,"href":"https:\/\/xenonkungen.com\/dk\/wp-json\/wp\/v2\/product_brand?post=7541"},{"taxonomy":"product_cat","embeddable":true,"href":"https:\/\/xenonkungen.com\/dk\/wp-json\/wp\/v2\/product_cat?post=7541"},{"taxonomy":"product_tag","embeddable":true,"href":"https:\/\/xenonkungen.com\/dk\/wp-json\/wp\/v2\/product_tag?post=7541"}],"curies":[{"name":"wp","href":"https:\/\/api.w.org\/{rel}","templated":true}]}}