{"id":7584,"date":"2025-04-15T09:57:00","date_gmt":"2025-04-15T09:57:00","guid":{"rendered":"https:\/\/xenonkungen.com\/product\/tyreinflate-cykelpump-2000-fs1\/"},"modified":"2026-04-11T01:36:32","modified_gmt":"2026-04-11T00:36:32","slug":"cykelpumpe-til-daekoppustning-2000-fs1","status":"publish","type":"product","link":"https:\/\/xenonkungen.com\/dk\/vare\/cykelpumpe-til-daekoppustning-2000-fs1\/","title":{"rendered":"TYREINFLATE cykelpumpe 2000 FS1"},"content":{"rendered":"<h2>OSRAM TYREinflate 2000 \u2013 Din kompakte og genopladelige d\u00e6kpumpe til alle lejligheder<\/h2>\n<p>Oplev bekvemmeligheden ved <strong>OSRAM D\u00c6KOPUMPUS 2000<\/strong>, en smart og genopladelig d\u00e6kpumpe, der g\u00f8r d\u00e6koppumpning nemt og pr\u00e6cist. Med dens digitale, baggrundsbelyste display f\u00e5r du pr\u00e6cise trykm\u00e5linger i BAR, kPA og PSI, og med den smarte hukommelsesfunktion kan du gemme op til fire forskellige d\u00e6ktrykv\u00e6rdier. Perfekt til b\u00e5de bil-, cykel-, scooter- og motorcykeld\u00e6k!<\/p>\n<p><strong>Automatisk stopfunktion<\/strong> sikrer, at pumpen automatisk stopper, n\u00e5r det korrekte tryk er n\u00e5et, hvilket giver dig ro i sindet og bekvemmelighed hver gang. Med <strong>USB-opladning<\/strong> Der kr\u00e6ves ingen 12V-stikkontakt, hvilket g\u00f8r den perfekt til brug p\u00e5 farten \u2013 ingen flere bekymringer om d\u00e6ktryk, uanset hvor du er!<\/p>\n<p>Takket v\u00e6re det kompakte og lette design kan du nemt opbevare <strong>OSRAM D\u00c6KOPUMPUS 2000<\/strong> i bilens handskerum, en rygs\u00e6k eller med den medf\u00f8lgende cykelholder. Den fungerer ogs\u00e5 som en <strong>powerbank<\/strong> til dine elektroniske enheder, s\u00e5 du kan oplade din telefon, uanset hvor du er. Og med den indbyggede lommelygte f\u00e5r du lys selv i m\u00f8rke situationer.<\/p>\n<p>Perfekt til d\u00e6k, bolde og andre oppustelige produkter med Presta-ventiler, og et 2-delt adapters\u00e6t medf\u00f8lger for maksimal udnyttelse.<\/p>\n<h3>Hvorfor v\u00e6lge OSRAM TYREinflate 2000?<\/h3>\n<ul>\n<li><strong>Digital pr\u00e6cision<\/strong> \u2013 F\u00e5 n\u00f8jagtige trykm\u00e5linger og gem dine indstillinger<\/li>\n<li><strong>Automatisk stop<\/strong> \u2013 Pumpen stopper automatisk ved det korrekte tryk<\/li>\n<li><strong>USB-genopladelig<\/strong> \u2013 Intet behov for en 12V-udgang<\/li>\n<li><strong>Powerbank-funktion<\/strong> \u2013 Oplad dine enheder, uanset hvor du er<\/li>\n<li><strong>Kompakt design<\/strong> \u2013 Nem at tage med p\u00e5 farten<\/li>\n<li><strong>Indbygget lommelygte<\/strong> \u2013 Til belysning i m\u00f8rke<\/li>\n<\/ul>\n<p>Med <strong>OSRAM D\u00c6KOPUMPUS 2000<\/strong> du har altid en p\u00e5lidelig og alsidig d\u00e6kpumpe ved h\u00e5nden. OSRAM tilbyder ogs\u00e5 <strong>2 \u00e5rs garanti<\/strong>, s\u00e5 du kan f\u00f8le dig tryg ved dit k\u00f8b!<\/p>","protected":false},"excerpt":{"rendered":"<p>Oplev OSRAM TYREinflate 2000, en kompakt og genopladelig d\u00e6kpumpe, der er perfekt til cykler, motorcykler og biler. Med digital pr\u00e6cision, autostopfunktion og USB-opladning er d\u00e6koppumpning hurtig, nem og altid tilg\u00e6ngelig, n\u00e5r du har brug for det.<\/p>","protected":false},"featured_media":7585,"comment_status":"closed","ping_status":"closed","template":"","meta":{"_acf_changed":false,"_smort_price_nok":"641","_smort_price_dkk":"577","_smort_price_eur":"77.27","_smort_sale_price_nok":"641","_smort_sale_price_dkk":"","_smort_sale_price_eur":"","smort_restorder":"","shipmondo_restorder":"","_kad_blocks_custom_css":"","_kad_blocks_head_custom_js":"","_kad_blocks_body_custom_js":"","_kad_blocks_footer_custom_js":"","smort_custom_pricelist_1":"544","smort_custom_pricelist_2":"476","smort_custom_pricelist_3":"442","smort_custom_pricelist_4":"680","smort_custom_pricelist_5":"476"},"anvandningsomrade":[],"bilmarken":[],"product_brand":[108],"product_cat":[377,1962,1402],"product_tag":[],"class_list":{"0":"post-7584","1":"product","2":"type-product","3":"status-publish","4":"has-post-thumbnail","6":"product_brand-osram","7":"product_cat-biltillbehor","8":"product_cat-cykel","9":"product_cat-outlet","10":"pa_storlek-mm-170x70x70","12":"first","13":"instock","14":"sale","15":"taxable","16":"shipping-taxable","17":"purchasable","18":"product-type-simple"},"bundled_by":[],"bundle_stock_status":"instock","bundle_stock_quantity":7,"bundle_virtual":false,"bundle_layout":"","bundle_add_to_cart_form_location":"","bundle_editable_in_cart":false,"bundle_sold_individually_context":"","bundle_item_grouping":"","bundle_min_size":"","bundle_max_size":"","bundle_price":[],"bundled_items":[],"bundle_sell_ids":[],"acf":[],"yoast_head":"<!-- This site is optimized with the Yoast SEO plugin v27.0 - https:\/\/yoast.com\/product\/yoast-seo-wordpress\/ -->\n<title>TYREINFLATE Cykelpump 2000 FS1 - Xenonkungen<\/title>\n<meta name=\"robots\" content=\"index, follow, max-snippet:-1, max-image-preview:large, max-video-preview:-1\" \/>\n<link rel=\"canonical\" href=\"https:\/\/xenonkungen.com\/dk\/vare\/cykelpumpe-til-daekoppustning-2000-fs1\/\" \/>\n<meta property=\"og:locale\" content=\"da_DK\" \/>\n<meta property=\"og:type\" content=\"article\" \/>\n<meta property=\"og:title\" content=\"TYREINFLATE Cykelpump 2000 FS1 - Xenonkungen\" \/>\n<meta property=\"og:description\" content=\"Uppt\u00e4ck OSRAM TYREinflate 2000, en kompakt och laddningsbar d\u00e4ckpump som \u00e4r perfekt f\u00f6r cyklar, motorcyklar och bilar. Med digital precision, auto-stop-funktion och USB-laddning blir d\u00e4ckpumpningen snabb, enkel och alltid tillg\u00e4nglig n\u00e4r du beh\u00f6ver det.\" \/>\n<meta property=\"og:url\" content=\"https:\/\/xenonkungen.com\/dk\/vare\/cykelpumpe-til-daekoppustning-2000-fs1\/\" \/>\n<meta property=\"og:site_name\" content=\"Xenonkungen\" \/>\n<meta property=\"article:modified_time\" content=\"2026-04-11T00:36:32+00:00\" \/>\n<meta property=\"og:image\" content=\"https:\/\/xenonkungen.com\/wp-content\/uploads\/2025\/04\/215792521-origpic-249647.jpg\" \/>\n\t<meta property=\"og:image:width\" content=\"912\" \/>\n\t<meta property=\"og:image:height\" content=\"914\" \/>\n\t<meta property=\"og:image:type\" content=\"image\/jpeg\" \/>\n<meta name=\"twitter:card\" content=\"summary_large_image\" \/>\n<meta name=\"twitter:label1\" content=\"Estimeret l\u00e6setid\" \/>\n\t<meta name=\"twitter:data1\" content=\"2 minutter\" \/>\n<script type=\"application\/ld+json\" class=\"yoast-schema-graph\">{\"@context\":\"https:\/\/schema.org\",\"@graph\":[{\"@type\":\"WebPage\",\"@id\":\"https:\/\/xenonkungen.com\/produkt\/tyreinflate-cykelpump-2000-fs1\/\",\"url\":\"https:\/\/xenonkungen.com\/produkt\/tyreinflate-cykelpump-2000-fs1\/\",\"name\":\"TYREINFLATE Cykelpump 2000 FS1 - Xenonkungen\",\"isPartOf\":{\"@id\":\"https:\/\/xenonkungen.com\/#website\"},\"primaryImageOfPage\":{\"@id\":\"https:\/\/xenonkungen.com\/produkt\/tyreinflate-cykelpump-2000-fs1\/#primaryimage\"},\"image\":{\"@id\":\"https:\/\/xenonkungen.com\/produkt\/tyreinflate-cykelpump-2000-fs1\/#primaryimage\"},\"thumbnailUrl\":\"https:\/\/xenonkungen.com\/wp-content\/uploads\/2025\/04\/215792521-origpic-249647.jpg\",\"datePublished\":\"2025-04-15T09:57:00+00:00\",\"dateModified\":\"2026-04-11T00:36:32+00:00\",\"breadcrumb\":{\"@id\":\"https:\/\/xenonkungen.com\/produkt\/tyreinflate-cykelpump-2000-fs1\/#breadcrumb\"},\"inLanguage\":\"da-DK\",\"potentialAction\":[{\"@type\":\"ReadAction\",\"target\":[\"https:\/\/xenonkungen.com\/produkt\/tyreinflate-cykelpump-2000-fs1\/\"]}]},{\"@type\":\"ImageObject\",\"inLanguage\":\"da-DK\",\"@id\":\"https:\/\/xenonkungen.com\/produkt\/tyreinflate-cykelpump-2000-fs1\/#primaryimage\",\"url\":\"https:\/\/xenonkungen.com\/wp-content\/uploads\/2025\/04\/215792521-origpic-249647.jpg\",\"contentUrl\":\"https:\/\/xenonkungen.com\/wp-content\/uploads\/2025\/04\/215792521-origpic-249647.jpg\",\"width\":912,\"height\":914},{\"@type\":\"BreadcrumbList\",\"@id\":\"https:\/\/xenonkungen.com\/produkt\/tyreinflate-cykelpump-2000-fs1\/#breadcrumb\",\"itemListElement\":[{\"@type\":\"ListItem\",\"position\":1,\"name\":\"Hem\",\"item\":\"https:\/\/xenonkungen.com\/\"},{\"@type\":\"ListItem\",\"position\":2,\"name\":\"Shop\",\"item\":\"https:\/\/xenonkungen.com\/shop\/\"},{\"@type\":\"ListItem\",\"position\":3,\"name\":\"TYREINFLATE Cykelpump 2000 FS1\"}]},{\"@type\":\"WebSite\",\"@id\":\"https:\/\/xenonkungen.com\/#website\",\"url\":\"https:\/\/xenonkungen.com\/\",\"name\":\"Xenonkungen\",\"description\":\"\",\"potentialAction\":[{\"@type\":\"SearchAction\",\"target\":{\"@type\":\"EntryPoint\",\"urlTemplate\":\"https:\/\/xenonkungen.com\/?s={search_term_string}\"},\"query-input\":{\"@type\":\"PropertyValueSpecification\",\"valueRequired\":true,\"valueName\":\"search_term_string\"}}],\"inLanguage\":\"da-DK\"}]}<\/script>\n<!-- \/ Yoast SEO plugin. -->","yoast_head_json":{"title":"TYREINFLATE Cykelpumpe 2000 FS1 - Xenon Kongen","robots":{"index":"index","follow":"follow","max-snippet":"max-snippet:-1","max-image-preview":"max-image-preview:large","max-video-preview":"max-video-preview:-1"},"canonical":"https:\/\/xenonkungen.com\/dk\/vare\/cykelpumpe-til-daekoppustning-2000-fs1\/","og_locale":"da_DK","og_type":"article","og_title":"TYREINFLATE Cykelpump 2000 FS1 - Xenonkungen","og_description":"Uppt\u00e4ck OSRAM TYREinflate 2000, en kompakt och laddningsbar d\u00e4ckpump som \u00e4r perfekt f\u00f6r cyklar, motorcyklar och bilar. Med digital precision, auto-stop-funktion och USB-laddning blir d\u00e4ckpumpningen snabb, enkel och alltid tillg\u00e4nglig n\u00e4r du beh\u00f6ver det.","og_url":"https:\/\/xenonkungen.com\/dk\/vare\/cykelpumpe-til-daekoppustning-2000-fs1\/","og_site_name":"Xenonkungen","article_modified_time":"2026-04-11T00:36:32+00:00","og_image":[{"width":912,"height":914,"url":"https:\/\/xenonkungen.com\/wp-content\/uploads\/2025\/04\/215792521-origpic-249647.jpg","type":"image\/jpeg"}],"twitter_card":"summary_large_image","twitter_misc":{"Estimeret l\u00e6setid":"2 minutter"},"schema":{"@context":"https:\/\/schema.org","@graph":[{"@type":"WebPage","@id":"https:\/\/xenonkungen.com\/produkt\/tyreinflate-cykelpump-2000-fs1\/","url":"https:\/\/xenonkungen.com\/produkt\/tyreinflate-cykelpump-2000-fs1\/","name":"TYREINFLATE Cykelpumpe 2000 FS1 - Xenon Kongen","isPartOf":{"@id":"https:\/\/xenonkungen.com\/#website"},"primaryImageOfPage":{"@id":"https:\/\/xenonkungen.com\/produkt\/tyreinflate-cykelpump-2000-fs1\/#primaryimage"},"image":{"@id":"https:\/\/xenonkungen.com\/produkt\/tyreinflate-cykelpump-2000-fs1\/#primaryimage"},"thumbnailUrl":"https:\/\/xenonkungen.com\/wp-content\/uploads\/2025\/04\/215792521-origpic-249647.jpg","datePublished":"2025-04-15T09:57:00+00:00","dateModified":"2026-04-11T00:36:32+00:00","breadcrumb":{"@id":"https:\/\/xenonkungen.com\/produkt\/tyreinflate-cykelpump-2000-fs1\/#breadcrumb"},"inLanguage":"da-DK","potentialAction":[{"@type":"ReadAction","target":["https:\/\/xenonkungen.com\/produkt\/tyreinflate-cykelpump-2000-fs1\/"]}]},{"@type":"ImageObject","inLanguage":"da-DK","@id":"https:\/\/xenonkungen.com\/produkt\/tyreinflate-cykelpump-2000-fs1\/#primaryimage","url":"https:\/\/xenonkungen.com\/wp-content\/uploads\/2025\/04\/215792521-origpic-249647.jpg","contentUrl":"https:\/\/xenonkungen.com\/wp-content\/uploads\/2025\/04\/215792521-origpic-249647.jpg","width":912,"height":914},{"@type":"BreadcrumbList","@id":"https:\/\/xenonkungen.com\/produkt\/tyreinflate-cykelpump-2000-fs1\/#breadcrumb","itemListElement":[{"@type":"ListItem","position":1,"name":"Hem","item":"https:\/\/xenonkungen.com\/"},{"@type":"ListItem","position":2,"name":"Shop","item":"https:\/\/xenonkungen.com\/shop\/"},{"@type":"ListItem","position":3,"name":"TYREINFLATE Cykelpump 2000 FS1"}]},{"@type":"WebSite","@id":"https:\/\/xenonkungen.com\/#website","url":"https:\/\/xenonkungen.com\/","name":"Xenonkungen","description":"","potentialAction":[{"@type":"SearchAction","target":{"@type":"EntryPoint","urlTemplate":"https:\/\/xenonkungen.com\/?s={search_term_string}"},"query-input":{"@type":"PropertyValueSpecification","valueRequired":true,"valueName":"search_term_string"}}],"inLanguage":"da-DK"}]}},"taxonomy_info":{"product_brand":[{"value":108,"label":"OSRAM"}],"product_cat":[{"value":377,"label":"Biltillbeh\u00f6r"},{"value":1962,"label":"Cykel"},{"value":1402,"label":"Outlet"}],"pa_storlek-mm":[{"value":1960,"label":"170x70x70"}]},"featured_image_src_large":["https:\/\/xenonkungen.com\/wp-content\/uploads\/2025\/04\/215792521-origpic-249647.jpg",912,914,false],"author_info":[],"comment_info":1,"_links":{"self":[{"href":"https:\/\/xenonkungen.com\/dk\/wp-json\/wp\/v2\/product\/7584","targetHints":{"allow":["GET"]}}],"collection":[{"href":"https:\/\/xenonkungen.com\/dk\/wp-json\/wp\/v2\/product"}],"about":[{"href":"https:\/\/xenonkungen.com\/dk\/wp-json\/wp\/v2\/types\/product"}],"replies":[{"embeddable":true,"href":"https:\/\/xenonkungen.com\/dk\/wp-json\/wp\/v2\/comments?post=7584"}],"wp:featuredmedia":[{"embeddable":true,"href":"https:\/\/xenonkungen.com\/dk\/wp-json\/wp\/v2\/media\/7585"}],"wp:attachment":[{"href":"https:\/\/xenonkungen.com\/dk\/wp-json\/wp\/v2\/media?parent=7584"}],"wp:term":[{"taxonomy":"anvandningsomrade","embeddable":true,"href":"https:\/\/xenonkungen.com\/dk\/wp-json\/wp\/v2\/anvandningsomrade?post=7584"},{"taxonomy":"bilmarken","embeddable":true,"href":"https:\/\/xenonkungen.com\/dk\/wp-json\/wp\/v2\/bilmarken?post=7584"},{"taxonomy":"product_brand","embeddable":true,"href":"https:\/\/xenonkungen.com\/dk\/wp-json\/wp\/v2\/product_brand?post=7584"},{"taxonomy":"product_cat","embeddable":true,"href":"https:\/\/xenonkungen.com\/dk\/wp-json\/wp\/v2\/product_cat?post=7584"},{"taxonomy":"product_tag","embeddable":true,"href":"https:\/\/xenonkungen.com\/dk\/wp-json\/wp\/v2\/product_tag?post=7584"}],"curies":[{"name":"wp","href":"https:\/\/api.w.org\/{rel}","templated":true}]}}