{"id":7643,"date":"2025-04-15T09:57:53","date_gmt":"2025-04-15T09:57:53","guid":{"rendered":"https:\/\/xenonkungen.com\/product\/batterycharge-7pin-3phase-32-amp\/"},"modified":"2025-12-25T21:16:23","modified_gmt":"2025-12-25T20:16:23","slug":"batterioplader-7-benet-3-faset-32-amp","status":"publish","type":"product","link":"https:\/\/xenonkungen.com\/dk\/vare\/batterioplader-7-benet-3-faset-32-amp\/","title":{"rendered":"BATTERIopladning 7PIN | 3PHASE | 32 AMP"},"content":{"rendered":"<div class=\"container\">\n<h1 class=\"product-title\">Rejs ind i fremtiden med OSRAM: Din partner til effektiv og milj\u00f8venlig opladning af elbiler<\/h1>\n<p class=\"product-description\">Foretag en milj\u00f8bevidst overgang med OSRAMs avancerede Type 2 elbiloplader, der er perfekt egnet til din elbil eller plug-in hybridbil. Denne h\u00f8jtydende oplader er optimeret til 32 A (3-faset) Type 2-tilslutninger, hvilket g\u00f8r den ideel til brug p\u00e5 b\u00e5de offentlige og private ladestationer. Det fem meter lange ladekabel, der er designet med ergonomiske h\u00e5ndtag, tilbyder brugervenlighed og fleksibilitet i forskellige lademilj\u00f8er.<\/p>\n<p class=\"product-description\">OSRAM forbedrer din opladningsoplevelse med opladningskabler udstyret med st\u00f8vt\u00e6tte h\u00e6tter. De har gennemg\u00e5et strenge tests for at opfylde IP65-standarderne for vandt\u00e6thed og IK10-standarderne for slagfasthed, hvilket sikrer langvarig p\u00e5lidelighed og holdbarhed. Stikkene er specielt designet til at modst\u00e5 st\u00f8v og vandst\u00e6nk, selv n\u00e5r de er tilsluttet, hvilket giver et ekstra niveau af sikkerhed.<\/p>\n<p class=\"product-description\">Hver oplader leveres med et holdbart og kompakt opbevaringsetui til praktisk opbevaring efter brug. Derudover er OSRAMs Type 2 elbiloplader T\u00dcV- og CE-certificeret og inkluderer en to \u00e5rs garanti, hvilket bekr\u00e6fter dens h\u00f8je standarder for sikkerhed og kvalitet.<\/p>","protected":false},"excerpt":{"rendered":"<p>\"Oplev OSRAM Type 2 EV Charger med Xenon King, der er designet til den moderne bilist. Med en robust kapacitet p\u00e5 32 A sikrer denne oplader hurtig og effektiv opladning, der er kompatibel med en r\u00e6kke forskellige k\u00f8ret\u00f8jer og udstyret til fremtiden.\"<\/p>","protected":false},"featured_media":7644,"comment_status":"closed","ping_status":"closed","template":"","meta":{"_acf_changed":false,"_smort_price_nok":"3426","_smort_price_dkk":"2914","_smort_price_eur":"390.44","_smort_sale_price_nok":"3426","_smort_sale_price_dkk":"","_smort_sale_price_eur":"364.56","smort_restorder":"","shipmondo_restorder":"","_kad_blocks_custom_css":"","_kad_blocks_head_custom_js":"","_kad_blocks_body_custom_js":"","_kad_blocks_footer_custom_js":"","smort_custom_pricelist_1":"3092.4","smort_custom_pricelist_2":"2405.2","smort_custom_pricelist_3":"2405.2","smort_custom_pricelist_4":"3436","smort_custom_pricelist_5":"2405.2"},"anvandningsomrade":[],"bilmarken":[],"product_brand":[108],"product_cat":[2650,377,1402],"product_tag":[],"class_list":{"0":"post-7643","1":"product","2":"type-product","3":"status-publish","4":"has-post-thumbnail","6":"product_brand-osram","7":"product_cat-elbilsladdare","8":"product_cat-biltillbehor","9":"product_cat-outlet","10":"pa_fuktskydd-varde-ipxx-ip65","11":"pa_storlek-mm-70x120x5000","13":"first","14":"instock","15":"sale","16":"taxable","17":"shipping-taxable","18":"purchasable","19":"product-type-simple"},"bundled_by":[],"bundle_stock_status":"instock","bundle_stock_quantity":1,"bundle_virtual":false,"bundle_layout":"","bundle_add_to_cart_form_location":"","bundle_editable_in_cart":false,"bundle_sold_individually_context":"","bundle_item_grouping":"","bundle_min_size":"","bundle_max_size":"","bundle_price":[],"bundled_items":[],"bundle_sell_ids":[],"acf":[],"yoast_head":"<!-- This site is optimized with the Yoast SEO plugin v27.0 - https:\/\/yoast.com\/product\/yoast-seo-wordpress\/ -->\n<title>BATTERYcharge 7PIN | 3PHASE | 32 AMP - Xenonkungen<\/title>\n<meta name=\"robots\" content=\"index, follow, max-snippet:-1, max-image-preview:large, max-video-preview:-1\" \/>\n<link rel=\"canonical\" href=\"https:\/\/xenonkungen.com\/dk\/vare\/batterioplader-7-benet-3-faset-32-amp\/\" \/>\n<meta property=\"og:locale\" content=\"da_DK\" \/>\n<meta property=\"og:type\" content=\"article\" \/>\n<meta property=\"og:title\" content=\"BATTERYcharge 7PIN | 3PHASE | 32 AMP - Xenonkungen\" \/>\n<meta property=\"og:description\" content=\"&quot;Uppt\u00e4ck OSRAMs Typ 2-elbilsladdare med Xenonkungen, utformad f\u00f6r den moderna f\u00f6raren. Med en robust 32 A-kapacitet s\u00e4kerst\u00e4ller denna laddare snabb och effektiv laddning, kompatibel med en m\u00e4ngd fordon och utrustad f\u00f6r framtiden.&quot;\" \/>\n<meta property=\"og:url\" content=\"https:\/\/xenonkungen.com\/dk\/vare\/batterioplader-7-benet-3-faset-32-amp\/\" \/>\n<meta property=\"og:site_name\" content=\"Xenonkungen\" \/>\n<meta property=\"article:modified_time\" content=\"2025-12-25T20:16:23+00:00\" \/>\n<meta property=\"og:image\" content=\"https:\/\/xenonkungen.com\/wp-content\/uploads\/2025\/04\/208006335-origpic-060ddb.jpg\" \/>\n\t<meta property=\"og:image:width\" content=\"900\" \/>\n\t<meta property=\"og:image:height\" content=\"900\" \/>\n\t<meta property=\"og:image:type\" content=\"image\/jpeg\" \/>\n<meta name=\"twitter:card\" content=\"summary_large_image\" \/>\n<meta name=\"twitter:label1\" content=\"Estimeret l\u00e6setid\" \/>\n\t<meta name=\"twitter:data1\" content=\"1 minut\" \/>\n<script type=\"application\/ld+json\" class=\"yoast-schema-graph\">{\"@context\":\"https:\/\/schema.org\",\"@graph\":[{\"@type\":\"WebPage\",\"@id\":\"https:\/\/xenonkungen.com\/produkt\/batterycharge-7pin-3phase-32-amp\/\",\"url\":\"https:\/\/xenonkungen.com\/produkt\/batterycharge-7pin-3phase-32-amp\/\",\"name\":\"BATTERYcharge 7PIN | 3PHASE | 32 AMP - Xenonkungen\",\"isPartOf\":{\"@id\":\"https:\/\/xenonkungen.com\/#website\"},\"primaryImageOfPage\":{\"@id\":\"https:\/\/xenonkungen.com\/produkt\/batterycharge-7pin-3phase-32-amp\/#primaryimage\"},\"image\":{\"@id\":\"https:\/\/xenonkungen.com\/produkt\/batterycharge-7pin-3phase-32-amp\/#primaryimage\"},\"thumbnailUrl\":\"https:\/\/xenonkungen.com\/wp-content\/uploads\/2025\/04\/208006335-origpic-060ddb.jpg\",\"datePublished\":\"2025-04-15T09:57:53+00:00\",\"dateModified\":\"2025-12-25T20:16:23+00:00\",\"breadcrumb\":{\"@id\":\"https:\/\/xenonkungen.com\/produkt\/batterycharge-7pin-3phase-32-amp\/#breadcrumb\"},\"inLanguage\":\"da-DK\",\"potentialAction\":[{\"@type\":\"ReadAction\",\"target\":[\"https:\/\/xenonkungen.com\/produkt\/batterycharge-7pin-3phase-32-amp\/\"]}]},{\"@type\":\"ImageObject\",\"inLanguage\":\"da-DK\",\"@id\":\"https:\/\/xenonkungen.com\/produkt\/batterycharge-7pin-3phase-32-amp\/#primaryimage\",\"url\":\"https:\/\/xenonkungen.com\/wp-content\/uploads\/2025\/04\/208006335-origpic-060ddb.jpg\",\"contentUrl\":\"https:\/\/xenonkungen.com\/wp-content\/uploads\/2025\/04\/208006335-origpic-060ddb.jpg\",\"width\":900,\"height\":900},{\"@type\":\"BreadcrumbList\",\"@id\":\"https:\/\/xenonkungen.com\/produkt\/batterycharge-7pin-3phase-32-amp\/#breadcrumb\",\"itemListElement\":[{\"@type\":\"ListItem\",\"position\":1,\"name\":\"Hem\",\"item\":\"https:\/\/xenonkungen.com\/\"},{\"@type\":\"ListItem\",\"position\":2,\"name\":\"Shop\",\"item\":\"https:\/\/xenonkungen.com\/shop\/\"},{\"@type\":\"ListItem\",\"position\":3,\"name\":\"BATTERYcharge 7PIN | 3PHASE | 32 AMP\"}]},{\"@type\":\"WebSite\",\"@id\":\"https:\/\/xenonkungen.com\/#website\",\"url\":\"https:\/\/xenonkungen.com\/\",\"name\":\"Xenonkungen\",\"description\":\"\",\"potentialAction\":[{\"@type\":\"SearchAction\",\"target\":{\"@type\":\"EntryPoint\",\"urlTemplate\":\"https:\/\/xenonkungen.com\/?s={search_term_string}\"},\"query-input\":{\"@type\":\"PropertyValueSpecification\",\"valueRequired\":true,\"valueName\":\"search_term_string\"}}],\"inLanguage\":\"da-DK\"}]}<\/script>\n<!-- \/ Yoast SEO plugin. -->","yoast_head_json":{"title":"BATTERIOplade 7PIN | 3-FASET | 32 AMP - Xenon-kongen","robots":{"index":"index","follow":"follow","max-snippet":"max-snippet:-1","max-image-preview":"max-image-preview:large","max-video-preview":"max-video-preview:-1"},"canonical":"https:\/\/xenonkungen.com\/dk\/vare\/batterioplader-7-benet-3-faset-32-amp\/","og_locale":"da_DK","og_type":"article","og_title":"BATTERYcharge 7PIN | 3PHASE | 32 AMP - Xenonkungen","og_description":"\"Uppt\u00e4ck OSRAMs Typ 2-elbilsladdare med Xenonkungen, utformad f\u00f6r den moderna f\u00f6raren. Med en robust 32 A-kapacitet s\u00e4kerst\u00e4ller denna laddare snabb och effektiv laddning, kompatibel med en m\u00e4ngd fordon och utrustad f\u00f6r framtiden.\"","og_url":"https:\/\/xenonkungen.com\/dk\/vare\/batterioplader-7-benet-3-faset-32-amp\/","og_site_name":"Xenonkungen","article_modified_time":"2025-12-25T20:16:23+00:00","og_image":[{"width":900,"height":900,"url":"https:\/\/xenonkungen.com\/wp-content\/uploads\/2025\/04\/208006335-origpic-060ddb.jpg","type":"image\/jpeg"}],"twitter_card":"summary_large_image","twitter_misc":{"Estimeret l\u00e6setid":"1 minut"},"schema":{"@context":"https:\/\/schema.org","@graph":[{"@type":"WebPage","@id":"https:\/\/xenonkungen.com\/produkt\/batterycharge-7pin-3phase-32-amp\/","url":"https:\/\/xenonkungen.com\/produkt\/batterycharge-7pin-3phase-32-amp\/","name":"BATTERIOplade 7PIN | 3-FASET | 32 AMP - Xenon-kongen","isPartOf":{"@id":"https:\/\/xenonkungen.com\/#website"},"primaryImageOfPage":{"@id":"https:\/\/xenonkungen.com\/produkt\/batterycharge-7pin-3phase-32-amp\/#primaryimage"},"image":{"@id":"https:\/\/xenonkungen.com\/produkt\/batterycharge-7pin-3phase-32-amp\/#primaryimage"},"thumbnailUrl":"https:\/\/xenonkungen.com\/wp-content\/uploads\/2025\/04\/208006335-origpic-060ddb.jpg","datePublished":"2025-04-15T09:57:53+00:00","dateModified":"2025-12-25T20:16:23+00:00","breadcrumb":{"@id":"https:\/\/xenonkungen.com\/produkt\/batterycharge-7pin-3phase-32-amp\/#breadcrumb"},"inLanguage":"da-DK","potentialAction":[{"@type":"ReadAction","target":["https:\/\/xenonkungen.com\/produkt\/batterycharge-7pin-3phase-32-amp\/"]}]},{"@type":"ImageObject","inLanguage":"da-DK","@id":"https:\/\/xenonkungen.com\/produkt\/batterycharge-7pin-3phase-32-amp\/#primaryimage","url":"https:\/\/xenonkungen.com\/wp-content\/uploads\/2025\/04\/208006335-origpic-060ddb.jpg","contentUrl":"https:\/\/xenonkungen.com\/wp-content\/uploads\/2025\/04\/208006335-origpic-060ddb.jpg","width":900,"height":900},{"@type":"BreadcrumbList","@id":"https:\/\/xenonkungen.com\/produkt\/batterycharge-7pin-3phase-32-amp\/#breadcrumb","itemListElement":[{"@type":"ListItem","position":1,"name":"Hem","item":"https:\/\/xenonkungen.com\/"},{"@type":"ListItem","position":2,"name":"Shop","item":"https:\/\/xenonkungen.com\/shop\/"},{"@type":"ListItem","position":3,"name":"BATTERYcharge 7PIN | 3PHASE | 32 AMP"}]},{"@type":"WebSite","@id":"https:\/\/xenonkungen.com\/#website","url":"https:\/\/xenonkungen.com\/","name":"Xenonkungen","description":"","potentialAction":[{"@type":"SearchAction","target":{"@type":"EntryPoint","urlTemplate":"https:\/\/xenonkungen.com\/?s={search_term_string}"},"query-input":{"@type":"PropertyValueSpecification","valueRequired":true,"valueName":"search_term_string"}}],"inLanguage":"da-DK"}]}},"taxonomy_info":{"product_brand":[{"value":108,"label":"OSRAM"}],"product_cat":[{"value":2650,"label":"Elbilsladdare"},{"value":377,"label":"Biltillbeh\u00f6r"},{"value":1402,"label":"Outlet"}],"pa_fuktskydd-varde-ipxx":[{"value":520,"label":"IP65"}],"pa_storlek-mm":[{"value":1972,"label":"70x120x5000"}]},"featured_image_src_large":["https:\/\/xenonkungen.com\/wp-content\/uploads\/2025\/04\/208006335-origpic-060ddb.jpg",900,900,false],"author_info":[],"comment_info":0,"_links":{"self":[{"href":"https:\/\/xenonkungen.com\/dk\/wp-json\/wp\/v2\/product\/7643","targetHints":{"allow":["GET"]}}],"collection":[{"href":"https:\/\/xenonkungen.com\/dk\/wp-json\/wp\/v2\/product"}],"about":[{"href":"https:\/\/xenonkungen.com\/dk\/wp-json\/wp\/v2\/types\/product"}],"replies":[{"embeddable":true,"href":"https:\/\/xenonkungen.com\/dk\/wp-json\/wp\/v2\/comments?post=7643"}],"wp:featuredmedia":[{"embeddable":true,"href":"https:\/\/xenonkungen.com\/dk\/wp-json\/wp\/v2\/media\/7644"}],"wp:attachment":[{"href":"https:\/\/xenonkungen.com\/dk\/wp-json\/wp\/v2\/media?parent=7643"}],"wp:term":[{"taxonomy":"anvandningsomrade","embeddable":true,"href":"https:\/\/xenonkungen.com\/dk\/wp-json\/wp\/v2\/anvandningsomrade?post=7643"},{"taxonomy":"bilmarken","embeddable":true,"href":"https:\/\/xenonkungen.com\/dk\/wp-json\/wp\/v2\/bilmarken?post=7643"},{"taxonomy":"product_brand","embeddable":true,"href":"https:\/\/xenonkungen.com\/dk\/wp-json\/wp\/v2\/product_brand?post=7643"},{"taxonomy":"product_cat","embeddable":true,"href":"https:\/\/xenonkungen.com\/dk\/wp-json\/wp\/v2\/product_cat?post=7643"},{"taxonomy":"product_tag","embeddable":true,"href":"https:\/\/xenonkungen.com\/dk\/wp-json\/wp\/v2\/product_tag?post=7643"}],"curies":[{"name":"wp","href":"https:\/\/api.w.org\/{rel}","templated":true}]}}