{"id":7672,"date":"2025-04-15T09:58:07","date_gmt":"2025-04-15T09:58:07","guid":{"rendered":"https:\/\/xenonkungen.com\/product\/ledriving-round-vx70-sp\/"},"modified":"2026-04-11T01:35:03","modified_gmt":"2026-04-11T00:35:03","slug":"ledende-rund-vx70-sp","status":"publish","type":"product","link":"https:\/\/xenonkungen.com\/dk\/vare\/ledende-rund-vx70-sp\/","title":{"rendered":"LEDriving\u00ae ROUND VX70-SP"},"content":{"rendered":"<h1>Lys op i dit liv med OSRAM LEDriving k\u00f8re- og arbejdslys<\/h1>\n<p>OSRAM LEDriving Round VX70-SP oplyser m\u00f8rke landeveje, skovstier og marker. <\/p>\n<p>Med 5 kraftfulde, h\u00f8jtydende og langtidsholdbare LED&#039;er har OSRAM LEDriving Round VX70-SP en r\u00e6kkevidde p\u00e5 op til 53 meter og giver f\u00f8reren masser af advarsel b\u00e5de p\u00e5 arbejdet og i marken. Selv under d\u00e5rlige lysforhold giver OSRAM LEDriving Round VX70-SP et dagslyslignende milj\u00f8 takket v\u00e6re en farvetemperatur p\u00e5 op til 6.000 Kelvin. Den intense lysstyrke p\u00e5 op til 550 lumen kombineres med meget h\u00f8j optisk effektivitet og ensartet lysfordeling. Det betyder, at du kan se bedre og opfatte dit arbejdsmilj\u00f8 tydeligere, hvilket bidrager til st\u00f8rre sikkerhed.<\/p>\n<p>OSRAM LEDriving Round VX70-SP imponerer med sin kraftfulde ydeevne og lange levetid p\u00e5 op til 5.000 timer. Den alsidige lygte modst\u00e5r barske milj\u00f8forhold takket v\u00e6re materialer af h\u00f8j kvalitet, s\u00e5som et aluminiumshus og en robust polycarbonatlinse, og er b\u00e5de let og holdbar. <\/p>\n<p>OSRAM LEDriving Round VX70-SP er blevet testet i vores DIN-certificerede milj\u00f8simuleringslaboratorium mod ekstreme eksterne forhold s\u00e5som vand, st\u00f8v, st\u00f8d, h\u00f8je og lave temperaturer og permanente vibrationer og er blevet valideret med IP-beskyttelsesklasse IP67. En integreret driver og termisk styringssystem regulerer temperaturen p\u00e5 LED-spotlightet og forhindrer skader for\u00e5rsaget af overophedning. Polaritetsbeskyttelsen forhindrer forkert polaritet i str\u00f8mforsyningen og forhindrer potentielle skader ved automatisk at slukke LED-lamperne. <\/p>\n<p>OSRAM LEDriving Round VX70-SP er en effektiv opgradering til dit k\u00f8ret\u00f8j.<br \/>OSRAM LEDriving Round VX70-SP kan monteres p\u00e5 biler, lastbiler, landbrugsmaskiner, erhvervsk\u00f8ret\u00f8jer, entrepren\u00f8rk\u00f8ret\u00f8jer, skovbrugsmaskiner, terr\u00e6ng\u00e5ende k\u00f8ret\u00f8jer og quadricykler.<br \/>OSRAM LEDriving Round VX70-SP er alsidig og fleksibel.<\/p>","protected":false},"excerpt":{"rendered":"<p>Lille, holdbar arbejdslampe fra Osram! Spotlightbillede, der giver dig god arbejdsbelysning p\u00e5 l\u00e6ngere afstand.<\/p>","protected":false},"featured_media":7673,"comment_status":"closed","ping_status":"open","template":"","meta":{"_acf_changed":false,"_smort_price_nok":"865","_smort_price_dkk":"550","_smort_price_eur":"73.63","_smort_sale_price_nok":"","_smort_sale_price_dkk":"","_smort_sale_price_eur":"","smort_restorder":"","shipmondo_restorder":"","_kad_blocks_custom_css":"","_kad_blocks_head_custom_js":"","_kad_blocks_body_custom_js":"","_kad_blocks_footer_custom_js":"","smort_custom_pricelist_1":"518.4","smort_custom_pricelist_2":"518.4","smort_custom_pricelist_3":"492.48","smort_custom_pricelist_4":"648","smort_custom_pricelist_5":"518.4"},"anvandningsomrade":[],"bilmarken":[],"product_brand":[108],"product_cat":[2639,508],"product_tag":[],"class_list":{"0":"post-7672","1":"product","2":"type-product","3":"status-publish","4":"has-post-thumbnail","6":"product_brand-osram","7":"product_cat-osram-ledriving-arbetsbelysning","8":"product_cat-arbetsbelysning","9":"pa_fargtemperatur-6000-k","10":"pa_fuktskydd-varde-ipxx-ip67","11":"pa_godkannande-e4-ece-r10","12":"pa_storlek-mm-75x30x93","13":"pa_volt-v-12-24","15":"first","16":"onbackorder","17":"taxable","18":"shipping-taxable","19":"purchasable","20":"product-type-simple"},"bundled_by":[],"bundle_stock_status":"onbackorder","bundle_stock_quantity":0,"bundle_virtual":false,"bundle_layout":"","bundle_add_to_cart_form_location":"","bundle_editable_in_cart":false,"bundle_sold_individually_context":"","bundle_item_grouping":"","bundle_min_size":"","bundle_max_size":"","bundle_price":[],"bundled_items":[],"bundle_sell_ids":[],"acf":[],"yoast_head":"<!-- This site is optimized with the Yoast SEO plugin v27.0 - https:\/\/yoast.com\/product\/yoast-seo-wordpress\/ -->\n<title>LEDriving\u00ae ROUND VX70-SP - Xenonkungen<\/title>\n<meta name=\"robots\" content=\"index, follow, max-snippet:-1, max-image-preview:large, max-video-preview:-1\" \/>\n<link rel=\"canonical\" href=\"https:\/\/xenonkungen.com\/dk\/vare\/ledende-rund-vx70-sp\/\" \/>\n<meta property=\"og:locale\" content=\"da_DK\" \/>\n<meta property=\"og:type\" content=\"article\" \/>\n<meta property=\"og:title\" content=\"LEDriving\u00ae ROUND VX70-SP - Xenonkungen\" \/>\n<meta property=\"og:description\" content=\"Litet t\u00e5ligt Arbetsljus fr\u00e5n Osram! Spotljusbild som ger er god arbetsbelysning l\u00e4ngre bort.\" \/>\n<meta property=\"og:url\" content=\"https:\/\/xenonkungen.com\/dk\/vare\/ledende-rund-vx70-sp\/\" \/>\n<meta property=\"og:site_name\" content=\"Xenonkungen\" \/>\n<meta property=\"article:modified_time\" content=\"2026-04-11T00:35:03+00:00\" \/>\n<meta property=\"og:image\" content=\"https:\/\/xenonkungen.com\/wp-content\/uploads\/2025\/04\/178266539-origpic-11023b.jpg\" \/>\n\t<meta property=\"og:image:width\" content=\"900\" \/>\n\t<meta property=\"og:image:height\" content=\"900\" \/>\n\t<meta property=\"og:image:type\" content=\"image\/jpeg\" \/>\n<meta name=\"twitter:card\" content=\"summary_large_image\" \/>\n<meta name=\"twitter:label1\" content=\"Estimeret l\u00e6setid\" \/>\n\t<meta name=\"twitter:data1\" content=\"2 minutter\" \/>\n<script type=\"application\/ld+json\" class=\"yoast-schema-graph\">{\"@context\":\"https:\/\/schema.org\",\"@graph\":[{\"@type\":\"WebPage\",\"@id\":\"https:\/\/xenonkungen.com\/produkt\/ledriving-round-vx70-sp\/\",\"url\":\"https:\/\/xenonkungen.com\/produkt\/ledriving-round-vx70-sp\/\",\"name\":\"LEDriving\u00ae ROUND VX70-SP - Xenonkungen\",\"isPartOf\":{\"@id\":\"https:\/\/xenonkungen.com\/#website\"},\"primaryImageOfPage\":{\"@id\":\"https:\/\/xenonkungen.com\/produkt\/ledriving-round-vx70-sp\/#primaryimage\"},\"image\":{\"@id\":\"https:\/\/xenonkungen.com\/produkt\/ledriving-round-vx70-sp\/#primaryimage\"},\"thumbnailUrl\":\"https:\/\/xenonkungen.com\/wp-content\/uploads\/2025\/04\/178266539-origpic-11023b.jpg\",\"datePublished\":\"2025-04-15T09:58:07+00:00\",\"dateModified\":\"2026-04-11T00:35:03+00:00\",\"breadcrumb\":{\"@id\":\"https:\/\/xenonkungen.com\/produkt\/ledriving-round-vx70-sp\/#breadcrumb\"},\"inLanguage\":\"da-DK\",\"potentialAction\":[{\"@type\":\"ReadAction\",\"target\":[\"https:\/\/xenonkungen.com\/produkt\/ledriving-round-vx70-sp\/\"]}]},{\"@type\":\"ImageObject\",\"inLanguage\":\"da-DK\",\"@id\":\"https:\/\/xenonkungen.com\/produkt\/ledriving-round-vx70-sp\/#primaryimage\",\"url\":\"https:\/\/xenonkungen.com\/wp-content\/uploads\/2025\/04\/178266539-origpic-11023b.jpg\",\"contentUrl\":\"https:\/\/xenonkungen.com\/wp-content\/uploads\/2025\/04\/178266539-origpic-11023b.jpg\",\"width\":900,\"height\":900},{\"@type\":\"BreadcrumbList\",\"@id\":\"https:\/\/xenonkungen.com\/produkt\/ledriving-round-vx70-sp\/#breadcrumb\",\"itemListElement\":[{\"@type\":\"ListItem\",\"position\":1,\"name\":\"Hem\",\"item\":\"https:\/\/xenonkungen.com\/\"},{\"@type\":\"ListItem\",\"position\":2,\"name\":\"Shop\",\"item\":\"https:\/\/xenonkungen.com\/shop\/\"},{\"@type\":\"ListItem\",\"position\":3,\"name\":\"LEDriving\u00ae ROUND VX70-SP\"}]},{\"@type\":\"WebSite\",\"@id\":\"https:\/\/xenonkungen.com\/#website\",\"url\":\"https:\/\/xenonkungen.com\/\",\"name\":\"Xenonkungen\",\"description\":\"\",\"potentialAction\":[{\"@type\":\"SearchAction\",\"target\":{\"@type\":\"EntryPoint\",\"urlTemplate\":\"https:\/\/xenonkungen.com\/?s={search_term_string}\"},\"query-input\":{\"@type\":\"PropertyValueSpecification\",\"valueRequired\":true,\"valueName\":\"search_term_string\"}}],\"inLanguage\":\"da-DK\"}]}<\/script>\n<!-- \/ Yoast SEO plugin. -->","yoast_head_json":{"title":"LEDriving\u00ae ROUND VX70-SP - Xenon-kongen","robots":{"index":"index","follow":"follow","max-snippet":"max-snippet:-1","max-image-preview":"max-image-preview:large","max-video-preview":"max-video-preview:-1"},"canonical":"https:\/\/xenonkungen.com\/dk\/vare\/ledende-rund-vx70-sp\/","og_locale":"da_DK","og_type":"article","og_title":"LEDriving\u00ae ROUND VX70-SP - Xenonkungen","og_description":"Litet t\u00e5ligt Arbetsljus fr\u00e5n Osram! Spotljusbild som ger er god arbetsbelysning l\u00e4ngre bort.","og_url":"https:\/\/xenonkungen.com\/dk\/vare\/ledende-rund-vx70-sp\/","og_site_name":"Xenonkungen","article_modified_time":"2026-04-11T00:35:03+00:00","og_image":[{"width":900,"height":900,"url":"https:\/\/xenonkungen.com\/wp-content\/uploads\/2025\/04\/178266539-origpic-11023b.jpg","type":"image\/jpeg"}],"twitter_card":"summary_large_image","twitter_misc":{"Estimeret l\u00e6setid":"2 minutter"},"schema":{"@context":"https:\/\/schema.org","@graph":[{"@type":"WebPage","@id":"https:\/\/xenonkungen.com\/produkt\/ledriving-round-vx70-sp\/","url":"https:\/\/xenonkungen.com\/produkt\/ledriving-round-vx70-sp\/","name":"LEDriving\u00ae ROUND VX70-SP - Xenon-kongen","isPartOf":{"@id":"https:\/\/xenonkungen.com\/#website"},"primaryImageOfPage":{"@id":"https:\/\/xenonkungen.com\/produkt\/ledriving-round-vx70-sp\/#primaryimage"},"image":{"@id":"https:\/\/xenonkungen.com\/produkt\/ledriving-round-vx70-sp\/#primaryimage"},"thumbnailUrl":"https:\/\/xenonkungen.com\/wp-content\/uploads\/2025\/04\/178266539-origpic-11023b.jpg","datePublished":"2025-04-15T09:58:07+00:00","dateModified":"2026-04-11T00:35:03+00:00","breadcrumb":{"@id":"https:\/\/xenonkungen.com\/produkt\/ledriving-round-vx70-sp\/#breadcrumb"},"inLanguage":"da-DK","potentialAction":[{"@type":"ReadAction","target":["https:\/\/xenonkungen.com\/produkt\/ledriving-round-vx70-sp\/"]}]},{"@type":"ImageObject","inLanguage":"da-DK","@id":"https:\/\/xenonkungen.com\/produkt\/ledriving-round-vx70-sp\/#primaryimage","url":"https:\/\/xenonkungen.com\/wp-content\/uploads\/2025\/04\/178266539-origpic-11023b.jpg","contentUrl":"https:\/\/xenonkungen.com\/wp-content\/uploads\/2025\/04\/178266539-origpic-11023b.jpg","width":900,"height":900},{"@type":"BreadcrumbList","@id":"https:\/\/xenonkungen.com\/produkt\/ledriving-round-vx70-sp\/#breadcrumb","itemListElement":[{"@type":"ListItem","position":1,"name":"Hem","item":"https:\/\/xenonkungen.com\/"},{"@type":"ListItem","position":2,"name":"Shop","item":"https:\/\/xenonkungen.com\/shop\/"},{"@type":"ListItem","position":3,"name":"LEDriving\u00ae ROUND VX70-SP"}]},{"@type":"WebSite","@id":"https:\/\/xenonkungen.com\/#website","url":"https:\/\/xenonkungen.com\/","name":"Xenonkungen","description":"","potentialAction":[{"@type":"SearchAction","target":{"@type":"EntryPoint","urlTemplate":"https:\/\/xenonkungen.com\/?s={search_term_string}"},"query-input":{"@type":"PropertyValueSpecification","valueRequired":true,"valueName":"search_term_string"}}],"inLanguage":"da-DK"}]}},"taxonomy_info":{"product_brand":[{"value":108,"label":"OSRAM"}],"product_cat":[{"value":2639,"label":"OSRAM Ledriving"},{"value":508,"label":"Arbetsbelysning"}],"pa_fargtemperatur":[{"value":1980,"label":"6000 k"}],"pa_fuktskydd-varde-ipxx":[{"value":333,"label":"IP67"}],"pa_godkannande":[{"value":1978,"label":"E4, ECE R10"}],"pa_storlek-mm":[{"value":1979,"label":"75x30x93"}],"pa_volt-v":[{"value":348,"label":"12, 24"}]},"featured_image_src_large":["https:\/\/xenonkungen.com\/wp-content\/uploads\/2025\/04\/178266539-origpic-11023b.jpg",900,900,false],"author_info":[],"comment_info":0,"_links":{"self":[{"href":"https:\/\/xenonkungen.com\/dk\/wp-json\/wp\/v2\/product\/7672","targetHints":{"allow":["GET"]}}],"collection":[{"href":"https:\/\/xenonkungen.com\/dk\/wp-json\/wp\/v2\/product"}],"about":[{"href":"https:\/\/xenonkungen.com\/dk\/wp-json\/wp\/v2\/types\/product"}],"replies":[{"embeddable":true,"href":"https:\/\/xenonkungen.com\/dk\/wp-json\/wp\/v2\/comments?post=7672"}],"wp:featuredmedia":[{"embeddable":true,"href":"https:\/\/xenonkungen.com\/dk\/wp-json\/wp\/v2\/media\/7673"}],"wp:attachment":[{"href":"https:\/\/xenonkungen.com\/dk\/wp-json\/wp\/v2\/media?parent=7672"}],"wp:term":[{"taxonomy":"anvandningsomrade","embeddable":true,"href":"https:\/\/xenonkungen.com\/dk\/wp-json\/wp\/v2\/anvandningsomrade?post=7672"},{"taxonomy":"bilmarken","embeddable":true,"href":"https:\/\/xenonkungen.com\/dk\/wp-json\/wp\/v2\/bilmarken?post=7672"},{"taxonomy":"product_brand","embeddable":true,"href":"https:\/\/xenonkungen.com\/dk\/wp-json\/wp\/v2\/product_brand?post=7672"},{"taxonomy":"product_cat","embeddable":true,"href":"https:\/\/xenonkungen.com\/dk\/wp-json\/wp\/v2\/product_cat?post=7672"},{"taxonomy":"product_tag","embeddable":true,"href":"https:\/\/xenonkungen.com\/dk\/wp-json\/wp\/v2\/product_tag?post=7672"}],"curies":[{"name":"wp","href":"https:\/\/api.w.org\/{rel}","templated":true}]}}