{"id":7695,"date":"2025-04-15T09:58:35","date_gmt":"2025-04-15T09:58:35","guid":{"rendered":"https:\/\/xenonkungen.com\/product\/ledguardian-truck-flare-signal-ta19\/"},"modified":"2026-04-11T01:34:43","modified_gmt":"2026-04-11T00:34:43","slug":"ledguardian-lastbil-flare-signal-ta19","status":"publish","type":"product","link":"https:\/\/xenonkungen.com\/dk\/vare\/ledguardian-lastbil-flare-signal-ta19\/","title":{"rendered":"LEDguardian\u00ae TRUCK FLARE Signal TA19"},"content":{"rendered":"<section>\n<h1>Se og bliv set med OSRAM LEDguardian TRUCK FLARE Signal TA19 - For din sikkerhed p\u00e5 vejen<\/h1>\n<p>N\u00e5r sikkerhed er altafg\u00f8rende, kan du stole p\u00e5 OSRAM LEDguardian TRUCK FLARE Signal TA19. Denne kraftige LED-advarselslampe er din uundv\u00e6rlige f\u00f8lgesvend i n\u00f8dsituationer p\u00e5 vejen. Med en klar orange blinkfunktion, der er synlig p\u00e5 lang afstand, g\u00f8r den dig synlig b\u00e5de dag og nat og advarer effektivt andre trafikanter om en farlig situation.<\/p>\n<h3>Obligatorisk for tunge k\u00f8ret\u00f8jer - men anbefales for alle<\/h3>\n<p>For alle k\u00f8ret\u00f8jer over 3,5 tons er OSRAM LEDguardian TRUCK FLARE Signal TA19 p\u00e5kr\u00e6vet i henhold til tysk lov (\u00a753a StVZO), men vi anbefaler det st\u00e6rkt til alle k\u00f8ret\u00f8jer. At v\u00e6re forberedt med det rigtige advarselsudstyr kan g\u00f8re forskellen mellem en sikker situation og en farlig ulykke.<\/p>\n<h3>Designet til at holde under alle forhold<\/h3>\n<p>Det kompakte og robuste design g\u00f8r TRUCK FLARE let at opbevare og s\u00e6tte op, n\u00e5r der er brug for det. Med udfoldelige skridsikre f\u00f8dder kan den hurtigt placeres ved advarselstrekanten for tydeligt at markere farezonen. Desuden er den blevet grundigt testet i vores certificerede laboratorium og er beskyttet mod vand, st\u00f8v og st\u00f8d med en IP54-klassificering. Uanset vejret holder TRUCK FLARE stand.<\/p>\n<h3>Alsidig brug - mere end bare advarselslamper<\/h3>\n<p>Ud over sit prim\u00e6re form\u00e5l som advarselslys fungerer TRUCK FLARE ogs\u00e5 som en kraftig lommelygte. Med seks h\u00f8jtydende LED'er og op til 6000K lysstyrke er du ikke kun i sikkerhed - du kan ogs\u00e5 bruge den til at oplyse m\u00f8rke omr\u00e5der eller som inspektionslys om natten.<\/p>\n<h3>Klar til brug - batterier medf\u00f8lger<\/h3>\n<p>Med de medf\u00f8lgende batterier er din OSRAM LEDguardian TRUCK FLARE klar til brug med det samme. Og med en driftstid p\u00e5 mindst 15 timer kan du f\u00f8le dig sikker, selv i l\u00e6ngerevarende n\u00f8dsituationer.<\/p>\n<h3>V\u00e6lg sikkerhed - v\u00e6lg OSRAM LEDguardian TRUCK FLARE<\/h3>\n<p>Giv dig selv og dine medtrafikanter den ekstra sikkerhed, der er n\u00f8dvendig i en n\u00f8dsituation. Med OSRAM LEDguardian TRUCK FLARE f\u00e5r du ikke bare et advarselslys - du f\u00e5r en p\u00e5lidelig sikkerhedsl\u00f8sning, der holder i enhver situation.<\/p>\n<p>><img loading=\"lazy\" decoding=\"async\" src=\"https:\/\/cdn.abicart.com\/shop\/4404\/files\/Produkter\/Osram\/Web%20publishing-AM_Icon_Cool%20White.webp\" alt=\"\" width=\"84\" height=\"84\" \/> \u00a0 <img loading=\"lazy\" decoding=\"async\" src=\"https:\/\/cdn.abicart.com\/shop\/4404\/files\/Produkter\/Osram\/Web%20publishing-AM_Icon_IP54.webp\" alt=\"\" width=\"84\" height=\"84\" \/> \u00a0 <img loading=\"lazy\" decoding=\"async\" src=\"https:\/\/cdn.abicart.com\/shop\/4404\/files\/Produkter\/Osram\/Web%20publishing-AM_Icon_TA19_Certified.webp\" alt=\"\" width=\"84\" height=\"84\" \/> \u00a0 <img loading=\"lazy\" decoding=\"async\" src=\"https:\/\/cdn.abicart.com\/shop\/4404\/files\/Produkter\/Osram\/Web%20publishing-AM_Icon_2in1_amber.webp\" alt=\"\" width=\"84\" height=\"84\" \/> \u00a0 <img loading=\"lazy\" decoding=\"async\" src=\"https:\/\/cdn.abicart.com\/shop\/4404\/files\/Produkter\/Osram\/Web%20publishing-AM_Icon_4x%20AA%20Dry.webp\" alt=\"\" width=\"84\" height=\"84\" \/><\/p>\n<\/section>","protected":false},"excerpt":{"rendered":"<p>OSRAM LEDguardian TRUCK FLARE Signal TA19 er en kraftig LED-advarselslampe, der giver \u00f8get sikkerhed i tilf\u00e6lde af n\u00f8dsituationer p\u00e5 vejen. Med lang batterilevetid, robust design og h\u00f8j synlighed er det et p\u00e5lideligt v\u00e6rkt\u00f8j for alle k\u00f8ret\u00f8jsejere.<\/p>","protected":false},"featured_media":7696,"comment_status":"closed","ping_status":"closed","template":"","meta":{"_acf_changed":false,"_smort_price_nok":"600","_smort_price_dkk":"539","_smort_price_eur":"72.27","_smort_sale_price_nok":"600","_smort_sale_price_dkk":"","_smort_sale_price_eur":"51.04","smort_restorder":"","shipmondo_restorder":"","_kad_blocks_custom_css":"","_kad_blocks_head_custom_js":"","_kad_blocks_body_custom_js":"","_kad_blocks_footer_custom_js":"","smort_custom_pricelist_1":"508.8","smort_custom_pricelist_2":"445.2","smort_custom_pricelist_3":"413.4","smort_custom_pricelist_4":"636","smort_custom_pricelist_5":"445.2"},"anvandningsomrade":[],"bilmarken":[],"product_brand":[108],"product_cat":[2647,1320],"product_tag":[],"class_list":{"0":"post-7695","1":"product","2":"type-product","3":"status-publish","4":"has-post-thumbnail","6":"product_brand-osram","7":"product_cat-osram-ficklampor","8":"product_cat-ficklampor","9":"pa_fargtemperatur-2000-6000","10":"pa_fuktskydd-varde-ipxx-ip54","11":"pa_godkannande-ce","12":"pa_storlek-mm-91x43x236","14":"first","15":"instock","16":"sale","17":"taxable","18":"shipping-taxable","19":"purchasable","20":"product-type-simple"},"bundled_by":[],"bundle_stock_status":"instock","bundle_stock_quantity":2,"bundle_virtual":false,"bundle_layout":"","bundle_add_to_cart_form_location":"","bundle_editable_in_cart":false,"bundle_sold_individually_context":"","bundle_item_grouping":"","bundle_min_size":"","bundle_max_size":"","bundle_price":[],"bundled_items":[],"bundle_sell_ids":[],"acf":[],"yoast_head":"<!-- This site is optimized with the Yoast SEO plugin v27.0 - https:\/\/yoast.com\/product\/yoast-seo-wordpress\/ -->\n<title>LEDguardian\u00ae TRUCK FLARE Signal TA19 - Xenonkungen<\/title>\n<meta name=\"robots\" content=\"index, follow, max-snippet:-1, max-image-preview:large, max-video-preview:-1\" \/>\n<link rel=\"canonical\" href=\"https:\/\/xenonkungen.com\/dk\/vare\/ledguardian-lastbil-flare-signal-ta19\/\" \/>\n<meta property=\"og:locale\" content=\"da_DK\" \/>\n<meta property=\"og:type\" content=\"article\" \/>\n<meta property=\"og:title\" content=\"LEDguardian\u00ae TRUCK FLARE Signal TA19 - Xenonkungen\" \/>\n<meta property=\"og:description\" content=\"OSRAM LEDguardian TRUCK FLARE Signal TA19 \u00e4r en kraftfull LED-varningslampa som ger \u00f6kad s\u00e4kerhet vid n\u00f6dsituationer p\u00e5 v\u00e4gen. Med l\u00e5ng batteritid, robust design och h\u00f6g synlighet, \u00e4r den ett p\u00e5litligt verktyg f\u00f6r alla fordons\u00e4gare.\" \/>\n<meta property=\"og:url\" content=\"https:\/\/xenonkungen.com\/dk\/vare\/ledguardian-lastbil-flare-signal-ta19\/\" \/>\n<meta property=\"og:site_name\" content=\"Xenonkungen\" \/>\n<meta property=\"article:modified_time\" content=\"2026-04-11T00:34:43+00:00\" \/>\n<meta property=\"og:image\" content=\"https:\/\/xenonkungen.com\/wp-content\/uploads\/2025\/04\/215900685-origpic-35924f.jpg\" \/>\n\t<meta property=\"og:image:width\" content=\"1024\" \/>\n\t<meta property=\"og:image:height\" content=\"1024\" \/>\n\t<meta property=\"og:image:type\" content=\"image\/jpeg\" \/>\n<meta name=\"twitter:card\" content=\"summary_large_image\" \/>\n<meta name=\"twitter:label1\" content=\"Estimeret l\u00e6setid\" \/>\n\t<meta name=\"twitter:data1\" content=\"2 minutter\" \/>\n<script type=\"application\/ld+json\" class=\"yoast-schema-graph\">{\"@context\":\"https:\/\/schema.org\",\"@graph\":[{\"@type\":\"WebPage\",\"@id\":\"https:\/\/xenonkungen.com\/produkt\/ledguardian-truck-flare-signal-ta19\/\",\"url\":\"https:\/\/xenonkungen.com\/produkt\/ledguardian-truck-flare-signal-ta19\/\",\"name\":\"LEDguardian\u00ae TRUCK FLARE Signal TA19 - Xenonkungen\",\"isPartOf\":{\"@id\":\"https:\/\/xenonkungen.com\/#website\"},\"primaryImageOfPage\":{\"@id\":\"https:\/\/xenonkungen.com\/produkt\/ledguardian-truck-flare-signal-ta19\/#primaryimage\"},\"image\":{\"@id\":\"https:\/\/xenonkungen.com\/produkt\/ledguardian-truck-flare-signal-ta19\/#primaryimage\"},\"thumbnailUrl\":\"https:\/\/xenonkungen.com\/wp-content\/uploads\/2025\/04\/215900685-origpic-35924f.jpg\",\"datePublished\":\"2025-04-15T09:58:35+00:00\",\"dateModified\":\"2026-04-11T00:34:43+00:00\",\"breadcrumb\":{\"@id\":\"https:\/\/xenonkungen.com\/produkt\/ledguardian-truck-flare-signal-ta19\/#breadcrumb\"},\"inLanguage\":\"da-DK\",\"potentialAction\":[{\"@type\":\"ReadAction\",\"target\":[\"https:\/\/xenonkungen.com\/produkt\/ledguardian-truck-flare-signal-ta19\/\"]}]},{\"@type\":\"ImageObject\",\"inLanguage\":\"da-DK\",\"@id\":\"https:\/\/xenonkungen.com\/produkt\/ledguardian-truck-flare-signal-ta19\/#primaryimage\",\"url\":\"https:\/\/xenonkungen.com\/wp-content\/uploads\/2025\/04\/215900685-origpic-35924f.jpg\",\"contentUrl\":\"https:\/\/xenonkungen.com\/wp-content\/uploads\/2025\/04\/215900685-origpic-35924f.jpg\",\"width\":1024,\"height\":1024},{\"@type\":\"BreadcrumbList\",\"@id\":\"https:\/\/xenonkungen.com\/produkt\/ledguardian-truck-flare-signal-ta19\/#breadcrumb\",\"itemListElement\":[{\"@type\":\"ListItem\",\"position\":1,\"name\":\"Hem\",\"item\":\"https:\/\/xenonkungen.com\/\"},{\"@type\":\"ListItem\",\"position\":2,\"name\":\"Shop\",\"item\":\"https:\/\/xenonkungen.com\/shop\/\"},{\"@type\":\"ListItem\",\"position\":3,\"name\":\"LEDguardian\u00ae TRUCK FLARE Signal TA19\"}]},{\"@type\":\"WebSite\",\"@id\":\"https:\/\/xenonkungen.com\/#website\",\"url\":\"https:\/\/xenonkungen.com\/\",\"name\":\"Xenonkungen\",\"description\":\"\",\"potentialAction\":[{\"@type\":\"SearchAction\",\"target\":{\"@type\":\"EntryPoint\",\"urlTemplate\":\"https:\/\/xenonkungen.com\/?s={search_term_string}\"},\"query-input\":{\"@type\":\"PropertyValueSpecification\",\"valueRequired\":true,\"valueName\":\"search_term_string\"}}],\"inLanguage\":\"da-DK\"}]}<\/script>\n<!-- \/ Yoast SEO plugin. -->","yoast_head_json":{"title":"LEDguardian\u00ae TRUCK FLARE Signal TA19 - Xenon-kongen","robots":{"index":"index","follow":"follow","max-snippet":"max-snippet:-1","max-image-preview":"max-image-preview:large","max-video-preview":"max-video-preview:-1"},"canonical":"https:\/\/xenonkungen.com\/dk\/vare\/ledguardian-lastbil-flare-signal-ta19\/","og_locale":"da_DK","og_type":"article","og_title":"LEDguardian\u00ae TRUCK FLARE Signal TA19 - Xenonkungen","og_description":"OSRAM LEDguardian TRUCK FLARE Signal TA19 \u00e4r en kraftfull LED-varningslampa som ger \u00f6kad s\u00e4kerhet vid n\u00f6dsituationer p\u00e5 v\u00e4gen. Med l\u00e5ng batteritid, robust design och h\u00f6g synlighet, \u00e4r den ett p\u00e5litligt verktyg f\u00f6r alla fordons\u00e4gare.","og_url":"https:\/\/xenonkungen.com\/dk\/vare\/ledguardian-lastbil-flare-signal-ta19\/","og_site_name":"Xenonkungen","article_modified_time":"2026-04-11T00:34:43+00:00","og_image":[{"width":1024,"height":1024,"url":"https:\/\/xenonkungen.com\/wp-content\/uploads\/2025\/04\/215900685-origpic-35924f.jpg","type":"image\/jpeg"}],"twitter_card":"summary_large_image","twitter_misc":{"Estimeret l\u00e6setid":"2 minutter"},"schema":{"@context":"https:\/\/schema.org","@graph":[{"@type":"WebPage","@id":"https:\/\/xenonkungen.com\/produkt\/ledguardian-truck-flare-signal-ta19\/","url":"https:\/\/xenonkungen.com\/produkt\/ledguardian-truck-flare-signal-ta19\/","name":"LEDguardian\u00ae TRUCK FLARE Signal TA19 - Xenon-kongen","isPartOf":{"@id":"https:\/\/xenonkungen.com\/#website"},"primaryImageOfPage":{"@id":"https:\/\/xenonkungen.com\/produkt\/ledguardian-truck-flare-signal-ta19\/#primaryimage"},"image":{"@id":"https:\/\/xenonkungen.com\/produkt\/ledguardian-truck-flare-signal-ta19\/#primaryimage"},"thumbnailUrl":"https:\/\/xenonkungen.com\/wp-content\/uploads\/2025\/04\/215900685-origpic-35924f.jpg","datePublished":"2025-04-15T09:58:35+00:00","dateModified":"2026-04-11T00:34:43+00:00","breadcrumb":{"@id":"https:\/\/xenonkungen.com\/produkt\/ledguardian-truck-flare-signal-ta19\/#breadcrumb"},"inLanguage":"da-DK","potentialAction":[{"@type":"ReadAction","target":["https:\/\/xenonkungen.com\/produkt\/ledguardian-truck-flare-signal-ta19\/"]}]},{"@type":"ImageObject","inLanguage":"da-DK","@id":"https:\/\/xenonkungen.com\/produkt\/ledguardian-truck-flare-signal-ta19\/#primaryimage","url":"https:\/\/xenonkungen.com\/wp-content\/uploads\/2025\/04\/215900685-origpic-35924f.jpg","contentUrl":"https:\/\/xenonkungen.com\/wp-content\/uploads\/2025\/04\/215900685-origpic-35924f.jpg","width":1024,"height":1024},{"@type":"BreadcrumbList","@id":"https:\/\/xenonkungen.com\/produkt\/ledguardian-truck-flare-signal-ta19\/#breadcrumb","itemListElement":[{"@type":"ListItem","position":1,"name":"Hem","item":"https:\/\/xenonkungen.com\/"},{"@type":"ListItem","position":2,"name":"Shop","item":"https:\/\/xenonkungen.com\/shop\/"},{"@type":"ListItem","position":3,"name":"LEDguardian\u00ae TRUCK FLARE Signal TA19"}]},{"@type":"WebSite","@id":"https:\/\/xenonkungen.com\/#website","url":"https:\/\/xenonkungen.com\/","name":"Xenonkungen","description":"","potentialAction":[{"@type":"SearchAction","target":{"@type":"EntryPoint","urlTemplate":"https:\/\/xenonkungen.com\/?s={search_term_string}"},"query-input":{"@type":"PropertyValueSpecification","valueRequired":true,"valueName":"search_term_string"}}],"inLanguage":"da-DK"}]}},"taxonomy_info":{"product_brand":[{"value":108,"label":"OSRAM"}],"product_cat":[{"value":2647,"label":"Osram"},{"value":1320,"label":"Ficklampor"}],"pa_fargtemperatur":[{"value":1989,"label":"2000 , 6000"}],"pa_fuktskydd-varde-ipxx":[{"value":1318,"label":"IP54"}],"pa_godkannande":[{"value":794,"label":"CE"}],"pa_storlek-mm":[{"value":1988,"label":"91x43x236"}]},"featured_image_src_large":["https:\/\/xenonkungen.com\/wp-content\/uploads\/2025\/04\/215900685-origpic-35924f.jpg",1024,1024,false],"author_info":[],"comment_info":0,"_links":{"self":[{"href":"https:\/\/xenonkungen.com\/dk\/wp-json\/wp\/v2\/product\/7695","targetHints":{"allow":["GET"]}}],"collection":[{"href":"https:\/\/xenonkungen.com\/dk\/wp-json\/wp\/v2\/product"}],"about":[{"href":"https:\/\/xenonkungen.com\/dk\/wp-json\/wp\/v2\/types\/product"}],"replies":[{"embeddable":true,"href":"https:\/\/xenonkungen.com\/dk\/wp-json\/wp\/v2\/comments?post=7695"}],"wp:featuredmedia":[{"embeddable":true,"href":"https:\/\/xenonkungen.com\/dk\/wp-json\/wp\/v2\/media\/7696"}],"wp:attachment":[{"href":"https:\/\/xenonkungen.com\/dk\/wp-json\/wp\/v2\/media?parent=7695"}],"wp:term":[{"taxonomy":"anvandningsomrade","embeddable":true,"href":"https:\/\/xenonkungen.com\/dk\/wp-json\/wp\/v2\/anvandningsomrade?post=7695"},{"taxonomy":"bilmarken","embeddable":true,"href":"https:\/\/xenonkungen.com\/dk\/wp-json\/wp\/v2\/bilmarken?post=7695"},{"taxonomy":"product_brand","embeddable":true,"href":"https:\/\/xenonkungen.com\/dk\/wp-json\/wp\/v2\/product_brand?post=7695"},{"taxonomy":"product_cat","embeddable":true,"href":"https:\/\/xenonkungen.com\/dk\/wp-json\/wp\/v2\/product_cat?post=7695"},{"taxonomy":"product_tag","embeddable":true,"href":"https:\/\/xenonkungen.com\/dk\/wp-json\/wp\/v2\/product_tag?post=7695"}],"curies":[{"name":"wp","href":"https:\/\/api.w.org\/{rel}","templated":true}]}}