{"id":7718,"date":"2025-04-15T09:58:35","date_gmt":"2025-04-15T09:58:35","guid":{"rendered":"https:\/\/xenonkungen.com\/product\/ledriving-kablage-3-meter-dt-kontakt\/"},"modified":"2025-12-10T14:49:20","modified_gmt":"2025-12-10T13:49:20","slug":"led-drivkabel-3-meter-dt-stik","status":"publish","type":"product","link":"https:\/\/xenonkungen.com\/dk\/vare\/led-drivkabel-3-meter-dt-stik\/","title":{"rendered":"LEDriving\u00ae-ledningsf\u00f8ring 3 meter DT-stik"},"content":{"rendered":"<h1>Oplev OSRAM LEDriving Professional Series PX \u2013 Perfekt belysning til professionelle behov<\/h1>\n<p>Takket v\u00e6re arbejdslygterne i OSRAM LEDriving Professional Series PX kan du nu f\u00e5 pr\u00e6cis den rigtige belysning til en r\u00e6kke professionelle opgaver og anvendelser. Disse arbejdslygter kan monteres p\u00e5 tre forskellige m\u00e5der: direkte montering, fleksibel standardmontering og ekstra kraftig montering. Med specialdesignede monteringss\u00e6t og LEDriving Connection Cable 300 DT AX, som er kompatibel med hele OSRAM LEDriving-serien, f\u00e5r du nem og problemfri installation.<\/p>\n<h2>Fleksibel installation til alle k\u00f8ret\u00f8jer<\/h2>\n<p>LEDriving-tilslutningskablet 300 DT AX er egnet til b\u00e5de 12 V og 24 V k\u00f8ret\u00f8jer og giver dig en hurtig tilslutning til str\u00f8mkilden til installation af ekstra- og arbejdslygter. Med rene kobberledere og en gener\u00f8s kabell\u00e6ngde p\u00e5 3 meter kan du installere passende belysning selv p\u00e5 store k\u00f8ret\u00f8jer.<\/p>\n<h2>Ro i sindet med OSRAMs garanti<\/h2>\n<p>Hos OSRAM v\u00e6rds\u00e6tter vi kvalitet og holdbarhed. Derfor tilbyder vi 2 \u00e5rs garanti p\u00e5 alle vores produkter, inklusive LEDriving Professional Series PX.<\/p>","protected":false},"excerpt":{"rendered":"<p>&quot;LEDriving\u00ae ledningsnet med 3 meter DT-stik er nu tilg\u00e6ngeligt i vores onlinebutik! Perfekt til nemt at forbinde dine LEDriving\u00ae-lygter til din bil. Ledningsnettet er lavet af h\u00f8jeste kvalitet og er tilstr\u00e6kkeligt til de fleste installationer. Bestil dit ledningsnet i dag og giv din bil et fantastisk LED-look!&quot;<\/p>","protected":false},"featured_media":7719,"comment_status":"closed","ping_status":"open","template":"","meta":{"_acf_changed":false,"_smort_price_nok":"288","_smort_price_dkk":"183","_smort_price_eur":"24.54","_smort_sale_price_nok":"","_smort_sale_price_dkk":"","_smort_sale_price_eur":"","smort_restorder":"","shipmondo_restorder":"","_kad_blocks_custom_css":"","_kad_blocks_head_custom_js":"","_kad_blocks_body_custom_js":"","_kad_blocks_footer_custom_js":"","smort_custom_pricelist_1":"172.8","smort_custom_pricelist_2":"162","smort_custom_pricelist_3":"153.9","smort_custom_pricelist_4":"216","smort_custom_pricelist_5":"160.82"},"anvandningsomrade":[],"bilmarken":[],"product_brand":[108],"product_cat":[2841,2488,2491,2489,2490,390],"product_tag":[],"class_list":{"0":"post-7718","1":"product","2":"type-product","3":"status-publish","4":"has-post-thumbnail","6":"product_brand-osram","7":"product_cat-installation-extraljus","8":"product_cat-relasats-arbetsbelysning","9":"product_cat-relasats","10":"product_cat-relasats-extraljus","11":"product_cat-relasats-2","12":"product_cat-installation","13":"pa_storlek-mm-1573","14":"pa_volt-v-12-24","16":"first","17":"onbackorder","18":"taxable","19":"shipping-taxable","20":"purchasable","21":"product-type-simple"},"bundled_by":[],"bundle_stock_status":"onbackorder","bundle_stock_quantity":0,"bundle_virtual":false,"bundle_layout":"","bundle_add_to_cart_form_location":"","bundle_editable_in_cart":false,"bundle_sold_individually_context":"","bundle_item_grouping":"","bundle_min_size":"","bundle_max_size":"","bundle_price":[],"bundled_items":[],"bundle_sell_ids":[],"acf":[],"yoast_head":"<!-- This site is optimized with the Yoast SEO plugin v27.0 - https:\/\/yoast.com\/product\/yoast-seo-wordpress\/ -->\n<title>LEDriving\u00ae Kablage 3 meter DT kontakt - Xenonkungen<\/title>\n<meta name=\"robots\" content=\"index, follow, max-snippet:-1, max-image-preview:large, max-video-preview:-1\" \/>\n<link rel=\"canonical\" href=\"https:\/\/xenonkungen.com\/dk\/vare\/led-drivkabel-3-meter-dt-stik\/\" \/>\n<meta property=\"og:locale\" content=\"da_DK\" \/>\n<meta property=\"og:type\" content=\"article\" \/>\n<meta property=\"og:title\" content=\"LEDriving\u00ae Kablage 3 meter DT kontakt - Xenonkungen\" \/>\n<meta property=\"og:description\" content=\"&quot;LEDriving\u00ae Kablage med 3 meter DT kontakt nu tillg\u00e4ngligt i v\u00e5r webbutik! Perfekt f\u00f6r att enkelt ansluta dina LEDriving\u00ae ljus till din bil. Kablaget \u00e4r tillverkat med h\u00f6gsta kvalitet och r\u00e4cker till de flesta installationer. Best\u00e4ll ditt kablage idag och ge din bil ett fantastiskt LED-utseende!&quot;\" \/>\n<meta property=\"og:url\" content=\"https:\/\/xenonkungen.com\/dk\/vare\/led-drivkabel-3-meter-dt-stik\/\" \/>\n<meta property=\"og:site_name\" content=\"Xenonkungen\" \/>\n<meta property=\"article:modified_time\" content=\"2025-12-10T13:49:20+00:00\" \/>\n<meta property=\"og:image\" content=\"https:\/\/xenonkungen.com\/wp-content\/uploads\/2025\/04\/201830737-origpic-d42ab2.jpg\" \/>\n\t<meta property=\"og:image:width\" content=\"900\" \/>\n\t<meta property=\"og:image:height\" content=\"900\" \/>\n\t<meta property=\"og:image:type\" content=\"image\/jpeg\" \/>\n<meta name=\"twitter:card\" content=\"summary_large_image\" \/>\n<meta name=\"twitter:label1\" content=\"Estimeret l\u00e6setid\" \/>\n\t<meta name=\"twitter:data1\" content=\"1 minut\" \/>\n<script type=\"application\/ld+json\" class=\"yoast-schema-graph\">{\"@context\":\"https:\/\/schema.org\",\"@graph\":[{\"@type\":\"WebPage\",\"@id\":\"https:\/\/xenonkungen.com\/produkt\/ledriving-kablage-3-meter-dt-kontakt\/\",\"url\":\"https:\/\/xenonkungen.com\/produkt\/ledriving-kablage-3-meter-dt-kontakt\/\",\"name\":\"LEDriving\u00ae Kablage 3 meter DT kontakt - Xenonkungen\",\"isPartOf\":{\"@id\":\"https:\/\/xenonkungen.com\/#website\"},\"primaryImageOfPage\":{\"@id\":\"https:\/\/xenonkungen.com\/produkt\/ledriving-kablage-3-meter-dt-kontakt\/#primaryimage\"},\"image\":{\"@id\":\"https:\/\/xenonkungen.com\/produkt\/ledriving-kablage-3-meter-dt-kontakt\/#primaryimage\"},\"thumbnailUrl\":\"https:\/\/xenonkungen.com\/wp-content\/uploads\/2025\/04\/201830737-origpic-d42ab2.jpg\",\"datePublished\":\"2025-04-15T09:58:35+00:00\",\"dateModified\":\"2025-12-10T13:49:20+00:00\",\"breadcrumb\":{\"@id\":\"https:\/\/xenonkungen.com\/produkt\/ledriving-kablage-3-meter-dt-kontakt\/#breadcrumb\"},\"inLanguage\":\"da-DK\",\"potentialAction\":[{\"@type\":\"ReadAction\",\"target\":[\"https:\/\/xenonkungen.com\/produkt\/ledriving-kablage-3-meter-dt-kontakt\/\"]}]},{\"@type\":\"ImageObject\",\"inLanguage\":\"da-DK\",\"@id\":\"https:\/\/xenonkungen.com\/produkt\/ledriving-kablage-3-meter-dt-kontakt\/#primaryimage\",\"url\":\"https:\/\/xenonkungen.com\/wp-content\/uploads\/2025\/04\/201830737-origpic-d42ab2.jpg\",\"contentUrl\":\"https:\/\/xenonkungen.com\/wp-content\/uploads\/2025\/04\/201830737-origpic-d42ab2.jpg\",\"width\":900,\"height\":900},{\"@type\":\"BreadcrumbList\",\"@id\":\"https:\/\/xenonkungen.com\/produkt\/ledriving-kablage-3-meter-dt-kontakt\/#breadcrumb\",\"itemListElement\":[{\"@type\":\"ListItem\",\"position\":1,\"name\":\"Hem\",\"item\":\"https:\/\/xenonkungen.com\/\"},{\"@type\":\"ListItem\",\"position\":2,\"name\":\"Shop\",\"item\":\"https:\/\/xenonkungen.com\/shop\/\"},{\"@type\":\"ListItem\",\"position\":3,\"name\":\"LEDriving\u00ae Kablage 3 meter DT kontakt\"}]},{\"@type\":\"WebSite\",\"@id\":\"https:\/\/xenonkungen.com\/#website\",\"url\":\"https:\/\/xenonkungen.com\/\",\"name\":\"Xenonkungen\",\"description\":\"\",\"potentialAction\":[{\"@type\":\"SearchAction\",\"target\":{\"@type\":\"EntryPoint\",\"urlTemplate\":\"https:\/\/xenonkungen.com\/?s={search_term_string}\"},\"query-input\":{\"@type\":\"PropertyValueSpecification\",\"valueRequired\":true,\"valueName\":\"search_term_string\"}}],\"inLanguage\":\"da-DK\"}]}<\/script>\n<!-- \/ Yoast SEO plugin. -->","yoast_head_json":{"title":"LEDriving\u00ae Ledningsf\u00f8ring 3 meter DT-stik - Xenonkungen","robots":{"index":"index","follow":"follow","max-snippet":"max-snippet:-1","max-image-preview":"max-image-preview:large","max-video-preview":"max-video-preview:-1"},"canonical":"https:\/\/xenonkungen.com\/dk\/vare\/led-drivkabel-3-meter-dt-stik\/","og_locale":"da_DK","og_type":"article","og_title":"LEDriving\u00ae Kablage 3 meter DT kontakt - Xenonkungen","og_description":"\"LEDriving\u00ae Kablage med 3 meter DT kontakt nu tillg\u00e4ngligt i v\u00e5r webbutik! Perfekt f\u00f6r att enkelt ansluta dina LEDriving\u00ae ljus till din bil. Kablaget \u00e4r tillverkat med h\u00f6gsta kvalitet och r\u00e4cker till de flesta installationer. Best\u00e4ll ditt kablage idag och ge din bil ett fantastiskt LED-utseende!\"","og_url":"https:\/\/xenonkungen.com\/dk\/vare\/led-drivkabel-3-meter-dt-stik\/","og_site_name":"Xenonkungen","article_modified_time":"2025-12-10T13:49:20+00:00","og_image":[{"width":900,"height":900,"url":"https:\/\/xenonkungen.com\/wp-content\/uploads\/2025\/04\/201830737-origpic-d42ab2.jpg","type":"image\/jpeg"}],"twitter_card":"summary_large_image","twitter_misc":{"Estimeret l\u00e6setid":"1 minut"},"schema":{"@context":"https:\/\/schema.org","@graph":[{"@type":"WebPage","@id":"https:\/\/xenonkungen.com\/produkt\/ledriving-kablage-3-meter-dt-kontakt\/","url":"https:\/\/xenonkungen.com\/produkt\/ledriving-kablage-3-meter-dt-kontakt\/","name":"LEDriving\u00ae Ledningsf\u00f8ring 3 meter DT-stik - Xenonkungen","isPartOf":{"@id":"https:\/\/xenonkungen.com\/#website"},"primaryImageOfPage":{"@id":"https:\/\/xenonkungen.com\/produkt\/ledriving-kablage-3-meter-dt-kontakt\/#primaryimage"},"image":{"@id":"https:\/\/xenonkungen.com\/produkt\/ledriving-kablage-3-meter-dt-kontakt\/#primaryimage"},"thumbnailUrl":"https:\/\/xenonkungen.com\/wp-content\/uploads\/2025\/04\/201830737-origpic-d42ab2.jpg","datePublished":"2025-04-15T09:58:35+00:00","dateModified":"2025-12-10T13:49:20+00:00","breadcrumb":{"@id":"https:\/\/xenonkungen.com\/produkt\/ledriving-kablage-3-meter-dt-kontakt\/#breadcrumb"},"inLanguage":"da-DK","potentialAction":[{"@type":"ReadAction","target":["https:\/\/xenonkungen.com\/produkt\/ledriving-kablage-3-meter-dt-kontakt\/"]}]},{"@type":"ImageObject","inLanguage":"da-DK","@id":"https:\/\/xenonkungen.com\/produkt\/ledriving-kablage-3-meter-dt-kontakt\/#primaryimage","url":"https:\/\/xenonkungen.com\/wp-content\/uploads\/2025\/04\/201830737-origpic-d42ab2.jpg","contentUrl":"https:\/\/xenonkungen.com\/wp-content\/uploads\/2025\/04\/201830737-origpic-d42ab2.jpg","width":900,"height":900},{"@type":"BreadcrumbList","@id":"https:\/\/xenonkungen.com\/produkt\/ledriving-kablage-3-meter-dt-kontakt\/#breadcrumb","itemListElement":[{"@type":"ListItem","position":1,"name":"Hem","item":"https:\/\/xenonkungen.com\/"},{"@type":"ListItem","position":2,"name":"Shop","item":"https:\/\/xenonkungen.com\/shop\/"},{"@type":"ListItem","position":3,"name":"LEDriving\u00ae Kablage 3 meter DT kontakt"}]},{"@type":"WebSite","@id":"https:\/\/xenonkungen.com\/#website","url":"https:\/\/xenonkungen.com\/","name":"Xenonkungen","description":"","potentialAction":[{"@type":"SearchAction","target":{"@type":"EntryPoint","urlTemplate":"https:\/\/xenonkungen.com\/?s={search_term_string}"},"query-input":{"@type":"PropertyValueSpecification","valueRequired":true,"valueName":"search_term_string"}}],"inLanguage":"da-DK"}]}},"taxonomy_info":{"product_brand":[{"value":108,"label":"OSRAM"}],"product_cat":[{"value":2841,"label":"Installation extraljus"},{"value":2488,"label":"Rel\u00e4sats"},{"value":2491,"label":"Rel\u00e4sats"},{"value":2489,"label":"Rel\u00e4satser"},{"value":2490,"label":"Rel\u00e4satser"},{"value":390,"label":"Installation"}],"pa_storlek-mm":[{"value":1573,"label":"3000"}],"pa_volt-v":[{"value":348,"label":"12, 24"}]},"featured_image_src_large":["https:\/\/xenonkungen.com\/wp-content\/uploads\/2025\/04\/201830737-origpic-d42ab2.jpg",900,900,false],"author_info":[],"comment_info":0,"_links":{"self":[{"href":"https:\/\/xenonkungen.com\/dk\/wp-json\/wp\/v2\/product\/7718","targetHints":{"allow":["GET"]}}],"collection":[{"href":"https:\/\/xenonkungen.com\/dk\/wp-json\/wp\/v2\/product"}],"about":[{"href":"https:\/\/xenonkungen.com\/dk\/wp-json\/wp\/v2\/types\/product"}],"replies":[{"embeddable":true,"href":"https:\/\/xenonkungen.com\/dk\/wp-json\/wp\/v2\/comments?post=7718"}],"wp:featuredmedia":[{"embeddable":true,"href":"https:\/\/xenonkungen.com\/dk\/wp-json\/wp\/v2\/media\/7719"}],"wp:attachment":[{"href":"https:\/\/xenonkungen.com\/dk\/wp-json\/wp\/v2\/media?parent=7718"}],"wp:term":[{"taxonomy":"anvandningsomrade","embeddable":true,"href":"https:\/\/xenonkungen.com\/dk\/wp-json\/wp\/v2\/anvandningsomrade?post=7718"},{"taxonomy":"bilmarken","embeddable":true,"href":"https:\/\/xenonkungen.com\/dk\/wp-json\/wp\/v2\/bilmarken?post=7718"},{"taxonomy":"product_brand","embeddable":true,"href":"https:\/\/xenonkungen.com\/dk\/wp-json\/wp\/v2\/product_brand?post=7718"},{"taxonomy":"product_cat","embeddable":true,"href":"https:\/\/xenonkungen.com\/dk\/wp-json\/wp\/v2\/product_cat?post=7718"},{"taxonomy":"product_tag","embeddable":true,"href":"https:\/\/xenonkungen.com\/dk\/wp-json\/wp\/v2\/product_tag?post=7718"}],"curies":[{"name":"wp","href":"https:\/\/api.w.org\/{rel}","templated":true}]}}