{"id":7745,"date":"2025-04-15T09:58:58","date_gmt":"2025-04-15T09:58:58","guid":{"rendered":"https:\/\/xenonkungen.com\/product\/ledriving-arbetsljus-cube-px1500-wide\/"},"modified":"2026-04-11T01:34:03","modified_gmt":"2026-04-11T00:34:03","slug":"ledriving-arbejdslampe-kube-px1500-bred","status":"publish","type":"product","link":"https:\/\/xenonkungen.com\/dk\/vare\/ledriving-arbejdslampe-kube-px1500-bred\/","title":{"rendered":"LEDriving\u00ae Arbejdslys Cube PX1500 Wide"},"content":{"rendered":"<h1>OSRAM LEDriving Professional Series PX: Skr\u00e6ddersyet arbejdsbelysning til professionel brug<\/h1>\n<h2>Skr\u00e6ddersyet til dine arbejdsbehov<\/h2>\n<p>Med OSRAM LEDriving Professional Series PX arbejdslamper kan du finde den helt rigtige belysning til en lang r\u00e6kke professionelle opgaver og anvendelser. Den modulopbyggede serie omfatter i alt 16 arbejdslamper, alle med maksimal optisk effektivitet, praktisk anvendelighed og homogen lysfordeling. Denne serie fokuserer p\u00e5 de vigtigste aspekter af arbejdslamper: belysning, ydeevne, kvalitet, form, holdbarhed og funktionalitet, hvilket bidrager til sikrere arbejdsforhold for b\u00e5de dig og andre.<\/p>\n<h2>H\u00f8jtydende og fleksibel<\/h2>\n<p>Disse h\u00f8jtydende lamper tilbyder et komplet og k\u00f8ret\u00f8jsspecifikt belysningss\u00e6t, der kan skr\u00e6ddersys til dine individuelle behov. De passer til b\u00e5de 12 V- og 24 V-k\u00f8ret\u00f8jer og f\u00e5s med fire lysm\u00f8nstre (Flood, Spot, Wide, Ultra-Wide) og fire effektniveauer (1.500 lm, 2.500 lm, 3.500 lm, 4.500 lm) for hver lygte. Derudover er der tre forskellige monteringsmuligheder: direkte montering, fleksibel standardmontering og kraftig montering.<\/p>\n<h2>Kvalitetssikret med lang levetid<\/h2>\n<p>OSRAM har udviklet specialdesignede monteringss\u00e6t og et kabel med DT-stik. Professional-serien er valideret til de h\u00f8jeste IP- og IK-beskyttelsesklasser (IP6K8 og IP6K9K) samt CISPR25 klasse 5 og er designet til at opfylde de h\u00f8jeste OE-standarder og krav fra bilindustrien. Med 5 \u00e5rs garanti fra OSRAM kan du v\u00e6re sikker p\u00e5 produkternes kvalitet og lange levetid.<\/p>","protected":false},"excerpt":{"rendered":"<p>OSRAM LEDriving Professional Series PX: Skr\u00e4ddarsydd Arbetsbelysning f\u00f6r Professionellt Anv\u00e4ndning Anpassad f\u00f6r dina arbetsbehov Med arbetsljusen i serien OSRAM LEDriving Professional Series PX, kan du hitta exakt r\u00e4tt belysning f\u00f6r ett brett utbud av yrkesm\u00e4ssiga arbetsuppgifter och till\u00e4mpningar. Den modul\u00e4ra serien omfattar totalt 16 arbetsljus, alla med maximal optisk effektivitet, \u00e4ndam\u00e5lsenlighet och homogen ljusf\u00f6rdelning. Denna [&hellip;]<\/p>","protected":false},"featured_media":7746,"comment_status":"closed","ping_status":"open","template":"","meta":{"_acf_changed":false,"_smort_price_nok":"1431","_smort_price_dkk":"909","_smort_price_eur":"121.81","_smort_sale_price_nok":"","_smort_sale_price_dkk":"","_smort_sale_price_eur":"","smort_restorder":"","shipmondo_restorder":"","_kad_blocks_custom_css":"","_kad_blocks_head_custom_js":"","_kad_blocks_body_custom_js":"","_kad_blocks_footer_custom_js":"","smort_custom_pricelist_1":"857.6","smort_custom_pricelist_2":"804","smort_custom_pricelist_3":"763.8","smort_custom_pricelist_4":"1072","smort_custom_pricelist_5":"798.13"},"anvandningsomrade":[],"bilmarken":[],"product_brand":[108],"product_cat":[2639,508],"product_tag":[],"class_list":{"0":"post-7745","1":"product","2":"type-product","3":"status-publish","4":"has-post-thumbnail","6":"product_brand-osram","7":"product_cat-osram-ledriving-arbetsbelysning","8":"product_cat-arbetsbelysning","9":"pa_fargtemperatur-1428","10":"pa_fuktskydd-varde-ipxx-ip6k8-ip6k9k","11":"pa_godkannande-ece-r10-cispr25-class-5-fcc-part-15b","12":"pa_lampsockel-kontakt-dt","13":"pa_led-chips-effekt-w-510","14":"pa_ljusbild-wide","15":"pa_storlek-mm-68x113x117","16":"pa_volt-v-12-24","18":"first","19":"onbackorder","20":"taxable","21":"shipping-taxable","22":"purchasable","23":"product-type-simple"},"bundled_by":[],"bundle_stock_status":"onbackorder","bundle_stock_quantity":0,"bundle_virtual":false,"bundle_layout":"","bundle_add_to_cart_form_location":"","bundle_editable_in_cart":false,"bundle_sold_individually_context":"","bundle_item_grouping":"","bundle_min_size":"","bundle_max_size":"","bundle_price":[],"bundled_items":[],"bundle_sell_ids":[],"acf":[],"yoast_head":"<!-- This site is optimized with the Yoast SEO plugin v27.0 - https:\/\/yoast.com\/product\/yoast-seo-wordpress\/ -->\n<title>LEDriving\u00ae Arbetsljus Cube PX1500 Wide - Xenonkungen<\/title>\n<meta name=\"robots\" content=\"index, follow, max-snippet:-1, max-image-preview:large, max-video-preview:-1\" \/>\n<link rel=\"canonical\" href=\"https:\/\/xenonkungen.com\/dk\/vare\/ledriving-arbejdslampe-kube-px1500-bred\/\" \/>\n<meta property=\"og:locale\" content=\"da_DK\" \/>\n<meta property=\"og:type\" content=\"article\" \/>\n<meta property=\"og:title\" content=\"LEDriving\u00ae Arbetsljus Cube PX1500 Wide - Xenonkungen\" \/>\n<meta property=\"og:description\" content=\"OSRAM LEDriving Professional Series PX: Skr\u00e4ddarsydd Arbetsbelysning f\u00f6r Professionellt Anv\u00e4ndning Anpassad f\u00f6r dina arbetsbehov Med arbetsljusen i serien OSRAM LEDriving Professional Series PX, kan du hitta exakt r\u00e4tt belysning f\u00f6r ett brett utbud av yrkesm\u00e4ssiga arbetsuppgifter och till\u00e4mpningar. Den modul\u00e4ra serien omfattar totalt 16 arbetsljus, alla med maximal optisk effektivitet, \u00e4ndam\u00e5lsenlighet och homogen ljusf\u00f6rdelning. Denna [&hellip;]\" \/>\n<meta property=\"og:url\" content=\"https:\/\/xenonkungen.com\/dk\/vare\/ledriving-arbejdslampe-kube-px1500-bred\/\" \/>\n<meta property=\"og:site_name\" content=\"Xenonkungen\" \/>\n<meta property=\"article:modified_time\" content=\"2026-04-11T00:34:03+00:00\" \/>\n<meta property=\"og:image\" content=\"https:\/\/xenonkungen.com\/wp-content\/uploads\/2025\/04\/201830727-origpic-6e6d85.jpg\" \/>\n\t<meta property=\"og:image:width\" content=\"900\" \/>\n\t<meta property=\"og:image:height\" content=\"900\" \/>\n\t<meta property=\"og:image:type\" content=\"image\/jpeg\" \/>\n<meta name=\"twitter:card\" content=\"summary_large_image\" \/>\n<meta name=\"twitter:label1\" content=\"Estimeret l\u00e6setid\" \/>\n\t<meta name=\"twitter:data1\" content=\"1 minut\" \/>\n<script type=\"application\/ld+json\" class=\"yoast-schema-graph\">{\"@context\":\"https:\/\/schema.org\",\"@graph\":[{\"@type\":\"WebPage\",\"@id\":\"https:\/\/xenonkungen.com\/produkt\/ledriving-arbetsljus-cube-px1500-wide\/\",\"url\":\"https:\/\/xenonkungen.com\/produkt\/ledriving-arbetsljus-cube-px1500-wide\/\",\"name\":\"LEDriving\u00ae Arbetsljus Cube PX1500 Wide - Xenonkungen\",\"isPartOf\":{\"@id\":\"https:\/\/xenonkungen.com\/#website\"},\"primaryImageOfPage\":{\"@id\":\"https:\/\/xenonkungen.com\/produkt\/ledriving-arbetsljus-cube-px1500-wide\/#primaryimage\"},\"image\":{\"@id\":\"https:\/\/xenonkungen.com\/produkt\/ledriving-arbetsljus-cube-px1500-wide\/#primaryimage\"},\"thumbnailUrl\":\"https:\/\/xenonkungen.com\/wp-content\/uploads\/2025\/04\/201830727-origpic-6e6d85.jpg\",\"datePublished\":\"2025-04-15T09:58:58+00:00\",\"dateModified\":\"2026-04-11T00:34:03+00:00\",\"breadcrumb\":{\"@id\":\"https:\/\/xenonkungen.com\/produkt\/ledriving-arbetsljus-cube-px1500-wide\/#breadcrumb\"},\"inLanguage\":\"da-DK\",\"potentialAction\":[{\"@type\":\"ReadAction\",\"target\":[\"https:\/\/xenonkungen.com\/produkt\/ledriving-arbetsljus-cube-px1500-wide\/\"]}]},{\"@type\":\"ImageObject\",\"inLanguage\":\"da-DK\",\"@id\":\"https:\/\/xenonkungen.com\/produkt\/ledriving-arbetsljus-cube-px1500-wide\/#primaryimage\",\"url\":\"https:\/\/xenonkungen.com\/wp-content\/uploads\/2025\/04\/201830727-origpic-6e6d85.jpg\",\"contentUrl\":\"https:\/\/xenonkungen.com\/wp-content\/uploads\/2025\/04\/201830727-origpic-6e6d85.jpg\",\"width\":900,\"height\":900},{\"@type\":\"BreadcrumbList\",\"@id\":\"https:\/\/xenonkungen.com\/produkt\/ledriving-arbetsljus-cube-px1500-wide\/#breadcrumb\",\"itemListElement\":[{\"@type\":\"ListItem\",\"position\":1,\"name\":\"Hem\",\"item\":\"https:\/\/xenonkungen.com\/\"},{\"@type\":\"ListItem\",\"position\":2,\"name\":\"Shop\",\"item\":\"https:\/\/xenonkungen.com\/shop\/\"},{\"@type\":\"ListItem\",\"position\":3,\"name\":\"LEDriving\u00ae Arbetsljus Cube PX1500 Wide\"}]},{\"@type\":\"WebSite\",\"@id\":\"https:\/\/xenonkungen.com\/#website\",\"url\":\"https:\/\/xenonkungen.com\/\",\"name\":\"Xenonkungen\",\"description\":\"\",\"potentialAction\":[{\"@type\":\"SearchAction\",\"target\":{\"@type\":\"EntryPoint\",\"urlTemplate\":\"https:\/\/xenonkungen.com\/?s={search_term_string}\"},\"query-input\":{\"@type\":\"PropertyValueSpecification\",\"valueRequired\":true,\"valueName\":\"search_term_string\"}}],\"inLanguage\":\"da-DK\"}]}<\/script>\n<!-- \/ Yoast SEO plugin. -->","yoast_head_json":{"title":"LEDriving\u00ae Arbejdslampe Cube PX1500 Bred - Xenonkungen","robots":{"index":"index","follow":"follow","max-snippet":"max-snippet:-1","max-image-preview":"max-image-preview:large","max-video-preview":"max-video-preview:-1"},"canonical":"https:\/\/xenonkungen.com\/dk\/vare\/ledriving-arbejdslampe-kube-px1500-bred\/","og_locale":"da_DK","og_type":"article","og_title":"LEDriving\u00ae Arbetsljus Cube PX1500 Wide - Xenonkungen","og_description":"OSRAM LEDriving Professional Series PX: Skr\u00e4ddarsydd Arbetsbelysning f\u00f6r Professionellt Anv\u00e4ndning Anpassad f\u00f6r dina arbetsbehov Med arbetsljusen i serien OSRAM LEDriving Professional Series PX, kan du hitta exakt r\u00e4tt belysning f\u00f6r ett brett utbud av yrkesm\u00e4ssiga arbetsuppgifter och till\u00e4mpningar. Den modul\u00e4ra serien omfattar totalt 16 arbetsljus, alla med maximal optisk effektivitet, \u00e4ndam\u00e5lsenlighet och homogen ljusf\u00f6rdelning. Denna [&hellip;]","og_url":"https:\/\/xenonkungen.com\/dk\/vare\/ledriving-arbejdslampe-kube-px1500-bred\/","og_site_name":"Xenonkungen","article_modified_time":"2026-04-11T00:34:03+00:00","og_image":[{"width":900,"height":900,"url":"https:\/\/xenonkungen.com\/wp-content\/uploads\/2025\/04\/201830727-origpic-6e6d85.jpg","type":"image\/jpeg"}],"twitter_card":"summary_large_image","twitter_misc":{"Estimeret l\u00e6setid":"1 minut"},"schema":{"@context":"https:\/\/schema.org","@graph":[{"@type":"WebPage","@id":"https:\/\/xenonkungen.com\/produkt\/ledriving-arbetsljus-cube-px1500-wide\/","url":"https:\/\/xenonkungen.com\/produkt\/ledriving-arbetsljus-cube-px1500-wide\/","name":"LEDriving\u00ae Arbejdslampe Cube PX1500 Bred - Xenonkungen","isPartOf":{"@id":"https:\/\/xenonkungen.com\/#website"},"primaryImageOfPage":{"@id":"https:\/\/xenonkungen.com\/produkt\/ledriving-arbetsljus-cube-px1500-wide\/#primaryimage"},"image":{"@id":"https:\/\/xenonkungen.com\/produkt\/ledriving-arbetsljus-cube-px1500-wide\/#primaryimage"},"thumbnailUrl":"https:\/\/xenonkungen.com\/wp-content\/uploads\/2025\/04\/201830727-origpic-6e6d85.jpg","datePublished":"2025-04-15T09:58:58+00:00","dateModified":"2026-04-11T00:34:03+00:00","breadcrumb":{"@id":"https:\/\/xenonkungen.com\/produkt\/ledriving-arbetsljus-cube-px1500-wide\/#breadcrumb"},"inLanguage":"da-DK","potentialAction":[{"@type":"ReadAction","target":["https:\/\/xenonkungen.com\/produkt\/ledriving-arbetsljus-cube-px1500-wide\/"]}]},{"@type":"ImageObject","inLanguage":"da-DK","@id":"https:\/\/xenonkungen.com\/produkt\/ledriving-arbetsljus-cube-px1500-wide\/#primaryimage","url":"https:\/\/xenonkungen.com\/wp-content\/uploads\/2025\/04\/201830727-origpic-6e6d85.jpg","contentUrl":"https:\/\/xenonkungen.com\/wp-content\/uploads\/2025\/04\/201830727-origpic-6e6d85.jpg","width":900,"height":900},{"@type":"BreadcrumbList","@id":"https:\/\/xenonkungen.com\/produkt\/ledriving-arbetsljus-cube-px1500-wide\/#breadcrumb","itemListElement":[{"@type":"ListItem","position":1,"name":"Hem","item":"https:\/\/xenonkungen.com\/"},{"@type":"ListItem","position":2,"name":"Shop","item":"https:\/\/xenonkungen.com\/shop\/"},{"@type":"ListItem","position":3,"name":"LEDriving\u00ae Arbetsljus Cube PX1500 Wide"}]},{"@type":"WebSite","@id":"https:\/\/xenonkungen.com\/#website","url":"https:\/\/xenonkungen.com\/","name":"Xenonkungen","description":"","potentialAction":[{"@type":"SearchAction","target":{"@type":"EntryPoint","urlTemplate":"https:\/\/xenonkungen.com\/?s={search_term_string}"},"query-input":{"@type":"PropertyValueSpecification","valueRequired":true,"valueName":"search_term_string"}}],"inLanguage":"da-DK"}]}},"taxonomy_info":{"product_brand":[{"value":108,"label":"OSRAM"}],"product_cat":[{"value":2639,"label":"OSRAM Ledriving"},{"value":508,"label":"Arbetsbelysning"}],"pa_fargtemperatur":[{"value":1428,"label":"6000"}],"pa_fuktskydd-varde-ipxx":[{"value":1996,"label":"IP6K8 IP6K9K"}],"pa_godkannande":[{"value":1997,"label":"ECE R10\/CISPR25\/CLASS 5\/FCC part 15b"}],"pa_lampsockel-kontakt":[{"value":329,"label":"DT"}],"pa_led-chips-effekt-w":[{"value":510,"label":"15"}],"pa_ljusbild":[{"value":1998,"label":"Wide"}],"pa_storlek-mm":[{"value":1995,"label":"68x113x117"}],"pa_volt-v":[{"value":348,"label":"12, 24"}]},"featured_image_src_large":["https:\/\/xenonkungen.com\/wp-content\/uploads\/2025\/04\/201830727-origpic-6e6d85.jpg",900,900,false],"author_info":[],"comment_info":0,"_links":{"self":[{"href":"https:\/\/xenonkungen.com\/dk\/wp-json\/wp\/v2\/product\/7745","targetHints":{"allow":["GET"]}}],"collection":[{"href":"https:\/\/xenonkungen.com\/dk\/wp-json\/wp\/v2\/product"}],"about":[{"href":"https:\/\/xenonkungen.com\/dk\/wp-json\/wp\/v2\/types\/product"}],"replies":[{"embeddable":true,"href":"https:\/\/xenonkungen.com\/dk\/wp-json\/wp\/v2\/comments?post=7745"}],"wp:featuredmedia":[{"embeddable":true,"href":"https:\/\/xenonkungen.com\/dk\/wp-json\/wp\/v2\/media\/7746"}],"wp:attachment":[{"href":"https:\/\/xenonkungen.com\/dk\/wp-json\/wp\/v2\/media?parent=7745"}],"wp:term":[{"taxonomy":"anvandningsomrade","embeddable":true,"href":"https:\/\/xenonkungen.com\/dk\/wp-json\/wp\/v2\/anvandningsomrade?post=7745"},{"taxonomy":"bilmarken","embeddable":true,"href":"https:\/\/xenonkungen.com\/dk\/wp-json\/wp\/v2\/bilmarken?post=7745"},{"taxonomy":"product_brand","embeddable":true,"href":"https:\/\/xenonkungen.com\/dk\/wp-json\/wp\/v2\/product_brand?post=7745"},{"taxonomy":"product_cat","embeddable":true,"href":"https:\/\/xenonkungen.com\/dk\/wp-json\/wp\/v2\/product_cat?post=7745"},{"taxonomy":"product_tag","embeddable":true,"href":"https:\/\/xenonkungen.com\/dk\/wp-json\/wp\/v2\/product_tag?post=7745"}],"curies":[{"name":"wp","href":"https:\/\/api.w.org\/{rel}","templated":true}]}}