{"id":8063,"date":"2025-04-15T10:02:41","date_gmt":"2025-04-15T10:02:41","guid":{"rendered":"https:\/\/xenonkungen.com\/product\/ledinspect-wearable-necklight\/"},"modified":"2026-04-10T22:47:35","modified_gmt":"2026-04-10T21:47:35","slug":"ledinspect-baerbar-halslampe","status":"publish","type":"product","link":"https:\/\/xenonkungen.com\/dk\/vare\/ledinspect-baerbar-halslampe\/","title":{"rendered":"LEDinspect\u00ae b\u00e6rbart halslys"},"content":{"rendered":"<h2>Opdag den alsidige og innovative LEDinspect Wearable Neck Light fra OSRAM<\/h2>\n<p>Den perfekte belysningsl\u00f8sning til b\u00e5de professionel og privat brug. Med to individuelt aftagelige lommelygter og et fleksibelt design, der kan b\u00e6res om halsen, bruges som pandelampe, holdes i h\u00e5nden eller fastg\u00f8res til magnetiske overflader, giver denne lampe dig fuld frihed til at arbejde med dine h\u00e6nder fri. Uanset om du udf\u00f8rer pr\u00e6cisionsarbejde, reparerer din bil eller arbejder med h\u00e5ndv\u00e6rk, er denne lampe et uvurderligt v\u00e6rkt\u00f8j.<\/p>\n<h3>Tilpasset belysning til ethvert behov<\/h3>\n<p>Lampen tilbyder to str\u00f8mtilstande med op til <strong>265 lumen<\/strong> (h\u00f8j) eller <strong>130 lumen<\/strong> (lav) og en justerbar vinkel p\u00e5 90 grader, s\u00e5 du nemt kan justere belysningen efter dine behov.<\/p>\n<h3>Holdbart batteri og hurtig opladning<\/h3>\n<p>Det genopladelige batteri giver op til <strong>3 timers brug<\/strong> ved maksimal effekt og op til <strong>4,5 timer<\/strong> ved lavere effekt \u2013 og det tager kun <strong>1,5 timer<\/strong> at oplade. Der medf\u00f8lger ogs\u00e5 et USB Micro B-opladerkabel til nem opladning af de enkelte lys.<\/p>\n<h3>Robust og p\u00e5lidelig<\/h3>\n<p>Med <strong>IP54-beskyttelse<\/strong> mod st\u00f8v og st\u00e6nkvand og en robust konstruktion testet i henhold til <strong>IK07<\/strong> For ekstra holdbarhed kan denne lampe modst\u00e5 barske milj\u00f8er og arbejdsforhold.<\/p>\n<h3>Let og nem at b\u00e6re<\/h3>\n<p>Med en let v\u00e6gt p\u00e5 kun <strong>115 gram<\/strong> og et glat design er <strong>LEDinspect b\u00e6rbar halslampe<\/strong> Nem at opbevare og tage med overalt. Den er ideel til hobbyarbejde, bilreparationer og hverdagsbrug.<\/p>\n<p>OSRAM tilbyder ogs\u00e5 <strong>2 \u00e5rs garanti<\/strong>, s\u00e5 du kan f\u00f8le dig tryg med din investering.<\/p>","protected":false},"excerpt":{"rendered":"<p>Oplev LEDinspect Wearable Neck Light fra OSRAM \u2013 en fleksibel og kraftfuld belysningsl\u00f8sning til b\u00e5de professionel og privat brug. Med sit justerbare design, genopladelige batteri og st\u00e6rke lysstyrke er den ideel til alle typer opgaver og milj\u00f8er.<\/p>","protected":false},"featured_media":8064,"comment_status":"closed","ping_status":"closed","template":"","meta":{"_acf_changed":false,"_smort_price_nok":"360","_smort_price_dkk":"305","_smort_price_eur":"40.91","_smort_sale_price_nok":"360","_smort_sale_price_dkk":"","_smort_sale_price_eur":"30.68","smort_restorder":"","shipmondo_restorder":"","_kad_blocks_custom_css":"","_kad_blocks_head_custom_js":"","_kad_blocks_body_custom_js":"","_kad_blocks_footer_custom_js":"","smort_custom_pricelist_1":"288","smort_custom_pricelist_2":"252","smort_custom_pricelist_3":"234","smort_custom_pricelist_4":"360","smort_custom_pricelist_5":"252"},"anvandningsomrade":[237],"bilmarken":[],"product_brand":[108],"product_cat":[2647,1320,1402],"product_tag":[],"class_list":{"0":"post-8063","1":"product","2":"type-product","3":"status-publish","4":"has-post-thumbnail","6":"anvandningsomrade-fritid","7":"product_brand-osram","8":"product_cat-osram-ficklampor","9":"product_cat-ficklampor","10":"product_cat-outlet","11":"pa_fargtemperatur-2019","12":"pa_godkannande-ce-emc-msds-rohs-ukca","13":"pa_led-chips-effekt-w-2007","14":"pa_storlek-mm-25x158x150","15":"pa_volt-v-3-7","17":"first","18":"instock","19":"sale","20":"taxable","21":"shipping-taxable","22":"purchasable","23":"product-type-simple"},"bundled_by":[],"bundle_stock_status":"instock","bundle_stock_quantity":2,"bundle_virtual":false,"bundle_layout":"","bundle_add_to_cart_form_location":"","bundle_editable_in_cart":false,"bundle_sold_individually_context":"","bundle_item_grouping":"","bundle_min_size":"","bundle_max_size":"","bundle_price":[],"bundled_items":[],"bundle_sell_ids":[],"acf":[],"yoast_head":"<!-- This site is optimized with the Yoast SEO plugin v27.0 - https:\/\/yoast.com\/product\/yoast-seo-wordpress\/ -->\n<title>LEDinspect\u00ae Wearable Necklight - Xenonkungen<\/title>\n<meta name=\"robots\" content=\"index, follow, max-snippet:-1, max-image-preview:large, max-video-preview:-1\" \/>\n<link rel=\"canonical\" href=\"https:\/\/xenonkungen.com\/dk\/vare\/ledinspect-baerbar-halslampe\/\" \/>\n<meta property=\"og:locale\" content=\"da_DK\" \/>\n<meta property=\"og:type\" content=\"article\" \/>\n<meta property=\"og:title\" content=\"LEDinspect\u00ae Wearable Necklight - Xenonkungen\" \/>\n<meta property=\"og:description\" content=\"Uppt\u00e4ck LEDinspect Wearable Neck Light fr\u00e5n OSRAM \u2013 en flexibel och kraftfull belysningsl\u00f6sning f\u00f6r b\u00e5de professionellt och privat bruk. Med sin justerbara design, laddningsbara batteri och starka ljusstyrka \u00e4r den idealisk f\u00f6r alla typer av uppgifter och milj\u00f6er.\" \/>\n<meta property=\"og:url\" content=\"https:\/\/xenonkungen.com\/dk\/vare\/ledinspect-baerbar-halslampe\/\" \/>\n<meta property=\"og:site_name\" content=\"Xenonkungen\" \/>\n<meta property=\"article:modified_time\" content=\"2026-04-10T21:47:35+00:00\" \/>\n<meta property=\"og:image\" content=\"https:\/\/xenonkungen.com\/wp-content\/uploads\/2025\/04\/215790437-origpic-4ac9b2.jpg\" \/>\n\t<meta property=\"og:image:width\" content=\"913\" \/>\n\t<meta property=\"og:image:height\" content=\"915\" \/>\n\t<meta property=\"og:image:type\" content=\"image\/jpeg\" \/>\n<meta name=\"twitter:card\" content=\"summary_large_image\" \/>\n<meta name=\"twitter:label1\" content=\"Estimeret l\u00e6setid\" \/>\n\t<meta name=\"twitter:data1\" content=\"1 minut\" \/>\n<script type=\"application\/ld+json\" class=\"yoast-schema-graph\">{\"@context\":\"https:\/\/schema.org\",\"@graph\":[{\"@type\":\"WebPage\",\"@id\":\"https:\/\/xenonkungen.com\/produkt\/ledinspect-wearable-necklight\/\",\"url\":\"https:\/\/xenonkungen.com\/produkt\/ledinspect-wearable-necklight\/\",\"name\":\"LEDinspect\u00ae Wearable Necklight - Xenonkungen\",\"isPartOf\":{\"@id\":\"https:\/\/xenonkungen.com\/#website\"},\"primaryImageOfPage\":{\"@id\":\"https:\/\/xenonkungen.com\/produkt\/ledinspect-wearable-necklight\/#primaryimage\"},\"image\":{\"@id\":\"https:\/\/xenonkungen.com\/produkt\/ledinspect-wearable-necklight\/#primaryimage\"},\"thumbnailUrl\":\"https:\/\/xenonkungen.com\/wp-content\/uploads\/2025\/04\/215790437-origpic-4ac9b2.jpg\",\"datePublished\":\"2025-04-15T10:02:41+00:00\",\"dateModified\":\"2026-04-10T21:47:35+00:00\",\"breadcrumb\":{\"@id\":\"https:\/\/xenonkungen.com\/produkt\/ledinspect-wearable-necklight\/#breadcrumb\"},\"inLanguage\":\"da-DK\",\"potentialAction\":[{\"@type\":\"ReadAction\",\"target\":[\"https:\/\/xenonkungen.com\/produkt\/ledinspect-wearable-necklight\/\"]}]},{\"@type\":\"ImageObject\",\"inLanguage\":\"da-DK\",\"@id\":\"https:\/\/xenonkungen.com\/produkt\/ledinspect-wearable-necklight\/#primaryimage\",\"url\":\"https:\/\/xenonkungen.com\/wp-content\/uploads\/2025\/04\/215790437-origpic-4ac9b2.jpg\",\"contentUrl\":\"https:\/\/xenonkungen.com\/wp-content\/uploads\/2025\/04\/215790437-origpic-4ac9b2.jpg\",\"width\":913,\"height\":915},{\"@type\":\"BreadcrumbList\",\"@id\":\"https:\/\/xenonkungen.com\/produkt\/ledinspect-wearable-necklight\/#breadcrumb\",\"itemListElement\":[{\"@type\":\"ListItem\",\"position\":1,\"name\":\"Hem\",\"item\":\"https:\/\/xenonkungen.com\/\"},{\"@type\":\"ListItem\",\"position\":2,\"name\":\"Shop\",\"item\":\"https:\/\/xenonkungen.com\/shop\/\"},{\"@type\":\"ListItem\",\"position\":3,\"name\":\"LEDinspect\u00ae Wearable Necklight\"}]},{\"@type\":\"WebSite\",\"@id\":\"https:\/\/xenonkungen.com\/#website\",\"url\":\"https:\/\/xenonkungen.com\/\",\"name\":\"Xenonkungen\",\"description\":\"\",\"potentialAction\":[{\"@type\":\"SearchAction\",\"target\":{\"@type\":\"EntryPoint\",\"urlTemplate\":\"https:\/\/xenonkungen.com\/?s={search_term_string}\"},\"query-input\":{\"@type\":\"PropertyValueSpecification\",\"valueRequired\":true,\"valueName\":\"search_term_string\"}}],\"inLanguage\":\"da-DK\"}]}<\/script>\n<!-- \/ Yoast SEO plugin. -->","yoast_head_json":{"title":"LEDinspect\u00ae B\u00e6rbar Halslampe - Xenon Kongen","robots":{"index":"index","follow":"follow","max-snippet":"max-snippet:-1","max-image-preview":"max-image-preview:large","max-video-preview":"max-video-preview:-1"},"canonical":"https:\/\/xenonkungen.com\/dk\/vare\/ledinspect-baerbar-halslampe\/","og_locale":"da_DK","og_type":"article","og_title":"LEDinspect\u00ae Wearable Necklight - Xenonkungen","og_description":"Uppt\u00e4ck LEDinspect Wearable Neck Light fr\u00e5n OSRAM \u2013 en flexibel och kraftfull belysningsl\u00f6sning f\u00f6r b\u00e5de professionellt och privat bruk. Med sin justerbara design, laddningsbara batteri och starka ljusstyrka \u00e4r den idealisk f\u00f6r alla typer av uppgifter och milj\u00f6er.","og_url":"https:\/\/xenonkungen.com\/dk\/vare\/ledinspect-baerbar-halslampe\/","og_site_name":"Xenonkungen","article_modified_time":"2026-04-10T21:47:35+00:00","og_image":[{"width":913,"height":915,"url":"https:\/\/xenonkungen.com\/wp-content\/uploads\/2025\/04\/215790437-origpic-4ac9b2.jpg","type":"image\/jpeg"}],"twitter_card":"summary_large_image","twitter_misc":{"Estimeret l\u00e6setid":"1 minut"},"schema":{"@context":"https:\/\/schema.org","@graph":[{"@type":"WebPage","@id":"https:\/\/xenonkungen.com\/produkt\/ledinspect-wearable-necklight\/","url":"https:\/\/xenonkungen.com\/produkt\/ledinspect-wearable-necklight\/","name":"LEDinspect\u00ae B\u00e6rbar Halslampe - Xenon Kongen","isPartOf":{"@id":"https:\/\/xenonkungen.com\/#website"},"primaryImageOfPage":{"@id":"https:\/\/xenonkungen.com\/produkt\/ledinspect-wearable-necklight\/#primaryimage"},"image":{"@id":"https:\/\/xenonkungen.com\/produkt\/ledinspect-wearable-necklight\/#primaryimage"},"thumbnailUrl":"https:\/\/xenonkungen.com\/wp-content\/uploads\/2025\/04\/215790437-origpic-4ac9b2.jpg","datePublished":"2025-04-15T10:02:41+00:00","dateModified":"2026-04-10T21:47:35+00:00","breadcrumb":{"@id":"https:\/\/xenonkungen.com\/produkt\/ledinspect-wearable-necklight\/#breadcrumb"},"inLanguage":"da-DK","potentialAction":[{"@type":"ReadAction","target":["https:\/\/xenonkungen.com\/produkt\/ledinspect-wearable-necklight\/"]}]},{"@type":"ImageObject","inLanguage":"da-DK","@id":"https:\/\/xenonkungen.com\/produkt\/ledinspect-wearable-necklight\/#primaryimage","url":"https:\/\/xenonkungen.com\/wp-content\/uploads\/2025\/04\/215790437-origpic-4ac9b2.jpg","contentUrl":"https:\/\/xenonkungen.com\/wp-content\/uploads\/2025\/04\/215790437-origpic-4ac9b2.jpg","width":913,"height":915},{"@type":"BreadcrumbList","@id":"https:\/\/xenonkungen.com\/produkt\/ledinspect-wearable-necklight\/#breadcrumb","itemListElement":[{"@type":"ListItem","position":1,"name":"Hem","item":"https:\/\/xenonkungen.com\/"},{"@type":"ListItem","position":2,"name":"Shop","item":"https:\/\/xenonkungen.com\/shop\/"},{"@type":"ListItem","position":3,"name":"LEDinspect\u00ae Wearable Necklight"}]},{"@type":"WebSite","@id":"https:\/\/xenonkungen.com\/#website","url":"https:\/\/xenonkungen.com\/","name":"Xenonkungen","description":"","potentialAction":[{"@type":"SearchAction","target":{"@type":"EntryPoint","urlTemplate":"https:\/\/xenonkungen.com\/?s={search_term_string}"},"query-input":{"@type":"PropertyValueSpecification","valueRequired":true,"valueName":"search_term_string"}}],"inLanguage":"da-DK"}]}},"taxonomy_info":{"anvandningsomrade":[{"value":237,"label":"Fritid"}],"product_brand":[{"value":108,"label":"OSRAM"}],"product_cat":[{"value":2647,"label":"Osram"},{"value":1320,"label":"Ficklampor"},{"value":1402,"label":"Outlet"}],"pa_fargtemperatur":[{"value":2019,"label":"6500"}],"pa_godkannande":[{"value":2020,"label":"CE , EMC , MSDS , ROHS , UKCA"}],"pa_led-chips-effekt-w":[{"value":2007,"label":"1"}],"pa_storlek-mm":[{"value":2024,"label":"25x158x150"}],"pa_volt-v":[{"value":2016,"label":"3.7"}]},"featured_image_src_large":["https:\/\/xenonkungen.com\/wp-content\/uploads\/2025\/04\/215790437-origpic-4ac9b2.jpg",913,915,false],"author_info":[],"comment_info":0,"_links":{"self":[{"href":"https:\/\/xenonkungen.com\/dk\/wp-json\/wp\/v2\/product\/8063","targetHints":{"allow":["GET"]}}],"collection":[{"href":"https:\/\/xenonkungen.com\/dk\/wp-json\/wp\/v2\/product"}],"about":[{"href":"https:\/\/xenonkungen.com\/dk\/wp-json\/wp\/v2\/types\/product"}],"replies":[{"embeddable":true,"href":"https:\/\/xenonkungen.com\/dk\/wp-json\/wp\/v2\/comments?post=8063"}],"wp:featuredmedia":[{"embeddable":true,"href":"https:\/\/xenonkungen.com\/dk\/wp-json\/wp\/v2\/media\/8064"}],"wp:attachment":[{"href":"https:\/\/xenonkungen.com\/dk\/wp-json\/wp\/v2\/media?parent=8063"}],"wp:term":[{"taxonomy":"anvandningsomrade","embeddable":true,"href":"https:\/\/xenonkungen.com\/dk\/wp-json\/wp\/v2\/anvandningsomrade?post=8063"},{"taxonomy":"bilmarken","embeddable":true,"href":"https:\/\/xenonkungen.com\/dk\/wp-json\/wp\/v2\/bilmarken?post=8063"},{"taxonomy":"product_brand","embeddable":true,"href":"https:\/\/xenonkungen.com\/dk\/wp-json\/wp\/v2\/product_brand?post=8063"},{"taxonomy":"product_cat","embeddable":true,"href":"https:\/\/xenonkungen.com\/dk\/wp-json\/wp\/v2\/product_cat?post=8063"},{"taxonomy":"product_tag","embeddable":true,"href":"https:\/\/xenonkungen.com\/dk\/wp-json\/wp\/v2\/product_tag?post=8063"}],"curies":[{"name":"wp","href":"https:\/\/api.w.org\/{rel}","templated":true}]}}