{"id":8085,"date":"2025-04-15T10:02:41","date_gmt":"2025-04-15T10:02:41","guid":{"rendered":"https:\/\/xenonkungen.com\/product\/ledinspect-mini250\/"},"modified":"2026-02-25T10:56:16","modified_gmt":"2026-02-25T09:56:16","slug":"ledinspect-mini250","status":"publish","type":"product","link":"https:\/\/xenonkungen.com\/dk\/vare\/ledinspect-mini250\/","title":{"rendered":"LEDINSPECT MINI250"},"content":{"rendered":"<h1>Alsidig inspektionslampe fra OSRAM \u2013 perfekt til alle dine behov<\/h1>\n<p>Med denne robuste inspektionslampe af h\u00f8j kvalitet fra OSRAM f\u00e5r du den perfekte belysningsl\u00f8sning til b\u00e5de professionel og privat brug. Uanset om du arbejder med bilreparationer, laver h\u00e5ndv\u00e6rk eller har brug for p\u00e5lideligt lys til hverdagens opgaver, er denne lampe bygget til at levere.<\/p>\n<h2>Tilpasset lys til enhver opgave<\/h2>\n<p>Denne inspektionslampe tilbyder tre forskellige lystilstande, der passer til dine specifikke behov:<\/p>\n<ul>\n<li><strong>H\u00f8j:<\/strong> Op til 250 lm for st\u00e6rk og klar belysning.<\/li>\n<li><strong>Lav:<\/strong> Op til 130 lm for energieffektiv arbejdsbelysning.<\/li>\n<li><strong>Lommelygtefunktion:<\/strong> Op til 70 lm \u2013 perfekt til fokuseret lys, n\u00e5r du har brug for det.<\/li>\n<\/ul>\n<p>Den vinklede base kan drejes op til 180\u00ba, hvilket g\u00f8r det nemt at rette lyset pr\u00e6cis derhen, hvor du har brug for det, uden besv\u00e6r.<\/p>\n<h2>Lang driftstid og nem opladning<\/h2>\n<p>Lampen er genopladelig og tilbyder op til 3 timers driftstid ved h\u00f8j lysstyrke og hele 6 timer ved lav lysstyrke. Det medf\u00f8lgende USB-C-opladerkabel og str\u00f8madapter g\u00f8r opladning hurtig og nem, og den integrerede opladningsindikator holder dig altid informeret om batteristatus.<\/p>\n<h2>Designet til barske forhold<\/h2>\n<p>Med en IP65-klassificering er denne inspektionslampe b\u00e5de st\u00f8v- og vandafvisende, mens en IK07-slagfasthedsklassificering sikrer, at den kan modst\u00e5 st\u00f8d og slag, n\u00e5r den arbejder i kr\u00e6vende milj\u00f8er. Den har ogs\u00e5 en skridsikker, smudsafvisende overflade samt en praktisk krog og magneter, der g\u00f8r den nem at placere, hvor du har brug for den.<\/p>\n<h2>OSRAM-kvalitet med 2 \u00e5rs garanti<\/h2>\n<p>Som et yderligere bevis p\u00e5 kvaliteten tilbyder OSRAM 2 \u00e5rs garanti p\u00e5 denne inspektionslampe. Invester i et produkt, der er bygget til at holde og leverer fleksibel og p\u00e5lidelig belysning i alle situationer. Perfekt til dem, der har brug for en p\u00e5lidelig arbejdslampe til alt fra bilreparationer og h\u00e5ndv\u00e6rk til hverdagsbrug.<\/p>\n<p><img loading=\"lazy\" decoding=\"async\" src=\"https:\/\/cdn.abicart.com\/shop\/4404\/files\/Produkter\/Osram\/LEDIL401\/Small%20for%20web%20and%20ppt-AM_Icon_Multi_Angle_Light_Output_pos_021.jpg\" alt=\"\" width=\"84\" height=\"84\" \/> \u00a0 \u00a0 <img loading=\"lazy\" decoding=\"async\" src=\"https:\/\/cdn.abicart.com\/shop\/4404\/files\/Produkter\/Osram\/LEDIL401\/Small%20for%20web%20and%20ppt-AM_Icon_250_Lumen_k_neg.jpg\" alt=\"\" width=\"84\" height=\"84\" \/> \u00a0 \u00a0 <img loading=\"lazy\" decoding=\"async\" src=\"https:\/\/cdn.abicart.com\/shop\/4404\/files\/Produkter\/Osram\/LEDIL401\/Cable-and-plug-PICTO.webp\" alt=\"\" width=\"84\" height=\"84\" \/> \u00a0 \u00a0 <img loading=\"lazy\" decoding=\"async\" src=\"https:\/\/cdn.abicart.com\/shop\/4404\/files\/Produkter\/Osram\/LEDIL401\/PICTO-2-YEAR-OSRAM-GUARANTEE-Automotive-LED.webp\" alt=\"\" width=\"84\" height=\"84\" \/><\/p>","protected":false},"excerpt":{"rendered":"<p>M\u00e5ngsidig Inspektionslampa fr\u00e5n OSRAM \u2013 Perfekt f\u00f6r Alla Dina Behov Med denna h\u00f6gkvalitativa och robusta inspektionslampa fr\u00e5n OSRAM f\u00e5r du den perfekta belysningsl\u00f6sningen f\u00f6r b\u00e5de professionell och privat anv\u00e4ndning. Oavsett om du arbetar med bilreparationer, hantverk eller beh\u00f6ver ett p\u00e5litligt ljus f\u00f6r vardagliga uppgifter, \u00e4r denna lampa skapad f\u00f6r att leverera. Anpassningsbart Ljus f\u00f6r Varje [&hellip;]<\/p>","protected":false},"featured_media":8086,"comment_status":"closed","ping_status":"closed","template":"","meta":{"_acf_changed":false,"_smort_price_nok":"427","_smort_price_dkk":"356","_smort_price_eur":"47.73","_smort_sale_price_nok":"427","_smort_sale_price_dkk":"","_smort_sale_price_eur":"31.8","smort_restorder":"","shipmondo_restorder":"","_kad_blocks_custom_css":"","_kad_blocks_head_custom_js":"","_kad_blocks_body_custom_js":"","_kad_blocks_footer_custom_js":"","smort_custom_pricelist_1":"336","smort_custom_pricelist_2":"294","smort_custom_pricelist_3":"273","smort_custom_pricelist_4":"420","smort_custom_pricelist_5":"336"},"anvandningsomrade":[],"bilmarken":[],"product_brand":[108],"product_cat":[134,1402],"product_tag":[],"class_list":{"0":"post-8085","1":"product","2":"type-product","3":"status-publish","4":"has-post-thumbnail","6":"product_brand-osram","7":"product_cat-inspektionslampor","8":"product_cat-outlet","9":"pa_fargtemperatur-1459","10":"pa_godkannande-ce-emc-msds-rohs","11":"pa_led-chips-effekt-w-2027","12":"pa_storlek-mm-200x56x41","13":"pa_volt-v-3-7","15":"first","16":"instock","17":"sale","18":"taxable","19":"shipping-taxable","20":"purchasable","21":"product-type-simple"},"bundled_by":[],"bundle_stock_status":"instock","bundle_stock_quantity":2,"bundle_virtual":false,"bundle_layout":"","bundle_add_to_cart_form_location":"","bundle_editable_in_cart":false,"bundle_sold_individually_context":"","bundle_item_grouping":"","bundle_min_size":"","bundle_max_size":"","bundle_price":[],"bundled_items":[],"bundle_sell_ids":[],"acf":[],"yoast_head":"<!-- This site is optimized with the Yoast SEO plugin v27.0 - https:\/\/yoast.com\/product\/yoast-seo-wordpress\/ -->\n<title>LEDINSPECT MINI250 - Xenonkungen<\/title>\n<meta name=\"robots\" content=\"index, follow, max-snippet:-1, max-image-preview:large, max-video-preview:-1\" \/>\n<link rel=\"canonical\" href=\"https:\/\/xenonkungen.com\/dk\/vare\/ledinspect-mini250\/\" \/>\n<meta property=\"og:locale\" content=\"da_DK\" \/>\n<meta property=\"og:type\" content=\"article\" \/>\n<meta property=\"og:title\" content=\"LEDINSPECT MINI250 - Xenonkungen\" \/>\n<meta property=\"og:description\" content=\"M\u00e5ngsidig Inspektionslampa fr\u00e5n OSRAM \u2013 Perfekt f\u00f6r Alla Dina Behov Med denna h\u00f6gkvalitativa och robusta inspektionslampa fr\u00e5n OSRAM f\u00e5r du den perfekta belysningsl\u00f6sningen f\u00f6r b\u00e5de professionell och privat anv\u00e4ndning. Oavsett om du arbetar med bilreparationer, hantverk eller beh\u00f6ver ett p\u00e5litligt ljus f\u00f6r vardagliga uppgifter, \u00e4r denna lampa skapad f\u00f6r att leverera. Anpassningsbart Ljus f\u00f6r Varje [&hellip;]\" \/>\n<meta property=\"og:url\" content=\"https:\/\/xenonkungen.com\/dk\/vare\/ledinspect-mini250\/\" \/>\n<meta property=\"og:site_name\" content=\"Xenonkungen\" \/>\n<meta property=\"article:modified_time\" content=\"2026-02-25T09:56:16+00:00\" \/>\n<meta property=\"og:image\" content=\"https:\/\/xenonkungen.com\/wp-content\/uploads\/2025\/04\/216462155-origpic-370acb.jpg\" \/>\n\t<meta property=\"og:image:width\" content=\"1024\" \/>\n\t<meta property=\"og:image:height\" content=\"1024\" \/>\n\t<meta property=\"og:image:type\" content=\"image\/jpeg\" \/>\n<meta name=\"twitter:card\" content=\"summary_large_image\" \/>\n<meta name=\"twitter:label1\" content=\"Estimeret l\u00e6setid\" \/>\n\t<meta name=\"twitter:data1\" content=\"2 minutter\" \/>\n<script type=\"application\/ld+json\" class=\"yoast-schema-graph\">{\"@context\":\"https:\/\/schema.org\",\"@graph\":[{\"@type\":\"WebPage\",\"@id\":\"https:\/\/xenonkungen.com\/produkt\/ledinspect-mini250\/\",\"url\":\"https:\/\/xenonkungen.com\/produkt\/ledinspect-mini250\/\",\"name\":\"LEDINSPECT MINI250 - Xenonkungen\",\"isPartOf\":{\"@id\":\"https:\/\/xenonkungen.com\/#website\"},\"primaryImageOfPage\":{\"@id\":\"https:\/\/xenonkungen.com\/produkt\/ledinspect-mini250\/#primaryimage\"},\"image\":{\"@id\":\"https:\/\/xenonkungen.com\/produkt\/ledinspect-mini250\/#primaryimage\"},\"thumbnailUrl\":\"https:\/\/xenonkungen.com\/wp-content\/uploads\/2025\/04\/216462155-origpic-370acb.jpg\",\"datePublished\":\"2025-04-15T10:02:41+00:00\",\"dateModified\":\"2026-02-25T09:56:16+00:00\",\"breadcrumb\":{\"@id\":\"https:\/\/xenonkungen.com\/produkt\/ledinspect-mini250\/#breadcrumb\"},\"inLanguage\":\"da-DK\",\"potentialAction\":[{\"@type\":\"ReadAction\",\"target\":[\"https:\/\/xenonkungen.com\/produkt\/ledinspect-mini250\/\"]}]},{\"@type\":\"ImageObject\",\"inLanguage\":\"da-DK\",\"@id\":\"https:\/\/xenonkungen.com\/produkt\/ledinspect-mini250\/#primaryimage\",\"url\":\"https:\/\/xenonkungen.com\/wp-content\/uploads\/2025\/04\/216462155-origpic-370acb.jpg\",\"contentUrl\":\"https:\/\/xenonkungen.com\/wp-content\/uploads\/2025\/04\/216462155-origpic-370acb.jpg\",\"width\":1024,\"height\":1024},{\"@type\":\"BreadcrumbList\",\"@id\":\"https:\/\/xenonkungen.com\/produkt\/ledinspect-mini250\/#breadcrumb\",\"itemListElement\":[{\"@type\":\"ListItem\",\"position\":1,\"name\":\"Hem\",\"item\":\"https:\/\/xenonkungen.com\/\"},{\"@type\":\"ListItem\",\"position\":2,\"name\":\"Shop\",\"item\":\"https:\/\/xenonkungen.com\/shop\/\"},{\"@type\":\"ListItem\",\"position\":3,\"name\":\"LEDINSPECT MINI250\"}]},{\"@type\":\"WebSite\",\"@id\":\"https:\/\/xenonkungen.com\/#website\",\"url\":\"https:\/\/xenonkungen.com\/\",\"name\":\"Xenonkungen\",\"description\":\"\",\"potentialAction\":[{\"@type\":\"SearchAction\",\"target\":{\"@type\":\"EntryPoint\",\"urlTemplate\":\"https:\/\/xenonkungen.com\/?s={search_term_string}\"},\"query-input\":{\"@type\":\"PropertyValueSpecification\",\"valueRequired\":true,\"valueName\":\"search_term_string\"}}],\"inLanguage\":\"da-DK\"}]}<\/script>\n<!-- \/ Yoast SEO plugin. -->","yoast_head_json":{"title":"LEDINSPECT MINI250 - Xenon-kongen","robots":{"index":"index","follow":"follow","max-snippet":"max-snippet:-1","max-image-preview":"max-image-preview:large","max-video-preview":"max-video-preview:-1"},"canonical":"https:\/\/xenonkungen.com\/dk\/vare\/ledinspect-mini250\/","og_locale":"da_DK","og_type":"article","og_title":"LEDINSPECT MINI250 - Xenonkungen","og_description":"M\u00e5ngsidig Inspektionslampa fr\u00e5n OSRAM \u2013 Perfekt f\u00f6r Alla Dina Behov Med denna h\u00f6gkvalitativa och robusta inspektionslampa fr\u00e5n OSRAM f\u00e5r du den perfekta belysningsl\u00f6sningen f\u00f6r b\u00e5de professionell och privat anv\u00e4ndning. Oavsett om du arbetar med bilreparationer, hantverk eller beh\u00f6ver ett p\u00e5litligt ljus f\u00f6r vardagliga uppgifter, \u00e4r denna lampa skapad f\u00f6r att leverera. Anpassningsbart Ljus f\u00f6r Varje [&hellip;]","og_url":"https:\/\/xenonkungen.com\/dk\/vare\/ledinspect-mini250\/","og_site_name":"Xenonkungen","article_modified_time":"2026-02-25T09:56:16+00:00","og_image":[{"width":1024,"height":1024,"url":"https:\/\/xenonkungen.com\/wp-content\/uploads\/2025\/04\/216462155-origpic-370acb.jpg","type":"image\/jpeg"}],"twitter_card":"summary_large_image","twitter_misc":{"Estimeret l\u00e6setid":"2 minutter"},"schema":{"@context":"https:\/\/schema.org","@graph":[{"@type":"WebPage","@id":"https:\/\/xenonkungen.com\/produkt\/ledinspect-mini250\/","url":"https:\/\/xenonkungen.com\/produkt\/ledinspect-mini250\/","name":"LEDINSPECT MINI250 - Xenon-kongen","isPartOf":{"@id":"https:\/\/xenonkungen.com\/#website"},"primaryImageOfPage":{"@id":"https:\/\/xenonkungen.com\/produkt\/ledinspect-mini250\/#primaryimage"},"image":{"@id":"https:\/\/xenonkungen.com\/produkt\/ledinspect-mini250\/#primaryimage"},"thumbnailUrl":"https:\/\/xenonkungen.com\/wp-content\/uploads\/2025\/04\/216462155-origpic-370acb.jpg","datePublished":"2025-04-15T10:02:41+00:00","dateModified":"2026-02-25T09:56:16+00:00","breadcrumb":{"@id":"https:\/\/xenonkungen.com\/produkt\/ledinspect-mini250\/#breadcrumb"},"inLanguage":"da-DK","potentialAction":[{"@type":"ReadAction","target":["https:\/\/xenonkungen.com\/produkt\/ledinspect-mini250\/"]}]},{"@type":"ImageObject","inLanguage":"da-DK","@id":"https:\/\/xenonkungen.com\/produkt\/ledinspect-mini250\/#primaryimage","url":"https:\/\/xenonkungen.com\/wp-content\/uploads\/2025\/04\/216462155-origpic-370acb.jpg","contentUrl":"https:\/\/xenonkungen.com\/wp-content\/uploads\/2025\/04\/216462155-origpic-370acb.jpg","width":1024,"height":1024},{"@type":"BreadcrumbList","@id":"https:\/\/xenonkungen.com\/produkt\/ledinspect-mini250\/#breadcrumb","itemListElement":[{"@type":"ListItem","position":1,"name":"Hem","item":"https:\/\/xenonkungen.com\/"},{"@type":"ListItem","position":2,"name":"Shop","item":"https:\/\/xenonkungen.com\/shop\/"},{"@type":"ListItem","position":3,"name":"LEDINSPECT MINI250"}]},{"@type":"WebSite","@id":"https:\/\/xenonkungen.com\/#website","url":"https:\/\/xenonkungen.com\/","name":"Xenonkungen","description":"","potentialAction":[{"@type":"SearchAction","target":{"@type":"EntryPoint","urlTemplate":"https:\/\/xenonkungen.com\/?s={search_term_string}"},"query-input":{"@type":"PropertyValueSpecification","valueRequired":true,"valueName":"search_term_string"}}],"inLanguage":"da-DK"}]}},"taxonomy_info":{"product_brand":[{"value":108,"label":"OSRAM"}],"product_cat":[{"value":134,"label":"Inspektionslampor"},{"value":1402,"label":"Outlet"}],"pa_fargtemperatur":[{"value":1459,"label":"5700"}],"pa_godkannande":[{"value":2011,"label":"CE , EMC , MSDS , ROHS"}],"pa_led-chips-effekt-w":[{"value":2027,"label":"7"}],"pa_storlek-mm":[{"value":2026,"label":"200x56x41"}],"pa_volt-v":[{"value":2016,"label":"3.7"}]},"featured_image_src_large":["https:\/\/xenonkungen.com\/wp-content\/uploads\/2025\/04\/216462155-origpic-370acb.jpg",1024,1024,false],"author_info":[],"comment_info":0,"_links":{"self":[{"href":"https:\/\/xenonkungen.com\/dk\/wp-json\/wp\/v2\/product\/8085","targetHints":{"allow":["GET"]}}],"collection":[{"href":"https:\/\/xenonkungen.com\/dk\/wp-json\/wp\/v2\/product"}],"about":[{"href":"https:\/\/xenonkungen.com\/dk\/wp-json\/wp\/v2\/types\/product"}],"replies":[{"embeddable":true,"href":"https:\/\/xenonkungen.com\/dk\/wp-json\/wp\/v2\/comments?post=8085"}],"wp:featuredmedia":[{"embeddable":true,"href":"https:\/\/xenonkungen.com\/dk\/wp-json\/wp\/v2\/media\/8086"}],"wp:attachment":[{"href":"https:\/\/xenonkungen.com\/dk\/wp-json\/wp\/v2\/media?parent=8085"}],"wp:term":[{"taxonomy":"anvandningsomrade","embeddable":true,"href":"https:\/\/xenonkungen.com\/dk\/wp-json\/wp\/v2\/anvandningsomrade?post=8085"},{"taxonomy":"bilmarken","embeddable":true,"href":"https:\/\/xenonkungen.com\/dk\/wp-json\/wp\/v2\/bilmarken?post=8085"},{"taxonomy":"product_brand","embeddable":true,"href":"https:\/\/xenonkungen.com\/dk\/wp-json\/wp\/v2\/product_brand?post=8085"},{"taxonomy":"product_cat","embeddable":true,"href":"https:\/\/xenonkungen.com\/dk\/wp-json\/wp\/v2\/product_cat?post=8085"},{"taxonomy":"product_tag","embeddable":true,"href":"https:\/\/xenonkungen.com\/dk\/wp-json\/wp\/v2\/product_tag?post=8085"}],"curies":[{"name":"wp","href":"https:\/\/api.w.org\/{rel}","templated":true}]}}