{"id":8160,"date":"2025-04-15T10:03:59","date_gmt":"2025-04-15T10:03:59","guid":{"rendered":"https:\/\/xenonkungen.com\/product\/ledriving-dynamiska-spegelblinkers-audi-a3-8v-black-edition\/"},"modified":"2026-04-11T01:31:52","modified_gmt":"2026-04-11T00:31:52","slug":"ledriving-dynamiske-spejlblinklys-audi-a3-8v-sort-udgave","status":"publish","type":"product","link":"https:\/\/xenonkungen.com\/dk\/vare\/ledriving-dynamiske-spejlblinklys-audi-a3-8v-sort-udgave\/","title":{"rendered":"LEDriving\u00ae Dynamic Mirror Turn Signals - Audi A3 8V - Black Edition"},"content":{"rendered":"<p>Skru op for WOW-faktoren med OSRAM LEDriving dynamiske udvendige spejlblinklys<\/p>\n<p>Innovativ og up-to-date<\/p>\n<p>Drevet af vores str\u00e6ben efter innovation og kvalitet omdefinerer vi bilbelysning fra OSRAM. Sammen med LEDriving dynamiske spejlindikatorer har den omfattende OSRAM LED-portef\u00f8lje f\u00e5et en yderligere opgradering. Disse fuldt dynamiske LED-spejlindikatorer tilbyder et innovativt design, der p\u00e5 imponerende vis supplerer dit individuelle udseende. De er baseret p\u00e5 innovative h\u00f8jtydende LED'er med op til 200% mere lysstyrke) og imponerende h\u00f8j kontrast b\u00e5de dag og nat p\u00e5 grund af det intense gule LED-lys).<\/p>\n<p>Takket v\u00e6re den nyeste lysstyringsteknologi giver de ogs\u00e5 en homogen lysfordeling over den overflade, der skal belyses. Som et resultat af alle disse aspekter er der mulighed for forbedret opfattelse af dit k\u00f8ret\u00f8j fra modk\u00f8rende trafik og dermed \u00f8get sikkerhed i trafikken. (Derudover tilbyder OSRAM 5 \u00e5rs garanti).<\/p>\n<p>H\u00f8j kompatibilitet og skr\u00e6ddersyet design<\/p>\n<p>Dynamiske LED-spejlindikatorer er ikke kun kendetegnet ved deres innovative lysteknologi, men ogs\u00e5 ved en h\u00f8j grad af kompatibilitet. S\u00e5 de er kompatible med en lang r\u00e6kke k\u00f8ret\u00f8jsmodeller. Der er ogs\u00e5 to varianter at v\u00e6lge imellem: BLACK EDITION eller WHITE EDITION - begge er designet til effektivt at fremh\u00e6ve den individuelle stil i mange k\u00f8ret\u00f8jer. Mens BLACK-udgaven imponerer med et tonet, sort design, har WHITE-udgaven et klart og hvidt design. P\u00e5 grund af de to forskellige versioner passer de dynamiske LED-spejlindikatorer perfekt til eksteri\u00f8ret p\u00e5 en lang r\u00e6kke k\u00f8ret\u00f8jer.<\/p>\n<p>ECE-certificeret og ukompliceret konvertering<br \/>At fremh\u00e6ve k\u00f8ret\u00f8jet helt lovligt, p\u00e5 en enkel og ekstremt elegant m\u00e5de med i\u00f8jnefaldende accenter er nu meget let med de nyeste OSRAM-innovationer. I henhold til ECE-retningslinjerne er de n\u00f8dvendige tests og godkendelser blevet udf\u00f8rt p\u00e5 LEDriving dynamiske spejlindikatorer, hvilket betyder, at de er helt lovlige i vejtrafikken, og det er ikke n\u00f8dvendigt at registrere dem i k\u00f8ret\u00f8jets dokumenter. ECE-certificeret i henhold til ECE R6\/R10.<\/p>\n<p>Plug &amp; Play-teknologien sikrer en hurtig og ukompliceret installation af LEDriving dynamiske spejlindikatorer, eksisterende kabler beh\u00f8ver ikke at blive udskiftet eller beskadiget.<\/p>\n<p>Testet OSRAM-kvalitet i henhold til DIN EN ISO\/IEC 17025<\/p>\n<p>LEDriving dynamisk spejlindikator er blevet testet i vores DIN-certificerede milj\u00f8simuleringslaboratorium for ekstreme eksterne p\u00e5virkninger i form af vand, st\u00f8v, kolde og varme temperaturer, UV-lys og permanente vibrationer og st\u00f8d og valideret med IP-beskyttelsesklasse IP6K9K.<\/p>\n<p>T\u00e6nd for WOW med OSRAM LEDriving dynamiske spejlindikatorer<\/p>\n<p><strong> Black Edition | 5 \u00e5rs garanti | 12V | IP69 | R6, R10 <\/strong><\/p>\n<p><strong> G\u00e6lder for: <\/strong><br \/>Audi A3 8V (08\/2012)<br \/>Audi S3 8V (5 \/ 2013)<br \/>Audi RS3 8VA (4 \/ 2015)<\/p>\n<p><iframe loading=\"lazy\" frameborder=\"0\" height=\"315\" allow=\"accelerometer; autoplay; encrypted-media; gyroscope; picture-in-picture\" src=\"https:\/\/www.youtube.com\/embed\/Q8ny4ARAyeA\" width=\"560\" allowfullscreen=\"allowfullscreen\"><\/iframe><\/p>","protected":false},"excerpt":{"rendered":"<p>Dynamisk blinklys til din bil fra verdens f\u00f8rende Osram!  Forbedrer din bils udseende, samtidig med at det g\u00f8r dit k\u00f8ret\u00f8j mere sikkert p\u00e5 vejen!<\/p>","protected":false},"featured_media":8161,"comment_status":"closed","ping_status":"closed","template":"","meta":{"_acf_changed":false,"_smort_price_nok":"2446","_smort_price_dkk":"1554","_smort_price_eur":"208.17","_smort_sale_price_nok":"","_smort_sale_price_dkk":"","_smort_sale_price_eur":"","smort_restorder":"","shipmondo_restorder":"","_kad_blocks_custom_css":"","_kad_blocks_head_custom_js":"","_kad_blocks_body_custom_js":"","_kad_blocks_footer_custom_js":"","smort_custom_pricelist_1":"1465.6","smort_custom_pricelist_2":"1465.6","smort_custom_pricelist_3":"1392.32","smort_custom_pricelist_4":"1832","smort_custom_pricelist_5":"1465.6"},"anvandningsomrade":[],"bilmarken":[],"product_brand":[108],"product_cat":[2644,338],"product_tag":[],"class_list":{"0":"post-8160","1":"product","2":"type-product","3":"status-publish","4":"has-post-thumbnail","6":"product_brand-osram","7":"product_cat-dynamiska-spegelblinkers","8":"product_cat-diodlampor","9":"pa_fuktskydd-varde-ipxx-ip69","10":"pa_godkannande-ece-r7-ece-r10","11":"pa_lampsockel-kontakt-plug-and-play-pnp","12":"pa_volt-v-159","14":"first","15":"instock","16":"taxable","17":"shipping-taxable","18":"purchasable","19":"product-type-simple"},"bundled_by":[],"bundle_stock_status":"instock","bundle_stock_quantity":1,"bundle_virtual":false,"bundle_layout":"","bundle_add_to_cart_form_location":"","bundle_editable_in_cart":false,"bundle_sold_individually_context":"","bundle_item_grouping":"","bundle_min_size":"","bundle_max_size":"","bundle_price":[],"bundled_items":[],"bundle_sell_ids":[],"acf":[],"yoast_head":"<!-- This site is optimized with the Yoast SEO plugin v27.0 - https:\/\/yoast.com\/product\/yoast-seo-wordpress\/ -->\n<title>LEDriving\u00ae Dynamiska spegelblinkers - Audi A3 8V - Black Edition - Xenonkungen<\/title>\n<meta name=\"robots\" content=\"index, follow, max-snippet:-1, max-image-preview:large, max-video-preview:-1\" \/>\n<link rel=\"canonical\" href=\"https:\/\/xenonkungen.com\/dk\/vare\/ledriving-dynamiske-spejlblinklys-audi-a3-8v-sort-udgave\/\" \/>\n<meta property=\"og:locale\" content=\"da_DK\" \/>\n<meta property=\"og:type\" content=\"article\" \/>\n<meta property=\"og:title\" content=\"LEDriving\u00ae Dynamiska spegelblinkers - Audi A3 8V - Black Edition - Xenonkungen\" \/>\n<meta property=\"og:description\" content=\"Dynamisk blinker till din bil fr\u00e5n v\u00e4rldsledaren Osram! Lyfter utseendet p\u00e5 er bil, samtidigt som den g\u00f6r ert fordon s\u00e4krare i trafiken!\" \/>\n<meta property=\"og:url\" content=\"https:\/\/xenonkungen.com\/dk\/vare\/ledriving-dynamiske-spejlblinklys-audi-a3-8v-sort-udgave\/\" \/>\n<meta property=\"og:site_name\" content=\"Xenonkungen\" \/>\n<meta property=\"article:modified_time\" content=\"2026-04-11T00:31:52+00:00\" \/>\n<meta property=\"og:image\" content=\"https:\/\/xenonkungen.com\/wp-content\/uploads\/2025\/04\/178097919-origpic-e90efd.jpg\" \/>\n\t<meta property=\"og:image:width\" content=\"900\" \/>\n\t<meta property=\"og:image:height\" content=\"900\" \/>\n\t<meta property=\"og:image:type\" content=\"image\/jpeg\" \/>\n<meta name=\"twitter:card\" content=\"summary_large_image\" \/>\n<meta name=\"twitter:label1\" content=\"Estimeret l\u00e6setid\" \/>\n\t<meta name=\"twitter:data1\" content=\"2 minutter\" \/>\n<script type=\"application\/ld+json\" class=\"yoast-schema-graph\">{\"@context\":\"https:\/\/schema.org\",\"@graph\":[{\"@type\":\"WebPage\",\"@id\":\"https:\/\/xenonkungen.com\/produkt\/ledriving-dynamiska-spegelblinkers-audi-a3-8v-black-edition\/\",\"url\":\"https:\/\/xenonkungen.com\/produkt\/ledriving-dynamiska-spegelblinkers-audi-a3-8v-black-edition\/\",\"name\":\"LEDriving\u00ae Dynamiska spegelblinkers - Audi A3 8V - Black Edition - Xenonkungen\",\"isPartOf\":{\"@id\":\"https:\/\/xenonkungen.com\/#website\"},\"primaryImageOfPage\":{\"@id\":\"https:\/\/xenonkungen.com\/produkt\/ledriving-dynamiska-spegelblinkers-audi-a3-8v-black-edition\/#primaryimage\"},\"image\":{\"@id\":\"https:\/\/xenonkungen.com\/produkt\/ledriving-dynamiska-spegelblinkers-audi-a3-8v-black-edition\/#primaryimage\"},\"thumbnailUrl\":\"https:\/\/xenonkungen.com\/wp-content\/uploads\/2025\/04\/178097919-origpic-e90efd.jpg\",\"datePublished\":\"2025-04-15T10:03:59+00:00\",\"dateModified\":\"2026-04-11T00:31:52+00:00\",\"breadcrumb\":{\"@id\":\"https:\/\/xenonkungen.com\/produkt\/ledriving-dynamiska-spegelblinkers-audi-a3-8v-black-edition\/#breadcrumb\"},\"inLanguage\":\"da-DK\",\"potentialAction\":[{\"@type\":\"ReadAction\",\"target\":[\"https:\/\/xenonkungen.com\/produkt\/ledriving-dynamiska-spegelblinkers-audi-a3-8v-black-edition\/\"]}]},{\"@type\":\"ImageObject\",\"inLanguage\":\"da-DK\",\"@id\":\"https:\/\/xenonkungen.com\/produkt\/ledriving-dynamiska-spegelblinkers-audi-a3-8v-black-edition\/#primaryimage\",\"url\":\"https:\/\/xenonkungen.com\/wp-content\/uploads\/2025\/04\/178097919-origpic-e90efd.jpg\",\"contentUrl\":\"https:\/\/xenonkungen.com\/wp-content\/uploads\/2025\/04\/178097919-origpic-e90efd.jpg\",\"width\":900,\"height\":900},{\"@type\":\"BreadcrumbList\",\"@id\":\"https:\/\/xenonkungen.com\/produkt\/ledriving-dynamiska-spegelblinkers-audi-a3-8v-black-edition\/#breadcrumb\",\"itemListElement\":[{\"@type\":\"ListItem\",\"position\":1,\"name\":\"Hem\",\"item\":\"https:\/\/xenonkungen.com\/\"},{\"@type\":\"ListItem\",\"position\":2,\"name\":\"Shop\",\"item\":\"https:\/\/xenonkungen.com\/shop\/\"},{\"@type\":\"ListItem\",\"position\":3,\"name\":\"LEDriving\u00ae Dynamiska spegelblinkers &#8211; Audi A3 8V &#8211; Black Edition\"}]},{\"@type\":\"WebSite\",\"@id\":\"https:\/\/xenonkungen.com\/#website\",\"url\":\"https:\/\/xenonkungen.com\/\",\"name\":\"Xenonkungen\",\"description\":\"\",\"potentialAction\":[{\"@type\":\"SearchAction\",\"target\":{\"@type\":\"EntryPoint\",\"urlTemplate\":\"https:\/\/xenonkungen.com\/?s={search_term_string}\"},\"query-input\":{\"@type\":\"PropertyValueSpecification\",\"valueRequired\":true,\"valueName\":\"search_term_string\"}}],\"inLanguage\":\"da-DK\"}]}<\/script>\n<!-- \/ Yoast SEO plugin. -->","yoast_head_json":{"title":"LEDriving\u00ae Dynamiske Spejlblinklys - Audi A3 8V - Black Edition - Xenonkungen","robots":{"index":"index","follow":"follow","max-snippet":"max-snippet:-1","max-image-preview":"max-image-preview:large","max-video-preview":"max-video-preview:-1"},"canonical":"https:\/\/xenonkungen.com\/dk\/vare\/ledriving-dynamiske-spejlblinklys-audi-a3-8v-sort-udgave\/","og_locale":"da_DK","og_type":"article","og_title":"LEDriving\u00ae Dynamiska spegelblinkers - Audi A3 8V - Black Edition - Xenonkungen","og_description":"Dynamisk blinker till din bil fr\u00e5n v\u00e4rldsledaren Osram! Lyfter utseendet p\u00e5 er bil, samtidigt som den g\u00f6r ert fordon s\u00e4krare i trafiken!","og_url":"https:\/\/xenonkungen.com\/dk\/vare\/ledriving-dynamiske-spejlblinklys-audi-a3-8v-sort-udgave\/","og_site_name":"Xenonkungen","article_modified_time":"2026-04-11T00:31:52+00:00","og_image":[{"width":900,"height":900,"url":"https:\/\/xenonkungen.com\/wp-content\/uploads\/2025\/04\/178097919-origpic-e90efd.jpg","type":"image\/jpeg"}],"twitter_card":"summary_large_image","twitter_misc":{"Estimeret l\u00e6setid":"2 minutter"},"schema":{"@context":"https:\/\/schema.org","@graph":[{"@type":"WebPage","@id":"https:\/\/xenonkungen.com\/produkt\/ledriving-dynamiska-spegelblinkers-audi-a3-8v-black-edition\/","url":"https:\/\/xenonkungen.com\/produkt\/ledriving-dynamiska-spegelblinkers-audi-a3-8v-black-edition\/","name":"LEDriving\u00ae Dynamiske Spejlblinklys - Audi A3 8V - Black Edition - Xenonkungen","isPartOf":{"@id":"https:\/\/xenonkungen.com\/#website"},"primaryImageOfPage":{"@id":"https:\/\/xenonkungen.com\/produkt\/ledriving-dynamiska-spegelblinkers-audi-a3-8v-black-edition\/#primaryimage"},"image":{"@id":"https:\/\/xenonkungen.com\/produkt\/ledriving-dynamiska-spegelblinkers-audi-a3-8v-black-edition\/#primaryimage"},"thumbnailUrl":"https:\/\/xenonkungen.com\/wp-content\/uploads\/2025\/04\/178097919-origpic-e90efd.jpg","datePublished":"2025-04-15T10:03:59+00:00","dateModified":"2026-04-11T00:31:52+00:00","breadcrumb":{"@id":"https:\/\/xenonkungen.com\/produkt\/ledriving-dynamiska-spegelblinkers-audi-a3-8v-black-edition\/#breadcrumb"},"inLanguage":"da-DK","potentialAction":[{"@type":"ReadAction","target":["https:\/\/xenonkungen.com\/produkt\/ledriving-dynamiska-spegelblinkers-audi-a3-8v-black-edition\/"]}]},{"@type":"ImageObject","inLanguage":"da-DK","@id":"https:\/\/xenonkungen.com\/produkt\/ledriving-dynamiska-spegelblinkers-audi-a3-8v-black-edition\/#primaryimage","url":"https:\/\/xenonkungen.com\/wp-content\/uploads\/2025\/04\/178097919-origpic-e90efd.jpg","contentUrl":"https:\/\/xenonkungen.com\/wp-content\/uploads\/2025\/04\/178097919-origpic-e90efd.jpg","width":900,"height":900},{"@type":"BreadcrumbList","@id":"https:\/\/xenonkungen.com\/produkt\/ledriving-dynamiska-spegelblinkers-audi-a3-8v-black-edition\/#breadcrumb","itemListElement":[{"@type":"ListItem","position":1,"name":"Hem","item":"https:\/\/xenonkungen.com\/"},{"@type":"ListItem","position":2,"name":"Shop","item":"https:\/\/xenonkungen.com\/shop\/"},{"@type":"ListItem","position":3,"name":"LEDriving\u00ae Dynamiska spegelblinkers &#8211; Audi A3 8V &#8211; Black Edition"}]},{"@type":"WebSite","@id":"https:\/\/xenonkungen.com\/#website","url":"https:\/\/xenonkungen.com\/","name":"Xenonkungen","description":"","potentialAction":[{"@type":"SearchAction","target":{"@type":"EntryPoint","urlTemplate":"https:\/\/xenonkungen.com\/?s={search_term_string}"},"query-input":{"@type":"PropertyValueSpecification","valueRequired":true,"valueName":"search_term_string"}}],"inLanguage":"da-DK"}]}},"taxonomy_info":{"product_brand":[{"value":108,"label":"OSRAM"}],"product_cat":[{"value":2644,"label":"Dynamiska spegelblinkers"},{"value":338,"label":"Diodlampor"}],"pa_fuktskydd-varde-ipxx":[{"value":960,"label":"IP69"}],"pa_godkannande":[{"value":2033,"label":"ECE R7 , ECE R10"}],"pa_lampsockel-kontakt":[{"value":2032,"label":"Plug and Play (PnP)"}],"pa_volt-v":[{"value":159,"label":"12"}]},"featured_image_src_large":["https:\/\/xenonkungen.com\/wp-content\/uploads\/2025\/04\/178097919-origpic-e90efd.jpg",900,900,false],"author_info":[],"comment_info":0,"_links":{"self":[{"href":"https:\/\/xenonkungen.com\/dk\/wp-json\/wp\/v2\/product\/8160","targetHints":{"allow":["GET"]}}],"collection":[{"href":"https:\/\/xenonkungen.com\/dk\/wp-json\/wp\/v2\/product"}],"about":[{"href":"https:\/\/xenonkungen.com\/dk\/wp-json\/wp\/v2\/types\/product"}],"replies":[{"embeddable":true,"href":"https:\/\/xenonkungen.com\/dk\/wp-json\/wp\/v2\/comments?post=8160"}],"wp:featuredmedia":[{"embeddable":true,"href":"https:\/\/xenonkungen.com\/dk\/wp-json\/wp\/v2\/media\/8161"}],"wp:attachment":[{"href":"https:\/\/xenonkungen.com\/dk\/wp-json\/wp\/v2\/media?parent=8160"}],"wp:term":[{"taxonomy":"anvandningsomrade","embeddable":true,"href":"https:\/\/xenonkungen.com\/dk\/wp-json\/wp\/v2\/anvandningsomrade?post=8160"},{"taxonomy":"bilmarken","embeddable":true,"href":"https:\/\/xenonkungen.com\/dk\/wp-json\/wp\/v2\/bilmarken?post=8160"},{"taxonomy":"product_brand","embeddable":true,"href":"https:\/\/xenonkungen.com\/dk\/wp-json\/wp\/v2\/product_brand?post=8160"},{"taxonomy":"product_cat","embeddable":true,"href":"https:\/\/xenonkungen.com\/dk\/wp-json\/wp\/v2\/product_cat?post=8160"},{"taxonomy":"product_tag","embeddable":true,"href":"https:\/\/xenonkungen.com\/dk\/wp-json\/wp\/v2\/product_tag?post=8160"}],"curies":[{"name":"wp","href":"https:\/\/api.w.org\/{rel}","templated":true}]}}