{"id":8198,"date":"2025-04-15T10:04:26","date_gmt":"2025-04-15T10:04:26","guid":{"rendered":"https:\/\/xenonkungen.com\/product\/ledriving-lightbar-fx125-sp-gen-2-spot\/"},"modified":"2026-04-24T17:41:17","modified_gmt":"2026-04-24T16:41:17","slug":"led-lysbjaelke-fx125-sp-gen-2-spot","status":"publish","type":"product","link":"https:\/\/xenonkungen.com\/dk\/vare\/led-lysbjaelke-fx125-sp-gen-2-spot\/","title":{"rendered":"LEDriving\u00ae LIGHTBAR FX125-SP GEN 2 | SPOT"},"content":{"rendered":"<h1>Oplev kraften i den nye LEDriving Lightbar FX125-SP GEN 2 fra OSRAM<\/h1>\n<p>Den seneste generation <span class=\"highlight\">kraftig ekstra belysning<\/span> til alle typer veje og terr\u00e6n! Med imponerende lysstyrke, en <span class=\"highlight\">robust og kompakt design<\/span>, samt alsidig kompatibilitet, tager OSRAM bilbelysning til et nyt niveau. Opgrader dit k\u00f8ret\u00f8j med moderne LED-teknologi, der kombinerer <span class=\"highlight\">ydeevne, sikkerhed og stil<\/span>.<\/p>\n<h2>Hvorfor v\u00e6lge LEDriving Lightbar FX125-SP GEN 2?<\/h2>\n<ul>\n<li><span class=\"highlight\">Ekstra kraftig belysning<\/span> \u2013 Med op til 1.300 lumen lysstyrke og en r\u00e6kkevidde p\u00e5 op til 270 meter f\u00e5r du optimal sigtbarhed selv i totalt m\u00f8rke.<\/li>\n<li><span class=\"highlight\">Dagslyslignende lys<\/span> \u2013 Med en farvetemperatur p\u00e5 6000K f\u00e5r du et hvidt lys, der reducerer \u00f8jentr\u00e6thed og forbedrer k\u00f8resikkerheden.<\/li>\n<li><span class=\"highlight\">ECE-godkendt til vejbrug<\/span> \u2013 Godkendt til brug p\u00e5 offentlige veje og kan bruges b\u00e5de som ekstra fjernlys og som kraftig arbejdslygte.<\/li>\n<li><span class=\"highlight\">Reducerer genskin<\/span> \u2013 Innovativt reflektordesign, der forbedrer synligheden uden at bl\u00e6nde andre trafikanter.<\/li>\n<li><span class=\"highlight\">Ekstremt holdbar<\/span> \u2013 Aluminiumshus og polykarbonatlinse g\u00f8r lampen b\u00e5de let og holdbar.<\/li>\n<li><span class=\"highlight\">IP6K8- og IP6K9K-certificeret<\/span> \u2013 Beskyttet mod vand, st\u00f8v og vibrationer, perfekt til barske milj\u00f8er.<\/li>\n<li><span class=\"highlight\">Nem installation<\/span> \u2013 Kompatibel med OSRAMs specialdesignede monteringss\u00e6t for nem installation.<\/li>\n<li><span class=\"highlight\">Polaritetsbeskyttelse<\/span> \u2013 Forhindrer skader fra oversp\u00e6nding og forl\u00e6nger levetiden.<\/li>\n<li><span class=\"highlight\">Bred k\u00f8ret\u00f8jskompatibilitet<\/span> \u2013 Passer til biler, lastbiler, landbrugsmaskiner, erhvervsk\u00f8ret\u00f8jer, entrepren\u00f8rmaskiner, autocampere, terr\u00e6ng\u00e5ende k\u00f8ret\u00f8jer og ATV&#039;er.<\/li>\n<li><span class=\"highlight\">5 \u00e5rs OSRAM-garanti<\/span> \u2013 Kvalitet du kan stole p\u00e5!<\/li>\n<\/ul>\n<p>><\/p>\n<p><img loading=\"lazy\" decoding=\"async\" src=\"https:\/\/cdn.abicart.com\/shop\/4404\/files\/Produkter\/Osram\/LEDDL128-SP\/Vibration-resistant-picto%20%281%29.webp\" alt=\"\" width=\"84\" height=\"84\" \/> \u00a0 \u00a0 <img loading=\"lazy\" decoding=\"async\" src=\"https:\/\/cdn.abicart.com\/shop\/4404\/files\/Produkter\/Osram\/LEDDL128-SP\/Up-to-270m-1-lux-picto.webp\" alt=\"\" width=\"84\" height=\"84\" \/> \u00a0 \u00a0 <img loading=\"lazy\" decoding=\"async\" src=\"https:\/\/cdn.abicart.com\/shop\/4404\/files\/Produkter\/Osram\/LEDDL128-SP\/Picto-Spot-Beam.webp\" alt=\"\" width=\"84\" height=\"84\" \/> \u00a0 \u00a0 <img loading=\"lazy\" decoding=\"async\" src=\"https:\/\/cdn.abicart.com\/shop\/4404\/files\/Produkter\/Osram\/LEDDL128-SP\/Picto-IP6K8-and-IP6K9K.webp\" alt=\"\" width=\"84\" height=\"84\" \/><\/p>","protected":false},"excerpt":{"rendered":"<p>12\/24V | 18W | 270m lang lysstr\u00e5le | 1300lm | ECE (Ref. 20)<\/p>","protected":false},"featured_media":8199,"comment_status":"closed","ping_status":"open","template":"","meta":{"_acf_changed":false,"_smort_price_nok":"2024","_smort_price_dkk":"1286","_smort_price_eur":"172.26","_smort_sale_price_nok":"","_smort_sale_price_dkk":"","_smort_sale_price_eur":"","smort_restorder":"","shipmondo_restorder":"","_kad_blocks_custom_css":"","_kad_blocks_head_custom_js":"","_kad_blocks_body_custom_js":"","_kad_blocks_footer_custom_js":"","smort_custom_pricelist_1":"1212.8","smort_custom_pricelist_2":"1061.2","smort_custom_pricelist_3":"985.4","smort_custom_pricelist_4":"1516","smort_custom_pricelist_5":"1061.2"},"anvandningsomrade":[],"bilmarken":[],"product_brand":[108],"product_cat":[2966,2539,2640,2183],"product_tag":[],"class_list":{"0":"post-8198","1":"product","2":"type-product","3":"status-publish","4":"has-post-thumbnail","6":"product_brand-osram","7":"product_cat-ledramp-rak","8":"product_cat-ledramper","9":"product_cat-osram-ledriving-ledramper","10":"product_cat-osram-ledriving","11":"pa_fargtemperatur-1428","12":"pa_fuktskydd-varde-ipxx-ip6k8-ip6k9k","13":"pa_godkannande-e4-r10-r149","14":"pa_lampsockel-kontakt-dt04-2p-dt06-2s","15":"pa_led-chips-effekt-w-1062","16":"pa_ljusbild-spot","17":"pa_storlek-mm-83x54x182","18":"pa_volt-v-12-24","20":"first","21":"onbackorder","22":"taxable","23":"shipping-taxable","24":"purchasable","25":"product-type-simple"},"bundled_by":[],"bundle_stock_status":"onbackorder","bundle_stock_quantity":0,"bundle_virtual":false,"bundle_layout":"","bundle_add_to_cart_form_location":"","bundle_editable_in_cart":false,"bundle_sold_individually_context":"","bundle_item_grouping":"","bundle_min_size":"","bundle_max_size":"","bundle_price":[],"bundled_items":[],"bundle_sell_ids":[],"acf":[],"yoast_head":"<!-- This site is optimized with the Yoast SEO plugin v27.0 - https:\/\/yoast.com\/product\/yoast-seo-wordpress\/ -->\n<title>LEDriving\u00ae LIGHTBAR FX125-SP GEN 2 | SPOT - Xenonkungen<\/title>\n<meta name=\"robots\" content=\"index, follow, max-snippet:-1, max-image-preview:large, max-video-preview:-1\" \/>\n<link rel=\"canonical\" href=\"https:\/\/xenonkungen.com\/dk\/vare\/led-lysbjaelke-fx125-sp-gen-2-spot\/\" \/>\n<meta property=\"og:locale\" content=\"da_DK\" \/>\n<meta property=\"og:type\" content=\"article\" \/>\n<meta property=\"og:title\" content=\"LEDriving\u00ae LIGHTBAR FX125-SP GEN 2 | SPOT - Xenonkungen\" \/>\n<meta property=\"og:description\" content=\"12\/24V | 18W | 270m long light beam | 1300lm | ECE (Ref. 20)\" \/>\n<meta property=\"og:url\" content=\"https:\/\/xenonkungen.com\/dk\/vare\/led-lysbjaelke-fx125-sp-gen-2-spot\/\" \/>\n<meta property=\"og:site_name\" content=\"Xenonkungen\" \/>\n<meta property=\"article:modified_time\" content=\"2026-04-24T16:41:17+00:00\" \/>\n<meta property=\"og:image\" content=\"https:\/\/xenonkungen.com\/wp-content\/uploads\/2025\/04\/218652623-origpic-7f5d71.jpg\" \/>\n\t<meta property=\"og:image:width\" content=\"1024\" \/>\n\t<meta property=\"og:image:height\" content=\"1024\" \/>\n\t<meta property=\"og:image:type\" content=\"image\/jpeg\" \/>\n<meta name=\"twitter:card\" content=\"summary_large_image\" \/>\n<meta name=\"twitter:label1\" content=\"Estimeret l\u00e6setid\" \/>\n\t<meta name=\"twitter:data1\" content=\"1 minut\" \/>\n<script type=\"application\/ld+json\" class=\"yoast-schema-graph\">{\"@context\":\"https:\/\/schema.org\",\"@graph\":[{\"@type\":\"WebPage\",\"@id\":\"https:\/\/xenonkungen.com\/produkt\/ledriving-lightbar-fx125-sp-gen-2-spot\/\",\"url\":\"https:\/\/xenonkungen.com\/produkt\/ledriving-lightbar-fx125-sp-gen-2-spot\/\",\"name\":\"LEDriving\u00ae LIGHTBAR FX125-SP GEN 2 | SPOT - Xenonkungen\",\"isPartOf\":{\"@id\":\"https:\/\/xenonkungen.com\/#website\"},\"primaryImageOfPage\":{\"@id\":\"https:\/\/xenonkungen.com\/produkt\/ledriving-lightbar-fx125-sp-gen-2-spot\/#primaryimage\"},\"image\":{\"@id\":\"https:\/\/xenonkungen.com\/produkt\/ledriving-lightbar-fx125-sp-gen-2-spot\/#primaryimage\"},\"thumbnailUrl\":\"https:\/\/xenonkungen.com\/wp-content\/uploads\/2025\/04\/218652623-origpic-7f5d71.jpg\",\"datePublished\":\"2025-04-15T10:04:26+00:00\",\"dateModified\":\"2026-04-24T16:41:17+00:00\",\"breadcrumb\":{\"@id\":\"https:\/\/xenonkungen.com\/produkt\/ledriving-lightbar-fx125-sp-gen-2-spot\/#breadcrumb\"},\"inLanguage\":\"da-DK\",\"potentialAction\":[{\"@type\":\"ReadAction\",\"target\":[\"https:\/\/xenonkungen.com\/produkt\/ledriving-lightbar-fx125-sp-gen-2-spot\/\"]}]},{\"@type\":\"ImageObject\",\"inLanguage\":\"da-DK\",\"@id\":\"https:\/\/xenonkungen.com\/produkt\/ledriving-lightbar-fx125-sp-gen-2-spot\/#primaryimage\",\"url\":\"https:\/\/xenonkungen.com\/wp-content\/uploads\/2025\/04\/218652623-origpic-7f5d71.jpg\",\"contentUrl\":\"https:\/\/xenonkungen.com\/wp-content\/uploads\/2025\/04\/218652623-origpic-7f5d71.jpg\",\"width\":1024,\"height\":1024},{\"@type\":\"BreadcrumbList\",\"@id\":\"https:\/\/xenonkungen.com\/produkt\/ledriving-lightbar-fx125-sp-gen-2-spot\/#breadcrumb\",\"itemListElement\":[{\"@type\":\"ListItem\",\"position\":1,\"name\":\"Hem\",\"item\":\"https:\/\/xenonkungen.com\/\"},{\"@type\":\"ListItem\",\"position\":2,\"name\":\"Shop\",\"item\":\"https:\/\/xenonkungen.com\/shop\/\"},{\"@type\":\"ListItem\",\"position\":3,\"name\":\"LEDriving\u00ae LIGHTBAR FX125-SP GEN 2 | SPOT\"}]},{\"@type\":\"WebSite\",\"@id\":\"https:\/\/xenonkungen.com\/#website\",\"url\":\"https:\/\/xenonkungen.com\/\",\"name\":\"Xenonkungen\",\"description\":\"\",\"potentialAction\":[{\"@type\":\"SearchAction\",\"target\":{\"@type\":\"EntryPoint\",\"urlTemplate\":\"https:\/\/xenonkungen.com\/?s={search_term_string}\"},\"query-input\":{\"@type\":\"PropertyValueSpecification\",\"valueRequired\":true,\"valueName\":\"search_term_string\"}}],\"inLanguage\":\"da-DK\"}]}<\/script>\n<!-- \/ Yoast SEO plugin. -->","yoast_head_json":{"title":"LEDriving\u00ae LYSBAR FX125-SP GEN 2 | SPOT - Xenon-kongen","robots":{"index":"index","follow":"follow","max-snippet":"max-snippet:-1","max-image-preview":"max-image-preview:large","max-video-preview":"max-video-preview:-1"},"canonical":"https:\/\/xenonkungen.com\/dk\/vare\/led-lysbjaelke-fx125-sp-gen-2-spot\/","og_locale":"da_DK","og_type":"article","og_title":"LEDriving\u00ae LIGHTBAR FX125-SP GEN 2 | SPOT - Xenonkungen","og_description":"12\/24V | 18W | 270m long light beam | 1300lm | ECE (Ref. 20)","og_url":"https:\/\/xenonkungen.com\/dk\/vare\/led-lysbjaelke-fx125-sp-gen-2-spot\/","og_site_name":"Xenonkungen","article_modified_time":"2026-04-24T16:41:17+00:00","og_image":[{"width":1024,"height":1024,"url":"https:\/\/xenonkungen.com\/wp-content\/uploads\/2025\/04\/218652623-origpic-7f5d71.jpg","type":"image\/jpeg"}],"twitter_card":"summary_large_image","twitter_misc":{"Estimeret l\u00e6setid":"1 minut"},"schema":{"@context":"https:\/\/schema.org","@graph":[{"@type":"WebPage","@id":"https:\/\/xenonkungen.com\/produkt\/ledriving-lightbar-fx125-sp-gen-2-spot\/","url":"https:\/\/xenonkungen.com\/produkt\/ledriving-lightbar-fx125-sp-gen-2-spot\/","name":"LEDriving\u00ae LYSBAR FX125-SP GEN 2 | SPOT - Xenon-kongen","isPartOf":{"@id":"https:\/\/xenonkungen.com\/#website"},"primaryImageOfPage":{"@id":"https:\/\/xenonkungen.com\/produkt\/ledriving-lightbar-fx125-sp-gen-2-spot\/#primaryimage"},"image":{"@id":"https:\/\/xenonkungen.com\/produkt\/ledriving-lightbar-fx125-sp-gen-2-spot\/#primaryimage"},"thumbnailUrl":"https:\/\/xenonkungen.com\/wp-content\/uploads\/2025\/04\/218652623-origpic-7f5d71.jpg","datePublished":"2025-04-15T10:04:26+00:00","dateModified":"2026-04-24T16:41:17+00:00","breadcrumb":{"@id":"https:\/\/xenonkungen.com\/produkt\/ledriving-lightbar-fx125-sp-gen-2-spot\/#breadcrumb"},"inLanguage":"da-DK","potentialAction":[{"@type":"ReadAction","target":["https:\/\/xenonkungen.com\/produkt\/ledriving-lightbar-fx125-sp-gen-2-spot\/"]}]},{"@type":"ImageObject","inLanguage":"da-DK","@id":"https:\/\/xenonkungen.com\/produkt\/ledriving-lightbar-fx125-sp-gen-2-spot\/#primaryimage","url":"https:\/\/xenonkungen.com\/wp-content\/uploads\/2025\/04\/218652623-origpic-7f5d71.jpg","contentUrl":"https:\/\/xenonkungen.com\/wp-content\/uploads\/2025\/04\/218652623-origpic-7f5d71.jpg","width":1024,"height":1024},{"@type":"BreadcrumbList","@id":"https:\/\/xenonkungen.com\/produkt\/ledriving-lightbar-fx125-sp-gen-2-spot\/#breadcrumb","itemListElement":[{"@type":"ListItem","position":1,"name":"Hem","item":"https:\/\/xenonkungen.com\/"},{"@type":"ListItem","position":2,"name":"Shop","item":"https:\/\/xenonkungen.com\/shop\/"},{"@type":"ListItem","position":3,"name":"LEDriving\u00ae LIGHTBAR FX125-SP GEN 2 | SPOT"}]},{"@type":"WebSite","@id":"https:\/\/xenonkungen.com\/#website","url":"https:\/\/xenonkungen.com\/","name":"Xenonkungen","description":"","potentialAction":[{"@type":"SearchAction","target":{"@type":"EntryPoint","urlTemplate":"https:\/\/xenonkungen.com\/?s={search_term_string}"},"query-input":{"@type":"PropertyValueSpecification","valueRequired":true,"valueName":"search_term_string"}}],"inLanguage":"da-DK"}]}},"taxonomy_info":{"product_brand":[{"value":108,"label":"OSRAM"}],"product_cat":[{"value":2966,"label":"Ledramp Rak"},{"value":2539,"label":"LEDRAMPER"},{"value":2640,"label":"OSRAM Ledriving Serie"},{"value":2183,"label":"OSRAM LEDriving\u00ae"}],"pa_fargtemperatur":[{"value":1428,"label":"6000"}],"pa_fuktskydd-varde-ipxx":[{"value":1996,"label":"IP6K8 IP6K9K"}],"pa_godkannande":[{"value":2044,"label":"E4 , R10 , R149"}],"pa_lampsockel-kontakt":[{"value":2041,"label":"DT04-2P, DT06-2S"}],"pa_led-chips-effekt-w":[{"value":1062,"label":"18"}],"pa_ljusbild":[{"value":1177,"label":"Spot"}],"pa_storlek-mm":[{"value":2045,"label":"83x54x182"}],"pa_volt-v":[{"value":348,"label":"12, 24"}]},"featured_image_src_large":["https:\/\/xenonkungen.com\/wp-content\/uploads\/2025\/04\/218652623-origpic-7f5d71.jpg",1024,1024,false],"author_info":[],"comment_info":0,"_links":{"self":[{"href":"https:\/\/xenonkungen.com\/dk\/wp-json\/wp\/v2\/product\/8198","targetHints":{"allow":["GET"]}}],"collection":[{"href":"https:\/\/xenonkungen.com\/dk\/wp-json\/wp\/v2\/product"}],"about":[{"href":"https:\/\/xenonkungen.com\/dk\/wp-json\/wp\/v2\/types\/product"}],"replies":[{"embeddable":true,"href":"https:\/\/xenonkungen.com\/dk\/wp-json\/wp\/v2\/comments?post=8198"}],"wp:featuredmedia":[{"embeddable":true,"href":"https:\/\/xenonkungen.com\/dk\/wp-json\/wp\/v2\/media\/8199"}],"wp:attachment":[{"href":"https:\/\/xenonkungen.com\/dk\/wp-json\/wp\/v2\/media?parent=8198"}],"wp:term":[{"taxonomy":"anvandningsomrade","embeddable":true,"href":"https:\/\/xenonkungen.com\/dk\/wp-json\/wp\/v2\/anvandningsomrade?post=8198"},{"taxonomy":"bilmarken","embeddable":true,"href":"https:\/\/xenonkungen.com\/dk\/wp-json\/wp\/v2\/bilmarken?post=8198"},{"taxonomy":"product_brand","embeddable":true,"href":"https:\/\/xenonkungen.com\/dk\/wp-json\/wp\/v2\/product_brand?post=8198"},{"taxonomy":"product_cat","embeddable":true,"href":"https:\/\/xenonkungen.com\/dk\/wp-json\/wp\/v2\/product_cat?post=8198"},{"taxonomy":"product_tag","embeddable":true,"href":"https:\/\/xenonkungen.com\/dk\/wp-json\/wp\/v2\/product_tag?post=8198"}],"curies":[{"name":"wp","href":"https:\/\/api.w.org\/{rel}","templated":true}]}}