{"id":8250,"date":"2025-04-15T10:05:08","date_gmt":"2025-04-15T10:05:08","guid":{"rendered":"https:\/\/xenonkungen.com\/product\/steg-lampa-kromvit\/"},"modified":"2026-04-11T00:50:50","modified_gmt":"2026-04-10T23:50:50","slug":"trappelampe-krom-hvid","status":"publish","type":"product","link":"https:\/\/xenonkungen.com\/dk\/vare\/trappelampe-krom-hvid\/","title":{"rendered":"Trinlampe krom|hvid"},"content":{"rendered":"<h2>Elegant gennemsigtig k\u00f8ret\u00f8jslampe<\/h2>\n<p>Denne stilfulde og kompakte lygte er ideel til b\u00e5de indvendig og udvendig montering p\u00e5 forskellige k\u00f8ret\u00f8jstyper og er skabt til effektivt at belyse mindre omr\u00e5der. Med sin forkromede metalstruktur og en linse af h\u00f8j kvalitet i slagfast polykarbonat giver denne lygte overlegen holdbarhed, samtidig med at den tilf\u00f8jer \u00e6stetisk charme til dit k\u00f8ret\u00f8j.<\/p>\n<h3>Specifikationer<\/h3>\n<ul>\n<li>Lysspredningsvinkel: 120 grader<\/li>\n<li>Materiale: Forkromet metal og slagfast polykarbonatlinse<\/li>\n<li>Farve: Transparent<\/li>\n<li>IP67-klassificering: St\u00f8d- og vibrationsbestandig, fuldt neds\u00e6nket<\/li>\n<li>Beskyttet mod kortslutning<\/li>\n<\/ul>\n<h3>Funktioner og fordele<\/h3>\n<ul>\n<li>Effektiv LED-teknologi giver skarpt og klart lys<\/li>\n<li>\u00c6stetisk tiltalende design, der supplerer k\u00f8ret\u00f8jets udseende<\/li>\n<li>Fleksible monteringsmuligheder til en skr\u00e6ddersyet installation<\/li>\n<li>Ideel til en r\u00e6kke forskellige k\u00f8ret\u00f8jer, herunder arbejdsk\u00f8ret\u00f8jer og fritidsk\u00f8ret\u00f8jer<\/li>\n<\/ul>","protected":false},"excerpt":{"rendered":"<p>Elegant Transparent Fordonslampa Denna stilrena och kompakta lampa \u00e4r utm\u00e4rkt l\u00e4mpad f\u00f6r b\u00e5de inre och yttre montering p\u00e5 olika fordonstyper, skapad f\u00f6r att effektivt belysa mindre omr\u00e5den. Med sin krompl\u00e4terade metallstruktur och en h\u00f6gkvalitativ lins av slagt\u00e5lig polycarbonat, erbjuder denna lampa en \u00f6verl\u00e4gsen h\u00e5llbarhet samtidigt som den tillf\u00f6r en estetisk charm till ditt fordon. Specifikationer [&hellip;]<\/p>","protected":false},"featured_media":8251,"comment_status":"closed","ping_status":"open","template":"","meta":{"_acf_changed":false,"_smort_price_nok":"277","_smort_price_dkk":"176","_smort_price_eur":"23.54","_smort_sale_price_nok":"","_smort_sale_price_dkk":"","_smort_sale_price_eur":"","smort_restorder":"","shipmondo_restorder":"","_kad_blocks_custom_css":"","_kad_blocks_head_custom_js":"","_kad_blocks_body_custom_js":"","_kad_blocks_footer_custom_js":"","smort_custom_pricelist_1":"165.76","smort_custom_pricelist_2":"145.04","smort_custom_pricelist_3":"134.68","smort_custom_pricelist_4":"207.2","smort_custom_pricelist_5":"145.04"},"anvandningsomrade":[166,238,2816],"bilmarken":[],"product_brand":[1252],"product_cat":[2478,2814],"product_tag":[],"class_list":{"0":"post-8250","1":"product","2":"type-product","3":"status-publish","4":"has-post-thumbnail","6":"anvandningsomrade-lastbil","7":"anvandningsomrade-slap","8":"anvandningsomrade-trailer","9":"product_brand-lea","10":"product_cat-positionsljus-slap","11":"product_cat-steg","12":"pa_fuktskydd-varde-ipxx-ip67","13":"pa_storlek-mm-65x30x24","14":"pa_stromforbrukning-003a-138v","15":"pa_stromforbrukning-004a-28v","16":"pa_volt-v-12-24","18":"first","19":"instock","20":"taxable","21":"shipping-taxable","22":"purchasable","23":"product-type-simple"},"bundled_by":[],"bundle_stock_status":"instock","bundle_stock_quantity":1,"bundle_virtual":false,"bundle_layout":"","bundle_add_to_cart_form_location":"","bundle_editable_in_cart":false,"bundle_sold_individually_context":"","bundle_item_grouping":"","bundle_min_size":"","bundle_max_size":"","bundle_price":[],"bundled_items":[],"bundle_sell_ids":[],"acf":[],"yoast_head":"<!-- This site is optimized with the Yoast SEO plugin v27.0 - https:\/\/yoast.com\/product\/yoast-seo-wordpress\/ -->\n<title>Steg Lampa Krom|Vit - Xenonkungen<\/title>\n<meta name=\"robots\" content=\"index, follow, max-snippet:-1, max-image-preview:large, max-video-preview:-1\" \/>\n<link rel=\"canonical\" href=\"https:\/\/xenonkungen.com\/dk\/vare\/trappelampe-krom-hvid\/\" \/>\n<meta property=\"og:locale\" content=\"da_DK\" \/>\n<meta property=\"og:type\" content=\"article\" \/>\n<meta property=\"og:title\" content=\"Steg Lampa Krom|Vit - Xenonkungen\" \/>\n<meta property=\"og:description\" content=\"Elegant Transparent Fordonslampa Denna stilrena och kompakta lampa \u00e4r utm\u00e4rkt l\u00e4mpad f\u00f6r b\u00e5de inre och yttre montering p\u00e5 olika fordonstyper, skapad f\u00f6r att effektivt belysa mindre omr\u00e5den. Med sin krompl\u00e4terade metallstruktur och en h\u00f6gkvalitativ lins av slagt\u00e5lig polycarbonat, erbjuder denna lampa en \u00f6verl\u00e4gsen h\u00e5llbarhet samtidigt som den tillf\u00f6r en estetisk charm till ditt fordon. Specifikationer [&hellip;]\" \/>\n<meta property=\"og:url\" content=\"https:\/\/xenonkungen.com\/dk\/vare\/trappelampe-krom-hvid\/\" \/>\n<meta property=\"og:site_name\" content=\"Xenonkungen\" \/>\n<meta property=\"article:modified_time\" content=\"2026-04-10T23:50:50+00:00\" \/>\n<meta property=\"og:image\" content=\"https:\/\/xenonkungen.com\/wp-content\/uploads\/2025\/04\/7338611-origpic-7355f6.jpg\" \/>\n\t<meta property=\"og:image:width\" content=\"500\" \/>\n\t<meta property=\"og:image:height\" content=\"500\" \/>\n\t<meta property=\"og:image:type\" content=\"image\/jpeg\" \/>\n<meta name=\"twitter:card\" content=\"summary_large_image\" \/>\n<meta name=\"twitter:label1\" content=\"Estimeret l\u00e6setid\" \/>\n\t<meta name=\"twitter:data1\" content=\"1 minut\" \/>\n<script type=\"application\/ld+json\" class=\"yoast-schema-graph\">{\"@context\":\"https:\/\/schema.org\",\"@graph\":[{\"@type\":\"WebPage\",\"@id\":\"https:\/\/xenonkungen.com\/fi\/tuote\/askelvalaisin-kromi-valkoinen\/\",\"url\":\"https:\/\/xenonkungen.com\/fi\/tuote\/askelvalaisin-kromi-valkoinen\/\",\"name\":\"Steg Lampa Krom|Vit - Xenonkungen\",\"isPartOf\":{\"@id\":\"https:\/\/xenonkungen.com\/#website\"},\"primaryImageOfPage\":{\"@id\":\"https:\/\/xenonkungen.com\/fi\/tuote\/askelvalaisin-kromi-valkoinen\/#primaryimage\"},\"image\":{\"@id\":\"https:\/\/xenonkungen.com\/fi\/tuote\/askelvalaisin-kromi-valkoinen\/#primaryimage\"},\"thumbnailUrl\":\"https:\/\/xenonkungen.com\/wp-content\/uploads\/2025\/04\/7338611-origpic-7355f6.jpg\",\"datePublished\":\"2025-04-15T10:05:08+00:00\",\"dateModified\":\"2026-04-10T23:50:50+00:00\",\"breadcrumb\":{\"@id\":\"https:\/\/xenonkungen.com\/fi\/tuote\/askelvalaisin-kromi-valkoinen\/#breadcrumb\"},\"inLanguage\":\"da-DK\",\"potentialAction\":[{\"@type\":\"ReadAction\",\"target\":[\"https:\/\/xenonkungen.com\/fi\/tuote\/askelvalaisin-kromi-valkoinen\/\"]}]},{\"@type\":\"ImageObject\",\"inLanguage\":\"da-DK\",\"@id\":\"https:\/\/xenonkungen.com\/fi\/tuote\/askelvalaisin-kromi-valkoinen\/#primaryimage\",\"url\":\"https:\/\/xenonkungen.com\/wp-content\/uploads\/2025\/04\/7338611-origpic-7355f6.jpg\",\"contentUrl\":\"https:\/\/xenonkungen.com\/wp-content\/uploads\/2025\/04\/7338611-origpic-7355f6.jpg\",\"width\":500,\"height\":500},{\"@type\":\"BreadcrumbList\",\"@id\":\"https:\/\/xenonkungen.com\/fi\/tuote\/askelvalaisin-kromi-valkoinen\/#breadcrumb\",\"itemListElement\":[{\"@type\":\"ListItem\",\"position\":1,\"name\":\"Hem\",\"item\":\"https:\/\/xenonkungen.com\/\"},{\"@type\":\"ListItem\",\"position\":2,\"name\":\"Shop\",\"item\":\"https:\/\/xenonkungen.com\/shop\/\"},{\"@type\":\"ListItem\",\"position\":3,\"name\":\"Steg Lampa Krom|Vit\"}]},{\"@type\":\"WebSite\",\"@id\":\"https:\/\/xenonkungen.com\/#website\",\"url\":\"https:\/\/xenonkungen.com\/\",\"name\":\"Xenonkungen\",\"description\":\"\",\"potentialAction\":[{\"@type\":\"SearchAction\",\"target\":{\"@type\":\"EntryPoint\",\"urlTemplate\":\"https:\/\/xenonkungen.com\/?s={search_term_string}\"},\"query-input\":{\"@type\":\"PropertyValueSpecification\",\"valueRequired\":true,\"valueName\":\"search_term_string\"}}],\"inLanguage\":\"da-DK\"}]}<\/script>\n<!-- \/ Yoast SEO plugin. -->","yoast_head_json":{"title":"Trappelampe Krom|Hvid - Xenonkungen","robots":{"index":"index","follow":"follow","max-snippet":"max-snippet:-1","max-image-preview":"max-image-preview:large","max-video-preview":"max-video-preview:-1"},"canonical":"https:\/\/xenonkungen.com\/dk\/vare\/trappelampe-krom-hvid\/","og_locale":"da_DK","og_type":"article","og_title":"Steg Lampa Krom|Vit - Xenonkungen","og_description":"Elegant Transparent Fordonslampa Denna stilrena och kompakta lampa \u00e4r utm\u00e4rkt l\u00e4mpad f\u00f6r b\u00e5de inre och yttre montering p\u00e5 olika fordonstyper, skapad f\u00f6r att effektivt belysa mindre omr\u00e5den. Med sin krompl\u00e4terade metallstruktur och en h\u00f6gkvalitativ lins av slagt\u00e5lig polycarbonat, erbjuder denna lampa en \u00f6verl\u00e4gsen h\u00e5llbarhet samtidigt som den tillf\u00f6r en estetisk charm till ditt fordon. Specifikationer [&hellip;]","og_url":"https:\/\/xenonkungen.com\/dk\/vare\/trappelampe-krom-hvid\/","og_site_name":"Xenonkungen","article_modified_time":"2026-04-10T23:50:50+00:00","og_image":[{"width":500,"height":500,"url":"https:\/\/xenonkungen.com\/wp-content\/uploads\/2025\/04\/7338611-origpic-7355f6.jpg","type":"image\/jpeg"}],"twitter_card":"summary_large_image","twitter_misc":{"Estimeret l\u00e6setid":"1 minut"},"schema":{"@context":"https:\/\/schema.org","@graph":[{"@type":"WebPage","@id":"https:\/\/xenonkungen.com\/fi\/tuote\/askelvalaisin-kromi-valkoinen\/","url":"https:\/\/xenonkungen.com\/fi\/tuote\/askelvalaisin-kromi-valkoinen\/","name":"Trappelampe Krom|Hvid - Xenonkungen","isPartOf":{"@id":"https:\/\/xenonkungen.com\/#website"},"primaryImageOfPage":{"@id":"https:\/\/xenonkungen.com\/fi\/tuote\/askelvalaisin-kromi-valkoinen\/#primaryimage"},"image":{"@id":"https:\/\/xenonkungen.com\/fi\/tuote\/askelvalaisin-kromi-valkoinen\/#primaryimage"},"thumbnailUrl":"https:\/\/xenonkungen.com\/wp-content\/uploads\/2025\/04\/7338611-origpic-7355f6.jpg","datePublished":"2025-04-15T10:05:08+00:00","dateModified":"2026-04-10T23:50:50+00:00","breadcrumb":{"@id":"https:\/\/xenonkungen.com\/fi\/tuote\/askelvalaisin-kromi-valkoinen\/#breadcrumb"},"inLanguage":"da-DK","potentialAction":[{"@type":"ReadAction","target":["https:\/\/xenonkungen.com\/fi\/tuote\/askelvalaisin-kromi-valkoinen\/"]}]},{"@type":"ImageObject","inLanguage":"da-DK","@id":"https:\/\/xenonkungen.com\/fi\/tuote\/askelvalaisin-kromi-valkoinen\/#primaryimage","url":"https:\/\/xenonkungen.com\/wp-content\/uploads\/2025\/04\/7338611-origpic-7355f6.jpg","contentUrl":"https:\/\/xenonkungen.com\/wp-content\/uploads\/2025\/04\/7338611-origpic-7355f6.jpg","width":500,"height":500},{"@type":"BreadcrumbList","@id":"https:\/\/xenonkungen.com\/fi\/tuote\/askelvalaisin-kromi-valkoinen\/#breadcrumb","itemListElement":[{"@type":"ListItem","position":1,"name":"Hem","item":"https:\/\/xenonkungen.com\/"},{"@type":"ListItem","position":2,"name":"Shop","item":"https:\/\/xenonkungen.com\/shop\/"},{"@type":"ListItem","position":3,"name":"Steg Lampa Krom|Vit"}]},{"@type":"WebSite","@id":"https:\/\/xenonkungen.com\/#website","url":"https:\/\/xenonkungen.com\/","name":"Xenonkungen","description":"","potentialAction":[{"@type":"SearchAction","target":{"@type":"EntryPoint","urlTemplate":"https:\/\/xenonkungen.com\/?s={search_term_string}"},"query-input":{"@type":"PropertyValueSpecification","valueRequired":true,"valueName":"search_term_string"}}],"inLanguage":"da-DK"}]}},"taxonomy_info":{"anvandningsomrade":[{"value":166,"label":"Lastbil"},{"value":238,"label":"SL\u00c4P"},{"value":2816,"label":"TRAILER"}],"product_brand":[{"value":1252,"label":"LEA"}],"product_cat":[{"value":2478,"label":"Positionsljus"},{"value":2814,"label":"Steg"}],"pa_fuktskydd-varde-ipxx":[{"value":333,"label":"IP67"}],"pa_storlek-mm":[{"value":2049,"label":"65x30x24"}],"pa_stromforbrukning":[{"value":1829,"label":"0,03A @13,8V"},{"value":1872,"label":"0,04A @28V"}],"pa_volt-v":[{"value":348,"label":"12, 24"}]},"featured_image_src_large":["https:\/\/xenonkungen.com\/wp-content\/uploads\/2025\/04\/7338611-origpic-7355f6.jpg",500,500,false],"author_info":[],"comment_info":0,"_links":{"self":[{"href":"https:\/\/xenonkungen.com\/dk\/wp-json\/wp\/v2\/product\/8250","targetHints":{"allow":["GET"]}}],"collection":[{"href":"https:\/\/xenonkungen.com\/dk\/wp-json\/wp\/v2\/product"}],"about":[{"href":"https:\/\/xenonkungen.com\/dk\/wp-json\/wp\/v2\/types\/product"}],"replies":[{"embeddable":true,"href":"https:\/\/xenonkungen.com\/dk\/wp-json\/wp\/v2\/comments?post=8250"}],"wp:featuredmedia":[{"embeddable":true,"href":"https:\/\/xenonkungen.com\/dk\/wp-json\/wp\/v2\/media\/8251"}],"wp:attachment":[{"href":"https:\/\/xenonkungen.com\/dk\/wp-json\/wp\/v2\/media?parent=8250"}],"wp:term":[{"taxonomy":"anvandningsomrade","embeddable":true,"href":"https:\/\/xenonkungen.com\/dk\/wp-json\/wp\/v2\/anvandningsomrade?post=8250"},{"taxonomy":"bilmarken","embeddable":true,"href":"https:\/\/xenonkungen.com\/dk\/wp-json\/wp\/v2\/bilmarken?post=8250"},{"taxonomy":"product_brand","embeddable":true,"href":"https:\/\/xenonkungen.com\/dk\/wp-json\/wp\/v2\/product_brand?post=8250"},{"taxonomy":"product_cat","embeddable":true,"href":"https:\/\/xenonkungen.com\/dk\/wp-json\/wp\/v2\/product_cat?post=8250"},{"taxonomy":"product_tag","embeddable":true,"href":"https:\/\/xenonkungen.com\/dk\/wp-json\/wp\/v2\/product_tag?post=8250"}],"curies":[{"name":"wp","href":"https:\/\/api.w.org\/{rel}","templated":true}]}}