{"id":8309,"date":"2025-04-15T10:05:32","date_gmt":"2025-04-15T10:05:32","guid":{"rendered":"https:\/\/xenonkungen.com\/product\/interiorlampa-o75mm-special-rod\/"},"modified":"2026-04-11T00:51:59","modified_gmt":"2026-04-10T23:51:59","slug":"indvendig-lampe-o75mm-specialstang","status":"publish","type":"product","link":"https:\/\/xenonkungen.com\/dk\/vare\/indvendig-lampe-o75mm-specialstang\/","title":{"rendered":"Indvendigt lys \u00d875 mm | Special Red"},"content":{"rendered":"<h1>75 mm rund LED indend\u00f8rs r\u00f8d natlampe<\/h1>\n<p>Denne 75 mm runde LED-lygte giver et behageligt r\u00f8dt lys til brug om natten, hvilket forbedrer b\u00e5de sikkerhed og synlighed uden at forstyrre udsynet. Dens robuste konstruktion og elegante design g\u00f8r den til en ideel l\u00f8sning til en r\u00e6kke forskellige anvendelser.<\/p>\n<h2>Funktioner og fordele:<\/h2>\n<ul>\n<li>R\u00f8dt LED-lys for komfortabelt nattesyn og reduceret bl\u00e6nding.<\/li>\n<li>St\u00f8d- og vibrationsmodstand for holdbarhed under barske forhold.<\/li>\n<li>IP67-klassificering for fuldst\u00e6ndig st\u00f8v- og vandbeskyttelse.<\/li>\n<li>Kortslutningsbeskyttelse for ekstra sikkerhed.<\/li>\n<li>Enkel, stilfuld installation, der komplementerer k\u00f8ret\u00f8jets interi\u00f8r.<\/li>\n<li>Mulighed for brugerdefinerede monteringsmuligheder.<\/li>\n<\/ul>\n<p>Denne LED-lampe er perfekt til k\u00f8ret\u00f8jer, b\u00e5de og hjem, hvor et bl\u00f8dt r\u00f8dt lys \u00f8nskes til navigation i m\u00f8rke uden at p\u00e5virke nattesynet. Dens h\u00f8je kvalitet og p\u00e5lidelige ydeevne g\u00f8r den til et v\u00e6rdifuldt supplement til din sikkerheds- og belysningsl\u00f8sning.<\/p>","protected":false},"excerpt":{"rendered":"<p>75mm Rund LED Interi\u00f6r R\u00f6d Nattbelysning Denna 75mm runda LED-belysning erbjuder ett behagligt r\u00f6tt ljus f\u00f6r nattbruk, vilket f\u00f6rb\u00e4ttrar b\u00e5de s\u00e4kerhet och synlighet utan att st\u00f6ra synen. Dess robusta konstruktion och eleganta design g\u00f6r den till en idealisk l\u00f6sning f\u00f6r en m\u00e4ngd olika anv\u00e4ndningsomr\u00e5den. Funktioner och F\u00f6rdelar: R\u00f6tt LED-ljus f\u00f6r behaglig nattsyn och minskad bl\u00e4ndning. [&hellip;]<\/p>","protected":false},"featured_media":8310,"comment_status":"closed","ping_status":"open","template":"","meta":{"_acf_changed":false,"_smort_price_nok":"470","_smort_price_dkk":"299","_smort_price_eur":"40","_smort_sale_price_nok":"","_smort_sale_price_dkk":"","_smort_sale_price_eur":"","smort_restorder":"","shipmondo_restorder":"","_kad_blocks_custom_css":"","_kad_blocks_head_custom_js":"","_kad_blocks_body_custom_js":"","_kad_blocks_footer_custom_js":"","smort_custom_pricelist_1":"246.4","smort_custom_pricelist_2":"246.4","smort_custom_pricelist_3":"234.08","smort_custom_pricelist_4":"352","smort_custom_pricelist_5":"246.4"},"anvandningsomrade":[166,238,2816],"bilmarken":[],"product_brand":[1252],"product_cat":[2586],"product_tag":[],"class_list":{"0":"post-8309","1":"product","2":"type-product","3":"status-publish","4":"has-post-thumbnail","6":"anvandningsomrade-lastbil","7":"anvandningsomrade-slap","8":"anvandningsomrade-trailer","9":"product_brand-lea","10":"product_cat-interiorbelysning-slap","11":"pa_fuktskydd-varde-ipxx-ip67","12":"pa_storlek-mm-75x17","13":"pa_stromforbrukning-015a-138v","14":"pa_volt-v-159","16":"first","17":"instock","18":"taxable","19":"shipping-taxable","20":"purchasable","21":"product-type-simple"},"bundled_by":[],"bundle_stock_status":"instock","bundle_stock_quantity":1,"bundle_virtual":false,"bundle_layout":"","bundle_add_to_cart_form_location":"","bundle_editable_in_cart":false,"bundle_sold_individually_context":"","bundle_item_grouping":"","bundle_min_size":"","bundle_max_size":"","bundle_price":[],"bundled_items":[],"bundle_sell_ids":[],"acf":[],"yoast_head":"<!-- This site is optimized with the Yoast SEO plugin v27.0 - https:\/\/yoast.com\/product\/yoast-seo-wordpress\/ -->\n<title>Interi\u00f6rlampa \u00d875mm | Special R\u00f6d - Xenonkungen<\/title>\n<meta name=\"robots\" content=\"index, follow, max-snippet:-1, max-image-preview:large, max-video-preview:-1\" \/>\n<link rel=\"canonical\" href=\"https:\/\/xenonkungen.com\/dk\/vare\/indvendig-lampe-o75mm-specialstang\/\" \/>\n<meta property=\"og:locale\" content=\"da_DK\" \/>\n<meta property=\"og:type\" content=\"article\" \/>\n<meta property=\"og:title\" content=\"Interi\u00f6rlampa \u00d875mm | Special R\u00f6d - Xenonkungen\" \/>\n<meta property=\"og:description\" content=\"75mm Rund LED Interi\u00f6r R\u00f6d Nattbelysning Denna 75mm runda LED-belysning erbjuder ett behagligt r\u00f6tt ljus f\u00f6r nattbruk, vilket f\u00f6rb\u00e4ttrar b\u00e5de s\u00e4kerhet och synlighet utan att st\u00f6ra synen. Dess robusta konstruktion och eleganta design g\u00f6r den till en idealisk l\u00f6sning f\u00f6r en m\u00e4ngd olika anv\u00e4ndningsomr\u00e5den. Funktioner och F\u00f6rdelar: R\u00f6tt LED-ljus f\u00f6r behaglig nattsyn och minskad bl\u00e4ndning. [&hellip;]\" \/>\n<meta property=\"og:url\" content=\"https:\/\/xenonkungen.com\/dk\/vare\/indvendig-lampe-o75mm-specialstang\/\" \/>\n<meta property=\"og:site_name\" content=\"Xenonkungen\" \/>\n<meta property=\"article:modified_time\" content=\"2026-04-10T23:51:59+00:00\" \/>\n<meta property=\"og:image\" content=\"https:\/\/xenonkungen.com\/wp-content\/uploads\/2025\/04\/7363643-origpic-417666.jpg\" \/>\n\t<meta property=\"og:image:width\" content=\"800\" \/>\n\t<meta property=\"og:image:height\" content=\"800\" \/>\n\t<meta property=\"og:image:type\" content=\"image\/jpeg\" \/>\n<meta name=\"twitter:card\" content=\"summary_large_image\" \/>\n<meta name=\"twitter:label1\" content=\"Estimeret l\u00e6setid\" \/>\n\t<meta name=\"twitter:data1\" content=\"1 minut\" \/>\n<script type=\"application\/ld+json\" class=\"yoast-schema-graph\">{\"@context\":\"https:\/\/schema.org\",\"@graph\":[{\"@type\":\"WebPage\",\"@id\":\"https:\/\/xenonkungen.com\/produkt\/interiorlampa-o75mm-special-rod\/\",\"url\":\"https:\/\/xenonkungen.com\/produkt\/interiorlampa-o75mm-special-rod\/\",\"name\":\"Interi\u00f6rlampa \u00d875mm | Special R\u00f6d - Xenonkungen\",\"isPartOf\":{\"@id\":\"https:\/\/xenonkungen.com\/#website\"},\"primaryImageOfPage\":{\"@id\":\"https:\/\/xenonkungen.com\/produkt\/interiorlampa-o75mm-special-rod\/#primaryimage\"},\"image\":{\"@id\":\"https:\/\/xenonkungen.com\/produkt\/interiorlampa-o75mm-special-rod\/#primaryimage\"},\"thumbnailUrl\":\"https:\/\/xenonkungen.com\/wp-content\/uploads\/2025\/04\/7363643-origpic-417666.jpg\",\"datePublished\":\"2025-04-15T10:05:32+00:00\",\"dateModified\":\"2026-04-10T23:51:59+00:00\",\"breadcrumb\":{\"@id\":\"https:\/\/xenonkungen.com\/produkt\/interiorlampa-o75mm-special-rod\/#breadcrumb\"},\"inLanguage\":\"da-DK\",\"potentialAction\":[{\"@type\":\"ReadAction\",\"target\":[\"https:\/\/xenonkungen.com\/produkt\/interiorlampa-o75mm-special-rod\/\"]}]},{\"@type\":\"ImageObject\",\"inLanguage\":\"da-DK\",\"@id\":\"https:\/\/xenonkungen.com\/produkt\/interiorlampa-o75mm-special-rod\/#primaryimage\",\"url\":\"https:\/\/xenonkungen.com\/wp-content\/uploads\/2025\/04\/7363643-origpic-417666.jpg\",\"contentUrl\":\"https:\/\/xenonkungen.com\/wp-content\/uploads\/2025\/04\/7363643-origpic-417666.jpg\",\"width\":800,\"height\":800},{\"@type\":\"BreadcrumbList\",\"@id\":\"https:\/\/xenonkungen.com\/produkt\/interiorlampa-o75mm-special-rod\/#breadcrumb\",\"itemListElement\":[{\"@type\":\"ListItem\",\"position\":1,\"name\":\"Hem\",\"item\":\"https:\/\/xenonkungen.com\/\"},{\"@type\":\"ListItem\",\"position\":2,\"name\":\"Shop\",\"item\":\"https:\/\/xenonkungen.com\/shop\/\"},{\"@type\":\"ListItem\",\"position\":3,\"name\":\"Interi\u00f6rlampa \u00d875mm | Special R\u00f6d\"}]},{\"@type\":\"WebSite\",\"@id\":\"https:\/\/xenonkungen.com\/#website\",\"url\":\"https:\/\/xenonkungen.com\/\",\"name\":\"Xenonkungen\",\"description\":\"\",\"potentialAction\":[{\"@type\":\"SearchAction\",\"target\":{\"@type\":\"EntryPoint\",\"urlTemplate\":\"https:\/\/xenonkungen.com\/?s={search_term_string}\"},\"query-input\":{\"@type\":\"PropertyValueSpecification\",\"valueRequired\":true,\"valueName\":\"search_term_string\"}}],\"inLanguage\":\"da-DK\"}]}<\/script>\n<!-- \/ Yoast SEO plugin. -->","yoast_head_json":{"title":"Indvendig lampe \u00d875mm | Specialr\u00f8d - Xenonkungen","robots":{"index":"index","follow":"follow","max-snippet":"max-snippet:-1","max-image-preview":"max-image-preview:large","max-video-preview":"max-video-preview:-1"},"canonical":"https:\/\/xenonkungen.com\/dk\/vare\/indvendig-lampe-o75mm-specialstang\/","og_locale":"da_DK","og_type":"article","og_title":"Interi\u00f6rlampa \u00d875mm | Special R\u00f6d - Xenonkungen","og_description":"75mm Rund LED Interi\u00f6r R\u00f6d Nattbelysning Denna 75mm runda LED-belysning erbjuder ett behagligt r\u00f6tt ljus f\u00f6r nattbruk, vilket f\u00f6rb\u00e4ttrar b\u00e5de s\u00e4kerhet och synlighet utan att st\u00f6ra synen. Dess robusta konstruktion och eleganta design g\u00f6r den till en idealisk l\u00f6sning f\u00f6r en m\u00e4ngd olika anv\u00e4ndningsomr\u00e5den. Funktioner och F\u00f6rdelar: R\u00f6tt LED-ljus f\u00f6r behaglig nattsyn och minskad bl\u00e4ndning. [&hellip;]","og_url":"https:\/\/xenonkungen.com\/dk\/vare\/indvendig-lampe-o75mm-specialstang\/","og_site_name":"Xenonkungen","article_modified_time":"2026-04-10T23:51:59+00:00","og_image":[{"width":800,"height":800,"url":"https:\/\/xenonkungen.com\/wp-content\/uploads\/2025\/04\/7363643-origpic-417666.jpg","type":"image\/jpeg"}],"twitter_card":"summary_large_image","twitter_misc":{"Estimeret l\u00e6setid":"1 minut"},"schema":{"@context":"https:\/\/schema.org","@graph":[{"@type":"WebPage","@id":"https:\/\/xenonkungen.com\/produkt\/interiorlampa-o75mm-special-rod\/","url":"https:\/\/xenonkungen.com\/produkt\/interiorlampa-o75mm-special-rod\/","name":"Indvendig lampe \u00d875mm | Specialr\u00f8d - Xenonkungen","isPartOf":{"@id":"https:\/\/xenonkungen.com\/#website"},"primaryImageOfPage":{"@id":"https:\/\/xenonkungen.com\/produkt\/interiorlampa-o75mm-special-rod\/#primaryimage"},"image":{"@id":"https:\/\/xenonkungen.com\/produkt\/interiorlampa-o75mm-special-rod\/#primaryimage"},"thumbnailUrl":"https:\/\/xenonkungen.com\/wp-content\/uploads\/2025\/04\/7363643-origpic-417666.jpg","datePublished":"2025-04-15T10:05:32+00:00","dateModified":"2026-04-10T23:51:59+00:00","breadcrumb":{"@id":"https:\/\/xenonkungen.com\/produkt\/interiorlampa-o75mm-special-rod\/#breadcrumb"},"inLanguage":"da-DK","potentialAction":[{"@type":"ReadAction","target":["https:\/\/xenonkungen.com\/produkt\/interiorlampa-o75mm-special-rod\/"]}]},{"@type":"ImageObject","inLanguage":"da-DK","@id":"https:\/\/xenonkungen.com\/produkt\/interiorlampa-o75mm-special-rod\/#primaryimage","url":"https:\/\/xenonkungen.com\/wp-content\/uploads\/2025\/04\/7363643-origpic-417666.jpg","contentUrl":"https:\/\/xenonkungen.com\/wp-content\/uploads\/2025\/04\/7363643-origpic-417666.jpg","width":800,"height":800},{"@type":"BreadcrumbList","@id":"https:\/\/xenonkungen.com\/produkt\/interiorlampa-o75mm-special-rod\/#breadcrumb","itemListElement":[{"@type":"ListItem","position":1,"name":"Hem","item":"https:\/\/xenonkungen.com\/"},{"@type":"ListItem","position":2,"name":"Shop","item":"https:\/\/xenonkungen.com\/shop\/"},{"@type":"ListItem","position":3,"name":"Interi\u00f6rlampa \u00d875mm | Special R\u00f6d"}]},{"@type":"WebSite","@id":"https:\/\/xenonkungen.com\/#website","url":"https:\/\/xenonkungen.com\/","name":"Xenonkungen","description":"","potentialAction":[{"@type":"SearchAction","target":{"@type":"EntryPoint","urlTemplate":"https:\/\/xenonkungen.com\/?s={search_term_string}"},"query-input":{"@type":"PropertyValueSpecification","valueRequired":true,"valueName":"search_term_string"}}],"inLanguage":"da-DK"}]}},"taxonomy_info":{"anvandningsomrade":[{"value":166,"label":"Lastbil"},{"value":238,"label":"SL\u00c4P"},{"value":2816,"label":"TRAILER"}],"product_brand":[{"value":1252,"label":"LEA"}],"product_cat":[{"value":2586,"label":"Interi\u00f6rbelysning"}],"pa_fuktskydd-varde-ipxx":[{"value":333,"label":"IP67"}],"pa_storlek-mm":[{"value":2056,"label":"75x17"}],"pa_stromforbrukning":[{"value":2058,"label":"0,15A @13,8V"}],"pa_volt-v":[{"value":159,"label":"12"}]},"featured_image_src_large":["https:\/\/xenonkungen.com\/wp-content\/uploads\/2025\/04\/7363643-origpic-417666.jpg",800,800,false],"author_info":[],"comment_info":0,"_links":{"self":[{"href":"https:\/\/xenonkungen.com\/dk\/wp-json\/wp\/v2\/product\/8309","targetHints":{"allow":["GET"]}}],"collection":[{"href":"https:\/\/xenonkungen.com\/dk\/wp-json\/wp\/v2\/product"}],"about":[{"href":"https:\/\/xenonkungen.com\/dk\/wp-json\/wp\/v2\/types\/product"}],"replies":[{"embeddable":true,"href":"https:\/\/xenonkungen.com\/dk\/wp-json\/wp\/v2\/comments?post=8309"}],"wp:featuredmedia":[{"embeddable":true,"href":"https:\/\/xenonkungen.com\/dk\/wp-json\/wp\/v2\/media\/8310"}],"wp:attachment":[{"href":"https:\/\/xenonkungen.com\/dk\/wp-json\/wp\/v2\/media?parent=8309"}],"wp:term":[{"taxonomy":"anvandningsomrade","embeddable":true,"href":"https:\/\/xenonkungen.com\/dk\/wp-json\/wp\/v2\/anvandningsomrade?post=8309"},{"taxonomy":"bilmarken","embeddable":true,"href":"https:\/\/xenonkungen.com\/dk\/wp-json\/wp\/v2\/bilmarken?post=8309"},{"taxonomy":"product_brand","embeddable":true,"href":"https:\/\/xenonkungen.com\/dk\/wp-json\/wp\/v2\/product_brand?post=8309"},{"taxonomy":"product_cat","embeddable":true,"href":"https:\/\/xenonkungen.com\/dk\/wp-json\/wp\/v2\/product_cat?post=8309"},{"taxonomy":"product_tag","embeddable":true,"href":"https:\/\/xenonkungen.com\/dk\/wp-json\/wp\/v2\/product_tag?post=8309"}],"curies":[{"name":"wp","href":"https:\/\/api.w.org\/{rel}","templated":true}]}}