{"id":8315,"date":"2025-04-15T10:05:39","date_gmt":"2025-04-15T10:05:39","guid":{"rendered":"https:\/\/xenonkungen.com\/product\/interiorlampa-o75mmrod-vit\/"},"modified":"2026-04-11T00:52:05","modified_gmt":"2026-04-10T23:52:05","slug":"indvendig-lampe-o75mm-rod-hvid","status":"publish","type":"product","link":"https:\/\/xenonkungen.com\/dk\/vare\/indvendig-lampe-o75mm-rod-hvid\/","title":{"rendered":"Indvendigt lys \u00d875mm|R\u00f8d\/hvid"},"content":{"rendered":"<h1>75mm rund LED interi\u00f8r dagslys - r\u00f8d\/hvid farvesynkronisering<\/h1>\n<p>Oplev den ultimative l\u00f8sning til skr\u00e6ddersyet belysning med vores 75 mm runde indvendige LED-k\u00f8relys. Denne lygte er designet til at give en markant visuel effekt med sin unikke r\u00f8d\/hvide farvesynkronisering og er perfekt til alle, der \u00f8nsker at opgradere deres k\u00f8ret\u00f8j eller interi\u00f8rdesignprojekt.<\/p>\n<h2>Karakteristika:<\/h2>\n<ul>\n<li>Farvesynkroniseret belysning for en skr\u00e6ddersyet atmosf\u00e6re<\/li>\n<li>Avanceret LED-teknologi til lysst\u00e6rk, energieffektiv belysning<\/li>\n<li>St\u00f8d- og vibrationsresistent for \u00f8get holdbarhed<\/li>\n<li>IP67-klassificering, fuld beskyttelse mod st\u00f8v- og vandindtr\u00e6ngning<\/li>\n<li>Kortslutningsbeskyttelse for sikker brug<\/li>\n<li>Kompakt og diskret 75 mm design<\/li>\n<\/ul>\n<p>Denne lampe er ikke kun praktisk og holdbar, men ogs\u00e5 nem at installere og bruge, hvilket g\u00f8r den til et ideelt valg for b\u00e5de begyndere og erfarne brugere. Skab en unik og indbydende atmosf\u00e6re med vores LED-dagslys i dag.<\/p>","protected":false},"excerpt":{"rendered":"<p>75mm Rund LED Interi\u00f6r Dagbelysning &#8211; R\u00f6d\/Vit F\u00e4rgsynkning Uppt\u00e4ck den ultimata l\u00f6sningen f\u00f6r anpassad belysning med v\u00e5r 75mm runda LED interi\u00f6rdagbelysning. Utformad f\u00f6r att leverera en distinkt visuell effekt med sin unika r\u00f6d\/vita f\u00e4rgsynkning, \u00e4r denna lampa perfekt f\u00f6r alla som s\u00f6ker att uppgradera sitt fordon eller inredningsprojekt. Egenskaper: F\u00e4rgsynkad Belysning f\u00f6r en anpassad atmosf\u00e4r [&hellip;]<\/p>","protected":false},"featured_media":8316,"comment_status":"closed","ping_status":"open","template":"","meta":{"_acf_changed":false,"_smort_price_nok":"374","_smort_price_dkk":"237","_smort_price_eur":"31.82","_smort_sale_price_nok":"","_smort_sale_price_dkk":"","_smort_sale_price_eur":"","smort_restorder":"","shipmondo_restorder":"","_kad_blocks_custom_css":"","_kad_blocks_head_custom_js":"","_kad_blocks_body_custom_js":"","_kad_blocks_footer_custom_js":"","smort_custom_pricelist_1":"196","smort_custom_pricelist_2":"196","smort_custom_pricelist_3":"186.2","smort_custom_pricelist_4":"280","smort_custom_pricelist_5":"196"},"anvandningsomrade":[166,238,2816],"bilmarken":[],"product_brand":[1252],"product_cat":[2586],"product_tag":[],"class_list":{"0":"post-8315","1":"product","2":"type-product","3":"status-publish","4":"has-post-thumbnail","6":"anvandningsomrade-lastbil","7":"anvandningsomrade-slap","8":"anvandningsomrade-trailer","9":"product_brand-lea","10":"product_cat-interiorbelysning-slap","11":"pa_fuktskydd-varde-ipxx-ip67","12":"pa_storlek-mm-75x17","13":"pa_stromforbrukning-020a-138v","14":"pa_volt-v-159","16":"first","17":"onbackorder","18":"taxable","19":"shipping-taxable","20":"purchasable","21":"product-type-simple"},"bundled_by":[],"bundle_stock_status":"onbackorder","bundle_stock_quantity":0,"bundle_virtual":false,"bundle_layout":"","bundle_add_to_cart_form_location":"","bundle_editable_in_cart":false,"bundle_sold_individually_context":"","bundle_item_grouping":"","bundle_min_size":"","bundle_max_size":"","bundle_price":[],"bundled_items":[],"bundle_sell_ids":[],"acf":[],"yoast_head":"<!-- This site is optimized with the Yoast SEO plugin v27.0 - https:\/\/yoast.com\/product\/yoast-seo-wordpress\/ -->\n<title>Interi\u00f6rlampa \u00d875mm|R\u00f6d\/Vit - Xenonkungen<\/title>\n<meta name=\"robots\" content=\"index, follow, max-snippet:-1, max-image-preview:large, max-video-preview:-1\" \/>\n<link rel=\"canonical\" href=\"https:\/\/xenonkungen.com\/dk\/vare\/indvendig-lampe-o75mm-rod-hvid\/\" \/>\n<meta property=\"og:locale\" content=\"da_DK\" \/>\n<meta property=\"og:type\" content=\"article\" \/>\n<meta property=\"og:title\" content=\"Interi\u00f6rlampa \u00d875mm|R\u00f6d\/Vit - Xenonkungen\" \/>\n<meta property=\"og:description\" content=\"75mm Rund LED Interi\u00f6r Dagbelysning &#8211; R\u00f6d\/Vit F\u00e4rgsynkning Uppt\u00e4ck den ultimata l\u00f6sningen f\u00f6r anpassad belysning med v\u00e5r 75mm runda LED interi\u00f6rdagbelysning. Utformad f\u00f6r att leverera en distinkt visuell effekt med sin unika r\u00f6d\/vita f\u00e4rgsynkning, \u00e4r denna lampa perfekt f\u00f6r alla som s\u00f6ker att uppgradera sitt fordon eller inredningsprojekt. Egenskaper: F\u00e4rgsynkad Belysning f\u00f6r en anpassad atmosf\u00e4r [&hellip;]\" \/>\n<meta property=\"og:url\" content=\"https:\/\/xenonkungen.com\/dk\/vare\/indvendig-lampe-o75mm-rod-hvid\/\" \/>\n<meta property=\"og:site_name\" content=\"Xenonkungen\" \/>\n<meta property=\"article:modified_time\" content=\"2026-04-10T23:52:05+00:00\" \/>\n<meta property=\"og:image\" content=\"https:\/\/xenonkungen.com\/wp-content\/uploads\/2025\/04\/7524WR-800x800-1.jpg\" \/>\n\t<meta property=\"og:image:width\" content=\"800\" \/>\n\t<meta property=\"og:image:height\" content=\"800\" \/>\n\t<meta property=\"og:image:type\" content=\"image\/jpeg\" \/>\n<meta name=\"twitter:card\" content=\"summary_large_image\" \/>\n<meta name=\"twitter:label1\" content=\"Estimeret l\u00e6setid\" \/>\n\t<meta name=\"twitter:data1\" content=\"1 minut\" \/>\n<script type=\"application\/ld+json\" class=\"yoast-schema-graph\">{\"@context\":\"https:\/\/schema.org\",\"@graph\":[{\"@type\":\"WebPage\",\"@id\":\"https:\/\/xenonkungen.com\/no\/produkt\/innvendig-lampe-o75mm-rod-hvit\/\",\"url\":\"https:\/\/xenonkungen.com\/no\/produkt\/innvendig-lampe-o75mm-rod-hvit\/\",\"name\":\"Interi\u00f6rlampa \u00d875mm|R\u00f6d\/Vit - Xenonkungen\",\"isPartOf\":{\"@id\":\"https:\/\/xenonkungen.com\/#website\"},\"primaryImageOfPage\":{\"@id\":\"https:\/\/xenonkungen.com\/no\/produkt\/innvendig-lampe-o75mm-rod-hvit\/#primaryimage\"},\"image\":{\"@id\":\"https:\/\/xenonkungen.com\/no\/produkt\/innvendig-lampe-o75mm-rod-hvit\/#primaryimage\"},\"thumbnailUrl\":\"https:\/\/xenonkungen.com\/wp-content\/uploads\/2025\/04\/7524WR-800x800-1.jpg\",\"datePublished\":\"2025-04-15T10:05:39+00:00\",\"dateModified\":\"2026-04-10T23:52:05+00:00\",\"breadcrumb\":{\"@id\":\"https:\/\/xenonkungen.com\/no\/produkt\/innvendig-lampe-o75mm-rod-hvit\/#breadcrumb\"},\"inLanguage\":\"da-DK\",\"potentialAction\":[{\"@type\":\"ReadAction\",\"target\":[\"https:\/\/xenonkungen.com\/no\/produkt\/innvendig-lampe-o75mm-rod-hvit\/\"]}]},{\"@type\":\"ImageObject\",\"inLanguage\":\"da-DK\",\"@id\":\"https:\/\/xenonkungen.com\/no\/produkt\/innvendig-lampe-o75mm-rod-hvit\/#primaryimage\",\"url\":\"https:\/\/xenonkungen.com\/wp-content\/uploads\/2025\/04\/7524WR-800x800-1.jpg\",\"contentUrl\":\"https:\/\/xenonkungen.com\/wp-content\/uploads\/2025\/04\/7524WR-800x800-1.jpg\",\"width\":800,\"height\":800},{\"@type\":\"BreadcrumbList\",\"@id\":\"https:\/\/xenonkungen.com\/no\/produkt\/innvendig-lampe-o75mm-rod-hvit\/#breadcrumb\",\"itemListElement\":[{\"@type\":\"ListItem\",\"position\":1,\"name\":\"Hem\",\"item\":\"https:\/\/xenonkungen.com\/\"},{\"@type\":\"ListItem\",\"position\":2,\"name\":\"Shop\",\"item\":\"https:\/\/xenonkungen.com\/shop\/\"},{\"@type\":\"ListItem\",\"position\":3,\"name\":\"Interi\u00f6rlampa \u00d875mm|R\u00f6d\/Vit\"}]},{\"@type\":\"WebSite\",\"@id\":\"https:\/\/xenonkungen.com\/#website\",\"url\":\"https:\/\/xenonkungen.com\/\",\"name\":\"Xenonkungen\",\"description\":\"\",\"potentialAction\":[{\"@type\":\"SearchAction\",\"target\":{\"@type\":\"EntryPoint\",\"urlTemplate\":\"https:\/\/xenonkungen.com\/?s={search_term_string}\"},\"query-input\":{\"@type\":\"PropertyValueSpecification\",\"valueRequired\":true,\"valueName\":\"search_term_string\"}}],\"inLanguage\":\"da-DK\"}]}<\/script>\n<!-- \/ Yoast SEO plugin. -->","yoast_head_json":{"title":"Indvendig lampe \u00d875mm|R\u00f8d\/Hvid - Xenonkungen","robots":{"index":"index","follow":"follow","max-snippet":"max-snippet:-1","max-image-preview":"max-image-preview:large","max-video-preview":"max-video-preview:-1"},"canonical":"https:\/\/xenonkungen.com\/dk\/vare\/indvendig-lampe-o75mm-rod-hvid\/","og_locale":"da_DK","og_type":"article","og_title":"Interi\u00f6rlampa \u00d875mm|R\u00f6d\/Vit - Xenonkungen","og_description":"75mm Rund LED Interi\u00f6r Dagbelysning &#8211; R\u00f6d\/Vit F\u00e4rgsynkning Uppt\u00e4ck den ultimata l\u00f6sningen f\u00f6r anpassad belysning med v\u00e5r 75mm runda LED interi\u00f6rdagbelysning. Utformad f\u00f6r att leverera en distinkt visuell effekt med sin unika r\u00f6d\/vita f\u00e4rgsynkning, \u00e4r denna lampa perfekt f\u00f6r alla som s\u00f6ker att uppgradera sitt fordon eller inredningsprojekt. Egenskaper: F\u00e4rgsynkad Belysning f\u00f6r en anpassad atmosf\u00e4r [&hellip;]","og_url":"https:\/\/xenonkungen.com\/dk\/vare\/indvendig-lampe-o75mm-rod-hvid\/","og_site_name":"Xenonkungen","article_modified_time":"2026-04-10T23:52:05+00:00","og_image":[{"width":800,"height":800,"url":"https:\/\/xenonkungen.com\/wp-content\/uploads\/2025\/04\/7524WR-800x800-1.jpg","type":"image\/jpeg"}],"twitter_card":"summary_large_image","twitter_misc":{"Estimeret l\u00e6setid":"1 minut"},"schema":{"@context":"https:\/\/schema.org","@graph":[{"@type":"WebPage","@id":"https:\/\/xenonkungen.com\/no\/produkt\/innvendig-lampe-o75mm-rod-hvit\/","url":"https:\/\/xenonkungen.com\/no\/produkt\/innvendig-lampe-o75mm-rod-hvit\/","name":"Indvendig lampe \u00d875mm|R\u00f8d\/Hvid - Xenonkungen","isPartOf":{"@id":"https:\/\/xenonkungen.com\/#website"},"primaryImageOfPage":{"@id":"https:\/\/xenonkungen.com\/no\/produkt\/innvendig-lampe-o75mm-rod-hvit\/#primaryimage"},"image":{"@id":"https:\/\/xenonkungen.com\/no\/produkt\/innvendig-lampe-o75mm-rod-hvit\/#primaryimage"},"thumbnailUrl":"https:\/\/xenonkungen.com\/wp-content\/uploads\/2025\/04\/7524WR-800x800-1.jpg","datePublished":"2025-04-15T10:05:39+00:00","dateModified":"2026-04-10T23:52:05+00:00","breadcrumb":{"@id":"https:\/\/xenonkungen.com\/no\/produkt\/innvendig-lampe-o75mm-rod-hvit\/#breadcrumb"},"inLanguage":"da-DK","potentialAction":[{"@type":"ReadAction","target":["https:\/\/xenonkungen.com\/no\/produkt\/innvendig-lampe-o75mm-rod-hvit\/"]}]},{"@type":"ImageObject","inLanguage":"da-DK","@id":"https:\/\/xenonkungen.com\/no\/produkt\/innvendig-lampe-o75mm-rod-hvit\/#primaryimage","url":"https:\/\/xenonkungen.com\/wp-content\/uploads\/2025\/04\/7524WR-800x800-1.jpg","contentUrl":"https:\/\/xenonkungen.com\/wp-content\/uploads\/2025\/04\/7524WR-800x800-1.jpg","width":800,"height":800},{"@type":"BreadcrumbList","@id":"https:\/\/xenonkungen.com\/no\/produkt\/innvendig-lampe-o75mm-rod-hvit\/#breadcrumb","itemListElement":[{"@type":"ListItem","position":1,"name":"Hem","item":"https:\/\/xenonkungen.com\/"},{"@type":"ListItem","position":2,"name":"Shop","item":"https:\/\/xenonkungen.com\/shop\/"},{"@type":"ListItem","position":3,"name":"Interi\u00f6rlampa \u00d875mm|R\u00f6d\/Vit"}]},{"@type":"WebSite","@id":"https:\/\/xenonkungen.com\/#website","url":"https:\/\/xenonkungen.com\/","name":"Xenonkungen","description":"","potentialAction":[{"@type":"SearchAction","target":{"@type":"EntryPoint","urlTemplate":"https:\/\/xenonkungen.com\/?s={search_term_string}"},"query-input":{"@type":"PropertyValueSpecification","valueRequired":true,"valueName":"search_term_string"}}],"inLanguage":"da-DK"}]}},"taxonomy_info":{"anvandningsomrade":[{"value":166,"label":"Lastbil"},{"value":238,"label":"SL\u00c4P"},{"value":2816,"label":"TRAILER"}],"product_brand":[{"value":1252,"label":"LEA"}],"product_cat":[{"value":2586,"label":"Interi\u00f6rbelysning"}],"pa_fuktskydd-varde-ipxx":[{"value":333,"label":"IP67"}],"pa_storlek-mm":[{"value":2056,"label":"75x17"}],"pa_stromforbrukning":[{"value":2059,"label":"0,20A @13,8V"}],"pa_volt-v":[{"value":159,"label":"12"}]},"featured_image_src_large":["https:\/\/xenonkungen.com\/wp-content\/uploads\/2025\/04\/7524WR-800x800-1.jpg",800,800,false],"author_info":[],"comment_info":0,"_links":{"self":[{"href":"https:\/\/xenonkungen.com\/dk\/wp-json\/wp\/v2\/product\/8315","targetHints":{"allow":["GET"]}}],"collection":[{"href":"https:\/\/xenonkungen.com\/dk\/wp-json\/wp\/v2\/product"}],"about":[{"href":"https:\/\/xenonkungen.com\/dk\/wp-json\/wp\/v2\/types\/product"}],"replies":[{"embeddable":true,"href":"https:\/\/xenonkungen.com\/dk\/wp-json\/wp\/v2\/comments?post=8315"}],"wp:featuredmedia":[{"embeddable":true,"href":"https:\/\/xenonkungen.com\/dk\/wp-json\/wp\/v2\/media\/8316"}],"wp:attachment":[{"href":"https:\/\/xenonkungen.com\/dk\/wp-json\/wp\/v2\/media?parent=8315"}],"wp:term":[{"taxonomy":"anvandningsomrade","embeddable":true,"href":"https:\/\/xenonkungen.com\/dk\/wp-json\/wp\/v2\/anvandningsomrade?post=8315"},{"taxonomy":"bilmarken","embeddable":true,"href":"https:\/\/xenonkungen.com\/dk\/wp-json\/wp\/v2\/bilmarken?post=8315"},{"taxonomy":"product_brand","embeddable":true,"href":"https:\/\/xenonkungen.com\/dk\/wp-json\/wp\/v2\/product_brand?post=8315"},{"taxonomy":"product_cat","embeddable":true,"href":"https:\/\/xenonkungen.com\/dk\/wp-json\/wp\/v2\/product_cat?post=8315"},{"taxonomy":"product_tag","embeddable":true,"href":"https:\/\/xenonkungen.com\/dk\/wp-json\/wp\/v2\/product_tag?post=8315"}],"curies":[{"name":"wp","href":"https:\/\/api.w.org\/{rel}","templated":true}]}}