{"id":8326,"date":"2025-04-15T10:05:39","date_gmt":"2025-04-15T10:05:39","guid":{"rendered":"https:\/\/xenonkungen.com\/product\/interiorlampa-o75mmvit-24v\/"},"modified":"2025-12-10T14:49:48","modified_gmt":"2025-12-10T13:49:48","slug":"indvendig-lampe-75-mm-hvid-24v","status":"publish","type":"product","link":"https:\/\/xenonkungen.com\/dk\/vare\/indvendig-lampe-75-mm-hvid-24v\/","title":{"rendered":"Indvendig belysning \u00d875mm|Hvid - 24V"},"content":{"rendered":"<h1 class=\"title\">LED-interi\u00f8rlys til k\u00f8ret\u00f8jer med hvid bel\u00e6gning<\/h1>\n<p class=\"description\">En energieffektiv og slank LED-interi\u00f8rlampe, der giver et k\u00f8ligt hvidt lys svarende til en 15W gl\u00f8dep\u00e6re, perfekt til at modernisere bilens interi\u00f8r. Lampen er designet med henblik p\u00e5 holdbarhed med en slagfast polykarbonatlinse og en varmeabsorberende aluminiumsfod, og den er klar til alle forhold med sin IP67-klassificering og kortslutningsbeskyttelse.<\/p>\n<h2 class=\"subtitle\">Funktioner og egenskaber:<\/h2>\n<li>Elegant kromramme, der giver et moderne touch.<\/li>\n<li>K\u00f8lig hvid LED med h\u00f8j lysstyrke for effektiv belysning.<\/li>\n<li>360 graders omnidirektionelt design for j\u00e6vn lysfordeling.<\/li>\n<li>IP67-klassificering for fuldst\u00e6ndig beskyttelse mod vind og vejr.<\/li>\n<li>St\u00f8d- og vibrationsresistent til brug i barske milj\u00f8er.<\/li>\n<\/ul>\n<h2 class=\"subtitle\">Anvendelsesomr\u00e5der:<\/h2>\n<p class=\"usage-text\">Ideel til en lang r\u00e6kke k\u00f8ret\u00f8jer, herunder biler, lastbiler, autocampere og b\u00e5de, samt industrielle og kommercielle omr\u00e5der, der kr\u00e6ver p\u00e5lidelig belysning.<\/p>\n<h2 class=\"subtitle\">Installation:<\/h2>\n<p class=\"installation-text\">Nem installation til overflademontering g\u00f8r denne lampe til en praktisk opgradering for at forbedre lyset i dit k\u00f8ret\u00f8j eller arbejdsomr\u00e5de.<\/p>","protected":false},"excerpt":{"rendered":"<p>LED Interi\u00f6rlampa f\u00f6r Fordon med Vitsarg En energieffektiv och slimmad LED interi\u00f6rlampa som erbjuder ett kyligt vitt ljus liknande en 15W gl\u00f6dlampa, perfekt f\u00f6r modernisering av fordonets interi\u00f6r. Utformad f\u00f6r h\u00e5llbarhet med en slagt\u00e5lig polycarbonatlins och en v\u00e4rmeupptagande aluminiumfot, \u00e4r denna lampa redo f\u00f6r alla f\u00f6rh\u00e5llanden med sin IP67-klassificering och kortslutningsskydd. Funktioner och Egenskaper: Elegant [&hellip;]<\/p>","protected":false},"featured_media":8327,"comment_status":"closed","ping_status":"open","template":"","meta":{"_acf_changed":false,"_smort_price_nok":"331","_smort_price_dkk":"210","_smort_price_eur":"28.18","_smort_sale_price_nok":"","_smort_sale_price_dkk":"","_smort_sale_price_eur":"","smort_restorder":"","shipmondo_restorder":"","_kad_blocks_custom_css":"","_kad_blocks_head_custom_js":"","_kad_blocks_body_custom_js":"","_kad_blocks_footer_custom_js":"","smort_custom_pricelist_1":"173.6","smort_custom_pricelist_2":"173.6","smort_custom_pricelist_3":"164.92","smort_custom_pricelist_4":"248","smort_custom_pricelist_5":"173.6"},"anvandningsomrade":[166,238,2816],"bilmarken":[],"product_brand":[1252],"product_cat":[2586],"product_tag":[],"class_list":{"0":"post-8326","1":"product","2":"type-product","3":"status-publish","4":"has-post-thumbnail","6":"anvandningsomrade-lastbil","7":"anvandningsomrade-slap","8":"anvandningsomrade-trailer","9":"product_brand-lea","10":"product_cat-interiorbelysning-slap","11":"pa_fuktskydd-varde-ipxx-ip67","12":"pa_storlek-mm-75x17","13":"pa_stromforbrukning-013a-28v","14":"pa_volt-v-160","16":"first","17":"instock","18":"taxable","19":"shipping-taxable","20":"purchasable","21":"product-type-simple"},"bundled_by":[],"bundle_stock_status":"instock","bundle_stock_quantity":8,"bundle_virtual":false,"bundle_layout":"","bundle_add_to_cart_form_location":"","bundle_editable_in_cart":false,"bundle_sold_individually_context":"","bundle_item_grouping":"","bundle_min_size":"","bundle_max_size":"","bundle_price":[],"bundled_items":[],"bundle_sell_ids":[],"acf":[],"yoast_head":"<!-- This site is optimized with the Yoast SEO plugin v27.0 - https:\/\/yoast.com\/product\/yoast-seo-wordpress\/ -->\n<title>Interi\u00f6rlampa \u00d875mm|Vit - 24V - Xenonkungen<\/title>\n<meta name=\"robots\" content=\"index, follow, max-snippet:-1, max-image-preview:large, max-video-preview:-1\" \/>\n<link rel=\"canonical\" href=\"https:\/\/xenonkungen.com\/dk\/vare\/indvendig-lampe-75-mm-hvid-24v\/\" \/>\n<meta property=\"og:locale\" content=\"da_DK\" \/>\n<meta property=\"og:type\" content=\"article\" \/>\n<meta property=\"og:title\" content=\"Interi\u00f6rlampa \u00d875mm|Vit - 24V - Xenonkungen\" \/>\n<meta property=\"og:description\" content=\"LED Interi\u00f6rlampa f\u00f6r Fordon med Vitsarg En energieffektiv och slimmad LED interi\u00f6rlampa som erbjuder ett kyligt vitt ljus liknande en 15W gl\u00f6dlampa, perfekt f\u00f6r modernisering av fordonets interi\u00f6r. Utformad f\u00f6r h\u00e5llbarhet med en slagt\u00e5lig polycarbonatlins och en v\u00e4rmeupptagande aluminiumfot, \u00e4r denna lampa redo f\u00f6r alla f\u00f6rh\u00e5llanden med sin IP67-klassificering och kortslutningsskydd. Funktioner och Egenskaper: Elegant [&hellip;]\" \/>\n<meta property=\"og:url\" content=\"https:\/\/xenonkungen.com\/dk\/vare\/indvendig-lampe-75-mm-hvid-24v\/\" \/>\n<meta property=\"og:site_name\" content=\"Xenonkungen\" \/>\n<meta property=\"article:modified_time\" content=\"2025-12-10T13:49:48+00:00\" \/>\n<meta property=\"og:image\" content=\"https:\/\/xenonkungen.com\/wp-content\/uploads\/2025\/04\/7788218-origpic-0f1606.jpg\" \/>\n\t<meta property=\"og:image:width\" content=\"600\" \/>\n\t<meta property=\"og:image:height\" content=\"600\" \/>\n\t<meta property=\"og:image:type\" content=\"image\/jpeg\" \/>\n<meta name=\"twitter:card\" content=\"summary_large_image\" \/>\n<meta name=\"twitter:label1\" content=\"Estimeret l\u00e6setid\" \/>\n\t<meta name=\"twitter:data1\" content=\"1 minut\" \/>\n<script type=\"application\/ld+json\" class=\"yoast-schema-graph\">{\"@context\":\"https:\/\/schema.org\",\"@graph\":[{\"@type\":\"WebPage\",\"@id\":\"https:\/\/xenonkungen.com\/no\/produkt\/innvendig-lampe-75-mm-hvit-24-v\/\",\"url\":\"https:\/\/xenonkungen.com\/no\/produkt\/innvendig-lampe-75-mm-hvit-24-v\/\",\"name\":\"Interi\u00f6rlampa \u00d875mm|Vit - 24V - Xenonkungen\",\"isPartOf\":{\"@id\":\"https:\/\/xenonkungen.com\/#website\"},\"primaryImageOfPage\":{\"@id\":\"https:\/\/xenonkungen.com\/no\/produkt\/innvendig-lampe-75-mm-hvit-24-v\/#primaryimage\"},\"image\":{\"@id\":\"https:\/\/xenonkungen.com\/no\/produkt\/innvendig-lampe-75-mm-hvit-24-v\/#primaryimage\"},\"thumbnailUrl\":\"https:\/\/xenonkungen.com\/wp-content\/uploads\/2025\/04\/7788218-origpic-0f1606.jpg\",\"datePublished\":\"2025-04-15T10:05:39+00:00\",\"dateModified\":\"2025-12-10T13:49:48+00:00\",\"breadcrumb\":{\"@id\":\"https:\/\/xenonkungen.com\/no\/produkt\/innvendig-lampe-75-mm-hvit-24-v\/#breadcrumb\"},\"inLanguage\":\"da-DK\",\"potentialAction\":[{\"@type\":\"ReadAction\",\"target\":[\"https:\/\/xenonkungen.com\/no\/produkt\/innvendig-lampe-75-mm-hvit-24-v\/\"]}]},{\"@type\":\"ImageObject\",\"inLanguage\":\"da-DK\",\"@id\":\"https:\/\/xenonkungen.com\/no\/produkt\/innvendig-lampe-75-mm-hvit-24-v\/#primaryimage\",\"url\":\"https:\/\/xenonkungen.com\/wp-content\/uploads\/2025\/04\/7788218-origpic-0f1606.jpg\",\"contentUrl\":\"https:\/\/xenonkungen.com\/wp-content\/uploads\/2025\/04\/7788218-origpic-0f1606.jpg\",\"width\":600,\"height\":600},{\"@type\":\"BreadcrumbList\",\"@id\":\"https:\/\/xenonkungen.com\/no\/produkt\/innvendig-lampe-75-mm-hvit-24-v\/#breadcrumb\",\"itemListElement\":[{\"@type\":\"ListItem\",\"position\":1,\"name\":\"Hem\",\"item\":\"https:\/\/xenonkungen.com\/\"},{\"@type\":\"ListItem\",\"position\":2,\"name\":\"Shop\",\"item\":\"https:\/\/xenonkungen.com\/shop\/\"},{\"@type\":\"ListItem\",\"position\":3,\"name\":\"Interi\u00f6rlampa \u00d875mm|Vit &#8211; 24V\"}]},{\"@type\":\"WebSite\",\"@id\":\"https:\/\/xenonkungen.com\/#website\",\"url\":\"https:\/\/xenonkungen.com\/\",\"name\":\"Xenonkungen\",\"description\":\"\",\"potentialAction\":[{\"@type\":\"SearchAction\",\"target\":{\"@type\":\"EntryPoint\",\"urlTemplate\":\"https:\/\/xenonkungen.com\/?s={search_term_string}\"},\"query-input\":{\"@type\":\"PropertyValueSpecification\",\"valueRequired\":true,\"valueName\":\"search_term_string\"}}],\"inLanguage\":\"da-DK\"}]}<\/script>\n<!-- \/ Yoast SEO plugin. -->","yoast_head_json":{"title":"Indvendig lampe \u00d875mm|Hvid - 24V - Xenonkungen","robots":{"index":"index","follow":"follow","max-snippet":"max-snippet:-1","max-image-preview":"max-image-preview:large","max-video-preview":"max-video-preview:-1"},"canonical":"https:\/\/xenonkungen.com\/dk\/vare\/indvendig-lampe-75-mm-hvid-24v\/","og_locale":"da_DK","og_type":"article","og_title":"Interi\u00f6rlampa \u00d875mm|Vit - 24V - Xenonkungen","og_description":"LED Interi\u00f6rlampa f\u00f6r Fordon med Vitsarg En energieffektiv och slimmad LED interi\u00f6rlampa som erbjuder ett kyligt vitt ljus liknande en 15W gl\u00f6dlampa, perfekt f\u00f6r modernisering av fordonets interi\u00f6r. Utformad f\u00f6r h\u00e5llbarhet med en slagt\u00e5lig polycarbonatlins och en v\u00e4rmeupptagande aluminiumfot, \u00e4r denna lampa redo f\u00f6r alla f\u00f6rh\u00e5llanden med sin IP67-klassificering och kortslutningsskydd. Funktioner och Egenskaper: Elegant [&hellip;]","og_url":"https:\/\/xenonkungen.com\/dk\/vare\/indvendig-lampe-75-mm-hvid-24v\/","og_site_name":"Xenonkungen","article_modified_time":"2025-12-10T13:49:48+00:00","og_image":[{"width":600,"height":600,"url":"https:\/\/xenonkungen.com\/wp-content\/uploads\/2025\/04\/7788218-origpic-0f1606.jpg","type":"image\/jpeg"}],"twitter_card":"summary_large_image","twitter_misc":{"Estimeret l\u00e6setid":"1 minut"},"schema":{"@context":"https:\/\/schema.org","@graph":[{"@type":"WebPage","@id":"https:\/\/xenonkungen.com\/no\/produkt\/innvendig-lampe-75-mm-hvit-24-v\/","url":"https:\/\/xenonkungen.com\/no\/produkt\/innvendig-lampe-75-mm-hvit-24-v\/","name":"Indvendig lampe \u00d875mm|Hvid - 24V - Xenonkungen","isPartOf":{"@id":"https:\/\/xenonkungen.com\/#website"},"primaryImageOfPage":{"@id":"https:\/\/xenonkungen.com\/no\/produkt\/innvendig-lampe-75-mm-hvit-24-v\/#primaryimage"},"image":{"@id":"https:\/\/xenonkungen.com\/no\/produkt\/innvendig-lampe-75-mm-hvit-24-v\/#primaryimage"},"thumbnailUrl":"https:\/\/xenonkungen.com\/wp-content\/uploads\/2025\/04\/7788218-origpic-0f1606.jpg","datePublished":"2025-04-15T10:05:39+00:00","dateModified":"2025-12-10T13:49:48+00:00","breadcrumb":{"@id":"https:\/\/xenonkungen.com\/no\/produkt\/innvendig-lampe-75-mm-hvit-24-v\/#breadcrumb"},"inLanguage":"da-DK","potentialAction":[{"@type":"ReadAction","target":["https:\/\/xenonkungen.com\/no\/produkt\/innvendig-lampe-75-mm-hvit-24-v\/"]}]},{"@type":"ImageObject","inLanguage":"da-DK","@id":"https:\/\/xenonkungen.com\/no\/produkt\/innvendig-lampe-75-mm-hvit-24-v\/#primaryimage","url":"https:\/\/xenonkungen.com\/wp-content\/uploads\/2025\/04\/7788218-origpic-0f1606.jpg","contentUrl":"https:\/\/xenonkungen.com\/wp-content\/uploads\/2025\/04\/7788218-origpic-0f1606.jpg","width":600,"height":600},{"@type":"BreadcrumbList","@id":"https:\/\/xenonkungen.com\/no\/produkt\/innvendig-lampe-75-mm-hvit-24-v\/#breadcrumb","itemListElement":[{"@type":"ListItem","position":1,"name":"Hem","item":"https:\/\/xenonkungen.com\/"},{"@type":"ListItem","position":2,"name":"Shop","item":"https:\/\/xenonkungen.com\/shop\/"},{"@type":"ListItem","position":3,"name":"Interi\u00f6rlampa \u00d875mm|Vit &#8211; 24V"}]},{"@type":"WebSite","@id":"https:\/\/xenonkungen.com\/#website","url":"https:\/\/xenonkungen.com\/","name":"Xenonkungen","description":"","potentialAction":[{"@type":"SearchAction","target":{"@type":"EntryPoint","urlTemplate":"https:\/\/xenonkungen.com\/?s={search_term_string}"},"query-input":{"@type":"PropertyValueSpecification","valueRequired":true,"valueName":"search_term_string"}}],"inLanguage":"da-DK"}]}},"taxonomy_info":{"anvandningsomrade":[{"value":166,"label":"Lastbil"},{"value":238,"label":"SL\u00c4P"},{"value":2816,"label":"TRAILER"}],"product_brand":[{"value":1252,"label":"LEA"}],"product_cat":[{"value":2586,"label":"Interi\u00f6rbelysning"}],"pa_fuktskydd-varde-ipxx":[{"value":333,"label":"IP67"}],"pa_storlek-mm":[{"value":2056,"label":"75x17"}],"pa_stromforbrukning":[{"value":2060,"label":"0,13A @28V"}],"pa_volt-v":[{"value":160,"label":"24"}]},"featured_image_src_large":["https:\/\/xenonkungen.com\/wp-content\/uploads\/2025\/04\/7788218-origpic-0f1606.jpg",600,600,false],"author_info":[],"comment_info":0,"_links":{"self":[{"href":"https:\/\/xenonkungen.com\/dk\/wp-json\/wp\/v2\/product\/8326","targetHints":{"allow":["GET"]}}],"collection":[{"href":"https:\/\/xenonkungen.com\/dk\/wp-json\/wp\/v2\/product"}],"about":[{"href":"https:\/\/xenonkungen.com\/dk\/wp-json\/wp\/v2\/types\/product"}],"replies":[{"embeddable":true,"href":"https:\/\/xenonkungen.com\/dk\/wp-json\/wp\/v2\/comments?post=8326"}],"wp:featuredmedia":[{"embeddable":true,"href":"https:\/\/xenonkungen.com\/dk\/wp-json\/wp\/v2\/media\/8327"}],"wp:attachment":[{"href":"https:\/\/xenonkungen.com\/dk\/wp-json\/wp\/v2\/media?parent=8326"}],"wp:term":[{"taxonomy":"anvandningsomrade","embeddable":true,"href":"https:\/\/xenonkungen.com\/dk\/wp-json\/wp\/v2\/anvandningsomrade?post=8326"},{"taxonomy":"bilmarken","embeddable":true,"href":"https:\/\/xenonkungen.com\/dk\/wp-json\/wp\/v2\/bilmarken?post=8326"},{"taxonomy":"product_brand","embeddable":true,"href":"https:\/\/xenonkungen.com\/dk\/wp-json\/wp\/v2\/product_brand?post=8326"},{"taxonomy":"product_cat","embeddable":true,"href":"https:\/\/xenonkungen.com\/dk\/wp-json\/wp\/v2\/product_cat?post=8326"},{"taxonomy":"product_tag","embeddable":true,"href":"https:\/\/xenonkungen.com\/dk\/wp-json\/wp\/v2\/product_tag?post=8326"}],"curies":[{"name":"wp","href":"https:\/\/api.w.org\/{rel}","templated":true}]}}