{"id":8529,"date":"2025-04-15T10:07:23","date_gmt":"2025-04-15T10:07:23","guid":{"rendered":"https:\/\/xenonkungen.com\/product\/truck-skydd-bla-spot\/"},"modified":"2026-04-10T22:11:28","modified_gmt":"2026-04-10T21:11:28","slug":"lastbilbeskyttelse-bla-plet","status":"publish","type":"product","link":"https:\/\/xenonkungen.com\/dk\/vare\/lastbilbeskyttelse-bla-plet\/","title":{"rendered":"Truck Cover Bl\u00e5 - Spot"},"content":{"rendered":"<h1 class=\"title\">Bl\u00e5 advarselsspot til lastbil<\/h1>\n<p class=\"description\">En effektiv sikkerhedsl\u00f8sning, der bruger avanceret LED-teknologi til at projicere et st\u00e6rkt bl\u00e5t lyssignal p\u00e5 jorden og advare fodg\u00e6ngere og andre k\u00f8ret\u00f8jer om en lastbils tilstedev\u00e6relse og bev\u00e6gelsesretning.<\/p>\n<h2 class=\"subtitle\">Funktioner og egenskaber:<\/h2>\n<li>Projicerer et klart bl\u00e5t lyssignal for ekstra sikkerhed.<\/li>\n<li>Udnytter avanceret LED-teknologi til h\u00f8j synlighed.<\/li>\n<li>Robust konstruktion med l\u00e6kageforseglet elektronik til langvarig brug.<\/li>\n<li>Let at montere p\u00e5 en lang r\u00e6kke gaffeltrucks og industrik\u00f8ret\u00f8jer.<\/li>\n<\/ul>\n<h2 class=\"subtitle\">Anvendelsesomr\u00e5der:<\/h2>\n<p class=\"usage-text\">Ideel til brug i lagerbygninger, p\u00e5 byggepladser og i andre industrielle milj\u00f8er, hvor gaffeltrucks arbejder t\u00e6t p\u00e5 fodg\u00e6ngere og andre k\u00f8ret\u00f8jer.<\/p>\n<h2 class=\"subtitle\">Installation:<\/h2>\n<p class=\"installation-text\">Leveres med alt n\u00f8dvendigt monteringstilbeh\u00f8r til hurtig og nem installation, hvilket g\u00f8r det muligt effektivt at markere lastbilens tilstedev\u00e6relse og forbedre sikkerheden p\u00e5 arbejdspladsen.<\/p>","protected":false},"excerpt":{"rendered":"<p>Bl\u00e5 Varningsspot f\u00f6r Truck En effektiv s\u00e4kerhetsl\u00f6sning som anv\u00e4nder avancerad LED-teknologi f\u00f6r att projicera en stark bl\u00e5 ljussignal p\u00e5 marken, vilket varnar fotg\u00e4ngare och andra fordon om en truck&#8217;s n\u00e4rvaro och r\u00f6relseriktning. Funktioner och Egenskaper: Projicerar en tydlig bl\u00e5 ljussignal f\u00f6r \u00f6kad s\u00e4kerhet. Anv\u00e4nder avancerad LED-teknologi f\u00f6r h\u00f6g synlighet. Robust konstruktion med l\u00e4ckagef\u00f6rseglad elektronik f\u00f6r [&hellip;]<\/p>","protected":false},"featured_media":8530,"comment_status":"closed","ping_status":"open","template":"","meta":{"_acf_changed":false,"_smort_price_nok":"1063","_smort_price_dkk":"675","_smort_price_eur":"90.45","_smort_sale_price_nok":"","_smort_sale_price_dkk":"","_smort_sale_price_eur":"","smort_restorder":"","shipmondo_restorder":"","_kad_blocks_custom_css":"","_kad_blocks_head_custom_js":"","_kad_blocks_body_custom_js":"","_kad_blocks_footer_custom_js":"","smort_custom_pricelist_1":"636.8","smort_custom_pricelist_2":"557.2","smort_custom_pricelist_3":"517.4","smort_custom_pricelist_4":"796","smort_custom_pricelist_5":"557.2"},"anvandningsomrade":[166,238,2816],"bilmarken":[],"product_brand":[1252],"product_cat":[2587],"product_tag":[],"class_list":{"0":"post-8529","1":"product","2":"type-product","3":"status-publish","4":"has-post-thumbnail","6":"anvandningsomrade-lastbil","7":"anvandningsomrade-slap","8":"anvandningsomrade-trailer","9":"product_brand-lea","10":"product_cat-blixtljus-varningsljus-varningsljus","11":"pa_fuktskydd-varde-ipxx-ip67","12":"pa_godkannande-ece-r10","13":"pa_led-chips-effekt-w-2022","14":"pa_ljusbild-spot","15":"pa_storlek-mm-92x61x60","16":"pa_stromforbrukning-05a-10v","17":"pa_stromforbrukning-06a-110v","18":"pa_volt-v-10-110","20":"first","21":"onbackorder","22":"taxable","23":"shipping-taxable","24":"purchasable","25":"product-type-simple"},"bundled_by":[],"bundle_stock_status":"onbackorder","bundle_stock_quantity":0,"bundle_virtual":false,"bundle_layout":"","bundle_add_to_cart_form_location":"","bundle_editable_in_cart":false,"bundle_sold_individually_context":"","bundle_item_grouping":"","bundle_min_size":"","bundle_max_size":"","bundle_price":[],"bundled_items":[],"bundle_sell_ids":[],"acf":[],"yoast_head":"<!-- This site is optimized with the Yoast SEO plugin v27.0 - https:\/\/yoast.com\/product\/yoast-seo-wordpress\/ -->\n<title>Truck Skydd Bl\u00e5 - Spot - Xenonkungen<\/title>\n<meta name=\"robots\" content=\"index, follow, max-snippet:-1, max-image-preview:large, max-video-preview:-1\" \/>\n<link rel=\"canonical\" href=\"https:\/\/xenonkungen.com\/dk\/vare\/lastbilbeskyttelse-bla-plet\/\" \/>\n<meta property=\"og:locale\" content=\"da_DK\" \/>\n<meta property=\"og:type\" content=\"article\" \/>\n<meta property=\"og:title\" content=\"Truck Skydd Bl\u00e5 - Spot - Xenonkungen\" \/>\n<meta property=\"og:description\" content=\"Bl\u00e5 Varningsspot f\u00f6r Truck En effektiv s\u00e4kerhetsl\u00f6sning som anv\u00e4nder avancerad LED-teknologi f\u00f6r att projicera en stark bl\u00e5 ljussignal p\u00e5 marken, vilket varnar fotg\u00e4ngare och andra fordon om en truck&#8217;s n\u00e4rvaro och r\u00f6relseriktning. Funktioner och Egenskaper: Projicerar en tydlig bl\u00e5 ljussignal f\u00f6r \u00f6kad s\u00e4kerhet. Anv\u00e4nder avancerad LED-teknologi f\u00f6r h\u00f6g synlighet. Robust konstruktion med l\u00e4ckagef\u00f6rseglad elektronik f\u00f6r [&hellip;]\" \/>\n<meta property=\"og:url\" content=\"https:\/\/xenonkungen.com\/dk\/vare\/lastbilbeskyttelse-bla-plet\/\" \/>\n<meta property=\"og:site_name\" content=\"Xenonkungen\" \/>\n<meta property=\"article:modified_time\" content=\"2026-04-10T21:11:28+00:00\" \/>\n<meta property=\"og:image\" content=\"https:\/\/xenonkungen.com\/wp-content\/uploads\/2025\/04\/164198361-origpic-a712ec.jpg\" \/>\n\t<meta property=\"og:image:width\" content=\"800\" \/>\n\t<meta property=\"og:image:height\" content=\"800\" \/>\n\t<meta property=\"og:image:type\" content=\"image\/jpeg\" \/>\n<meta name=\"twitter:card\" content=\"summary_large_image\" \/>\n<meta name=\"twitter:label1\" content=\"Estimeret l\u00e6setid\" \/>\n\t<meta name=\"twitter:data1\" content=\"1 minut\" \/>\n<script type=\"application\/ld+json\" class=\"yoast-schema-graph\">{\"@context\":\"https:\/\/schema.org\",\"@graph\":[{\"@type\":\"WebPage\",\"@id\":\"https:\/\/xenonkungen.com\/produkt\/truck-skydd-bla-spot\/\",\"url\":\"https:\/\/xenonkungen.com\/produkt\/truck-skydd-bla-spot\/\",\"name\":\"Truck Skydd Bl\u00e5 - Spot - Xenonkungen\",\"isPartOf\":{\"@id\":\"https:\/\/xenonkungen.com\/#website\"},\"primaryImageOfPage\":{\"@id\":\"https:\/\/xenonkungen.com\/produkt\/truck-skydd-bla-spot\/#primaryimage\"},\"image\":{\"@id\":\"https:\/\/xenonkungen.com\/produkt\/truck-skydd-bla-spot\/#primaryimage\"},\"thumbnailUrl\":\"https:\/\/xenonkungen.com\/wp-content\/uploads\/2025\/04\/164198361-origpic-a712ec.jpg\",\"datePublished\":\"2025-04-15T10:07:23+00:00\",\"dateModified\":\"2026-04-10T21:11:28+00:00\",\"breadcrumb\":{\"@id\":\"https:\/\/xenonkungen.com\/produkt\/truck-skydd-bla-spot\/#breadcrumb\"},\"inLanguage\":\"da-DK\",\"potentialAction\":[{\"@type\":\"ReadAction\",\"target\":[\"https:\/\/xenonkungen.com\/produkt\/truck-skydd-bla-spot\/\"]}]},{\"@type\":\"ImageObject\",\"inLanguage\":\"da-DK\",\"@id\":\"https:\/\/xenonkungen.com\/produkt\/truck-skydd-bla-spot\/#primaryimage\",\"url\":\"https:\/\/xenonkungen.com\/wp-content\/uploads\/2025\/04\/164198361-origpic-a712ec.jpg\",\"contentUrl\":\"https:\/\/xenonkungen.com\/wp-content\/uploads\/2025\/04\/164198361-origpic-a712ec.jpg\",\"width\":800,\"height\":800},{\"@type\":\"BreadcrumbList\",\"@id\":\"https:\/\/xenonkungen.com\/produkt\/truck-skydd-bla-spot\/#breadcrumb\",\"itemListElement\":[{\"@type\":\"ListItem\",\"position\":1,\"name\":\"Hem\",\"item\":\"https:\/\/xenonkungen.com\/\"},{\"@type\":\"ListItem\",\"position\":2,\"name\":\"Shop\",\"item\":\"https:\/\/xenonkungen.com\/shop\/\"},{\"@type\":\"ListItem\",\"position\":3,\"name\":\"Truck Skydd Bl\u00e5 &#8211; Spot\"}]},{\"@type\":\"WebSite\",\"@id\":\"https:\/\/xenonkungen.com\/#website\",\"url\":\"https:\/\/xenonkungen.com\/\",\"name\":\"Xenonkungen\",\"description\":\"\",\"potentialAction\":[{\"@type\":\"SearchAction\",\"target\":{\"@type\":\"EntryPoint\",\"urlTemplate\":\"https:\/\/xenonkungen.com\/?s={search_term_string}\"},\"query-input\":{\"@type\":\"PropertyValueSpecification\",\"valueRequired\":true,\"valueName\":\"search_term_string\"}}],\"inLanguage\":\"da-DK\"}]}<\/script>\n<!-- \/ Yoast SEO plugin. -->","yoast_head_json":{"title":"Lastbilbeskyttelse Bl\u00e5 - Spot - Xenonkungen","robots":{"index":"index","follow":"follow","max-snippet":"max-snippet:-1","max-image-preview":"max-image-preview:large","max-video-preview":"max-video-preview:-1"},"canonical":"https:\/\/xenonkungen.com\/dk\/vare\/lastbilbeskyttelse-bla-plet\/","og_locale":"da_DK","og_type":"article","og_title":"Truck Skydd Bl\u00e5 - Spot - Xenonkungen","og_description":"Bl\u00e5 Varningsspot f\u00f6r Truck En effektiv s\u00e4kerhetsl\u00f6sning som anv\u00e4nder avancerad LED-teknologi f\u00f6r att projicera en stark bl\u00e5 ljussignal p\u00e5 marken, vilket varnar fotg\u00e4ngare och andra fordon om en truck&#8217;s n\u00e4rvaro och r\u00f6relseriktning. Funktioner och Egenskaper: Projicerar en tydlig bl\u00e5 ljussignal f\u00f6r \u00f6kad s\u00e4kerhet. Anv\u00e4nder avancerad LED-teknologi f\u00f6r h\u00f6g synlighet. Robust konstruktion med l\u00e4ckagef\u00f6rseglad elektronik f\u00f6r [&hellip;]","og_url":"https:\/\/xenonkungen.com\/dk\/vare\/lastbilbeskyttelse-bla-plet\/","og_site_name":"Xenonkungen","article_modified_time":"2026-04-10T21:11:28+00:00","og_image":[{"width":800,"height":800,"url":"https:\/\/xenonkungen.com\/wp-content\/uploads\/2025\/04\/164198361-origpic-a712ec.jpg","type":"image\/jpeg"}],"twitter_card":"summary_large_image","twitter_misc":{"Estimeret l\u00e6setid":"1 minut"},"schema":{"@context":"https:\/\/schema.org","@graph":[{"@type":"WebPage","@id":"https:\/\/xenonkungen.com\/produkt\/truck-skydd-bla-spot\/","url":"https:\/\/xenonkungen.com\/produkt\/truck-skydd-bla-spot\/","name":"Lastbilbeskyttelse Bl\u00e5 - Spot - Xenonkungen","isPartOf":{"@id":"https:\/\/xenonkungen.com\/#website"},"primaryImageOfPage":{"@id":"https:\/\/xenonkungen.com\/produkt\/truck-skydd-bla-spot\/#primaryimage"},"image":{"@id":"https:\/\/xenonkungen.com\/produkt\/truck-skydd-bla-spot\/#primaryimage"},"thumbnailUrl":"https:\/\/xenonkungen.com\/wp-content\/uploads\/2025\/04\/164198361-origpic-a712ec.jpg","datePublished":"2025-04-15T10:07:23+00:00","dateModified":"2026-04-10T21:11:28+00:00","breadcrumb":{"@id":"https:\/\/xenonkungen.com\/produkt\/truck-skydd-bla-spot\/#breadcrumb"},"inLanguage":"da-DK","potentialAction":[{"@type":"ReadAction","target":["https:\/\/xenonkungen.com\/produkt\/truck-skydd-bla-spot\/"]}]},{"@type":"ImageObject","inLanguage":"da-DK","@id":"https:\/\/xenonkungen.com\/produkt\/truck-skydd-bla-spot\/#primaryimage","url":"https:\/\/xenonkungen.com\/wp-content\/uploads\/2025\/04\/164198361-origpic-a712ec.jpg","contentUrl":"https:\/\/xenonkungen.com\/wp-content\/uploads\/2025\/04\/164198361-origpic-a712ec.jpg","width":800,"height":800},{"@type":"BreadcrumbList","@id":"https:\/\/xenonkungen.com\/produkt\/truck-skydd-bla-spot\/#breadcrumb","itemListElement":[{"@type":"ListItem","position":1,"name":"Hem","item":"https:\/\/xenonkungen.com\/"},{"@type":"ListItem","position":2,"name":"Shop","item":"https:\/\/xenonkungen.com\/shop\/"},{"@type":"ListItem","position":3,"name":"Truck Skydd Bl\u00e5 &#8211; Spot"}]},{"@type":"WebSite","@id":"https:\/\/xenonkungen.com\/#website","url":"https:\/\/xenonkungen.com\/","name":"Xenonkungen","description":"","potentialAction":[{"@type":"SearchAction","target":{"@type":"EntryPoint","urlTemplate":"https:\/\/xenonkungen.com\/?s={search_term_string}"},"query-input":{"@type":"PropertyValueSpecification","valueRequired":true,"valueName":"search_term_string"}}],"inLanguage":"da-DK"}]}},"taxonomy_info":{"anvandningsomrade":[{"value":166,"label":"Lastbil"},{"value":238,"label":"SL\u00c4P"},{"value":2816,"label":"TRAILER"}],"product_brand":[{"value":1252,"label":"LEA"}],"product_cat":[{"value":2587,"label":"Blixtljus\/Varningsljus"}],"pa_fuktskydd-varde-ipxx":[{"value":333,"label":"IP67"}],"pa_godkannande":[{"value":966,"label":"ECE, R10"}],"pa_led-chips-effekt-w":[{"value":2022,"label":"3"}],"pa_ljusbild":[{"value":1177,"label":"Spot"}],"pa_storlek-mm":[{"value":2093,"label":"92x61x60"}],"pa_stromforbrukning":[{"value":2094,"label":"0,5A @10V"},{"value":2095,"label":"0,6A @110V"}],"pa_volt-v":[{"value":1763,"label":"10-110"}]},"featured_image_src_large":["https:\/\/xenonkungen.com\/wp-content\/uploads\/2025\/04\/164198361-origpic-a712ec.jpg",800,800,false],"author_info":[],"comment_info":0,"_links":{"self":[{"href":"https:\/\/xenonkungen.com\/dk\/wp-json\/wp\/v2\/product\/8529","targetHints":{"allow":["GET"]}}],"collection":[{"href":"https:\/\/xenonkungen.com\/dk\/wp-json\/wp\/v2\/product"}],"about":[{"href":"https:\/\/xenonkungen.com\/dk\/wp-json\/wp\/v2\/types\/product"}],"replies":[{"embeddable":true,"href":"https:\/\/xenonkungen.com\/dk\/wp-json\/wp\/v2\/comments?post=8529"}],"wp:featuredmedia":[{"embeddable":true,"href":"https:\/\/xenonkungen.com\/dk\/wp-json\/wp\/v2\/media\/8530"}],"wp:attachment":[{"href":"https:\/\/xenonkungen.com\/dk\/wp-json\/wp\/v2\/media?parent=8529"}],"wp:term":[{"taxonomy":"anvandningsomrade","embeddable":true,"href":"https:\/\/xenonkungen.com\/dk\/wp-json\/wp\/v2\/anvandningsomrade?post=8529"},{"taxonomy":"bilmarken","embeddable":true,"href":"https:\/\/xenonkungen.com\/dk\/wp-json\/wp\/v2\/bilmarken?post=8529"},{"taxonomy":"product_brand","embeddable":true,"href":"https:\/\/xenonkungen.com\/dk\/wp-json\/wp\/v2\/product_brand?post=8529"},{"taxonomy":"product_cat","embeddable":true,"href":"https:\/\/xenonkungen.com\/dk\/wp-json\/wp\/v2\/product_cat?post=8529"},{"taxonomy":"product_tag","embeddable":true,"href":"https:\/\/xenonkungen.com\/dk\/wp-json\/wp\/v2\/product_tag?post=8529"}],"curies":[{"name":"wp","href":"https:\/\/api.w.org\/{rel}","templated":true}]}}