{"id":8563,"date":"2025-04-15T10:07:43","date_gmt":"2025-04-15T10:07:43","guid":{"rendered":"https:\/\/xenonkungen.com\/product\/baklampa-99ar\/"},"modified":"2026-04-11T00:56:14","modified_gmt":"2026-04-10T23:56:14","slug":"baglygte-99ere","status":"publish","type":"product","link":"https:\/\/xenonkungen.com\/dk\/vare\/baglygte-99ere\/","title":{"rendered":"Baglygte 99AR"},"content":{"rendered":"<h1>Vores LED-kombinationslampe i kompakt format<\/h1>\n<p>tilbyder p\u00e5lidelig belysning til en imponerende lav pris. Denne lampe er udstyret med 8 diodelamper af h\u00f8j kvalitet, der er indkapslet i et lampehus af h\u00e6rdet akryl med en robust bagside af ABS-plast. Den er ECE-godkendt og opfylder de h\u00f8je europ\u00e6iske sikkerhedsstandarder.<\/p>\n<p>Lampen er designet til nem installation med en 12V DC str\u00f8mkilde og har f\u00f8lgende dimensioner: 107x107x23mm. Ved en sp\u00e6nding p\u00e5 13,8V er str\u00f8mforbruget som f\u00f8lger: 0,07A for stoplys, 0,05A for baglys og 0,08A for blinklys.<\/p>\n<p>Med et gener\u00f8st 25 cm langt kabel og tydeligt markerede kabelfarver er tilslutningen enkel og problemfri:<\/p>\n<ul>\n<li>Hvidt kabel bruges til jordforbindelse.<\/li>\n<li>Brunt kabel er beregnet til tilslutning af baglygter.<\/li>\n<li>Det r\u00f8de kabel er tilsluttet stoplyset.<\/li>\n<li>Det gule kabel bruges til blinklysfunktionen.<\/li>\n<\/ul>\n<p>Dette produkt leveres med en imponerende 3-\u00e5rs garanti, hvilket bekr\u00e6fter vores tillid til dets p\u00e5lidelighed og lange levetid. V\u00e6lg vores LED-kombinationslampe for en omkostningseffektiv l\u00f8sning med h\u00f8j kvalitet og ydeevne.<\/p>","protected":false},"excerpt":{"rendered":"<p>V\u00e5r LED kombinationslampa i kompakt format erbjuder p\u00e5litlig belysning till ett imponerande l\u00e5gt pris. Denna lampa \u00e4r utrustad med 8 h\u00f6gkvalitativa diodlampor som \u00e4r inkapslade i ett lamphus av h\u00e4rdad akryl, med ett robust bakstycke tillverkat av ABS-plast. Den \u00e4r ECE-godk\u00e4nd och uppfyller de h\u00f6ga europeiska s\u00e4kerhetsstandarderna. Lampan \u00e4r utformad f\u00f6r en enkel installation med [&hellip;]<\/p>","protected":false},"featured_media":8564,"comment_status":"closed","ping_status":"open","template":"","meta":{"_acf_changed":false,"_smort_price_nok":"224","_smort_price_dkk":"142","_smort_price_eur":"19.09","_smort_sale_price_nok":"","_smort_sale_price_dkk":"","_smort_sale_price_eur":"","smort_restorder":"","shipmondo_restorder":"","_kad_blocks_custom_css":"","_kad_blocks_head_custom_js":"","_kad_blocks_body_custom_js":"","_kad_blocks_footer_custom_js":"","smort_custom_pricelist_1":"117.6","smort_custom_pricelist_2":"117.6","smort_custom_pricelist_3":"111.72","smort_custom_pricelist_4":"168","smort_custom_pricelist_5":"117.6"},"anvandningsomrade":[166,238,2816],"bilmarken":[],"product_brand":[1252],"product_cat":[2552],"product_tag":[],"class_list":{"0":"post-8563","1":"product","2":"type-product","3":"status-publish","4":"has-post-thumbnail","6":"anvandningsomrade-lastbil","7":"anvandningsomrade-slap","8":"anvandningsomrade-trailer","9":"product_brand-lea","10":"product_cat-bakljus-slap","11":"pa_fuktskydd-varde-ipxx-ip67","12":"pa_godkannande-ece-emc","13":"pa_storlek-mm-107x107x23","14":"pa_volt-v-159","16":"first","17":"instock","18":"taxable","19":"shipping-taxable","20":"purchasable","21":"product-type-simple"},"bundled_by":[],"bundle_stock_status":"instock","bundle_stock_quantity":1,"bundle_virtual":false,"bundle_layout":"","bundle_add_to_cart_form_location":"","bundle_editable_in_cart":false,"bundle_sold_individually_context":"","bundle_item_grouping":"","bundle_min_size":"","bundle_max_size":"","bundle_price":[],"bundled_items":[],"bundle_sell_ids":[],"acf":[],"yoast_head":"<!-- This site is optimized with the Yoast SEO plugin v27.0 - https:\/\/yoast.com\/product\/yoast-seo-wordpress\/ -->\n<title>Baklampa 99AR - Xenonkungen<\/title>\n<meta name=\"robots\" content=\"index, follow, max-snippet:-1, max-image-preview:large, max-video-preview:-1\" \/>\n<link rel=\"canonical\" href=\"https:\/\/xenonkungen.com\/dk\/vare\/baglygte-99ere\/\" \/>\n<meta property=\"og:locale\" content=\"da_DK\" \/>\n<meta property=\"og:type\" content=\"article\" \/>\n<meta property=\"og:title\" content=\"Baklampa 99AR - Xenonkungen\" \/>\n<meta property=\"og:description\" content=\"V\u00e5r LED kombinationslampa i kompakt format erbjuder p\u00e5litlig belysning till ett imponerande l\u00e5gt pris. Denna lampa \u00e4r utrustad med 8 h\u00f6gkvalitativa diodlampor som \u00e4r inkapslade i ett lamphus av h\u00e4rdad akryl, med ett robust bakstycke tillverkat av ABS-plast. Den \u00e4r ECE-godk\u00e4nd och uppfyller de h\u00f6ga europeiska s\u00e4kerhetsstandarderna. Lampan \u00e4r utformad f\u00f6r en enkel installation med [&hellip;]\" \/>\n<meta property=\"og:url\" content=\"https:\/\/xenonkungen.com\/dk\/vare\/baglygte-99ere\/\" \/>\n<meta property=\"og:site_name\" content=\"Xenonkungen\" \/>\n<meta property=\"article:modified_time\" content=\"2026-04-10T23:56:14+00:00\" \/>\n<meta property=\"og:image\" content=\"https:\/\/xenonkungen.com\/wp-content\/uploads\/2025\/04\/20830889-origpic-272d54.jpg\" \/>\n\t<meta property=\"og:image:width\" content=\"800\" \/>\n\t<meta property=\"og:image:height\" content=\"800\" \/>\n\t<meta property=\"og:image:type\" content=\"image\/jpeg\" \/>\n<meta name=\"twitter:card\" content=\"summary_large_image\" \/>\n<meta name=\"twitter:label1\" content=\"Estimeret l\u00e6setid\" \/>\n\t<meta name=\"twitter:data1\" content=\"1 minut\" \/>\n<script type=\"application\/ld+json\" class=\"yoast-schema-graph\">{\"@context\":\"https:\/\/schema.org\",\"@graph\":[{\"@type\":\"WebPage\",\"@id\":\"https:\/\/xenonkungen.com\/produkt\/baklampa-99ar\/\",\"url\":\"https:\/\/xenonkungen.com\/produkt\/baklampa-99ar\/\",\"name\":\"Baklampa 99AR - Xenonkungen\",\"isPartOf\":{\"@id\":\"https:\/\/xenonkungen.com\/#website\"},\"primaryImageOfPage\":{\"@id\":\"https:\/\/xenonkungen.com\/produkt\/baklampa-99ar\/#primaryimage\"},\"image\":{\"@id\":\"https:\/\/xenonkungen.com\/produkt\/baklampa-99ar\/#primaryimage\"},\"thumbnailUrl\":\"https:\/\/xenonkungen.com\/wp-content\/uploads\/2025\/04\/20830889-origpic-272d54.jpg\",\"datePublished\":\"2025-04-15T10:07:43+00:00\",\"dateModified\":\"2026-04-10T23:56:14+00:00\",\"breadcrumb\":{\"@id\":\"https:\/\/xenonkungen.com\/produkt\/baklampa-99ar\/#breadcrumb\"},\"inLanguage\":\"da-DK\",\"potentialAction\":[{\"@type\":\"ReadAction\",\"target\":[\"https:\/\/xenonkungen.com\/produkt\/baklampa-99ar\/\"]}]},{\"@type\":\"ImageObject\",\"inLanguage\":\"da-DK\",\"@id\":\"https:\/\/xenonkungen.com\/produkt\/baklampa-99ar\/#primaryimage\",\"url\":\"https:\/\/xenonkungen.com\/wp-content\/uploads\/2025\/04\/20830889-origpic-272d54.jpg\",\"contentUrl\":\"https:\/\/xenonkungen.com\/wp-content\/uploads\/2025\/04\/20830889-origpic-272d54.jpg\",\"width\":800,\"height\":800},{\"@type\":\"BreadcrumbList\",\"@id\":\"https:\/\/xenonkungen.com\/produkt\/baklampa-99ar\/#breadcrumb\",\"itemListElement\":[{\"@type\":\"ListItem\",\"position\":1,\"name\":\"Hem\",\"item\":\"https:\/\/xenonkungen.com\/\"},{\"@type\":\"ListItem\",\"position\":2,\"name\":\"Shop\",\"item\":\"https:\/\/xenonkungen.com\/shop\/\"},{\"@type\":\"ListItem\",\"position\":3,\"name\":\"Baklampa 99AR\"}]},{\"@type\":\"WebSite\",\"@id\":\"https:\/\/xenonkungen.com\/#website\",\"url\":\"https:\/\/xenonkungen.com\/\",\"name\":\"Xenonkungen\",\"description\":\"\",\"potentialAction\":[{\"@type\":\"SearchAction\",\"target\":{\"@type\":\"EntryPoint\",\"urlTemplate\":\"https:\/\/xenonkungen.com\/?s={search_term_string}\"},\"query-input\":{\"@type\":\"PropertyValueSpecification\",\"valueRequired\":true,\"valueName\":\"search_term_string\"}}],\"inLanguage\":\"da-DK\"}]}<\/script>\n<!-- \/ Yoast SEO plugin. -->","yoast_head_json":{"title":"Baglygte 99AR - Xenon King","robots":{"index":"index","follow":"follow","max-snippet":"max-snippet:-1","max-image-preview":"max-image-preview:large","max-video-preview":"max-video-preview:-1"},"canonical":"https:\/\/xenonkungen.com\/dk\/vare\/baglygte-99ere\/","og_locale":"da_DK","og_type":"article","og_title":"Baklampa 99AR - Xenonkungen","og_description":"V\u00e5r LED kombinationslampa i kompakt format erbjuder p\u00e5litlig belysning till ett imponerande l\u00e5gt pris. Denna lampa \u00e4r utrustad med 8 h\u00f6gkvalitativa diodlampor som \u00e4r inkapslade i ett lamphus av h\u00e4rdad akryl, med ett robust bakstycke tillverkat av ABS-plast. Den \u00e4r ECE-godk\u00e4nd och uppfyller de h\u00f6ga europeiska s\u00e4kerhetsstandarderna. Lampan \u00e4r utformad f\u00f6r en enkel installation med [&hellip;]","og_url":"https:\/\/xenonkungen.com\/dk\/vare\/baglygte-99ere\/","og_site_name":"Xenonkungen","article_modified_time":"2026-04-10T23:56:14+00:00","og_image":[{"width":800,"height":800,"url":"https:\/\/xenonkungen.com\/wp-content\/uploads\/2025\/04\/20830889-origpic-272d54.jpg","type":"image\/jpeg"}],"twitter_card":"summary_large_image","twitter_misc":{"Estimeret l\u00e6setid":"1 minut"},"schema":{"@context":"https:\/\/schema.org","@graph":[{"@type":"WebPage","@id":"https:\/\/xenonkungen.com\/produkt\/baklampa-99ar\/","url":"https:\/\/xenonkungen.com\/produkt\/baklampa-99ar\/","name":"Baglygte 99AR - Xenon King","isPartOf":{"@id":"https:\/\/xenonkungen.com\/#website"},"primaryImageOfPage":{"@id":"https:\/\/xenonkungen.com\/produkt\/baklampa-99ar\/#primaryimage"},"image":{"@id":"https:\/\/xenonkungen.com\/produkt\/baklampa-99ar\/#primaryimage"},"thumbnailUrl":"https:\/\/xenonkungen.com\/wp-content\/uploads\/2025\/04\/20830889-origpic-272d54.jpg","datePublished":"2025-04-15T10:07:43+00:00","dateModified":"2026-04-10T23:56:14+00:00","breadcrumb":{"@id":"https:\/\/xenonkungen.com\/produkt\/baklampa-99ar\/#breadcrumb"},"inLanguage":"da-DK","potentialAction":[{"@type":"ReadAction","target":["https:\/\/xenonkungen.com\/produkt\/baklampa-99ar\/"]}]},{"@type":"ImageObject","inLanguage":"da-DK","@id":"https:\/\/xenonkungen.com\/produkt\/baklampa-99ar\/#primaryimage","url":"https:\/\/xenonkungen.com\/wp-content\/uploads\/2025\/04\/20830889-origpic-272d54.jpg","contentUrl":"https:\/\/xenonkungen.com\/wp-content\/uploads\/2025\/04\/20830889-origpic-272d54.jpg","width":800,"height":800},{"@type":"BreadcrumbList","@id":"https:\/\/xenonkungen.com\/produkt\/baklampa-99ar\/#breadcrumb","itemListElement":[{"@type":"ListItem","position":1,"name":"Hem","item":"https:\/\/xenonkungen.com\/"},{"@type":"ListItem","position":2,"name":"Shop","item":"https:\/\/xenonkungen.com\/shop\/"},{"@type":"ListItem","position":3,"name":"Baklampa 99AR"}]},{"@type":"WebSite","@id":"https:\/\/xenonkungen.com\/#website","url":"https:\/\/xenonkungen.com\/","name":"Xenonkungen","description":"","potentialAction":[{"@type":"SearchAction","target":{"@type":"EntryPoint","urlTemplate":"https:\/\/xenonkungen.com\/?s={search_term_string}"},"query-input":{"@type":"PropertyValueSpecification","valueRequired":true,"valueName":"search_term_string"}}],"inLanguage":"da-DK"}]}},"taxonomy_info":{"anvandningsomrade":[{"value":166,"label":"Lastbil"},{"value":238,"label":"SL\u00c4P"},{"value":2816,"label":"TRAILER"}],"product_brand":[{"value":1252,"label":"LEA"}],"product_cat":[{"value":2552,"label":"Bakljus"}],"pa_fuktskydd-varde-ipxx":[{"value":333,"label":"IP67"}],"pa_godkannande":[{"value":1262,"label":"ECE, EMC"}],"pa_storlek-mm":[{"value":2103,"label":"107x107x23"}],"pa_volt-v":[{"value":159,"label":"12"}]},"featured_image_src_large":["https:\/\/xenonkungen.com\/wp-content\/uploads\/2025\/04\/20830889-origpic-272d54.jpg",800,800,false],"author_info":[],"comment_info":1,"_links":{"self":[{"href":"https:\/\/xenonkungen.com\/dk\/wp-json\/wp\/v2\/product\/8563","targetHints":{"allow":["GET"]}}],"collection":[{"href":"https:\/\/xenonkungen.com\/dk\/wp-json\/wp\/v2\/product"}],"about":[{"href":"https:\/\/xenonkungen.com\/dk\/wp-json\/wp\/v2\/types\/product"}],"replies":[{"embeddable":true,"href":"https:\/\/xenonkungen.com\/dk\/wp-json\/wp\/v2\/comments?post=8563"}],"wp:featuredmedia":[{"embeddable":true,"href":"https:\/\/xenonkungen.com\/dk\/wp-json\/wp\/v2\/media\/8564"}],"wp:attachment":[{"href":"https:\/\/xenonkungen.com\/dk\/wp-json\/wp\/v2\/media?parent=8563"}],"wp:term":[{"taxonomy":"anvandningsomrade","embeddable":true,"href":"https:\/\/xenonkungen.com\/dk\/wp-json\/wp\/v2\/anvandningsomrade?post=8563"},{"taxonomy":"bilmarken","embeddable":true,"href":"https:\/\/xenonkungen.com\/dk\/wp-json\/wp\/v2\/bilmarken?post=8563"},{"taxonomy":"product_brand","embeddable":true,"href":"https:\/\/xenonkungen.com\/dk\/wp-json\/wp\/v2\/product_brand?post=8563"},{"taxonomy":"product_cat","embeddable":true,"href":"https:\/\/xenonkungen.com\/dk\/wp-json\/wp\/v2\/product_cat?post=8563"},{"taxonomy":"product_tag","embeddable":true,"href":"https:\/\/xenonkungen.com\/dk\/wp-json\/wp\/v2\/product_tag?post=8563"}],"curies":[{"name":"wp","href":"https:\/\/api.w.org\/{rel}","templated":true}]}}