{"id":8629,"date":"2025-04-15T10:08:14","date_gmt":"2025-04-15T10:08:14","guid":{"rendered":"https:\/\/xenonkungen.com\/product\/frontmarkering-eu38wm\/"},"modified":"2026-04-11T00:57:13","modified_gmt":"2026-04-10T23:57:13","slug":"frontmarkering-eu38wm","status":"publish","type":"product","link":"https:\/\/xenonkungen.com\/dk\/vare\/frontmarkering-eu38wm\/","title":{"rendered":"M\u00e6rkning p\u00e5 forsiden EU38WM"},"content":{"rendered":"<div class=\"container\">\n<h1>Innovativ hvid LED-formarkeringslygte<\/h1>\n<p>Denne enest\u00e5ende frontmarkeringslygte er en ideel opgradering til alle typer k\u00f8ret\u00f8jer og er designet til at give en lys og effektiv belysning med et unikt hvidt sk\u00e6r. Lysdesignet inkluderer en integreret reflektorplade forst\u00e6rket med 3 h\u00f8jintensitets-LED&#039;er, der sikrer fremragende synlighed uden behov for traditionelle monteringsskruer. Den separate lamperamme, der s\u00e6lges separat, muligg\u00f8r fleksibel og brugerdefineret installation.<\/p>\n<h2>Specifikationer<\/h2>\n<ul>\n<li>Lyskilde: 3 stk. h\u00f8jintensitets-LED&#039;er<\/li>\n<li>Materiale: L\u00e6kagesikker elektronik, patenteret &quot;Diamond&quot; linsem\u00f8nster<\/li>\n<li>Farve: Hvid<\/li>\n<li>Monteringsmetode: Skruefri installation, lamperamme k\u00f8bes separat<\/li>\n<li>IP-klassificering: H\u00f8j modstandsdygtighed over for vandindtr\u00e6ngning og fugt<\/li>\n<\/ul>\n<h2>Funktioner og fordele<\/h2>\n<p>Denne LED-forlygte er udstyret med avancerede funktioner og innovativ teknologi, der giver overlegen ydeevne og holdbarhed. Dens patenterede &quot;Diamond&quot;-linsem\u00f8nster og l\u00e6kagesikre elektronik sikrer en p\u00e5lidelig lyskilde under alle forhold, mens den skruefri monteringsmetode giver enkel og bekvem installation.<\/p>\n<ul>\n<li>Innovativ LED-teknologi til lys og energieffektiv belysning<\/li>\n<li>Integreret reflekterende plade for forbedret synlighed og sikkerhed<\/li>\n<li>Skruefri montering for nem og brugerdefineret installation<\/li>\n<li>Perfekt egnet til en r\u00e6kke k\u00f8ret\u00f8jer, fra lastbiler til biler og fritidsk\u00f8ret\u00f8jer<\/li>\n<\/ul>\n<\/div>\n<p><strong>Garanti:<\/strong> 5 \u00e5r<\/p>\n<p><iframe loading=\"lazy\" height=\"314\" src=\"https:\/\/www.youtube.com\/embed\/g0PGIWD45QI\" width=\"560\" allowfullscreen=\"allowfullscreen\"><\/iframe><\/p>","protected":false},"excerpt":{"rendered":"<p>Innovativ Vit LED Frontmarkeringslampa Denna framst\u00e5ende frontmarkeringslampa \u00e4r en idealisk uppgradering f\u00f6r alla typer av fordon, utformad f\u00f6r att erbjuda en ljus och effektiv belysning med en unik vit gl\u00f6d. Lampans design innefattar en integrerad reflexplatta f\u00f6rst\u00e4rkt med 3st h\u00f6gintensiva LED-ljus, vilket s\u00e4kerst\u00e4ller utm\u00e4rkt synlighet utan behov av traditionella monteringsskruvar. Den separata lampsargen, som s\u00e4ljs [&hellip;]<\/p>","protected":false},"featured_media":8630,"comment_status":"closed","ping_status":"open","template":"","meta":{"_acf_changed":false,"_smort_price_nok":"128","_smort_price_dkk":"81","_smort_price_eur":"10.91","_smort_sale_price_nok":"","_smort_sale_price_dkk":"","_smort_sale_price_eur":"","smort_restorder":"","shipmondo_restorder":"","_kad_blocks_custom_css":"","_kad_blocks_head_custom_js":"","_kad_blocks_body_custom_js":"","_kad_blocks_footer_custom_js":"","smort_custom_pricelist_1":"67.2","smort_custom_pricelist_2":"67.2","smort_custom_pricelist_3":"63.84","smort_custom_pricelist_4":"96","smort_custom_pricelist_5":"67.2"},"anvandningsomrade":[166,238,2816],"bilmarken":[],"product_brand":[1252],"product_cat":[2810,2478],"product_tag":[],"class_list":{"0":"post-8629","1":"product","2":"type-product","3":"status-publish","4":"has-post-thumbnail","6":"anvandningsomrade-lastbil","7":"anvandningsomrade-slap","8":"anvandningsomrade-trailer","9":"product_brand-lea","10":"product_cat-front","11":"product_cat-positionsljus-slap","12":"pa_fuktskydd-varde-ipxx-ip67","13":"pa_godkannande-ece","14":"pa_storlek-mm-100x38x13","15":"pa_stromforbrukning-0-01a13-8v","16":"pa_stromforbrukning-0-01a28v","17":"pa_volt-v-12-24","19":"first","20":"onbackorder","21":"taxable","22":"shipping-taxable","23":"purchasable","24":"product-type-simple"},"bundled_by":[],"bundle_stock_status":"onbackorder","bundle_stock_quantity":0,"bundle_virtual":false,"bundle_layout":"","bundle_add_to_cart_form_location":"","bundle_editable_in_cart":false,"bundle_sold_individually_context":"","bundle_item_grouping":"","bundle_min_size":"","bundle_max_size":"","bundle_price":[],"bundled_items":[],"bundle_sell_ids":[],"acf":[],"yoast_head":"<!-- This site is optimized with the Yoast SEO plugin v27.0 - https:\/\/yoast.com\/product\/yoast-seo-wordpress\/ -->\n<title>Frontmarkering EU38WM - Xenonkungen<\/title>\n<meta name=\"robots\" content=\"index, follow, max-snippet:-1, max-image-preview:large, max-video-preview:-1\" \/>\n<link rel=\"canonical\" href=\"https:\/\/xenonkungen.com\/dk\/vare\/frontmarkering-eu38wm\/\" \/>\n<meta property=\"og:locale\" content=\"da_DK\" \/>\n<meta property=\"og:type\" content=\"article\" \/>\n<meta property=\"og:title\" content=\"Frontmarkering EU38WM - Xenonkungen\" \/>\n<meta property=\"og:description\" content=\"Innovativ Vit LED Frontmarkeringslampa Denna framst\u00e5ende frontmarkeringslampa \u00e4r en idealisk uppgradering f\u00f6r alla typer av fordon, utformad f\u00f6r att erbjuda en ljus och effektiv belysning med en unik vit gl\u00f6d. Lampans design innefattar en integrerad reflexplatta f\u00f6rst\u00e4rkt med 3st h\u00f6gintensiva LED-ljus, vilket s\u00e4kerst\u00e4ller utm\u00e4rkt synlighet utan behov av traditionella monteringsskruvar. Den separata lampsargen, som s\u00e4ljs [&hellip;]\" \/>\n<meta property=\"og:url\" content=\"https:\/\/xenonkungen.com\/dk\/vare\/frontmarkering-eu38wm\/\" \/>\n<meta property=\"og:site_name\" content=\"Xenonkungen\" \/>\n<meta property=\"article:modified_time\" content=\"2026-04-10T23:57:13+00:00\" \/>\n<meta property=\"og:image\" content=\"https:\/\/xenonkungen.com\/wp-content\/uploads\/2025\/04\/21677994-origpic-7d5773.jpg\" \/>\n\t<meta property=\"og:image:width\" content=\"410\" \/>\n\t<meta property=\"og:image:height\" content=\"410\" \/>\n\t<meta property=\"og:image:type\" content=\"image\/jpeg\" \/>\n<meta name=\"twitter:card\" content=\"summary_large_image\" \/>\n<meta name=\"twitter:label1\" content=\"Estimeret l\u00e6setid\" \/>\n\t<meta name=\"twitter:data1\" content=\"1 minut\" \/>\n<script type=\"application\/ld+json\" class=\"yoast-schema-graph\">{\"@context\":\"https:\/\/schema.org\",\"@graph\":[{\"@type\":\"WebPage\",\"@id\":\"https:\/\/xenonkungen.com\/produkt\/frontmarkering-eu38wm\/\",\"url\":\"https:\/\/xenonkungen.com\/produkt\/frontmarkering-eu38wm\/\",\"name\":\"Frontmarkering EU38WM - Xenonkungen\",\"isPartOf\":{\"@id\":\"https:\/\/xenonkungen.com\/#website\"},\"primaryImageOfPage\":{\"@id\":\"https:\/\/xenonkungen.com\/produkt\/frontmarkering-eu38wm\/#primaryimage\"},\"image\":{\"@id\":\"https:\/\/xenonkungen.com\/produkt\/frontmarkering-eu38wm\/#primaryimage\"},\"thumbnailUrl\":\"https:\/\/xenonkungen.com\/wp-content\/uploads\/2025\/04\/21677994-origpic-7d5773.jpg\",\"datePublished\":\"2025-04-15T10:08:14+00:00\",\"dateModified\":\"2026-04-10T23:57:13+00:00\",\"breadcrumb\":{\"@id\":\"https:\/\/xenonkungen.com\/produkt\/frontmarkering-eu38wm\/#breadcrumb\"},\"inLanguage\":\"da-DK\",\"potentialAction\":[{\"@type\":\"ReadAction\",\"target\":[\"https:\/\/xenonkungen.com\/produkt\/frontmarkering-eu38wm\/\"]}]},{\"@type\":\"ImageObject\",\"inLanguage\":\"da-DK\",\"@id\":\"https:\/\/xenonkungen.com\/produkt\/frontmarkering-eu38wm\/#primaryimage\",\"url\":\"https:\/\/xenonkungen.com\/wp-content\/uploads\/2025\/04\/21677994-origpic-7d5773.jpg\",\"contentUrl\":\"https:\/\/xenonkungen.com\/wp-content\/uploads\/2025\/04\/21677994-origpic-7d5773.jpg\",\"width\":410,\"height\":410},{\"@type\":\"BreadcrumbList\",\"@id\":\"https:\/\/xenonkungen.com\/produkt\/frontmarkering-eu38wm\/#breadcrumb\",\"itemListElement\":[{\"@type\":\"ListItem\",\"position\":1,\"name\":\"Hem\",\"item\":\"https:\/\/xenonkungen.com\/\"},{\"@type\":\"ListItem\",\"position\":2,\"name\":\"Shop\",\"item\":\"https:\/\/xenonkungen.com\/shop\/\"},{\"@type\":\"ListItem\",\"position\":3,\"name\":\"Frontmarkering EU38WM\"}]},{\"@type\":\"WebSite\",\"@id\":\"https:\/\/xenonkungen.com\/#website\",\"url\":\"https:\/\/xenonkungen.com\/\",\"name\":\"Xenonkungen\",\"description\":\"\",\"potentialAction\":[{\"@type\":\"SearchAction\",\"target\":{\"@type\":\"EntryPoint\",\"urlTemplate\":\"https:\/\/xenonkungen.com\/?s={search_term_string}\"},\"query-input\":{\"@type\":\"PropertyValueSpecification\",\"valueRequired\":true,\"valueName\":\"search_term_string\"}}],\"inLanguage\":\"da-DK\"}]}<\/script>\n<!-- \/ Yoast SEO plugin. -->","yoast_head_json":{"title":"Frontmarkering EU38WM - Xenon-kongen","robots":{"index":"index","follow":"follow","max-snippet":"max-snippet:-1","max-image-preview":"max-image-preview:large","max-video-preview":"max-video-preview:-1"},"canonical":"https:\/\/xenonkungen.com\/dk\/vare\/frontmarkering-eu38wm\/","og_locale":"da_DK","og_type":"article","og_title":"Frontmarkering EU38WM - Xenonkungen","og_description":"Innovativ Vit LED Frontmarkeringslampa Denna framst\u00e5ende frontmarkeringslampa \u00e4r en idealisk uppgradering f\u00f6r alla typer av fordon, utformad f\u00f6r att erbjuda en ljus och effektiv belysning med en unik vit gl\u00f6d. Lampans design innefattar en integrerad reflexplatta f\u00f6rst\u00e4rkt med 3st h\u00f6gintensiva LED-ljus, vilket s\u00e4kerst\u00e4ller utm\u00e4rkt synlighet utan behov av traditionella monteringsskruvar. Den separata lampsargen, som s\u00e4ljs [&hellip;]","og_url":"https:\/\/xenonkungen.com\/dk\/vare\/frontmarkering-eu38wm\/","og_site_name":"Xenonkungen","article_modified_time":"2026-04-10T23:57:13+00:00","og_image":[{"width":410,"height":410,"url":"https:\/\/xenonkungen.com\/wp-content\/uploads\/2025\/04\/21677994-origpic-7d5773.jpg","type":"image\/jpeg"}],"twitter_card":"summary_large_image","twitter_misc":{"Estimeret l\u00e6setid":"1 minut"},"schema":{"@context":"https:\/\/schema.org","@graph":[{"@type":"WebPage","@id":"https:\/\/xenonkungen.com\/produkt\/frontmarkering-eu38wm\/","url":"https:\/\/xenonkungen.com\/produkt\/frontmarkering-eu38wm\/","name":"Frontmarkering EU38WM - Xenon-kongen","isPartOf":{"@id":"https:\/\/xenonkungen.com\/#website"},"primaryImageOfPage":{"@id":"https:\/\/xenonkungen.com\/produkt\/frontmarkering-eu38wm\/#primaryimage"},"image":{"@id":"https:\/\/xenonkungen.com\/produkt\/frontmarkering-eu38wm\/#primaryimage"},"thumbnailUrl":"https:\/\/xenonkungen.com\/wp-content\/uploads\/2025\/04\/21677994-origpic-7d5773.jpg","datePublished":"2025-04-15T10:08:14+00:00","dateModified":"2026-04-10T23:57:13+00:00","breadcrumb":{"@id":"https:\/\/xenonkungen.com\/produkt\/frontmarkering-eu38wm\/#breadcrumb"},"inLanguage":"da-DK","potentialAction":[{"@type":"ReadAction","target":["https:\/\/xenonkungen.com\/produkt\/frontmarkering-eu38wm\/"]}]},{"@type":"ImageObject","inLanguage":"da-DK","@id":"https:\/\/xenonkungen.com\/produkt\/frontmarkering-eu38wm\/#primaryimage","url":"https:\/\/xenonkungen.com\/wp-content\/uploads\/2025\/04\/21677994-origpic-7d5773.jpg","contentUrl":"https:\/\/xenonkungen.com\/wp-content\/uploads\/2025\/04\/21677994-origpic-7d5773.jpg","width":410,"height":410},{"@type":"BreadcrumbList","@id":"https:\/\/xenonkungen.com\/produkt\/frontmarkering-eu38wm\/#breadcrumb","itemListElement":[{"@type":"ListItem","position":1,"name":"Hem","item":"https:\/\/xenonkungen.com\/"},{"@type":"ListItem","position":2,"name":"Shop","item":"https:\/\/xenonkungen.com\/shop\/"},{"@type":"ListItem","position":3,"name":"Frontmarkering EU38WM"}]},{"@type":"WebSite","@id":"https:\/\/xenonkungen.com\/#website","url":"https:\/\/xenonkungen.com\/","name":"Xenonkungen","description":"","potentialAction":[{"@type":"SearchAction","target":{"@type":"EntryPoint","urlTemplate":"https:\/\/xenonkungen.com\/?s={search_term_string}"},"query-input":{"@type":"PropertyValueSpecification","valueRequired":true,"valueName":"search_term_string"}}],"inLanguage":"da-DK"}]}},"taxonomy_info":{"anvandningsomrade":[{"value":166,"label":"Lastbil"},{"value":238,"label":"SL\u00c4P"},{"value":2816,"label":"TRAILER"}],"product_brand":[{"value":1252,"label":"LEA"}],"product_cat":[{"value":2810,"label":"Front"},{"value":2478,"label":"Positionsljus"}],"pa_fuktskydd-varde-ipxx":[{"value":333,"label":"IP67"}],"pa_godkannande":[{"value":192,"label":"ECE"}],"pa_storlek-mm":[{"value":2111,"label":"100x38x13"}],"pa_stromforbrukning":[{"value":2116,"label":"0.01A@13.8V"},{"value":2117,"label":"0.01A@28V"}],"pa_volt-v":[{"value":348,"label":"12, 24"}]},"featured_image_src_large":["https:\/\/xenonkungen.com\/wp-content\/uploads\/2025\/04\/21677994-origpic-7d5773.jpg",410,410,false],"author_info":[],"comment_info":0,"_links":{"self":[{"href":"https:\/\/xenonkungen.com\/dk\/wp-json\/wp\/v2\/product\/8629","targetHints":{"allow":["GET"]}}],"collection":[{"href":"https:\/\/xenonkungen.com\/dk\/wp-json\/wp\/v2\/product"}],"about":[{"href":"https:\/\/xenonkungen.com\/dk\/wp-json\/wp\/v2\/types\/product"}],"replies":[{"embeddable":true,"href":"https:\/\/xenonkungen.com\/dk\/wp-json\/wp\/v2\/comments?post=8629"}],"wp:featuredmedia":[{"embeddable":true,"href":"https:\/\/xenonkungen.com\/dk\/wp-json\/wp\/v2\/media\/8630"}],"wp:attachment":[{"href":"https:\/\/xenonkungen.com\/dk\/wp-json\/wp\/v2\/media?parent=8629"}],"wp:term":[{"taxonomy":"anvandningsomrade","embeddable":true,"href":"https:\/\/xenonkungen.com\/dk\/wp-json\/wp\/v2\/anvandningsomrade?post=8629"},{"taxonomy":"bilmarken","embeddable":true,"href":"https:\/\/xenonkungen.com\/dk\/wp-json\/wp\/v2\/bilmarken?post=8629"},{"taxonomy":"product_brand","embeddable":true,"href":"https:\/\/xenonkungen.com\/dk\/wp-json\/wp\/v2\/product_brand?post=8629"},{"taxonomy":"product_cat","embeddable":true,"href":"https:\/\/xenonkungen.com\/dk\/wp-json\/wp\/v2\/product_cat?post=8629"},{"taxonomy":"product_tag","embeddable":true,"href":"https:\/\/xenonkungen.com\/dk\/wp-json\/wp\/v2\/product_tag?post=8629"}],"curies":[{"name":"wp","href":"https:\/\/api.w.org\/{rel}","templated":true}]}}