{"id":8690,"date":"2025-04-15T10:08:46","date_gmt":"2025-04-15T10:08:46","guid":{"rendered":"https:\/\/xenonkungen.com\/product\/blixtljus-lag-profil-r10-4led-blue\/"},"modified":"2026-04-11T00:58:06","modified_gmt":"2026-04-10T23:58:06","slug":"lommelygte-lovprofil-r10-4led-bla","status":"publish","type":"product","link":"https:\/\/xenonkungen.com\/dk\/vare\/lommelygte-lovprofil-r10-4led-bla\/","title":{"rendered":"Blinkende lys med lav profil | R10 4LED Bl\u00e5"},"content":{"rendered":"<div class=\"container\">\n<h1>Lavprofil 4-LED bl\u00e5 advarselslampe<\/h1>\n<p>Denne lavprofilerede advarselslampe er udstyret med 4 kraftige LED&#039;er i en karakteristisk bl\u00e5 farve, hvilket g\u00f8r den til en ideel l\u00f8sning til k\u00f8ret\u00f8jer, der kr\u00e6ver h\u00f8j synlighed. Dens kompakte st\u00f8rrelse og lavprofilerede design g\u00f8r den nem at montere p\u00e5 en r\u00e6kke forskellige k\u00f8ret\u00f8jer uden at v\u00e6re i vejen eller forstyrre k\u00f8ret\u00f8jets design.<\/p>\n<div class=\"features\">\n<h2>Vigtigste egenskaber:<\/h2>\n<ul>\n<li><span class=\"highlight\">4 bl\u00e5 LED&#039;er:<\/span> Tilbyder enest\u00e5ende synlighed og p\u00e5lidelig ydeevne.<\/li>\n<li><span class=\"highlight\">Lavprofildesign:<\/span> Ideel til diskret montering p\u00e5 alle typer k\u00f8ret\u00f8jer.<\/li>\n<li><span class=\"highlight\">H\u00f8j effektivitet:<\/span> LED-teknologi sikrer lang levetid og lavt energiforbrug.<\/li>\n<li><span class=\"highlight\">Vejrbestandig:<\/span> Robust konstruktion til brug under alle vejrforhold.<\/li>\n<li><span class=\"highlight\">Breddeforbrug:<\/span> Velegnet til brug p\u00e5 udrykningsk\u00f8ret\u00f8jer, servicek\u00f8ret\u00f8jer og sikkerhedsk\u00f8ret\u00f8jer.<\/li>\n<\/ul>\n<\/div>\n<p>Med sin effektive belysning og praktiske st\u00f8rrelse er dette lavprofilerede bl\u00e5 advarselslys en fremragende l\u00f8sning for dem, der har brug for at \u00f8ge sikkerheden og synligheden af deres k\u00f8ret\u00f8j.<\/p>\n<\/div>\n<p><strong>Multivolt:<\/strong> 12\/24V\u00a0<br \/><strong>Str\u00f8mforbrug:<\/strong><br \/>\u2013 0,21A<br \/><strong>Beskyttelse mod fugt:<\/strong> IP67-beskyttelse mod indtr\u00e6ngen<br \/><strong>Dimensioner:<\/strong> 131 x 30 x 7 mm<br \/><strong>Godkendt:<\/strong> ECE R10<\/p>\n<p><strong>Godt at vide:<\/strong><\/p>\n<ul>\n<li>Flere valgbare blitzm\u00f8nstre, inklusive Quad og Dual<\/li>\n<li>Synkroniser op til 20 lys<\/li>\n<li>Monter med skruer eller kraftig 3M-tape<\/li>\n<\/ul>\n<p><strong>Garanti:<\/strong> 2 \u00e5r<\/p>\n<p><iframe loading=\"lazy\" height=\"314\" src=\"https:\/\/www.youtube.com\/embed\/pZ_2lxjWaQ0\" width=\"560\" allowfullscreen=\"allowfullscreen\"><\/iframe><\/p>","protected":false},"excerpt":{"rendered":"<p>Bl\u00e5 lavprofil ECE R10 4LED advarselslampe<\/p>","protected":false},"featured_media":8691,"comment_status":"closed","ping_status":"open","template":"","meta":{"_acf_changed":false,"_smort_price_nok":"662","_smort_price_dkk":"421","_smort_price_eur":"56.36","_smort_sale_price_nok":"","_smort_sale_price_dkk":"","_smort_sale_price_eur":"","smort_restorder":"","shipmondo_restorder":"","_kad_blocks_custom_css":"","_kad_blocks_head_custom_js":"","_kad_blocks_body_custom_js":"","_kad_blocks_footer_custom_js":"","smort_custom_pricelist_1":"347.2","smort_custom_pricelist_2":"347.2","smort_custom_pricelist_3":"329.84","smort_custom_pricelist_4":"496","smort_custom_pricelist_5":"347.2"},"anvandningsomrade":[],"bilmarken":[],"product_brand":[1252],"product_cat":[2553,1061],"product_tag":[],"class_list":{"0":"post-8690","1":"product","2":"type-product","3":"status-publish","4":"has-post-thumbnail","6":"product_brand-lea","7":"product_cat-blixtljus-riktat-varningsljus","8":"product_cat-varningsljus","9":"pa_fuktskydd-varde-ipxx-ip67","10":"pa_godkannande-ece-r10","11":"pa_storlek-mm-131x30x7","12":"pa_volt-v-12-24","14":"first","15":"onbackorder","16":"taxable","17":"shipping-taxable","18":"purchasable","19":"product-type-simple"},"bundled_by":[],"bundle_stock_status":"onbackorder","bundle_stock_quantity":0,"bundle_virtual":false,"bundle_layout":"","bundle_add_to_cart_form_location":"","bundle_editable_in_cart":false,"bundle_sold_individually_context":"","bundle_item_grouping":"","bundle_min_size":"","bundle_max_size":"","bundle_price":[],"bundled_items":[],"bundle_sell_ids":[],"acf":[],"yoast_head":"<!-- This site is optimized with the Yoast SEO plugin v27.0 - https:\/\/yoast.com\/product\/yoast-seo-wordpress\/ -->\n<title>Blixtljus L\u00e5g Profil | R10 4LED Blue - Xenonkungen<\/title>\n<meta name=\"robots\" content=\"index, follow, max-snippet:-1, max-image-preview:large, max-video-preview:-1\" \/>\n<link rel=\"canonical\" href=\"https:\/\/xenonkungen.com\/dk\/vare\/lommelygte-lovprofil-r10-4led-bla\/\" \/>\n<meta property=\"og:locale\" content=\"da_DK\" \/>\n<meta property=\"og:type\" content=\"article\" \/>\n<meta property=\"og:title\" content=\"Blixtljus L\u00e5g Profil | R10 4LED Blue - Xenonkungen\" \/>\n<meta property=\"og:description\" content=\"Blue Low-Profile ECE R10 4LED Warning Lamp\" \/>\n<meta property=\"og:url\" content=\"https:\/\/xenonkungen.com\/dk\/vare\/lommelygte-lovprofil-r10-4led-bla\/\" \/>\n<meta property=\"og:site_name\" content=\"Xenonkungen\" \/>\n<meta property=\"article:modified_time\" content=\"2026-04-10T23:58:06+00:00\" \/>\n<meta property=\"og:image\" content=\"https:\/\/xenonkungen.com\/wp-content\/uploads\/2025\/04\/156122516-origpic-219d34.jpg\" \/>\n\t<meta property=\"og:image:width\" content=\"800\" \/>\n\t<meta property=\"og:image:height\" content=\"800\" \/>\n\t<meta property=\"og:image:type\" content=\"image\/jpeg\" \/>\n<meta name=\"twitter:card\" content=\"summary_large_image\" \/>\n<meta name=\"twitter:label1\" content=\"Estimeret l\u00e6setid\" \/>\n\t<meta name=\"twitter:data1\" content=\"1 minut\" \/>\n<script type=\"application\/ld+json\" class=\"yoast-schema-graph\">{\"@context\":\"https:\/\/schema.org\",\"@graph\":[{\"@type\":\"WebPage\",\"@id\":\"https:\/\/xenonkungen.com\/dk\/vare\/blixtljus-lag-profil-r10-4led-blue\/\",\"url\":\"https:\/\/xenonkungen.com\/dk\/vare\/blixtljus-lag-profil-r10-4led-blue\/\",\"name\":\"Blixtljus L\u00e5g Profil | R10 4LED Blue - Xenonkungen\",\"isPartOf\":{\"@id\":\"https:\/\/xenonkungen.com\/#website\"},\"primaryImageOfPage\":{\"@id\":\"https:\/\/xenonkungen.com\/dk\/vare\/blixtljus-lag-profil-r10-4led-blue\/#primaryimage\"},\"image\":{\"@id\":\"https:\/\/xenonkungen.com\/dk\/vare\/blixtljus-lag-profil-r10-4led-blue\/#primaryimage\"},\"thumbnailUrl\":\"https:\/\/xenonkungen.com\/wp-content\/uploads\/2025\/04\/156122516-origpic-219d34.jpg\",\"datePublished\":\"2025-04-15T10:08:46+00:00\",\"dateModified\":\"2026-04-10T23:58:06+00:00\",\"breadcrumb\":{\"@id\":\"https:\/\/xenonkungen.com\/dk\/vare\/blixtljus-lag-profil-r10-4led-blue\/#breadcrumb\"},\"inLanguage\":\"da-DK\",\"potentialAction\":[{\"@type\":\"ReadAction\",\"target\":[\"https:\/\/xenonkungen.com\/dk\/vare\/blixtljus-lag-profil-r10-4led-blue\/\"]}]},{\"@type\":\"ImageObject\",\"inLanguage\":\"da-DK\",\"@id\":\"https:\/\/xenonkungen.com\/dk\/vare\/blixtljus-lag-profil-r10-4led-blue\/#primaryimage\",\"url\":\"https:\/\/xenonkungen.com\/wp-content\/uploads\/2025\/04\/156122516-origpic-219d34.jpg\",\"contentUrl\":\"https:\/\/xenonkungen.com\/wp-content\/uploads\/2025\/04\/156122516-origpic-219d34.jpg\",\"width\":800,\"height\":800},{\"@type\":\"BreadcrumbList\",\"@id\":\"https:\/\/xenonkungen.com\/dk\/vare\/blixtljus-lag-profil-r10-4led-blue\/#breadcrumb\",\"itemListElement\":[{\"@type\":\"ListItem\",\"position\":1,\"name\":\"Hem\",\"item\":\"https:\/\/xenonkungen.com\/\"},{\"@type\":\"ListItem\",\"position\":2,\"name\":\"Shop\",\"item\":\"https:\/\/xenonkungen.com\/shop\/\"},{\"@type\":\"ListItem\",\"position\":3,\"name\":\"Blixtljus L\u00e5g Profil | R10 4LED Blue\"}]},{\"@type\":\"WebSite\",\"@id\":\"https:\/\/xenonkungen.com\/#website\",\"url\":\"https:\/\/xenonkungen.com\/\",\"name\":\"Xenonkungen\",\"description\":\"\",\"potentialAction\":[{\"@type\":\"SearchAction\",\"target\":{\"@type\":\"EntryPoint\",\"urlTemplate\":\"https:\/\/xenonkungen.com\/?s={search_term_string}\"},\"query-input\":{\"@type\":\"PropertyValueSpecification\",\"valueRequired\":true,\"valueName\":\"search_term_string\"}}],\"inLanguage\":\"da-DK\"}]}<\/script>\n<!-- \/ Yoast SEO plugin. -->","yoast_head_json":{"title":"Blinklys Lavprofil | R10 4LED Bl\u00e5 - Xenonkungen","robots":{"index":"index","follow":"follow","max-snippet":"max-snippet:-1","max-image-preview":"max-image-preview:large","max-video-preview":"max-video-preview:-1"},"canonical":"https:\/\/xenonkungen.com\/dk\/vare\/lommelygte-lovprofil-r10-4led-bla\/","og_locale":"da_DK","og_type":"article","og_title":"Blixtljus L\u00e5g Profil | R10 4LED Blue - Xenonkungen","og_description":"Blue Low-Profile ECE R10 4LED Warning Lamp","og_url":"https:\/\/xenonkungen.com\/dk\/vare\/lommelygte-lovprofil-r10-4led-bla\/","og_site_name":"Xenonkungen","article_modified_time":"2026-04-10T23:58:06+00:00","og_image":[{"width":800,"height":800,"url":"https:\/\/xenonkungen.com\/wp-content\/uploads\/2025\/04\/156122516-origpic-219d34.jpg","type":"image\/jpeg"}],"twitter_card":"summary_large_image","twitter_misc":{"Estimeret l\u00e6setid":"1 minut"},"schema":{"@context":"https:\/\/schema.org","@graph":[{"@type":"WebPage","@id":"https:\/\/xenonkungen.com\/dk\/vare\/blixtljus-lag-profil-r10-4led-blue\/","url":"https:\/\/xenonkungen.com\/dk\/vare\/blixtljus-lag-profil-r10-4led-blue\/","name":"Blinklys Lavprofil | R10 4LED Bl\u00e5 - Xenonkungen","isPartOf":{"@id":"https:\/\/xenonkungen.com\/#website"},"primaryImageOfPage":{"@id":"https:\/\/xenonkungen.com\/dk\/vare\/blixtljus-lag-profil-r10-4led-blue\/#primaryimage"},"image":{"@id":"https:\/\/xenonkungen.com\/dk\/vare\/blixtljus-lag-profil-r10-4led-blue\/#primaryimage"},"thumbnailUrl":"https:\/\/xenonkungen.com\/wp-content\/uploads\/2025\/04\/156122516-origpic-219d34.jpg","datePublished":"2025-04-15T10:08:46+00:00","dateModified":"2026-04-10T23:58:06+00:00","breadcrumb":{"@id":"https:\/\/xenonkungen.com\/dk\/vare\/blixtljus-lag-profil-r10-4led-blue\/#breadcrumb"},"inLanguage":"da-DK","potentialAction":[{"@type":"ReadAction","target":["https:\/\/xenonkungen.com\/dk\/vare\/blixtljus-lag-profil-r10-4led-blue\/"]}]},{"@type":"ImageObject","inLanguage":"da-DK","@id":"https:\/\/xenonkungen.com\/dk\/vare\/blixtljus-lag-profil-r10-4led-blue\/#primaryimage","url":"https:\/\/xenonkungen.com\/wp-content\/uploads\/2025\/04\/156122516-origpic-219d34.jpg","contentUrl":"https:\/\/xenonkungen.com\/wp-content\/uploads\/2025\/04\/156122516-origpic-219d34.jpg","width":800,"height":800},{"@type":"BreadcrumbList","@id":"https:\/\/xenonkungen.com\/dk\/vare\/blixtljus-lag-profil-r10-4led-blue\/#breadcrumb","itemListElement":[{"@type":"ListItem","position":1,"name":"Hem","item":"https:\/\/xenonkungen.com\/"},{"@type":"ListItem","position":2,"name":"Shop","item":"https:\/\/xenonkungen.com\/shop\/"},{"@type":"ListItem","position":3,"name":"Blixtljus L\u00e5g Profil | R10 4LED Blue"}]},{"@type":"WebSite","@id":"https:\/\/xenonkungen.com\/#website","url":"https:\/\/xenonkungen.com\/","name":"Xenonkungen","description":"","potentialAction":[{"@type":"SearchAction","target":{"@type":"EntryPoint","urlTemplate":"https:\/\/xenonkungen.com\/?s={search_term_string}"},"query-input":{"@type":"PropertyValueSpecification","valueRequired":true,"valueName":"search_term_string"}}],"inLanguage":"da-DK"}]}},"taxonomy_info":{"product_brand":[{"value":1252,"label":"LEA"}],"product_cat":[{"value":2553,"label":"Blixtljus - Riktat varningsljus"},{"value":1061,"label":"Varningsljus"}],"pa_fuktskydd-varde-ipxx":[{"value":333,"label":"IP67"}],"pa_godkannande":[{"value":966,"label":"ECE, R10"}],"pa_storlek-mm":[{"value":2126,"label":"131x30x7"}],"pa_volt-v":[{"value":348,"label":"12, 24"}]},"featured_image_src_large":["https:\/\/xenonkungen.com\/wp-content\/uploads\/2025\/04\/156122516-origpic-219d34.jpg",800,800,false],"author_info":[],"comment_info":0,"_links":{"self":[{"href":"https:\/\/xenonkungen.com\/dk\/wp-json\/wp\/v2\/product\/8690","targetHints":{"allow":["GET"]}}],"collection":[{"href":"https:\/\/xenonkungen.com\/dk\/wp-json\/wp\/v2\/product"}],"about":[{"href":"https:\/\/xenonkungen.com\/dk\/wp-json\/wp\/v2\/types\/product"}],"replies":[{"embeddable":true,"href":"https:\/\/xenonkungen.com\/dk\/wp-json\/wp\/v2\/comments?post=8690"}],"wp:featuredmedia":[{"embeddable":true,"href":"https:\/\/xenonkungen.com\/dk\/wp-json\/wp\/v2\/media\/8691"}],"wp:attachment":[{"href":"https:\/\/xenonkungen.com\/dk\/wp-json\/wp\/v2\/media?parent=8690"}],"wp:term":[{"taxonomy":"anvandningsomrade","embeddable":true,"href":"https:\/\/xenonkungen.com\/dk\/wp-json\/wp\/v2\/anvandningsomrade?post=8690"},{"taxonomy":"bilmarken","embeddable":true,"href":"https:\/\/xenonkungen.com\/dk\/wp-json\/wp\/v2\/bilmarken?post=8690"},{"taxonomy":"product_brand","embeddable":true,"href":"https:\/\/xenonkungen.com\/dk\/wp-json\/wp\/v2\/product_brand?post=8690"},{"taxonomy":"product_cat","embeddable":true,"href":"https:\/\/xenonkungen.com\/dk\/wp-json\/wp\/v2\/product_cat?post=8690"},{"taxonomy":"product_tag","embeddable":true,"href":"https:\/\/xenonkungen.com\/dk\/wp-json\/wp\/v2\/product_tag?post=8690"}],"curies":[{"name":"wp","href":"https:\/\/api.w.org\/{rel}","templated":true}]}}