{"id":8693,"date":"2025-04-15T10:08:46","date_gmt":"2025-04-15T10:08:46","guid":{"rendered":"https:\/\/xenonkungen.com\/product\/blixtljus-lag-profil-r10-4led-red\/"},"modified":"2026-04-24T17:21:39","modified_gmt":"2026-04-24T16:21:39","slug":"lovprofil-r10-4led-rod-lommelygte","status":"publish","type":"product","link":"https:\/\/xenonkungen.com\/dk\/vare\/lovprofil-r10-4led-rod-lommelygte\/","title":{"rendered":"Blinkende lys med lav profil | R10 4LED r\u00f8d"},"content":{"rendered":"<div class=\"container\">\n<h1>Lavprofil ECE R10 4LED r\u00f8d advarselslampe<\/h1>\n<p>Denne lavprofilerede advarselslampe med 4 kraftige r\u00f8de LED&#039;er er designet til at give optimal synlighed og opfylder ECE R10-standarden for elektromagnetisk kompatibilitet. Dens kompakte og diskrete design g\u00f8r den perfekt til en r\u00e6kke forskellige k\u00f8ret\u00f8jstyper, hvor effektiv og p\u00e5lidelig advarsel er p\u00e5kr\u00e6vet.<\/p>\n<div class=\"features\">\n<h2>Vigtigste egenskaber:<\/h2>\n<ul>\n<li><span class=\"highlight\">4 r\u00f8de LED&#039;er:<\/span> Leverer st\u00e6rk og klar belysning for fremragende synlighed.<\/li>\n<li><span class=\"highlight\">ECE R10-godkendt:<\/span> Garanterer, at lampen ikke for\u00e5rsager elektromagnetisk interferens i k\u00f8ret\u00f8jet.<\/li>\n<li><span class=\"highlight\">Lavprofildesign:<\/span> Giver mulighed for nem montering p\u00e5 k\u00f8ret\u00f8jet uden at forstyrre dets udseende.<\/li>\n<li><span class=\"highlight\">H\u00f8j effektivitet:<\/span> LED-teknologi sikrer lang levetid og minimalt energiforbrug.<\/li>\n<li><span class=\"highlight\">Vejrbestandig:<\/span> Bygget til at modst\u00e5 barske vejrforhold og holde i lang tid.<\/li>\n<\/ul>\n<\/div>\n<p>Med sine avancerede funktioner og diskrete formfaktor er denne lavprofilerede r\u00f8de advarselslampe med 4 LED&#039;er et fremragende valg til k\u00f8ret\u00f8jer, der kr\u00e6ver p\u00e5lidelig udsyn uden kompromis.<\/p>\n<\/div>\n<p><strong>Multivolt:<\/strong> 12\/24V\u00a0<br \/><strong>Str\u00f8mforbrug:<\/strong><br \/>\u2013 0,21A<br \/><strong>Beskyttelse mod fugt:<\/strong> IP67-beskyttelse mod indtr\u00e6ngen<br \/><strong>Dimensioner:<\/strong> 131 x 30 x 7 mm<br \/><strong>Godkendt:<\/strong> ECE R10<\/p>\n<p><strong>Godt at vide:<\/strong><\/p>\n<ul>\n<li>Flere valgbare blitzm\u00f8nstre, inklusive Quad og Dual<\/li>\n<li>Synkroniser op til 20 lys<\/li>\n<li>Monter med skruer eller kraftig 3M-tape<\/li>\n<\/ul>\n<p><strong>Garanti:<\/strong> 2 \u00e5r<\/p>\n<p><iframe loading=\"lazy\" height=\"314\" src=\"https:\/\/www.youtube.com\/embed\/pZ_2lxjWaQ0\" width=\"560\" allowfullscreen=\"allowfullscreen\"><\/iframe><\/p>","protected":false},"excerpt":{"rendered":"<p>Lavprofil ECE R10 4LED r\u00f8d advarselslampe<\/p>","protected":false},"featured_media":8694,"comment_status":"closed","ping_status":"open","template":"","meta":{"_acf_changed":false,"_smort_price_nok":"662","_smort_price_dkk":"421","_smort_price_eur":"56.36","_smort_sale_price_nok":"","_smort_sale_price_dkk":"","_smort_sale_price_eur":"","smort_restorder":"","shipmondo_restorder":"","_kad_blocks_custom_css":"","_kad_blocks_head_custom_js":"","_kad_blocks_body_custom_js":"","_kad_blocks_footer_custom_js":"","smort_custom_pricelist_1":"347.2","smort_custom_pricelist_2":"347.2","smort_custom_pricelist_3":"329.84","smort_custom_pricelist_4":"496","smort_custom_pricelist_5":"347.2"},"anvandningsomrade":[],"bilmarken":[],"product_brand":[1252],"product_cat":[3042,2553,1061],"product_tag":[],"class_list":{"0":"post-8693","1":"product","2":"type-product","3":"status-publish","4":"has-post-thumbnail","6":"product_brand-lea","7":"product_cat-lag-profil-blixtljus","8":"product_cat-blixtljus-riktat-varningsljus","9":"product_cat-varningsljus","10":"pa_fuktskydd-varde-ipxx-ip67","11":"pa_godkannande-ece-r10","12":"pa_storlek-mm-131x30x7","13":"pa_volt-v-12-24","15":"first","16":"onbackorder","17":"taxable","18":"shipping-taxable","19":"purchasable","20":"product-type-simple"},"bundled_by":[],"bundle_stock_status":"onbackorder","bundle_stock_quantity":0,"bundle_virtual":false,"bundle_layout":"","bundle_add_to_cart_form_location":"","bundle_editable_in_cart":false,"bundle_sold_individually_context":"","bundle_item_grouping":"","bundle_min_size":"","bundle_max_size":"","bundle_price":[],"bundled_items":[],"bundle_sell_ids":[],"acf":[],"yoast_head":"<!-- This site is optimized with the Yoast SEO plugin v27.0 - https:\/\/yoast.com\/product\/yoast-seo-wordpress\/ -->\n<title>Blixtljus L\u00e5g Profil | R10 4LED Red - Xenonkungen<\/title>\n<meta name=\"robots\" content=\"index, follow, max-snippet:-1, max-image-preview:large, max-video-preview:-1\" \/>\n<link rel=\"canonical\" href=\"https:\/\/xenonkungen.com\/dk\/vare\/lovprofil-r10-4led-rod-lommelygte\/\" \/>\n<meta property=\"og:locale\" content=\"da_DK\" \/>\n<meta property=\"og:type\" content=\"article\" \/>\n<meta property=\"og:title\" content=\"Blixtljus L\u00e5g Profil | R10 4LED Red - Xenonkungen\" \/>\n<meta property=\"og:description\" content=\"Low-Profile ECE R10 4LED Red Warning Lamp\" \/>\n<meta property=\"og:url\" content=\"https:\/\/xenonkungen.com\/dk\/vare\/lovprofil-r10-4led-rod-lommelygte\/\" \/>\n<meta property=\"og:site_name\" content=\"Xenonkungen\" \/>\n<meta property=\"article:modified_time\" content=\"2026-04-24T16:21:39+00:00\" \/>\n<meta property=\"og:image\" content=\"https:\/\/xenonkungen.com\/wp-content\/uploads\/2025\/04\/156122524-origpic-ed979c.jpg\" \/>\n\t<meta property=\"og:image:width\" content=\"800\" \/>\n\t<meta property=\"og:image:height\" content=\"800\" \/>\n\t<meta property=\"og:image:type\" content=\"image\/jpeg\" \/>\n<meta name=\"twitter:card\" content=\"summary_large_image\" \/>\n<meta name=\"twitter:label1\" content=\"Estimeret l\u00e6setid\" \/>\n\t<meta name=\"twitter:data1\" content=\"1 minut\" \/>\n<script type=\"application\/ld+json\" class=\"yoast-schema-graph\">{\"@context\":\"https:\/\/schema.org\",\"@graph\":[{\"@type\":\"WebPage\",\"@id\":\"https:\/\/xenonkungen.com\/produkt\/blixtljus-lag-profil-r10-4led-red\/\",\"url\":\"https:\/\/xenonkungen.com\/produkt\/blixtljus-lag-profil-r10-4led-red\/\",\"name\":\"Blixtljus L\u00e5g Profil | R10 4LED Red - Xenonkungen\",\"isPartOf\":{\"@id\":\"https:\/\/xenonkungen.com\/#website\"},\"primaryImageOfPage\":{\"@id\":\"https:\/\/xenonkungen.com\/produkt\/blixtljus-lag-profil-r10-4led-red\/#primaryimage\"},\"image\":{\"@id\":\"https:\/\/xenonkungen.com\/produkt\/blixtljus-lag-profil-r10-4led-red\/#primaryimage\"},\"thumbnailUrl\":\"https:\/\/xenonkungen.com\/wp-content\/uploads\/2025\/04\/156122524-origpic-ed979c.jpg\",\"datePublished\":\"2025-04-15T10:08:46+00:00\",\"dateModified\":\"2026-04-24T16:21:39+00:00\",\"breadcrumb\":{\"@id\":\"https:\/\/xenonkungen.com\/produkt\/blixtljus-lag-profil-r10-4led-red\/#breadcrumb\"},\"inLanguage\":\"da-DK\",\"potentialAction\":[{\"@type\":\"ReadAction\",\"target\":[\"https:\/\/xenonkungen.com\/produkt\/blixtljus-lag-profil-r10-4led-red\/\"]}]},{\"@type\":\"ImageObject\",\"inLanguage\":\"da-DK\",\"@id\":\"https:\/\/xenonkungen.com\/produkt\/blixtljus-lag-profil-r10-4led-red\/#primaryimage\",\"url\":\"https:\/\/xenonkungen.com\/wp-content\/uploads\/2025\/04\/156122524-origpic-ed979c.jpg\",\"contentUrl\":\"https:\/\/xenonkungen.com\/wp-content\/uploads\/2025\/04\/156122524-origpic-ed979c.jpg\",\"width\":800,\"height\":800},{\"@type\":\"BreadcrumbList\",\"@id\":\"https:\/\/xenonkungen.com\/produkt\/blixtljus-lag-profil-r10-4led-red\/#breadcrumb\",\"itemListElement\":[{\"@type\":\"ListItem\",\"position\":1,\"name\":\"Hem\",\"item\":\"https:\/\/xenonkungen.com\/\"},{\"@type\":\"ListItem\",\"position\":2,\"name\":\"Shop\",\"item\":\"https:\/\/xenonkungen.com\/shop\/\"},{\"@type\":\"ListItem\",\"position\":3,\"name\":\"Blixtljus L\u00e5g Profil | R10 4LED Red\"}]},{\"@type\":\"WebSite\",\"@id\":\"https:\/\/xenonkungen.com\/#website\",\"url\":\"https:\/\/xenonkungen.com\/\",\"name\":\"Xenonkungen\",\"description\":\"\",\"potentialAction\":[{\"@type\":\"SearchAction\",\"target\":{\"@type\":\"EntryPoint\",\"urlTemplate\":\"https:\/\/xenonkungen.com\/?s={search_term_string}\"},\"query-input\":{\"@type\":\"PropertyValueSpecification\",\"valueRequired\":true,\"valueName\":\"search_term_string\"}}],\"inLanguage\":\"da-DK\"}]}<\/script>\n<!-- \/ Yoast SEO plugin. -->","yoast_head_json":{"title":"Blinklys Lavprofil | R10 4LED R\u00f8d - Xenonkungen","robots":{"index":"index","follow":"follow","max-snippet":"max-snippet:-1","max-image-preview":"max-image-preview:large","max-video-preview":"max-video-preview:-1"},"canonical":"https:\/\/xenonkungen.com\/dk\/vare\/lovprofil-r10-4led-rod-lommelygte\/","og_locale":"da_DK","og_type":"article","og_title":"Blixtljus L\u00e5g Profil | R10 4LED Red - Xenonkungen","og_description":"Low-Profile ECE R10 4LED Red Warning Lamp","og_url":"https:\/\/xenonkungen.com\/dk\/vare\/lovprofil-r10-4led-rod-lommelygte\/","og_site_name":"Xenonkungen","article_modified_time":"2026-04-24T16:21:39+00:00","og_image":[{"width":800,"height":800,"url":"https:\/\/xenonkungen.com\/wp-content\/uploads\/2025\/04\/156122524-origpic-ed979c.jpg","type":"image\/jpeg"}],"twitter_card":"summary_large_image","twitter_misc":{"Estimeret l\u00e6setid":"1 minut"},"schema":{"@context":"https:\/\/schema.org","@graph":[{"@type":"WebPage","@id":"https:\/\/xenonkungen.com\/produkt\/blixtljus-lag-profil-r10-4led-red\/","url":"https:\/\/xenonkungen.com\/produkt\/blixtljus-lag-profil-r10-4led-red\/","name":"Blinklys Lavprofil | R10 4LED R\u00f8d - Xenonkungen","isPartOf":{"@id":"https:\/\/xenonkungen.com\/#website"},"primaryImageOfPage":{"@id":"https:\/\/xenonkungen.com\/produkt\/blixtljus-lag-profil-r10-4led-red\/#primaryimage"},"image":{"@id":"https:\/\/xenonkungen.com\/produkt\/blixtljus-lag-profil-r10-4led-red\/#primaryimage"},"thumbnailUrl":"https:\/\/xenonkungen.com\/wp-content\/uploads\/2025\/04\/156122524-origpic-ed979c.jpg","datePublished":"2025-04-15T10:08:46+00:00","dateModified":"2026-04-24T16:21:39+00:00","breadcrumb":{"@id":"https:\/\/xenonkungen.com\/produkt\/blixtljus-lag-profil-r10-4led-red\/#breadcrumb"},"inLanguage":"da-DK","potentialAction":[{"@type":"ReadAction","target":["https:\/\/xenonkungen.com\/produkt\/blixtljus-lag-profil-r10-4led-red\/"]}]},{"@type":"ImageObject","inLanguage":"da-DK","@id":"https:\/\/xenonkungen.com\/produkt\/blixtljus-lag-profil-r10-4led-red\/#primaryimage","url":"https:\/\/xenonkungen.com\/wp-content\/uploads\/2025\/04\/156122524-origpic-ed979c.jpg","contentUrl":"https:\/\/xenonkungen.com\/wp-content\/uploads\/2025\/04\/156122524-origpic-ed979c.jpg","width":800,"height":800},{"@type":"BreadcrumbList","@id":"https:\/\/xenonkungen.com\/produkt\/blixtljus-lag-profil-r10-4led-red\/#breadcrumb","itemListElement":[{"@type":"ListItem","position":1,"name":"Hem","item":"https:\/\/xenonkungen.com\/"},{"@type":"ListItem","position":2,"name":"Shop","item":"https:\/\/xenonkungen.com\/shop\/"},{"@type":"ListItem","position":3,"name":"Blixtljus L\u00e5g Profil | R10 4LED Red"}]},{"@type":"WebSite","@id":"https:\/\/xenonkungen.com\/#website","url":"https:\/\/xenonkungen.com\/","name":"Xenonkungen","description":"","potentialAction":[{"@type":"SearchAction","target":{"@type":"EntryPoint","urlTemplate":"https:\/\/xenonkungen.com\/?s={search_term_string}"},"query-input":{"@type":"PropertyValueSpecification","valueRequired":true,"valueName":"search_term_string"}}],"inLanguage":"da-DK"}]}},"taxonomy_info":{"product_brand":[{"value":1252,"label":"LEA"}],"product_cat":[{"value":3042,"label":"L\u00c5G PROFIL"},{"value":2553,"label":"Blixtljus - Riktat varningsljus"},{"value":1061,"label":"Varningsljus"}],"pa_fuktskydd-varde-ipxx":[{"value":333,"label":"IP67"}],"pa_godkannande":[{"value":966,"label":"ECE, R10"}],"pa_storlek-mm":[{"value":2126,"label":"131x30x7"}],"pa_volt-v":[{"value":348,"label":"12, 24"}]},"featured_image_src_large":["https:\/\/xenonkungen.com\/wp-content\/uploads\/2025\/04\/156122524-origpic-ed979c.jpg",800,800,false],"author_info":[],"comment_info":0,"_links":{"self":[{"href":"https:\/\/xenonkungen.com\/dk\/wp-json\/wp\/v2\/product\/8693","targetHints":{"allow":["GET"]}}],"collection":[{"href":"https:\/\/xenonkungen.com\/dk\/wp-json\/wp\/v2\/product"}],"about":[{"href":"https:\/\/xenonkungen.com\/dk\/wp-json\/wp\/v2\/types\/product"}],"replies":[{"embeddable":true,"href":"https:\/\/xenonkungen.com\/dk\/wp-json\/wp\/v2\/comments?post=8693"}],"wp:featuredmedia":[{"embeddable":true,"href":"https:\/\/xenonkungen.com\/dk\/wp-json\/wp\/v2\/media\/8694"}],"wp:attachment":[{"href":"https:\/\/xenonkungen.com\/dk\/wp-json\/wp\/v2\/media?parent=8693"}],"wp:term":[{"taxonomy":"anvandningsomrade","embeddable":true,"href":"https:\/\/xenonkungen.com\/dk\/wp-json\/wp\/v2\/anvandningsomrade?post=8693"},{"taxonomy":"bilmarken","embeddable":true,"href":"https:\/\/xenonkungen.com\/dk\/wp-json\/wp\/v2\/bilmarken?post=8693"},{"taxonomy":"product_brand","embeddable":true,"href":"https:\/\/xenonkungen.com\/dk\/wp-json\/wp\/v2\/product_brand?post=8693"},{"taxonomy":"product_cat","embeddable":true,"href":"https:\/\/xenonkungen.com\/dk\/wp-json\/wp\/v2\/product_cat?post=8693"},{"taxonomy":"product_tag","embeddable":true,"href":"https:\/\/xenonkungen.com\/dk\/wp-json\/wp\/v2\/product_tag?post=8693"}],"curies":[{"name":"wp","href":"https:\/\/api.w.org\/{rel}","templated":true}]}}