{"id":8705,"date":"2025-04-15T10:08:54","date_gmt":"2025-04-15T10:08:54","guid":{"rendered":"https:\/\/xenonkungen.com\/product\/dimljus-maxilamp-1xcfe\/"},"modified":"2026-04-24T17:21:44","modified_gmt":"2026-04-24T16:21:44","slug":"tagelygte-maxilamp-1xcfe","status":"publish","type":"product","link":"https:\/\/xenonkungen.com\/dk\/vare\/tagelygte-maxilamp-1xcfe\/","title":{"rendered":"T\u00e5gelygte Maxilamp 1XCFE"},"content":{"rendered":"<h1>Baglygte med t\u00e5gelygtefunktion - Maxilamp 1XCFE fra LED Autolamps<\/h1>\n<p>Vores Maxilamp 1XCFE fra LED Autolamps er en innovativ baglygte med t\u00e5gelygtefunktion i et 125 mm rundt eurodesign, der er designet til at opfylde de h\u00f8jeste standarder for k\u00f8ret\u00f8jssikkerhed og holdbarhed. Denne lygte er ikke kun en funktionel del af dit k\u00f8ret\u00f8j, men ogs\u00e5 en holdbar og effektiv lyskilde, perfekt til varierende k\u00f8rselsforhold.<\/p>\n<h2>Robust og holdbar konstruktion<\/h2>\n<p>Lampehuset er lavet af slagfast akryl, og glasset er lavet af polykarbonat, som giver h\u00f8j modstandsdygtighed over for kemikalier, der findes i reng\u00f8ringsmidler. Denne robuste konstruktion sikrer, at lampen er modstandsdygtig over for fysiske st\u00f8d og kemisk korrosion. Desuden er lampen udstyret med en udvidet UV-beskyttelse, som minimerer risikoen for \u00e6ldning og sikrer, at lampen bevarer sin klarhed og funktion over tid.<\/p>\n<h2>Fuldt neds\u00e6nket og holdbar<\/h2>\n<p>Maxilamp 1XCFE er en fuldt neds\u00e6nket baglygte, der kan modst\u00e5 barske vejrforhold og milj\u00f8er med h\u00f8j luftfugtighed. Konstruktionen i rustfrit st\u00e5l sikrer en lang levetid uden korrosion. Lampen er ogs\u00e5 slagfast, hvilket g\u00f8r den til en p\u00e5lidelig lyskilde under barske forhold. Med sin kraftige lysstyrke sikres fremragende synlighed i alle situationer.<\/p>\n<h2>Energirigtig og effektiv<\/h2>\n<p>Ved en sp\u00e6nding p\u00e5 13,8 V bruger t\u00e5gelygten kun 0,38 A, og ved 28 V falder forbruget til 0,24 A. Dette lave str\u00f8mforbrug g\u00f8r Maxilamp 1XCFE til et energieffektivt valg, der bidrager til at reducere milj\u00f8p\u00e5virkningen.<\/p>\n<h2>7 \u00e5rs garanti for kvalitet og p\u00e5lidelighed<\/h2>\n<p>Vi st\u00e5r inde for kvaliteten af vores Maxilamp 1XCFE og tilbyder derfor en gener\u00f8s 7-\u00e5rs garanti. Denne garanti afspejler vores tillid til produktets holdbarhed og ydeevne over tid. N\u00e5r du v\u00e6lger Maxilamp 1XCFE fra LED Autolamps, kan du v\u00e6re sikker p\u00e5, at du f\u00e5r en p\u00e5lidelig lyskilde af h\u00f8j kvalitet, der kan klare de kr\u00e6vende udfordringer p\u00e5 vejen.<\/p>","protected":false},"excerpt":{"rendered":"<p>Baklampa med Dimljusfunktion &#8211; Maxilamp 1XCFE fr\u00e5n LED Autolamps V\u00e5r Maxilamp 1XCFE fr\u00e5n LED Autolamps \u00e4r en innovativ baklampa med dimljusfunktion i ett 125mm runt Euro-utf\u00f6rande, designad f\u00f6r att m\u00f6ta de h\u00f6gsta standarderna f\u00f6r fordonss\u00e4kerhet och h\u00e5llbarhet. Den h\u00e4r lampan \u00e4r inte bara en funktionell del av ditt fordon, utan ocks\u00e5 en h\u00e5llbar och effektiv [&hellip;]<\/p>","protected":false},"featured_media":8706,"comment_status":"closed","ping_status":"open","template":"","meta":{"_acf_changed":false,"_smort_price_nok":"748","_smort_price_dkk":"475","_smort_price_eur":"63.63","_smort_sale_price_nok":"","_smort_sale_price_dkk":"","_smort_sale_price_eur":"","smort_restorder":"","shipmondo_restorder":"","_kad_blocks_custom_css":"","_kad_blocks_head_custom_js":"","_kad_blocks_body_custom_js":"","_kad_blocks_footer_custom_js":"","smort_custom_pricelist_1":"392","smort_custom_pricelist_2":"392","smort_custom_pricelist_3":"372.4","smort_custom_pricelist_4":"560","smort_custom_pricelist_5":"392"},"anvandningsomrade":[166,238,2816],"bilmarken":[],"product_brand":[1252],"product_cat":[3047,2584],"product_tag":[],"class_list":{"0":"post-8705","1":"product","2":"type-product","3":"status-publish","4":"has-post-thumbnail","6":"anvandningsomrade-lastbil","7":"anvandningsomrade-slap","8":"anvandningsomrade-trailer","9":"product_brand-lea","10":"product_cat-bakljus-kombination-rund","11":"product_cat-dimljus-slap","12":"pa_fuktskydd-varde-ipxx-ip67","13":"pa_godkannande-ece-emc","14":"pa_storlek-mm-125x40","15":"pa_volt-v-12-24","17":"first","18":"instock","19":"taxable","20":"shipping-taxable","21":"purchasable","22":"product-type-simple"},"bundled_by":[],"bundle_stock_status":"instock","bundle_stock_quantity":2,"bundle_virtual":false,"bundle_layout":"","bundle_add_to_cart_form_location":"","bundle_editable_in_cart":false,"bundle_sold_individually_context":"","bundle_item_grouping":"","bundle_min_size":"","bundle_max_size":"","bundle_price":[],"bundled_items":[],"bundle_sell_ids":[],"acf":[],"yoast_head":"<!-- This site is optimized with the Yoast SEO plugin v27.0 - https:\/\/yoast.com\/product\/yoast-seo-wordpress\/ -->\n<title>Dimljus Maxilamp 1XCFE - Xenonkungen<\/title>\n<meta name=\"robots\" content=\"index, follow, max-snippet:-1, max-image-preview:large, max-video-preview:-1\" \/>\n<link rel=\"canonical\" href=\"https:\/\/xenonkungen.com\/dk\/vare\/tagelygte-maxilamp-1xcfe\/\" \/>\n<meta property=\"og:locale\" content=\"da_DK\" \/>\n<meta property=\"og:type\" content=\"article\" \/>\n<meta property=\"og:title\" content=\"Dimljus Maxilamp 1XCFE - Xenonkungen\" \/>\n<meta property=\"og:description\" content=\"Baklampa med Dimljusfunktion &#8211; Maxilamp 1XCFE fr\u00e5n LED Autolamps V\u00e5r Maxilamp 1XCFE fr\u00e5n LED Autolamps \u00e4r en innovativ baklampa med dimljusfunktion i ett 125mm runt Euro-utf\u00f6rande, designad f\u00f6r att m\u00f6ta de h\u00f6gsta standarderna f\u00f6r fordonss\u00e4kerhet och h\u00e5llbarhet. Den h\u00e4r lampan \u00e4r inte bara en funktionell del av ditt fordon, utan ocks\u00e5 en h\u00e5llbar och effektiv [&hellip;]\" \/>\n<meta property=\"og:url\" content=\"https:\/\/xenonkungen.com\/dk\/vare\/tagelygte-maxilamp-1xcfe\/\" \/>\n<meta property=\"og:site_name\" content=\"Xenonkungen\" \/>\n<meta property=\"article:modified_time\" content=\"2026-04-24T16:21:44+00:00\" \/>\n<meta property=\"og:image\" content=\"https:\/\/xenonkungen.com\/wp-content\/uploads\/2025\/04\/8495227-origpic-a32477.jpg\" \/>\n\t<meta property=\"og:image:width\" content=\"700\" \/>\n\t<meta property=\"og:image:height\" content=\"700\" \/>\n\t<meta property=\"og:image:type\" content=\"image\/jpeg\" \/>\n<meta name=\"twitter:card\" content=\"summary_large_image\" \/>\n<meta name=\"twitter:label1\" content=\"Estimeret l\u00e6setid\" \/>\n\t<meta name=\"twitter:data1\" content=\"2 minutter\" \/>\n<script type=\"application\/ld+json\" class=\"yoast-schema-graph\">{\"@context\":\"https:\/\/schema.org\",\"@graph\":[{\"@type\":\"WebPage\",\"@id\":\"https:\/\/xenonkungen.com\/produkt\/dimljus-maxilamp-1xcfe\/\",\"url\":\"https:\/\/xenonkungen.com\/produkt\/dimljus-maxilamp-1xcfe\/\",\"name\":\"Dimljus Maxilamp 1XCFE - Xenonkungen\",\"isPartOf\":{\"@id\":\"https:\/\/xenonkungen.com\/#website\"},\"primaryImageOfPage\":{\"@id\":\"https:\/\/xenonkungen.com\/produkt\/dimljus-maxilamp-1xcfe\/#primaryimage\"},\"image\":{\"@id\":\"https:\/\/xenonkungen.com\/produkt\/dimljus-maxilamp-1xcfe\/#primaryimage\"},\"thumbnailUrl\":\"https:\/\/xenonkungen.com\/wp-content\/uploads\/2025\/04\/8495227-origpic-a32477.jpg\",\"datePublished\":\"2025-04-15T10:08:54+00:00\",\"dateModified\":\"2026-04-24T16:21:44+00:00\",\"breadcrumb\":{\"@id\":\"https:\/\/xenonkungen.com\/produkt\/dimljus-maxilamp-1xcfe\/#breadcrumb\"},\"inLanguage\":\"da-DK\",\"potentialAction\":[{\"@type\":\"ReadAction\",\"target\":[\"https:\/\/xenonkungen.com\/produkt\/dimljus-maxilamp-1xcfe\/\"]}]},{\"@type\":\"ImageObject\",\"inLanguage\":\"da-DK\",\"@id\":\"https:\/\/xenonkungen.com\/produkt\/dimljus-maxilamp-1xcfe\/#primaryimage\",\"url\":\"https:\/\/xenonkungen.com\/wp-content\/uploads\/2025\/04\/8495227-origpic-a32477.jpg\",\"contentUrl\":\"https:\/\/xenonkungen.com\/wp-content\/uploads\/2025\/04\/8495227-origpic-a32477.jpg\",\"width\":700,\"height\":700},{\"@type\":\"BreadcrumbList\",\"@id\":\"https:\/\/xenonkungen.com\/produkt\/dimljus-maxilamp-1xcfe\/#breadcrumb\",\"itemListElement\":[{\"@type\":\"ListItem\",\"position\":1,\"name\":\"Hem\",\"item\":\"https:\/\/xenonkungen.com\/\"},{\"@type\":\"ListItem\",\"position\":2,\"name\":\"Shop\",\"item\":\"https:\/\/xenonkungen.com\/shop\/\"},{\"@type\":\"ListItem\",\"position\":3,\"name\":\"Dimljus Maxilamp 1XCFE\"}]},{\"@type\":\"WebSite\",\"@id\":\"https:\/\/xenonkungen.com\/#website\",\"url\":\"https:\/\/xenonkungen.com\/\",\"name\":\"Xenonkungen\",\"description\":\"\",\"potentialAction\":[{\"@type\":\"SearchAction\",\"target\":{\"@type\":\"EntryPoint\",\"urlTemplate\":\"https:\/\/xenonkungen.com\/?s={search_term_string}\"},\"query-input\":{\"@type\":\"PropertyValueSpecification\",\"valueRequired\":true,\"valueName\":\"search_term_string\"}}],\"inLanguage\":\"da-DK\"}]}<\/script>\n<!-- \/ Yoast SEO plugin. -->","yoast_head_json":{"title":"T\u00e5gelygter Maxilamp 1XCFE - Xenonkungen","robots":{"index":"index","follow":"follow","max-snippet":"max-snippet:-1","max-image-preview":"max-image-preview:large","max-video-preview":"max-video-preview:-1"},"canonical":"https:\/\/xenonkungen.com\/dk\/vare\/tagelygte-maxilamp-1xcfe\/","og_locale":"da_DK","og_type":"article","og_title":"Dimljus Maxilamp 1XCFE - Xenonkungen","og_description":"Baklampa med Dimljusfunktion &#8211; Maxilamp 1XCFE fr\u00e5n LED Autolamps V\u00e5r Maxilamp 1XCFE fr\u00e5n LED Autolamps \u00e4r en innovativ baklampa med dimljusfunktion i ett 125mm runt Euro-utf\u00f6rande, designad f\u00f6r att m\u00f6ta de h\u00f6gsta standarderna f\u00f6r fordonss\u00e4kerhet och h\u00e5llbarhet. Den h\u00e4r lampan \u00e4r inte bara en funktionell del av ditt fordon, utan ocks\u00e5 en h\u00e5llbar och effektiv [&hellip;]","og_url":"https:\/\/xenonkungen.com\/dk\/vare\/tagelygte-maxilamp-1xcfe\/","og_site_name":"Xenonkungen","article_modified_time":"2026-04-24T16:21:44+00:00","og_image":[{"width":700,"height":700,"url":"https:\/\/xenonkungen.com\/wp-content\/uploads\/2025\/04\/8495227-origpic-a32477.jpg","type":"image\/jpeg"}],"twitter_card":"summary_large_image","twitter_misc":{"Estimeret l\u00e6setid":"2 minutter"},"schema":{"@context":"https:\/\/schema.org","@graph":[{"@type":"WebPage","@id":"https:\/\/xenonkungen.com\/produkt\/dimljus-maxilamp-1xcfe\/","url":"https:\/\/xenonkungen.com\/produkt\/dimljus-maxilamp-1xcfe\/","name":"T\u00e5gelygter Maxilamp 1XCFE - Xenonkungen","isPartOf":{"@id":"https:\/\/xenonkungen.com\/#website"},"primaryImageOfPage":{"@id":"https:\/\/xenonkungen.com\/produkt\/dimljus-maxilamp-1xcfe\/#primaryimage"},"image":{"@id":"https:\/\/xenonkungen.com\/produkt\/dimljus-maxilamp-1xcfe\/#primaryimage"},"thumbnailUrl":"https:\/\/xenonkungen.com\/wp-content\/uploads\/2025\/04\/8495227-origpic-a32477.jpg","datePublished":"2025-04-15T10:08:54+00:00","dateModified":"2026-04-24T16:21:44+00:00","breadcrumb":{"@id":"https:\/\/xenonkungen.com\/produkt\/dimljus-maxilamp-1xcfe\/#breadcrumb"},"inLanguage":"da-DK","potentialAction":[{"@type":"ReadAction","target":["https:\/\/xenonkungen.com\/produkt\/dimljus-maxilamp-1xcfe\/"]}]},{"@type":"ImageObject","inLanguage":"da-DK","@id":"https:\/\/xenonkungen.com\/produkt\/dimljus-maxilamp-1xcfe\/#primaryimage","url":"https:\/\/xenonkungen.com\/wp-content\/uploads\/2025\/04\/8495227-origpic-a32477.jpg","contentUrl":"https:\/\/xenonkungen.com\/wp-content\/uploads\/2025\/04\/8495227-origpic-a32477.jpg","width":700,"height":700},{"@type":"BreadcrumbList","@id":"https:\/\/xenonkungen.com\/produkt\/dimljus-maxilamp-1xcfe\/#breadcrumb","itemListElement":[{"@type":"ListItem","position":1,"name":"Hem","item":"https:\/\/xenonkungen.com\/"},{"@type":"ListItem","position":2,"name":"Shop","item":"https:\/\/xenonkungen.com\/shop\/"},{"@type":"ListItem","position":3,"name":"Dimljus Maxilamp 1XCFE"}]},{"@type":"WebSite","@id":"https:\/\/xenonkungen.com\/#website","url":"https:\/\/xenonkungen.com\/","name":"Xenonkungen","description":"","potentialAction":[{"@type":"SearchAction","target":{"@type":"EntryPoint","urlTemplate":"https:\/\/xenonkungen.com\/?s={search_term_string}"},"query-input":{"@type":"PropertyValueSpecification","valueRequired":true,"valueName":"search_term_string"}}],"inLanguage":"da-DK"}]}},"taxonomy_info":{"anvandningsomrade":[{"value":166,"label":"Lastbil"},{"value":238,"label":"SL\u00c4P"},{"value":2816,"label":"TRAILER"}],"product_brand":[{"value":1252,"label":"LEA"}],"product_cat":[{"value":3047,"label":"Bakljus Kombination Rund"},{"value":2584,"label":"Dimljus"}],"pa_fuktskydd-varde-ipxx":[{"value":333,"label":"IP67"}],"pa_godkannande":[{"value":1262,"label":"ECE, EMC"}],"pa_storlek-mm":[{"value":2128,"label":"125x40"}],"pa_volt-v":[{"value":348,"label":"12, 24"}]},"featured_image_src_large":["https:\/\/xenonkungen.com\/wp-content\/uploads\/2025\/04\/8495227-origpic-a32477.jpg",700,700,false],"author_info":[],"comment_info":0,"_links":{"self":[{"href":"https:\/\/xenonkungen.com\/dk\/wp-json\/wp\/v2\/product\/8705","targetHints":{"allow":["GET"]}}],"collection":[{"href":"https:\/\/xenonkungen.com\/dk\/wp-json\/wp\/v2\/product"}],"about":[{"href":"https:\/\/xenonkungen.com\/dk\/wp-json\/wp\/v2\/types\/product"}],"replies":[{"embeddable":true,"href":"https:\/\/xenonkungen.com\/dk\/wp-json\/wp\/v2\/comments?post=8705"}],"wp:featuredmedia":[{"embeddable":true,"href":"https:\/\/xenonkungen.com\/dk\/wp-json\/wp\/v2\/media\/8706"}],"wp:attachment":[{"href":"https:\/\/xenonkungen.com\/dk\/wp-json\/wp\/v2\/media?parent=8705"}],"wp:term":[{"taxonomy":"anvandningsomrade","embeddable":true,"href":"https:\/\/xenonkungen.com\/dk\/wp-json\/wp\/v2\/anvandningsomrade?post=8705"},{"taxonomy":"bilmarken","embeddable":true,"href":"https:\/\/xenonkungen.com\/dk\/wp-json\/wp\/v2\/bilmarken?post=8705"},{"taxonomy":"product_brand","embeddable":true,"href":"https:\/\/xenonkungen.com\/dk\/wp-json\/wp\/v2\/product_brand?post=8705"},{"taxonomy":"product_cat","embeddable":true,"href":"https:\/\/xenonkungen.com\/dk\/wp-json\/wp\/v2\/product_cat?post=8705"},{"taxonomy":"product_tag","embeddable":true,"href":"https:\/\/xenonkungen.com\/dk\/wp-json\/wp\/v2\/product_tag?post=8705"}],"curies":[{"name":"wp","href":"https:\/\/api.w.org\/{rel}","templated":true}]}}