{"id":8708,"date":"2025-04-15T10:08:54","date_gmt":"2025-04-15T10:08:54","guid":{"rendered":"https:\/\/xenonkungen.com\/product\/backljus-maxilamp-1xcwe-vit\/"},"modified":"2026-04-24T17:21:46","modified_gmt":"2026-04-24T16:21:46","slug":"baklygte-maxilamp-1xcwe-hvid","status":"publish","type":"product","link":"https:\/\/xenonkungen.com\/dk\/vare\/baklygte-maxilamp-1xcwe-hvid\/","title":{"rendered":"Baggrundsbelysning Maxilamp 1XCWE Hvid"},"content":{"rendered":"<h1>Baglygte med bakfunktion - Maxilamp 1XCWE fra LED Autolamps<\/h1>\n<p>Vores nyeste baglygte med bakfunktion i 125 mm rund Euro-version er den ultimative belysningsl\u00f8sning til alle typer k\u00f8ret\u00f8jer. Denne lygte er ikke kun en funktionel del af din bil, men ogs\u00e5 et teknologisk vidunder, der giver enest\u00e5ende ydeevne og holdbarhed.<\/p>\n<h2>St\u00f8dsikkert lampehus af h\u00f8j kvalitet<\/h2>\n<p>Lampehuset er lavet af slagfast akryl, mens glasset er lavet af polykarbonat, som har h\u00f8j modstandsdygtighed over for kemikalier i reng\u00f8ringsmidler. Det sikrer, at lampen ikke kun er robust over for fysisk p\u00e5virkning, men ogs\u00e5 over for kemiske skader. Desuden er lampen udstyret med udvidet UV-beskyttelse for at forhindre \u00e6ldning, hvilket sikrer, at lampen bevarer sin klarhed og effektivitet i mange \u00e5r.<\/p>\n<h2>Fuldt neds\u00e6nket og robust design<\/h2>\n<p>Denne baglygte er fuldt neds\u00e6nket, hvilket g\u00f8r den ideel til brug i udfordrende milj\u00f8er, herunder milj\u00f8er med h\u00f8j luftfugtighed, eller hvor vand er almindeligt. Konstruktionen i rustfrit st\u00e5l sikrer, at lygten modst\u00e5r korrosion, mens dens slagfasthed sikrer holdbarhed selv under h\u00e5rde forhold. Lysstyrken er ogs\u00e5 imponerende med rigelig kraft, der giver fremragende synlighed.<\/p>\n<h2>Energibesparende og lavt str\u00f8mforbrug<\/h2>\n<p>Ved en sp\u00e6nding p\u00e5 13,8 V bruger baklygten kun 0,39 A, og ved 28 V er forbruget endnu lavere, kun 0,23 A. Dette viser lampens effektive energiforbrug og g\u00f8r den til et milj\u00f8venligt valg.<\/p>\n<h2>7 \u00e5rs garanti for p\u00e5lidelighed<\/h2>\n<p>Vi er stolte af at kunne tilbyde en gener\u00f8s 7-\u00e5rs garanti p\u00e5 denne baglygte, hvilket afspejler vores engagement i kvalitet og vores tillid til produktets ydeevne og holdbarhed. N\u00e5r du v\u00e6lger Maxilamp 1XCWE fra LED Autolamps, kan du v\u00e6re sikker p\u00e5, at du f\u00e5r et produkt, der ikke kun leverer enest\u00e5ende lysydelse, men ogs\u00e5 t\u00e5ler tidens tand.<\/p>","protected":false},"excerpt":{"rendered":"<p>Baklampa med Backljusfunktion &#8211; Maxilamp 1XCWE fr\u00e5n LED Autolamps V\u00e5r nyaste baklampa med backljusfunktion i 125mm runt Euro-utf\u00f6rande \u00e4r den ultimata belysningsl\u00f6sningen f\u00f6r alla typer av fordon. Denna lampa \u00e4r inte bara en funktionell del av din bil, utan ocks\u00e5 ett teknologiskt underverk som erbjuder enast\u00e5ende prestanda och h\u00e5llbarhet. H\u00f6gkvalitativt och Slagt\u00e5ligt Lamphus Lamphuset \u00e4r [&hellip;]<\/p>","protected":false},"featured_media":8709,"comment_status":"closed","ping_status":"open","template":"","meta":{"_acf_changed":false,"_smort_price_nok":"865","_smort_price_dkk":"550","_smort_price_eur":"73.63","_smort_sale_price_nok":"","_smort_sale_price_dkk":"","_smort_sale_price_eur":"","smort_restorder":"","shipmondo_restorder":"","_kad_blocks_custom_css":"","_kad_blocks_head_custom_js":"","_kad_blocks_body_custom_js":"","_kad_blocks_footer_custom_js":"","smort_custom_pricelist_1":"453.6","smort_custom_pricelist_2":"453.6","smort_custom_pricelist_3":"430.92","smort_custom_pricelist_4":"648","smort_custom_pricelist_5":"453.6"},"anvandningsomrade":[166,238,2816],"bilmarken":[],"product_brand":[1252],"product_cat":[3047,2585],"product_tag":[],"class_list":{"0":"post-8708","1":"product","2":"type-product","3":"status-publish","4":"has-post-thumbnail","6":"anvandningsomrade-lastbil","7":"anvandningsomrade-slap","8":"anvandningsomrade-trailer","9":"product_brand-lea","10":"product_cat-bakljus-kombination-rund","11":"product_cat-backljus","12":"pa_fuktskydd-varde-ipxx-ip67","13":"pa_godkannande-ece-emc","14":"pa_storlek-mm-125x40","15":"pa_volt-v-12-24","17":"first","18":"instock","19":"taxable","20":"shipping-taxable","21":"purchasable","22":"product-type-simple"},"bundled_by":[],"bundle_stock_status":"instock","bundle_stock_quantity":1,"bundle_virtual":false,"bundle_layout":"","bundle_add_to_cart_form_location":"","bundle_editable_in_cart":false,"bundle_sold_individually_context":"","bundle_item_grouping":"","bundle_min_size":"","bundle_max_size":"","bundle_price":[],"bundled_items":[],"bundle_sell_ids":[],"acf":[],"yoast_head":"<!-- This site is optimized with the Yoast SEO plugin v27.0 - https:\/\/yoast.com\/product\/yoast-seo-wordpress\/ -->\n<title>Backljus Maxilamp 1XCWE Vit - Xenonkungen<\/title>\n<meta name=\"robots\" content=\"index, follow, max-snippet:-1, max-image-preview:large, max-video-preview:-1\" \/>\n<link rel=\"canonical\" href=\"https:\/\/xenonkungen.com\/dk\/vare\/baklygte-maxilamp-1xcwe-hvid\/\" \/>\n<meta property=\"og:locale\" content=\"da_DK\" \/>\n<meta property=\"og:type\" content=\"article\" \/>\n<meta property=\"og:title\" content=\"Backljus Maxilamp 1XCWE Vit - Xenonkungen\" \/>\n<meta property=\"og:description\" content=\"Baklampa med Backljusfunktion &#8211; Maxilamp 1XCWE fr\u00e5n LED Autolamps V\u00e5r nyaste baklampa med backljusfunktion i 125mm runt Euro-utf\u00f6rande \u00e4r den ultimata belysningsl\u00f6sningen f\u00f6r alla typer av fordon. Denna lampa \u00e4r inte bara en funktionell del av din bil, utan ocks\u00e5 ett teknologiskt underverk som erbjuder enast\u00e5ende prestanda och h\u00e5llbarhet. H\u00f6gkvalitativt och Slagt\u00e5ligt Lamphus Lamphuset \u00e4r [&hellip;]\" \/>\n<meta property=\"og:url\" content=\"https:\/\/xenonkungen.com\/dk\/vare\/baklygte-maxilamp-1xcwe-hvid\/\" \/>\n<meta property=\"og:site_name\" content=\"Xenonkungen\" \/>\n<meta property=\"article:modified_time\" content=\"2026-04-24T16:21:46+00:00\" \/>\n<meta property=\"og:image\" content=\"https:\/\/xenonkungen.com\/wp-content\/uploads\/2025\/04\/8495242-origpic-fa24d5.jpg\" \/>\n\t<meta property=\"og:image:width\" content=\"600\" \/>\n\t<meta property=\"og:image:height\" content=\"600\" \/>\n\t<meta property=\"og:image:type\" content=\"image\/jpeg\" \/>\n<meta name=\"twitter:card\" content=\"summary_large_image\" \/>\n<meta name=\"twitter:label1\" content=\"Estimeret l\u00e6setid\" \/>\n\t<meta name=\"twitter:data1\" content=\"2 minutter\" \/>\n<script type=\"application\/ld+json\" class=\"yoast-schema-graph\">{\"@context\":\"https:\/\/schema.org\",\"@graph\":[{\"@type\":\"WebPage\",\"@id\":\"https:\/\/xenonkungen.com\/produkt\/backljus-maxilamp-1xcwe-vit\/\",\"url\":\"https:\/\/xenonkungen.com\/produkt\/backljus-maxilamp-1xcwe-vit\/\",\"name\":\"Backljus Maxilamp 1XCWE Vit - Xenonkungen\",\"isPartOf\":{\"@id\":\"https:\/\/xenonkungen.com\/#website\"},\"primaryImageOfPage\":{\"@id\":\"https:\/\/xenonkungen.com\/produkt\/backljus-maxilamp-1xcwe-vit\/#primaryimage\"},\"image\":{\"@id\":\"https:\/\/xenonkungen.com\/produkt\/backljus-maxilamp-1xcwe-vit\/#primaryimage\"},\"thumbnailUrl\":\"https:\/\/xenonkungen.com\/wp-content\/uploads\/2025\/04\/8495242-origpic-fa24d5.jpg\",\"datePublished\":\"2025-04-15T10:08:54+00:00\",\"dateModified\":\"2026-04-24T16:21:46+00:00\",\"breadcrumb\":{\"@id\":\"https:\/\/xenonkungen.com\/produkt\/backljus-maxilamp-1xcwe-vit\/#breadcrumb\"},\"inLanguage\":\"da-DK\",\"potentialAction\":[{\"@type\":\"ReadAction\",\"target\":[\"https:\/\/xenonkungen.com\/produkt\/backljus-maxilamp-1xcwe-vit\/\"]}]},{\"@type\":\"ImageObject\",\"inLanguage\":\"da-DK\",\"@id\":\"https:\/\/xenonkungen.com\/produkt\/backljus-maxilamp-1xcwe-vit\/#primaryimage\",\"url\":\"https:\/\/xenonkungen.com\/wp-content\/uploads\/2025\/04\/8495242-origpic-fa24d5.jpg\",\"contentUrl\":\"https:\/\/xenonkungen.com\/wp-content\/uploads\/2025\/04\/8495242-origpic-fa24d5.jpg\",\"width\":600,\"height\":600},{\"@type\":\"BreadcrumbList\",\"@id\":\"https:\/\/xenonkungen.com\/produkt\/backljus-maxilamp-1xcwe-vit\/#breadcrumb\",\"itemListElement\":[{\"@type\":\"ListItem\",\"position\":1,\"name\":\"Hem\",\"item\":\"https:\/\/xenonkungen.com\/\"},{\"@type\":\"ListItem\",\"position\":2,\"name\":\"Shop\",\"item\":\"https:\/\/xenonkungen.com\/shop\/\"},{\"@type\":\"ListItem\",\"position\":3,\"name\":\"Backljus Maxilamp 1XCWE Vit\"}]},{\"@type\":\"WebSite\",\"@id\":\"https:\/\/xenonkungen.com\/#website\",\"url\":\"https:\/\/xenonkungen.com\/\",\"name\":\"Xenonkungen\",\"description\":\"\",\"potentialAction\":[{\"@type\":\"SearchAction\",\"target\":{\"@type\":\"EntryPoint\",\"urlTemplate\":\"https:\/\/xenonkungen.com\/?s={search_term_string}\"},\"query-input\":{\"@type\":\"PropertyValueSpecification\",\"valueRequired\":true,\"valueName\":\"search_term_string\"}}],\"inLanguage\":\"da-DK\"}]}<\/script>\n<!-- \/ Yoast SEO plugin. -->","yoast_head_json":{"title":"Baklygte Maxilamp 1XCWE Hvid - Xenon-kongen","robots":{"index":"index","follow":"follow","max-snippet":"max-snippet:-1","max-image-preview":"max-image-preview:large","max-video-preview":"max-video-preview:-1"},"canonical":"https:\/\/xenonkungen.com\/dk\/vare\/baklygte-maxilamp-1xcwe-hvid\/","og_locale":"da_DK","og_type":"article","og_title":"Backljus Maxilamp 1XCWE Vit - Xenonkungen","og_description":"Baklampa med Backljusfunktion &#8211; Maxilamp 1XCWE fr\u00e5n LED Autolamps V\u00e5r nyaste baklampa med backljusfunktion i 125mm runt Euro-utf\u00f6rande \u00e4r den ultimata belysningsl\u00f6sningen f\u00f6r alla typer av fordon. Denna lampa \u00e4r inte bara en funktionell del av din bil, utan ocks\u00e5 ett teknologiskt underverk som erbjuder enast\u00e5ende prestanda och h\u00e5llbarhet. H\u00f6gkvalitativt och Slagt\u00e5ligt Lamphus Lamphuset \u00e4r [&hellip;]","og_url":"https:\/\/xenonkungen.com\/dk\/vare\/baklygte-maxilamp-1xcwe-hvid\/","og_site_name":"Xenonkungen","article_modified_time":"2026-04-24T16:21:46+00:00","og_image":[{"width":600,"height":600,"url":"https:\/\/xenonkungen.com\/wp-content\/uploads\/2025\/04\/8495242-origpic-fa24d5.jpg","type":"image\/jpeg"}],"twitter_card":"summary_large_image","twitter_misc":{"Estimeret l\u00e6setid":"2 minutter"},"schema":{"@context":"https:\/\/schema.org","@graph":[{"@type":"WebPage","@id":"https:\/\/xenonkungen.com\/produkt\/backljus-maxilamp-1xcwe-vit\/","url":"https:\/\/xenonkungen.com\/produkt\/backljus-maxilamp-1xcwe-vit\/","name":"Baklygte Maxilamp 1XCWE Hvid - Xenon-kongen","isPartOf":{"@id":"https:\/\/xenonkungen.com\/#website"},"primaryImageOfPage":{"@id":"https:\/\/xenonkungen.com\/produkt\/backljus-maxilamp-1xcwe-vit\/#primaryimage"},"image":{"@id":"https:\/\/xenonkungen.com\/produkt\/backljus-maxilamp-1xcwe-vit\/#primaryimage"},"thumbnailUrl":"https:\/\/xenonkungen.com\/wp-content\/uploads\/2025\/04\/8495242-origpic-fa24d5.jpg","datePublished":"2025-04-15T10:08:54+00:00","dateModified":"2026-04-24T16:21:46+00:00","breadcrumb":{"@id":"https:\/\/xenonkungen.com\/produkt\/backljus-maxilamp-1xcwe-vit\/#breadcrumb"},"inLanguage":"da-DK","potentialAction":[{"@type":"ReadAction","target":["https:\/\/xenonkungen.com\/produkt\/backljus-maxilamp-1xcwe-vit\/"]}]},{"@type":"ImageObject","inLanguage":"da-DK","@id":"https:\/\/xenonkungen.com\/produkt\/backljus-maxilamp-1xcwe-vit\/#primaryimage","url":"https:\/\/xenonkungen.com\/wp-content\/uploads\/2025\/04\/8495242-origpic-fa24d5.jpg","contentUrl":"https:\/\/xenonkungen.com\/wp-content\/uploads\/2025\/04\/8495242-origpic-fa24d5.jpg","width":600,"height":600},{"@type":"BreadcrumbList","@id":"https:\/\/xenonkungen.com\/produkt\/backljus-maxilamp-1xcwe-vit\/#breadcrumb","itemListElement":[{"@type":"ListItem","position":1,"name":"Hem","item":"https:\/\/xenonkungen.com\/"},{"@type":"ListItem","position":2,"name":"Shop","item":"https:\/\/xenonkungen.com\/shop\/"},{"@type":"ListItem","position":3,"name":"Backljus Maxilamp 1XCWE Vit"}]},{"@type":"WebSite","@id":"https:\/\/xenonkungen.com\/#website","url":"https:\/\/xenonkungen.com\/","name":"Xenonkungen","description":"","potentialAction":[{"@type":"SearchAction","target":{"@type":"EntryPoint","urlTemplate":"https:\/\/xenonkungen.com\/?s={search_term_string}"},"query-input":{"@type":"PropertyValueSpecification","valueRequired":true,"valueName":"search_term_string"}}],"inLanguage":"da-DK"}]}},"taxonomy_info":{"anvandningsomrade":[{"value":166,"label":"Lastbil"},{"value":238,"label":"SL\u00c4P"},{"value":2816,"label":"TRAILER"}],"product_brand":[{"value":1252,"label":"LEA"}],"product_cat":[{"value":3047,"label":"Bakljus Kombination Rund"},{"value":2585,"label":"Backljus"}],"pa_fuktskydd-varde-ipxx":[{"value":333,"label":"IP67"}],"pa_godkannande":[{"value":1262,"label":"ECE, EMC"}],"pa_storlek-mm":[{"value":2128,"label":"125x40"}],"pa_volt-v":[{"value":348,"label":"12, 24"}]},"featured_image_src_large":["https:\/\/xenonkungen.com\/wp-content\/uploads\/2025\/04\/8495242-origpic-fa24d5.jpg",600,600,false],"author_info":[],"comment_info":0,"_links":{"self":[{"href":"https:\/\/xenonkungen.com\/dk\/wp-json\/wp\/v2\/product\/8708","targetHints":{"allow":["GET"]}}],"collection":[{"href":"https:\/\/xenonkungen.com\/dk\/wp-json\/wp\/v2\/product"}],"about":[{"href":"https:\/\/xenonkungen.com\/dk\/wp-json\/wp\/v2\/types\/product"}],"replies":[{"embeddable":true,"href":"https:\/\/xenonkungen.com\/dk\/wp-json\/wp\/v2\/comments?post=8708"}],"wp:featuredmedia":[{"embeddable":true,"href":"https:\/\/xenonkungen.com\/dk\/wp-json\/wp\/v2\/media\/8709"}],"wp:attachment":[{"href":"https:\/\/xenonkungen.com\/dk\/wp-json\/wp\/v2\/media?parent=8708"}],"wp:term":[{"taxonomy":"anvandningsomrade","embeddable":true,"href":"https:\/\/xenonkungen.com\/dk\/wp-json\/wp\/v2\/anvandningsomrade?post=8708"},{"taxonomy":"bilmarken","embeddable":true,"href":"https:\/\/xenonkungen.com\/dk\/wp-json\/wp\/v2\/bilmarken?post=8708"},{"taxonomy":"product_brand","embeddable":true,"href":"https:\/\/xenonkungen.com\/dk\/wp-json\/wp\/v2\/product_brand?post=8708"},{"taxonomy":"product_cat","embeddable":true,"href":"https:\/\/xenonkungen.com\/dk\/wp-json\/wp\/v2\/product_cat?post=8708"},{"taxonomy":"product_tag","embeddable":true,"href":"https:\/\/xenonkungen.com\/dk\/wp-json\/wp\/v2\/product_tag?post=8708"}],"curies":[{"name":"wp","href":"https:\/\/api.w.org\/{rel}","templated":true}]}}