{"id":8737,"date":"2025-04-15T10:09:13","date_gmt":"2025-04-15T10:09:13","guid":{"rendered":"https:\/\/xenonkungen.com\/product\/signallampa-bla-12v\/"},"modified":"2026-04-11T00:58:48","modified_gmt":"2026-04-10T23:58:48","slug":"signallampe-12v","status":"publish","type":"product","link":"https:\/\/xenonkungen.com\/dk\/vare\/signallampe-12v\/","title":{"rendered":"Signallampe Bl\u00e5 12V"},"content":{"rendered":"<div class=\"container\">\n<h1>Diodelampe til fleksibel brug<\/h1>\n<p>Denne diodelampe er designet til at opfylde behovene i b\u00e5de kommercielle og personlige projekter og er perfekt som signallampe eller til specifik spotbelysning. Med sin avancerede LED-teknologi og kompakte st\u00f8rrelse kan den nemt integreres i mange forskellige omgivelser.<\/p>\n<h2>Karakteristika:<\/h2>\n<ul>\n<li><strong>Alsidig brug:<\/strong> Fremragende som signallampe eller til specifik punktbelysning.<\/li>\n<li><strong>Avanceret LED-teknologi:<\/strong> Giver klar og energieffektiv belysning.<\/li>\n<li><strong>St\u00f8d- og vibrationsresistent:<\/strong> Bygget til at modst\u00e5 barske milj\u00f8er.<\/li>\n<li><strong>Vandt\u00e6t (IP67):<\/strong> Fuld beskyttelse mod st\u00f8v- og vandindtr\u00e6ngning.<\/li>\n<li><strong>Beskyttelse mod kortslutning:<\/strong> Forbedret sikkerhed og forl\u00e6nget levetid.<\/li>\n<li><strong>Kompakt og diskret design:<\/strong> Let at integrere uden at optage meget plads.<\/li>\n<\/ul>\n<p>Denne LED-lampe repr\u00e6senterer en optimal kombination af stil, funktionalitet og holdbarhed, hvilket g\u00f8r den ideel til mange forskellige belysningsbehov. Dens robuste konstruktion og fleksible anvendelsesmuligheder sikrer, at den er en p\u00e5lidelig lyskilde til alle typer projekter.<\/p>\n<\/div>\n<p><span>Legeme og kabinet i rustfrit st\u00e5l<\/span><\/p>","protected":false},"excerpt":{"rendered":"<p>Diodlampa f\u00f6r Flexibel Anv\u00e4ndning Denna diodlampa \u00e4r designad f\u00f6r att m\u00f6ta behoven hos b\u00e5de kommersiella och personliga projekt, perfekt som signallampa eller f\u00f6r specifik punktbelysning. Med sin avancerade LED-teknologi och kompakta storlek, integreras den enkelt i en m\u00e4ngd olika inst\u00e4llningar. Egenskaper: M\u00e5ngsidig Anv\u00e4ndning: Utm\u00e4rkt som signallampa eller f\u00f6r specifik punktbelysning. Avancerad LED-teknologi: Ger klar och [&hellip;]<\/p>","protected":false},"featured_media":8738,"comment_status":"closed","ping_status":"open","template":"","meta":{"_acf_changed":false,"_smort_price_nok":"101","_smort_price_dkk":"64","_smort_price_eur":"8.64","_smort_sale_price_nok":"","_smort_sale_price_dkk":"","_smort_sale_price_eur":"","smort_restorder":"","shipmondo_restorder":"","_kad_blocks_custom_css":"","_kad_blocks_head_custom_js":"","_kad_blocks_body_custom_js":"","_kad_blocks_footer_custom_js":"","smort_custom_pricelist_1":"60.8","smort_custom_pricelist_2":"53.2","smort_custom_pricelist_3":"49.4","smort_custom_pricelist_4":"76","smort_custom_pricelist_5":"53.2"},"anvandningsomrade":[166,238,2816],"bilmarken":[],"product_brand":[1252],"product_cat":[2586],"product_tag":[],"class_list":{"0":"post-8737","1":"product","2":"type-product","3":"status-publish","4":"has-post-thumbnail","6":"anvandningsomrade-lastbil","7":"anvandningsomrade-slap","8":"anvandningsomrade-trailer","9":"product_brand-lea","10":"product_cat-interiorbelysning-slap","11":"pa_fargtemperatur-bla","12":"pa_fuktskydd-varde-ipxx-ip67","13":"pa_storlek-mm-15x30","14":"pa_stromforbrukning-0-01a13-8v","15":"pa_volt-v-159","17":"first","18":"onbackorder","19":"taxable","20":"shipping-taxable","21":"purchasable","22":"product-type-simple"},"bundled_by":[],"bundle_stock_status":"onbackorder","bundle_stock_quantity":0,"bundle_virtual":false,"bundle_layout":"","bundle_add_to_cart_form_location":"","bundle_editable_in_cart":false,"bundle_sold_individually_context":"","bundle_item_grouping":"","bundle_min_size":"","bundle_max_size":"","bundle_price":[],"bundled_items":[],"bundle_sell_ids":[],"acf":[],"yoast_head":"<!-- This site is optimized with the Yoast SEO plugin v27.0 - https:\/\/yoast.com\/product\/yoast-seo-wordpress\/ -->\n<title>Signallampa Bl\u00e5 12V - Xenonkungen<\/title>\n<meta name=\"robots\" content=\"index, follow, max-snippet:-1, max-image-preview:large, max-video-preview:-1\" \/>\n<link rel=\"canonical\" href=\"https:\/\/xenonkungen.com\/dk\/vare\/signallampe-12v\/\" \/>\n<meta property=\"og:locale\" content=\"da_DK\" \/>\n<meta property=\"og:type\" content=\"article\" \/>\n<meta property=\"og:title\" content=\"Signallampa Bl\u00e5 12V - Xenonkungen\" \/>\n<meta property=\"og:description\" content=\"Diodlampa f\u00f6r Flexibel Anv\u00e4ndning Denna diodlampa \u00e4r designad f\u00f6r att m\u00f6ta behoven hos b\u00e5de kommersiella och personliga projekt, perfekt som signallampa eller f\u00f6r specifik punktbelysning. Med sin avancerade LED-teknologi och kompakta storlek, integreras den enkelt i en m\u00e4ngd olika inst\u00e4llningar. Egenskaper: M\u00e5ngsidig Anv\u00e4ndning: Utm\u00e4rkt som signallampa eller f\u00f6r specifik punktbelysning. Avancerad LED-teknologi: Ger klar och [&hellip;]\" \/>\n<meta property=\"og:url\" content=\"https:\/\/xenonkungen.com\/dk\/vare\/signallampe-12v\/\" \/>\n<meta property=\"og:site_name\" content=\"Xenonkungen\" \/>\n<meta property=\"article:modified_time\" content=\"2026-04-10T23:58:48+00:00\" \/>\n<meta property=\"og:image\" content=\"https:\/\/xenonkungen.com\/wp-content\/uploads\/2025\/04\/216516435-origpic-4bb649.jpg\" \/>\n\t<meta property=\"og:image:width\" content=\"600\" \/>\n\t<meta property=\"og:image:height\" content=\"600\" \/>\n\t<meta property=\"og:image:type\" content=\"image\/jpeg\" \/>\n<meta name=\"twitter:card\" content=\"summary_large_image\" \/>\n<meta name=\"twitter:label1\" content=\"Estimeret l\u00e6setid\" \/>\n\t<meta name=\"twitter:data1\" content=\"1 minut\" \/>\n<script type=\"application\/ld+json\" class=\"yoast-schema-graph\">{\"@context\":\"https:\/\/schema.org\",\"@graph\":[{\"@type\":\"WebPage\",\"@id\":\"https:\/\/xenonkungen.com\/no\/produkt\/signallampe-12v\/\",\"url\":\"https:\/\/xenonkungen.com\/no\/produkt\/signallampe-12v\/\",\"name\":\"Signallampa Bl\u00e5 12V - Xenonkungen\",\"isPartOf\":{\"@id\":\"https:\/\/xenonkungen.com\/#website\"},\"primaryImageOfPage\":{\"@id\":\"https:\/\/xenonkungen.com\/no\/produkt\/signallampe-12v\/#primaryimage\"},\"image\":{\"@id\":\"https:\/\/xenonkungen.com\/no\/produkt\/signallampe-12v\/#primaryimage\"},\"thumbnailUrl\":\"https:\/\/xenonkungen.com\/wp-content\/uploads\/2025\/04\/216516435-origpic-4bb649.jpg\",\"datePublished\":\"2025-04-15T10:09:13+00:00\",\"dateModified\":\"2026-04-10T23:58:48+00:00\",\"breadcrumb\":{\"@id\":\"https:\/\/xenonkungen.com\/no\/produkt\/signallampe-12v\/#breadcrumb\"},\"inLanguage\":\"da-DK\",\"potentialAction\":[{\"@type\":\"ReadAction\",\"target\":[\"https:\/\/xenonkungen.com\/no\/produkt\/signallampe-12v\/\"]}]},{\"@type\":\"ImageObject\",\"inLanguage\":\"da-DK\",\"@id\":\"https:\/\/xenonkungen.com\/no\/produkt\/signallampe-12v\/#primaryimage\",\"url\":\"https:\/\/xenonkungen.com\/wp-content\/uploads\/2025\/04\/216516435-origpic-4bb649.jpg\",\"contentUrl\":\"https:\/\/xenonkungen.com\/wp-content\/uploads\/2025\/04\/216516435-origpic-4bb649.jpg\",\"width\":600,\"height\":600},{\"@type\":\"BreadcrumbList\",\"@id\":\"https:\/\/xenonkungen.com\/no\/produkt\/signallampe-12v\/#breadcrumb\",\"itemListElement\":[{\"@type\":\"ListItem\",\"position\":1,\"name\":\"Hem\",\"item\":\"https:\/\/xenonkungen.com\/\"},{\"@type\":\"ListItem\",\"position\":2,\"name\":\"Shop\",\"item\":\"https:\/\/xenonkungen.com\/shop\/\"},{\"@type\":\"ListItem\",\"position\":3,\"name\":\"Signallampa Bl\u00e5 12V\"}]},{\"@type\":\"WebSite\",\"@id\":\"https:\/\/xenonkungen.com\/#website\",\"url\":\"https:\/\/xenonkungen.com\/\",\"name\":\"Xenonkungen\",\"description\":\"\",\"potentialAction\":[{\"@type\":\"SearchAction\",\"target\":{\"@type\":\"EntryPoint\",\"urlTemplate\":\"https:\/\/xenonkungen.com\/?s={search_term_string}\"},\"query-input\":{\"@type\":\"PropertyValueSpecification\",\"valueRequired\":true,\"valueName\":\"search_term_string\"}}],\"inLanguage\":\"da-DK\"}]}<\/script>\n<!-- \/ Yoast SEO plugin. -->","yoast_head_json":{"title":"Signallampe Bl\u00e5 12V - Xenonkungen","robots":{"index":"index","follow":"follow","max-snippet":"max-snippet:-1","max-image-preview":"max-image-preview:large","max-video-preview":"max-video-preview:-1"},"canonical":"https:\/\/xenonkungen.com\/dk\/vare\/signallampe-12v\/","og_locale":"da_DK","og_type":"article","og_title":"Signallampa Bl\u00e5 12V - Xenonkungen","og_description":"Diodlampa f\u00f6r Flexibel Anv\u00e4ndning Denna diodlampa \u00e4r designad f\u00f6r att m\u00f6ta behoven hos b\u00e5de kommersiella och personliga projekt, perfekt som signallampa eller f\u00f6r specifik punktbelysning. Med sin avancerade LED-teknologi och kompakta storlek, integreras den enkelt i en m\u00e4ngd olika inst\u00e4llningar. Egenskaper: M\u00e5ngsidig Anv\u00e4ndning: Utm\u00e4rkt som signallampa eller f\u00f6r specifik punktbelysning. Avancerad LED-teknologi: Ger klar och [&hellip;]","og_url":"https:\/\/xenonkungen.com\/dk\/vare\/signallampe-12v\/","og_site_name":"Xenonkungen","article_modified_time":"2026-04-10T23:58:48+00:00","og_image":[{"width":600,"height":600,"url":"https:\/\/xenonkungen.com\/wp-content\/uploads\/2025\/04\/216516435-origpic-4bb649.jpg","type":"image\/jpeg"}],"twitter_card":"summary_large_image","twitter_misc":{"Estimeret l\u00e6setid":"1 minut"},"schema":{"@context":"https:\/\/schema.org","@graph":[{"@type":"WebPage","@id":"https:\/\/xenonkungen.com\/no\/produkt\/signallampe-12v\/","url":"https:\/\/xenonkungen.com\/no\/produkt\/signallampe-12v\/","name":"Signallampe Bl\u00e5 12V - Xenonkungen","isPartOf":{"@id":"https:\/\/xenonkungen.com\/#website"},"primaryImageOfPage":{"@id":"https:\/\/xenonkungen.com\/no\/produkt\/signallampe-12v\/#primaryimage"},"image":{"@id":"https:\/\/xenonkungen.com\/no\/produkt\/signallampe-12v\/#primaryimage"},"thumbnailUrl":"https:\/\/xenonkungen.com\/wp-content\/uploads\/2025\/04\/216516435-origpic-4bb649.jpg","datePublished":"2025-04-15T10:09:13+00:00","dateModified":"2026-04-10T23:58:48+00:00","breadcrumb":{"@id":"https:\/\/xenonkungen.com\/no\/produkt\/signallampe-12v\/#breadcrumb"},"inLanguage":"da-DK","potentialAction":[{"@type":"ReadAction","target":["https:\/\/xenonkungen.com\/no\/produkt\/signallampe-12v\/"]}]},{"@type":"ImageObject","inLanguage":"da-DK","@id":"https:\/\/xenonkungen.com\/no\/produkt\/signallampe-12v\/#primaryimage","url":"https:\/\/xenonkungen.com\/wp-content\/uploads\/2025\/04\/216516435-origpic-4bb649.jpg","contentUrl":"https:\/\/xenonkungen.com\/wp-content\/uploads\/2025\/04\/216516435-origpic-4bb649.jpg","width":600,"height":600},{"@type":"BreadcrumbList","@id":"https:\/\/xenonkungen.com\/no\/produkt\/signallampe-12v\/#breadcrumb","itemListElement":[{"@type":"ListItem","position":1,"name":"Hem","item":"https:\/\/xenonkungen.com\/"},{"@type":"ListItem","position":2,"name":"Shop","item":"https:\/\/xenonkungen.com\/shop\/"},{"@type":"ListItem","position":3,"name":"Signallampa Bl\u00e5 12V"}]},{"@type":"WebSite","@id":"https:\/\/xenonkungen.com\/#website","url":"https:\/\/xenonkungen.com\/","name":"Xenonkungen","description":"","potentialAction":[{"@type":"SearchAction","target":{"@type":"EntryPoint","urlTemplate":"https:\/\/xenonkungen.com\/?s={search_term_string}"},"query-input":{"@type":"PropertyValueSpecification","valueRequired":true,"valueName":"search_term_string"}}],"inLanguage":"da-DK"}]}},"taxonomy_info":{"anvandningsomrade":[{"value":166,"label":"Lastbil"},{"value":238,"label":"SL\u00c4P"},{"value":2816,"label":"TRAILER"}],"product_brand":[{"value":1252,"label":"LEA"}],"product_cat":[{"value":2586,"label":"Interi\u00f6rbelysning"}],"pa_fargtemperatur":[{"value":1828,"label":"Bl\u00e5"}],"pa_fuktskydd-varde-ipxx":[{"value":333,"label":"IP67"}],"pa_storlek-mm":[{"value":2134,"label":"15x30"}],"pa_stromforbrukning":[{"value":2116,"label":"0.01A@13.8V"}],"pa_volt-v":[{"value":159,"label":"12"}]},"featured_image_src_large":["https:\/\/xenonkungen.com\/wp-content\/uploads\/2025\/04\/216516435-origpic-4bb649.jpg",600,600,false],"author_info":[],"comment_info":0,"_links":{"self":[{"href":"https:\/\/xenonkungen.com\/dk\/wp-json\/wp\/v2\/product\/8737","targetHints":{"allow":["GET"]}}],"collection":[{"href":"https:\/\/xenonkungen.com\/dk\/wp-json\/wp\/v2\/product"}],"about":[{"href":"https:\/\/xenonkungen.com\/dk\/wp-json\/wp\/v2\/types\/product"}],"replies":[{"embeddable":true,"href":"https:\/\/xenonkungen.com\/dk\/wp-json\/wp\/v2\/comments?post=8737"}],"wp:featuredmedia":[{"embeddable":true,"href":"https:\/\/xenonkungen.com\/dk\/wp-json\/wp\/v2\/media\/8738"}],"wp:attachment":[{"href":"https:\/\/xenonkungen.com\/dk\/wp-json\/wp\/v2\/media?parent=8737"}],"wp:term":[{"taxonomy":"anvandningsomrade","embeddable":true,"href":"https:\/\/xenonkungen.com\/dk\/wp-json\/wp\/v2\/anvandningsomrade?post=8737"},{"taxonomy":"bilmarken","embeddable":true,"href":"https:\/\/xenonkungen.com\/dk\/wp-json\/wp\/v2\/bilmarken?post=8737"},{"taxonomy":"product_brand","embeddable":true,"href":"https:\/\/xenonkungen.com\/dk\/wp-json\/wp\/v2\/product_brand?post=8737"},{"taxonomy":"product_cat","embeddable":true,"href":"https:\/\/xenonkungen.com\/dk\/wp-json\/wp\/v2\/product_cat?post=8737"},{"taxonomy":"product_tag","embeddable":true,"href":"https:\/\/xenonkungen.com\/dk\/wp-json\/wp\/v2\/product_tag?post=8737"}],"curies":[{"name":"wp","href":"https:\/\/api.w.org\/{rel}","templated":true}]}}