{"id":8771,"date":"2025-04-15T10:09:30","date_gmt":"2025-04-15T10:09:30","guid":{"rendered":"https:\/\/xenonkungen.com\/product\/blixtljus-slimline-3led-r10-vit\/"},"modified":"2026-04-24T17:22:26","modified_gmt":"2026-04-24T16:22:26","slug":"slimline-3led-r10-hvid-lommelygte","status":"publish","type":"product","link":"https:\/\/xenonkungen.com\/dk\/vare\/slimline-3led-r10-hvid-lommelygte\/","title":{"rendered":"Lommelygte Slimline 3LED R10 Hvid"},"content":{"rendered":"<div class=\"container\">\n<h1>Hvid ECE R10 Slimline retningsbestemt advarselslampe med 3 LED'er<\/h1>\n<p>Denne hvide ECE R10 Slimline retningsbestemte advarselslampe er udstyret med 3 LED'er, som giver en kraftig og klar belysning, der er ideel til mange forskellige anvendelser. Med sit slanke design og materialer af h\u00f8j kvalitet giver denne lampe en optimal balance mellem funktion, holdbarhed og \u00e6stetik.<\/p>\n<div class=\"features\">\n<h2>Udvalgte karakteristika:<\/h2>\n<ul>\n<li><span class=\"highlight\">3 LED-dioder:<\/span> Giver skarpt og retningsbestemt hvidt lys for \u00f8get synlighed og sikkerhed.<\/li>\n<li><span class=\"highlight\">ECE R10-certificeret:<\/span> Overholder de europ\u00e6iske standarder for elektromagnetisk kompatibilitet, hvilket sikrer, at lampen ikke forstyrrer andre elektroniske systemer i k\u00f8ret\u00f8jet.<\/li>\n<li><span class=\"highlight\">Slankt design:<\/span> Moderne og diskret, nem at montere p\u00e5 k\u00f8ret\u00f8jer uden at v\u00e6re i\u00f8jnefaldende.<\/li>\n<li><span class=\"highlight\">Vejrbestandig:<\/span> Lavet til at modst\u00e5 h\u00e5rdt vejr, hvilket g\u00f8r det til en p\u00e5lidelig l\u00f8sning til ethvert klima.<\/li>\n<li><span class=\"highlight\">Anvendelsesomr\u00e5der:<\/span> Ideel til udrykningsk\u00f8ret\u00f8jer, erhvervsk\u00f8ret\u00f8jer og andre situationer, hvor \u00f8get synlighed er afg\u00f8rende.<\/li>\n<\/ul>\n<\/div>\n<p>Med sine avancerede funktioner og diskrete udseende er denne hvide ECE R10 Slimline retningsbestemte advarselslampe med 3 LED'er en fantastisk tilf\u00f8jelse til ethvert k\u00f8ret\u00f8j, der kr\u00e6ver p\u00e5lidelig og effektiv advarselsfunktion.<\/p>\n<\/div>\n<p><strong>Godt at vide:<\/strong><\/p>\n<ul>\n<li>6 valgbare lynm\u00f8nstre<\/li>\n<li>St\u00e6rkt aluminiumshus og h\u00e5rdf\u00f8r polykarbonatlinse<\/li>\n<li>To bolte til fastg\u00f8relse<\/li>\n<\/ul>\n<p><strong>Garanti:<\/strong> 2 \u00e5r<\/p>","protected":false},"excerpt":{"rendered":"<p>Hvid ECE R10 Slimline retningsbestemt advarselslampe - 3LED<\/p>","protected":false},"featured_media":8772,"comment_status":"closed","ping_status":"open","template":"","meta":{"_acf_changed":false,"_smort_price_nok":"1036","_smort_price_dkk":"658","_smort_price_eur":"88.18","_smort_sale_price_nok":"","_smort_sale_price_dkk":"","_smort_sale_price_eur":"","smort_restorder":"","shipmondo_restorder":"","_kad_blocks_custom_css":"","_kad_blocks_head_custom_js":"","_kad_blocks_body_custom_js":"","_kad_blocks_footer_custom_js":"","smort_custom_pricelist_1":"543.2","smort_custom_pricelist_2":"543.2","smort_custom_pricelist_3":"516.04","smort_custom_pricelist_4":"776","smort_custom_pricelist_5":"543.2"},"anvandningsomrade":[],"bilmarken":[],"product_brand":[1252],"product_cat":[3043,2553,1061],"product_tag":[],"class_list":{"0":"post-8771","1":"product","2":"type-product","3":"status-publish","4":"has-post-thumbnail","6":"product_brand-lea","7":"product_cat-slim-effektfull-blixtljus","8":"product_cat-blixtljus-riktat-varningsljus","9":"product_cat-varningsljus","10":"pa_fuktskydd-varde-ipxx-ip67","11":"pa_godkannande-ece-r10-r65","12":"pa_storlek-mm-79x24x15","13":"pa_volt-v-10-30","15":"first","16":"instock","17":"taxable","18":"shipping-taxable","19":"purchasable","20":"product-type-simple"},"bundled_by":[],"bundle_stock_status":"instock","bundle_stock_quantity":6,"bundle_virtual":false,"bundle_layout":"","bundle_add_to_cart_form_location":"","bundle_editable_in_cart":false,"bundle_sold_individually_context":"","bundle_item_grouping":"","bundle_min_size":"","bundle_max_size":"","bundle_price":[],"bundled_items":[],"bundle_sell_ids":[],"acf":[],"yoast_head":"<!-- This site is optimized with the Yoast SEO plugin v27.0 - https:\/\/yoast.com\/product\/yoast-seo-wordpress\/ -->\n<title>Blixtljus Slimline 3LED R10 Vit - Xenonkungen<\/title>\n<meta name=\"robots\" content=\"index, follow, max-snippet:-1, max-image-preview:large, max-video-preview:-1\" \/>\n<link rel=\"canonical\" href=\"https:\/\/xenonkungen.com\/dk\/vare\/slimline-3led-r10-hvid-lommelygte\/\" \/>\n<meta property=\"og:locale\" content=\"da_DK\" \/>\n<meta property=\"og:type\" content=\"article\" \/>\n<meta property=\"og:title\" content=\"Blixtljus Slimline 3LED R10 Vit - Xenonkungen\" \/>\n<meta property=\"og:description\" content=\"White ECE R10 Slimline Directional Warning Lamp - 3LED\" \/>\n<meta property=\"og:url\" content=\"https:\/\/xenonkungen.com\/dk\/vare\/slimline-3led-r10-hvid-lommelygte\/\" \/>\n<meta property=\"og:site_name\" content=\"Xenonkungen\" \/>\n<meta property=\"article:modified_time\" content=\"2026-04-24T16:22:26+00:00\" \/>\n<meta property=\"og:image\" content=\"https:\/\/xenonkungen.com\/wp-content\/uploads\/2025\/04\/156130106-origpic-7fa27d.jpg\" \/>\n\t<meta property=\"og:image:width\" content=\"800\" \/>\n\t<meta property=\"og:image:height\" content=\"800\" \/>\n\t<meta property=\"og:image:type\" content=\"image\/jpeg\" \/>\n<meta name=\"twitter:card\" content=\"summary_large_image\" \/>\n<meta name=\"twitter:label1\" content=\"Estimeret l\u00e6setid\" \/>\n\t<meta name=\"twitter:data1\" content=\"1 minut\" \/>\n<script type=\"application\/ld+json\" class=\"yoast-schema-graph\">{\"@context\":\"https:\/\/schema.org\",\"@graph\":[{\"@type\":\"WebPage\",\"@id\":\"https:\/\/xenonkungen.com\/dk\/vare\/slimline-3led-r10-hvid-lommelygte\/\",\"url\":\"https:\/\/xenonkungen.com\/dk\/vare\/slimline-3led-r10-hvid-lommelygte\/\",\"name\":\"Blixtljus Slimline 3LED R10 Vit - Xenonkungen\",\"isPartOf\":{\"@id\":\"https:\/\/xenonkungen.com\/#website\"},\"primaryImageOfPage\":{\"@id\":\"https:\/\/xenonkungen.com\/dk\/vare\/slimline-3led-r10-hvid-lommelygte\/#primaryimage\"},\"image\":{\"@id\":\"https:\/\/xenonkungen.com\/dk\/vare\/slimline-3led-r10-hvid-lommelygte\/#primaryimage\"},\"thumbnailUrl\":\"https:\/\/xenonkungen.com\/wp-content\/uploads\/2025\/04\/156130106-origpic-7fa27d.jpg\",\"datePublished\":\"2025-04-15T10:09:30+00:00\",\"dateModified\":\"2026-04-24T16:22:26+00:00\",\"breadcrumb\":{\"@id\":\"https:\/\/xenonkungen.com\/dk\/vare\/slimline-3led-r10-hvid-lommelygte\/#breadcrumb\"},\"inLanguage\":\"da-DK\",\"potentialAction\":[{\"@type\":\"ReadAction\",\"target\":[\"https:\/\/xenonkungen.com\/dk\/vare\/slimline-3led-r10-hvid-lommelygte\/\"]}]},{\"@type\":\"ImageObject\",\"inLanguage\":\"da-DK\",\"@id\":\"https:\/\/xenonkungen.com\/dk\/vare\/slimline-3led-r10-hvid-lommelygte\/#primaryimage\",\"url\":\"https:\/\/xenonkungen.com\/wp-content\/uploads\/2025\/04\/156130106-origpic-7fa27d.jpg\",\"contentUrl\":\"https:\/\/xenonkungen.com\/wp-content\/uploads\/2025\/04\/156130106-origpic-7fa27d.jpg\",\"width\":800,\"height\":800},{\"@type\":\"BreadcrumbList\",\"@id\":\"https:\/\/xenonkungen.com\/dk\/vare\/slimline-3led-r10-hvid-lommelygte\/#breadcrumb\",\"itemListElement\":[{\"@type\":\"ListItem\",\"position\":1,\"name\":\"Hem\",\"item\":\"https:\/\/xenonkungen.com\/\"},{\"@type\":\"ListItem\",\"position\":2,\"name\":\"Shop\",\"item\":\"https:\/\/xenonkungen.com\/shop\/\"},{\"@type\":\"ListItem\",\"position\":3,\"name\":\"Blixtljus Slimline 3LED R10 Vit\"}]},{\"@type\":\"WebSite\",\"@id\":\"https:\/\/xenonkungen.com\/#website\",\"url\":\"https:\/\/xenonkungen.com\/\",\"name\":\"Xenonkungen\",\"description\":\"\",\"potentialAction\":[{\"@type\":\"SearchAction\",\"target\":{\"@type\":\"EntryPoint\",\"urlTemplate\":\"https:\/\/xenonkungen.com\/?s={search_term_string}\"},\"query-input\":{\"@type\":\"PropertyValueSpecification\",\"valueRequired\":true,\"valueName\":\"search_term_string\"}}],\"inLanguage\":\"da-DK\"}]}<\/script>\n<!-- \/ Yoast SEO plugin. -->","yoast_head_json":{"title":"Lommelygte Slimline 3LED R10 Hvid - Xenonkungen","robots":{"index":"index","follow":"follow","max-snippet":"max-snippet:-1","max-image-preview":"max-image-preview:large","max-video-preview":"max-video-preview:-1"},"canonical":"https:\/\/xenonkungen.com\/dk\/vare\/slimline-3led-r10-hvid-lommelygte\/","og_locale":"da_DK","og_type":"article","og_title":"Blixtljus Slimline 3LED R10 Vit - Xenonkungen","og_description":"White ECE R10 Slimline Directional Warning Lamp - 3LED","og_url":"https:\/\/xenonkungen.com\/dk\/vare\/slimline-3led-r10-hvid-lommelygte\/","og_site_name":"Xenonkungen","article_modified_time":"2026-04-24T16:22:26+00:00","og_image":[{"width":800,"height":800,"url":"https:\/\/xenonkungen.com\/wp-content\/uploads\/2025\/04\/156130106-origpic-7fa27d.jpg","type":"image\/jpeg"}],"twitter_card":"summary_large_image","twitter_misc":{"Estimeret l\u00e6setid":"1 minut"},"schema":{"@context":"https:\/\/schema.org","@graph":[{"@type":"WebPage","@id":"https:\/\/xenonkungen.com\/dk\/vare\/slimline-3led-r10-hvid-lommelygte\/","url":"https:\/\/xenonkungen.com\/dk\/vare\/slimline-3led-r10-hvid-lommelygte\/","name":"Lommelygte Slimline 3LED R10 Hvid - Xenonkungen","isPartOf":{"@id":"https:\/\/xenonkungen.com\/#website"},"primaryImageOfPage":{"@id":"https:\/\/xenonkungen.com\/dk\/vare\/slimline-3led-r10-hvid-lommelygte\/#primaryimage"},"image":{"@id":"https:\/\/xenonkungen.com\/dk\/vare\/slimline-3led-r10-hvid-lommelygte\/#primaryimage"},"thumbnailUrl":"https:\/\/xenonkungen.com\/wp-content\/uploads\/2025\/04\/156130106-origpic-7fa27d.jpg","datePublished":"2025-04-15T10:09:30+00:00","dateModified":"2026-04-24T16:22:26+00:00","breadcrumb":{"@id":"https:\/\/xenonkungen.com\/dk\/vare\/slimline-3led-r10-hvid-lommelygte\/#breadcrumb"},"inLanguage":"da-DK","potentialAction":[{"@type":"ReadAction","target":["https:\/\/xenonkungen.com\/dk\/vare\/slimline-3led-r10-hvid-lommelygte\/"]}]},{"@type":"ImageObject","inLanguage":"da-DK","@id":"https:\/\/xenonkungen.com\/dk\/vare\/slimline-3led-r10-hvid-lommelygte\/#primaryimage","url":"https:\/\/xenonkungen.com\/wp-content\/uploads\/2025\/04\/156130106-origpic-7fa27d.jpg","contentUrl":"https:\/\/xenonkungen.com\/wp-content\/uploads\/2025\/04\/156130106-origpic-7fa27d.jpg","width":800,"height":800},{"@type":"BreadcrumbList","@id":"https:\/\/xenonkungen.com\/dk\/vare\/slimline-3led-r10-hvid-lommelygte\/#breadcrumb","itemListElement":[{"@type":"ListItem","position":1,"name":"Hem","item":"https:\/\/xenonkungen.com\/"},{"@type":"ListItem","position":2,"name":"Shop","item":"https:\/\/xenonkungen.com\/shop\/"},{"@type":"ListItem","position":3,"name":"Blixtljus Slimline 3LED R10 Vit"}]},{"@type":"WebSite","@id":"https:\/\/xenonkungen.com\/#website","url":"https:\/\/xenonkungen.com\/","name":"Xenonkungen","description":"","potentialAction":[{"@type":"SearchAction","target":{"@type":"EntryPoint","urlTemplate":"https:\/\/xenonkungen.com\/?s={search_term_string}"},"query-input":{"@type":"PropertyValueSpecification","valueRequired":true,"valueName":"search_term_string"}}],"inLanguage":"da-DK"}]}},"taxonomy_info":{"product_brand":[{"value":1252,"label":"LEA"}],"product_cat":[{"value":3043,"label":"SLIM &amp; EFFEKTFULL"},{"value":2553,"label":"Blixtljus - Riktat varningsljus"},{"value":1061,"label":"Varningsljus"}],"pa_fuktskydd-varde-ipxx":[{"value":333,"label":"IP67"}],"pa_godkannande":[{"value":936,"label":"ECE, R10, R65"}],"pa_storlek-mm":[{"value":2136,"label":"79x24x15"}],"pa_volt-v":[{"value":1419,"label":"10-30"}]},"featured_image_src_large":["https:\/\/xenonkungen.com\/wp-content\/uploads\/2025\/04\/156130106-origpic-7fa27d.jpg",800,800,false],"author_info":[],"comment_info":0,"_links":{"self":[{"href":"https:\/\/xenonkungen.com\/dk\/wp-json\/wp\/v2\/product\/8771","targetHints":{"allow":["GET"]}}],"collection":[{"href":"https:\/\/xenonkungen.com\/dk\/wp-json\/wp\/v2\/product"}],"about":[{"href":"https:\/\/xenonkungen.com\/dk\/wp-json\/wp\/v2\/types\/product"}],"replies":[{"embeddable":true,"href":"https:\/\/xenonkungen.com\/dk\/wp-json\/wp\/v2\/comments?post=8771"}],"wp:featuredmedia":[{"embeddable":true,"href":"https:\/\/xenonkungen.com\/dk\/wp-json\/wp\/v2\/media\/8772"}],"wp:attachment":[{"href":"https:\/\/xenonkungen.com\/dk\/wp-json\/wp\/v2\/media?parent=8771"}],"wp:term":[{"taxonomy":"anvandningsomrade","embeddable":true,"href":"https:\/\/xenonkungen.com\/dk\/wp-json\/wp\/v2\/anvandningsomrade?post=8771"},{"taxonomy":"bilmarken","embeddable":true,"href":"https:\/\/xenonkungen.com\/dk\/wp-json\/wp\/v2\/bilmarken?post=8771"},{"taxonomy":"product_brand","embeddable":true,"href":"https:\/\/xenonkungen.com\/dk\/wp-json\/wp\/v2\/product_brand?post=8771"},{"taxonomy":"product_cat","embeddable":true,"href":"https:\/\/xenonkungen.com\/dk\/wp-json\/wp\/v2\/product_cat?post=8771"},{"taxonomy":"product_tag","embeddable":true,"href":"https:\/\/xenonkungen.com\/dk\/wp-json\/wp\/v2\/product_tag?post=8771"}],"curies":[{"name":"wp","href":"https:\/\/api.w.org\/{rel}","templated":true}]}}