{"id":8819,"date":"2025-04-15T10:10:05","date_gmt":"2025-04-15T10:10:05","guid":{"rendered":"https:\/\/xenonkungen.com\/product\/airzing-mini-air-purifier\/"},"modified":"2026-04-11T01:29:20","modified_gmt":"2026-04-11T00:29:20","slug":"airzing-mini-luftrenser","status":"publish","type":"product","link":"https:\/\/xenonkungen.com\/dk\/vare\/airzing-mini-luftrenser\/","title":{"rendered":"AirZing Mini luftrenser"},"content":{"rendered":"<h1>OSRAM AirZing Mini<\/h1>\n<p>En innovativ l\u00f8sning til rensning af luften i k\u00f8ret\u00f8jer. Ved hj\u00e6lp af OSRAMs omfattende ekspertise inden for UV-lys indsuger AirZing Mini luft og sender den hen over en titandioxidplade, der kombineres med UV-A-lys for at skabe en fotokatalytisk reaktion. Reaktionen fjerner nogle skadelige bakterier og vira fra luften. Rensningsprocessen kan ogs\u00e5 fjerne d\u00e5rlig lugt og efterlade ren, frisk luft.<\/p>\n<p>Titandioxidpladen kan fjernes, vaskes og derefter s\u00e6ttes p\u00e5 igen. Det betyder minimal vedligeholdelse og intet behov for konstant at k\u00f8be og udskifte filtre.<\/p>\n<p>AirZing Mini er specielt designet til brug i et k\u00f8ret\u00f8j og har magnetiske ventilationsklemmer til fleksibel montering. Det medf\u00f8lgende USB-C-kabel giver sikker str\u00f8mforsyning, mens du er p\u00e5 farten.<\/p>\n<p class=\"font-text-standard\" data-copyto=\"text-below-img\">OSRAM AirZing Mini er lille som et \u00e6ble. Dens slanke, sorte design g\u00f8r, at den passer ind i kabinen og bliver en diskret og p\u00e5lidelig rejseledsager. Ved hj\u00e6lp af en magnetisk adapter med en klips kan AirZing Mini nemt fastg\u00f8res til luftudtaget i k\u00f8ret\u00f8jet. Str\u00f8mforsyningen sker via en USB-forbindelse. Med et st\u00f8jniveau p\u00e5 kun 25 decibel er den lydl\u00f8s og tr\u00e6kker konstant luft ud af k\u00f8ret\u00f8jet. Luften passerer gennem et titaniumoxidfilter, der er oplyst af UV-A LED&#039;er. I processen fjernes op til 99%* af skadelige vira og bakterier i bilen, og den rensede og ioniserede luft udledes gennem toppen af enheden. Den fjerner ogs\u00e5 op til 90%* af formaldehyd, TVOC (total volatile organic compounds) og lugte.<\/p>\n<ul class=\"orange-dash-list textvis-org-next\" data-copyto=\"text-below-img\">\n<li>Kan dr\u00e6be op til 99%* af alle bakterier og nogle vira<\/li>\n<li>Nem at bruge med magnetisk holder og USB-kabel<\/li>\n<li>Filteret beh\u00f8ver ikke at blive udskiftet og kan reng\u00f8res med rent vand fra hanen.<\/li>\n<li>Stille drift \u2013 kun 25 decibel<\/li>\n<\/ul>\n<p class=\"font-text-standard\" data-copyto=\"text-below-img\">Uanset om du bruger dit k\u00f8ret\u00f8j til personlig eller professionel brug, kan OSRAM AirZing Mini hj\u00e6lpe med at forbedre milj\u00f8et i din bil og reducere m\u00e6ngden af virus og bakterier i luften. Hele luftm\u00e6ngden i dit k\u00f8ret\u00f8j filtreres og renses p\u00e5 cirka 30 minutter. AirZing Mini fjerner ogs\u00e5 lugte og r\u00f8g.<\/p>\n<p><iframe loading=\"lazy\" height=\"314\" src=\"https:\/\/www.youtube.com\/embed\/ZyYZ5SvSTA8?si=Y9vCy2n_1fzjO57J&amp;amp\" width=\"560\" allowfullscreen=\"allowfullscreen\"><\/iframe><\/p>","protected":false},"excerpt":{"rendered":"<p>Luftrenser fra Osram! Kan hj\u00e6lpe med at fjerne u\u00f8nskede partikler fra luften i din bil.<\/p>","protected":false},"featured_media":8820,"comment_status":"closed","ping_status":"closed","template":"","meta":{"_acf_changed":false,"_smort_price_nok":"561","_smort_price_dkk":"509","_smort_price_eur":"68.18","_smort_sale_price_nok":"561","_smort_sale_price_dkk":"","_smort_sale_price_eur":"","smort_restorder":"","shipmondo_restorder":"","_kad_blocks_custom_css":"","_kad_blocks_head_custom_js":"","_kad_blocks_body_custom_js":"","_kad_blocks_footer_custom_js":"","smort_custom_pricelist_1":"480","smort_custom_pricelist_2":"480","smort_custom_pricelist_3":"456","smort_custom_pricelist_4":"600","smort_custom_pricelist_5":"480"},"anvandningsomrade":[],"bilmarken":[],"product_brand":[108],"product_cat":[2447,2854,378,1402],"product_tag":[],"class_list":{"0":"post-8819","1":"product","2":"type-product","3":"status-publish","4":"has-post-thumbnail","6":"product_brand-osram","7":"product_cat-doft","8":"product_cat-noel","9":"product_cat-bilvard","10":"product_cat-outlet","12":"first","13":"instock","14":"sale","15":"taxable","16":"shipping-taxable","17":"purchasable","18":"product-type-simple"},"bundled_by":[],"bundle_stock_status":"instock","bundle_stock_quantity":6,"bundle_virtual":false,"bundle_layout":"","bundle_add_to_cart_form_location":"","bundle_editable_in_cart":false,"bundle_sold_individually_context":"","bundle_item_grouping":"","bundle_min_size":"","bundle_max_size":"","bundle_price":[],"bundled_items":[],"bundle_sell_ids":[],"acf":[],"yoast_head":"<!-- This site is optimized with the Yoast SEO plugin v27.0 - https:\/\/yoast.com\/product\/yoast-seo-wordpress\/ -->\n<title>AirZing Mini Air Purifier - Xenonkungen<\/title>\n<meta name=\"robots\" content=\"index, follow, max-snippet:-1, max-image-preview:large, max-video-preview:-1\" \/>\n<link rel=\"canonical\" href=\"https:\/\/xenonkungen.com\/dk\/vare\/airzing-mini-luftrenser\/\" \/>\n<meta property=\"og:locale\" content=\"da_DK\" \/>\n<meta property=\"og:type\" content=\"article\" \/>\n<meta property=\"og:title\" content=\"AirZing Mini Air Purifier - Xenonkungen\" \/>\n<meta property=\"og:description\" content=\"Luftrenare fr\u00e5n Osram! Kan hj\u00e4lpa till med att ta bort o\u00f6nskade partiklar i luften ni har i er bil.\" \/>\n<meta property=\"og:url\" content=\"https:\/\/xenonkungen.com\/dk\/vare\/airzing-mini-luftrenser\/\" \/>\n<meta property=\"og:site_name\" content=\"Xenonkungen\" \/>\n<meta property=\"article:modified_time\" content=\"2026-04-11T00:29:20+00:00\" \/>\n<meta property=\"og:image\" content=\"https:\/\/xenonkungen.com\/wp-content\/uploads\/2025\/04\/182438315-origpic-c12e3d.jpg\" \/>\n\t<meta property=\"og:image:width\" content=\"900\" \/>\n\t<meta property=\"og:image:height\" content=\"900\" \/>\n\t<meta property=\"og:image:type\" content=\"image\/jpeg\" \/>\n<meta name=\"twitter:card\" content=\"summary_large_image\" \/>\n<meta name=\"twitter:label1\" content=\"Estimeret l\u00e6setid\" \/>\n\t<meta name=\"twitter:data1\" content=\"2 minutter\" \/>\n<script type=\"application\/ld+json\" class=\"yoast-schema-graph\">{\"@context\":\"https:\/\/schema.org\",\"@graph\":[{\"@type\":\"WebPage\",\"@id\":\"https:\/\/xenonkungen.com\/produkt\/airzing-mini-air-purifier\/\",\"url\":\"https:\/\/xenonkungen.com\/produkt\/airzing-mini-air-purifier\/\",\"name\":\"AirZing Mini Air Purifier - Xenonkungen\",\"isPartOf\":{\"@id\":\"https:\/\/xenonkungen.com\/#website\"},\"primaryImageOfPage\":{\"@id\":\"https:\/\/xenonkungen.com\/produkt\/airzing-mini-air-purifier\/#primaryimage\"},\"image\":{\"@id\":\"https:\/\/xenonkungen.com\/produkt\/airzing-mini-air-purifier\/#primaryimage\"},\"thumbnailUrl\":\"https:\/\/xenonkungen.com\/wp-content\/uploads\/2025\/04\/182438315-origpic-c12e3d.jpg\",\"datePublished\":\"2025-04-15T10:10:05+00:00\",\"dateModified\":\"2026-04-11T00:29:20+00:00\",\"breadcrumb\":{\"@id\":\"https:\/\/xenonkungen.com\/produkt\/airzing-mini-air-purifier\/#breadcrumb\"},\"inLanguage\":\"da-DK\",\"potentialAction\":[{\"@type\":\"ReadAction\",\"target\":[\"https:\/\/xenonkungen.com\/produkt\/airzing-mini-air-purifier\/\"]}]},{\"@type\":\"ImageObject\",\"inLanguage\":\"da-DK\",\"@id\":\"https:\/\/xenonkungen.com\/produkt\/airzing-mini-air-purifier\/#primaryimage\",\"url\":\"https:\/\/xenonkungen.com\/wp-content\/uploads\/2025\/04\/182438315-origpic-c12e3d.jpg\",\"contentUrl\":\"https:\/\/xenonkungen.com\/wp-content\/uploads\/2025\/04\/182438315-origpic-c12e3d.jpg\",\"width\":900,\"height\":900},{\"@type\":\"BreadcrumbList\",\"@id\":\"https:\/\/xenonkungen.com\/produkt\/airzing-mini-air-purifier\/#breadcrumb\",\"itemListElement\":[{\"@type\":\"ListItem\",\"position\":1,\"name\":\"Hem\",\"item\":\"https:\/\/xenonkungen.com\/\"},{\"@type\":\"ListItem\",\"position\":2,\"name\":\"Shop\",\"item\":\"https:\/\/xenonkungen.com\/shop\/\"},{\"@type\":\"ListItem\",\"position\":3,\"name\":\"AirZing Mini Air Purifier\"}]},{\"@type\":\"WebSite\",\"@id\":\"https:\/\/xenonkungen.com\/#website\",\"url\":\"https:\/\/xenonkungen.com\/\",\"name\":\"Xenonkungen\",\"description\":\"\",\"potentialAction\":[{\"@type\":\"SearchAction\",\"target\":{\"@type\":\"EntryPoint\",\"urlTemplate\":\"https:\/\/xenonkungen.com\/?s={search_term_string}\"},\"query-input\":{\"@type\":\"PropertyValueSpecification\",\"valueRequired\":true,\"valueName\":\"search_term_string\"}}],\"inLanguage\":\"da-DK\"}]}<\/script>\n<!-- \/ Yoast SEO plugin. -->","yoast_head_json":{"title":"AirZing Mini Luftrenser - Xenon Kongen","robots":{"index":"index","follow":"follow","max-snippet":"max-snippet:-1","max-image-preview":"max-image-preview:large","max-video-preview":"max-video-preview:-1"},"canonical":"https:\/\/xenonkungen.com\/dk\/vare\/airzing-mini-luftrenser\/","og_locale":"da_DK","og_type":"article","og_title":"AirZing Mini Air Purifier - Xenonkungen","og_description":"Luftrenare fr\u00e5n Osram! Kan hj\u00e4lpa till med att ta bort o\u00f6nskade partiklar i luften ni har i er bil.","og_url":"https:\/\/xenonkungen.com\/dk\/vare\/airzing-mini-luftrenser\/","og_site_name":"Xenonkungen","article_modified_time":"2026-04-11T00:29:20+00:00","og_image":[{"width":900,"height":900,"url":"https:\/\/xenonkungen.com\/wp-content\/uploads\/2025\/04\/182438315-origpic-c12e3d.jpg","type":"image\/jpeg"}],"twitter_card":"summary_large_image","twitter_misc":{"Estimeret l\u00e6setid":"2 minutter"},"schema":{"@context":"https:\/\/schema.org","@graph":[{"@type":"WebPage","@id":"https:\/\/xenonkungen.com\/produkt\/airzing-mini-air-purifier\/","url":"https:\/\/xenonkungen.com\/produkt\/airzing-mini-air-purifier\/","name":"AirZing Mini Luftrenser - Xenon Kongen","isPartOf":{"@id":"https:\/\/xenonkungen.com\/#website"},"primaryImageOfPage":{"@id":"https:\/\/xenonkungen.com\/produkt\/airzing-mini-air-purifier\/#primaryimage"},"image":{"@id":"https:\/\/xenonkungen.com\/produkt\/airzing-mini-air-purifier\/#primaryimage"},"thumbnailUrl":"https:\/\/xenonkungen.com\/wp-content\/uploads\/2025\/04\/182438315-origpic-c12e3d.jpg","datePublished":"2025-04-15T10:10:05+00:00","dateModified":"2026-04-11T00:29:20+00:00","breadcrumb":{"@id":"https:\/\/xenonkungen.com\/produkt\/airzing-mini-air-purifier\/#breadcrumb"},"inLanguage":"da-DK","potentialAction":[{"@type":"ReadAction","target":["https:\/\/xenonkungen.com\/produkt\/airzing-mini-air-purifier\/"]}]},{"@type":"ImageObject","inLanguage":"da-DK","@id":"https:\/\/xenonkungen.com\/produkt\/airzing-mini-air-purifier\/#primaryimage","url":"https:\/\/xenonkungen.com\/wp-content\/uploads\/2025\/04\/182438315-origpic-c12e3d.jpg","contentUrl":"https:\/\/xenonkungen.com\/wp-content\/uploads\/2025\/04\/182438315-origpic-c12e3d.jpg","width":900,"height":900},{"@type":"BreadcrumbList","@id":"https:\/\/xenonkungen.com\/produkt\/airzing-mini-air-purifier\/#breadcrumb","itemListElement":[{"@type":"ListItem","position":1,"name":"Hem","item":"https:\/\/xenonkungen.com\/"},{"@type":"ListItem","position":2,"name":"Shop","item":"https:\/\/xenonkungen.com\/shop\/"},{"@type":"ListItem","position":3,"name":"AirZing Mini Air Purifier"}]},{"@type":"WebSite","@id":"https:\/\/xenonkungen.com\/#website","url":"https:\/\/xenonkungen.com\/","name":"Xenonkungen","description":"","potentialAction":[{"@type":"SearchAction","target":{"@type":"EntryPoint","urlTemplate":"https:\/\/xenonkungen.com\/?s={search_term_string}"},"query-input":{"@type":"PropertyValueSpecification","valueRequired":true,"valueName":"search_term_string"}}],"inLanguage":"da-DK"}]}},"taxonomy_info":{"product_brand":[{"value":108,"label":"OSRAM"}],"product_cat":[{"value":2447,"label":"Doft"},{"value":2854,"label":"Noels EPA"},{"value":378,"label":"Bilv\u00e5rd"},{"value":1402,"label":"Outlet"}]},"featured_image_src_large":["https:\/\/xenonkungen.com\/wp-content\/uploads\/2025\/04\/182438315-origpic-c12e3d.jpg",900,900,false],"author_info":[],"comment_info":0,"_links":{"self":[{"href":"https:\/\/xenonkungen.com\/dk\/wp-json\/wp\/v2\/product\/8819","targetHints":{"allow":["GET"]}}],"collection":[{"href":"https:\/\/xenonkungen.com\/dk\/wp-json\/wp\/v2\/product"}],"about":[{"href":"https:\/\/xenonkungen.com\/dk\/wp-json\/wp\/v2\/types\/product"}],"replies":[{"embeddable":true,"href":"https:\/\/xenonkungen.com\/dk\/wp-json\/wp\/v2\/comments?post=8819"}],"wp:featuredmedia":[{"embeddable":true,"href":"https:\/\/xenonkungen.com\/dk\/wp-json\/wp\/v2\/media\/8820"}],"wp:attachment":[{"href":"https:\/\/xenonkungen.com\/dk\/wp-json\/wp\/v2\/media?parent=8819"}],"wp:term":[{"taxonomy":"anvandningsomrade","embeddable":true,"href":"https:\/\/xenonkungen.com\/dk\/wp-json\/wp\/v2\/anvandningsomrade?post=8819"},{"taxonomy":"bilmarken","embeddable":true,"href":"https:\/\/xenonkungen.com\/dk\/wp-json\/wp\/v2\/bilmarken?post=8819"},{"taxonomy":"product_brand","embeddable":true,"href":"https:\/\/xenonkungen.com\/dk\/wp-json\/wp\/v2\/product_brand?post=8819"},{"taxonomy":"product_cat","embeddable":true,"href":"https:\/\/xenonkungen.com\/dk\/wp-json\/wp\/v2\/product_cat?post=8819"},{"taxonomy":"product_tag","embeddable":true,"href":"https:\/\/xenonkungen.com\/dk\/wp-json\/wp\/v2\/product_tag?post=8819"}],"curies":[{"name":"wp","href":"https:\/\/api.w.org\/{rel}","templated":true}]}}