{"id":8871,"date":"2025-04-15T10:10:30","date_gmt":"2025-04-15T10:10:30","guid":{"rendered":"https:\/\/xenonkungen.com\/product\/blixtljus-super-slim-3led-r10-rod\/"},"modified":"2026-04-24T17:22:44","modified_gmt":"2026-04-24T16:22:44","slug":"lommelygte-super-slank-3led-r10-stang","status":"publish","type":"product","link":"https:\/\/xenonkungen.com\/dk\/vare\/lommelygte-super-slank-3led-r10-stang\/","title":{"rendered":"Lommelygte Super-Slim 3LED R10 R\u00f8d"},"content":{"rendered":"<div class=\"container\">\n<h1>R\u00f8d supertynd advarselslampe med 3 LED&#039;er<\/h1>\n<p>Den r\u00f8de Super-Slimline 3 LED-advarselslampe tilbyder exceptionel synlighed i et ekstremt kompakt og diskret formfaktor. Denne lampe er designet til at v\u00e6re b\u00e5de effektiv og alsidig og er ideel til en r\u00e6kke forskellige anvendelser, hvor pladsen er begr\u00e6nset, men h\u00f8j synlighed er p\u00e5kr\u00e6vet.<\/p>\n<div class=\"features\">\n<h2>Karakteristika:<\/h2>\n<ul>\n<li><span class=\"highlight\">3 LED-dioder:<\/span> Giver klart r\u00f8dt lys for fremragende synlighed.<\/li>\n<li>Superslankt design: Ultratynd profil for j\u00e6vn og diskret montering p\u00e5 k\u00f8ret\u00f8jet.<\/li>\n<li>H\u00f8j effektivitet: LED-teknologi sikrer lavt energiforbrug og maksimerer lysstyrken.<\/li>\n<li>Vejrbestandig: Robust konstruktion, der er lavet til at modst\u00e5 barske vejrforhold.<\/li>\n<li>Alsidig anvendelse: Ideel til udrykningsk\u00f8ret\u00f8jer, servicek\u00f8ret\u00f8jer og andre k\u00f8ret\u00f8jer, der kr\u00e6ver \u00f8get opm\u00e6rksomhed.<\/li>\n<\/ul>\n<\/div>\n<p>Denne r\u00f8de Super-Slimline advarselslampe med 3 LED&#039;er er en optimal l\u00f8sning for dem, der har brug for p\u00e5lidelig advarsel og synlighed uden at g\u00e5 p\u00e5 kompromis med design eller plads.<\/p>\n<\/div>\n<p><strong>Multivolt:<\/strong> 12\/24V\u00a0<br \/><strong>Beskyttelse mod fugt:<\/strong> IP67 (st\u00f8d-, vand- og st\u00f8vt\u00e6t)<br \/><strong>LED: <\/strong>3x 3Watt LED'er<br \/><strong>Dimensioner:<\/strong> 90 x 29 x 11 mm<br \/><strong>Godkendt:<\/strong> ECE R10<\/p>\n<p><strong>Godt at vide:<\/strong><\/p>\n<ul>\n<li>150\u00b0 ultravid lysvinkel<\/li>\n<li>Meget holdbar linse af polykarbonat<\/li>\n<li>H\u00f8j lysstyrke<\/li>\n<li>Overflademonteret<\/li>\n<li>Monteringsb\u00f8sning af gummi<\/li>\n<\/ul>\n<p><strong>Garanti:<\/strong> 5 \u00e5r<\/p>","protected":false},"excerpt":{"rendered":"<p>Superslank r\u00f8d advarselslampe med 3 LED&#039;er | R10 | 5 \u00e5rs garanti<\/p>","protected":false},"featured_media":8872,"comment_status":"closed","ping_status":"open","template":"","meta":{"_acf_changed":false,"_smort_price_nok":"896","_smort_price_dkk":"394","_smort_price_eur":"52.72","_smort_sale_price_nok":"","_smort_sale_price_dkk":"","_smort_sale_price_eur":"","smort_restorder":"","shipmondo_restorder":"","_kad_blocks_custom_css":"","_kad_blocks_head_custom_js":"","_kad_blocks_body_custom_js":"","_kad_blocks_footer_custom_js":"","smort_custom_pricelist_1":"536.96","smort_custom_pricelist_2":"469.84","smort_custom_pricelist_3":"436.28","smort_custom_pricelist_4":"671.2","smort_custom_pricelist_5":"469.84"},"anvandningsomrade":[],"bilmarken":[],"product_brand":[1252],"product_cat":[3044,2553,1061],"product_tag":[],"class_list":{"0":"post-8871","1":"product","2":"type-product","3":"status-publish","4":"has-post-thumbnail","6":"product_brand-lea","7":"product_cat-slimline-blixtljus","8":"product_cat-blixtljus-riktat-varningsljus","9":"product_cat-varningsljus","10":"pa_faktisk-effekts-forbrukning-1690","11":"pa_fuktskydd-varde-ipxx-ip67","12":"pa_godkannande-r10","13":"pa_storlek-mm-90x29x11","14":"pa_volt-v-12-24","16":"first","17":"onbackorder","18":"taxable","19":"shipping-taxable","20":"purchasable","21":"product-type-simple"},"bundled_by":[],"bundle_stock_status":"onbackorder","bundle_stock_quantity":0,"bundle_virtual":false,"bundle_layout":"","bundle_add_to_cart_form_location":"","bundle_editable_in_cart":false,"bundle_sold_individually_context":"","bundle_item_grouping":"","bundle_min_size":"","bundle_max_size":"","bundle_price":[],"bundled_items":[],"bundle_sell_ids":[],"acf":[],"yoast_head":"<!-- This site is optimized with the Yoast SEO plugin v27.0 - https:\/\/yoast.com\/product\/yoast-seo-wordpress\/ -->\n<title>Blixtljus Super-Slim 3LED R10 R\u00f6d - Xenonkungen<\/title>\n<meta name=\"robots\" content=\"index, follow, max-snippet:-1, max-image-preview:large, max-video-preview:-1\" \/>\n<link rel=\"canonical\" href=\"https:\/\/xenonkungen.com\/dk\/vare\/lommelygte-super-slank-3led-r10-stang\/\" \/>\n<meta property=\"og:locale\" content=\"da_DK\" \/>\n<meta property=\"og:type\" content=\"article\" \/>\n<meta property=\"og:title\" content=\"Blixtljus Super-Slim 3LED R10 R\u00f6d - Xenonkungen\" \/>\n<meta property=\"og:description\" content=\"Super-Slimline Red Warning Lamp 3LED | R10 | 5 Year Warranty\" \/>\n<meta property=\"og:url\" content=\"https:\/\/xenonkungen.com\/dk\/vare\/lommelygte-super-slank-3led-r10-stang\/\" \/>\n<meta property=\"og:site_name\" content=\"Xenonkungen\" \/>\n<meta property=\"article:modified_time\" content=\"2026-04-24T16:22:44+00:00\" \/>\n<meta property=\"og:image\" content=\"https:\/\/xenonkungen.com\/wp-content\/uploads\/2025\/04\/156125098-origpic-ad416c.jpg\" \/>\n\t<meta property=\"og:image:width\" content=\"800\" \/>\n\t<meta property=\"og:image:height\" content=\"800\" \/>\n\t<meta property=\"og:image:type\" content=\"image\/jpeg\" \/>\n<meta name=\"twitter:card\" content=\"summary_large_image\" \/>\n<meta name=\"twitter:label1\" content=\"Estimeret l\u00e6setid\" \/>\n\t<meta name=\"twitter:data1\" content=\"1 minut\" \/>\n<script type=\"application\/ld+json\" class=\"yoast-schema-graph\">{\"@context\":\"https:\/\/schema.org\",\"@graph\":[{\"@type\":\"WebPage\",\"@id\":\"https:\/\/xenonkungen.com\/dk\/vare\/lommelygte-super-slank-3led-r10-stang\/\",\"url\":\"https:\/\/xenonkungen.com\/dk\/vare\/lommelygte-super-slank-3led-r10-stang\/\",\"name\":\"Blixtljus Super-Slim 3LED R10 R\u00f6d - Xenonkungen\",\"isPartOf\":{\"@id\":\"https:\/\/xenonkungen.com\/#website\"},\"primaryImageOfPage\":{\"@id\":\"https:\/\/xenonkungen.com\/dk\/vare\/lommelygte-super-slank-3led-r10-stang\/#primaryimage\"},\"image\":{\"@id\":\"https:\/\/xenonkungen.com\/dk\/vare\/lommelygte-super-slank-3led-r10-stang\/#primaryimage\"},\"thumbnailUrl\":\"https:\/\/xenonkungen.com\/wp-content\/uploads\/2025\/04\/156125098-origpic-ad416c.jpg\",\"datePublished\":\"2025-04-15T10:10:30+00:00\",\"dateModified\":\"2026-04-24T16:22:44+00:00\",\"breadcrumb\":{\"@id\":\"https:\/\/xenonkungen.com\/dk\/vare\/lommelygte-super-slank-3led-r10-stang\/#breadcrumb\"},\"inLanguage\":\"da-DK\",\"potentialAction\":[{\"@type\":\"ReadAction\",\"target\":[\"https:\/\/xenonkungen.com\/dk\/vare\/lommelygte-super-slank-3led-r10-stang\/\"]}]},{\"@type\":\"ImageObject\",\"inLanguage\":\"da-DK\",\"@id\":\"https:\/\/xenonkungen.com\/dk\/vare\/lommelygte-super-slank-3led-r10-stang\/#primaryimage\",\"url\":\"https:\/\/xenonkungen.com\/wp-content\/uploads\/2025\/04\/156125098-origpic-ad416c.jpg\",\"contentUrl\":\"https:\/\/xenonkungen.com\/wp-content\/uploads\/2025\/04\/156125098-origpic-ad416c.jpg\",\"width\":800,\"height\":800},{\"@type\":\"BreadcrumbList\",\"@id\":\"https:\/\/xenonkungen.com\/dk\/vare\/lommelygte-super-slank-3led-r10-stang\/#breadcrumb\",\"itemListElement\":[{\"@type\":\"ListItem\",\"position\":1,\"name\":\"Hem\",\"item\":\"https:\/\/xenonkungen.com\/\"},{\"@type\":\"ListItem\",\"position\":2,\"name\":\"Shop\",\"item\":\"https:\/\/xenonkungen.com\/shop\/\"},{\"@type\":\"ListItem\",\"position\":3,\"name\":\"Blixtljus Super-Slim 3LED R10 R\u00f6d\"}]},{\"@type\":\"WebSite\",\"@id\":\"https:\/\/xenonkungen.com\/#website\",\"url\":\"https:\/\/xenonkungen.com\/\",\"name\":\"Xenonkungen\",\"description\":\"\",\"potentialAction\":[{\"@type\":\"SearchAction\",\"target\":{\"@type\":\"EntryPoint\",\"urlTemplate\":\"https:\/\/xenonkungen.com\/?s={search_term_string}\"},\"query-input\":{\"@type\":\"PropertyValueSpecification\",\"valueRequired\":true,\"valueName\":\"search_term_string\"}}],\"inLanguage\":\"da-DK\"}]}<\/script>\n<!-- \/ Yoast SEO plugin. -->","yoast_head_json":{"title":"Blinklys Super-Slim 3LED R10 R\u00f8d - Xenonkungen","robots":{"index":"index","follow":"follow","max-snippet":"max-snippet:-1","max-image-preview":"max-image-preview:large","max-video-preview":"max-video-preview:-1"},"canonical":"https:\/\/xenonkungen.com\/dk\/vare\/lommelygte-super-slank-3led-r10-stang\/","og_locale":"da_DK","og_type":"article","og_title":"Blixtljus Super-Slim 3LED R10 R\u00f6d - Xenonkungen","og_description":"Super-Slimline Red Warning Lamp 3LED | R10 | 5 Year Warranty","og_url":"https:\/\/xenonkungen.com\/dk\/vare\/lommelygte-super-slank-3led-r10-stang\/","og_site_name":"Xenonkungen","article_modified_time":"2026-04-24T16:22:44+00:00","og_image":[{"width":800,"height":800,"url":"https:\/\/xenonkungen.com\/wp-content\/uploads\/2025\/04\/156125098-origpic-ad416c.jpg","type":"image\/jpeg"}],"twitter_card":"summary_large_image","twitter_misc":{"Estimeret l\u00e6setid":"1 minut"},"schema":{"@context":"https:\/\/schema.org","@graph":[{"@type":"WebPage","@id":"https:\/\/xenonkungen.com\/dk\/vare\/lommelygte-super-slank-3led-r10-stang\/","url":"https:\/\/xenonkungen.com\/dk\/vare\/lommelygte-super-slank-3led-r10-stang\/","name":"Blinklys Super-Slim 3LED R10 R\u00f8d - Xenonkungen","isPartOf":{"@id":"https:\/\/xenonkungen.com\/#website"},"primaryImageOfPage":{"@id":"https:\/\/xenonkungen.com\/dk\/vare\/lommelygte-super-slank-3led-r10-stang\/#primaryimage"},"image":{"@id":"https:\/\/xenonkungen.com\/dk\/vare\/lommelygte-super-slank-3led-r10-stang\/#primaryimage"},"thumbnailUrl":"https:\/\/xenonkungen.com\/wp-content\/uploads\/2025\/04\/156125098-origpic-ad416c.jpg","datePublished":"2025-04-15T10:10:30+00:00","dateModified":"2026-04-24T16:22:44+00:00","breadcrumb":{"@id":"https:\/\/xenonkungen.com\/dk\/vare\/lommelygte-super-slank-3led-r10-stang\/#breadcrumb"},"inLanguage":"da-DK","potentialAction":[{"@type":"ReadAction","target":["https:\/\/xenonkungen.com\/dk\/vare\/lommelygte-super-slank-3led-r10-stang\/"]}]},{"@type":"ImageObject","inLanguage":"da-DK","@id":"https:\/\/xenonkungen.com\/dk\/vare\/lommelygte-super-slank-3led-r10-stang\/#primaryimage","url":"https:\/\/xenonkungen.com\/wp-content\/uploads\/2025\/04\/156125098-origpic-ad416c.jpg","contentUrl":"https:\/\/xenonkungen.com\/wp-content\/uploads\/2025\/04\/156125098-origpic-ad416c.jpg","width":800,"height":800},{"@type":"BreadcrumbList","@id":"https:\/\/xenonkungen.com\/dk\/vare\/lommelygte-super-slank-3led-r10-stang\/#breadcrumb","itemListElement":[{"@type":"ListItem","position":1,"name":"Hem","item":"https:\/\/xenonkungen.com\/"},{"@type":"ListItem","position":2,"name":"Shop","item":"https:\/\/xenonkungen.com\/shop\/"},{"@type":"ListItem","position":3,"name":"Blixtljus Super-Slim 3LED R10 R\u00f6d"}]},{"@type":"WebSite","@id":"https:\/\/xenonkungen.com\/#website","url":"https:\/\/xenonkungen.com\/","name":"Xenonkungen","description":"","potentialAction":[{"@type":"SearchAction","target":{"@type":"EntryPoint","urlTemplate":"https:\/\/xenonkungen.com\/?s={search_term_string}"},"query-input":{"@type":"PropertyValueSpecification","valueRequired":true,"valueName":"search_term_string"}}],"inLanguage":"da-DK"}]}},"taxonomy_info":{"product_brand":[{"value":1252,"label":"LEA"}],"product_cat":[{"value":3044,"label":"SLIMLINE"},{"value":2553,"label":"Blixtljus - Riktat varningsljus"},{"value":1061,"label":"Varningsljus"}],"pa_faktisk-effekts-forbrukning":[{"value":1690,"label":"9"}],"pa_fuktskydd-varde-ipxx":[{"value":333,"label":"IP67"}],"pa_godkannande":[{"value":184,"label":"R10"}],"pa_storlek-mm":[{"value":2145,"label":"90x29x11"}],"pa_volt-v":[{"value":348,"label":"12, 24"}]},"featured_image_src_large":["https:\/\/xenonkungen.com\/wp-content\/uploads\/2025\/04\/156125098-origpic-ad416c.jpg",800,800,false],"author_info":[],"comment_info":0,"_links":{"self":[{"href":"https:\/\/xenonkungen.com\/dk\/wp-json\/wp\/v2\/product\/8871","targetHints":{"allow":["GET"]}}],"collection":[{"href":"https:\/\/xenonkungen.com\/dk\/wp-json\/wp\/v2\/product"}],"about":[{"href":"https:\/\/xenonkungen.com\/dk\/wp-json\/wp\/v2\/types\/product"}],"replies":[{"embeddable":true,"href":"https:\/\/xenonkungen.com\/dk\/wp-json\/wp\/v2\/comments?post=8871"}],"wp:featuredmedia":[{"embeddable":true,"href":"https:\/\/xenonkungen.com\/dk\/wp-json\/wp\/v2\/media\/8872"}],"wp:attachment":[{"href":"https:\/\/xenonkungen.com\/dk\/wp-json\/wp\/v2\/media?parent=8871"}],"wp:term":[{"taxonomy":"anvandningsomrade","embeddable":true,"href":"https:\/\/xenonkungen.com\/dk\/wp-json\/wp\/v2\/anvandningsomrade?post=8871"},{"taxonomy":"bilmarken","embeddable":true,"href":"https:\/\/xenonkungen.com\/dk\/wp-json\/wp\/v2\/bilmarken?post=8871"},{"taxonomy":"product_brand","embeddable":true,"href":"https:\/\/xenonkungen.com\/dk\/wp-json\/wp\/v2\/product_brand?post=8871"},{"taxonomy":"product_cat","embeddable":true,"href":"https:\/\/xenonkungen.com\/dk\/wp-json\/wp\/v2\/product_cat?post=8871"},{"taxonomy":"product_tag","embeddable":true,"href":"https:\/\/xenonkungen.com\/dk\/wp-json\/wp\/v2\/product_tag?post=8871"}],"curies":[{"name":"wp","href":"https:\/\/api.w.org\/{rel}","templated":true}]}}