{"id":8875,"date":"2025-04-15T10:10:30","date_gmt":"2025-04-15T10:10:30","guid":{"rendered":"https:\/\/xenonkungen.com\/product\/blixtljus-slimline-6led-r65-amber\/"},"modified":"2026-04-24T17:22:35","modified_gmt":"2026-04-24T16:22:35","slug":"slimline-6led-r65-ravfarvet-lommelygte","status":"publish","type":"product","link":"https:\/\/xenonkungen.com\/dk\/vare\/slimline-6led-r65-ravfarvet-lommelygte\/","title":{"rendered":"Lommelygte Slimline 6LED R65 Amber"},"content":{"rendered":"<div class=\"container\">\n<h1>Orange R65 Slimline: 6 LED retningsbestemt advarselslys<\/h1>\n<p>Orange R65 Slimline er en innovativ, retningsbestemt advarselslygte med 6 LED'er, der er designet til at give enest\u00e5ende synlighed og p\u00e5lidelighed. Denne slimline-lygte opfylder R65-certificeringskravene, hvilket g\u00f8r den til en optimal sikkerhedsl\u00f8sning for b\u00e5de arbejds- og udrykningsk\u00f8ret\u00f8jer, der har brug for tydelige og effektive advarselssignaler.<\/p>\n<div class=\"features\">\n<h2>Fremtr\u00e6dende funktioner:<\/h2>\n<ul>\n<li><span class=\"highlight\">6 LED-dioder:<\/span> Giver kraftig og fokuseret belysning for den bedst mulige synlighed.<\/li>\n<li><span class=\"highlight\">R65-certificeret:<\/span> Opfylder de h\u00f8jeste standarder for lysstyrke og advarselsm\u00f8nstre.<\/li>\n<li><span class=\"highlight\">Slankt design:<\/span> Ultratynd formfaktor til diskret og alsidig montering p\u00e5 k\u00f8ret\u00f8jer.<\/li>\n<li><span class=\"highlight\">M\u00e5lrettet belysning:<\/span> Fokuserer lyset, hvor der er mest brug for det, for effektivt at advare andre trafikanter.<\/li>\n<li><span class=\"highlight\">Vejrbestandig konstruktion:<\/span> Bygget til at modst\u00e5 barske vejrforhold og sikre langvarig ydeevne.<\/li>\n<\/ul>\n<\/div>\n<p>Med sin effektive og retningsbestemte belysning er Orange R65 Slimline advarselslampe den perfekte l\u00f8sning til k\u00f8ret\u00f8jer, der kr\u00e6ver h\u00f8j synlighed uden at g\u00e5 p\u00e5 kompromis med design eller aerodynamik.<\/p>\n<\/div>\n<p><strong>Multivolt: <\/strong>10-30VDC<br \/><strong>Beskyttelse mod fugt:<\/strong> IP67-beskyttelse mod indtr\u00e6ngen<br \/><strong>Str\u00f8mforbrug:<\/strong> <br \/>- 0,43A nominelt<br \/><strong>Dimensioner:<\/strong> 122 x 24 x 15 mm<br \/><strong>Godkendt:<\/strong> ECE R10. R65<\/p>\n<p><strong>Godt at vide:<\/strong><\/p>\n<ul>\n<li>8 valgbare lynm\u00f8nstre<\/li>\n<li>St\u00e6rkt aluminiumshus og h\u00e5rdf\u00f8r polykarbonatlinse<\/li>\n<li>To bolte til fastg\u00f8relse<\/li>\n<\/ul>\n<p><strong>Garanti:<\/strong> 2 \u00e5r<\/p>","protected":false},"excerpt":{"rendered":"<p>Amber R65 Slimline retningsbestemt advarselslampe - 6LED<\/p>","protected":false},"featured_media":8876,"comment_status":"closed","ping_status":"open","template":"","meta":{"_acf_changed":false,"_smort_price_nok":"1602","_smort_price_dkk":"1018","_smort_price_eur":"136.36","_smort_sale_price_nok":"","_smort_sale_price_dkk":"","_smort_sale_price_eur":"","smort_restorder":"","shipmondo_restorder":"","_kad_blocks_custom_css":"","_kad_blocks_head_custom_js":"","_kad_blocks_body_custom_js":"","_kad_blocks_footer_custom_js":"","smort_custom_pricelist_1":"840","smort_custom_pricelist_2":"840","smort_custom_pricelist_3":"798","smort_custom_pricelist_4":"1200","smort_custom_pricelist_5":"840"},"anvandningsomrade":[],"bilmarken":[],"product_brand":[1252],"product_cat":[3041,3043,2553,1061],"product_tag":[],"class_list":{"0":"post-8875","1":"product","2":"type-product","3":"status-publish","4":"has-post-thumbnail","6":"product_brand-lea","7":"product_cat-r65-blixtljus","8":"product_cat-slim-effektfull-blixtljus","9":"product_cat-blixtljus-riktat-varningsljus","10":"product_cat-varningsljus","11":"pa_fuktskydd-varde-ipxx-ip67","12":"pa_godkannande-r10-r65","13":"pa_storlek-mm-122x24x15","14":"pa_volt-v-12-24","16":"first","17":"onbackorder","18":"taxable","19":"shipping-taxable","20":"purchasable","21":"product-type-simple"},"bundled_by":[],"bundle_stock_status":"onbackorder","bundle_stock_quantity":0,"bundle_virtual":false,"bundle_layout":"","bundle_add_to_cart_form_location":"","bundle_editable_in_cart":false,"bundle_sold_individually_context":"","bundle_item_grouping":"","bundle_min_size":"","bundle_max_size":"","bundle_price":[],"bundled_items":[],"bundle_sell_ids":[],"acf":[],"yoast_head":"<!-- This site is optimized with the Yoast SEO plugin v27.0 - https:\/\/yoast.com\/product\/yoast-seo-wordpress\/ -->\n<title>Blixtljus Slimline 6LED R65 Amber - Xenonkungen<\/title>\n<meta name=\"robots\" content=\"index, follow, max-snippet:-1, max-image-preview:large, max-video-preview:-1\" \/>\n<link rel=\"canonical\" href=\"http:\/\/xenonkungen.com\/dk\/vare\/slimline-6led-r65-ravfarvet-lommelygte\/\" \/>\n<meta property=\"og:locale\" content=\"da_DK\" \/>\n<meta property=\"og:type\" content=\"article\" \/>\n<meta property=\"og:title\" content=\"Blixtljus Slimline 6LED R65 Amber - Xenonkungen\" \/>\n<meta property=\"og:description\" content=\"Amber R65 Slimline Directional Warning Lamp - 6LED\" \/>\n<meta property=\"og:url\" content=\"http:\/\/xenonkungen.com\/dk\/vare\/slimline-6led-r65-ravfarvet-lommelygte\/\" \/>\n<meta property=\"og:site_name\" content=\"Xenonkungen\" \/>\n<meta property=\"article:modified_time\" content=\"2026-04-24T16:22:35+00:00\" \/>\n<meta property=\"og:image\" content=\"https:\/\/xenonkungen.com\/wp-content\/uploads\/2025\/04\/156130370-origpic-0088a4.jpg\" \/>\n\t<meta property=\"og:image:width\" content=\"800\" \/>\n\t<meta property=\"og:image:height\" content=\"800\" \/>\n\t<meta property=\"og:image:type\" content=\"image\/jpeg\" \/>\n<meta name=\"twitter:card\" content=\"summary_large_image\" \/>\n<meta name=\"twitter:label1\" content=\"Estimeret l\u00e6setid\" \/>\n\t<meta name=\"twitter:data1\" content=\"1 minut\" \/>\n<script type=\"application\/ld+json\" class=\"yoast-schema-graph\">{\"@context\":\"https:\/\/schema.org\",\"@graph\":[{\"@type\":\"WebPage\",\"@id\":\"http:\/\/xenonkungen.com\/no\/produkt\/blixtljus-slimline-6led-r65-amber\/\",\"url\":\"http:\/\/xenonkungen.com\/no\/produkt\/blixtljus-slimline-6led-r65-amber\/\",\"name\":\"Blixtljus Slimline 6LED R65 Amber - Xenonkungen\",\"isPartOf\":{\"@id\":\"https:\/\/xenonkungen.com\/#website\"},\"primaryImageOfPage\":{\"@id\":\"http:\/\/xenonkungen.com\/no\/produkt\/blixtljus-slimline-6led-r65-amber\/#primaryimage\"},\"image\":{\"@id\":\"http:\/\/xenonkungen.com\/no\/produkt\/blixtljus-slimline-6led-r65-amber\/#primaryimage\"},\"thumbnailUrl\":\"https:\/\/xenonkungen.com\/wp-content\/uploads\/2025\/04\/156130370-origpic-0088a4.jpg\",\"datePublished\":\"2025-04-15T10:10:30+00:00\",\"dateModified\":\"2026-04-24T16:22:35+00:00\",\"breadcrumb\":{\"@id\":\"http:\/\/xenonkungen.com\/no\/produkt\/blixtljus-slimline-6led-r65-amber\/#breadcrumb\"},\"inLanguage\":\"da-DK\",\"potentialAction\":[{\"@type\":\"ReadAction\",\"target\":[\"http:\/\/xenonkungen.com\/no\/produkt\/blixtljus-slimline-6led-r65-amber\/\"]}]},{\"@type\":\"ImageObject\",\"inLanguage\":\"da-DK\",\"@id\":\"http:\/\/xenonkungen.com\/no\/produkt\/blixtljus-slimline-6led-r65-amber\/#primaryimage\",\"url\":\"https:\/\/xenonkungen.com\/wp-content\/uploads\/2025\/04\/156130370-origpic-0088a4.jpg\",\"contentUrl\":\"https:\/\/xenonkungen.com\/wp-content\/uploads\/2025\/04\/156130370-origpic-0088a4.jpg\",\"width\":800,\"height\":800},{\"@type\":\"BreadcrumbList\",\"@id\":\"http:\/\/xenonkungen.com\/no\/produkt\/blixtljus-slimline-6led-r65-amber\/#breadcrumb\",\"itemListElement\":[{\"@type\":\"ListItem\",\"position\":1,\"name\":\"Hem\",\"item\":\"https:\/\/xenonkungen.com\/\"},{\"@type\":\"ListItem\",\"position\":2,\"name\":\"Shop\",\"item\":\"https:\/\/xenonkungen.com\/shop\/\"},{\"@type\":\"ListItem\",\"position\":3,\"name\":\"Blixtljus Slimline 6LED R65 Amber\"}]},{\"@type\":\"WebSite\",\"@id\":\"https:\/\/xenonkungen.com\/#website\",\"url\":\"https:\/\/xenonkungen.com\/\",\"name\":\"Xenonkungen\",\"description\":\"\",\"potentialAction\":[{\"@type\":\"SearchAction\",\"target\":{\"@type\":\"EntryPoint\",\"urlTemplate\":\"https:\/\/xenonkungen.com\/?s={search_term_string}\"},\"query-input\":{\"@type\":\"PropertyValueSpecification\",\"valueRequired\":true,\"valueName\":\"search_term_string\"}}],\"inLanguage\":\"da-DK\"}]}<\/script>\n<!-- \/ Yoast SEO plugin. -->","yoast_head_json":{"title":"Lommelygte Slimline 6LED R65 Amber - Xenonkungen","robots":{"index":"index","follow":"follow","max-snippet":"max-snippet:-1","max-image-preview":"max-image-preview:large","max-video-preview":"max-video-preview:-1"},"canonical":"http:\/\/xenonkungen.com\/dk\/vare\/slimline-6led-r65-ravfarvet-lommelygte\/","og_locale":"da_DK","og_type":"article","og_title":"Blixtljus Slimline 6LED R65 Amber - Xenonkungen","og_description":"Amber R65 Slimline Directional Warning Lamp - 6LED","og_url":"http:\/\/xenonkungen.com\/dk\/vare\/slimline-6led-r65-ravfarvet-lommelygte\/","og_site_name":"Xenonkungen","article_modified_time":"2026-04-24T16:22:35+00:00","og_image":[{"width":800,"height":800,"url":"https:\/\/xenonkungen.com\/wp-content\/uploads\/2025\/04\/156130370-origpic-0088a4.jpg","type":"image\/jpeg"}],"twitter_card":"summary_large_image","twitter_misc":{"Estimeret l\u00e6setid":"1 minut"},"schema":{"@context":"https:\/\/schema.org","@graph":[{"@type":"WebPage","@id":"http:\/\/xenonkungen.com\/no\/produkt\/blixtljus-slimline-6led-r65-amber\/","url":"http:\/\/xenonkungen.com\/no\/produkt\/blixtljus-slimline-6led-r65-amber\/","name":"Lommelygte Slimline 6LED R65 Amber - Xenonkungen","isPartOf":{"@id":"https:\/\/xenonkungen.com\/#website"},"primaryImageOfPage":{"@id":"http:\/\/xenonkungen.com\/no\/produkt\/blixtljus-slimline-6led-r65-amber\/#primaryimage"},"image":{"@id":"http:\/\/xenonkungen.com\/no\/produkt\/blixtljus-slimline-6led-r65-amber\/#primaryimage"},"thumbnailUrl":"https:\/\/xenonkungen.com\/wp-content\/uploads\/2025\/04\/156130370-origpic-0088a4.jpg","datePublished":"2025-04-15T10:10:30+00:00","dateModified":"2026-04-24T16:22:35+00:00","breadcrumb":{"@id":"http:\/\/xenonkungen.com\/no\/produkt\/blixtljus-slimline-6led-r65-amber\/#breadcrumb"},"inLanguage":"da-DK","potentialAction":[{"@type":"ReadAction","target":["http:\/\/xenonkungen.com\/no\/produkt\/blixtljus-slimline-6led-r65-amber\/"]}]},{"@type":"ImageObject","inLanguage":"da-DK","@id":"http:\/\/xenonkungen.com\/no\/produkt\/blixtljus-slimline-6led-r65-amber\/#primaryimage","url":"https:\/\/xenonkungen.com\/wp-content\/uploads\/2025\/04\/156130370-origpic-0088a4.jpg","contentUrl":"https:\/\/xenonkungen.com\/wp-content\/uploads\/2025\/04\/156130370-origpic-0088a4.jpg","width":800,"height":800},{"@type":"BreadcrumbList","@id":"http:\/\/xenonkungen.com\/no\/produkt\/blixtljus-slimline-6led-r65-amber\/#breadcrumb","itemListElement":[{"@type":"ListItem","position":1,"name":"Hem","item":"https:\/\/xenonkungen.com\/"},{"@type":"ListItem","position":2,"name":"Shop","item":"https:\/\/xenonkungen.com\/shop\/"},{"@type":"ListItem","position":3,"name":"Blixtljus Slimline 6LED R65 Amber"}]},{"@type":"WebSite","@id":"https:\/\/xenonkungen.com\/#website","url":"https:\/\/xenonkungen.com\/","name":"Xenonkungen","description":"","potentialAction":[{"@type":"SearchAction","target":{"@type":"EntryPoint","urlTemplate":"https:\/\/xenonkungen.com\/?s={search_term_string}"},"query-input":{"@type":"PropertyValueSpecification","valueRequired":true,"valueName":"search_term_string"}}],"inLanguage":"da-DK"}]}},"taxonomy_info":{"product_brand":[{"value":1252,"label":"LEA"}],"product_cat":[{"value":3041,"label":"R65"},{"value":3043,"label":"SLIM &amp; EFFEKTFULL"},{"value":2553,"label":"Blixtljus - Riktat varningsljus"},{"value":1061,"label":"Varningsljus"}],"pa_fuktskydd-varde-ipxx":[{"value":333,"label":"IP67"}],"pa_godkannande":[{"value":958,"label":"R10, R65"}],"pa_storlek-mm":[{"value":2146,"label":"122x24x15"}],"pa_volt-v":[{"value":348,"label":"12, 24"}]},"featured_image_src_large":["https:\/\/xenonkungen.com\/wp-content\/uploads\/2025\/04\/156130370-origpic-0088a4.jpg",800,800,false],"author_info":[],"comment_info":0,"_links":{"self":[{"href":"https:\/\/xenonkungen.com\/dk\/wp-json\/wp\/v2\/product\/8875","targetHints":{"allow":["GET"]}}],"collection":[{"href":"https:\/\/xenonkungen.com\/dk\/wp-json\/wp\/v2\/product"}],"about":[{"href":"https:\/\/xenonkungen.com\/dk\/wp-json\/wp\/v2\/types\/product"}],"replies":[{"embeddable":true,"href":"https:\/\/xenonkungen.com\/dk\/wp-json\/wp\/v2\/comments?post=8875"}],"wp:featuredmedia":[{"embeddable":true,"href":"https:\/\/xenonkungen.com\/dk\/wp-json\/wp\/v2\/media\/8876"}],"wp:attachment":[{"href":"https:\/\/xenonkungen.com\/dk\/wp-json\/wp\/v2\/media?parent=8875"}],"wp:term":[{"taxonomy":"anvandningsomrade","embeddable":true,"href":"https:\/\/xenonkungen.com\/dk\/wp-json\/wp\/v2\/anvandningsomrade?post=8875"},{"taxonomy":"bilmarken","embeddable":true,"href":"https:\/\/xenonkungen.com\/dk\/wp-json\/wp\/v2\/bilmarken?post=8875"},{"taxonomy":"product_brand","embeddable":true,"href":"https:\/\/xenonkungen.com\/dk\/wp-json\/wp\/v2\/product_brand?post=8875"},{"taxonomy":"product_cat","embeddable":true,"href":"https:\/\/xenonkungen.com\/dk\/wp-json\/wp\/v2\/product_cat?post=8875"},{"taxonomy":"product_tag","embeddable":true,"href":"https:\/\/xenonkungen.com\/dk\/wp-json\/wp\/v2\/product_tag?post=8875"}],"curies":[{"name":"wp","href":"https:\/\/api.w.org\/{rel}","templated":true}]}}