{"id":9252,"date":"2025-05-20T07:50:25","date_gmt":"2025-05-20T07:50:25","guid":{"rendered":"https:\/\/xenonkungen.com\/product\/luxtar-stellar-black-rad3-yellow\/"},"modified":"2026-04-07T03:42:10","modified_gmt":"2026-04-07T02:42:10","slug":"luxtar-stellar-black-rad3-gul","status":"publish","type":"product","link":"https:\/\/xenonkungen.com\/dk\/vare\/luxtar-stellar-black-rad3-gul\/","title":{"rendered":"Luxtar Stellar Black RAD3 | Yellow"},"content":{"rendered":"<h2>Luxtar Stellar Black RAD3 | Gul \u2013 Maksimal ydeevne i hver eneste detalje<\/h2>\n<p>Oplev det n\u00e6ste niveau af ekstra lys med <strong>Luxtar Stellar Black RAD3 | Yellow<\/strong>Designet til dem, der kr\u00e6ver det allerbedste inden for b\u00e5de stil og funktion. Udstyret med 20 kraftige Osram-dioder leverer denne f\u00f8rsteklasses projekt\u00f8r en imponerende lysstr\u00f8m p\u00e5 <strong>12 200 lumen<\/strong>og g\u00f8r natten til dit fyrt\u00e5rn. Med en <strong>Sl\u00e6de til k\u00f8rebj\u00e6lke<\/strong> Den spreder lyset bredt ud over vejen og oplyser ogs\u00e5 kanterne, s\u00e5 du kan se alt - uanset forholdene.<\/p>\n<ul>\n<li>R\u00e6kkevidde: 1 lux ved 790 m \/ R112: 1 lux ved 460 m<\/li>\n<li>12 200 faktiske lumen<\/li>\n<li>Boost-funktion for ekstra lysstyrke<\/li>\n<li>V\u00e6lg mellem hvidt eller orange positionslys<\/li>\n<li>Slagfast og vejrbestandig konstruktion<\/li>\n<\/ul>\n<h3>Belysning i verdensklasse<\/h3>\n<p>Med et udvalg af <strong>1 lux ved 790 meter<\/strong> og en afbalanceret farvetemperatur p\u00e5 <strong>5500K<\/strong>Med denne lygte f\u00e5r du ikke kun en klar og tydelig belysning, men ogs\u00e5 en behagelig lysoplevelse, der er let at se p\u00e5. Perfekt til lange rejser og udfordrende terr\u00e6n, hvor hver eneste detalje t\u00e6ller. Du ser farer i tide og kan navigere med fuld kontrol.<\/p>\n<h3>Oplev dynamisk elegance<\/h3>\n<p>Den nye <strong>Dynamiske opstartsfunktioner<\/strong> for positionslys imponerer med et unikt lysshow ved hver opstart. V\u00e6lg mellem traditionelle <strong>hvid<\/strong> eller den i\u00f8jnefaldende <strong>Det orange lys<\/strong> for at s\u00e6tte din egen stil p\u00e5 vejen. Baggrundsbelyste reflekser skaber ogs\u00e5 en wow-effekt, som f\u00e5r dit k\u00f8ret\u00f8j til at skille sig ud - b\u00e5de i dagslys og m\u00f8rke.<\/p>\n<h3>Bygget til at holde - i al slags vejr<\/h3>\n<p>Takket v\u00e6re en rammel\u00f8s, <strong>Ubrydelig linse af polykarbonat<\/strong> og en glat front, der forhindrer ophobning af sne og is, leverer Luxtar Stellar RAD3 | Yellow p\u00e5lidelig ydeevne uanset vejret. Med en ekstra <strong>Boost-funktion<\/strong> f\u00e5r du ekstra lysstyrke, lige n\u00e5r du har mest brug for det, og takket v\u00e6re den robuste monteringsbase og de medf\u00f8lgende 4-polede DT-stik er installationen nem og sikker.<\/p>\n<h3>E-godkendt og sikker<\/h3>\n<p><strong>Stellar Black RAD3 | Gul<\/strong> er E-godkendt, hvilket g\u00f8r den lovlig at bruge p\u00e5 vejene. Derudover kommer den med <strong>3 \u00e5rs garanti<\/strong> for at give dig ro i sindet.<\/p>","protected":false},"excerpt":{"rendered":"<p>Oplev den ultimative belysning med Luxtar Stellar Black RAD3 | Yellow. Udstyret med 20 Osram-dioder og 12.200 lumen tilbyder den en bred lyskegle, dynamisk opstartsfunktion og vejrbestandig holdbarhed. Perfekt til maksimal synlighed og sikkerhed p\u00e5 vejen.<\/p>","protected":false},"featured_media":10266,"comment_status":"closed","ping_status":"closed","template":"","meta":{"_acf_changed":false,"_smort_price_nok":"8433","_smort_price_dkk":"5357","_smort_price_eur":"717.69","_smort_sale_price_nok":"","_smort_sale_price_dkk":"","_smort_sale_price_eur":"","smort_restorder":"","shipmondo_restorder":"","_kad_blocks_custom_css":"","_kad_blocks_head_custom_js":"","_kad_blocks_body_custom_js":"","_kad_blocks_footer_custom_js":"","smort_custom_pricelist_1":"5052.8","smort_custom_pricelist_2":"4421.2","smort_custom_pricelist_3":"4105.4","smort_custom_pricelist_4":"6316","smort_custom_pricelist_5":"4421.2"},"anvandningsomrade":[207,166,167,1915],"bilmarken":[168],"product_brand":[103],"product_cat":[2826,2820,1859],"product_tag":[2726],"class_list":{"0":"post-9252","1":"product","2":"type-product","3":"status-publish","4":"has-post-thumbnail","6":"anvandningsomrade-husbil","7":"anvandningsomrade-lastbil","8":"anvandningsomrade-personbil","9":"anvandningsomrade-skapbil","10":"bilmarken-alla","11":"product_brand-luxtar","12":"product_cat-luxtar","13":"product_cat-luxtar-paketlosningar","14":"product_cat-extraljuspaket","15":"product_tag-produktpaket","16":"pa_faktisk-effekts-forbrukning-175","17":"pa_fargtemperatur-yellow","18":"pa_fuktskydd-varde-ipxx-ip68","19":"pa_godkannande-e-marked-r112-r10-r148-r149","20":"pa_lampsockel-kontakt-dt4","21":"pa_ljusbild-driving","22":"pa_storlek-mm-229x226x90","23":"pa_stromforbrukning-5a-24v","24":"pa_stromforbrukning-88a-137v","25":"pa_volt-v-9-12-24-32","27":"first","28":"instock","29":"taxable","30":"shipping-taxable","31":"purchasable","32":"product-type-bundle"},"bundled_by":[],"bundle_stock_status":"instock","bundle_stock_quantity":"","bundle_virtual":false,"bundle_layout":"default","bundle_add_to_cart_form_location":"default","bundle_editable_in_cart":false,"bundle_sold_individually_context":"product","bundle_item_grouping":"parent","bundle_min_size":"","bundle_max_size":"","bundle_price":{"price":{"min":{"incl_tax":"5357.2","excl_tax":"4285.76279084"},"max":{"incl_tax":"5357.2","excl_tax":"4285.76279084"}},"regular_price":{"min":{"incl_tax":"5357.2","excl_tax":"4285.76279084"},"max":{"incl_tax":"5357.2","excl_tax":"4285.76279084"}}},"bundled_items":[{"bundled_item_id":76,"product_id":1063,"menu_order":0,"quantity_min":1,"quantity_max":1,"quantity_default":1,"priced_individually":false,"shipped_individually":false,"override_title":false,"title":"Luxtar Rel\u00e6-kabels\u00e6t DT-4 X3 12V 80A Rel\u00e6","override_description":false,"description":"","optional":false,"hide_thumbnail":false,"discount":"","override_variations":false,"allowed_variations":[],"override_default_variation_attributes":false,"default_variation_attributes":[],"single_product_visibility":"visible","cart_visibility":"visible","order_visibility":"visible","single_product_price_visibility":"visible","cart_price_visibility":"visible","order_price_visibility":"visible","stock_status":"in_stock"},{"bundled_item_id":77,"product_id":2716,"menu_order":1,"quantity_min":1,"quantity_max":1,"quantity_default":1,"priced_individually":false,"shipped_individually":false,"override_title":false,"title":"Ekstra lysbeslag til 3 stk. 225 mm | 9&quot;","override_description":false,"description":"","optional":false,"hide_thumbnail":false,"discount":"","override_variations":false,"allowed_variations":[],"override_default_variation_attributes":false,"default_variation_attributes":[],"single_product_visibility":"visible","cart_visibility":"visible","order_visibility":"visible","single_product_price_visibility":"visible","cart_price_visibility":"visible","order_price_visibility":"visible","stock_status":"in_stock"}],"bundle_sell_ids":[],"acf":[],"yoast_head":"<!-- This site is optimized with the Yoast SEO plugin v27.0 - https:\/\/yoast.com\/product\/yoast-seo-wordpress\/ -->\n<title>Luxtar Stellar Black RAD3 | Yellow - Xenonkungen<\/title>\n<meta name=\"robots\" content=\"index, follow, max-snippet:-1, max-image-preview:large, max-video-preview:-1\" \/>\n<link rel=\"canonical\" href=\"https:\/\/xenonkungen.com\/dk\/vare\/luxtar-stellar-black-rad3-gul\/\" \/>\n<meta property=\"og:locale\" content=\"da_DK\" \/>\n<meta property=\"og:type\" content=\"article\" \/>\n<meta property=\"og:title\" content=\"Luxtar Stellar Black RAD3 | Yellow - Xenonkungen\" \/>\n<meta property=\"og:description\" content=\"Uppt\u00e4ck ultimat belysning med Luxtar Stellar Black RAD3 | Yellow. Utrustad med 20 Osram-dioder och 12 200 lumen, erbjuder den brett ljusf\u00e4lt, dynamisk uppstartsfunktion och v\u00e4dert\u00e5lig h\u00e5llbarhet. Perfekt f\u00f6r maximal sikt och s\u00e4kerhet p\u00e5 v\u00e4gen.\" \/>\n<meta property=\"og:url\" content=\"https:\/\/xenonkungen.com\/dk\/vare\/luxtar-stellar-black-rad3-gul\/\" \/>\n<meta property=\"og:site_name\" content=\"Xenonkungen\" \/>\n<meta property=\"article:modified_time\" content=\"2026-04-07T02:42:10+00:00\" \/>\n<meta property=\"og:image\" content=\"https:\/\/xenonkungen.com\/wp-content\/uploads\/2025\/05\/XX-Stellar3-2.png\" \/>\n\t<meta property=\"og:image:width\" content=\"1000\" \/>\n\t<meta property=\"og:image:height\" content=\"1000\" \/>\n\t<meta property=\"og:image:type\" content=\"image\/png\" \/>\n<meta name=\"twitter:card\" content=\"summary_large_image\" \/>\n<meta name=\"twitter:label1\" content=\"Estimeret l\u00e6setid\" \/>\n\t<meta name=\"twitter:data1\" content=\"2 minutter\" \/>\n<script type=\"application\/ld+json\" class=\"yoast-schema-graph\">{\"@context\":\"https:\/\/schema.org\",\"@graph\":[{\"@type\":\"WebPage\",\"@id\":\"https:\/\/xenonkungen.com\/produkt\/luxtar-stellar-black-rad3-yellow\/\",\"url\":\"https:\/\/xenonkungen.com\/produkt\/luxtar-stellar-black-rad3-yellow\/\",\"name\":\"Luxtar Stellar Black RAD3 | Yellow - Xenonkungen\",\"isPartOf\":{\"@id\":\"https:\/\/xenonkungen.com\/#website\"},\"primaryImageOfPage\":{\"@id\":\"https:\/\/xenonkungen.com\/produkt\/luxtar-stellar-black-rad3-yellow\/#primaryimage\"},\"image\":{\"@id\":\"https:\/\/xenonkungen.com\/produkt\/luxtar-stellar-black-rad3-yellow\/#primaryimage\"},\"thumbnailUrl\":\"https:\/\/xenonkungen.com\/wp-content\/uploads\/2025\/05\/XX-Stellar3-2.png\",\"datePublished\":\"2025-05-20T07:50:25+00:00\",\"dateModified\":\"2026-04-07T02:42:10+00:00\",\"breadcrumb\":{\"@id\":\"https:\/\/xenonkungen.com\/produkt\/luxtar-stellar-black-rad3-yellow\/#breadcrumb\"},\"inLanguage\":\"da-DK\",\"potentialAction\":[{\"@type\":\"ReadAction\",\"target\":[\"https:\/\/xenonkungen.com\/produkt\/luxtar-stellar-black-rad3-yellow\/\"]}]},{\"@type\":\"ImageObject\",\"inLanguage\":\"da-DK\",\"@id\":\"https:\/\/xenonkungen.com\/produkt\/luxtar-stellar-black-rad3-yellow\/#primaryimage\",\"url\":\"https:\/\/xenonkungen.com\/wp-content\/uploads\/2025\/05\/XX-Stellar3-2.png\",\"contentUrl\":\"https:\/\/xenonkungen.com\/wp-content\/uploads\/2025\/05\/XX-Stellar3-2.png\",\"width\":1000,\"height\":1000},{\"@type\":\"BreadcrumbList\",\"@id\":\"https:\/\/xenonkungen.com\/produkt\/luxtar-stellar-black-rad3-yellow\/#breadcrumb\",\"itemListElement\":[{\"@type\":\"ListItem\",\"position\":1,\"name\":\"Hem\",\"item\":\"https:\/\/xenonkungen.com\/\"},{\"@type\":\"ListItem\",\"position\":2,\"name\":\"Shop\",\"item\":\"https:\/\/xenonkungen.com\/shop\/\"},{\"@type\":\"ListItem\",\"position\":3,\"name\":\"Luxtar Stellar Black RAD3 | Yellow\"}]},{\"@type\":\"WebSite\",\"@id\":\"https:\/\/xenonkungen.com\/#website\",\"url\":\"https:\/\/xenonkungen.com\/\",\"name\":\"Xenonkungen\",\"description\":\"\",\"potentialAction\":[{\"@type\":\"SearchAction\",\"target\":{\"@type\":\"EntryPoint\",\"urlTemplate\":\"https:\/\/xenonkungen.com\/?s={search_term_string}\"},\"query-input\":{\"@type\":\"PropertyValueSpecification\",\"valueRequired\":true,\"valueName\":\"search_term_string\"}}],\"inLanguage\":\"da-DK\"}]}<\/script>\n<!-- \/ Yoast SEO plugin. -->","yoast_head_json":{"title":"Luxtar Stellar Black RAD3 | Gul - Xenon-kongen","robots":{"index":"index","follow":"follow","max-snippet":"max-snippet:-1","max-image-preview":"max-image-preview:large","max-video-preview":"max-video-preview:-1"},"canonical":"https:\/\/xenonkungen.com\/dk\/vare\/luxtar-stellar-black-rad3-gul\/","og_locale":"da_DK","og_type":"article","og_title":"Luxtar Stellar Black RAD3 | Yellow - Xenonkungen","og_description":"Uppt\u00e4ck ultimat belysning med Luxtar Stellar Black RAD3 | Yellow. Utrustad med 20 Osram-dioder och 12 200 lumen, erbjuder den brett ljusf\u00e4lt, dynamisk uppstartsfunktion och v\u00e4dert\u00e5lig h\u00e5llbarhet. Perfekt f\u00f6r maximal sikt och s\u00e4kerhet p\u00e5 v\u00e4gen.","og_url":"https:\/\/xenonkungen.com\/dk\/vare\/luxtar-stellar-black-rad3-gul\/","og_site_name":"Xenonkungen","article_modified_time":"2026-04-07T02:42:10+00:00","og_image":[{"width":1000,"height":1000,"url":"https:\/\/xenonkungen.com\/wp-content\/uploads\/2025\/05\/XX-Stellar3-2.png","type":"image\/png"}],"twitter_card":"summary_large_image","twitter_misc":{"Estimeret l\u00e6setid":"2 minutter"},"schema":{"@context":"https:\/\/schema.org","@graph":[{"@type":"WebPage","@id":"https:\/\/xenonkungen.com\/produkt\/luxtar-stellar-black-rad3-yellow\/","url":"https:\/\/xenonkungen.com\/produkt\/luxtar-stellar-black-rad3-yellow\/","name":"Luxtar Stellar Black RAD3 | Gul - Xenon-kongen","isPartOf":{"@id":"https:\/\/xenonkungen.com\/#website"},"primaryImageOfPage":{"@id":"https:\/\/xenonkungen.com\/produkt\/luxtar-stellar-black-rad3-yellow\/#primaryimage"},"image":{"@id":"https:\/\/xenonkungen.com\/produkt\/luxtar-stellar-black-rad3-yellow\/#primaryimage"},"thumbnailUrl":"https:\/\/xenonkungen.com\/wp-content\/uploads\/2025\/05\/XX-Stellar3-2.png","datePublished":"2025-05-20T07:50:25+00:00","dateModified":"2026-04-07T02:42:10+00:00","breadcrumb":{"@id":"https:\/\/xenonkungen.com\/produkt\/luxtar-stellar-black-rad3-yellow\/#breadcrumb"},"inLanguage":"da-DK","potentialAction":[{"@type":"ReadAction","target":["https:\/\/xenonkungen.com\/produkt\/luxtar-stellar-black-rad3-yellow\/"]}]},{"@type":"ImageObject","inLanguage":"da-DK","@id":"https:\/\/xenonkungen.com\/produkt\/luxtar-stellar-black-rad3-yellow\/#primaryimage","url":"https:\/\/xenonkungen.com\/wp-content\/uploads\/2025\/05\/XX-Stellar3-2.png","contentUrl":"https:\/\/xenonkungen.com\/wp-content\/uploads\/2025\/05\/XX-Stellar3-2.png","width":1000,"height":1000},{"@type":"BreadcrumbList","@id":"https:\/\/xenonkungen.com\/produkt\/luxtar-stellar-black-rad3-yellow\/#breadcrumb","itemListElement":[{"@type":"ListItem","position":1,"name":"Hem","item":"https:\/\/xenonkungen.com\/"},{"@type":"ListItem","position":2,"name":"Shop","item":"https:\/\/xenonkungen.com\/shop\/"},{"@type":"ListItem","position":3,"name":"Luxtar Stellar Black RAD3 | Yellow"}]},{"@type":"WebSite","@id":"https:\/\/xenonkungen.com\/#website","url":"https:\/\/xenonkungen.com\/","name":"Xenonkungen","description":"","potentialAction":[{"@type":"SearchAction","target":{"@type":"EntryPoint","urlTemplate":"https:\/\/xenonkungen.com\/?s={search_term_string}"},"query-input":{"@type":"PropertyValueSpecification","valueRequired":true,"valueName":"search_term_string"}}],"inLanguage":"da-DK"}]}},"taxonomy_info":{"anvandningsomrade":[{"value":207,"label":"Husbil"},{"value":166,"label":"Lastbil"},{"value":167,"label":"PERSONBIL"},{"value":1915,"label":"Sk\u00e5pbil"}],"bilmarken":[{"value":168,"label":"Alla"}],"product_brand":[{"value":103,"label":"LUXTAR"}],"product_cat":[{"value":2826,"label":"LUXTAR"},{"value":2820,"label":"Luxtar - Paketl\u00f6sningar"},{"value":1859,"label":"Extraljuspaket"}],"product_tag":[{"value":2726,"label":"produktpaket"}],"pa_faktisk-effekts-forbrukning":[{"value":175,"label":"120"}],"pa_fargtemperatur":[{"value":1117,"label":"Yellow"}],"pa_fuktskydd-varde-ipxx":[{"value":177,"label":"IP68"}],"pa_godkannande":[{"value":2187,"label":"E marked , R112 , R10 , R148 , R149"}],"pa_lampsockel-kontakt":[{"value":404,"label":"DT4"}],"pa_ljusbild":[{"value":178,"label":"Driving"}],"pa_storlek-mm":[{"value":2185,"label":"229x226x90"}],"pa_stromforbrukning":[{"value":180,"label":"5A @24V"},{"value":179,"label":"8,8A @13,7V"}],"pa_volt-v":[{"value":2186,"label":"9, 12, 24, 32"}]},"featured_image_src_large":["https:\/\/xenonkungen.com\/wp-content\/uploads\/2025\/05\/XX-Stellar3-2.png",1000,1000,false],"author_info":[],"comment_info":0,"_links":{"self":[{"href":"https:\/\/xenonkungen.com\/dk\/wp-json\/wp\/v2\/product\/9252","targetHints":{"allow":["GET"]}}],"collection":[{"href":"https:\/\/xenonkungen.com\/dk\/wp-json\/wp\/v2\/product"}],"about":[{"href":"https:\/\/xenonkungen.com\/dk\/wp-json\/wp\/v2\/types\/product"}],"replies":[{"embeddable":true,"href":"https:\/\/xenonkungen.com\/dk\/wp-json\/wp\/v2\/comments?post=9252"}],"wp:featuredmedia":[{"embeddable":true,"href":"https:\/\/xenonkungen.com\/dk\/wp-json\/wp\/v2\/media\/10266"}],"wp:attachment":[{"href":"https:\/\/xenonkungen.com\/dk\/wp-json\/wp\/v2\/media?parent=9252"}],"wp:term":[{"taxonomy":"anvandningsomrade","embeddable":true,"href":"https:\/\/xenonkungen.com\/dk\/wp-json\/wp\/v2\/anvandningsomrade?post=9252"},{"taxonomy":"bilmarken","embeddable":true,"href":"https:\/\/xenonkungen.com\/dk\/wp-json\/wp\/v2\/bilmarken?post=9252"},{"taxonomy":"product_brand","embeddable":true,"href":"https:\/\/xenonkungen.com\/dk\/wp-json\/wp\/v2\/product_brand?post=9252"},{"taxonomy":"product_cat","embeddable":true,"href":"https:\/\/xenonkungen.com\/dk\/wp-json\/wp\/v2\/product_cat?post=9252"},{"taxonomy":"product_tag","embeddable":true,"href":"https:\/\/xenonkungen.com\/dk\/wp-json\/wp\/v2\/product_tag?post=9252"}],"curies":[{"name":"wp","href":"https:\/\/api.w.org\/{rel}","templated":true}]}}