{"id":9283,"date":"2025-05-20T07:52:56","date_gmt":"2025-05-20T07:52:56","guid":{"rendered":"https:\/\/xenonkungen.com\/product\/luxtar-stellar-black-rad5-yellow-canbus\/"},"modified":"2026-04-17T16:21:07","modified_gmt":"2026-04-17T15:21:07","slug":"luxtar-stellar-sort-rad5-gul-canbus","status":"publish","type":"product","link":"https:\/\/xenonkungen.com\/dk\/vare\/luxtar-stellar-sort-rad5-gul-canbus\/","title":{"rendered":"Luxtar Stellar Black RAD5 | Yellow &gt;&gt;CANBUS<<"},"content":{"rendered":"<h2>Luxtar Stellar Black RAD5 CANBUS | Yellow - Belysning i verdensklasse med smart teknologi<\/h2>\n<p>Oplev en ny dimension af ekstra lys med <strong>Luxtar Stellar Black RAD5 CANBUS | Yellow<\/strong>\u00a0- udviklet til dem, der ikke g\u00e5r p\u00e5 kompromis med ydeevne, design eller sikkerhed. Med sine 20 kraftige Osram-dioder og en imponerende lysstr\u00f8m p\u00e5 <strong>12 200 lumen<\/strong> Det g\u00f8r nat til dag og giver uovertruffen synlighed p\u00e5 vejen.<\/p>\n<ul>\n<li>Omfang: <strong>1 lux @ 790 m \/ R112: 1 lux @ 460 m<\/strong><\/li>\n<li><strong>12 200 faktiske lumen<\/strong> for overlegen lysstyrke<\/li>\n<li><strong>Boost-funktion<\/strong> for ekstra lyskraft, n\u00e5r det er n\u00f8dvendigt<\/li>\n<li><strong>Dynamisk opstartsfunktion<\/strong> med justerbart hvidt eller orange positionslys<\/li>\n<li>Ubrydelig polykarbonatlinse for ekstrem holdbarhed<\/li>\n<li><strong>CANBUS-kompatibel<\/strong> for problemfri installation<\/li>\n<li><strong>E-autoriseret<\/strong> og sikker at bruge p\u00e5 vejene<\/li>\n<\/ul>\n<h3>Bredt og skarpt lys, hvor du har brug for det<\/h3>\n<p>Den sofistikerede <strong>Rutschebanen til fjernlyset<\/strong> spreder lyset bredt ud over vejen og oplyser ogs\u00e5 vejens kanter, s\u00e5 du kan f\u00e5 \u00f8je p\u00e5 farer i god tid. Med en r\u00e6kkevidde p\u00e5 op til <strong>1 lux ved 790 meter<\/strong> og en velafbalanceret farvetemperatur p\u00e5 <strong>5500K<\/strong>f\u00e5r du en behagelig, klar belysning, der er let at se p\u00e5 og perfekt til b\u00e5de on-road k\u00f8rsel og off-road eventyr.<\/p>\n<h3>Dynamisk elegance<\/h3>\n<p>Med den unikke <strong>Dynamiske opstartsfunktioner<\/strong> tilbud Luxtar Stellar Black RAD5<strong> | Gul<\/strong> et spektakul\u00e6rt lysshow, hver gang du starter din bil. V\u00e6lg mellem en stilfuld <strong>hvidt positionslys<\/strong> eller en i\u00f8jnefaldende <strong>orange lys<\/strong>og giver dit k\u00f8ret\u00f8j et eksklusivt look. Den baggrundsbelyste reflektor giver ogs\u00e5 et imponerende visuelt indtryk b\u00e5de i m\u00f8rke og i dagslys.<\/p>\n<h3>Bygget til at pr\u00e6stere - uanset vejret<\/h3>\n<p>Takket v\u00e6re <strong>Ubrydelige linser af polykarbonat<\/strong> og en glat, rammel\u00f8s front undg\u00e5r lampen opbygning af sne og is, hvilket sikrer optimal ydeevne selv under barske forhold. <strong>Boost-funktioner<\/strong> giver ogs\u00e5 ekstra lysstyrke, n\u00e5r det er n\u00f8dvendigt, perfekt til de mest kr\u00e6vende k\u00f8rselsmilj\u00f8er.<\/p>\n<h3>CANBUS-kompatibel og E-godkendt<\/h3>\n<p>Med <strong>CANBUS-teknologi<\/strong> integreret, undg\u00e5r du fejlmeddelelser og interferens med bilens elektroniske system, hvilket g\u00f8r installationen nem og problemfri. Lampen er <strong>E-autoriseret<\/strong>hvilket betyder, at den er lovlig at bruge p\u00e5 offentlige veje, og den leveres med <strong>3 \u00e5rs garanti<\/strong> for maksimal sikkerhed.<\/p>\n<p>For at sikre optimal signaloverf\u00f8rsel og ydeevne anbefaler vi <strong>103179XR-DT Kabels\u00e6t<\/strong> til <strong>XBB Power Unit - DT<\/strong> som signalkabel. Dette kabels\u00e6t af h\u00f8j kvalitet giver robuste og p\u00e5lidelige forbindelser, der er specielt designet til at opfylde kravene i barske milj\u00f8er.<\/p>\n<h2><a href=\"https:\/\/xenonkungen.com\/wp-content\/uploads\/2025\/10\/XBB-Canbus-over-15A-inkoppling.pdf\">Klik her for at se ledningsdiagrammet, ledningsnet til dobbeltrel\u00e6er med XBB\u00a0<\/a><\/h2>","protected":false},"excerpt":{"rendered":"<p>Oplev det ultimative inden for ekstra belysning med Luxtar Stellar Black RAD5 CANBUS | Yellow. Udstyret med 20 kraftige Osram-dioder og 12.200 lumen for maksimal lysstyrke giver den overlegen ydeevne, sikkerhed og stil - perfekt til alle vejforhold og milj\u00f8er.<\/p>","protected":false},"featured_media":10290,"comment_status":"closed","ping_status":"closed","template":"","meta":{"_acf_changed":false,"_smort_price_nok":"12984","_smort_price_dkk":"10311","_smort_price_eur":"1381.3","_smort_sale_price_nok":"12984","_smort_sale_price_dkk":"","_smort_sale_price_eur":"","smort_restorder":"","shipmondo_restorder":"","_kad_blocks_custom_css":"","_kad_blocks_head_custom_js":"","_kad_blocks_body_custom_js":"","_kad_blocks_footer_custom_js":"","smort_custom_pricelist_1":"9724.8","smort_custom_pricelist_2":"8509.2","smort_custom_pricelist_3":"7901.4","smort_custom_pricelist_4":"12156","smort_custom_pricelist_5":"8509.2"},"anvandningsomrade":[207,166,167,1915],"bilmarken":[168],"product_brand":[103],"product_cat":[2826,2820,1859],"product_tag":[2726],"class_list":{"0":"post-9283","1":"product","2":"type-product","3":"status-publish","4":"has-post-thumbnail","6":"anvandningsomrade-husbil","7":"anvandningsomrade-lastbil","8":"anvandningsomrade-personbil","9":"anvandningsomrade-skapbil","10":"bilmarken-alla","11":"product_brand-luxtar","12":"product_cat-luxtar","13":"product_cat-luxtar-paketlosningar","14":"product_cat-extraljuspaket","15":"product_tag-produktpaket","16":"pa_faktisk-effekts-forbrukning-175","17":"pa_fargtemperatur-yellow","18":"pa_fuktskydd-varde-ipxx-ip68","19":"pa_godkannande-e-marked-r112-r10-r148-r149","20":"pa_lampsockel-kontakt-dt4","21":"pa_ljusbild-driving","22":"pa_storlek-mm-229x226x90","23":"pa_stromforbrukning-5a-24v","24":"pa_stromforbrukning-88a-137v","25":"pa_volt-v-9-12-24-32","27":"first","28":"onbackorder","29":"sale","30":"taxable","31":"shipping-taxable","32":"purchasable","33":"product-type-bundle"},"bundled_by":[],"bundle_stock_status":"instock","bundle_stock_quantity":"","bundle_virtual":false,"bundle_layout":"default","bundle_add_to_cart_form_location":"default","bundle_editable_in_cart":false,"bundle_sold_individually_context":"product","bundle_item_grouping":"parent","bundle_min_size":"","bundle_max_size":"","bundle_price":{"price":{"min":{"incl_tax":"8248.54","excl_tax":"6598.826153952"},"max":{"incl_tax":"8248.54","excl_tax":"6598.826153952"}},"regular_price":{"min":{"incl_tax":"10310.66","excl_tax":"8248.53269244"},"max":{"incl_tax":"10310.66","excl_tax":"8248.53269244"}}},"bundled_items":[{"bundled_item_id":101,"product_id":1067,"menu_order":0,"quantity_min":1,"quantity_max":1,"quantity_default":1,"priced_individually":false,"shipped_individually":false,"override_title":false,"title":"Luxtar Rel\u00e6-kabels\u00e6t DT-4 X1 12V 80A Rel\u00e6","override_description":false,"description":"","optional":false,"hide_thumbnail":false,"discount":"","override_variations":false,"allowed_variations":[],"override_default_variation_attributes":false,"default_variation_attributes":[],"single_product_visibility":"visible","cart_visibility":"visible","order_visibility":"visible","single_product_price_visibility":"visible","cart_price_visibility":"visible","order_price_visibility":"visible","stock_status":"in_stock"},{"bundled_item_id":102,"product_id":1056,"menu_order":1,"quantity_min":1,"quantity_max":1,"quantity_default":1,"priced_individually":false,"shipped_individually":false,"override_title":false,"title":"Luxtar Rel\u00e6-kabels\u00e6t DT-4 X4 12V 80A Rel\u00e6","override_description":false,"description":"","optional":false,"hide_thumbnail":false,"discount":"","override_variations":false,"allowed_variations":[],"override_default_variation_attributes":false,"default_variation_attributes":[],"single_product_visibility":"visible","cart_visibility":"visible","order_visibility":"visible","single_product_price_visibility":"visible","cart_price_visibility":"visible","order_price_visibility":"visible","stock_status":"in_stock"},{"bundled_item_id":103,"product_id":2722,"menu_order":2,"quantity_min":1,"quantity_max":1,"quantity_default":1,"priced_individually":false,"shipped_individually":false,"override_title":false,"title":"Ekstra lysbeslag til 5 stk. 225 mm | 9&quot; Rally five","override_description":false,"description":"","optional":false,"hide_thumbnail":false,"discount":"","override_variations":false,"allowed_variations":[],"override_default_variation_attributes":false,"default_variation_attributes":[],"single_product_visibility":"visible","cart_visibility":"visible","order_visibility":"visible","single_product_price_visibility":"visible","cart_price_visibility":"visible","order_price_visibility":"visible","stock_status":"in_stock"},{"bundled_item_id":104,"product_id":1538,"menu_order":3,"quantity_min":1,"quantity_max":1,"quantity_default":1,"priced_individually":false,"shipped_individually":false,"override_title":false,"title":"XBB OBD-II Dongle + PowerUnit","override_description":false,"description":"","optional":false,"hide_thumbnail":false,"discount":"","override_variations":false,"allowed_variations":[],"override_default_variation_attributes":false,"default_variation_attributes":[],"single_product_visibility":"visible","cart_visibility":"visible","order_visibility":"visible","single_product_price_visibility":"visible","cart_price_visibility":"visible","order_price_visibility":"visible","stock_status":"on_backorder"},{"bundled_item_id":105,"product_id":2605,"menu_order":4,"quantity_min":1,"quantity_max":1,"quantity_default":1,"priced_individually":false,"shipped_individually":false,"override_title":false,"title":"Kabels\u00e6t til XBB str\u00f8mforsyning - DT","override_description":false,"description":"","optional":false,"hide_thumbnail":false,"discount":"","override_variations":false,"allowed_variations":[],"override_default_variation_attributes":false,"default_variation_attributes":[],"single_product_visibility":"visible","cart_visibility":"visible","order_visibility":"visible","single_product_price_visibility":"visible","cart_price_visibility":"visible","order_price_visibility":"visible","stock_status":"in_stock"}],"bundle_sell_ids":[],"acf":[],"yoast_head":"<!-- This site is optimized with the Yoast SEO plugin v27.0 - https:\/\/yoast.com\/product\/yoast-seo-wordpress\/ -->\n<title>Luxtar Stellar Black RAD5 | Yellow &gt;&gt;CANBUS<\/title>\n<meta name=\"robots\" content=\"index, follow, max-snippet:-1, max-image-preview:large, max-video-preview:-1\" \/>\n<link rel=\"canonical\" href=\"https:\/\/xenonkungen.com\/dk\/vare\/luxtar-stellar-sort-rad5-gul-canbus\/\" \/>\n<meta property=\"og:locale\" content=\"da_DK\" \/>\n<meta property=\"og:type\" content=\"article\" \/>\n<meta property=\"og:title\" content=\"Luxtar Stellar Black RAD5 | Yellow &gt;&gt;CANBUS\" \/>\n<meta property=\"og:description\" content=\"Uppt\u00e4ck den ultimata extrabelysningen med Luxtar Stellar Black RAD5 CANBUS\u00a0| Yellow. Utrustad med 20 kraftfulla Osram-dioder och 12 200 lumen f\u00f6r maximal ljusstyrka, erbjuder den \u00f6verl\u00e4gsen prestanda, s\u00e4kerhet och stil \u2013 perfekt f\u00f6r alla v\u00e4gf\u00f6rh\u00e5llanden och milj\u00f6er.\" \/>\n<meta property=\"og:url\" content=\"https:\/\/xenonkungen.com\/dk\/vare\/luxtar-stellar-sort-rad5-gul-canbus\/\" \/>\n<meta property=\"og:site_name\" content=\"Xenonkungen\" \/>\n<meta property=\"article:modified_time\" content=\"2026-04-17T15:21:07+00:00\" \/>\n<meta property=\"og:image\" content=\"https:\/\/xenonkungen.com\/wp-content\/uploads\/2025\/05\/XXC-Stellar5.png\" \/>\n\t<meta property=\"og:image:width\" content=\"1000\" \/>\n\t<meta property=\"og:image:height\" content=\"1000\" \/>\n\t<meta property=\"og:image:type\" content=\"image\/png\" \/>\n<meta name=\"twitter:card\" content=\"summary_large_image\" \/>\n<meta name=\"twitter:label1\" content=\"Estimeret l\u00e6setid\" \/>\n\t<meta name=\"twitter:data1\" content=\"3 minutter\" \/>\n<script type=\"application\/ld+json\" class=\"yoast-schema-graph\">{\"@context\":\"https:\/\/schema.org\",\"@graph\":[{\"@type\":\"WebPage\",\"@id\":\"https:\/\/xenonkungen.com\/produkt\/luxtar-stellar-black-rad5-yellow-canbus\/\",\"url\":\"https:\/\/xenonkungen.com\/produkt\/luxtar-stellar-black-rad5-yellow-canbus\/\",\"name\":\"Luxtar Stellar Black RAD5 | Yellow >>CANBUS\",\"isPartOf\":{\"@id\":\"https:\/\/xenonkungen.com\/#website\"},\"primaryImageOfPage\":{\"@id\":\"https:\/\/xenonkungen.com\/produkt\/luxtar-stellar-black-rad5-yellow-canbus\/#primaryimage\"},\"image\":{\"@id\":\"https:\/\/xenonkungen.com\/produkt\/luxtar-stellar-black-rad5-yellow-canbus\/#primaryimage\"},\"thumbnailUrl\":\"https:\/\/xenonkungen.com\/wp-content\/uploads\/2025\/05\/XXC-Stellar5.png\",\"datePublished\":\"2025-05-20T07:52:56+00:00\",\"dateModified\":\"2026-04-17T15:21:07+00:00\",\"breadcrumb\":{\"@id\":\"https:\/\/xenonkungen.com\/produkt\/luxtar-stellar-black-rad5-yellow-canbus\/#breadcrumb\"},\"inLanguage\":\"da-DK\",\"potentialAction\":[{\"@type\":\"ReadAction\",\"target\":[\"https:\/\/xenonkungen.com\/produkt\/luxtar-stellar-black-rad5-yellow-canbus\/\"]}]},{\"@type\":\"ImageObject\",\"inLanguage\":\"da-DK\",\"@id\":\"https:\/\/xenonkungen.com\/produkt\/luxtar-stellar-black-rad5-yellow-canbus\/#primaryimage\",\"url\":\"https:\/\/xenonkungen.com\/wp-content\/uploads\/2025\/05\/XXC-Stellar5.png\",\"contentUrl\":\"https:\/\/xenonkungen.com\/wp-content\/uploads\/2025\/05\/XXC-Stellar5.png\",\"width\":1000,\"height\":1000},{\"@type\":\"BreadcrumbList\",\"@id\":\"https:\/\/xenonkungen.com\/produkt\/luxtar-stellar-black-rad5-yellow-canbus\/#breadcrumb\",\"itemListElement\":[{\"@type\":\"ListItem\",\"position\":1,\"name\":\"Hem\",\"item\":\"https:\/\/xenonkungen.com\/\"},{\"@type\":\"ListItem\",\"position\":2,\"name\":\"Shop\",\"item\":\"https:\/\/xenonkungen.com\/shop\/\"},{\"@type\":\"ListItem\",\"position\":3,\"name\":\"Luxtar Stellar Black RAD5 | Yellow >>CANBUS\"}]},{\"@type\":\"WebSite\",\"@id\":\"https:\/\/xenonkungen.com\/#website\",\"url\":\"https:\/\/xenonkungen.com\/\",\"name\":\"Xenonkungen\",\"description\":\"\",\"potentialAction\":[{\"@type\":\"SearchAction\",\"target\":{\"@type\":\"EntryPoint\",\"urlTemplate\":\"https:\/\/xenonkungen.com\/?s={search_term_string}\"},\"query-input\":{\"@type\":\"PropertyValueSpecification\",\"valueRequired\":true,\"valueName\":\"search_term_string\"}}],\"inLanguage\":\"da-DK\"}]}<\/script>\n<!-- \/ Yoast SEO plugin. -->","yoast_head_json":{"title":"Luxtar Stellar Black RAD5 | Yellow &gt;&gt;CANBUS","robots":{"index":"index","follow":"follow","max-snippet":"max-snippet:-1","max-image-preview":"max-image-preview:large","max-video-preview":"max-video-preview:-1"},"canonical":"https:\/\/xenonkungen.com\/dk\/vare\/luxtar-stellar-sort-rad5-gul-canbus\/","og_locale":"da_DK","og_type":"article","og_title":"Luxtar Stellar Black RAD5 | Yellow >>CANBUS","og_description":"Uppt\u00e4ck den ultimata extrabelysningen med Luxtar Stellar Black RAD5 CANBUS\u00a0| Yellow. Utrustad med 20 kraftfulla Osram-dioder och 12 200 lumen f\u00f6r maximal ljusstyrka, erbjuder den \u00f6verl\u00e4gsen prestanda, s\u00e4kerhet och stil \u2013 perfekt f\u00f6r alla v\u00e4gf\u00f6rh\u00e5llanden och milj\u00f6er.","og_url":"https:\/\/xenonkungen.com\/dk\/vare\/luxtar-stellar-sort-rad5-gul-canbus\/","og_site_name":"Xenonkungen","article_modified_time":"2026-04-17T15:21:07+00:00","og_image":[{"width":1000,"height":1000,"url":"https:\/\/xenonkungen.com\/wp-content\/uploads\/2025\/05\/XXC-Stellar5.png","type":"image\/png"}],"twitter_card":"summary_large_image","twitter_misc":{"Estimeret l\u00e6setid":"3 minutter"},"schema":{"@context":"https:\/\/schema.org","@graph":[{"@type":"WebPage","@id":"https:\/\/xenonkungen.com\/produkt\/luxtar-stellar-black-rad5-yellow-canbus\/","url":"https:\/\/xenonkungen.com\/produkt\/luxtar-stellar-black-rad5-yellow-canbus\/","name":"Luxtar Stellar Black RAD5 | Yellow &gt;&gt;CANBUS","isPartOf":{"@id":"https:\/\/xenonkungen.com\/#website"},"primaryImageOfPage":{"@id":"https:\/\/xenonkungen.com\/produkt\/luxtar-stellar-black-rad5-yellow-canbus\/#primaryimage"},"image":{"@id":"https:\/\/xenonkungen.com\/produkt\/luxtar-stellar-black-rad5-yellow-canbus\/#primaryimage"},"thumbnailUrl":"https:\/\/xenonkungen.com\/wp-content\/uploads\/2025\/05\/XXC-Stellar5.png","datePublished":"2025-05-20T07:52:56+00:00","dateModified":"2026-04-17T15:21:07+00:00","breadcrumb":{"@id":"https:\/\/xenonkungen.com\/produkt\/luxtar-stellar-black-rad5-yellow-canbus\/#breadcrumb"},"inLanguage":"da-DK","potentialAction":[{"@type":"ReadAction","target":["https:\/\/xenonkungen.com\/produkt\/luxtar-stellar-black-rad5-yellow-canbus\/"]}]},{"@type":"ImageObject","inLanguage":"da-DK","@id":"https:\/\/xenonkungen.com\/produkt\/luxtar-stellar-black-rad5-yellow-canbus\/#primaryimage","url":"https:\/\/xenonkungen.com\/wp-content\/uploads\/2025\/05\/XXC-Stellar5.png","contentUrl":"https:\/\/xenonkungen.com\/wp-content\/uploads\/2025\/05\/XXC-Stellar5.png","width":1000,"height":1000},{"@type":"BreadcrumbList","@id":"https:\/\/xenonkungen.com\/produkt\/luxtar-stellar-black-rad5-yellow-canbus\/#breadcrumb","itemListElement":[{"@type":"ListItem","position":1,"name":"Hem","item":"https:\/\/xenonkungen.com\/"},{"@type":"ListItem","position":2,"name":"Shop","item":"https:\/\/xenonkungen.com\/shop\/"},{"@type":"ListItem","position":3,"name":"Luxtar Stellar Black RAD5 | Yellow >>CANBUS"}]},{"@type":"WebSite","@id":"https:\/\/xenonkungen.com\/#website","url":"https:\/\/xenonkungen.com\/","name":"Xenonkungen","description":"","potentialAction":[{"@type":"SearchAction","target":{"@type":"EntryPoint","urlTemplate":"https:\/\/xenonkungen.com\/?s={search_term_string}"},"query-input":{"@type":"PropertyValueSpecification","valueRequired":true,"valueName":"search_term_string"}}],"inLanguage":"da-DK"}]}},"taxonomy_info":{"anvandningsomrade":[{"value":207,"label":"Husbil"},{"value":166,"label":"Lastbil"},{"value":167,"label":"PERSONBIL"},{"value":1915,"label":"Sk\u00e5pbil"}],"bilmarken":[{"value":168,"label":"Alla"}],"product_brand":[{"value":103,"label":"LUXTAR"}],"product_cat":[{"value":2826,"label":"LUXTAR"},{"value":2820,"label":"Luxtar - Paketl\u00f6sningar"},{"value":1859,"label":"Extraljuspaket"}],"product_tag":[{"value":2726,"label":"produktpaket"}],"pa_faktisk-effekts-forbrukning":[{"value":175,"label":"120"}],"pa_fargtemperatur":[{"value":1117,"label":"Yellow"}],"pa_fuktskydd-varde-ipxx":[{"value":177,"label":"IP68"}],"pa_godkannande":[{"value":2187,"label":"E marked , R112 , R10 , R148 , R149"}],"pa_lampsockel-kontakt":[{"value":404,"label":"DT4"}],"pa_ljusbild":[{"value":178,"label":"Driving"}],"pa_storlek-mm":[{"value":2185,"label":"229x226x90"}],"pa_stromforbrukning":[{"value":180,"label":"5A @24V"},{"value":179,"label":"8,8A @13,7V"}],"pa_volt-v":[{"value":2186,"label":"9, 12, 24, 32"}]},"featured_image_src_large":["https:\/\/xenonkungen.com\/wp-content\/uploads\/2025\/05\/XXC-Stellar5.png",1000,1000,false],"author_info":[],"comment_info":0,"_links":{"self":[{"href":"https:\/\/xenonkungen.com\/dk\/wp-json\/wp\/v2\/product\/9283","targetHints":{"allow":["GET"]}}],"collection":[{"href":"https:\/\/xenonkungen.com\/dk\/wp-json\/wp\/v2\/product"}],"about":[{"href":"https:\/\/xenonkungen.com\/dk\/wp-json\/wp\/v2\/types\/product"}],"replies":[{"embeddable":true,"href":"https:\/\/xenonkungen.com\/dk\/wp-json\/wp\/v2\/comments?post=9283"}],"wp:featuredmedia":[{"embeddable":true,"href":"https:\/\/xenonkungen.com\/dk\/wp-json\/wp\/v2\/media\/10290"}],"wp:attachment":[{"href":"https:\/\/xenonkungen.com\/dk\/wp-json\/wp\/v2\/media?parent=9283"}],"wp:term":[{"taxonomy":"anvandningsomrade","embeddable":true,"href":"https:\/\/xenonkungen.com\/dk\/wp-json\/wp\/v2\/anvandningsomrade?post=9283"},{"taxonomy":"bilmarken","embeddable":true,"href":"https:\/\/xenonkungen.com\/dk\/wp-json\/wp\/v2\/bilmarken?post=9283"},{"taxonomy":"product_brand","embeddable":true,"href":"https:\/\/xenonkungen.com\/dk\/wp-json\/wp\/v2\/product_brand?post=9283"},{"taxonomy":"product_cat","embeddable":true,"href":"https:\/\/xenonkungen.com\/dk\/wp-json\/wp\/v2\/product_cat?post=9283"},{"taxonomy":"product_tag","embeddable":true,"href":"https:\/\/xenonkungen.com\/dk\/wp-json\/wp\/v2\/product_tag?post=9283"}],"curies":[{"name":"wp","href":"https:\/\/api.w.org\/{rel}","templated":true}]}}