{"id":9393,"date":"2025-05-20T07:56:30","date_gmt":"2025-05-20T07:56:30","guid":{"rendered":"https:\/\/xenonkungen.com\/product\/w-light-phoenix-w9-dark-rad5-yellow\/"},"modified":"2026-05-13T16:00:27","modified_gmt":"2026-05-13T15:00:27","slug":"w-lys-phoenix-w9-mork-rad5-gul","status":"publish","type":"product","link":"https:\/\/xenonkungen.com\/dk\/vare\/w-lys-phoenix-w9-mork-rad5-gul\/","title":{"rendered":"W-Light Phoenix W9 DARK RAD5 | Gul"},"content":{"rendered":"<h1>Phoenix Rally 5 | Gul pakke<\/h1>\n<p><strong>Oplev uovertruffen belysning med Phoenix Rally 5 | Gul pakke<\/strong>, den ultimative l\u00f8sning til din bilbelysning. Denne pakke indeholder fem af W-Light W9 Phoenix 9 Dark Edition-lygterne.<strong> | Gul<\/strong> ekstra lygter, der er kendt for deres imponerende ydeevne og p\u00e5lidelighed, hvilket g\u00f8r dette til det perfekte valg for rallyk\u00f8rere og offroad-entusiaster.<\/p>\n<h2>Kraftfuld og p\u00e5lidelig belysning<\/h2>\n<p>Alle W9 Phoenix 9 Dark Edition<strong> | Gul<\/strong> lanterne giver enest\u00e5ende belysning med 160W og 12.300 lumen. Udstyret med 28 Osram LED-enheder af h\u00f8j kvalitet giver disse lanterner en imponerende r\u00e6kkevidde p\u00e5 1 lux ved 1076 meter. Med den <strong>hele pakken aktiveret<\/strong>du f\u00e5r en samlet lysstyrke p\u00e5 utrolig <strong>61.500 lumen<\/strong>Perfekt til at oplyse vejen forude under de mest kr\u00e6vende forhold.<\/p>\n<h2>Robust og kan tilpasses<\/h2>\n<p>Lanternerne leveres med et stabiliseringsbeslag og skruehuller til stivere, som sikrer, at lanternen sidder godt fast selv under h\u00e5rde forhold. DT-stikket giver en sikker og stabil forbindelse, hvilket er afg\u00f8rende i barske rallymilj\u00f8er.<\/p>\n<h2>Komplet pakke til \u00f8jeblikkelig opgradering<\/h2>\n<p>Phoenix Rally 5<strong> | Gul<\/strong> Pakkerne indeholder alt hvad du beh\u00f8ver til en komplet installation:<\/p>\n<ul>\n<li>5 x W9 Phoenix 9 M\u00f8rk Udgave<strong> | Gul<\/strong> Ekstralys<\/li>\n<li>Kabelf\u00f8ring<\/li>\n<li>Holder<\/li>\n<li>XBB-dongle+str\u00f8mforsyningsenhed<\/li>\n<\/ul>\n<h2>Garanti og support<\/h2>\n<p>Alle lys i Phoenix Rally 5<strong> | Gul<\/strong> Pakken er CE-m\u00e6rket og EMC-st\u00f8jbeskyttet og leveres med to \u00e5rs garanti, hvilket giver dig ro i sindet, n\u00e5r du udstyrer dit k\u00f8ret\u00f8j til eventyr.<\/p>\n<p><strong>Med Phoenix Rally 5 | Yellow-pakken kan du stole p\u00e5 en uovertruffen belysningsl\u00f8sning, der vil tage dine k\u00f8reoplevelser om natten til et helt nyt niveau. Bestil din pakke i dag og oplev forskellen!<\/strong><\/p>","protected":false},"excerpt":{"rendered":"<p>Phoenix Rally 5 | Yellow Paket Upplev o\u00f6vertr\u00e4ffad belysning med Phoenix Rally 5 | Yellow Paket, den ultimata l\u00f6sningen f\u00f6r din fordonsbelysning. Detta paket inneh\u00e5ller fem av W-Light W9 Phoenix 9 Dark Edition | Yellow extraljus, k\u00e4nda f\u00f6r sin imponerande prestanda och p\u00e5litlighet, vilket g\u00f6r detta till det perfekta valet f\u00f6r rallyf\u00f6rare och offroad-entusiaster. Kraftfull [&hellip;]<\/p>","protected":false},"featured_media":9945,"comment_status":"closed","ping_status":"closed","template":"","meta":{"_acf_changed":false,"_smort_price_nok":"11851","_smort_price_dkk":"7529","_smort_price_eur":"1008.59","_smort_sale_price_nok":"9481","_smort_sale_price_dkk":"","_smort_sale_price_eur":"806.87","smort_restorder":"","shipmondo_restorder":"","_kad_blocks_custom_css":"","_kad_blocks_head_custom_js":"","_kad_blocks_body_custom_js":"","_kad_blocks_footer_custom_js":"","smort_custom_pricelist_1":"7100.8","smort_custom_pricelist_2":"6213.2","smort_custom_pricelist_3":"5769.4","smort_custom_pricelist_4":"8876","smort_custom_pricelist_5":"6213.2"},"anvandningsomrade":[207,166,167,1915],"bilmarken":[168],"product_brand":[114],"product_cat":[1859],"product_tag":[2726],"class_list":{"0":"post-9393","1":"product","2":"type-product","3":"status-publish","4":"has-post-thumbnail","6":"anvandningsomrade-husbil","7":"anvandningsomrade-lastbil","8":"anvandningsomrade-personbil","9":"anvandningsomrade-skapbil","10":"bilmarken-alla","11":"product_brand-w-light","12":"product_cat-extraljuspaket","13":"product_tag-produktpaket","14":"pa_fargtemperatur-yellow","15":"pa_fuktskydd-varde-ipxx-ip68","16":"pa_godkannande-ce","17":"pa_lampsockel-kontakt-dt","18":"pa_led-chips-effekt-w-703","19":"pa_ljusbild-spot","20":"pa_storlek-mm-2446x227x80","21":"pa_stromforbrukning-1097a137v","22":"pa_volt-v-9-12-24-32","24":"first","25":"outofstock","26":"sale","27":"taxable","28":"shipping-taxable","29":"purchasable","30":"product-type-bundle"},"bundled_by":[],"bundle_stock_status":"outofstock","bundle_stock_quantity":0,"bundle_virtual":false,"bundle_layout":"default","bundle_add_to_cart_form_location":"default","bundle_editable_in_cart":false,"bundle_sold_individually_context":"product","bundle_item_grouping":"parent","bundle_min_size":"","bundle_max_size":"","bundle_price":{"price":{"min":{"incl_tax":"6022.86","excl_tax":"4818.293924192"},"max":{"incl_tax":"6022.86","excl_tax":"4818.293924192"}},"regular_price":{"min":{"incl_tax":"7528.59","excl_tax":"6022.86740524"},"max":{"incl_tax":"7528.59","excl_tax":"6022.86740524"}}},"bundled_items":[{"bundled_item_id":190,"product_id":1079,"menu_order":0,"quantity_min":1,"quantity_max":1,"quantity_default":1,"priced_individually":false,"shipped_individually":false,"override_title":false,"title":"Luxtar rel\u00e6kabel 2DT | 12V 60A","override_description":false,"description":"","optional":false,"hide_thumbnail":false,"discount":"","override_variations":false,"allowed_variations":[],"override_default_variation_attributes":false,"default_variation_attributes":[],"single_product_visibility":"visible","cart_visibility":"visible","order_visibility":"visible","single_product_price_visibility":"visible","cart_price_visibility":"visible","order_price_visibility":"visible","stock_status":"in_stock"},{"bundled_item_id":191,"product_id":1006,"menu_order":1,"quantity_min":1,"quantity_max":1,"quantity_default":1,"priced_individually":false,"shipped_individually":false,"override_title":false,"title":"Rel\u00e6kabels\u00e6t 3 stk Ekstra lys 12V|DT 60A","override_description":false,"description":"","optional":false,"hide_thumbnail":false,"discount":"","override_variations":false,"allowed_variations":[],"override_default_variation_attributes":false,"default_variation_attributes":[],"single_product_visibility":"visible","cart_visibility":"visible","order_visibility":"visible","single_product_price_visibility":"visible","cart_price_visibility":"visible","order_price_visibility":"visible","stock_status":"in_stock"},{"bundled_item_id":192,"product_id":2722,"menu_order":2,"quantity_min":1,"quantity_max":1,"quantity_default":1,"priced_individually":false,"shipped_individually":false,"override_title":false,"title":"Ekstra lysbeslag til 5 stk. 225 mm | 9&quot; Rally five","override_description":false,"description":"","optional":false,"hide_thumbnail":false,"discount":"","override_variations":false,"allowed_variations":[],"override_default_variation_attributes":false,"default_variation_attributes":[],"single_product_visibility":"visible","cart_visibility":"visible","order_visibility":"visible","single_product_price_visibility":"visible","cart_price_visibility":"visible","order_price_visibility":"visible","stock_status":"in_stock"},{"bundled_item_id":193,"product_id":1538,"menu_order":3,"quantity_min":1,"quantity_max":1,"quantity_default":1,"priced_individually":false,"shipped_individually":false,"override_title":false,"title":"XBB OBD-II Dongle + PowerUnit","override_description":false,"description":"","optional":false,"hide_thumbnail":false,"discount":"","override_variations":false,"allowed_variations":[],"override_default_variation_attributes":false,"default_variation_attributes":[],"single_product_visibility":"visible","cart_visibility":"visible","order_visibility":"visible","single_product_price_visibility":"visible","cart_price_visibility":"visible","order_price_visibility":"visible","stock_status":"on_backorder"},{"bundled_item_id":194,"product_id":2603,"menu_order":4,"quantity_min":1,"quantity_max":1,"quantity_default":1,"priced_individually":false,"shipped_individually":false,"override_title":false,"title":"Kabels\u00e6t til XBB Power Unit","override_description":false,"description":"","optional":false,"hide_thumbnail":false,"discount":"","override_variations":false,"allowed_variations":[],"override_default_variation_attributes":false,"default_variation_attributes":[],"single_product_visibility":"visible","cart_visibility":"visible","order_visibility":"visible","single_product_price_visibility":"visible","cart_price_visibility":"visible","order_price_visibility":"visible","stock_status":"on_backorder"}],"bundle_sell_ids":[],"acf":[],"yoast_head":"<!-- This site is optimized with the Yoast SEO plugin v27.0 - https:\/\/yoast.com\/product\/yoast-seo-wordpress\/ -->\n<title>W-Light Phoenix W9 DARK RAD5 | Yellow - Xenonkungen<\/title>\n<meta name=\"robots\" content=\"index, follow, max-snippet:-1, max-image-preview:large, max-video-preview:-1\" \/>\n<link rel=\"canonical\" href=\"https:\/\/xenonkungen.com\/dk\/vare\/w-lys-phoenix-w9-mork-rad5-gul\/\" \/>\n<meta property=\"og:locale\" content=\"da_DK\" \/>\n<meta property=\"og:type\" content=\"article\" \/>\n<meta property=\"og:title\" content=\"W-Light Phoenix W9 DARK RAD5 | Yellow - Xenonkungen\" \/>\n<meta property=\"og:description\" content=\"Phoenix Rally 5 | Yellow Paket Upplev o\u00f6vertr\u00e4ffad belysning med Phoenix Rally 5 | Yellow Paket, den ultimata l\u00f6sningen f\u00f6r din fordonsbelysning. Detta paket inneh\u00e5ller fem av W-Light W9 Phoenix 9 Dark Edition | Yellow extraljus, k\u00e4nda f\u00f6r sin imponerande prestanda och p\u00e5litlighet, vilket g\u00f6r detta till det perfekta valet f\u00f6r rallyf\u00f6rare och offroad-entusiaster. Kraftfull [&hellip;]\" \/>\n<meta property=\"og:url\" content=\"https:\/\/xenonkungen.com\/dk\/vare\/w-lys-phoenix-w9-mork-rad5-gul\/\" \/>\n<meta property=\"og:site_name\" content=\"Xenonkungen\" \/>\n<meta property=\"article:modified_time\" content=\"2026-05-13T15:00:27+00:00\" \/>\n<meta property=\"og:image\" content=\"https:\/\/xenonkungen.com\/wp-content\/uploads\/2025\/05\/W9-x5-1-1024x1024.png\" \/>\n\t<meta property=\"og:image:width\" content=\"1024\" \/>\n\t<meta property=\"og:image:height\" content=\"1024\" \/>\n\t<meta property=\"og:image:type\" content=\"image\/png\" \/>\n<meta name=\"twitter:card\" content=\"summary_large_image\" \/>\n<meta name=\"twitter:label1\" content=\"Estimeret l\u00e6setid\" \/>\n\t<meta name=\"twitter:data1\" content=\"2 minutter\" \/>\n<script type=\"application\/ld+json\" class=\"yoast-schema-graph\">{\"@context\":\"https:\/\/schema.org\",\"@graph\":[{\"@type\":\"WebPage\",\"@id\":\"https:\/\/xenonkungen.com\/produkt\/w-light-phoenix-w9-dark-rad5-yellow\/\",\"url\":\"https:\/\/xenonkungen.com\/produkt\/w-light-phoenix-w9-dark-rad5-yellow\/\",\"name\":\"W-Light Phoenix W9 DARK RAD5 | Yellow - Xenonkungen\",\"isPartOf\":{\"@id\":\"https:\/\/xenonkungen.com\/#website\"},\"primaryImageOfPage\":{\"@id\":\"https:\/\/xenonkungen.com\/produkt\/w-light-phoenix-w9-dark-rad5-yellow\/#primaryimage\"},\"image\":{\"@id\":\"https:\/\/xenonkungen.com\/produkt\/w-light-phoenix-w9-dark-rad5-yellow\/#primaryimage\"},\"thumbnailUrl\":\"https:\/\/xenonkungen.com\/wp-content\/uploads\/2025\/05\/W9-x5-1.png\",\"datePublished\":\"2025-05-20T07:56:30+00:00\",\"dateModified\":\"2026-05-13T15:00:27+00:00\",\"breadcrumb\":{\"@id\":\"https:\/\/xenonkungen.com\/produkt\/w-light-phoenix-w9-dark-rad5-yellow\/#breadcrumb\"},\"inLanguage\":\"da-DK\",\"potentialAction\":[{\"@type\":\"ReadAction\",\"target\":[\"https:\/\/xenonkungen.com\/produkt\/w-light-phoenix-w9-dark-rad5-yellow\/\"]}]},{\"@type\":\"ImageObject\",\"inLanguage\":\"da-DK\",\"@id\":\"https:\/\/xenonkungen.com\/produkt\/w-light-phoenix-w9-dark-rad5-yellow\/#primaryimage\",\"url\":\"https:\/\/xenonkungen.com\/wp-content\/uploads\/2025\/05\/W9-x5-1.png\",\"contentUrl\":\"https:\/\/xenonkungen.com\/wp-content\/uploads\/2025\/05\/W9-x5-1.png\",\"width\":2000,\"height\":2000},{\"@type\":\"BreadcrumbList\",\"@id\":\"https:\/\/xenonkungen.com\/produkt\/w-light-phoenix-w9-dark-rad5-yellow\/#breadcrumb\",\"itemListElement\":[{\"@type\":\"ListItem\",\"position\":1,\"name\":\"Hem\",\"item\":\"https:\/\/xenonkungen.com\/\"},{\"@type\":\"ListItem\",\"position\":2,\"name\":\"Shop\",\"item\":\"https:\/\/xenonkungen.com\/shop\/\"},{\"@type\":\"ListItem\",\"position\":3,\"name\":\"W-Light Phoenix W9 DARK RAD5 | Yellow\"}]},{\"@type\":\"WebSite\",\"@id\":\"https:\/\/xenonkungen.com\/#website\",\"url\":\"https:\/\/xenonkungen.com\/\",\"name\":\"Xenonkungen\",\"description\":\"\",\"potentialAction\":[{\"@type\":\"SearchAction\",\"target\":{\"@type\":\"EntryPoint\",\"urlTemplate\":\"https:\/\/xenonkungen.com\/?s={search_term_string}\"},\"query-input\":{\"@type\":\"PropertyValueSpecification\",\"valueRequired\":true,\"valueName\":\"search_term_string\"}}],\"inLanguage\":\"da-DK\"}]}<\/script>\n<!-- \/ Yoast SEO plugin. -->","yoast_head_json":{"title":"W-Light Phoenix W9 DARK RAD5 | Gul - Xenon-kongen","robots":{"index":"index","follow":"follow","max-snippet":"max-snippet:-1","max-image-preview":"max-image-preview:large","max-video-preview":"max-video-preview:-1"},"canonical":"https:\/\/xenonkungen.com\/dk\/vare\/w-lys-phoenix-w9-mork-rad5-gul\/","og_locale":"da_DK","og_type":"article","og_title":"W-Light Phoenix W9 DARK RAD5 | Yellow - Xenonkungen","og_description":"Phoenix Rally 5 | Yellow Paket Upplev o\u00f6vertr\u00e4ffad belysning med Phoenix Rally 5 | Yellow Paket, den ultimata l\u00f6sningen f\u00f6r din fordonsbelysning. Detta paket inneh\u00e5ller fem av W-Light W9 Phoenix 9 Dark Edition | Yellow extraljus, k\u00e4nda f\u00f6r sin imponerande prestanda och p\u00e5litlighet, vilket g\u00f6r detta till det perfekta valet f\u00f6r rallyf\u00f6rare och offroad-entusiaster. Kraftfull [&hellip;]","og_url":"https:\/\/xenonkungen.com\/dk\/vare\/w-lys-phoenix-w9-mork-rad5-gul\/","og_site_name":"Xenonkungen","article_modified_time":"2026-05-13T15:00:27+00:00","og_image":[{"width":1024,"height":1024,"url":"https:\/\/xenonkungen.com\/wp-content\/uploads\/2025\/05\/W9-x5-1-1024x1024.png","type":"image\/png"}],"twitter_card":"summary_large_image","twitter_misc":{"Estimeret l\u00e6setid":"2 minutter"},"schema":{"@context":"https:\/\/schema.org","@graph":[{"@type":"WebPage","@id":"https:\/\/xenonkungen.com\/produkt\/w-light-phoenix-w9-dark-rad5-yellow\/","url":"https:\/\/xenonkungen.com\/produkt\/w-light-phoenix-w9-dark-rad5-yellow\/","name":"W-Light Phoenix W9 DARK RAD5 | Gul - Xenon-kongen","isPartOf":{"@id":"https:\/\/xenonkungen.com\/#website"},"primaryImageOfPage":{"@id":"https:\/\/xenonkungen.com\/produkt\/w-light-phoenix-w9-dark-rad5-yellow\/#primaryimage"},"image":{"@id":"https:\/\/xenonkungen.com\/produkt\/w-light-phoenix-w9-dark-rad5-yellow\/#primaryimage"},"thumbnailUrl":"https:\/\/xenonkungen.com\/wp-content\/uploads\/2025\/05\/W9-x5-1.png","datePublished":"2025-05-20T07:56:30+00:00","dateModified":"2026-05-13T15:00:27+00:00","breadcrumb":{"@id":"https:\/\/xenonkungen.com\/produkt\/w-light-phoenix-w9-dark-rad5-yellow\/#breadcrumb"},"inLanguage":"da-DK","potentialAction":[{"@type":"ReadAction","target":["https:\/\/xenonkungen.com\/produkt\/w-light-phoenix-w9-dark-rad5-yellow\/"]}]},{"@type":"ImageObject","inLanguage":"da-DK","@id":"https:\/\/xenonkungen.com\/produkt\/w-light-phoenix-w9-dark-rad5-yellow\/#primaryimage","url":"https:\/\/xenonkungen.com\/wp-content\/uploads\/2025\/05\/W9-x5-1.png","contentUrl":"https:\/\/xenonkungen.com\/wp-content\/uploads\/2025\/05\/W9-x5-1.png","width":2000,"height":2000},{"@type":"BreadcrumbList","@id":"https:\/\/xenonkungen.com\/produkt\/w-light-phoenix-w9-dark-rad5-yellow\/#breadcrumb","itemListElement":[{"@type":"ListItem","position":1,"name":"Hem","item":"https:\/\/xenonkungen.com\/"},{"@type":"ListItem","position":2,"name":"Shop","item":"https:\/\/xenonkungen.com\/shop\/"},{"@type":"ListItem","position":3,"name":"W-Light Phoenix W9 DARK RAD5 | Yellow"}]},{"@type":"WebSite","@id":"https:\/\/xenonkungen.com\/#website","url":"https:\/\/xenonkungen.com\/","name":"Xenonkungen","description":"","potentialAction":[{"@type":"SearchAction","target":{"@type":"EntryPoint","urlTemplate":"https:\/\/xenonkungen.com\/?s={search_term_string}"},"query-input":{"@type":"PropertyValueSpecification","valueRequired":true,"valueName":"search_term_string"}}],"inLanguage":"da-DK"}]}},"taxonomy_info":{"anvandningsomrade":[{"value":207,"label":"Husbil"},{"value":166,"label":"Lastbil"},{"value":167,"label":"PERSONBIL"},{"value":1915,"label":"Sk\u00e5pbil"}],"bilmarken":[{"value":168,"label":"Alla"}],"product_brand":[{"value":114,"label":"W-Light"}],"product_cat":[{"value":1859,"label":"Extraljuspaket"}],"product_tag":[{"value":2726,"label":"produktpaket"}],"pa_fargtemperatur":[{"value":1117,"label":"Yellow"}],"pa_fuktskydd-varde-ipxx":[{"value":177,"label":"IP68"}],"pa_godkannande":[{"value":794,"label":"CE"}],"pa_lampsockel-kontakt":[{"value":329,"label":"DT"}],"pa_led-chips-effekt-w":[{"value":703,"label":"160"}],"pa_ljusbild":[{"value":1177,"label":"Spot"}],"pa_storlek-mm":[{"value":1154,"label":"244,6x227x80"}],"pa_stromforbrukning":[{"value":1155,"label":"10,97A@13,7V"}],"pa_volt-v":[{"value":2186,"label":"9, 12, 24, 32"}]},"featured_image_src_large":["https:\/\/xenonkungen.com\/wp-content\/uploads\/2025\/05\/W9-x5-1-1024x1024.png",1024,1024,true],"author_info":[],"comment_info":0,"_links":{"self":[{"href":"https:\/\/xenonkungen.com\/dk\/wp-json\/wp\/v2\/product\/9393","targetHints":{"allow":["GET"]}}],"collection":[{"href":"https:\/\/xenonkungen.com\/dk\/wp-json\/wp\/v2\/product"}],"about":[{"href":"https:\/\/xenonkungen.com\/dk\/wp-json\/wp\/v2\/types\/product"}],"replies":[{"embeddable":true,"href":"https:\/\/xenonkungen.com\/dk\/wp-json\/wp\/v2\/comments?post=9393"}],"wp:featuredmedia":[{"embeddable":true,"href":"https:\/\/xenonkungen.com\/dk\/wp-json\/wp\/v2\/media\/9945"}],"wp:attachment":[{"href":"https:\/\/xenonkungen.com\/dk\/wp-json\/wp\/v2\/media?parent=9393"}],"wp:term":[{"taxonomy":"anvandningsomrade","embeddable":true,"href":"https:\/\/xenonkungen.com\/dk\/wp-json\/wp\/v2\/anvandningsomrade?post=9393"},{"taxonomy":"bilmarken","embeddable":true,"href":"https:\/\/xenonkungen.com\/dk\/wp-json\/wp\/v2\/bilmarken?post=9393"},{"taxonomy":"product_brand","embeddable":true,"href":"https:\/\/xenonkungen.com\/dk\/wp-json\/wp\/v2\/product_brand?post=9393"},{"taxonomy":"product_cat","embeddable":true,"href":"https:\/\/xenonkungen.com\/dk\/wp-json\/wp\/v2\/product_cat?post=9393"},{"taxonomy":"product_tag","embeddable":true,"href":"https:\/\/xenonkungen.com\/dk\/wp-json\/wp\/v2\/product_tag?post=9393"}],"curies":[{"name":"wp","href":"https:\/\/api.w.org\/{rel}","templated":true}]}}