{"id":9464,"date":"2025-05-20T07:58:52","date_gmt":"2025-05-20T07:58:52","guid":{"rendered":"https:\/\/xenonkungen.com\/product\/ozz-xr2-9-white-rad2\/"},"modified":"2026-04-02T12:25:49","modified_gmt":"2026-04-02T11:25:49","slug":"ozz-xr2-9-hvid-rad2","status":"publish","type":"product","link":"https:\/\/xenonkungen.com\/dk\/vare\/ozz-xr2-9-hvid-rad2\/","title":{"rendered":"OZZ XR2 9\u2033 Hvid RAD2"},"content":{"rendered":"<h2><strong>Opdag OZZ XR2 9\u2033 Hvid RAD2 \u2013 Din perfekte opgradering<\/strong><\/h2>\n<p>Velkommen til teknologiens fremtid med OZZ XR2 9\u2033 White RAD2! Denne enest\u00e5ende enhed kombinerer avanceret ydeevne med et elegant hvidt design, hvilket g\u00f8r den til det oplagte valg for dem, der \u00f8nsker det bedste fra begge verdener. Uanset om du er teknologientusiast eller bare \u00f8nsker en p\u00e5lidelig og stilfuld enhed, vil OZZ XR2 overg\u00e5 dine forventninger.<\/p>\n<ul>\n<li>R\u00e6kkevidde: 1 lux @ R:112 480m, Boost: 680m<\/li>\n<li>Dynamisk startpositionslys: hvid\/orange<\/li>\n<li>M\u00e5lte lumen: 10 600 lm<\/li>\n<li>Teoretisk lumen: 15 000 lm<\/li>\n<li>Farvetemperatur: 5000 K<\/li>\n<\/ul>\n<p><strong>Vigtigste funktioner:<\/strong><\/p>\n<ul>\n<li><strong>H\u00f8jt pr\u00e6sterende:<\/strong> Oplev hurtigere hastigheder og mere j\u00e6vn drift med den nyeste teknologi.<\/li>\n<li><strong>Elegant design:<\/strong> Den hvide, sofistikerede finish giver et tidl\u00f8st look, der passer til ethvert milj\u00f8.<\/li>\n<li><strong>Alsidighed:<\/strong> Perfekt til b\u00e5de arbejde og underholdning med en 9-tommers sk\u00e6rm, der leverer krystalklar billedkvalitet.<\/li>\n<\/ul>\n<p>Opgrader til OZZ XR2 9\u2033 White RAD2 i dag, og tr\u00e6d ind i en ny \u00e6ra af innovation og stil. Bestil nu, og m\u00e6rk forskellen!<\/p>","protected":false},"excerpt":{"rendered":"<p>Oplev kraften i OZZ XR2 9\u2033 White RAD2! Med banebrydende teknologi og et elegant hvidt design tager den din oplevelse til det n\u00e6ste niveau. Perfekt til dem, der \u00f8nsker at kombinere stil og ydeevne. Opgrader nu og m\u00e6rk forskellen!<\/p>","protected":false},"featured_media":10001,"comment_status":"closed","ping_status":"closed","template":"","meta":{"_acf_changed":false,"_smort_price_nok":"8540","_smort_price_dkk":"4747","_smort_price_eur":"635.88","_smort_sale_price_nok":"","_smort_sale_price_dkk":"","_smort_sale_price_eur":"","smort_restorder":"","shipmondo_restorder":"","_kad_blocks_custom_css":"","_kad_blocks_head_custom_js":"","_kad_blocks_body_custom_js":"","_kad_blocks_footer_custom_js":"","smort_custom_pricelist_1":"5116.8","smort_custom_pricelist_2":"5116.8","smort_custom_pricelist_3":"5116.8","smort_custom_pricelist_4":"6396","smort_custom_pricelist_5":"5116.8"},"anvandningsomrade":[207,166,167,1915],"bilmarken":[168],"product_brand":[1051,109],"product_cat":[1859],"product_tag":[2734,2726],"class_list":{"0":"post-9464","1":"product","2":"type-product","3":"status-publish","4":"has-post-thumbnail","6":"anvandningsomrade-husbil","7":"anvandningsomrade-lastbil","8":"anvandningsomrade-personbil","9":"anvandningsomrade-skapbil","10":"bilmarken-alla","11":"product_brand-ozz","12":"product_brand-ozz-lights","13":"product_cat-extraljuspaket","14":"product_tag-ozz","15":"product_tag-produktpaket","16":"pa_fargtemperatur-5000k","17":"pa_fuktskydd-varde-ipxx-ip68-ip69k","18":"pa_godkannande-ece-emc-r10-r112-r7","19":"pa_lampsockel-kontakt-dt4","20":"pa_led-chips-effekt-w-130-134","21":"pa_ljusbild-driving","22":"pa_stromforbrukning-105a-12v","23":"pa_stromforbrukning-52a-24v","24":"pa_volt-v-10-12-24-32-36","26":"first","27":"instock","28":"taxable","29":"shipping-taxable","30":"purchasable","31":"product-type-bundle"},"bundled_by":[],"bundle_stock_status":"instock","bundle_stock_quantity":"","bundle_virtual":false,"bundle_layout":"default","bundle_add_to_cart_form_location":"default","bundle_editable_in_cart":false,"bundle_sold_individually_context":"product","bundle_item_grouping":"parent","bundle_min_size":"","bundle_max_size":"","bundle_price":{"price":{"min":{"incl_tax":"5425.06","excl_tax":"4340.04731004"},"max":{"incl_tax":"5425.06","excl_tax":"4340.04731004"}},"regular_price":{"min":{"incl_tax":"5425.06","excl_tax":"4340.04731004"},"max":{"incl_tax":"5425.06","excl_tax":"4340.04731004"}}},"bundled_items":[{"bundled_item_id":240,"product_id":3252,"menu_order":0,"quantity_min":1,"quantity_max":1,"quantity_default":1,"priced_individually":false,"shipped_individually":false,"override_title":false,"title":"OZZ XR2 P9&quot; Hvid","override_description":false,"description":"","optional":false,"hide_thumbnail":false,"discount":"","override_variations":false,"allowed_variations":[],"override_default_variation_attributes":false,"default_variation_attributes":[],"single_product_visibility":"visible","cart_visibility":"visible","order_visibility":"visible","single_product_price_visibility":"visible","cart_price_visibility":"visible","order_price_visibility":"visible","stock_status":"in_stock"},{"bundled_item_id":241,"product_id":3207,"menu_order":1,"quantity_min":1,"quantity_max":1,"quantity_default":1,"priced_individually":false,"shipped_individually":false,"override_title":false,"title":"Rel\u00e6kabels\u00e6t 2stk 4pin DT 2m 80A Rel\u00e6 60A","override_description":false,"description":"","optional":false,"hide_thumbnail":false,"discount":"","override_variations":false,"allowed_variations":[],"override_default_variation_attributes":false,"default_variation_attributes":[],"single_product_visibility":"visible","cart_visibility":"visible","order_visibility":"visible","single_product_price_visibility":"visible","cart_price_visibility":"visible","order_price_visibility":"visible","stock_status":"in_stock"},{"bundled_item_id":242,"product_id":3043,"menu_order":2,"quantity_min":1,"quantity_max":1,"quantity_default":1,"priced_individually":false,"shipped_individually":false,"override_title":false,"title":"Ekstra lysbeslag til 2 x 225 mm|9\"","override_description":false,"description":"","optional":false,"hide_thumbnail":false,"discount":"","override_variations":false,"allowed_variations":[],"override_default_variation_attributes":false,"default_variation_attributes":[],"single_product_visibility":"visible","cart_visibility":"visible","order_visibility":"visible","single_product_price_visibility":"visible","cart_price_visibility":"visible","order_price_visibility":"visible","stock_status":"in_stock"},{"bundled_item_id":243,"product_id":2720,"menu_order":3,"quantity_min":1,"quantity_max":1,"quantity_default":1,"priced_individually":false,"shipped_individually":false,"override_title":false,"title":"Ekstra lysstativ rund sort","override_description":false,"description":"","optional":false,"hide_thumbnail":false,"discount":"","override_variations":false,"allowed_variations":[],"override_default_variation_attributes":false,"default_variation_attributes":[],"single_product_visibility":"visible","cart_visibility":"visible","order_visibility":"visible","single_product_price_visibility":"visible","cart_price_visibility":"visible","order_price_visibility":"visible","stock_status":"in_stock"}],"bundle_sell_ids":[],"acf":[],"yoast_head":"<!-- This site is optimized with the Yoast SEO plugin v27.0 - https:\/\/yoast.com\/product\/yoast-seo-wordpress\/ -->\n<title>OZZ XR2 9&quot; White RAD2 - Xenonkungen<\/title>\n<meta name=\"robots\" content=\"index, follow, max-snippet:-1, max-image-preview:large, max-video-preview:-1\" \/>\n<link rel=\"canonical\" href=\"https:\/\/xenonkungen.com\/dk\/vare\/ozz-xr2-9-hvid-rad2\/\" \/>\n<meta property=\"og:locale\" content=\"da_DK\" \/>\n<meta property=\"og:type\" content=\"article\" \/>\n<meta property=\"og:title\" content=\"OZZ XR2 9&quot; White RAD2 - Xenonkungen\" \/>\n<meta property=\"og:description\" content=\"Uppt\u00e4ck kraften i OZZ XR2 9&quot; White RAD2! Med banbrytande teknik och elegant vit design tar den din upplevelse till n\u00e4sta niv\u00e5. Perfekt f\u00f6r den som vill kombinera stil och prestanda. Uppgradera nu och k\u00e4nn skillnaden!\" \/>\n<meta property=\"og:url\" content=\"https:\/\/xenonkungen.com\/dk\/vare\/ozz-xr2-9-hvid-rad2\/\" \/>\n<meta property=\"og:site_name\" content=\"Xenonkungen\" \/>\n<meta property=\"article:modified_time\" content=\"2026-04-02T11:25:49+00:00\" \/>\n<meta property=\"og:image\" content=\"https:\/\/xenonkungen.com\/wp-content\/uploads\/2025\/05\/213769559-origpic-11e3b0-1.png\" \/>\n\t<meta property=\"og:image:width\" content=\"1000\" \/>\n\t<meta property=\"og:image:height\" content=\"976\" \/>\n\t<meta property=\"og:image:type\" content=\"image\/png\" \/>\n<meta name=\"twitter:card\" content=\"summary_large_image\" \/>\n<meta name=\"twitter:label1\" content=\"Estimeret l\u00e6setid\" \/>\n\t<meta name=\"twitter:data1\" content=\"1 minut\" \/>\n<script type=\"application\/ld+json\" class=\"yoast-schema-graph\">{\"@context\":\"https:\/\/schema.org\",\"@graph\":[{\"@type\":\"WebPage\",\"@id\":\"https:\/\/xenonkungen.com\/produkt\/ozz-xr2-9-white-rad2\/\",\"url\":\"https:\/\/xenonkungen.com\/produkt\/ozz-xr2-9-white-rad2\/\",\"name\":\"OZZ XR2 9\\\" White RAD2 - Xenonkungen\",\"isPartOf\":{\"@id\":\"https:\/\/xenonkungen.com\/#website\"},\"primaryImageOfPage\":{\"@id\":\"https:\/\/xenonkungen.com\/produkt\/ozz-xr2-9-white-rad2\/#primaryimage\"},\"image\":{\"@id\":\"https:\/\/xenonkungen.com\/produkt\/ozz-xr2-9-white-rad2\/#primaryimage\"},\"thumbnailUrl\":\"https:\/\/xenonkungen.com\/wp-content\/uploads\/2025\/05\/213769559-origpic-11e3b0-1.png\",\"datePublished\":\"2025-05-20T07:58:52+00:00\",\"dateModified\":\"2026-04-02T11:25:49+00:00\",\"breadcrumb\":{\"@id\":\"https:\/\/xenonkungen.com\/produkt\/ozz-xr2-9-white-rad2\/#breadcrumb\"},\"inLanguage\":\"da-DK\",\"potentialAction\":[{\"@type\":\"ReadAction\",\"target\":[\"https:\/\/xenonkungen.com\/produkt\/ozz-xr2-9-white-rad2\/\"]}]},{\"@type\":\"ImageObject\",\"inLanguage\":\"da-DK\",\"@id\":\"https:\/\/xenonkungen.com\/produkt\/ozz-xr2-9-white-rad2\/#primaryimage\",\"url\":\"https:\/\/xenonkungen.com\/wp-content\/uploads\/2025\/05\/213769559-origpic-11e3b0-1.png\",\"contentUrl\":\"https:\/\/xenonkungen.com\/wp-content\/uploads\/2025\/05\/213769559-origpic-11e3b0-1.png\",\"width\":1000,\"height\":976},{\"@type\":\"BreadcrumbList\",\"@id\":\"https:\/\/xenonkungen.com\/produkt\/ozz-xr2-9-white-rad2\/#breadcrumb\",\"itemListElement\":[{\"@type\":\"ListItem\",\"position\":1,\"name\":\"Hem\",\"item\":\"https:\/\/xenonkungen.com\/\"},{\"@type\":\"ListItem\",\"position\":2,\"name\":\"Shop\",\"item\":\"https:\/\/xenonkungen.com\/shop\/\"},{\"@type\":\"ListItem\",\"position\":3,\"name\":\"OZZ XR2 9&#8243; White RAD2\"}]},{\"@type\":\"WebSite\",\"@id\":\"https:\/\/xenonkungen.com\/#website\",\"url\":\"https:\/\/xenonkungen.com\/\",\"name\":\"Xenonkungen\",\"description\":\"\",\"potentialAction\":[{\"@type\":\"SearchAction\",\"target\":{\"@type\":\"EntryPoint\",\"urlTemplate\":\"https:\/\/xenonkungen.com\/?s={search_term_string}\"},\"query-input\":{\"@type\":\"PropertyValueSpecification\",\"valueRequired\":true,\"valueName\":\"search_term_string\"}}],\"inLanguage\":\"da-DK\"}]}<\/script>\n<!-- \/ Yoast SEO plugin. -->","yoast_head_json":{"title":"OZZ XR2 9&quot; Hvide RAD2 - Xenon-kongen","robots":{"index":"index","follow":"follow","max-snippet":"max-snippet:-1","max-image-preview":"max-image-preview:large","max-video-preview":"max-video-preview:-1"},"canonical":"https:\/\/xenonkungen.com\/dk\/vare\/ozz-xr2-9-hvid-rad2\/","og_locale":"da_DK","og_type":"article","og_title":"OZZ XR2 9\" White RAD2 - Xenonkungen","og_description":"Uppt\u00e4ck kraften i OZZ XR2 9\" White RAD2! Med banbrytande teknik och elegant vit design tar den din upplevelse till n\u00e4sta niv\u00e5. Perfekt f\u00f6r den som vill kombinera stil och prestanda. Uppgradera nu och k\u00e4nn skillnaden!","og_url":"https:\/\/xenonkungen.com\/dk\/vare\/ozz-xr2-9-hvid-rad2\/","og_site_name":"Xenonkungen","article_modified_time":"2026-04-02T11:25:49+00:00","og_image":[{"width":1000,"height":976,"url":"https:\/\/xenonkungen.com\/wp-content\/uploads\/2025\/05\/213769559-origpic-11e3b0-1.png","type":"image\/png"}],"twitter_card":"summary_large_image","twitter_misc":{"Estimeret l\u00e6setid":"1 minut"},"schema":{"@context":"https:\/\/schema.org","@graph":[{"@type":"WebPage","@id":"https:\/\/xenonkungen.com\/produkt\/ozz-xr2-9-white-rad2\/","url":"https:\/\/xenonkungen.com\/produkt\/ozz-xr2-9-white-rad2\/","name":"OZZ XR2 9&quot; Hvide RAD2 - Xenon-kongen","isPartOf":{"@id":"https:\/\/xenonkungen.com\/#website"},"primaryImageOfPage":{"@id":"https:\/\/xenonkungen.com\/produkt\/ozz-xr2-9-white-rad2\/#primaryimage"},"image":{"@id":"https:\/\/xenonkungen.com\/produkt\/ozz-xr2-9-white-rad2\/#primaryimage"},"thumbnailUrl":"https:\/\/xenonkungen.com\/wp-content\/uploads\/2025\/05\/213769559-origpic-11e3b0-1.png","datePublished":"2025-05-20T07:58:52+00:00","dateModified":"2026-04-02T11:25:49+00:00","breadcrumb":{"@id":"https:\/\/xenonkungen.com\/produkt\/ozz-xr2-9-white-rad2\/#breadcrumb"},"inLanguage":"da-DK","potentialAction":[{"@type":"ReadAction","target":["https:\/\/xenonkungen.com\/produkt\/ozz-xr2-9-white-rad2\/"]}]},{"@type":"ImageObject","inLanguage":"da-DK","@id":"https:\/\/xenonkungen.com\/produkt\/ozz-xr2-9-white-rad2\/#primaryimage","url":"https:\/\/xenonkungen.com\/wp-content\/uploads\/2025\/05\/213769559-origpic-11e3b0-1.png","contentUrl":"https:\/\/xenonkungen.com\/wp-content\/uploads\/2025\/05\/213769559-origpic-11e3b0-1.png","width":1000,"height":976},{"@type":"BreadcrumbList","@id":"https:\/\/xenonkungen.com\/produkt\/ozz-xr2-9-white-rad2\/#breadcrumb","itemListElement":[{"@type":"ListItem","position":1,"name":"Hem","item":"https:\/\/xenonkungen.com\/"},{"@type":"ListItem","position":2,"name":"Shop","item":"https:\/\/xenonkungen.com\/shop\/"},{"@type":"ListItem","position":3,"name":"OZZ XR2 9&#8243; White RAD2"}]},{"@type":"WebSite","@id":"https:\/\/xenonkungen.com\/#website","url":"https:\/\/xenonkungen.com\/","name":"Xenonkungen","description":"","potentialAction":[{"@type":"SearchAction","target":{"@type":"EntryPoint","urlTemplate":"https:\/\/xenonkungen.com\/?s={search_term_string}"},"query-input":{"@type":"PropertyValueSpecification","valueRequired":true,"valueName":"search_term_string"}}],"inLanguage":"da-DK"}]}},"taxonomy_info":{"anvandningsomrade":[{"value":207,"label":"Husbil"},{"value":166,"label":"Lastbil"},{"value":167,"label":"PERSONBIL"},{"value":1915,"label":"Sk\u00e5pbil"}],"bilmarken":[{"value":168,"label":"Alla"}],"product_brand":[{"value":1051,"label":"OZZ"},{"value":109,"label":"OZZ LIGHTS"}],"product_cat":[{"value":1859,"label":"Extraljuspaket"}],"product_tag":[{"value":2734,"label":"OZZ"},{"value":2726,"label":"produktpaket"}],"pa_fargtemperatur":[{"value":154,"label":"5000K"}],"pa_fuktskydd-varde-ipxx":[{"value":402,"label":"IP68. IP69K"}],"pa_godkannande":[{"value":1073,"label":"ECE, EMC, R10, R112, R7"}],"pa_lampsockel-kontakt":[{"value":404,"label":"DT4"}],"pa_led-chips-effekt-w":[{"value":1069,"label":"130, 134"}],"pa_ljusbild":[{"value":178,"label":"Driving"}],"pa_stromforbrukning":[{"value":2195,"label":"10,5A @ 12V"},{"value":317,"label":"5,2A @24V"}],"pa_volt-v":[{"value":2194,"label":"10, 12, 24, 32, 36"}]},"featured_image_src_large":["https:\/\/xenonkungen.com\/wp-content\/uploads\/2025\/05\/213769559-origpic-11e3b0-1.png",1000,976,false],"author_info":[],"comment_info":0,"_links":{"self":[{"href":"https:\/\/xenonkungen.com\/dk\/wp-json\/wp\/v2\/product\/9464","targetHints":{"allow":["GET"]}}],"collection":[{"href":"https:\/\/xenonkungen.com\/dk\/wp-json\/wp\/v2\/product"}],"about":[{"href":"https:\/\/xenonkungen.com\/dk\/wp-json\/wp\/v2\/types\/product"}],"replies":[{"embeddable":true,"href":"https:\/\/xenonkungen.com\/dk\/wp-json\/wp\/v2\/comments?post=9464"}],"wp:featuredmedia":[{"embeddable":true,"href":"https:\/\/xenonkungen.com\/dk\/wp-json\/wp\/v2\/media\/10001"}],"wp:attachment":[{"href":"https:\/\/xenonkungen.com\/dk\/wp-json\/wp\/v2\/media?parent=9464"}],"wp:term":[{"taxonomy":"anvandningsomrade","embeddable":true,"href":"https:\/\/xenonkungen.com\/dk\/wp-json\/wp\/v2\/anvandningsomrade?post=9464"},{"taxonomy":"bilmarken","embeddable":true,"href":"https:\/\/xenonkungen.com\/dk\/wp-json\/wp\/v2\/bilmarken?post=9464"},{"taxonomy":"product_brand","embeddable":true,"href":"https:\/\/xenonkungen.com\/dk\/wp-json\/wp\/v2\/product_brand?post=9464"},{"taxonomy":"product_cat","embeddable":true,"href":"https:\/\/xenonkungen.com\/dk\/wp-json\/wp\/v2\/product_cat?post=9464"},{"taxonomy":"product_tag","embeddable":true,"href":"https:\/\/xenonkungen.com\/dk\/wp-json\/wp\/v2\/product_tag?post=9464"}],"curies":[{"name":"wp","href":"https:\/\/api.w.org\/{rel}","templated":true}]}}