{"id":947,"date":"2025-04-15T07:56:42","date_gmt":"2025-04-15T07:56:42","guid":{"rendered":"https:\/\/xenonkungen.com\/product\/luxtar-stellar-dynamic-9-white-2\/"},"modified":"2026-04-11T00:24:26","modified_gmt":"2026-04-10T23:24:26","slug":"luxtar-stellar-dynamic-9-hvid-2","status":"publish","type":"product","link":"https:\/\/xenonkungen.com\/dk\/vare\/luxtar-stellar-dynamic-9-hvid-2\/","title":{"rendered":"Luxtar Stellar Dynamic 9\u2033 hvid"},"content":{"rendered":"<h1>Luxtar Stellar Dynamic 9\u2033 hvid<\/h1>\n<p>Luxtar Stellar Dynamic er udstyret med 20 kraftige Osram-dioder, der giver en imponerende lysstr\u00f8m p\u00e5 12.200 lumen.<br \/>\nReflektorerne skaber et behageligt Driving Beam-lysm\u00f8nster, der oplyser vejen bredt og endda i vejkanten. R\u00e6kkevidden er hele 1 lux p\u00e5 790 meters afstand. Farvetemperaturen p\u00e5 5500K er omhyggeligt afbalanceret<br \/>\nog meget behageligt for \u00f8jnene og giver en skarp og klar belysning. Det g\u00f8r det lettere at observere terr\u00e6net og opdage farer og forhindringer i god tid.<\/p>\n<ul>\n<li>R\u00e6kkevidde: 1 lux ved 790 m \/ R112: 1 lux ved 460 m<\/li>\n<li>Dynamisk opstartsfunktion for positionslys i hvid eller orange<\/li>\n<li>12 200 faktiske lumen<\/li>\n<li>Boost-funktion for ekstra lysstyrke<\/li>\n<\/ul>\n<p>Med den nye dynamiske opstartsfunktion for positionslys giver lampen et imponerende opstartsm\u00f8nster, der skaber en utrolig visuel effekt ved opstart.<br \/>\nDen innovative baggrundsbelyste reflektor med positions-LED'er, der oplyser siderne af reflektoren, skaber et markant og unikt ekstralys. Parkeringslyset kan indstilles til traditionel hvid eller i\u00f8jnefaldende orange.<\/p>\n<p>Stellar Dynamic er udstyret med en ubrydelig polykarbonatlinse, som er helt rammel\u00f8s og har en glat front, der forhindrer sne og is i at samle sig p\u00e5 linsen, hvilket sikrer optimal ydeevne under alle forhold.<br \/>\nDen ekstra lygte er E-godkendt og udstyret med en boost-funktion for ekstra lysstyrke, n\u00e5r det er n\u00f8dvendigt.<br \/>\nEn robust og stabil monteringsbase og 4-polede DT-stik medf\u00f8lger, og produktet har 3 \u00e5rs garanti.<\/p>\n<h2><img loading=\"lazy\" decoding=\"async\" src=\"https:\/\/cdn.abicart.com\/shop\/4404\/files\/Animering\/ezgif-7-cf97a353d6.gif\" alt=\"\" width=\"350\" height=\"351\" \/><\/h2>","protected":false},"excerpt":{"rendered":"<p>Luxtar Stellar Dynamic 9&#8243; White Luxtar Stellar Dynamic \u00e4r utrustad med 20 stycken kraftfulla Osram dioder som ger ett imponerande ljusfl\u00f6de p\u00e5 12 200 lumen. Reflektorerna skapar en behaglig Driving Beam-ljusbild som lyser upp v\u00e4gen brett och \u00e4ven ute i v\u00e4gkanten. R\u00e4ckvidd \u00e4r hela 1 lux vid 790 meter. F\u00e4rgtemperaturen p\u00e5 5500K \u00e4r noggrant balanserad [&hellip;]<\/p>","protected":false},"featured_media":914,"comment_status":"closed","ping_status":"closed","template":"","meta":{"_acf_changed":false,"_smort_price_nok":"2451","_smort_price_dkk":"1557","_smort_price_eur":"208.63","_smort_sale_price_nok":"","_smort_sale_price_dkk":"","_smort_sale_price_eur":"","smort_restorder":"","shipmondo_restorder":"","_kad_blocks_custom_css":"","_kad_blocks_head_custom_js":"","_kad_blocks_body_custom_js":"","_kad_blocks_footer_custom_js":"","smort_custom_pricelist_1":"1468.8","smort_custom_pricelist_2":"1285.2","smort_custom_pricelist_3":"1193.4","smort_custom_pricelist_4":"1836","smort_custom_pricelist_5":"1285.2"},"anvandningsomrade":[166,167],"bilmarken":[],"product_brand":[103],"product_cat":[2839,2826,2822,2819,142],"product_tag":[],"class_list":{"0":"post-947","1":"product","2":"type-product","3":"status-publish","4":"has-post-thumbnail","6":"anvandningsomrade-lastbil","7":"anvandningsomrade-personbil","8":"product_brand-luxtar","9":"product_cat-extraljus-9","10":"product_cat-luxtar","11":"product_cat-luxtar-arbetsljus","12":"product_cat-luxtar-extraljus","13":"product_cat-extraljus","14":"pa_faktisk-effekts-forbrukning-175","15":"pa_fargtemperatur-5500k","16":"pa_fuktskydd-varde-ipxx-ip68","17":"pa_godkannande-e-godkand-r112-r10-r148-r149","18":"pa_lampsockel-kontakt-dt-4","19":"pa_ljusbild-driving","20":"pa_stromforbrukning-5a-24v","21":"pa_stromforbrukning-88a-137v","22":"pa_volt-v-9-12-24-32-multivolt","24":"first","25":"instock","26":"taxable","27":"shipping-taxable","28":"purchasable","29":"product-type-simple"},"bundled_by":[],"bundle_stock_status":"instock","bundle_stock_quantity":70,"bundle_virtual":false,"bundle_layout":"","bundle_add_to_cart_form_location":"","bundle_editable_in_cart":false,"bundle_sold_individually_context":"","bundle_item_grouping":"","bundle_min_size":"","bundle_max_size":"","bundle_price":[],"bundled_items":[],"bundle_sell_ids":[],"acf":[],"yoast_head":"<!-- This site is optimized with the Yoast SEO plugin v27.0 - https:\/\/yoast.com\/product\/yoast-seo-wordpress\/ -->\n<title>Luxtar Stellar Dynamic 9&quot; White - Xenonkungen<\/title>\n<meta name=\"robots\" content=\"index, follow, max-snippet:-1, max-image-preview:large, max-video-preview:-1\" \/>\n<link rel=\"canonical\" href=\"https:\/\/xenonkungen.com\/dk\/vare\/luxtar-stellar-dynamic-9-hvid-2\/\" \/>\n<meta property=\"og:locale\" content=\"da_DK\" \/>\n<meta property=\"og:type\" content=\"article\" \/>\n<meta property=\"og:title\" content=\"Luxtar Stellar Dynamic 9&quot; White - Xenonkungen\" \/>\n<meta property=\"og:description\" content=\"Luxtar Stellar Dynamic 9&#8243; White Luxtar Stellar Dynamic \u00e4r utrustad med 20 stycken kraftfulla Osram dioder som ger ett imponerande ljusfl\u00f6de p\u00e5 12 200 lumen. Reflektorerna skapar en behaglig Driving Beam-ljusbild som lyser upp v\u00e4gen brett och \u00e4ven ute i v\u00e4gkanten. R\u00e4ckvidd \u00e4r hela 1 lux vid 790 meter. F\u00e4rgtemperaturen p\u00e5 5500K \u00e4r noggrant balanserad [&hellip;]\" \/>\n<meta property=\"og:url\" content=\"https:\/\/xenonkungen.com\/dk\/vare\/luxtar-stellar-dynamic-9-hvid-2\/\" \/>\n<meta property=\"og:site_name\" content=\"Xenonkungen\" \/>\n<meta property=\"article:modified_time\" content=\"2026-04-10T23:24:26+00:00\" \/>\n<meta property=\"og:image\" content=\"https:\/\/xenonkungen.com\/wp-content\/uploads\/2025\/04\/216010247-origpic-7325db.png\" \/>\n\t<meta property=\"og:image:width\" content=\"1000\" \/>\n\t<meta property=\"og:image:height\" content=\"1000\" \/>\n\t<meta property=\"og:image:type\" content=\"image\/png\" \/>\n<meta name=\"twitter:card\" content=\"summary_large_image\" \/>\n<meta name=\"twitter:label1\" content=\"Estimeret l\u00e6setid\" \/>\n\t<meta name=\"twitter:data1\" content=\"2 minutter\" \/>\n<script type=\"application\/ld+json\" class=\"yoast-schema-graph\">{\"@context\":\"https:\/\/schema.org\",\"@graph\":[{\"@type\":\"WebPage\",\"@id\":\"https:\/\/xenonkungen.com\/produkt\/luxtar-stellar-dynamic-9-white-2\/\",\"url\":\"https:\/\/xenonkungen.com\/produkt\/luxtar-stellar-dynamic-9-white-2\/\",\"name\":\"Luxtar Stellar Dynamic 9\\\" White - Xenonkungen\",\"isPartOf\":{\"@id\":\"https:\/\/xenonkungen.com\/#website\"},\"primaryImageOfPage\":{\"@id\":\"https:\/\/xenonkungen.com\/produkt\/luxtar-stellar-dynamic-9-white-2\/#primaryimage\"},\"image\":{\"@id\":\"https:\/\/xenonkungen.com\/produkt\/luxtar-stellar-dynamic-9-white-2\/#primaryimage\"},\"thumbnailUrl\":\"https:\/\/xenonkungen.com\/wp-content\/uploads\/2025\/04\/216010247-origpic-7325db.png\",\"datePublished\":\"2025-04-15T07:56:42+00:00\",\"dateModified\":\"2026-04-10T23:24:26+00:00\",\"breadcrumb\":{\"@id\":\"https:\/\/xenonkungen.com\/produkt\/luxtar-stellar-dynamic-9-white-2\/#breadcrumb\"},\"inLanguage\":\"da-DK\",\"potentialAction\":[{\"@type\":\"ReadAction\",\"target\":[\"https:\/\/xenonkungen.com\/produkt\/luxtar-stellar-dynamic-9-white-2\/\"]}]},{\"@type\":\"ImageObject\",\"inLanguage\":\"da-DK\",\"@id\":\"https:\/\/xenonkungen.com\/produkt\/luxtar-stellar-dynamic-9-white-2\/#primaryimage\",\"url\":\"https:\/\/xenonkungen.com\/wp-content\/uploads\/2025\/04\/216010247-origpic-7325db.png\",\"contentUrl\":\"https:\/\/xenonkungen.com\/wp-content\/uploads\/2025\/04\/216010247-origpic-7325db.png\",\"width\":1000,\"height\":1000},{\"@type\":\"BreadcrumbList\",\"@id\":\"https:\/\/xenonkungen.com\/produkt\/luxtar-stellar-dynamic-9-white-2\/#breadcrumb\",\"itemListElement\":[{\"@type\":\"ListItem\",\"position\":1,\"name\":\"Hem\",\"item\":\"https:\/\/xenonkungen.com\/\"},{\"@type\":\"ListItem\",\"position\":2,\"name\":\"Shop\",\"item\":\"https:\/\/xenonkungen.com\/shop\/\"},{\"@type\":\"ListItem\",\"position\":3,\"name\":\"Luxtar Stellar Dynamic 9&#8243; White\"}]},{\"@type\":\"WebSite\",\"@id\":\"https:\/\/xenonkungen.com\/#website\",\"url\":\"https:\/\/xenonkungen.com\/\",\"name\":\"Xenonkungen\",\"description\":\"\",\"potentialAction\":[{\"@type\":\"SearchAction\",\"target\":{\"@type\":\"EntryPoint\",\"urlTemplate\":\"https:\/\/xenonkungen.com\/?s={search_term_string}\"},\"query-input\":{\"@type\":\"PropertyValueSpecification\",\"valueRequired\":true,\"valueName\":\"search_term_string\"}}],\"inLanguage\":\"da-DK\"}]}<\/script>\n<!-- \/ Yoast SEO plugin. -->","yoast_head_json":{"title":"Luxtar Stellar Dynamic 9&quot; Hvide - Xenon-kongen","robots":{"index":"index","follow":"follow","max-snippet":"max-snippet:-1","max-image-preview":"max-image-preview:large","max-video-preview":"max-video-preview:-1"},"canonical":"https:\/\/xenonkungen.com\/dk\/vare\/luxtar-stellar-dynamic-9-hvid-2\/","og_locale":"da_DK","og_type":"article","og_title":"Luxtar Stellar Dynamic 9\" White - Xenonkungen","og_description":"Luxtar Stellar Dynamic 9&#8243; White Luxtar Stellar Dynamic \u00e4r utrustad med 20 stycken kraftfulla Osram dioder som ger ett imponerande ljusfl\u00f6de p\u00e5 12 200 lumen. Reflektorerna skapar en behaglig Driving Beam-ljusbild som lyser upp v\u00e4gen brett och \u00e4ven ute i v\u00e4gkanten. R\u00e4ckvidd \u00e4r hela 1 lux vid 790 meter. F\u00e4rgtemperaturen p\u00e5 5500K \u00e4r noggrant balanserad [&hellip;]","og_url":"https:\/\/xenonkungen.com\/dk\/vare\/luxtar-stellar-dynamic-9-hvid-2\/","og_site_name":"Xenonkungen","article_modified_time":"2026-04-10T23:24:26+00:00","og_image":[{"width":1000,"height":1000,"url":"https:\/\/xenonkungen.com\/wp-content\/uploads\/2025\/04\/216010247-origpic-7325db.png","type":"image\/png"}],"twitter_card":"summary_large_image","twitter_misc":{"Estimeret l\u00e6setid":"2 minutter"},"schema":{"@context":"https:\/\/schema.org","@graph":[{"@type":"WebPage","@id":"https:\/\/xenonkungen.com\/produkt\/luxtar-stellar-dynamic-9-white-2\/","url":"https:\/\/xenonkungen.com\/produkt\/luxtar-stellar-dynamic-9-white-2\/","name":"Luxtar Stellar Dynamic 9&quot; Hvide - Xenon-kongen","isPartOf":{"@id":"https:\/\/xenonkungen.com\/#website"},"primaryImageOfPage":{"@id":"https:\/\/xenonkungen.com\/produkt\/luxtar-stellar-dynamic-9-white-2\/#primaryimage"},"image":{"@id":"https:\/\/xenonkungen.com\/produkt\/luxtar-stellar-dynamic-9-white-2\/#primaryimage"},"thumbnailUrl":"https:\/\/xenonkungen.com\/wp-content\/uploads\/2025\/04\/216010247-origpic-7325db.png","datePublished":"2025-04-15T07:56:42+00:00","dateModified":"2026-04-10T23:24:26+00:00","breadcrumb":{"@id":"https:\/\/xenonkungen.com\/produkt\/luxtar-stellar-dynamic-9-white-2\/#breadcrumb"},"inLanguage":"da-DK","potentialAction":[{"@type":"ReadAction","target":["https:\/\/xenonkungen.com\/produkt\/luxtar-stellar-dynamic-9-white-2\/"]}]},{"@type":"ImageObject","inLanguage":"da-DK","@id":"https:\/\/xenonkungen.com\/produkt\/luxtar-stellar-dynamic-9-white-2\/#primaryimage","url":"https:\/\/xenonkungen.com\/wp-content\/uploads\/2025\/04\/216010247-origpic-7325db.png","contentUrl":"https:\/\/xenonkungen.com\/wp-content\/uploads\/2025\/04\/216010247-origpic-7325db.png","width":1000,"height":1000},{"@type":"BreadcrumbList","@id":"https:\/\/xenonkungen.com\/produkt\/luxtar-stellar-dynamic-9-white-2\/#breadcrumb","itemListElement":[{"@type":"ListItem","position":1,"name":"Hem","item":"https:\/\/xenonkungen.com\/"},{"@type":"ListItem","position":2,"name":"Shop","item":"https:\/\/xenonkungen.com\/shop\/"},{"@type":"ListItem","position":3,"name":"Luxtar Stellar Dynamic 9&#8243; White"}]},{"@type":"WebSite","@id":"https:\/\/xenonkungen.com\/#website","url":"https:\/\/xenonkungen.com\/","name":"Xenonkungen","description":"","potentialAction":[{"@type":"SearchAction","target":{"@type":"EntryPoint","urlTemplate":"https:\/\/xenonkungen.com\/?s={search_term_string}"},"query-input":{"@type":"PropertyValueSpecification","valueRequired":true,"valueName":"search_term_string"}}],"inLanguage":"da-DK"}]}},"taxonomy_info":{"anvandningsomrade":[{"value":166,"label":"Lastbil"},{"value":167,"label":"PERSONBIL"}],"product_brand":[{"value":103,"label":"LUXTAR"}],"product_cat":[{"value":2839,"label":"Extraljus 9\""},{"value":2826,"label":"LUXTAR"},{"value":2822,"label":"Luxtar - Arbetsljus"},{"value":2819,"label":"Luxtar - Extraljus"},{"value":142,"label":"Extraljus"}],"pa_faktisk-effekts-forbrukning":[{"value":175,"label":"120"}],"pa_fargtemperatur":[{"value":176,"label":"5500K"}],"pa_fuktskydd-varde-ipxx":[{"value":177,"label":"IP68"}],"pa_godkannande":[{"value":297,"label":"E-godk\u00e4nd, R112, R10, R148, R149"}],"pa_lampsockel-kontakt":[{"value":181,"label":"DT-4"}],"pa_ljusbild":[{"value":178,"label":"Driving"}],"pa_stromforbrukning":[{"value":180,"label":"5A @24V"},{"value":179,"label":"8,8A @13,7V"}],"pa_volt-v":[{"value":296,"label":"9, 12, 24, 32, multivolt"}]},"featured_image_src_large":["https:\/\/xenonkungen.com\/wp-content\/uploads\/2025\/04\/216010247-origpic-7325db.png",1000,1000,false],"author_info":[],"comment_info":0,"_links":{"self":[{"href":"https:\/\/xenonkungen.com\/dk\/wp-json\/wp\/v2\/product\/947","targetHints":{"allow":["GET"]}}],"collection":[{"href":"https:\/\/xenonkungen.com\/dk\/wp-json\/wp\/v2\/product"}],"about":[{"href":"https:\/\/xenonkungen.com\/dk\/wp-json\/wp\/v2\/types\/product"}],"replies":[{"embeddable":true,"href":"https:\/\/xenonkungen.com\/dk\/wp-json\/wp\/v2\/comments?post=947"}],"wp:featuredmedia":[{"embeddable":true,"href":"https:\/\/xenonkungen.com\/dk\/wp-json\/wp\/v2\/media\/914"}],"wp:attachment":[{"href":"https:\/\/xenonkungen.com\/dk\/wp-json\/wp\/v2\/media?parent=947"}],"wp:term":[{"taxonomy":"anvandningsomrade","embeddable":true,"href":"https:\/\/xenonkungen.com\/dk\/wp-json\/wp\/v2\/anvandningsomrade?post=947"},{"taxonomy":"bilmarken","embeddable":true,"href":"https:\/\/xenonkungen.com\/dk\/wp-json\/wp\/v2\/bilmarken?post=947"},{"taxonomy":"product_brand","embeddable":true,"href":"https:\/\/xenonkungen.com\/dk\/wp-json\/wp\/v2\/product_brand?post=947"},{"taxonomy":"product_cat","embeddable":true,"href":"https:\/\/xenonkungen.com\/dk\/wp-json\/wp\/v2\/product_cat?post=947"},{"taxonomy":"product_tag","embeddable":true,"href":"https:\/\/xenonkungen.com\/dk\/wp-json\/wp\/v2\/product_tag?post=947"}],"curies":[{"name":"wp","href":"https:\/\/api.w.org\/{rel}","templated":true}]}}