{"id":9566,"date":"2025-05-20T08:02:21","date_gmt":"2025-05-20T08:02:21","guid":{"rendered":"https:\/\/xenonkungen.com\/product\/ledrampspaket-trippel-x6\/"},"modified":"2026-04-24T22:44:32","modified_gmt":"2026-04-24T21:44:32","slug":"led-rampepakke-triple-x6","status":"publish","type":"product","link":"https:\/\/xenonkungen.com\/dk\/vare\/led-rampepakke-triple-x6\/","title":{"rendered":"Led-rampepakke Triple X6"},"content":{"rendered":"<p>Luxtar X-Series LED-rampen har et unikt design og er udstyret med reflektorer med sidemonterede diodelamper, hvilket forbedrer ydeevnen betydeligt.<\/p>\n<p>60W | 6.000 lumen er de teoretiske v\u00e6rdier for den f\u00f8rste Luxtar X6, og som du kan tage i betragtning, n\u00e5r du sammenligner med andre muligheder p\u00e5 markedet (som l\u00e6gger v\u00e6gt p\u00e5 teoretiske data).<\/p>\n<p>43,2W | 2.512 lumen er de faktiske v\u00e6rdier for Luxtar Ledramp X6, og som du kan overveje ved sammenligning med halogen. 55W | 1000 lumen (+-200 lm) giver lidt over 2 gange mere lys.<\/p>\n<p>Triple X6 LED-lyspakken er en passende pakke til dig med mindre biler, eller dig med lidt st\u00f8rre biler, der \u00f8nsker en lyspakke, der ikke skuffer! Med sine fulde 7536 lumen giver den dig et lys, der svarer til over 7 almindelige fjernlys. <\/p>\n<p>LUXTAR X-serien f\u00e5s i to versioner, Spot og Driving.<br \/>Spot: er velegnet til dem, der prioriterer lys med lang r\u00e6kkevidde eller ved h\u00f8jere hastigheder, hvor fokus naturligt er p\u00e5 l\u00e6ngere afstande.<br \/>K\u00f8rsel: er til dem, der \u00f8nsker et bredere lysbillede for at sikre synligheden af vejkanten for at opdage farer s\u00e5som dyreliv eller fodg\u00e6ngere p\u00e5 vejen.<\/p>\n<p>Triple X6 har en r\u00e6kkevidde p\u00e5 1 Lux ved ca. 490 meter, hvilket falder til 0,25 Lux ved ca. 560 meter.<\/p>\n<p><strong>Godt at vide<\/strong><br \/>Dette kombinerer fordelene ved b\u00e5de Driving-reflektoren og Spot-reflektoren. Det betyder, at du f\u00e5r en lang lyskegle, samtidig med at du f\u00e5r en rigtig god bredde med Driving-lygterne. <\/p>","protected":false},"excerpt":{"rendered":"<p>Triple X6 er en ekstra let pakke til dem, der \u00f8nsker maksimal ydeevne og et slankt udseende!<\/p>\n<p>3 x 6&#039;ere med en samlet lysudbytte p\u00e5 7536 lumen giver et langt og bredt lys i en diskret pakke!<\/p>\n<p>Effekt<br \/>\n129,6 W<\/p>\n<p>M\u00e6ngde af lys<br \/>\n3x 2.512 = 7.536 \u00e6gte lumen!<\/p>\n<p>Multivolt<br \/>\n9-32V<\/p>","protected":false},"featured_media":10084,"comment_status":"closed","ping_status":"open","template":"","meta":{"_acf_changed":false,"_smort_price_nok":"3626","_smort_price_dkk":"2304","_smort_price_eur":"308.62","_smort_sale_price_nok":"","_smort_sale_price_dkk":"","_smort_sale_price_eur":"","smort_restorder":"","shipmondo_restorder":"","_kad_blocks_custom_css":"","_kad_blocks_head_custom_js":"","_kad_blocks_body_custom_js":"","_kad_blocks_footer_custom_js":"","smort_custom_pricelist_1":"2172.8","smort_custom_pricelist_2":"1765.4","smort_custom_pricelist_3":"1677.13","smort_custom_pricelist_4":"2716","smort_custom_pricelist_5":"1765.4"},"anvandningsomrade":[207,166,167,1915],"bilmarken":[168],"product_brand":[103],"product_cat":[2826,1916],"product_tag":[2726],"class_list":{"0":"post-9566","1":"product","2":"type-product","3":"status-publish","4":"has-post-thumbnail","6":"anvandningsomrade-husbil","7":"anvandningsomrade-lastbil","8":"anvandningsomrade-personbil","9":"anvandningsomrade-skapbil","10":"bilmarken-alla","11":"product_brand-luxtar","12":"product_cat-luxtar","13":"product_cat-ledrampspaket","14":"product_tag-produktpaket","15":"pa_faktisk-effekts-forbrukning-2211","16":"pa_fargtemperatur-6000k","17":"pa_fuktskydd-varde-ipxx-ip68","18":"pa_godkannande-ce-emc-rohs","19":"pa_lampsockel-kontakt-dt","20":"pa_ljusbild-driving-spot","21":"pa_storlek-mm-618x63x85","22":"pa_stromforbrukning-108a-12v","23":"pa_stromforbrukning-55a-24v","24":"pa_volt-v-10-12-24-32","26":"first","27":"outofstock","28":"taxable","29":"shipping-taxable","30":"purchasable","31":"product-type-bundle"},"bundled_by":[],"bundle_stock_status":"outofstock","bundle_stock_quantity":0,"bundle_virtual":false,"bundle_layout":"default","bundle_add_to_cart_form_location":"default","bundle_editable_in_cart":false,"bundle_sold_individually_context":"product","bundle_item_grouping":"parent","bundle_min_size":"","bundle_max_size":"","bundle_price":{"price":{"min":{"incl_tax":"2303.7","excl_tax":"1842.95942684"},"max":{"incl_tax":"2303.7","excl_tax":"1842.95942684"}},"regular_price":{"min":{"incl_tax":"2303.7","excl_tax":"1842.95942684"},"max":{"incl_tax":"2303.7","excl_tax":"1842.95942684"}}},"bundled_items":[{"bundled_item_id":320,"product_id":9721,"menu_order":0,"quantity_min":1,"quantity_max":1,"quantity_default":1,"priced_individually":false,"shipped_individually":false,"override_title":false,"title":"","override_description":false,"description":"","optional":false,"hide_thumbnail":false,"discount":null,"override_variations":false,"allowed_variations":[],"override_default_variation_attributes":false,"default_variation_attributes":[],"single_product_visibility":"visible","cart_visibility":"visible","order_visibility":"visible","single_product_price_visibility":"visible","cart_price_visibility":"visible","order_price_visibility":"visible","stock_status":"in_stock"},{"bundled_item_id":321,"product_id":9722,"menu_order":0,"quantity_min":1,"quantity_max":1,"quantity_default":1,"priced_individually":false,"shipped_individually":false,"override_title":false,"title":"","override_description":false,"description":"","optional":false,"hide_thumbnail":false,"discount":null,"override_variations":false,"allowed_variations":[],"override_default_variation_attributes":false,"default_variation_attributes":[],"single_product_visibility":"visible","cart_visibility":"visible","order_visibility":"visible","single_product_price_visibility":"visible","cart_price_visibility":"visible","order_price_visibility":"visible","stock_status":"in_stock"},{"bundled_item_id":322,"product_id":1000,"menu_order":0,"quantity_min":1,"quantity_max":1,"quantity_default":1,"priced_individually":false,"shipped_individually":false,"override_title":false,"title":"","override_description":false,"description":"","optional":false,"hide_thumbnail":false,"discount":null,"override_variations":false,"allowed_variations":[],"override_default_variation_attributes":false,"default_variation_attributes":[],"single_product_visibility":"visible","cart_visibility":"visible","order_visibility":"visible","single_product_price_visibility":"visible","cart_price_visibility":"visible","order_price_visibility":"visible","stock_status":"in_stock"},{"bundled_item_id":323,"product_id":2716,"menu_order":0,"quantity_min":1,"quantity_max":1,"quantity_default":1,"priced_individually":false,"shipped_individually":false,"override_title":false,"title":"","override_description":false,"description":"","optional":false,"hide_thumbnail":false,"discount":null,"override_variations":false,"allowed_variations":[],"override_default_variation_attributes":false,"default_variation_attributes":[],"single_product_visibility":"visible","cart_visibility":"visible","order_visibility":"visible","single_product_price_visibility":"visible","cart_price_visibility":"visible","order_price_visibility":"visible","stock_status":"on_backorder"},{"bundled_item_id":324,"product_id":1427,"menu_order":0,"quantity_min":1,"quantity_max":1,"quantity_default":1,"priced_individually":false,"shipped_individually":false,"override_title":false,"title":"","override_description":false,"description":"","optional":false,"hide_thumbnail":false,"discount":null,"override_variations":false,"allowed_variations":[],"override_default_variation_attributes":false,"default_variation_attributes":[],"single_product_visibility":"visible","cart_visibility":"visible","order_visibility":"visible","single_product_price_visibility":"visible","cart_price_visibility":"visible","order_price_visibility":"visible","stock_status":"in_stock"},{"bundled_item_id":325,"product_id":2609,"menu_order":0,"quantity_min":1,"quantity_max":1,"quantity_default":1,"priced_individually":false,"shipped_individually":false,"override_title":false,"title":"","override_description":false,"description":"","optional":false,"hide_thumbnail":false,"discount":null,"override_variations":false,"allowed_variations":[],"override_default_variation_attributes":false,"default_variation_attributes":[],"single_product_visibility":"visible","cart_visibility":"visible","order_visibility":"visible","single_product_price_visibility":"visible","cart_price_visibility":"visible","order_price_visibility":"visible","stock_status":"in_stock"}],"bundle_sell_ids":[],"acf":[],"yoast_head":"<!-- This site is optimized with the Yoast SEO plugin v27.0 - https:\/\/yoast.com\/product\/yoast-seo-wordpress\/ -->\n<title>Ledrampspaket Trippel X6 - Xenonkungen<\/title>\n<meta name=\"robots\" content=\"index, follow, max-snippet:-1, max-image-preview:large, max-video-preview:-1\" \/>\n<link rel=\"canonical\" href=\"https:\/\/xenonkungen.com\/dk\/vare\/led-rampepakke-triple-x6\/\" \/>\n<meta property=\"og:locale\" content=\"da_DK\" \/>\n<meta property=\"og:type\" content=\"article\" \/>\n<meta property=\"og:title\" content=\"Ledrampspaket Trippel X6 - Xenonkungen\" \/>\n<meta property=\"og:description\" content=\"Trippel X6 \u00e4r ett Extraljuspaket f\u00f6r den som vill ha maximal prestanda och ett slimmat utseende! 3 stycken X6 med total ljusm\u00e4ngd p\u00e5 7536 lumen ger ett l\u00e5ngt och brett ljus, i ett diskret paket! Effekt 129,6W Ljusm\u00e4ngd 3x 2 512= 7 536 Real Lumen! Multivolt 9-32V\" \/>\n<meta property=\"og:url\" content=\"https:\/\/xenonkungen.com\/dk\/vare\/led-rampepakke-triple-x6\/\" \/>\n<meta property=\"og:site_name\" content=\"Xenonkungen\" \/>\n<meta property=\"article:modified_time\" content=\"2026-04-24T21:44:32+00:00\" \/>\n<meta property=\"og:image\" content=\"https:\/\/xenonkungen.com\/wp-content\/uploads\/2025\/05\/193736351-origpic-fd857c-1.jpg\" \/>\n\t<meta property=\"og:image:width\" content=\"1000\" \/>\n\t<meta property=\"og:image:height\" content=\"667\" \/>\n\t<meta property=\"og:image:type\" content=\"image\/jpeg\" \/>\n<meta name=\"twitter:card\" content=\"summary_large_image\" \/>\n<meta name=\"twitter:label1\" content=\"Estimeret l\u00e6setid\" \/>\n\t<meta name=\"twitter:data1\" content=\"1 minut\" \/>\n<script type=\"application\/ld+json\" class=\"yoast-schema-graph\">{\"@context\":\"https:\/\/schema.org\",\"@graph\":[{\"@type\":\"WebPage\",\"@id\":\"https:\/\/xenonkungen.com\/produkt\/ledrampspaket-trippel-x6\/\",\"url\":\"https:\/\/xenonkungen.com\/produkt\/ledrampspaket-trippel-x6\/\",\"name\":\"Ledrampspaket Trippel X6 - Xenonkungen\",\"isPartOf\":{\"@id\":\"https:\/\/xenonkungen.com\/#website\"},\"primaryImageOfPage\":{\"@id\":\"https:\/\/xenonkungen.com\/produkt\/ledrampspaket-trippel-x6\/#primaryimage\"},\"image\":{\"@id\":\"https:\/\/xenonkungen.com\/produkt\/ledrampspaket-trippel-x6\/#primaryimage\"},\"thumbnailUrl\":\"https:\/\/xenonkungen.com\/wp-content\/uploads\/2025\/05\/193736351-origpic-fd857c-1.jpg\",\"datePublished\":\"2025-05-20T08:02:21+00:00\",\"dateModified\":\"2026-04-24T21:44:32+00:00\",\"breadcrumb\":{\"@id\":\"https:\/\/xenonkungen.com\/produkt\/ledrampspaket-trippel-x6\/#breadcrumb\"},\"inLanguage\":\"da-DK\",\"potentialAction\":[{\"@type\":\"ReadAction\",\"target\":[\"https:\/\/xenonkungen.com\/produkt\/ledrampspaket-trippel-x6\/\"]}]},{\"@type\":\"ImageObject\",\"inLanguage\":\"da-DK\",\"@id\":\"https:\/\/xenonkungen.com\/produkt\/ledrampspaket-trippel-x6\/#primaryimage\",\"url\":\"https:\/\/xenonkungen.com\/wp-content\/uploads\/2025\/05\/193736351-origpic-fd857c-1.jpg\",\"contentUrl\":\"https:\/\/xenonkungen.com\/wp-content\/uploads\/2025\/05\/193736351-origpic-fd857c-1.jpg\",\"width\":1000,\"height\":667},{\"@type\":\"BreadcrumbList\",\"@id\":\"https:\/\/xenonkungen.com\/produkt\/ledrampspaket-trippel-x6\/#breadcrumb\",\"itemListElement\":[{\"@type\":\"ListItem\",\"position\":1,\"name\":\"Hem\",\"item\":\"https:\/\/xenonkungen.com\/\"},{\"@type\":\"ListItem\",\"position\":2,\"name\":\"Shop\",\"item\":\"https:\/\/xenonkungen.com\/shop\/\"},{\"@type\":\"ListItem\",\"position\":3,\"name\":\"Ledrampspaket Trippel X6\"}]},{\"@type\":\"WebSite\",\"@id\":\"https:\/\/xenonkungen.com\/#website\",\"url\":\"https:\/\/xenonkungen.com\/\",\"name\":\"Xenonkungen\",\"description\":\"\",\"potentialAction\":[{\"@type\":\"SearchAction\",\"target\":{\"@type\":\"EntryPoint\",\"urlTemplate\":\"https:\/\/xenonkungen.com\/?s={search_term_string}\"},\"query-input\":{\"@type\":\"PropertyValueSpecification\",\"valueRequired\":true,\"valueName\":\"search_term_string\"}}],\"inLanguage\":\"da-DK\"}]}<\/script>\n<!-- \/ Yoast SEO plugin. -->","yoast_head_json":{"title":"LED-lyspakke Triple X6 - Xenonkungen","robots":{"index":"index","follow":"follow","max-snippet":"max-snippet:-1","max-image-preview":"max-image-preview:large","max-video-preview":"max-video-preview:-1"},"canonical":"https:\/\/xenonkungen.com\/dk\/vare\/led-rampepakke-triple-x6\/","og_locale":"da_DK","og_type":"article","og_title":"Ledrampspaket Trippel X6 - Xenonkungen","og_description":"Trippel X6 \u00e4r ett Extraljuspaket f\u00f6r den som vill ha maximal prestanda och ett slimmat utseende! 3 stycken X6 med total ljusm\u00e4ngd p\u00e5 7536 lumen ger ett l\u00e5ngt och brett ljus, i ett diskret paket! Effekt 129,6W Ljusm\u00e4ngd 3x 2 512= 7 536 Real Lumen! Multivolt 9-32V","og_url":"https:\/\/xenonkungen.com\/dk\/vare\/led-rampepakke-triple-x6\/","og_site_name":"Xenonkungen","article_modified_time":"2026-04-24T21:44:32+00:00","og_image":[{"width":1000,"height":667,"url":"https:\/\/xenonkungen.com\/wp-content\/uploads\/2025\/05\/193736351-origpic-fd857c-1.jpg","type":"image\/jpeg"}],"twitter_card":"summary_large_image","twitter_misc":{"Estimeret l\u00e6setid":"1 minut"},"schema":{"@context":"https:\/\/schema.org","@graph":[{"@type":"WebPage","@id":"https:\/\/xenonkungen.com\/produkt\/ledrampspaket-trippel-x6\/","url":"https:\/\/xenonkungen.com\/produkt\/ledrampspaket-trippel-x6\/","name":"LED-lyspakke Triple X6 - Xenonkungen","isPartOf":{"@id":"https:\/\/xenonkungen.com\/#website"},"primaryImageOfPage":{"@id":"https:\/\/xenonkungen.com\/produkt\/ledrampspaket-trippel-x6\/#primaryimage"},"image":{"@id":"https:\/\/xenonkungen.com\/produkt\/ledrampspaket-trippel-x6\/#primaryimage"},"thumbnailUrl":"https:\/\/xenonkungen.com\/wp-content\/uploads\/2025\/05\/193736351-origpic-fd857c-1.jpg","datePublished":"2025-05-20T08:02:21+00:00","dateModified":"2026-04-24T21:44:32+00:00","breadcrumb":{"@id":"https:\/\/xenonkungen.com\/produkt\/ledrampspaket-trippel-x6\/#breadcrumb"},"inLanguage":"da-DK","potentialAction":[{"@type":"ReadAction","target":["https:\/\/xenonkungen.com\/produkt\/ledrampspaket-trippel-x6\/"]}]},{"@type":"ImageObject","inLanguage":"da-DK","@id":"https:\/\/xenonkungen.com\/produkt\/ledrampspaket-trippel-x6\/#primaryimage","url":"https:\/\/xenonkungen.com\/wp-content\/uploads\/2025\/05\/193736351-origpic-fd857c-1.jpg","contentUrl":"https:\/\/xenonkungen.com\/wp-content\/uploads\/2025\/05\/193736351-origpic-fd857c-1.jpg","width":1000,"height":667},{"@type":"BreadcrumbList","@id":"https:\/\/xenonkungen.com\/produkt\/ledrampspaket-trippel-x6\/#breadcrumb","itemListElement":[{"@type":"ListItem","position":1,"name":"Hem","item":"https:\/\/xenonkungen.com\/"},{"@type":"ListItem","position":2,"name":"Shop","item":"https:\/\/xenonkungen.com\/shop\/"},{"@type":"ListItem","position":3,"name":"Ledrampspaket Trippel X6"}]},{"@type":"WebSite","@id":"https:\/\/xenonkungen.com\/#website","url":"https:\/\/xenonkungen.com\/","name":"Xenonkungen","description":"","potentialAction":[{"@type":"SearchAction","target":{"@type":"EntryPoint","urlTemplate":"https:\/\/xenonkungen.com\/?s={search_term_string}"},"query-input":{"@type":"PropertyValueSpecification","valueRequired":true,"valueName":"search_term_string"}}],"inLanguage":"da-DK"}]}},"taxonomy_info":{"anvandningsomrade":[{"value":207,"label":"Husbil"},{"value":166,"label":"Lastbil"},{"value":167,"label":"PERSONBIL"},{"value":1915,"label":"Sk\u00e5pbil"}],"bilmarken":[{"value":168,"label":"Alla"}],"product_brand":[{"value":103,"label":"LUXTAR"}],"product_cat":[{"value":2826,"label":"LUXTAR"},{"value":1916,"label":"Ledrampspaket"}],"product_tag":[{"value":2726,"label":"produktpaket"}],"pa_faktisk-effekts-forbrukning":[{"value":2211,"label":"129,6"}],"pa_fargtemperatur":[{"value":188,"label":"6000K"}],"pa_fuktskydd-varde-ipxx":[{"value":177,"label":"IP68"}],"pa_godkannande":[{"value":325,"label":"CE, EMC, RoHS"}],"pa_lampsockel-kontakt":[{"value":329,"label":"DT"}],"pa_ljusbild":[{"value":2212,"label":"Driving , Spot"}],"pa_storlek-mm":[{"value":2210,"label":"618x63x85"}],"pa_stromforbrukning":[{"value":2213,"label":"10,8A @ 12V"},{"value":2214,"label":"5,5A @ 24V"}],"pa_volt-v":[{"value":2199,"label":"10, 12, 24, 32"}]},"featured_image_src_large":["https:\/\/xenonkungen.com\/wp-content\/uploads\/2025\/05\/193736351-origpic-fd857c-1.jpg",1000,667,false],"author_info":[],"comment_info":0,"_links":{"self":[{"href":"https:\/\/xenonkungen.com\/dk\/wp-json\/wp\/v2\/product\/9566","targetHints":{"allow":["GET"]}}],"collection":[{"href":"https:\/\/xenonkungen.com\/dk\/wp-json\/wp\/v2\/product"}],"about":[{"href":"https:\/\/xenonkungen.com\/dk\/wp-json\/wp\/v2\/types\/product"}],"replies":[{"embeddable":true,"href":"https:\/\/xenonkungen.com\/dk\/wp-json\/wp\/v2\/comments?post=9566"}],"wp:featuredmedia":[{"embeddable":true,"href":"https:\/\/xenonkungen.com\/dk\/wp-json\/wp\/v2\/media\/10084"}],"wp:attachment":[{"href":"https:\/\/xenonkungen.com\/dk\/wp-json\/wp\/v2\/media?parent=9566"}],"wp:term":[{"taxonomy":"anvandningsomrade","embeddable":true,"href":"https:\/\/xenonkungen.com\/dk\/wp-json\/wp\/v2\/anvandningsomrade?post=9566"},{"taxonomy":"bilmarken","embeddable":true,"href":"https:\/\/xenonkungen.com\/dk\/wp-json\/wp\/v2\/bilmarken?post=9566"},{"taxonomy":"product_brand","embeddable":true,"href":"https:\/\/xenonkungen.com\/dk\/wp-json\/wp\/v2\/product_brand?post=9566"},{"taxonomy":"product_cat","embeddable":true,"href":"https:\/\/xenonkungen.com\/dk\/wp-json\/wp\/v2\/product_cat?post=9566"},{"taxonomy":"product_tag","embeddable":true,"href":"https:\/\/xenonkungen.com\/dk\/wp-json\/wp\/v2\/product_tag?post=9566"}],"curies":[{"name":"wp","href":"https:\/\/api.w.org\/{rel}","templated":true}]}}