{"id":9600,"date":"2025-05-20T08:02:21","date_gmt":"2025-05-20T08:02:21","guid":{"rendered":"https:\/\/xenonkungen.com\/product\/optibeam-super-captain-dual-800-paket\/"},"modified":"2026-04-19T07:13:11","modified_gmt":"2026-04-19T06:13:11","slug":"optibeam-super-captain-dual-800-pakke","status":"publish","type":"product","link":"https:\/\/xenonkungen.com\/dk\/vare\/optibeam-super-captain-dual-800-pakke\/","title":{"rendered":"Optibeam Super Captain Dual 800-pakke"},"content":{"rendered":"<h1>Optibeam Super Captain Dual 800 med DRL \u2013 Testvinder og favorit<\/h1>\n<p>Optibeam Super Captain Dual 800 med DRL er en klar testvinder og en favorit blandt bilister, der s\u00f8ger enest\u00e5ende lysudbytte og et optimalt k\u00f8relysbillede. Storebroren Dual 800 leverer hele 30.900 lumen, hvilket tilfredsstiller selv den mest kr\u00e6vende bilist og sikrer en mere forn\u00f8jelig aftenk\u00f8rsel.<\/p>\n<h2>Design og funktionalitet<\/h2>\n<p>Denne model leveres med dobbeltlysfunktion og et stilfuldt positionslys (DRL), der kan justeres mellem gul og hvid. Dens rammel\u00f8se og elegante design forbedrer ikke kun k\u00f8ret\u00f8jets \u00e6stetik, men ogs\u00e5 dets funktionalitet. E-m\u00e6rket og godkendt til brug p\u00e5 offentlige veje.<\/p>\n<h2>Alt til en enkel installation<\/h2>\n<p>Optibeam Super Captain Dual 800 med DRL er komplet med alt hvad du beh\u00f8ver for at installere! Pakken indeholder ogs\u00e5 XBB Dongel + str\u00f8mforsyning, ledningsf\u00f8ring og holder. Der medf\u00f8lger ogs\u00e5 robuste monteringsbeslag og et 3 meter installationskabel til en problemfri og nem installation p\u00e5 en r\u00e6kke forskellige k\u00f8ret\u00f8jer.<\/p>\n<h2>Indholdsfortegnelse<\/h2>\n<ul>\n<li>161101-2 x 1<\/li>\n<li>103179XR x 1<\/li>\n<li>103179 x 1<\/li>\n<li>103115 x 1<\/li>\n<li>45041 x 1<\/li>\n<li>TD1605-NS2086 x 1<\/li>","protected":false},"excerpt":{"rendered":"<p>Optibeam Super Captain Dual 800 med DRL er en klar testvinder og en favorit blandt bilister, der s\u00f8ger enest\u00e5ende lysudbytte og et optimalt k\u00f8relysbillede. Storebroren Dual 800 leverer hele 30.900 lumen, hvilket tilfredsstiller selv den mest kr\u00e6vende bilist og sikrer en mere forn\u00f8jelig aftenk\u00f8rsel.<\/p>","protected":false},"featured_media":10110,"comment_status":"closed","ping_status":"open","template":"","meta":{"_acf_changed":false,"_smort_price_nok":"8967","_smort_price_dkk":"5696","_smort_price_eur":"763.15","_smort_sale_price_nok":"","_smort_sale_price_dkk":"","_smort_sale_price_eur":"","smort_restorder":"","shipmondo_restorder":"","_kad_blocks_custom_css":"","_kad_blocks_head_custom_js":"","_kad_blocks_body_custom_js":"","_kad_blocks_footer_custom_js":"","smort_custom_pricelist_1":"6044.4","smort_custom_pricelist_2":"5037","smort_custom_pricelist_3":"5037","smort_custom_pricelist_4":"6716","smort_custom_pricelist_5":"5037"},"anvandningsomrade":[207,166,167,1915],"bilmarken":[168],"product_brand":[107],"product_cat":[2164,1916],"product_tag":[2726],"class_list":{"0":"post-9600","1":"product","2":"type-product","3":"status-publish","4":"has-post-thumbnail","6":"anvandningsomrade-husbil","7":"anvandningsomrade-lastbil","8":"anvandningsomrade-personbil","9":"anvandningsomrade-skapbil","10":"bilmarken-alla","11":"product_brand-optibeam","12":"product_cat-optibeam-super-captain","13":"product_cat-ledrampspaket","14":"product_tag-produktpaket","15":"pa_faktisk-effekts-forbrukning-1505","16":"pa_fargtemperatur-5000k","17":"pa_fuktskydd-varde-ipxx-ip68","18":"pa_godkannande-e-godkand-r112-r10-ref-50","19":"pa_lampsockel-kontakt-dtp-2","20":"pa_led-chips-effekt-w-400","21":"pa_ljusbild-driving","22":"pa_storlek-mm-766x68x73","23":"pa_stromforbrukning-2245a-137v","24":"pa_volt-v-9-12-24-32-36","26":"first","27":"onbackorder","28":"taxable","29":"shipping-taxable","30":"purchasable","31":"product-type-bundle"},"bundled_by":[],"bundle_stock_status":"instock","bundle_stock_quantity":"","bundle_virtual":false,"bundle_layout":"default","bundle_add_to_cart_form_location":"default","bundle_editable_in_cart":false,"bundle_sold_individually_context":"product","bundle_item_grouping":"parent","bundle_min_size":"","bundle_max_size":"","bundle_price":{"price":{"min":{"incl_tax":"5696.49","excl_tax":"4557.18538684"},"max":{"incl_tax":"5696.49","excl_tax":"4557.18538684"}},"regular_price":{"min":{"incl_tax":"5696.49","excl_tax":"4557.18538684"},"max":{"incl_tax":"5696.49","excl_tax":"4557.18538684"}}},"bundled_items":[{"bundled_item_id":350,"product_id":4910,"menu_order":0,"quantity_min":1,"quantity_max":1,"quantity_default":1,"priced_individually":false,"shipped_individually":false,"override_title":false,"title":"","override_description":false,"description":"","optional":false,"hide_thumbnail":false,"discount":null,"override_variations":false,"allowed_variations":[],"override_default_variation_attributes":false,"default_variation_attributes":[],"single_product_visibility":"visible","cart_visibility":"visible","order_visibility":"visible","single_product_price_visibility":"visible","cart_price_visibility":"visible","order_price_visibility":"visible","stock_status":"in_stock"},{"bundled_item_id":351,"product_id":991,"menu_order":0,"quantity_min":1,"quantity_max":1,"quantity_default":1,"priced_individually":false,"shipped_individually":false,"override_title":false,"title":"","override_description":false,"description":"","optional":false,"hide_thumbnail":false,"discount":null,"override_variations":false,"allowed_variations":[],"override_default_variation_attributes":false,"default_variation_attributes":[],"single_product_visibility":"visible","cart_visibility":"visible","order_visibility":"visible","single_product_price_visibility":"visible","cart_price_visibility":"visible","order_price_visibility":"visible","stock_status":"on_backorder"},{"bundled_item_id":352,"product_id":1415,"menu_order":0,"quantity_min":1,"quantity_max":1,"quantity_default":1,"priced_individually":false,"shipped_individually":false,"override_title":false,"title":"","override_description":false,"description":"","optional":false,"hide_thumbnail":false,"discount":null,"override_variations":false,"allowed_variations":[],"override_default_variation_attributes":false,"default_variation_attributes":[],"single_product_visibility":"visible","cart_visibility":"visible","order_visibility":"visible","single_product_price_visibility":"visible","cart_price_visibility":"visible","order_price_visibility":"visible","stock_status":"in_stock"},{"bundled_item_id":353,"product_id":3043,"menu_order":0,"quantity_min":1,"quantity_max":1,"quantity_default":1,"priced_individually":false,"shipped_individually":false,"override_title":false,"title":"","override_description":false,"description":"","optional":false,"hide_thumbnail":false,"discount":null,"override_variations":false,"allowed_variations":[],"override_default_variation_attributes":false,"default_variation_attributes":[],"single_product_visibility":"visible","cart_visibility":"visible","order_visibility":"visible","single_product_price_visibility":"visible","cart_price_visibility":"visible","order_price_visibility":"visible","stock_status":"on_backorder"},{"bundled_item_id":354,"product_id":1538,"menu_order":0,"quantity_min":1,"quantity_max":1,"quantity_default":1,"priced_individually":false,"shipped_individually":false,"override_title":false,"title":"","override_description":false,"description":"","optional":false,"hide_thumbnail":false,"discount":null,"override_variations":false,"allowed_variations":[],"override_default_variation_attributes":false,"default_variation_attributes":[],"single_product_visibility":"visible","cart_visibility":"visible","order_visibility":"visible","single_product_price_visibility":"visible","cart_price_visibility":"visible","order_price_visibility":"visible","stock_status":"on_backorder"},{"bundled_item_id":355,"product_id":2603,"menu_order":0,"quantity_min":1,"quantity_max":1,"quantity_default":1,"priced_individually":false,"shipped_individually":false,"override_title":false,"title":"","override_description":false,"description":"","optional":false,"hide_thumbnail":false,"discount":null,"override_variations":false,"allowed_variations":[],"override_default_variation_attributes":false,"default_variation_attributes":[],"single_product_visibility":"visible","cart_visibility":"visible","order_visibility":"visible","single_product_price_visibility":"visible","cart_price_visibility":"visible","order_price_visibility":"visible","stock_status":"on_backorder"}],"bundle_sell_ids":[],"acf":[],"yoast_head":"<!-- This site is optimized with the Yoast SEO plugin v27.0 - https:\/\/yoast.com\/product\/yoast-seo-wordpress\/ -->\n<title>Optibeam Super Captain Dual 800 Paket - Xenonkungen<\/title>\n<meta name=\"robots\" content=\"index, follow, max-snippet:-1, max-image-preview:large, max-video-preview:-1\" \/>\n<link rel=\"canonical\" href=\"https:\/\/xenonkungen.com\/dk\/vare\/optibeam-super-captain-dual-800-pakke\/\" \/>\n<meta property=\"og:locale\" content=\"da_DK\" \/>\n<meta property=\"og:type\" content=\"article\" \/>\n<meta property=\"og:title\" content=\"Optibeam Super Captain Dual 800 Paket - Xenonkungen\" \/>\n<meta property=\"og:description\" content=\"Optibeam Super Captain Dual 800 med DRL \u00e4r en solklar testvinnare och en favorit bland bilf\u00f6rare som s\u00f6ker enast\u00e5ende ljusfl\u00f6de och en optimal driving ljusbild. Storebror Dual 800 levererar massiva 30 900 lumen, tillfredsst\u00e4ller den mest kr\u00e4vande bilf\u00f6raren samtidigt som den s\u00e4kerst\u00e4ller en trevligare kv\u00e4llsk\u00f6rning.\" \/>\n<meta property=\"og:url\" content=\"https:\/\/xenonkungen.com\/dk\/vare\/optibeam-super-captain-dual-800-pakke\/\" \/>\n<meta property=\"og:site_name\" content=\"Xenonkungen\" \/>\n<meta property=\"article:modified_time\" content=\"2026-04-19T06:13:11+00:00\" \/>\n<meta property=\"og:image\" content=\"https:\/\/xenonkungen.com\/wp-content\/uploads\/2025\/05\/JOC_5018021_23764531-1.jpg\" \/>\n\t<meta property=\"og:image:width\" content=\"476\" \/>\n\t<meta property=\"og:image:height\" content=\"357\" \/>\n\t<meta property=\"og:image:type\" content=\"image\/jpeg\" \/>\n<meta name=\"twitter:card\" content=\"summary_large_image\" \/>\n<meta name=\"twitter:label1\" content=\"Estimeret l\u00e6setid\" \/>\n\t<meta name=\"twitter:data1\" content=\"1 minut\" \/>\n<script type=\"application\/ld+json\" class=\"yoast-schema-graph\">{\"@context\":\"https:\/\/schema.org\",\"@graph\":[{\"@type\":\"WebPage\",\"@id\":\"https:\/\/xenonkungen.com\/produkt\/optibeam-super-captain-dual-800-paket\/\",\"url\":\"https:\/\/xenonkungen.com\/produkt\/optibeam-super-captain-dual-800-paket\/\",\"name\":\"Optibeam Super Captain Dual 800 Paket - Xenonkungen\",\"isPartOf\":{\"@id\":\"https:\/\/xenonkungen.com\/#website\"},\"primaryImageOfPage\":{\"@id\":\"https:\/\/xenonkungen.com\/produkt\/optibeam-super-captain-dual-800-paket\/#primaryimage\"},\"image\":{\"@id\":\"https:\/\/xenonkungen.com\/produkt\/optibeam-super-captain-dual-800-paket\/#primaryimage\"},\"thumbnailUrl\":\"https:\/\/xenonkungen.com\/wp-content\/uploads\/2025\/05\/JOC_5018021_23764531-1.jpg\",\"datePublished\":\"2025-05-20T08:02:21+00:00\",\"dateModified\":\"2026-04-19T06:13:11+00:00\",\"breadcrumb\":{\"@id\":\"https:\/\/xenonkungen.com\/produkt\/optibeam-super-captain-dual-800-paket\/#breadcrumb\"},\"inLanguage\":\"da-DK\",\"potentialAction\":[{\"@type\":\"ReadAction\",\"target\":[\"https:\/\/xenonkungen.com\/produkt\/optibeam-super-captain-dual-800-paket\/\"]}]},{\"@type\":\"ImageObject\",\"inLanguage\":\"da-DK\",\"@id\":\"https:\/\/xenonkungen.com\/produkt\/optibeam-super-captain-dual-800-paket\/#primaryimage\",\"url\":\"https:\/\/xenonkungen.com\/wp-content\/uploads\/2025\/05\/JOC_5018021_23764531-1.jpg\",\"contentUrl\":\"https:\/\/xenonkungen.com\/wp-content\/uploads\/2025\/05\/JOC_5018021_23764531-1.jpg\",\"width\":476,\"height\":357},{\"@type\":\"BreadcrumbList\",\"@id\":\"https:\/\/xenonkungen.com\/produkt\/optibeam-super-captain-dual-800-paket\/#breadcrumb\",\"itemListElement\":[{\"@type\":\"ListItem\",\"position\":1,\"name\":\"Hem\",\"item\":\"https:\/\/xenonkungen.com\/\"},{\"@type\":\"ListItem\",\"position\":2,\"name\":\"Shop\",\"item\":\"https:\/\/xenonkungen.com\/shop\/\"},{\"@type\":\"ListItem\",\"position\":3,\"name\":\"Optibeam Super Captain Dual 800 Paket\"}]},{\"@type\":\"WebSite\",\"@id\":\"https:\/\/xenonkungen.com\/#website\",\"url\":\"https:\/\/xenonkungen.com\/\",\"name\":\"Xenonkungen\",\"description\":\"\",\"potentialAction\":[{\"@type\":\"SearchAction\",\"target\":{\"@type\":\"EntryPoint\",\"urlTemplate\":\"https:\/\/xenonkungen.com\/?s={search_term_string}\"},\"query-input\":{\"@type\":\"PropertyValueSpecification\",\"valueRequired\":true,\"valueName\":\"search_term_string\"}}],\"inLanguage\":\"da-DK\"}]}<\/script>\n<!-- \/ Yoast SEO plugin. -->","yoast_head_json":{"title":"Optibeam Super Captain Dual 800-pakke - Xenon-kongen","robots":{"index":"index","follow":"follow","max-snippet":"max-snippet:-1","max-image-preview":"max-image-preview:large","max-video-preview":"max-video-preview:-1"},"canonical":"https:\/\/xenonkungen.com\/dk\/vare\/optibeam-super-captain-dual-800-pakke\/","og_locale":"da_DK","og_type":"article","og_title":"Optibeam Super Captain Dual 800 Paket - Xenonkungen","og_description":"Optibeam Super Captain Dual 800 med DRL \u00e4r en solklar testvinnare och en favorit bland bilf\u00f6rare som s\u00f6ker enast\u00e5ende ljusfl\u00f6de och en optimal driving ljusbild. Storebror Dual 800 levererar massiva 30 900 lumen, tillfredsst\u00e4ller den mest kr\u00e4vande bilf\u00f6raren samtidigt som den s\u00e4kerst\u00e4ller en trevligare kv\u00e4llsk\u00f6rning.","og_url":"https:\/\/xenonkungen.com\/dk\/vare\/optibeam-super-captain-dual-800-pakke\/","og_site_name":"Xenonkungen","article_modified_time":"2026-04-19T06:13:11+00:00","og_image":[{"width":476,"height":357,"url":"https:\/\/xenonkungen.com\/wp-content\/uploads\/2025\/05\/JOC_5018021_23764531-1.jpg","type":"image\/jpeg"}],"twitter_card":"summary_large_image","twitter_misc":{"Estimeret l\u00e6setid":"1 minut"},"schema":{"@context":"https:\/\/schema.org","@graph":[{"@type":"WebPage","@id":"https:\/\/xenonkungen.com\/produkt\/optibeam-super-captain-dual-800-paket\/","url":"https:\/\/xenonkungen.com\/produkt\/optibeam-super-captain-dual-800-paket\/","name":"Optibeam Super Captain Dual 800-pakke - Xenon-kongen","isPartOf":{"@id":"https:\/\/xenonkungen.com\/#website"},"primaryImageOfPage":{"@id":"https:\/\/xenonkungen.com\/produkt\/optibeam-super-captain-dual-800-paket\/#primaryimage"},"image":{"@id":"https:\/\/xenonkungen.com\/produkt\/optibeam-super-captain-dual-800-paket\/#primaryimage"},"thumbnailUrl":"https:\/\/xenonkungen.com\/wp-content\/uploads\/2025\/05\/JOC_5018021_23764531-1.jpg","datePublished":"2025-05-20T08:02:21+00:00","dateModified":"2026-04-19T06:13:11+00:00","breadcrumb":{"@id":"https:\/\/xenonkungen.com\/produkt\/optibeam-super-captain-dual-800-paket\/#breadcrumb"},"inLanguage":"da-DK","potentialAction":[{"@type":"ReadAction","target":["https:\/\/xenonkungen.com\/produkt\/optibeam-super-captain-dual-800-paket\/"]}]},{"@type":"ImageObject","inLanguage":"da-DK","@id":"https:\/\/xenonkungen.com\/produkt\/optibeam-super-captain-dual-800-paket\/#primaryimage","url":"https:\/\/xenonkungen.com\/wp-content\/uploads\/2025\/05\/JOC_5018021_23764531-1.jpg","contentUrl":"https:\/\/xenonkungen.com\/wp-content\/uploads\/2025\/05\/JOC_5018021_23764531-1.jpg","width":476,"height":357},{"@type":"BreadcrumbList","@id":"https:\/\/xenonkungen.com\/produkt\/optibeam-super-captain-dual-800-paket\/#breadcrumb","itemListElement":[{"@type":"ListItem","position":1,"name":"Hem","item":"https:\/\/xenonkungen.com\/"},{"@type":"ListItem","position":2,"name":"Shop","item":"https:\/\/xenonkungen.com\/shop\/"},{"@type":"ListItem","position":3,"name":"Optibeam Super Captain Dual 800 Paket"}]},{"@type":"WebSite","@id":"https:\/\/xenonkungen.com\/#website","url":"https:\/\/xenonkungen.com\/","name":"Xenonkungen","description":"","potentialAction":[{"@type":"SearchAction","target":{"@type":"EntryPoint","urlTemplate":"https:\/\/xenonkungen.com\/?s={search_term_string}"},"query-input":{"@type":"PropertyValueSpecification","valueRequired":true,"valueName":"search_term_string"}}],"inLanguage":"da-DK"}]}},"taxonomy_info":{"anvandningsomrade":[{"value":207,"label":"Husbil"},{"value":166,"label":"Lastbil"},{"value":167,"label":"PERSONBIL"},{"value":1915,"label":"Sk\u00e5pbil"}],"bilmarken":[{"value":168,"label":"Alla"}],"product_brand":[{"value":107,"label":"Optibeam"}],"product_cat":[{"value":2164,"label":"OPTIBEAM Super Captain"},{"value":1916,"label":"Ledrampspaket"}],"product_tag":[{"value":2726,"label":"produktpaket"}],"pa_faktisk-effekts-forbrukning":[{"value":1505,"label":"307"}],"pa_fargtemperatur":[{"value":154,"label":"5000K"}],"pa_fuktskydd-varde-ipxx":[{"value":177,"label":"IP68"}],"pa_godkannande":[{"value":1503,"label":"E-godk\u00e4nd (R112, R10,) ref.50"}],"pa_lampsockel-kontakt":[{"value":2225,"label":"DTP-2"}],"pa_led-chips-effekt-w":[{"value":400,"label":"108"}],"pa_ljusbild":[{"value":178,"label":"Driving"}],"pa_storlek-mm":[{"value":2223,"label":"766x68x73"}],"pa_stromforbrukning":[{"value":2224,"label":"22,45A @ 13,7V"}],"pa_volt-v":[{"value":2219,"label":"9, 12, 24, 32, 36"}]},"featured_image_src_large":["https:\/\/xenonkungen.com\/wp-content\/uploads\/2025\/05\/JOC_5018021_23764531-1.jpg",476,357,false],"author_info":[],"comment_info":0,"_links":{"self":[{"href":"https:\/\/xenonkungen.com\/dk\/wp-json\/wp\/v2\/product\/9600","targetHints":{"allow":["GET"]}}],"collection":[{"href":"https:\/\/xenonkungen.com\/dk\/wp-json\/wp\/v2\/product"}],"about":[{"href":"https:\/\/xenonkungen.com\/dk\/wp-json\/wp\/v2\/types\/product"}],"replies":[{"embeddable":true,"href":"https:\/\/xenonkungen.com\/dk\/wp-json\/wp\/v2\/comments?post=9600"}],"wp:featuredmedia":[{"embeddable":true,"href":"https:\/\/xenonkungen.com\/dk\/wp-json\/wp\/v2\/media\/10110"}],"wp:attachment":[{"href":"https:\/\/xenonkungen.com\/dk\/wp-json\/wp\/v2\/media?parent=9600"}],"wp:term":[{"taxonomy":"anvandningsomrade","embeddable":true,"href":"https:\/\/xenonkungen.com\/dk\/wp-json\/wp\/v2\/anvandningsomrade?post=9600"},{"taxonomy":"bilmarken","embeddable":true,"href":"https:\/\/xenonkungen.com\/dk\/wp-json\/wp\/v2\/bilmarken?post=9600"},{"taxonomy":"product_brand","embeddable":true,"href":"https:\/\/xenonkungen.com\/dk\/wp-json\/wp\/v2\/product_brand?post=9600"},{"taxonomy":"product_cat","embeddable":true,"href":"https:\/\/xenonkungen.com\/dk\/wp-json\/wp\/v2\/product_cat?post=9600"},{"taxonomy":"product_tag","embeddable":true,"href":"https:\/\/xenonkungen.com\/dk\/wp-json\/wp\/v2\/product_tag?post=9600"}],"curies":[{"name":"wp","href":"https:\/\/api.w.org\/{rel}","templated":true}]}}